{"id":94861,"date":"2026-03-19T12:34:30","date_gmt":"2026-03-19T10:34:30","guid":{"rendered":"https:\/\/kidsplay.lt\/produktas\/woopie-3-viename-arkadinis-zaidimas-genio-formos-kramtukas-kudikio-traukiamas-vezimelis-ir-barskuciu-zaidimas\/"},"modified":"2026-04-13T13:58:20","modified_gmt":"2026-04-13T10:58:20","slug":"woopie-3-viename-arkadinis-zaidimas-genio-formos-kramtukas-kudikio-traukiamas-vezimelis-ir-barskuciu-zaidimas","status":"publish","type":"product","link":"https:\/\/kidsplay.lt\/lv\/products\/woopie-3-viename-arkadinis-zaidimas-genio-formos-kramtukas-kudikio-traukiamas-vezimelis-ir-barskuciu-zaidimas\/","title":{"rendered":"\u201eWOOPIE\u201c 3 viename arkadinis \u017eaidimas \u2013 genio formos kramtukas, k\u016bdikio traukiamas ve\u017eim\u0117lis ir bar\u0161ku\u010di\u0173 \u017eaidimas"},"content":{"rendered":"<p>\u0160is \u201eWOOPIE\u201c 3 viename \u017eaislas \u2013 puikus b\u016bdas skatinti vaiko vystym\u0105si \u017eaid\u017eiant. Jis gali lyd\u0117ti ma\u017eyl\u012f per pirmuosius gyvenimo etapus. Traukiklis idealiai tinka patiems ma\u017eiausiems \u2013 d\u0117l tyliai riedan\u010di\u0173, neslystan\u010di\u0173 ratuk\u0173 jiems nebus sunku tempti ve\u017eim\u0117l\u012f. Ma\u017eesni vaikai taip pat d\u017eiaugsis plaktuko funkcija. Rinkinyje yra saugus plaktukas, skirtas \u012fkalti vabaliukus, su papildoma apsauga. Vyresniems vaikams skirtas \u012fg\u016bd\u017ei\u0173 \u017eaidimas \u2013 reikia su magnetiniu geniu i\u0161 med\u017eio skylu\u010di\u0173 i\u0161traukti pasisl\u0117pusius vabaliukus ir v\u0117l \u012fstatyti juos \u012f pauk\u0161\u010dio snap\u0105. Paprastos taisykl\u0117s ir intuityvi valdymo sistema daro \u017eaidim\u0105 tinkam\u0105 beveik visiems. \u017daidimas moko per \u017eaidim\u0105 \u2013 lavina pusiausvyr\u0105, smulki\u0105j\u0105 motorik\u0105 ir regos \u012fg\u016bd\u017eius. \u017daislas yra tikras i\u0161\u0161\u016bkis ma\u017eyliams, reikalaujantis susikaupimo ir rank\u0173 miklumo, ta\u010diau kartu labai \u012ftraukiantis.<br \/>\nRaksturojums:<\/p>\n<p>\u017eaislas skirtas nuo 18 m\u0117nesi\u0173,<\/p>\n<p>3 viename \u2013 magnetinis arkadinis \u017eaidimas, lazdel\u0117, traukiklis,<\/p>\n<p>tyl\u016bs ir neslystantys ratukai,<\/p>\n<p>saugus plaktukas vaikams,<\/p>\n<p>moko \u017eaid\u017eiant \u2013 lavina pusiausvyr\u0105, motorik\u0105 ir regos \u012fg\u016bd\u017eius.<\/p>\n<p>Komplekt\u0101 ietilpst:<\/p>\n<p>ve\u017eim\u0117lis \/ r\u0105stas,<\/p>\n<p>8 kirminai,<\/p>\n<p>plaktukas + apsauga,<\/p>\n<p>rankena + traukimo virv\u0117.<\/p>","protected":false},"excerpt":{"rendered":"<p>\u0160is \u201eWOOPIE\u201c 3 viename \u017eaislas \u2013 puikus b\u016bdas skatinti vaiko vystym\u0105si \u017eaid\u017eiant. Jis gali lyd\u0117ti ma\u017eyl\u012f per pirmuosius gyvenimo etapus.<\/p>","protected":false},"featured_media":94863,"template":"","meta":{"_acf_changed":false,"_glsr_average":0,"_glsr_ranking":0,"_glsr_reviews":0},"product_brand":[],"product_cat":[396,229],"product_tag":[],"class_list":{"0":"post-94861","1":"product","2":"type-product","3":"status-publish","4":"has-post-thumbnail","6":"product_cat-kudikiu-zaislai-vaikams2","7":"product_cat-zaislai-vaikams","8":"\"style=\"background-color: #2ecc711c;\"","10":"first","11":"instock","12":"purchasable","13":"product-type-simple"},"acf":[],"yoast_head":"<!-- This site is optimized with the Yoast SEO plugin v27.4 - https:\/\/yoast.com\/product\/yoast-seo-wordpress\/ -->\n<title>\u201eWOOPIE\u201c 3 viename arkadinis \u017eaidimas \u2013 genio formos kramtukas, k\u016bdikio traukiamas ve\u017eim\u0117lis ir bar\u0161ku\u010di\u0173 \u017eaidimas<\/title>\n<meta name=\"description\" content=\"\u201eWOOPIE\u201c 3 viename arkadinis \u017eaidimas \u2013 genio formos kramtukas, k\u016bdikio traukiamas ve\u017eim\u0117lis ir bar\u0161ku\u010di\u0173 \u017eaidimas - KidsPlay. Did\u017eiausias vaik\u0173 \u017eaisl\u0173 pasirinkimas.\" \/>\n<meta name=\"robots\" content=\"index, follow, max-snippet:-1, max-image-preview:large, max-video-preview:-1\" \/>\n<link rel=\"canonical\" href=\"https:\/\/kidsplay.lt\/lv\/products\/woopie-3-viename-arkadinis-zaidimas-genio-formos-kramtukas-kudikio-traukiamas-vezimelis-ir-barskuciu-zaidimas\/\" \/>\n<meta property=\"og:locale\" content=\"lv_LV\" \/>\n<meta property=\"og:type\" content=\"article\" \/>\n<meta property=\"og:title\" content=\"\u201eWOOPIE\u201c 3 viename arkadinis \u017eaidimas \u2013 genio formos kramtukas, k\u016bdikio traukiamas ve\u017eim\u0117lis ir bar\u0161ku\u010di\u0173 \u017eaidimas\" \/>\n<meta property=\"og:description\" content=\"\u201eWOOPIE\u201c 3 viename arkadinis \u017eaidimas \u2013 genio formos kramtukas, k\u016bdikio traukiamas ve\u017eim\u0117lis ir bar\u0161ku\u010di\u0173 \u017eaidimas - KidsPlay. Did\u017eiausias vaik\u0173 \u017eaisl\u0173 pasirinkimas.\" \/>\n<meta property=\"og:url\" content=\"https:\/\/kidsplay.lt\/lv\/products\/woopie-3-viename-arkadinis-zaidimas-genio-formos-kramtukas-kudikio-traukiamas-vezimelis-ir-barskuciu-zaidimas\/\" \/>\n<meta property=\"og:site_name\" content=\"KidsPlay\" \/>\n<meta property=\"article:publisher\" content=\"https:\/\/www.facebook.com\/www.kidsplay.lt\" \/>\n<meta property=\"article:modified_time\" content=\"2026-04-13T10:58:20+00:00\" \/>\n<meta property=\"og:image\" content=\"https:\/\/kidsplay.lt\/wp-content\/uploads\/2026\/03\/\u201eWOOPIE-3-viename-arkadinis-zaidimas-\u2013-genio-formos-kramtukas-kudikio-traukiamas-vezimelis-ir-barskuciu-zaidimas.jpg\" \/>\n\t<meta property=\"og:image:width\" content=\"604\" \/>\n\t<meta property=\"og:image:height\" content=\"586\" \/>\n\t<meta property=\"og:image:type\" content=\"image\/jpeg\" \/>\n<meta name=\"twitter:card\" content=\"summary_large_image\" \/>\n<meta name=\"twitter:label1\" content=\"Est. reading time\" \/>\n\t<meta name=\"twitter:data1\" content=\"1 min\u016bte\" \/>\n<script type=\"application\/ld+json\" class=\"yoast-schema-graph\">{\"@context\":\"https:\\\/\\\/schema.org\",\"@graph\":[{\"@type\":\"WebPage\",\"@id\":\"https:\\\/\\\/kidsplay.lt\\\/produktas\\\/woopie-3-viename-arkadinis-zaidimas-genio-formos-kramtukas-kudikio-traukiamas-vezimelis-ir-barskuciu-zaidimas\\\/\",\"url\":\"https:\\\/\\\/kidsplay.lt\\\/produktas\\\/woopie-3-viename-arkadinis-zaidimas-genio-formos-kramtukas-kudikio-traukiamas-vezimelis-ir-barskuciu-zaidimas\\\/\",\"name\":\"\u201eWOOPIE\u201c 3 viename arkadinis \u017eaidimas \u2013 genio formos kramtukas, k\u016bdikio traukiamas ve\u017eim\u0117lis ir bar\u0161ku\u010di\u0173 \u017eaidimas\",\"isPartOf\":{\"@id\":\"https:\\\/\\\/kidsplay.lt\\\/#website\"},\"primaryImageOfPage\":{\"@id\":\"https:\\\/\\\/kidsplay.lt\\\/produktas\\\/woopie-3-viename-arkadinis-zaidimas-genio-formos-kramtukas-kudikio-traukiamas-vezimelis-ir-barskuciu-zaidimas\\\/#primaryimage\"},\"image\":{\"@id\":\"https:\\\/\\\/kidsplay.lt\\\/produktas\\\/woopie-3-viename-arkadinis-zaidimas-genio-formos-kramtukas-kudikio-traukiamas-vezimelis-ir-barskuciu-zaidimas\\\/#primaryimage\"},\"thumbnailUrl\":\"https:\\\/\\\/kidsplay.lt\\\/wp-content\\\/uploads\\\/2026\\\/03\\\/\u201eWOOPIE-3-viename-arkadinis-zaidimas-\u2013-genio-formos-kramtukas-kudikio-traukiamas-vezimelis-ir-barskuciu-zaidimas.jpg\",\"datePublished\":\"2026-03-19T10:34:30+00:00\",\"dateModified\":\"2026-04-13T10:58:20+00:00\",\"description\":\"\u201eWOOPIE\u201c 3 viename arkadinis \u017eaidimas \u2013 genio formos kramtukas, k\u016bdikio traukiamas ve\u017eim\u0117lis ir bar\u0161ku\u010di\u0173 \u017eaidimas - KidsPlay. Did\u017eiausias vaik\u0173 \u017eaisl\u0173 pasirinkimas.\",\"breadcrumb\":{\"@id\":\"https:\\\/\\\/kidsplay.lt\\\/produktas\\\/woopie-3-viename-arkadinis-zaidimas-genio-formos-kramtukas-kudikio-traukiamas-vezimelis-ir-barskuciu-zaidimas\\\/#breadcrumb\"},\"inLanguage\":\"lv-LV\",\"potentialAction\":[{\"@type\":\"ReadAction\",\"target\":[\"https:\\\/\\\/kidsplay.lt\\\/produktas\\\/woopie-3-viename-arkadinis-zaidimas-genio-formos-kramtukas-kudikio-traukiamas-vezimelis-ir-barskuciu-zaidimas\\\/\"]}]},{\"@type\":\"ImageObject\",\"inLanguage\":\"lv-LV\",\"@id\":\"https:\\\/\\\/kidsplay.lt\\\/produktas\\\/woopie-3-viename-arkadinis-zaidimas-genio-formos-kramtukas-kudikio-traukiamas-vezimelis-ir-barskuciu-zaidimas\\\/#primaryimage\",\"url\":\"https:\\\/\\\/kidsplay.lt\\\/wp-content\\\/uploads\\\/2026\\\/03\\\/\u201eWOOPIE-3-viename-arkadinis-zaidimas-\u2013-genio-formos-kramtukas-kudikio-traukiamas-vezimelis-ir-barskuciu-zaidimas.jpg\",\"contentUrl\":\"https:\\\/\\\/kidsplay.lt\\\/wp-content\\\/uploads\\\/2026\\\/03\\\/\u201eWOOPIE-3-viename-arkadinis-zaidimas-\u2013-genio-formos-kramtukas-kudikio-traukiamas-vezimelis-ir-barskuciu-zaidimas.jpg\",\"width\":604,\"height\":586,\"caption\":\"\u201eWOOPIE\u201c 3 viename arkadinis \u017eaidimas \u2013 genio formos kramtukas\"},{\"@type\":\"BreadcrumbList\",\"@id\":\"https:\\\/\\\/kidsplay.lt\\\/produktas\\\/woopie-3-viename-arkadinis-zaidimas-genio-formos-kramtukas-kudikio-traukiamas-vezimelis-ir-barskuciu-zaidimas\\\/#breadcrumb\",\"itemListElement\":[{\"@type\":\"ListItem\",\"position\":1,\"name\":\"Pagrindinis\",\"item\":\"https:\\\/\\\/kidsplay.lt\\\/\"},{\"@type\":\"ListItem\",\"position\":2,\"name\":\"Parduotuv\u0117\",\"item\":\"https:\\\/\\\/kidsplay.lt\\\/parduotuve\\\/\"},{\"@type\":\"ListItem\",\"position\":3,\"name\":\"\u201eWOOPIE\u201c 3 viename arkadinis \u017eaidimas \u2013 genio formos kramtukas, k\u016bdikio traukiamas ve\u017eim\u0117lis ir bar\u0161ku\u010di\u0173 \u017eaidimas\"}]},{\"@type\":\"WebSite\",\"@id\":\"https:\\\/\\\/kidsplay.lt\\\/#website\",\"url\":\"https:\\\/\\\/kidsplay.lt\\\/\",\"name\":\"Kidsplay.lt\",\"description\":\"\u012evairios prek\u0117s vaikams\",\"publisher\":{\"@id\":\"https:\\\/\\\/kidsplay.lt\\\/#organization\"},\"alternateName\":\"Kidsplay\",\"potentialAction\":[{\"@type\":\"SearchAction\",\"target\":{\"@type\":\"EntryPoint\",\"urlTemplate\":\"https:\\\/\\\/kidsplay.lt\\\/?s={search_term_string}\"},\"query-input\":{\"@type\":\"PropertyValueSpecification\",\"valueRequired\":true,\"valueName\":\"search_term_string\"}}],\"inLanguage\":\"lv-LV\"},{\"@type\":\"Organization\",\"@id\":\"https:\\\/\\\/kidsplay.lt\\\/#organization\",\"name\":\"KidsPlay\",\"url\":\"https:\\\/\\\/kidsplay.lt\\\/\",\"logo\":{\"@type\":\"ImageObject\",\"inLanguage\":\"lv-LV\",\"@id\":\"https:\\\/\\\/kidsplay.lt\\\/#\\\/schema\\\/logo\\\/image\\\/\",\"url\":\"https:\\\/\\\/kidsplay.lt\\\/wp-content\\\/uploads\\\/2023\\\/07\\\/kidsplay-logo.png\",\"contentUrl\":\"https:\\\/\\\/kidsplay.lt\\\/wp-content\\\/uploads\\\/2023\\\/07\\\/kidsplay-logo.png\",\"width\":451,\"height\":98,\"caption\":\"KidsPlay\"},\"image\":{\"@id\":\"https:\\\/\\\/kidsplay.lt\\\/#\\\/schema\\\/logo\\\/image\\\/\"},\"sameAs\":[\"https:\\\/\\\/www.facebook.com\\\/www.kidsplay.lt\"]}]}<\/script>\n<!-- \/ Yoast SEO plugin. -->","yoast_head_json":{"title":"\u201eWOOPIE\u201c 3 viename arkadinis \u017eaidimas \u2013 genio formos kramtukas, k\u016bdikio traukiamas ve\u017eim\u0117lis ir bar\u0161ku\u010di\u0173 \u017eaidimas","description":"\u201eWOOPIE\u201c 3 viename arkadinis \u017eaidimas \u2013 genio formos kramtukas, k\u016bdikio traukiamas ve\u017eim\u0117lis ir bar\u0161ku\u010di\u0173 \u017eaidimas - KidsPlay. Did\u017eiausias vaik\u0173 \u017eaisl\u0173 pasirinkimas.","robots":{"index":"index","follow":"follow","max-snippet":"max-snippet:-1","max-image-preview":"max-image-preview:large","max-video-preview":"max-video-preview:-1"},"canonical":"https:\/\/kidsplay.lt\/lv\/products\/woopie-3-viename-arkadinis-zaidimas-genio-formos-kramtukas-kudikio-traukiamas-vezimelis-ir-barskuciu-zaidimas\/","og_locale":"lv_LV","og_type":"article","og_title":"\u201eWOOPIE\u201c 3 viename arkadinis \u017eaidimas \u2013 genio formos kramtukas, k\u016bdikio traukiamas ve\u017eim\u0117lis ir bar\u0161ku\u010di\u0173 \u017eaidimas","og_description":"\u201eWOOPIE\u201c 3 viename arkadinis \u017eaidimas \u2013 genio formos kramtukas, k\u016bdikio traukiamas ve\u017eim\u0117lis ir bar\u0161ku\u010di\u0173 \u017eaidimas - KidsPlay. Did\u017eiausias vaik\u0173 \u017eaisl\u0173 pasirinkimas.","og_url":"https:\/\/kidsplay.lt\/lv\/products\/woopie-3-viename-arkadinis-zaidimas-genio-formos-kramtukas-kudikio-traukiamas-vezimelis-ir-barskuciu-zaidimas\/","og_site_name":"KidsPlay","article_publisher":"https:\/\/www.facebook.com\/www.kidsplay.lt","article_modified_time":"2026-04-13T10:58:20+00:00","og_image":[{"width":604,"height":586,"url":"https:\/\/kidsplay.lt\/wp-content\/uploads\/2026\/03\/\u201eWOOPIE-3-viename-arkadinis-zaidimas-\u2013-genio-formos-kramtukas-kudikio-traukiamas-vezimelis-ir-barskuciu-zaidimas.jpg","type":"image\/jpeg"}],"twitter_card":"summary_large_image","twitter_misc":{"Est. reading time":"1 min\u016bte"},"schema":{"@context":"https:\/\/schema.org","@graph":[{"@type":"WebPage","@id":"https:\/\/kidsplay.lt\/produktas\/woopie-3-viename-arkadinis-zaidimas-genio-formos-kramtukas-kudikio-traukiamas-vezimelis-ir-barskuciu-zaidimas\/","url":"https:\/\/kidsplay.lt\/produktas\/woopie-3-viename-arkadinis-zaidimas-genio-formos-kramtukas-kudikio-traukiamas-vezimelis-ir-barskuciu-zaidimas\/","name":"\u201eWOOPIE\u201c 3 viename arkadinis \u017eaidimas \u2013 genio formos kramtukas, k\u016bdikio traukiamas ve\u017eim\u0117lis ir bar\u0161ku\u010di\u0173 \u017eaidimas","isPartOf":{"@id":"https:\/\/kidsplay.lt\/#website"},"primaryImageOfPage":{"@id":"https:\/\/kidsplay.lt\/produktas\/woopie-3-viename-arkadinis-zaidimas-genio-formos-kramtukas-kudikio-traukiamas-vezimelis-ir-barskuciu-zaidimas\/#primaryimage"},"image":{"@id":"https:\/\/kidsplay.lt\/produktas\/woopie-3-viename-arkadinis-zaidimas-genio-formos-kramtukas-kudikio-traukiamas-vezimelis-ir-barskuciu-zaidimas\/#primaryimage"},"thumbnailUrl":"https:\/\/kidsplay.lt\/wp-content\/uploads\/2026\/03\/\u201eWOOPIE-3-viename-arkadinis-zaidimas-\u2013-genio-formos-kramtukas-kudikio-traukiamas-vezimelis-ir-barskuciu-zaidimas.jpg","datePublished":"2026-03-19T10:34:30+00:00","dateModified":"2026-04-13T10:58:20+00:00","description":"\u201eWOOPIE\u201c 3 viename arkadinis \u017eaidimas \u2013 genio formos kramtukas, k\u016bdikio traukiamas ve\u017eim\u0117lis ir bar\u0161ku\u010di\u0173 \u017eaidimas - KidsPlay. Did\u017eiausias vaik\u0173 \u017eaisl\u0173 pasirinkimas.","breadcrumb":{"@id":"https:\/\/kidsplay.lt\/produktas\/woopie-3-viename-arkadinis-zaidimas-genio-formos-kramtukas-kudikio-traukiamas-vezimelis-ir-barskuciu-zaidimas\/#breadcrumb"},"inLanguage":"lv-LV","potentialAction":[{"@type":"ReadAction","target":["https:\/\/kidsplay.lt\/produktas\/woopie-3-viename-arkadinis-zaidimas-genio-formos-kramtukas-kudikio-traukiamas-vezimelis-ir-barskuciu-zaidimas\/"]}]},{"@type":"ImageObject","inLanguage":"lv-LV","@id":"https:\/\/kidsplay.lt\/produktas\/woopie-3-viename-arkadinis-zaidimas-genio-formos-kramtukas-kudikio-traukiamas-vezimelis-ir-barskuciu-zaidimas\/#primaryimage","url":"https:\/\/kidsplay.lt\/wp-content\/uploads\/2026\/03\/\u201eWOOPIE-3-viename-arkadinis-zaidimas-\u2013-genio-formos-kramtukas-kudikio-traukiamas-vezimelis-ir-barskuciu-zaidimas.jpg","contentUrl":"https:\/\/kidsplay.lt\/wp-content\/uploads\/2026\/03\/\u201eWOOPIE-3-viename-arkadinis-zaidimas-\u2013-genio-formos-kramtukas-kudikio-traukiamas-vezimelis-ir-barskuciu-zaidimas.jpg","width":604,"height":586,"caption":"\u201eWOOPIE\u201c 3 viename arkadinis \u017eaidimas \u2013 genio formos kramtukas"},{"@type":"BreadcrumbList","@id":"https:\/\/kidsplay.lt\/produktas\/woopie-3-viename-arkadinis-zaidimas-genio-formos-kramtukas-kudikio-traukiamas-vezimelis-ir-barskuciu-zaidimas\/#breadcrumb","itemListElement":[{"@type":"ListItem","position":1,"name":"Pagrindinis","item":"https:\/\/kidsplay.lt\/"},{"@type":"ListItem","position":2,"name":"Parduotuv\u0117","item":"https:\/\/kidsplay.lt\/parduotuve\/"},{"@type":"ListItem","position":3,"name":"\u201eWOOPIE\u201c 3 viename arkadinis \u017eaidimas \u2013 genio formos kramtukas, k\u016bdikio traukiamas ve\u017eim\u0117lis ir bar\u0161ku\u010di\u0173 \u017eaidimas"}]},{"@type":"WebSite","@id":"https:\/\/kidsplay.lt\/#website","url":"https:\/\/kidsplay.lt\/","name":"B\u0113rnu sp\u0113les.lv","description":"\u012evairios prek\u0117s vaikams","publisher":{"@id":"https:\/\/kidsplay.lt\/#organization"},"alternateName":"Kidsplay","potentialAction":[{"@type":"SearchAction","target":{"@type":"EntryPoint","urlTemplate":"https:\/\/kidsplay.lt\/?s={search_term_string}"},"query-input":{"@type":"PropertyValueSpecification","valueRequired":true,"valueName":"search_term_string"}}],"inLanguage":"lv-LV"},{"@type":"Organization","@id":"https:\/\/kidsplay.lt\/#organization","name":"B\u0113rnu sp\u0113le","url":"https:\/\/kidsplay.lt\/","logo":{"@type":"ImageObject","inLanguage":"lv-LV","@id":"https:\/\/kidsplay.lt\/#\/schema\/logo\/image\/","url":"https:\/\/kidsplay.lt\/wp-content\/uploads\/2023\/07\/kidsplay-logo.png","contentUrl":"https:\/\/kidsplay.lt\/wp-content\/uploads\/2023\/07\/kidsplay-logo.png","width":451,"height":98,"caption":"KidsPlay"},"image":{"@id":"https:\/\/kidsplay.lt\/#\/schema\/logo\/image\/"},"sameAs":["https:\/\/www.facebook.com\/www.kidsplay.lt"]}]}},"_links":{"self":[{"href":"https:\/\/kidsplay.lt\/lv\/wp-json\/wp\/v2\/product\/94861","targetHints":{"allow":["GET"]}}],"collection":[{"href":"https:\/\/kidsplay.lt\/lv\/wp-json\/wp\/v2\/product"}],"about":[{"href":"https:\/\/kidsplay.lt\/lv\/wp-json\/wp\/v2\/types\/product"}],"version-history":[{"count":1,"href":"https:\/\/kidsplay.lt\/lv\/wp-json\/wp\/v2\/product\/94861\/revisions"}],"predecessor-version":[{"id":94862,"href":"https:\/\/kidsplay.lt\/lv\/wp-json\/wp\/v2\/product\/94861\/revisions\/94862"}],"wp:featuredmedia":[{"embeddable":true,"href":"https:\/\/kidsplay.lt\/lv\/wp-json\/wp\/v2\/media\/94863"}],"wp:attachment":[{"href":"https:\/\/kidsplay.lt\/lv\/wp-json\/wp\/v2\/media?parent=94861"}],"wp:term":[{"taxonomy":"product_brand","embeddable":true,"href":"https:\/\/kidsplay.lt\/lv\/wp-json\/wp\/v2\/product_brand?post=94861"},{"taxonomy":"product_cat","embeddable":true,"href":"https:\/\/kidsplay.lt\/lv\/wp-json\/wp\/v2\/product_cat?post=94861"},{"taxonomy":"product_tag","embeddable":true,"href":"https:\/\/kidsplay.lt\/lv\/wp-json\/wp\/v2\/product_tag?post=94861"}],"curies":[{"name":"wp","href":"https:\/\/api.w.org\/{rel}","templated":true}]}}