{"id":94875,"date":"2026-03-19T12:56:55","date_gmt":"2026-03-19T10:56:55","guid":{"rendered":"https:\/\/kidsplay.lt\/produktas\/woopie-modulinis-pusiausvyros-takelis-sensorinis-takas-circle\/"},"modified":"2026-04-13T13:58:26","modified_gmt":"2026-04-13T10:58:26","slug":"woopie-modulinis-pusiausvyros-takelis-sensorinis-takas-circle","status":"publish","type":"product","link":"https:\/\/kidsplay.lt\/lv\/products\/woopie-modulinis-pusiausvyros-takelis-sensorinis-takas-circle\/","title":{"rendered":"\u201eWOOPIE\u201c modulinis pusiausvyros takelis \u2013 sensorinis takas \u201eCircle\u201c"},"content":{"rendered":"<p>\u012etraukite veikl\u0105 ir lavinim\u0105 \u012f vaiko pasaul\u012f su sensoriniu pusiausvyros taku. \u0160is modulinis, apvalus pusiausvyros takas \u2013 puikus b\u016bdas lavinti pusiausvyr\u0105, motorin\u0119 koordinacij\u0105 ir sensorin\u0119 integracij\u0105 ma\u017eiems vaikams. Kiekvienas elementas su skirtingomis, i\u0161gaubtomis strukt\u016bromis ir inovatyvia banguota forma puikiai stimuliuoja p\u0117das, tuo pa\u010diu padedant vystytis raumenims ir palaikyti taisykling\u0105 laikysen\u0105. Ry\u0161kios spalvos skatina jud\u0117ti, o galimyb\u0117 kurti \u012fvairias konfig\u016bracijas u\u017etikrina, kad \u017eaidimas niekada neb\u016bt\u0173 nuobodus. Takas idealus mank\u0161tai namuose ar lauke.<br \/>\nRaksturojums:<\/p>\n<p>\u017eaislas skirtas vaikams nuo 3 met\u0173<\/p>\n<p>rinkin\u012f sudaro 8 elementai, leid\u017eiantys suformuoti rat\u0105 arba bang\u0105<\/p>\n<p>sensoriniai i\u0161kilimai ant pavir\u0161iaus stimuliuoja jutimo receptorius<\/p>\n<p>neslystantys padukai garantuoja saugum\u0105 ir stabilum\u0105 ant lygaus pavir\u0161iaus<\/p>\n<p>banguotas element\u0173 profilis \u2013 papildomas i\u0161\u0161\u016bkis pusiausvyros poj\u016b\u010diui<\/p>\n<p>pagaminta i\u0161 tvirto ir patvaraus plastiko ry\u0161kiomis spalvomis<\/p>\n<p>puikus sprendimas aktyviam \u017eaidimui kambaryje ar ant vejos<\/p>\n<p>Rinkin\u012f sudaro:<\/p>\n<p>8 moduliai, formuojantys pusiausvyros tak\u0105 arkos formos<\/p>\n<p>neslystantys padukai<\/p>\n<p>Rota\u013clietu lav\u012bna:<\/p>\n<p>statin\u0119 ir dinamini\u0173 pusiausvyr\u0105<\/p>\n<p>motorin\u0119 koordinacij\u0105 ir bendr\u0105sias motorines \u012fg\u016bd\u017eius<\/p>\n<p>lyt\u0117jimo poj\u016bt\u012f ir propriocepcij\u0105<\/p>\n<p>erdvin\u0119 vaizduot\u0119<\/p>\n<p>k\u016brybi\u0161kum\u0105 per galimyb\u0119 kurti savo trasas<\/p>","protected":false},"excerpt":{"rendered":"<p>\u012etraukite veikl\u0105 ir lavinim\u0105 \u012f vaiko pasaul\u012f su sensoriniu pusiausvyros taku. \u0160is modulinis, apvalus pusiausvyros takas \u2013 puikus b\u016bdas lavinti<\/p>","protected":false},"featured_media":94877,"template":"","meta":{"_acf_changed":false,"_glsr_average":0,"_glsr_ranking":0,"_glsr_reviews":0},"product_brand":[],"product_cat":[673,229],"product_tag":[],"class_list":{"0":"post-94875","1":"product","2":"type-product","3":"status-publish","4":"has-post-thumbnail","6":"product_cat-ugdomosios-priemones","7":"product_cat-zaislai-vaikams","8":"\"style=\"background-color: #2ecc711c;\"","10":"first","11":"instock","12":"purchasable","13":"product-type-simple"},"acf":[],"yoast_head":"<!-- This site is optimized with the Yoast SEO plugin v27.3 - https:\/\/yoast.com\/product\/yoast-seo-wordpress\/ -->\n<title>\u201eWOOPIE\u201c modulinis pusiausvyros takelis \u2013 sensorinis takas \u201eCircle\u201c<\/title>\n<meta name=\"description\" content=\"\u201eWOOPIE\u201c modulinis pusiausvyros takelis \u2013 sensorinis takas \u201eCircle\u201c - KidsPlay. Did\u017eiausias vaik\u0173 \u017eaisl\u0173 pasirinkimas.\" \/>\n<meta name=\"robots\" content=\"index, follow, max-snippet:-1, max-image-preview:large, max-video-preview:-1\" \/>\n<link rel=\"canonical\" href=\"https:\/\/kidsplay.lt\/lv\/products\/woopie-modulinis-pusiausvyros-takelis-sensorinis-takas-circle\/\" \/>\n<meta property=\"og:locale\" content=\"lv_LV\" \/>\n<meta property=\"og:type\" content=\"article\" \/>\n<meta property=\"og:title\" content=\"\u201eWOOPIE\u201c modulinis pusiausvyros takelis \u2013 sensorinis takas \u201eCircle\u201c\" \/>\n<meta property=\"og:description\" content=\"\u201eWOOPIE\u201c modulinis pusiausvyros takelis \u2013 sensorinis takas \u201eCircle\u201c - KidsPlay. Did\u017eiausias vaik\u0173 \u017eaisl\u0173 pasirinkimas.\" \/>\n<meta property=\"og:url\" content=\"https:\/\/kidsplay.lt\/lv\/products\/woopie-modulinis-pusiausvyros-takelis-sensorinis-takas-circle\/\" \/>\n<meta property=\"og:site_name\" content=\"KidsPlay\" \/>\n<meta property=\"article:publisher\" content=\"https:\/\/www.facebook.com\/www.kidsplay.lt\" \/>\n<meta property=\"article:modified_time\" content=\"2026-04-13T10:58:26+00:00\" \/>\n<meta property=\"og:image\" content=\"https:\/\/kidsplay.lt\/wp-content\/uploads\/2026\/03\/\u201eWOOPIE-modulinis-pusiausvyros-takelis-\u2013-sensorinis-takas-\u201eCircle.jpg\" \/>\n\t<meta property=\"og:image:width\" content=\"999\" \/>\n\t<meta property=\"og:image:height\" content=\"1024\" \/>\n\t<meta property=\"og:image:type\" content=\"image\/jpeg\" \/>\n<meta name=\"twitter:card\" content=\"summary_large_image\" \/>\n<meta name=\"twitter:label1\" content=\"Est. reading time\" \/>\n\t<meta name=\"twitter:data1\" content=\"1 min\u016bte\" \/>\n<script type=\"application\/ld+json\" class=\"yoast-schema-graph\">{\"@context\":\"https:\\\/\\\/schema.org\",\"@graph\":[{\"@type\":\"WebPage\",\"@id\":\"https:\\\/\\\/kidsplay.lt\\\/produktas\\\/woopie-modulinis-pusiausvyros-takelis-sensorinis-takas-circle\\\/\",\"url\":\"https:\\\/\\\/kidsplay.lt\\\/produktas\\\/woopie-modulinis-pusiausvyros-takelis-sensorinis-takas-circle\\\/\",\"name\":\"\u201eWOOPIE\u201c modulinis pusiausvyros takelis \u2013 sensorinis takas \u201eCircle\u201c\",\"isPartOf\":{\"@id\":\"https:\\\/\\\/kidsplay.lt\\\/#website\"},\"primaryImageOfPage\":{\"@id\":\"https:\\\/\\\/kidsplay.lt\\\/produktas\\\/woopie-modulinis-pusiausvyros-takelis-sensorinis-takas-circle\\\/#primaryimage\"},\"image\":{\"@id\":\"https:\\\/\\\/kidsplay.lt\\\/produktas\\\/woopie-modulinis-pusiausvyros-takelis-sensorinis-takas-circle\\\/#primaryimage\"},\"thumbnailUrl\":\"https:\\\/\\\/kidsplay.lt\\\/wp-content\\\/uploads\\\/2026\\\/03\\\/\u201eWOOPIE-modulinis-pusiausvyros-takelis-\u2013-sensorinis-takas-\u201eCircle.jpg\",\"datePublished\":\"2026-03-19T10:56:55+00:00\",\"dateModified\":\"2026-04-13T10:58:26+00:00\",\"description\":\"\u201eWOOPIE\u201c modulinis pusiausvyros takelis \u2013 sensorinis takas \u201eCircle\u201c - KidsPlay. Did\u017eiausias vaik\u0173 \u017eaisl\u0173 pasirinkimas.\",\"breadcrumb\":{\"@id\":\"https:\\\/\\\/kidsplay.lt\\\/produktas\\\/woopie-modulinis-pusiausvyros-takelis-sensorinis-takas-circle\\\/#breadcrumb\"},\"inLanguage\":\"lv-LV\",\"potentialAction\":[{\"@type\":\"ReadAction\",\"target\":[\"https:\\\/\\\/kidsplay.lt\\\/produktas\\\/woopie-modulinis-pusiausvyros-takelis-sensorinis-takas-circle\\\/\"]}]},{\"@type\":\"ImageObject\",\"inLanguage\":\"lv-LV\",\"@id\":\"https:\\\/\\\/kidsplay.lt\\\/produktas\\\/woopie-modulinis-pusiausvyros-takelis-sensorinis-takas-circle\\\/#primaryimage\",\"url\":\"https:\\\/\\\/kidsplay.lt\\\/wp-content\\\/uploads\\\/2026\\\/03\\\/\u201eWOOPIE-modulinis-pusiausvyros-takelis-\u2013-sensorinis-takas-\u201eCircle.jpg\",\"contentUrl\":\"https:\\\/\\\/kidsplay.lt\\\/wp-content\\\/uploads\\\/2026\\\/03\\\/\u201eWOOPIE-modulinis-pusiausvyros-takelis-\u2013-sensorinis-takas-\u201eCircle.jpg\",\"width\":999,\"height\":1024,\"caption\":\"\u201eWOOPIE\u201c modulinis pusiausvyros takelis \u2013 sensorinis takas \u201eCircle\u201c\"},{\"@type\":\"BreadcrumbList\",\"@id\":\"https:\\\/\\\/kidsplay.lt\\\/produktas\\\/woopie-modulinis-pusiausvyros-takelis-sensorinis-takas-circle\\\/#breadcrumb\",\"itemListElement\":[{\"@type\":\"ListItem\",\"position\":1,\"name\":\"Pagrindinis\",\"item\":\"https:\\\/\\\/kidsplay.lt\\\/\"},{\"@type\":\"ListItem\",\"position\":2,\"name\":\"Parduotuv\u0117\",\"item\":\"https:\\\/\\\/kidsplay.lt\\\/parduotuve\\\/\"},{\"@type\":\"ListItem\",\"position\":3,\"name\":\"\u201eWOOPIE\u201c modulinis pusiausvyros takelis \u2013 sensorinis takas \u201eCircle\u201c\"}]},{\"@type\":\"WebSite\",\"@id\":\"https:\\\/\\\/kidsplay.lt\\\/#website\",\"url\":\"https:\\\/\\\/kidsplay.lt\\\/\",\"name\":\"Kidsplay.lt\",\"description\":\"\u012evairios prek\u0117s vaikams\",\"publisher\":{\"@id\":\"https:\\\/\\\/kidsplay.lt\\\/#organization\"},\"alternateName\":\"Kidsplay\",\"potentialAction\":[{\"@type\":\"SearchAction\",\"target\":{\"@type\":\"EntryPoint\",\"urlTemplate\":\"https:\\\/\\\/kidsplay.lt\\\/?s={search_term_string}\"},\"query-input\":{\"@type\":\"PropertyValueSpecification\",\"valueRequired\":true,\"valueName\":\"search_term_string\"}}],\"inLanguage\":\"lv-LV\"},{\"@type\":\"Organization\",\"@id\":\"https:\\\/\\\/kidsplay.lt\\\/#organization\",\"name\":\"KidsPlay\",\"url\":\"https:\\\/\\\/kidsplay.lt\\\/\",\"logo\":{\"@type\":\"ImageObject\",\"inLanguage\":\"lv-LV\",\"@id\":\"https:\\\/\\\/kidsplay.lt\\\/#\\\/schema\\\/logo\\\/image\\\/\",\"url\":\"https:\\\/\\\/kidsplay.lt\\\/wp-content\\\/uploads\\\/2023\\\/07\\\/kidsplay-logo.png\",\"contentUrl\":\"https:\\\/\\\/kidsplay.lt\\\/wp-content\\\/uploads\\\/2023\\\/07\\\/kidsplay-logo.png\",\"width\":451,\"height\":98,\"caption\":\"KidsPlay\"},\"image\":{\"@id\":\"https:\\\/\\\/kidsplay.lt\\\/#\\\/schema\\\/logo\\\/image\\\/\"},\"sameAs\":[\"https:\\\/\\\/www.facebook.com\\\/www.kidsplay.lt\"]}]}<\/script>\n<!-- \/ Yoast SEO plugin. -->","yoast_head_json":{"title":"\u201eWOOPIE\u201c modulinis pusiausvyros takelis \u2013 sensorinis takas \u201eCircle\u201c","description":"\u201eWOOPIE\u201c modulinis pusiausvyros takelis \u2013 sensorinis takas \u201eCircle\u201c - KidsPlay. Did\u017eiausias vaik\u0173 \u017eaisl\u0173 pasirinkimas.","robots":{"index":"index","follow":"follow","max-snippet":"max-snippet:-1","max-image-preview":"max-image-preview:large","max-video-preview":"max-video-preview:-1"},"canonical":"https:\/\/kidsplay.lt\/lv\/products\/woopie-modulinis-pusiausvyros-takelis-sensorinis-takas-circle\/","og_locale":"lv_LV","og_type":"article","og_title":"\u201eWOOPIE\u201c modulinis pusiausvyros takelis \u2013 sensorinis takas \u201eCircle\u201c","og_description":"\u201eWOOPIE\u201c modulinis pusiausvyros takelis \u2013 sensorinis takas \u201eCircle\u201c - KidsPlay. Did\u017eiausias vaik\u0173 \u017eaisl\u0173 pasirinkimas.","og_url":"https:\/\/kidsplay.lt\/lv\/products\/woopie-modulinis-pusiausvyros-takelis-sensorinis-takas-circle\/","og_site_name":"KidsPlay","article_publisher":"https:\/\/www.facebook.com\/www.kidsplay.lt","article_modified_time":"2026-04-13T10:58:26+00:00","og_image":[{"width":999,"height":1024,"url":"https:\/\/kidsplay.lt\/wp-content\/uploads\/2026\/03\/\u201eWOOPIE-modulinis-pusiausvyros-takelis-\u2013-sensorinis-takas-\u201eCircle.jpg","type":"image\/jpeg"}],"twitter_card":"summary_large_image","twitter_misc":{"Est. reading time":"1 min\u016bte"},"schema":{"@context":"https:\/\/schema.org","@graph":[{"@type":"WebPage","@id":"https:\/\/kidsplay.lt\/produktas\/woopie-modulinis-pusiausvyros-takelis-sensorinis-takas-circle\/","url":"https:\/\/kidsplay.lt\/produktas\/woopie-modulinis-pusiausvyros-takelis-sensorinis-takas-circle\/","name":"\u201eWOOPIE\u201c modulinis pusiausvyros takelis \u2013 sensorinis takas \u201eCircle\u201c","isPartOf":{"@id":"https:\/\/kidsplay.lt\/#website"},"primaryImageOfPage":{"@id":"https:\/\/kidsplay.lt\/produktas\/woopie-modulinis-pusiausvyros-takelis-sensorinis-takas-circle\/#primaryimage"},"image":{"@id":"https:\/\/kidsplay.lt\/produktas\/woopie-modulinis-pusiausvyros-takelis-sensorinis-takas-circle\/#primaryimage"},"thumbnailUrl":"https:\/\/kidsplay.lt\/wp-content\/uploads\/2026\/03\/\u201eWOOPIE-modulinis-pusiausvyros-takelis-\u2013-sensorinis-takas-\u201eCircle.jpg","datePublished":"2026-03-19T10:56:55+00:00","dateModified":"2026-04-13T10:58:26+00:00","description":"\u201eWOOPIE\u201c modulinis pusiausvyros takelis \u2013 sensorinis takas \u201eCircle\u201c - KidsPlay. Did\u017eiausias vaik\u0173 \u017eaisl\u0173 pasirinkimas.","breadcrumb":{"@id":"https:\/\/kidsplay.lt\/produktas\/woopie-modulinis-pusiausvyros-takelis-sensorinis-takas-circle\/#breadcrumb"},"inLanguage":"lv-LV","potentialAction":[{"@type":"ReadAction","target":["https:\/\/kidsplay.lt\/produktas\/woopie-modulinis-pusiausvyros-takelis-sensorinis-takas-circle\/"]}]},{"@type":"ImageObject","inLanguage":"lv-LV","@id":"https:\/\/kidsplay.lt\/produktas\/woopie-modulinis-pusiausvyros-takelis-sensorinis-takas-circle\/#primaryimage","url":"https:\/\/kidsplay.lt\/wp-content\/uploads\/2026\/03\/\u201eWOOPIE-modulinis-pusiausvyros-takelis-\u2013-sensorinis-takas-\u201eCircle.jpg","contentUrl":"https:\/\/kidsplay.lt\/wp-content\/uploads\/2026\/03\/\u201eWOOPIE-modulinis-pusiausvyros-takelis-\u2013-sensorinis-takas-\u201eCircle.jpg","width":999,"height":1024,"caption":"\u201eWOOPIE\u201c modulinis pusiausvyros takelis \u2013 sensorinis takas \u201eCircle\u201c"},{"@type":"BreadcrumbList","@id":"https:\/\/kidsplay.lt\/produktas\/woopie-modulinis-pusiausvyros-takelis-sensorinis-takas-circle\/#breadcrumb","itemListElement":[{"@type":"ListItem","position":1,"name":"Pagrindinis","item":"https:\/\/kidsplay.lt\/"},{"@type":"ListItem","position":2,"name":"Parduotuv\u0117","item":"https:\/\/kidsplay.lt\/parduotuve\/"},{"@type":"ListItem","position":3,"name":"\u201eWOOPIE\u201c modulinis pusiausvyros takelis \u2013 sensorinis takas \u201eCircle\u201c"}]},{"@type":"WebSite","@id":"https:\/\/kidsplay.lt\/#website","url":"https:\/\/kidsplay.lt\/","name":"B\u0113rnu sp\u0113les.lv","description":"\u012evairios prek\u0117s vaikams","publisher":{"@id":"https:\/\/kidsplay.lt\/#organization"},"alternateName":"Kidsplay","potentialAction":[{"@type":"SearchAction","target":{"@type":"EntryPoint","urlTemplate":"https:\/\/kidsplay.lt\/?s={search_term_string}"},"query-input":{"@type":"PropertyValueSpecification","valueRequired":true,"valueName":"search_term_string"}}],"inLanguage":"lv-LV"},{"@type":"Organization","@id":"https:\/\/kidsplay.lt\/#organization","name":"B\u0113rnu sp\u0113le","url":"https:\/\/kidsplay.lt\/","logo":{"@type":"ImageObject","inLanguage":"lv-LV","@id":"https:\/\/kidsplay.lt\/#\/schema\/logo\/image\/","url":"https:\/\/kidsplay.lt\/wp-content\/uploads\/2023\/07\/kidsplay-logo.png","contentUrl":"https:\/\/kidsplay.lt\/wp-content\/uploads\/2023\/07\/kidsplay-logo.png","width":451,"height":98,"caption":"KidsPlay"},"image":{"@id":"https:\/\/kidsplay.lt\/#\/schema\/logo\/image\/"},"sameAs":["https:\/\/www.facebook.com\/www.kidsplay.lt"]}]}},"_links":{"self":[{"href":"https:\/\/kidsplay.lt\/lv\/wp-json\/wp\/v2\/product\/94875","targetHints":{"allow":["GET"]}}],"collection":[{"href":"https:\/\/kidsplay.lt\/lv\/wp-json\/wp\/v2\/product"}],"about":[{"href":"https:\/\/kidsplay.lt\/lv\/wp-json\/wp\/v2\/types\/product"}],"version-history":[{"count":1,"href":"https:\/\/kidsplay.lt\/lv\/wp-json\/wp\/v2\/product\/94875\/revisions"}],"predecessor-version":[{"id":94876,"href":"https:\/\/kidsplay.lt\/lv\/wp-json\/wp\/v2\/product\/94875\/revisions\/94876"}],"wp:featuredmedia":[{"embeddable":true,"href":"https:\/\/kidsplay.lt\/lv\/wp-json\/wp\/v2\/media\/94877"}],"wp:attachment":[{"href":"https:\/\/kidsplay.lt\/lv\/wp-json\/wp\/v2\/media?parent=94875"}],"wp:term":[{"taxonomy":"product_brand","embeddable":true,"href":"https:\/\/kidsplay.lt\/lv\/wp-json\/wp\/v2\/product_brand?post=94875"},{"taxonomy":"product_cat","embeddable":true,"href":"https:\/\/kidsplay.lt\/lv\/wp-json\/wp\/v2\/product_cat?post=94875"},{"taxonomy":"product_tag","embeddable":true,"href":"https:\/\/kidsplay.lt\/lv\/wp-json\/wp\/v2\/product_tag?post=94875"}],"curies":[{"name":"wp","href":"https:\/\/api.w.org\/{rel}","templated":true}]}}