{"id":94958,"date":"2026-03-19T13:00:56","date_gmt":"2026-03-19T11:00:56","guid":{"rendered":"https:\/\/kidsplay.lt\/produktas\/woopie-transporto-priemoniu-konstruktorius-8-viename-steam-rinkinys-su-kaladelemis\/"},"modified":"2026-04-07T09:38:48","modified_gmt":"2026-04-07T06:38:48","slug":"woopie-transporto-priemoniu-konstruktorius-8-viename-steam-rinkinys-su-kaladelemis","status":"publish","type":"product","link":"https:\/\/kidsplay.lt\/lv\/products\/woopie-transporto-priemoniu-konstruktorius-8-viename-steam-rinkinys-su-kaladelemis\/","title":{"rendered":"\u201eWOOPIE\u201c transporto priemoni\u0173 konstruktorius \u2013 8 viename STEAM rinkinys su kalad\u0117l\u0117mis"},"content":{"rendered":"<p>8 viename \u201eWOOPIE\u201c konstruktoriaus rinkinys \u2013 kvietimas \u012f \u012fdom\u0173 in\u017einerijos pasaul\u012f, kuriame kiekvienas jaunas konstruktorius gali jaustis tikru k\u016br\u0117ju ir tyrin\u0117toju. D\u0117l gausios \u012fvairi\u0173 detali\u0173 kolekcijos vaikai gali patys statyti judan\u010dias ma\u0161inas \u2013 nuo galingo krano ir besisukan\u010dio v\u0117jo mal\u016bno iki manevringo sunkve\u017eimio. Paprasta ir intuityvi dali\u0173 jungimo sistema su saugiais \u012frankiais suteikia malonum\u0105 surenkant modelius ir didel\u012f pasitenkinim\u0105 rank\u0173 darbu. Tai ne tik smagus laiko praleidimo b\u016bdas, bet ir protingas STEAM tipo \u017eaidimas, kuris skatina smalsum\u0105, moko kantryb\u0117s ir skatina ankstyvuosius eksperimentus su mechanika.<br \/>\nRaksturojums:<\/p>\n<p>Tinka vaikams nuo 5 met\u0173<\/p>\n<p>Rinkinyje 100 detali\u0173, leid\u017eian\u010di\u0173 sukurti iki 8 skirting\u0173 ma\u0161in\u0173 ir transporto priemoni\u0173 modeli\u0173<\/p>\n<p>Galima statyti, pavyzd\u017eiui, kran\u0105, v\u0117jo mal\u016bn\u0105, sunkve\u017eim\u012f ar kitas statybines transporto priemones<\/p>\n<p>Lengva surinkti \u2013 sujungimo sistema u\u017etikrina intuityv\u0173 ir paprast\u0105 \u017eaidim\u0105<\/p>\n<p>Skatina rank\u0173 \u012fg\u016bd\u017eius, koncentracij\u0105 ir vaizduot\u0119<\/p>\n<p>Pagaminta i\u0161 saugi\u0173 ir patvari\u0173 med\u017eiag\u0173<\/p>\n<p>Spalvingos detal\u0117s patraukia d\u0117mes\u012f ir skatina ilgalaik\u012f \u017eaidim\u0105<\/p>\n<p>Rinkin\u012f sudaro:<\/p>\n<p>\u012evairi\u0173 form\u0173 blokeliai<\/p>\n<p>Ratukai<\/p>\n<p>Atsuktuvas, ver\u017eliaraktis<\/p>\n<p>Tvirtinimo var\u017etai su ver\u017el\u0117mis<\/p>\n<p>Papildomi priedai<\/p>\n<p>Iliustruotos instrukcijos iki 8 skirting\u0173 modeli\u0173 surinkimui<\/p>","protected":false},"excerpt":{"rendered":"<p>8 viename \u201eWOOPIE\u201c konstruktoriaus rinkinys \u2013 kvietimas \u012f \u012fdom\u0173 in\u017einerijos pasaul\u012f, kuriame kiekvienas jaunas konstruktorius gali jaustis tikru k\u016br\u0117ju ir<\/p>","protected":false},"featured_media":94960,"template":"","meta":{"_acf_changed":false,"_glsr_average":0,"_glsr_ranking":0,"_glsr_reviews":0},"product_brand":[],"product_cat":[446,229],"product_tag":[],"class_list":{"0":"post-94958","1":"product","2":"type-product","3":"status-publish","4":"has-post-thumbnail","6":"product_cat-konstruktoriai","7":"product_cat-zaislai-vaikams","8":"\"style=\"background-color: #2ecc711c;\"","10":"first","11":"instock","12":"purchasable","13":"product-type-simple"},"acf":[],"yoast_head":"<!-- This site is optimized with the Yoast SEO plugin v27.3 - https:\/\/yoast.com\/product\/yoast-seo-wordpress\/ -->\n<title>\u201eWOOPIE\u201c transporto priemoni\u0173 konstruktorius \u2013 8 viename STEAM rinkinys su kalad\u0117l\u0117mis<\/title>\n<meta name=\"description\" content=\"\u201eWOOPIE\u201c transporto priemoni\u0173 konstruktorius \u2013 8 viename STEAM rinkinys su kalad\u0117l\u0117mis - KidsPlay. Did\u017eiausias vaik\u0173 \u017eaisl\u0173 pasirinkimas.\" \/>\n<meta name=\"robots\" content=\"index, follow, max-snippet:-1, max-image-preview:large, max-video-preview:-1\" \/>\n<link rel=\"canonical\" href=\"https:\/\/kidsplay.lt\/lv\/products\/woopie-transporto-priemoniu-konstruktorius-8-viename-steam-rinkinys-su-kaladelemis\/\" \/>\n<meta property=\"og:locale\" content=\"lv_LV\" \/>\n<meta property=\"og:type\" content=\"article\" \/>\n<meta property=\"og:title\" content=\"\u201eWOOPIE\u201c transporto priemoni\u0173 konstruktorius \u2013 8 viename STEAM rinkinys su kalad\u0117l\u0117mis\" \/>\n<meta property=\"og:description\" content=\"\u201eWOOPIE\u201c transporto priemoni\u0173 konstruktorius \u2013 8 viename STEAM rinkinys su kalad\u0117l\u0117mis - KidsPlay. Did\u017eiausias vaik\u0173 \u017eaisl\u0173 pasirinkimas.\" \/>\n<meta property=\"og:url\" content=\"https:\/\/kidsplay.lt\/lv\/products\/woopie-transporto-priemoniu-konstruktorius-8-viename-steam-rinkinys-su-kaladelemis\/\" \/>\n<meta property=\"og:site_name\" content=\"KidsPlay\" \/>\n<meta property=\"article:publisher\" content=\"https:\/\/www.facebook.com\/www.kidsplay.lt\" \/>\n<meta property=\"article:modified_time\" content=\"2026-04-07T06:38:48+00:00\" \/>\n<meta property=\"og:image\" content=\"https:\/\/kidsplay.lt\/wp-content\/uploads\/2026\/03\/\u201eWOOPIE-transporto-priemoniu-konstruktorius-\u2013-8-viename-STEAM-rinkinys-su-kaladelemis.jpg\" \/>\n\t<meta property=\"og:image:width\" content=\"2560\" \/>\n\t<meta property=\"og:image:height\" content=\"2560\" \/>\n\t<meta property=\"og:image:type\" content=\"image\/jpeg\" \/>\n<meta name=\"twitter:card\" content=\"summary_large_image\" \/>\n<meta name=\"twitter:label1\" content=\"Est. reading time\" \/>\n\t<meta name=\"twitter:data1\" content=\"1 min\u016bte\" \/>\n<script type=\"application\/ld+json\" class=\"yoast-schema-graph\">{\"@context\":\"https:\\\/\\\/schema.org\",\"@graph\":[{\"@type\":\"WebPage\",\"@id\":\"https:\\\/\\\/kidsplay.lt\\\/produktas\\\/woopie-transporto-priemoniu-konstruktorius-8-viename-steam-rinkinys-su-kaladelemis\\\/\",\"url\":\"https:\\\/\\\/kidsplay.lt\\\/produktas\\\/woopie-transporto-priemoniu-konstruktorius-8-viename-steam-rinkinys-su-kaladelemis\\\/\",\"name\":\"\u201eWOOPIE\u201c transporto priemoni\u0173 konstruktorius \u2013 8 viename STEAM rinkinys su kalad\u0117l\u0117mis\",\"isPartOf\":{\"@id\":\"https:\\\/\\\/kidsplay.lt\\\/#website\"},\"primaryImageOfPage\":{\"@id\":\"https:\\\/\\\/kidsplay.lt\\\/produktas\\\/woopie-transporto-priemoniu-konstruktorius-8-viename-steam-rinkinys-su-kaladelemis\\\/#primaryimage\"},\"image\":{\"@id\":\"https:\\\/\\\/kidsplay.lt\\\/produktas\\\/woopie-transporto-priemoniu-konstruktorius-8-viename-steam-rinkinys-su-kaladelemis\\\/#primaryimage\"},\"thumbnailUrl\":\"https:\\\/\\\/kidsplay.lt\\\/wp-content\\\/uploads\\\/2026\\\/03\\\/\u201eWOOPIE-transporto-priemoniu-konstruktorius-\u2013-8-viename-STEAM-rinkinys-su-kaladelemis.jpg\",\"datePublished\":\"2026-03-19T11:00:56+00:00\",\"dateModified\":\"2026-04-07T06:38:48+00:00\",\"description\":\"\u201eWOOPIE\u201c transporto priemoni\u0173 konstruktorius \u2013 8 viename STEAM rinkinys su kalad\u0117l\u0117mis - KidsPlay. Did\u017eiausias vaik\u0173 \u017eaisl\u0173 pasirinkimas.\",\"breadcrumb\":{\"@id\":\"https:\\\/\\\/kidsplay.lt\\\/produktas\\\/woopie-transporto-priemoniu-konstruktorius-8-viename-steam-rinkinys-su-kaladelemis\\\/#breadcrumb\"},\"inLanguage\":\"lv-LV\",\"potentialAction\":[{\"@type\":\"ReadAction\",\"target\":[\"https:\\\/\\\/kidsplay.lt\\\/produktas\\\/woopie-transporto-priemoniu-konstruktorius-8-viename-steam-rinkinys-su-kaladelemis\\\/\"]}]},{\"@type\":\"ImageObject\",\"inLanguage\":\"lv-LV\",\"@id\":\"https:\\\/\\\/kidsplay.lt\\\/produktas\\\/woopie-transporto-priemoniu-konstruktorius-8-viename-steam-rinkinys-su-kaladelemis\\\/#primaryimage\",\"url\":\"https:\\\/\\\/kidsplay.lt\\\/wp-content\\\/uploads\\\/2026\\\/03\\\/\u201eWOOPIE-transporto-priemoniu-konstruktorius-\u2013-8-viename-STEAM-rinkinys-su-kaladelemis.jpg\",\"contentUrl\":\"https:\\\/\\\/kidsplay.lt\\\/wp-content\\\/uploads\\\/2026\\\/03\\\/\u201eWOOPIE-transporto-priemoniu-konstruktorius-\u2013-8-viename-STEAM-rinkinys-su-kaladelemis.jpg\",\"width\":2560,\"height\":2560,\"caption\":\"\u201eWOOPIE\u201c transporto priemoni\u0173 konstruktorius \u2013 8 viename STEAM rinkinys su kalad\u0117l\u0117mis\"},{\"@type\":\"BreadcrumbList\",\"@id\":\"https:\\\/\\\/kidsplay.lt\\\/produktas\\\/woopie-transporto-priemoniu-konstruktorius-8-viename-steam-rinkinys-su-kaladelemis\\\/#breadcrumb\",\"itemListElement\":[{\"@type\":\"ListItem\",\"position\":1,\"name\":\"Pagrindinis\",\"item\":\"https:\\\/\\\/kidsplay.lt\\\/\"},{\"@type\":\"ListItem\",\"position\":2,\"name\":\"Parduotuv\u0117\",\"item\":\"https:\\\/\\\/kidsplay.lt\\\/parduotuve\\\/\"},{\"@type\":\"ListItem\",\"position\":3,\"name\":\"\u201eWOOPIE\u201c transporto priemoni\u0173 konstruktorius \u2013 8 viename STEAM rinkinys su kalad\u0117l\u0117mis\"}]},{\"@type\":\"WebSite\",\"@id\":\"https:\\\/\\\/kidsplay.lt\\\/#website\",\"url\":\"https:\\\/\\\/kidsplay.lt\\\/\",\"name\":\"Kidsplay.lt\",\"description\":\"\u012evairios prek\u0117s vaikams\",\"publisher\":{\"@id\":\"https:\\\/\\\/kidsplay.lt\\\/#organization\"},\"alternateName\":\"Kidsplay\",\"potentialAction\":[{\"@type\":\"SearchAction\",\"target\":{\"@type\":\"EntryPoint\",\"urlTemplate\":\"https:\\\/\\\/kidsplay.lt\\\/?s={search_term_string}\"},\"query-input\":{\"@type\":\"PropertyValueSpecification\",\"valueRequired\":true,\"valueName\":\"search_term_string\"}}],\"inLanguage\":\"lv-LV\"},{\"@type\":\"Organization\",\"@id\":\"https:\\\/\\\/kidsplay.lt\\\/#organization\",\"name\":\"KidsPlay\",\"url\":\"https:\\\/\\\/kidsplay.lt\\\/\",\"logo\":{\"@type\":\"ImageObject\",\"inLanguage\":\"lv-LV\",\"@id\":\"https:\\\/\\\/kidsplay.lt\\\/#\\\/schema\\\/logo\\\/image\\\/\",\"url\":\"https:\\\/\\\/kidsplay.lt\\\/wp-content\\\/uploads\\\/2023\\\/07\\\/kidsplay-logo.png\",\"contentUrl\":\"https:\\\/\\\/kidsplay.lt\\\/wp-content\\\/uploads\\\/2023\\\/07\\\/kidsplay-logo.png\",\"width\":451,\"height\":98,\"caption\":\"KidsPlay\"},\"image\":{\"@id\":\"https:\\\/\\\/kidsplay.lt\\\/#\\\/schema\\\/logo\\\/image\\\/\"},\"sameAs\":[\"https:\\\/\\\/www.facebook.com\\\/www.kidsplay.lt\"]}]}<\/script>\n<!-- \/ Yoast SEO plugin. -->","yoast_head_json":{"title":"\u201eWOOPIE\u201c transporto priemoni\u0173 konstruktorius \u2013 8 viename STEAM rinkinys su kalad\u0117l\u0117mis","description":"\u201eWOOPIE\u201c transporto priemoni\u0173 konstruktorius \u2013 8 viename STEAM rinkinys su kalad\u0117l\u0117mis - KidsPlay. Did\u017eiausias vaik\u0173 \u017eaisl\u0173 pasirinkimas.","robots":{"index":"index","follow":"follow","max-snippet":"max-snippet:-1","max-image-preview":"max-image-preview:large","max-video-preview":"max-video-preview:-1"},"canonical":"https:\/\/kidsplay.lt\/lv\/products\/woopie-transporto-priemoniu-konstruktorius-8-viename-steam-rinkinys-su-kaladelemis\/","og_locale":"lv_LV","og_type":"article","og_title":"\u201eWOOPIE\u201c transporto priemoni\u0173 konstruktorius \u2013 8 viename STEAM rinkinys su kalad\u0117l\u0117mis","og_description":"\u201eWOOPIE\u201c transporto priemoni\u0173 konstruktorius \u2013 8 viename STEAM rinkinys su kalad\u0117l\u0117mis - KidsPlay. Did\u017eiausias vaik\u0173 \u017eaisl\u0173 pasirinkimas.","og_url":"https:\/\/kidsplay.lt\/lv\/products\/woopie-transporto-priemoniu-konstruktorius-8-viename-steam-rinkinys-su-kaladelemis\/","og_site_name":"KidsPlay","article_publisher":"https:\/\/www.facebook.com\/www.kidsplay.lt","article_modified_time":"2026-04-07T06:38:48+00:00","og_image":[{"width":2560,"height":2560,"url":"https:\/\/kidsplay.lt\/wp-content\/uploads\/2026\/03\/\u201eWOOPIE-transporto-priemoniu-konstruktorius-\u2013-8-viename-STEAM-rinkinys-su-kaladelemis.jpg","type":"image\/jpeg"}],"twitter_card":"summary_large_image","twitter_misc":{"Est. reading time":"1 min\u016bte"},"schema":{"@context":"https:\/\/schema.org","@graph":[{"@type":"WebPage","@id":"https:\/\/kidsplay.lt\/produktas\/woopie-transporto-priemoniu-konstruktorius-8-viename-steam-rinkinys-su-kaladelemis\/","url":"https:\/\/kidsplay.lt\/produktas\/woopie-transporto-priemoniu-konstruktorius-8-viename-steam-rinkinys-su-kaladelemis\/","name":"\u201eWOOPIE\u201c transporto priemoni\u0173 konstruktorius \u2013 8 viename STEAM rinkinys su kalad\u0117l\u0117mis","isPartOf":{"@id":"https:\/\/kidsplay.lt\/#website"},"primaryImageOfPage":{"@id":"https:\/\/kidsplay.lt\/produktas\/woopie-transporto-priemoniu-konstruktorius-8-viename-steam-rinkinys-su-kaladelemis\/#primaryimage"},"image":{"@id":"https:\/\/kidsplay.lt\/produktas\/woopie-transporto-priemoniu-konstruktorius-8-viename-steam-rinkinys-su-kaladelemis\/#primaryimage"},"thumbnailUrl":"https:\/\/kidsplay.lt\/wp-content\/uploads\/2026\/03\/\u201eWOOPIE-transporto-priemoniu-konstruktorius-\u2013-8-viename-STEAM-rinkinys-su-kaladelemis.jpg","datePublished":"2026-03-19T11:00:56+00:00","dateModified":"2026-04-07T06:38:48+00:00","description":"\u201eWOOPIE\u201c transporto priemoni\u0173 konstruktorius \u2013 8 viename STEAM rinkinys su kalad\u0117l\u0117mis - KidsPlay. Did\u017eiausias vaik\u0173 \u017eaisl\u0173 pasirinkimas.","breadcrumb":{"@id":"https:\/\/kidsplay.lt\/produktas\/woopie-transporto-priemoniu-konstruktorius-8-viename-steam-rinkinys-su-kaladelemis\/#breadcrumb"},"inLanguage":"lv-LV","potentialAction":[{"@type":"ReadAction","target":["https:\/\/kidsplay.lt\/produktas\/woopie-transporto-priemoniu-konstruktorius-8-viename-steam-rinkinys-su-kaladelemis\/"]}]},{"@type":"ImageObject","inLanguage":"lv-LV","@id":"https:\/\/kidsplay.lt\/produktas\/woopie-transporto-priemoniu-konstruktorius-8-viename-steam-rinkinys-su-kaladelemis\/#primaryimage","url":"https:\/\/kidsplay.lt\/wp-content\/uploads\/2026\/03\/\u201eWOOPIE-transporto-priemoniu-konstruktorius-\u2013-8-viename-STEAM-rinkinys-su-kaladelemis.jpg","contentUrl":"https:\/\/kidsplay.lt\/wp-content\/uploads\/2026\/03\/\u201eWOOPIE-transporto-priemoniu-konstruktorius-\u2013-8-viename-STEAM-rinkinys-su-kaladelemis.jpg","width":2560,"height":2560,"caption":"\u201eWOOPIE\u201c transporto priemoni\u0173 konstruktorius \u2013 8 viename STEAM rinkinys su kalad\u0117l\u0117mis"},{"@type":"BreadcrumbList","@id":"https:\/\/kidsplay.lt\/produktas\/woopie-transporto-priemoniu-konstruktorius-8-viename-steam-rinkinys-su-kaladelemis\/#breadcrumb","itemListElement":[{"@type":"ListItem","position":1,"name":"Pagrindinis","item":"https:\/\/kidsplay.lt\/"},{"@type":"ListItem","position":2,"name":"Parduotuv\u0117","item":"https:\/\/kidsplay.lt\/parduotuve\/"},{"@type":"ListItem","position":3,"name":"\u201eWOOPIE\u201c transporto priemoni\u0173 konstruktorius \u2013 8 viename STEAM rinkinys su kalad\u0117l\u0117mis"}]},{"@type":"WebSite","@id":"https:\/\/kidsplay.lt\/#website","url":"https:\/\/kidsplay.lt\/","name":"B\u0113rnu sp\u0113les.lv","description":"\u012evairios prek\u0117s vaikams","publisher":{"@id":"https:\/\/kidsplay.lt\/#organization"},"alternateName":"Kidsplay","potentialAction":[{"@type":"SearchAction","target":{"@type":"EntryPoint","urlTemplate":"https:\/\/kidsplay.lt\/?s={search_term_string}"},"query-input":{"@type":"PropertyValueSpecification","valueRequired":true,"valueName":"search_term_string"}}],"inLanguage":"lv-LV"},{"@type":"Organization","@id":"https:\/\/kidsplay.lt\/#organization","name":"B\u0113rnu sp\u0113le","url":"https:\/\/kidsplay.lt\/","logo":{"@type":"ImageObject","inLanguage":"lv-LV","@id":"https:\/\/kidsplay.lt\/#\/schema\/logo\/image\/","url":"https:\/\/kidsplay.lt\/wp-content\/uploads\/2023\/07\/kidsplay-logo.png","contentUrl":"https:\/\/kidsplay.lt\/wp-content\/uploads\/2023\/07\/kidsplay-logo.png","width":451,"height":98,"caption":"KidsPlay"},"image":{"@id":"https:\/\/kidsplay.lt\/#\/schema\/logo\/image\/"},"sameAs":["https:\/\/www.facebook.com\/www.kidsplay.lt"]}]}},"_links":{"self":[{"href":"https:\/\/kidsplay.lt\/lv\/wp-json\/wp\/v2\/product\/94958","targetHints":{"allow":["GET"]}}],"collection":[{"href":"https:\/\/kidsplay.lt\/lv\/wp-json\/wp\/v2\/product"}],"about":[{"href":"https:\/\/kidsplay.lt\/lv\/wp-json\/wp\/v2\/types\/product"}],"version-history":[{"count":1,"href":"https:\/\/kidsplay.lt\/lv\/wp-json\/wp\/v2\/product\/94958\/revisions"}],"predecessor-version":[{"id":94959,"href":"https:\/\/kidsplay.lt\/lv\/wp-json\/wp\/v2\/product\/94958\/revisions\/94959"}],"wp:featuredmedia":[{"embeddable":true,"href":"https:\/\/kidsplay.lt\/lv\/wp-json\/wp\/v2\/media\/94960"}],"wp:attachment":[{"href":"https:\/\/kidsplay.lt\/lv\/wp-json\/wp\/v2\/media?parent=94958"}],"wp:term":[{"taxonomy":"product_brand","embeddable":true,"href":"https:\/\/kidsplay.lt\/lv\/wp-json\/wp\/v2\/product_brand?post=94958"},{"taxonomy":"product_cat","embeddable":true,"href":"https:\/\/kidsplay.lt\/lv\/wp-json\/wp\/v2\/product_cat?post=94958"},{"taxonomy":"product_tag","embeddable":true,"href":"https:\/\/kidsplay.lt\/lv\/wp-json\/wp\/v2\/product_tag?post=94958"}],"curies":[{"name":"wp","href":"https:\/\/api.w.org\/{rel}","templated":true}]}}