{"id":94965,"date":"2026-03-19T13:01:18","date_gmt":"2026-03-19T11:01:18","guid":{"rendered":"https:\/\/kidsplay.lt\/produktas\/woopie-magnetiniai-konstruktoriaus-blokeliai-3d-58-detales\/"},"modified":"2026-04-07T09:38:51","modified_gmt":"2026-04-07T06:38:51","slug":"woopie-magnetiniai-konstruktoriaus-blokeliai-3d-58-detales","status":"publish","type":"product","link":"https:\/\/kidsplay.lt\/lv\/products\/woopie-magnetiniai-konstruktoriaus-blokeliai-3d-58-detales\/","title":{"rendered":"\u201eWOOPIE magn\u0113tiskie kluc\u012b\u0161i \u2013 3D, 58 gabali"},"content":{"rendered":"<p>Leiskite savo vaikui atrasti k\u016brybos ir mokymosi pasaul\u012f su \u201eWOOPIE\u201c magnetini\u0173 konstruktoriaus blokeli\u0173 rinkiniu. Rinkinys susideda i\u0161 58 detali\u0173, \u012fskaitant spalvotus strypelius ir metalines kamuoliukus, kurie d\u0117ka magnet\u0173 lengvai jungiasi \u012f \u012fvairias formas ir fig\u016bras. Detal\u0117s lengvai jungiasi ir atskiriamos, leid\u017eiant kurti tiek paprastas 2D, tiek sud\u0117tingas 3D konstrukcijas. Apval\u016bs kra\u0161tai ir tinkamas dydis u\u017etikrina saug\u0173 naudojim\u0105 vaikams. \u0160is unikalus edukacinis rinkinys \u2013 puikus pasirinkimas t\u0117vams ir pedagogams, norintiems lavinti vaik\u0173 rank\u0173 \u012fg\u016bd\u017eius, login\u012f m\u0105stym\u0105 ir erdvin\u0119 vaizduot\u0119. Rinkinys supakuotas patogioje d\u0117\u017e\u0117je, palengvinan\u010dioje laikym\u0105 ir tvarkos palaikym\u0105.<br \/>\nRaksturojums:<\/p>\n<p>B\u0113rniem no 3 gadu vecuma<\/p>\n<p>58 spalvingos detal\u0117s: strypeliai, magnetiniai kamuoliukai, stoveliai<\/p>\n<p>Galimyb\u0117 kurti sud\u0117tingas ir stabilias konstrukcijas<\/p>\n<p>Daugyb\u0117 valand\u0173 pramogos d\u0117l \u012fvairi\u0173 element\u0173 i\u0161d\u0117stymo galimybi\u0173<\/p>\n<p>Auk\u0161tos kokyb\u0117s med\u017eiagos: saugus, patvarus plastikas ir stipr\u016bs magnetai<\/p>\n<p>Patogi pakuot\u0117, leid\u017eianti lengvai laikyti ir palaikyti tvark\u0105<\/p>\n<p>Rinkin\u012f sudaro:<\/p>\n<p>16 magnetini\u0173 strypeli\u0173 (8 \u017eali, 4 violetiniai, 4 oran\u017einiai)<\/p>\n<p>20 magnetini\u0173 kamuoliuk\u0173<\/p>\n<p>20 skaidri\u0173 jung\u010di\u0173 stabilizatori\u0173<\/p>\n<p>2 pagrindai konstrukcijoms (kvadratas ir penkiakampis)<\/p>","protected":false},"excerpt":{"rendered":"<p>Leiskite savo vaikui atrasti k\u016brybos ir mokymosi pasaul\u012f su \u201eWOOPIE\u201c magnetini\u0173 konstruktoriaus blokeli\u0173 rinkiniu. Rinkinys susideda i\u0161 58 detali\u0173, \u012fskaitant<\/p>","protected":false},"featured_media":94967,"template":"","meta":{"_acf_changed":false,"_glsr_average":0,"_glsr_ranking":0,"_glsr_reviews":0},"product_brand":[],"product_cat":[446,229],"product_tag":[],"class_list":{"0":"post-94965","1":"product","2":"type-product","3":"status-publish","4":"has-post-thumbnail","6":"product_cat-konstruktoriai","7":"product_cat-zaislai-vaikams","8":"\"style=\"background-color: #2ecc711c;\"","10":"first","11":"instock","12":"purchasable","13":"product-type-simple"},"acf":[],"yoast_head":"<!-- This site is optimized with the Yoast SEO plugin v27.3 - https:\/\/yoast.com\/product\/yoast-seo-wordpress\/ -->\n<title>\u201eWOOPIE\u201c magnetiniai konstruktoriaus blokeliai \u2013 3D, 58 detal\u0117s<\/title>\n<meta name=\"description\" content=\"\u201eWOOPIE\u201c magnetiniai konstruktoriaus blokeliai \u2013 3D, 58 detal\u0117s - KidsPlay. Did\u017eiausias vaik\u0173 \u017eaisl\u0173 pasirinkimas.\" \/>\n<meta name=\"robots\" content=\"index, follow, max-snippet:-1, max-image-preview:large, max-video-preview:-1\" \/>\n<link rel=\"canonical\" href=\"https:\/\/kidsplay.lt\/lv\/products\/woopie-magnetiniai-konstruktoriaus-blokeliai-3d-58-detales\/\" \/>\n<meta property=\"og:locale\" content=\"lv_LV\" \/>\n<meta property=\"og:type\" content=\"article\" \/>\n<meta property=\"og:title\" content=\"\u201eWOOPIE\u201c magnetiniai konstruktoriaus blokeliai \u2013 3D, 58 detal\u0117s\" \/>\n<meta property=\"og:description\" content=\"\u201eWOOPIE\u201c magnetiniai konstruktoriaus blokeliai \u2013 3D, 58 detal\u0117s - KidsPlay. Did\u017eiausias vaik\u0173 \u017eaisl\u0173 pasirinkimas.\" \/>\n<meta property=\"og:url\" content=\"https:\/\/kidsplay.lt\/lv\/products\/woopie-magnetiniai-konstruktoriaus-blokeliai-3d-58-detales\/\" \/>\n<meta property=\"og:site_name\" content=\"KidsPlay\" \/>\n<meta property=\"article:publisher\" content=\"https:\/\/www.facebook.com\/www.kidsplay.lt\" \/>\n<meta property=\"article:modified_time\" content=\"2026-04-07T06:38:51+00:00\" \/>\n<meta property=\"og:image\" content=\"https:\/\/kidsplay.lt\/wp-content\/uploads\/2026\/03\/\u201eWOOPIE-magnetiniai-konstruktoriaus-blokeliai-\u2013-3D-58-detales.jpg\" \/>\n\t<meta property=\"og:image:width\" content=\"1000\" \/>\n\t<meta property=\"og:image:height\" content=\"1000\" \/>\n\t<meta property=\"og:image:type\" content=\"image\/jpeg\" \/>\n<meta name=\"twitter:card\" content=\"summary_large_image\" \/>\n<meta name=\"twitter:label1\" content=\"Est. reading time\" \/>\n\t<meta name=\"twitter:data1\" content=\"1 min\u016bte\" \/>\n<script type=\"application\/ld+json\" class=\"yoast-schema-graph\">{\"@context\":\"https:\\\/\\\/schema.org\",\"@graph\":[{\"@type\":\"WebPage\",\"@id\":\"https:\\\/\\\/kidsplay.lt\\\/produktas\\\/woopie-magnetiniai-konstruktoriaus-blokeliai-3d-58-detales\\\/\",\"url\":\"https:\\\/\\\/kidsplay.lt\\\/produktas\\\/woopie-magnetiniai-konstruktoriaus-blokeliai-3d-58-detales\\\/\",\"name\":\"\u201eWOOPIE\u201c magnetiniai konstruktoriaus blokeliai \u2013 3D, 58 detal\u0117s\",\"isPartOf\":{\"@id\":\"https:\\\/\\\/kidsplay.lt\\\/#website\"},\"primaryImageOfPage\":{\"@id\":\"https:\\\/\\\/kidsplay.lt\\\/produktas\\\/woopie-magnetiniai-konstruktoriaus-blokeliai-3d-58-detales\\\/#primaryimage\"},\"image\":{\"@id\":\"https:\\\/\\\/kidsplay.lt\\\/produktas\\\/woopie-magnetiniai-konstruktoriaus-blokeliai-3d-58-detales\\\/#primaryimage\"},\"thumbnailUrl\":\"https:\\\/\\\/kidsplay.lt\\\/wp-content\\\/uploads\\\/2026\\\/03\\\/\u201eWOOPIE-magnetiniai-konstruktoriaus-blokeliai-\u2013-3D-58-detales.jpg\",\"datePublished\":\"2026-03-19T11:01:18+00:00\",\"dateModified\":\"2026-04-07T06:38:51+00:00\",\"description\":\"\u201eWOOPIE\u201c magnetiniai konstruktoriaus blokeliai \u2013 3D, 58 detal\u0117s - KidsPlay. Did\u017eiausias vaik\u0173 \u017eaisl\u0173 pasirinkimas.\",\"breadcrumb\":{\"@id\":\"https:\\\/\\\/kidsplay.lt\\\/produktas\\\/woopie-magnetiniai-konstruktoriaus-blokeliai-3d-58-detales\\\/#breadcrumb\"},\"inLanguage\":\"lv-LV\",\"potentialAction\":[{\"@type\":\"ReadAction\",\"target\":[\"https:\\\/\\\/kidsplay.lt\\\/produktas\\\/woopie-magnetiniai-konstruktoriaus-blokeliai-3d-58-detales\\\/\"]}]},{\"@type\":\"ImageObject\",\"inLanguage\":\"lv-LV\",\"@id\":\"https:\\\/\\\/kidsplay.lt\\\/produktas\\\/woopie-magnetiniai-konstruktoriaus-blokeliai-3d-58-detales\\\/#primaryimage\",\"url\":\"https:\\\/\\\/kidsplay.lt\\\/wp-content\\\/uploads\\\/2026\\\/03\\\/\u201eWOOPIE-magnetiniai-konstruktoriaus-blokeliai-\u2013-3D-58-detales.jpg\",\"contentUrl\":\"https:\\\/\\\/kidsplay.lt\\\/wp-content\\\/uploads\\\/2026\\\/03\\\/\u201eWOOPIE-magnetiniai-konstruktoriaus-blokeliai-\u2013-3D-58-detales.jpg\",\"width\":1000,\"height\":1000,\"caption\":\"\u201eWOOPIE\u201c magnetiniai konstruktoriaus blokeliai \u2013 3D\"},{\"@type\":\"BreadcrumbList\",\"@id\":\"https:\\\/\\\/kidsplay.lt\\\/produktas\\\/woopie-magnetiniai-konstruktoriaus-blokeliai-3d-58-detales\\\/#breadcrumb\",\"itemListElement\":[{\"@type\":\"ListItem\",\"position\":1,\"name\":\"Pagrindinis\",\"item\":\"https:\\\/\\\/kidsplay.lt\\\/\"},{\"@type\":\"ListItem\",\"position\":2,\"name\":\"Parduotuv\u0117\",\"item\":\"https:\\\/\\\/kidsplay.lt\\\/parduotuve\\\/\"},{\"@type\":\"ListItem\",\"position\":3,\"name\":\"\u201eWOOPIE\u201c magnetiniai konstruktoriaus blokeliai \u2013 3D, 58 detal\u0117s\"}]},{\"@type\":\"WebSite\",\"@id\":\"https:\\\/\\\/kidsplay.lt\\\/#website\",\"url\":\"https:\\\/\\\/kidsplay.lt\\\/\",\"name\":\"Kidsplay.lt\",\"description\":\"\u012evairios prek\u0117s vaikams\",\"publisher\":{\"@id\":\"https:\\\/\\\/kidsplay.lt\\\/#organization\"},\"alternateName\":\"Kidsplay\",\"potentialAction\":[{\"@type\":\"SearchAction\",\"target\":{\"@type\":\"EntryPoint\",\"urlTemplate\":\"https:\\\/\\\/kidsplay.lt\\\/?s={search_term_string}\"},\"query-input\":{\"@type\":\"PropertyValueSpecification\",\"valueRequired\":true,\"valueName\":\"search_term_string\"}}],\"inLanguage\":\"lv-LV\"},{\"@type\":\"Organization\",\"@id\":\"https:\\\/\\\/kidsplay.lt\\\/#organization\",\"name\":\"KidsPlay\",\"url\":\"https:\\\/\\\/kidsplay.lt\\\/\",\"logo\":{\"@type\":\"ImageObject\",\"inLanguage\":\"lv-LV\",\"@id\":\"https:\\\/\\\/kidsplay.lt\\\/#\\\/schema\\\/logo\\\/image\\\/\",\"url\":\"https:\\\/\\\/kidsplay.lt\\\/wp-content\\\/uploads\\\/2023\\\/07\\\/kidsplay-logo.png\",\"contentUrl\":\"https:\\\/\\\/kidsplay.lt\\\/wp-content\\\/uploads\\\/2023\\\/07\\\/kidsplay-logo.png\",\"width\":451,\"height\":98,\"caption\":\"KidsPlay\"},\"image\":{\"@id\":\"https:\\\/\\\/kidsplay.lt\\\/#\\\/schema\\\/logo\\\/image\\\/\"},\"sameAs\":[\"https:\\\/\\\/www.facebook.com\\\/www.kidsplay.lt\"]}]}<\/script>\n<!-- \/ Yoast SEO plugin. -->","yoast_head_json":{"title":"\u201eWOOPIE magn\u0113tiskie kluc\u012b\u0161i \u2013 3D, 58 gabali","description":"\u201eWOOPIE\u201c magnetiniai konstruktoriaus blokeliai \u2013 3D, 58 detal\u0117s - KidsPlay. Did\u017eiausias vaik\u0173 \u017eaisl\u0173 pasirinkimas.","robots":{"index":"index","follow":"follow","max-snippet":"max-snippet:-1","max-image-preview":"max-image-preview:large","max-video-preview":"max-video-preview:-1"},"canonical":"https:\/\/kidsplay.lt\/lv\/products\/woopie-magnetiniai-konstruktoriaus-blokeliai-3d-58-detales\/","og_locale":"lv_LV","og_type":"article","og_title":"\u201eWOOPIE\u201c magnetiniai konstruktoriaus blokeliai \u2013 3D, 58 detal\u0117s","og_description":"\u201eWOOPIE\u201c magnetiniai konstruktoriaus blokeliai \u2013 3D, 58 detal\u0117s - KidsPlay. Did\u017eiausias vaik\u0173 \u017eaisl\u0173 pasirinkimas.","og_url":"https:\/\/kidsplay.lt\/lv\/products\/woopie-magnetiniai-konstruktoriaus-blokeliai-3d-58-detales\/","og_site_name":"KidsPlay","article_publisher":"https:\/\/www.facebook.com\/www.kidsplay.lt","article_modified_time":"2026-04-07T06:38:51+00:00","og_image":[{"width":1000,"height":1000,"url":"https:\/\/kidsplay.lt\/wp-content\/uploads\/2026\/03\/\u201eWOOPIE-magnetiniai-konstruktoriaus-blokeliai-\u2013-3D-58-detales.jpg","type":"image\/jpeg"}],"twitter_card":"summary_large_image","twitter_misc":{"Est. reading time":"1 min\u016bte"},"schema":{"@context":"https:\/\/schema.org","@graph":[{"@type":"WebPage","@id":"https:\/\/kidsplay.lt\/produktas\/woopie-magnetiniai-konstruktoriaus-blokeliai-3d-58-detales\/","url":"https:\/\/kidsplay.lt\/produktas\/woopie-magnetiniai-konstruktoriaus-blokeliai-3d-58-detales\/","name":"\u201eWOOPIE magn\u0113tiskie kluc\u012b\u0161i \u2013 3D, 58 gabali","isPartOf":{"@id":"https:\/\/kidsplay.lt\/#website"},"primaryImageOfPage":{"@id":"https:\/\/kidsplay.lt\/produktas\/woopie-magnetiniai-konstruktoriaus-blokeliai-3d-58-detales\/#primaryimage"},"image":{"@id":"https:\/\/kidsplay.lt\/produktas\/woopie-magnetiniai-konstruktoriaus-blokeliai-3d-58-detales\/#primaryimage"},"thumbnailUrl":"https:\/\/kidsplay.lt\/wp-content\/uploads\/2026\/03\/\u201eWOOPIE-magnetiniai-konstruktoriaus-blokeliai-\u2013-3D-58-detales.jpg","datePublished":"2026-03-19T11:01:18+00:00","dateModified":"2026-04-07T06:38:51+00:00","description":"\u201eWOOPIE\u201c magnetiniai konstruktoriaus blokeliai \u2013 3D, 58 detal\u0117s - KidsPlay. Did\u017eiausias vaik\u0173 \u017eaisl\u0173 pasirinkimas.","breadcrumb":{"@id":"https:\/\/kidsplay.lt\/produktas\/woopie-magnetiniai-konstruktoriaus-blokeliai-3d-58-detales\/#breadcrumb"},"inLanguage":"lv-LV","potentialAction":[{"@type":"ReadAction","target":["https:\/\/kidsplay.lt\/produktas\/woopie-magnetiniai-konstruktoriaus-blokeliai-3d-58-detales\/"]}]},{"@type":"ImageObject","inLanguage":"lv-LV","@id":"https:\/\/kidsplay.lt\/produktas\/woopie-magnetiniai-konstruktoriaus-blokeliai-3d-58-detales\/#primaryimage","url":"https:\/\/kidsplay.lt\/wp-content\/uploads\/2026\/03\/\u201eWOOPIE-magnetiniai-konstruktoriaus-blokeliai-\u2013-3D-58-detales.jpg","contentUrl":"https:\/\/kidsplay.lt\/wp-content\/uploads\/2026\/03\/\u201eWOOPIE-magnetiniai-konstruktoriaus-blokeliai-\u2013-3D-58-detales.jpg","width":1000,"height":1000,"caption":"\u201eWOOPIE\u201c magnetiniai konstruktoriaus blokeliai \u2013 3D"},{"@type":"BreadcrumbList","@id":"https:\/\/kidsplay.lt\/produktas\/woopie-magnetiniai-konstruktoriaus-blokeliai-3d-58-detales\/#breadcrumb","itemListElement":[{"@type":"ListItem","position":1,"name":"Pagrindinis","item":"https:\/\/kidsplay.lt\/"},{"@type":"ListItem","position":2,"name":"Parduotuv\u0117","item":"https:\/\/kidsplay.lt\/parduotuve\/"},{"@type":"ListItem","position":3,"name":"\u201eWOOPIE\u201c magnetiniai konstruktoriaus blokeliai \u2013 3D, 58 detal\u0117s"}]},{"@type":"WebSite","@id":"https:\/\/kidsplay.lt\/#website","url":"https:\/\/kidsplay.lt\/","name":"B\u0113rnu sp\u0113les.lv","description":"\u012evairios prek\u0117s vaikams","publisher":{"@id":"https:\/\/kidsplay.lt\/#organization"},"alternateName":"Kidsplay","potentialAction":[{"@type":"SearchAction","target":{"@type":"EntryPoint","urlTemplate":"https:\/\/kidsplay.lt\/?s={search_term_string}"},"query-input":{"@type":"PropertyValueSpecification","valueRequired":true,"valueName":"search_term_string"}}],"inLanguage":"lv-LV"},{"@type":"Organization","@id":"https:\/\/kidsplay.lt\/#organization","name":"B\u0113rnu sp\u0113le","url":"https:\/\/kidsplay.lt\/","logo":{"@type":"ImageObject","inLanguage":"lv-LV","@id":"https:\/\/kidsplay.lt\/#\/schema\/logo\/image\/","url":"https:\/\/kidsplay.lt\/wp-content\/uploads\/2023\/07\/kidsplay-logo.png","contentUrl":"https:\/\/kidsplay.lt\/wp-content\/uploads\/2023\/07\/kidsplay-logo.png","width":451,"height":98,"caption":"KidsPlay"},"image":{"@id":"https:\/\/kidsplay.lt\/#\/schema\/logo\/image\/"},"sameAs":["https:\/\/www.facebook.com\/www.kidsplay.lt"]}]}},"_links":{"self":[{"href":"https:\/\/kidsplay.lt\/lv\/wp-json\/wp\/v2\/product\/94965","targetHints":{"allow":["GET"]}}],"collection":[{"href":"https:\/\/kidsplay.lt\/lv\/wp-json\/wp\/v2\/product"}],"about":[{"href":"https:\/\/kidsplay.lt\/lv\/wp-json\/wp\/v2\/types\/product"}],"version-history":[{"count":1,"href":"https:\/\/kidsplay.lt\/lv\/wp-json\/wp\/v2\/product\/94965\/revisions"}],"predecessor-version":[{"id":94966,"href":"https:\/\/kidsplay.lt\/lv\/wp-json\/wp\/v2\/product\/94965\/revisions\/94966"}],"wp:featuredmedia":[{"embeddable":true,"href":"https:\/\/kidsplay.lt\/lv\/wp-json\/wp\/v2\/media\/94967"}],"wp:attachment":[{"href":"https:\/\/kidsplay.lt\/lv\/wp-json\/wp\/v2\/media?parent=94965"}],"wp:term":[{"taxonomy":"product_brand","embeddable":true,"href":"https:\/\/kidsplay.lt\/lv\/wp-json\/wp\/v2\/product_brand?post=94965"},{"taxonomy":"product_cat","embeddable":true,"href":"https:\/\/kidsplay.lt\/lv\/wp-json\/wp\/v2\/product_cat?post=94965"},{"taxonomy":"product_tag","embeddable":true,"href":"https:\/\/kidsplay.lt\/lv\/wp-json\/wp\/v2\/product_tag?post=94965"}],"curies":[{"name":"wp","href":"https:\/\/api.w.org\/{rel}","templated":true}]}}