{"id":94976,"date":"2026-03-19T13:01:43","date_gmt":"2026-03-19T11:01:43","guid":{"rendered":"https:\/\/kidsplay.lt\/produktas\/woopie-arkadinis-stalo-zaidimas-alkanas-laimingas-varliukas-ir-krokodilai-vaikams-nuo-3-metu\/"},"modified":"2026-04-13T13:59:29","modified_gmt":"2026-04-13T10:59:29","slug":"woopie-arkadinis-stalo-zaidimas-alkanas-laimingas-varliukas-ir-krokodilai-vaikams-nuo-3-metu","status":"publish","type":"product","link":"https:\/\/kidsplay.lt\/lv\/products\/woopie-arkadinis-stalo-zaidimas-alkanas-laimingas-varliukas-ir-krokodilai-vaikams-nuo-3-metu\/","title":{"rendered":"\u201eWOOPIE ark\u0101des galda sp\u0113le - &quot;Izsalkusi laim\u012bga varde un krokodili&quot;, b\u0113rniem no 3 gadu vecuma"},"content":{"rendered":"<p>\u201eWOOPIE\u201c \u017eaidimas \u201eAlkanas laimingas varliukas ir krokodilai\u201c \u2013 puikus \u017eaidimas visiems! Paprastos taisykl\u0117s \u2013 tiesiog spauskite mygtuk\u0105 kuo grei\u010diau ir surinkite kuo daugiau kamuoliuk\u0173. Multiplayer \u017eaidimas 2\u20134 \u017eaid\u0117jams, skatinantis vaik\u0173 konkurencingum\u0105. \u017daidim\u0105 galima \u017eaisti bet kur!<br \/>\nRaksturojums:<\/p>\n<p>\u017daislas vaikams nuo 3 met\u0173<\/p>\n<p>Multiplayer \u017eaidimas \u2013 2\u20134 \u017eaid\u0117jai<\/p>\n<p>Paprastas \u017eaidimas visiems \u2013 tikslas surinkti kuo daugiau kamuoliuk\u0173<\/p>\n<p>Skatina vaik\u0173 konkurencij\u0105<\/p>\n<p>Spalvingas, patrauklus vaikams<\/p>\n<p>Tvirta konstrukcija \u2013 saugu vaikams<\/p>","protected":false},"excerpt":{"rendered":"<p>\u201eWOOPIE\u201c \u017eaidimas \u201eAlkanas laimingas varliukas ir krokodilai\u201c \u2013 puikus \u017eaidimas visiems! Paprastos taisykl\u0117s \u2013 tiesiog spauskite mygtuk\u0105 kuo grei\u010diau ir<\/p>","protected":false},"featured_media":94978,"template":"","meta":{"_acf_changed":false,"_glsr_average":0,"_glsr_ranking":0,"_glsr_reviews":0},"product_brand":[],"product_cat":[445,229],"product_tag":[],"class_list":{"0":"post-94976","1":"product","2":"type-product","3":"status-publish","4":"has-post-thumbnail","6":"product_cat-stalo-zaidimai","7":"product_cat-zaislai-vaikams","8":"\"style=\"background-color: #2ecc711c;\"","10":"first","11":"instock","12":"purchasable","13":"product-type-simple"},"acf":[],"yoast_head":"<!-- This site is optimized with the Yoast SEO plugin v27.4 - https:\/\/yoast.com\/product\/yoast-seo-wordpress\/ -->\n<title>\u201eWOOPIE\u201c arkadinis stalo \u017eaidimas \u2013 \u201eAlkanas laimingas varliukas ir krokodilai\u201c, vaikams nuo 3 met\u0173<\/title>\n<meta name=\"description\" content=\"\u201eWOOPIE\u201c arkadinis stalo \u017eaidimas \u2013 \u201eAlkanas laimingas varliukas ir krokodilai\u201c, vaikams nuo 3 met\u0173 - KidsPlay. Did\u017eiausias vaik\u0173 \u017eaisl\u0173 pasirinkimas.\" \/>\n<meta name=\"robots\" content=\"index, follow, max-snippet:-1, max-image-preview:large, max-video-preview:-1\" \/>\n<link rel=\"canonical\" href=\"https:\/\/kidsplay.lt\/lv\/products\/woopie-arkadinis-stalo-zaidimas-alkanas-laimingas-varliukas-ir-krokodilai-vaikams-nuo-3-metu\/\" \/>\n<meta property=\"og:locale\" content=\"lv_LV\" \/>\n<meta property=\"og:type\" content=\"article\" \/>\n<meta property=\"og:title\" content=\"\u201eWOOPIE\u201c arkadinis stalo \u017eaidimas \u2013 \u201eAlkanas laimingas varliukas ir krokodilai\u201c, vaikams nuo 3 met\u0173\" \/>\n<meta property=\"og:description\" content=\"\u201eWOOPIE\u201c arkadinis stalo \u017eaidimas \u2013 \u201eAlkanas laimingas varliukas ir krokodilai\u201c, vaikams nuo 3 met\u0173 - KidsPlay. Did\u017eiausias vaik\u0173 \u017eaisl\u0173 pasirinkimas.\" \/>\n<meta property=\"og:url\" content=\"https:\/\/kidsplay.lt\/lv\/products\/woopie-arkadinis-stalo-zaidimas-alkanas-laimingas-varliukas-ir-krokodilai-vaikams-nuo-3-metu\/\" \/>\n<meta property=\"og:site_name\" content=\"KidsPlay\" \/>\n<meta property=\"article:publisher\" content=\"https:\/\/www.facebook.com\/www.kidsplay.lt\" \/>\n<meta property=\"article:modified_time\" content=\"2026-04-13T10:59:29+00:00\" \/>\n<meta property=\"og:image\" content=\"https:\/\/kidsplay.lt\/wp-content\/uploads\/2026\/03\/\u201eWOOPIE-arkadinis-stalo-zaidimas-\u2013-\u201eAlkanas-laimingas-varliukas-ir-krokodilai-vaikams-nuo-3-metu.jpg\" \/>\n\t<meta property=\"og:image:width\" content=\"1280\" \/>\n\t<meta property=\"og:image:height\" content=\"1280\" \/>\n\t<meta property=\"og:image:type\" content=\"image\/jpeg\" \/>\n<meta name=\"twitter:card\" content=\"summary_large_image\" \/>\n<script type=\"application\/ld+json\" class=\"yoast-schema-graph\">{\"@context\":\"https:\\\/\\\/schema.org\",\"@graph\":[{\"@type\":\"WebPage\",\"@id\":\"https:\\\/\\\/kidsplay.lt\\\/produktas\\\/woopie-arkadinis-stalo-zaidimas-alkanas-laimingas-varliukas-ir-krokodilai-vaikams-nuo-3-metu\\\/\",\"url\":\"https:\\\/\\\/kidsplay.lt\\\/produktas\\\/woopie-arkadinis-stalo-zaidimas-alkanas-laimingas-varliukas-ir-krokodilai-vaikams-nuo-3-metu\\\/\",\"name\":\"\u201eWOOPIE\u201c arkadinis stalo \u017eaidimas \u2013 \u201eAlkanas laimingas varliukas ir krokodilai\u201c, vaikams nuo 3 met\u0173\",\"isPartOf\":{\"@id\":\"https:\\\/\\\/kidsplay.lt\\\/#website\"},\"primaryImageOfPage\":{\"@id\":\"https:\\\/\\\/kidsplay.lt\\\/produktas\\\/woopie-arkadinis-stalo-zaidimas-alkanas-laimingas-varliukas-ir-krokodilai-vaikams-nuo-3-metu\\\/#primaryimage\"},\"image\":{\"@id\":\"https:\\\/\\\/kidsplay.lt\\\/produktas\\\/woopie-arkadinis-stalo-zaidimas-alkanas-laimingas-varliukas-ir-krokodilai-vaikams-nuo-3-metu\\\/#primaryimage\"},\"thumbnailUrl\":\"https:\\\/\\\/kidsplay.lt\\\/wp-content\\\/uploads\\\/2026\\\/03\\\/\u201eWOOPIE-arkadinis-stalo-zaidimas-\u2013-\u201eAlkanas-laimingas-varliukas-ir-krokodilai-vaikams-nuo-3-metu.jpg\",\"datePublished\":\"2026-03-19T11:01:43+00:00\",\"dateModified\":\"2026-04-13T10:59:29+00:00\",\"description\":\"\u201eWOOPIE\u201c arkadinis stalo \u017eaidimas \u2013 \u201eAlkanas laimingas varliukas ir krokodilai\u201c, vaikams nuo 3 met\u0173 - KidsPlay. Did\u017eiausias vaik\u0173 \u017eaisl\u0173 pasirinkimas.\",\"breadcrumb\":{\"@id\":\"https:\\\/\\\/kidsplay.lt\\\/produktas\\\/woopie-arkadinis-stalo-zaidimas-alkanas-laimingas-varliukas-ir-krokodilai-vaikams-nuo-3-metu\\\/#breadcrumb\"},\"inLanguage\":\"lv-LV\",\"potentialAction\":[{\"@type\":\"ReadAction\",\"target\":[\"https:\\\/\\\/kidsplay.lt\\\/produktas\\\/woopie-arkadinis-stalo-zaidimas-alkanas-laimingas-varliukas-ir-krokodilai-vaikams-nuo-3-metu\\\/\"]}]},{\"@type\":\"ImageObject\",\"inLanguage\":\"lv-LV\",\"@id\":\"https:\\\/\\\/kidsplay.lt\\\/produktas\\\/woopie-arkadinis-stalo-zaidimas-alkanas-laimingas-varliukas-ir-krokodilai-vaikams-nuo-3-metu\\\/#primaryimage\",\"url\":\"https:\\\/\\\/kidsplay.lt\\\/wp-content\\\/uploads\\\/2026\\\/03\\\/\u201eWOOPIE-arkadinis-stalo-zaidimas-\u2013-\u201eAlkanas-laimingas-varliukas-ir-krokodilai-vaikams-nuo-3-metu.jpg\",\"contentUrl\":\"https:\\\/\\\/kidsplay.lt\\\/wp-content\\\/uploads\\\/2026\\\/03\\\/\u201eWOOPIE-arkadinis-stalo-zaidimas-\u2013-\u201eAlkanas-laimingas-varliukas-ir-krokodilai-vaikams-nuo-3-metu.jpg\",\"width\":1280,\"height\":1280,\"caption\":\"\u201eWOOPIE\u201c arkadinis stalo \u017eaidimas \u2013 \u201eAlkanas laimingas varliukas ir krokodilai\u201c\"},{\"@type\":\"BreadcrumbList\",\"@id\":\"https:\\\/\\\/kidsplay.lt\\\/produktas\\\/woopie-arkadinis-stalo-zaidimas-alkanas-laimingas-varliukas-ir-krokodilai-vaikams-nuo-3-metu\\\/#breadcrumb\",\"itemListElement\":[{\"@type\":\"ListItem\",\"position\":1,\"name\":\"Pagrindinis\",\"item\":\"https:\\\/\\\/kidsplay.lt\\\/\"},{\"@type\":\"ListItem\",\"position\":2,\"name\":\"Parduotuv\u0117\",\"item\":\"https:\\\/\\\/kidsplay.lt\\\/parduotuve\\\/\"},{\"@type\":\"ListItem\",\"position\":3,\"name\":\"\u201eWOOPIE\u201c arkadinis stalo \u017eaidimas \u2013 \u201eAlkanas laimingas varliukas ir krokodilai\u201c, vaikams nuo 3 met\u0173\"}]},{\"@type\":\"WebSite\",\"@id\":\"https:\\\/\\\/kidsplay.lt\\\/#website\",\"url\":\"https:\\\/\\\/kidsplay.lt\\\/\",\"name\":\"Kidsplay.lt\",\"description\":\"\u012evairios prek\u0117s vaikams\",\"publisher\":{\"@id\":\"https:\\\/\\\/kidsplay.lt\\\/#organization\"},\"alternateName\":\"Kidsplay\",\"potentialAction\":[{\"@type\":\"SearchAction\",\"target\":{\"@type\":\"EntryPoint\",\"urlTemplate\":\"https:\\\/\\\/kidsplay.lt\\\/?s={search_term_string}\"},\"query-input\":{\"@type\":\"PropertyValueSpecification\",\"valueRequired\":true,\"valueName\":\"search_term_string\"}}],\"inLanguage\":\"lv-LV\"},{\"@type\":\"Organization\",\"@id\":\"https:\\\/\\\/kidsplay.lt\\\/#organization\",\"name\":\"KidsPlay\",\"url\":\"https:\\\/\\\/kidsplay.lt\\\/\",\"logo\":{\"@type\":\"ImageObject\",\"inLanguage\":\"lv-LV\",\"@id\":\"https:\\\/\\\/kidsplay.lt\\\/#\\\/schema\\\/logo\\\/image\\\/\",\"url\":\"https:\\\/\\\/kidsplay.lt\\\/wp-content\\\/uploads\\\/2023\\\/07\\\/kidsplay-logo.png\",\"contentUrl\":\"https:\\\/\\\/kidsplay.lt\\\/wp-content\\\/uploads\\\/2023\\\/07\\\/kidsplay-logo.png\",\"width\":451,\"height\":98,\"caption\":\"KidsPlay\"},\"image\":{\"@id\":\"https:\\\/\\\/kidsplay.lt\\\/#\\\/schema\\\/logo\\\/image\\\/\"},\"sameAs\":[\"https:\\\/\\\/www.facebook.com\\\/www.kidsplay.lt\"]}]}<\/script>\n<!-- \/ Yoast SEO plugin. -->","yoast_head_json":{"title":"\u201eWOOPIE ark\u0101des galda sp\u0113le - &quot;Izsalkusi laim\u012bga varde un krokodili&quot;, b\u0113rniem no 3 gadu vecuma","description":"\u201eWOOPIE\u201c arkadinis stalo \u017eaidimas \u2013 \u201eAlkanas laimingas varliukas ir krokodilai\u201c, vaikams nuo 3 met\u0173 - KidsPlay. Did\u017eiausias vaik\u0173 \u017eaisl\u0173 pasirinkimas.","robots":{"index":"index","follow":"follow","max-snippet":"max-snippet:-1","max-image-preview":"max-image-preview:large","max-video-preview":"max-video-preview:-1"},"canonical":"https:\/\/kidsplay.lt\/lv\/products\/woopie-arkadinis-stalo-zaidimas-alkanas-laimingas-varliukas-ir-krokodilai-vaikams-nuo-3-metu\/","og_locale":"lv_LV","og_type":"article","og_title":"\u201eWOOPIE\u201c arkadinis stalo \u017eaidimas \u2013 \u201eAlkanas laimingas varliukas ir krokodilai\u201c, vaikams nuo 3 met\u0173","og_description":"\u201eWOOPIE\u201c arkadinis stalo \u017eaidimas \u2013 \u201eAlkanas laimingas varliukas ir krokodilai\u201c, vaikams nuo 3 met\u0173 - KidsPlay. Did\u017eiausias vaik\u0173 \u017eaisl\u0173 pasirinkimas.","og_url":"https:\/\/kidsplay.lt\/lv\/products\/woopie-arkadinis-stalo-zaidimas-alkanas-laimingas-varliukas-ir-krokodilai-vaikams-nuo-3-metu\/","og_site_name":"KidsPlay","article_publisher":"https:\/\/www.facebook.com\/www.kidsplay.lt","article_modified_time":"2026-04-13T10:59:29+00:00","og_image":[{"width":1280,"height":1280,"url":"https:\/\/kidsplay.lt\/wp-content\/uploads\/2026\/03\/\u201eWOOPIE-arkadinis-stalo-zaidimas-\u2013-\u201eAlkanas-laimingas-varliukas-ir-krokodilai-vaikams-nuo-3-metu.jpg","type":"image\/jpeg"}],"twitter_card":"summary_large_image","schema":{"@context":"https:\/\/schema.org","@graph":[{"@type":"WebPage","@id":"https:\/\/kidsplay.lt\/produktas\/woopie-arkadinis-stalo-zaidimas-alkanas-laimingas-varliukas-ir-krokodilai-vaikams-nuo-3-metu\/","url":"https:\/\/kidsplay.lt\/produktas\/woopie-arkadinis-stalo-zaidimas-alkanas-laimingas-varliukas-ir-krokodilai-vaikams-nuo-3-metu\/","name":"\u201eWOOPIE ark\u0101des galda sp\u0113le - &quot;Izsalkusi laim\u012bga varde un krokodili&quot;, b\u0113rniem no 3 gadu vecuma","isPartOf":{"@id":"https:\/\/kidsplay.lt\/#website"},"primaryImageOfPage":{"@id":"https:\/\/kidsplay.lt\/produktas\/woopie-arkadinis-stalo-zaidimas-alkanas-laimingas-varliukas-ir-krokodilai-vaikams-nuo-3-metu\/#primaryimage"},"image":{"@id":"https:\/\/kidsplay.lt\/produktas\/woopie-arkadinis-stalo-zaidimas-alkanas-laimingas-varliukas-ir-krokodilai-vaikams-nuo-3-metu\/#primaryimage"},"thumbnailUrl":"https:\/\/kidsplay.lt\/wp-content\/uploads\/2026\/03\/\u201eWOOPIE-arkadinis-stalo-zaidimas-\u2013-\u201eAlkanas-laimingas-varliukas-ir-krokodilai-vaikams-nuo-3-metu.jpg","datePublished":"2026-03-19T11:01:43+00:00","dateModified":"2026-04-13T10:59:29+00:00","description":"\u201eWOOPIE\u201c arkadinis stalo \u017eaidimas \u2013 \u201eAlkanas laimingas varliukas ir krokodilai\u201c, vaikams nuo 3 met\u0173 - KidsPlay. Did\u017eiausias vaik\u0173 \u017eaisl\u0173 pasirinkimas.","breadcrumb":{"@id":"https:\/\/kidsplay.lt\/produktas\/woopie-arkadinis-stalo-zaidimas-alkanas-laimingas-varliukas-ir-krokodilai-vaikams-nuo-3-metu\/#breadcrumb"},"inLanguage":"lv-LV","potentialAction":[{"@type":"ReadAction","target":["https:\/\/kidsplay.lt\/produktas\/woopie-arkadinis-stalo-zaidimas-alkanas-laimingas-varliukas-ir-krokodilai-vaikams-nuo-3-metu\/"]}]},{"@type":"ImageObject","inLanguage":"lv-LV","@id":"https:\/\/kidsplay.lt\/produktas\/woopie-arkadinis-stalo-zaidimas-alkanas-laimingas-varliukas-ir-krokodilai-vaikams-nuo-3-metu\/#primaryimage","url":"https:\/\/kidsplay.lt\/wp-content\/uploads\/2026\/03\/\u201eWOOPIE-arkadinis-stalo-zaidimas-\u2013-\u201eAlkanas-laimingas-varliukas-ir-krokodilai-vaikams-nuo-3-metu.jpg","contentUrl":"https:\/\/kidsplay.lt\/wp-content\/uploads\/2026\/03\/\u201eWOOPIE-arkadinis-stalo-zaidimas-\u2013-\u201eAlkanas-laimingas-varliukas-ir-krokodilai-vaikams-nuo-3-metu.jpg","width":1280,"height":1280,"caption":"\u201eWOOPIE\u201c arkadinis stalo \u017eaidimas \u2013 \u201eAlkanas laimingas varliukas ir krokodilai\u201c"},{"@type":"BreadcrumbList","@id":"https:\/\/kidsplay.lt\/produktas\/woopie-arkadinis-stalo-zaidimas-alkanas-laimingas-varliukas-ir-krokodilai-vaikams-nuo-3-metu\/#breadcrumb","itemListElement":[{"@type":"ListItem","position":1,"name":"Pagrindinis","item":"https:\/\/kidsplay.lt\/"},{"@type":"ListItem","position":2,"name":"Parduotuv\u0117","item":"https:\/\/kidsplay.lt\/parduotuve\/"},{"@type":"ListItem","position":3,"name":"\u201eWOOPIE\u201c arkadinis stalo \u017eaidimas \u2013 \u201eAlkanas laimingas varliukas ir krokodilai\u201c, vaikams nuo 3 met\u0173"}]},{"@type":"WebSite","@id":"https:\/\/kidsplay.lt\/#website","url":"https:\/\/kidsplay.lt\/","name":"B\u0113rnu sp\u0113les.lv","description":"\u012evairios prek\u0117s vaikams","publisher":{"@id":"https:\/\/kidsplay.lt\/#organization"},"alternateName":"Kidsplay","potentialAction":[{"@type":"SearchAction","target":{"@type":"EntryPoint","urlTemplate":"https:\/\/kidsplay.lt\/?s={search_term_string}"},"query-input":{"@type":"PropertyValueSpecification","valueRequired":true,"valueName":"search_term_string"}}],"inLanguage":"lv-LV"},{"@type":"Organization","@id":"https:\/\/kidsplay.lt\/#organization","name":"B\u0113rnu sp\u0113le","url":"https:\/\/kidsplay.lt\/","logo":{"@type":"ImageObject","inLanguage":"lv-LV","@id":"https:\/\/kidsplay.lt\/#\/schema\/logo\/image\/","url":"https:\/\/kidsplay.lt\/wp-content\/uploads\/2023\/07\/kidsplay-logo.png","contentUrl":"https:\/\/kidsplay.lt\/wp-content\/uploads\/2023\/07\/kidsplay-logo.png","width":451,"height":98,"caption":"KidsPlay"},"image":{"@id":"https:\/\/kidsplay.lt\/#\/schema\/logo\/image\/"},"sameAs":["https:\/\/www.facebook.com\/www.kidsplay.lt"]}]}},"_links":{"self":[{"href":"https:\/\/kidsplay.lt\/lv\/wp-json\/wp\/v2\/product\/94976","targetHints":{"allow":["GET"]}}],"collection":[{"href":"https:\/\/kidsplay.lt\/lv\/wp-json\/wp\/v2\/product"}],"about":[{"href":"https:\/\/kidsplay.lt\/lv\/wp-json\/wp\/v2\/types\/product"}],"version-history":[{"count":1,"href":"https:\/\/kidsplay.lt\/lv\/wp-json\/wp\/v2\/product\/94976\/revisions"}],"predecessor-version":[{"id":94977,"href":"https:\/\/kidsplay.lt\/lv\/wp-json\/wp\/v2\/product\/94976\/revisions\/94977"}],"wp:featuredmedia":[{"embeddable":true,"href":"https:\/\/kidsplay.lt\/lv\/wp-json\/wp\/v2\/media\/94978"}],"wp:attachment":[{"href":"https:\/\/kidsplay.lt\/lv\/wp-json\/wp\/v2\/media?parent=94976"}],"wp:term":[{"taxonomy":"product_brand","embeddable":true,"href":"https:\/\/kidsplay.lt\/lv\/wp-json\/wp\/v2\/product_brand?post=94976"},{"taxonomy":"product_cat","embeddable":true,"href":"https:\/\/kidsplay.lt\/lv\/wp-json\/wp\/v2\/product_cat?post=94976"},{"taxonomy":"product_tag","embeddable":true,"href":"https:\/\/kidsplay.lt\/lv\/wp-json\/wp\/v2\/product_tag?post=94976"}],"curies":[{"name":"wp","href":"https:\/\/api.w.org\/{rel}","templated":true}]}}