{"id":94983,"date":"2026-03-19T13:02:00","date_gmt":"2026-03-19T11:02:00","guid":{"rendered":"https:\/\/kidsplay.lt\/produktas\/woopie-arkadinis-zaidimas-gaudyk-disko-frisbee-paleideja\/"},"modified":"2026-04-07T09:39:01","modified_gmt":"2026-04-07T06:39:01","slug":"woopie-arkadinis-zaidimas-gaudyk-disko-frisbee-paleideja","status":"publish","type":"product","link":"https:\/\/kidsplay.lt\/lv\/products\/woopie-arkadinis-zaidimas-gaudyk-disko-frisbee-paleideja\/","title":{"rendered":"\u201eWOOPIE\u201c arkadinis \u017eaidimas \u2013 \u201eGaudyk disko Frisbee paleid\u0117j\u0105\u201c"},"content":{"rendered":"<p>\u201eWOOPIE\u201c \u017eaidimas \u201eDramblys katapultuoja \u2013 gaudyk Frisbee\u201c \u2013 puikus b\u016bdas visai \u0161eimai smagiai leisti laik\u0105 kartu! \u017daidimas lavina vikrum\u0105, koncentracij\u0105 ir motorin\u0119 koordinacij\u0105. \u017daid\u0117jai turi pagauti disk\u0105, kur\u012f paleid\u017eia dramblys. Kuo stipriau paspaud\u017eiate mygtuk\u0105, tuo auk\u0161\u010diau diskas pakils, tod\u0117l \u017eaidimas tampa dar \u012fdomesnis. \u017daislas tinka tiek vaikams, tiek suaugusiems, yra saugus ir komplekte yra apsauginiai akiniai su stiklu, saugantys akis ir veid\u0105 \u017eaidimo metu.<br \/>\nRaksturojums:<\/p>\n<p>\u017daislas vaikams nuo 3 met\u0173<\/p>\n<p>Lavina vikrum\u0105, koncentracij\u0105 ir motorin\u0119 koordinacij\u0105<\/p>\n<p>Daugiakartinio naudojimo \u017eaislas<\/p>\n<p>Tinka tiek vaikams, tiek suaugusiems<\/p>\n<p>Galimyb\u0117 var\u017eytis ir eksperimentuoti su paspaudimo j\u0117ga<\/p>\n<p>Saugus \u017eaislas<\/p>\n<p>Rinkin\u012f sudaro:<\/p>\n<p>2 tinklai<\/p>\n<p>Akiniai su apsauginiu stiklu<\/p>\n<p>8 diskai<\/p>\n<p>Dramblys paleid\u0117jas<\/p>\n<p>Nuotraukos su ro\u017eine versija skirtos tik iliustracijai.<\/p>","protected":false},"excerpt":{"rendered":"<p>\u201eWOOPIE\u201c \u017eaidimas \u201eDramblys katapultuoja \u2013 gaudyk Frisbee\u201c \u2013 puikus b\u016bdas visai \u0161eimai smagiai leisti laik\u0105 kartu! \u017daidimas lavina vikrum\u0105, koncentracij\u0105<\/p>","protected":false},"featured_media":94985,"template":"","meta":{"_acf_changed":false,"_glsr_average":0,"_glsr_ranking":0,"_glsr_reviews":0},"product_brand":[],"product_cat":[445,229],"product_tag":[],"class_list":{"0":"post-94983","1":"product","2":"type-product","3":"status-publish","4":"has-post-thumbnail","6":"product_cat-stalo-zaidimai","7":"product_cat-zaislai-vaikams","8":"\"style=\"background-color: #2ecc711c;\"","10":"first","11":"instock","12":"purchasable","13":"product-type-simple"},"acf":[],"yoast_head":"<!-- This site is optimized with the Yoast SEO plugin v27.3 - https:\/\/yoast.com\/product\/yoast-seo-wordpress\/ -->\n<title>\u201eWOOPIE\u201c arkadinis \u017eaidimas \u2013 \u201eGaudyk disko Frisbee paleid\u0117j\u0105\u201c<\/title>\n<meta name=\"description\" content=\"\u201eWOOPIE\u201c arkadinis \u017eaidimas \u2013 \u201eGaudyk disko Frisbee paleid\u0117j\u0105\u201c - KidsPlay. Did\u017eiausias vaik\u0173 \u017eaisl\u0173 pasirinkimas.\" \/>\n<meta name=\"robots\" content=\"index, follow, max-snippet:-1, max-image-preview:large, max-video-preview:-1\" \/>\n<link rel=\"canonical\" href=\"https:\/\/kidsplay.lt\/lv\/products\/woopie-arkadinis-zaidimas-gaudyk-disko-frisbee-paleideja\/\" \/>\n<meta property=\"og:locale\" content=\"lv_LV\" \/>\n<meta property=\"og:type\" content=\"article\" \/>\n<meta property=\"og:title\" content=\"\u201eWOOPIE\u201c arkadinis \u017eaidimas \u2013 \u201eGaudyk disko Frisbee paleid\u0117j\u0105\u201c\" \/>\n<meta property=\"og:description\" content=\"\u201eWOOPIE\u201c arkadinis \u017eaidimas \u2013 \u201eGaudyk disko Frisbee paleid\u0117j\u0105\u201c - KidsPlay. Did\u017eiausias vaik\u0173 \u017eaisl\u0173 pasirinkimas.\" \/>\n<meta property=\"og:url\" content=\"https:\/\/kidsplay.lt\/lv\/products\/woopie-arkadinis-zaidimas-gaudyk-disko-frisbee-paleideja\/\" \/>\n<meta property=\"og:site_name\" content=\"KidsPlay\" \/>\n<meta property=\"article:publisher\" content=\"https:\/\/www.facebook.com\/www.kidsplay.lt\" \/>\n<meta property=\"article:modified_time\" content=\"2026-04-07T06:39:01+00:00\" \/>\n<meta property=\"og:image\" content=\"https:\/\/kidsplay.lt\/wp-content\/uploads\/2026\/03\/\u201eWOOPIE-arkadinis-zaidimas-\u2013-\u201eGaudyk-disko-Frisbee-paleideja.jpg\" \/>\n\t<meta property=\"og:image:width\" content=\"1000\" \/>\n\t<meta property=\"og:image:height\" content=\"1000\" \/>\n\t<meta property=\"og:image:type\" content=\"image\/jpeg\" \/>\n<meta name=\"twitter:card\" content=\"summary_large_image\" \/>\n<meta name=\"twitter:label1\" content=\"Est. reading time\" \/>\n\t<meta name=\"twitter:data1\" content=\"1 min\u016bte\" \/>\n<script type=\"application\/ld+json\" class=\"yoast-schema-graph\">{\"@context\":\"https:\\\/\\\/schema.org\",\"@graph\":[{\"@type\":\"WebPage\",\"@id\":\"https:\\\/\\\/kidsplay.lt\\\/produktas\\\/woopie-arkadinis-zaidimas-gaudyk-disko-frisbee-paleideja\\\/\",\"url\":\"https:\\\/\\\/kidsplay.lt\\\/produktas\\\/woopie-arkadinis-zaidimas-gaudyk-disko-frisbee-paleideja\\\/\",\"name\":\"\u201eWOOPIE\u201c arkadinis \u017eaidimas \u2013 \u201eGaudyk disko Frisbee paleid\u0117j\u0105\u201c\",\"isPartOf\":{\"@id\":\"https:\\\/\\\/kidsplay.lt\\\/#website\"},\"primaryImageOfPage\":{\"@id\":\"https:\\\/\\\/kidsplay.lt\\\/produktas\\\/woopie-arkadinis-zaidimas-gaudyk-disko-frisbee-paleideja\\\/#primaryimage\"},\"image\":{\"@id\":\"https:\\\/\\\/kidsplay.lt\\\/produktas\\\/woopie-arkadinis-zaidimas-gaudyk-disko-frisbee-paleideja\\\/#primaryimage\"},\"thumbnailUrl\":\"https:\\\/\\\/kidsplay.lt\\\/wp-content\\\/uploads\\\/2026\\\/03\\\/\u201eWOOPIE-arkadinis-zaidimas-\u2013-\u201eGaudyk-disko-Frisbee-paleideja.jpg\",\"datePublished\":\"2026-03-19T11:02:00+00:00\",\"dateModified\":\"2026-04-07T06:39:01+00:00\",\"description\":\"\u201eWOOPIE\u201c arkadinis \u017eaidimas \u2013 \u201eGaudyk disko Frisbee paleid\u0117j\u0105\u201c - KidsPlay. Did\u017eiausias vaik\u0173 \u017eaisl\u0173 pasirinkimas.\",\"breadcrumb\":{\"@id\":\"https:\\\/\\\/kidsplay.lt\\\/produktas\\\/woopie-arkadinis-zaidimas-gaudyk-disko-frisbee-paleideja\\\/#breadcrumb\"},\"inLanguage\":\"lv-LV\",\"potentialAction\":[{\"@type\":\"ReadAction\",\"target\":[\"https:\\\/\\\/kidsplay.lt\\\/produktas\\\/woopie-arkadinis-zaidimas-gaudyk-disko-frisbee-paleideja\\\/\"]}]},{\"@type\":\"ImageObject\",\"inLanguage\":\"lv-LV\",\"@id\":\"https:\\\/\\\/kidsplay.lt\\\/produktas\\\/woopie-arkadinis-zaidimas-gaudyk-disko-frisbee-paleideja\\\/#primaryimage\",\"url\":\"https:\\\/\\\/kidsplay.lt\\\/wp-content\\\/uploads\\\/2026\\\/03\\\/\u201eWOOPIE-arkadinis-zaidimas-\u2013-\u201eGaudyk-disko-Frisbee-paleideja.jpg\",\"contentUrl\":\"https:\\\/\\\/kidsplay.lt\\\/wp-content\\\/uploads\\\/2026\\\/03\\\/\u201eWOOPIE-arkadinis-zaidimas-\u2013-\u201eGaudyk-disko-Frisbee-paleideja.jpg\",\"width\":1000,\"height\":1000,\"caption\":\"\u201eWOOPIE\u201c arkadinis \u017eaidimas \u2013 \u201eGaudyk disko Frisbee paleid\u0117j\u0105\u201c\"},{\"@type\":\"BreadcrumbList\",\"@id\":\"https:\\\/\\\/kidsplay.lt\\\/produktas\\\/woopie-arkadinis-zaidimas-gaudyk-disko-frisbee-paleideja\\\/#breadcrumb\",\"itemListElement\":[{\"@type\":\"ListItem\",\"position\":1,\"name\":\"Pagrindinis\",\"item\":\"https:\\\/\\\/kidsplay.lt\\\/\"},{\"@type\":\"ListItem\",\"position\":2,\"name\":\"Parduotuv\u0117\",\"item\":\"https:\\\/\\\/kidsplay.lt\\\/parduotuve\\\/\"},{\"@type\":\"ListItem\",\"position\":3,\"name\":\"\u201eWOOPIE\u201c arkadinis \u017eaidimas \u2013 \u201eGaudyk disko Frisbee paleid\u0117j\u0105\u201c\"}]},{\"@type\":\"WebSite\",\"@id\":\"https:\\\/\\\/kidsplay.lt\\\/#website\",\"url\":\"https:\\\/\\\/kidsplay.lt\\\/\",\"name\":\"Kidsplay.lt\",\"description\":\"\u012evairios prek\u0117s vaikams\",\"publisher\":{\"@id\":\"https:\\\/\\\/kidsplay.lt\\\/#organization\"},\"alternateName\":\"Kidsplay\",\"potentialAction\":[{\"@type\":\"SearchAction\",\"target\":{\"@type\":\"EntryPoint\",\"urlTemplate\":\"https:\\\/\\\/kidsplay.lt\\\/?s={search_term_string}\"},\"query-input\":{\"@type\":\"PropertyValueSpecification\",\"valueRequired\":true,\"valueName\":\"search_term_string\"}}],\"inLanguage\":\"lv-LV\"},{\"@type\":\"Organization\",\"@id\":\"https:\\\/\\\/kidsplay.lt\\\/#organization\",\"name\":\"KidsPlay\",\"url\":\"https:\\\/\\\/kidsplay.lt\\\/\",\"logo\":{\"@type\":\"ImageObject\",\"inLanguage\":\"lv-LV\",\"@id\":\"https:\\\/\\\/kidsplay.lt\\\/#\\\/schema\\\/logo\\\/image\\\/\",\"url\":\"https:\\\/\\\/kidsplay.lt\\\/wp-content\\\/uploads\\\/2023\\\/07\\\/kidsplay-logo.png\",\"contentUrl\":\"https:\\\/\\\/kidsplay.lt\\\/wp-content\\\/uploads\\\/2023\\\/07\\\/kidsplay-logo.png\",\"width\":451,\"height\":98,\"caption\":\"KidsPlay\"},\"image\":{\"@id\":\"https:\\\/\\\/kidsplay.lt\\\/#\\\/schema\\\/logo\\\/image\\\/\"},\"sameAs\":[\"https:\\\/\\\/www.facebook.com\\\/www.kidsplay.lt\"]}]}<\/script>\n<!-- \/ Yoast SEO plugin. -->","yoast_head_json":{"title":"\u201eWOOPIE\u201c arkadinis \u017eaidimas \u2013 \u201eGaudyk disko Frisbee paleid\u0117j\u0105\u201c","description":"\u201eWOOPIE\u201c arkadinis \u017eaidimas \u2013 \u201eGaudyk disko Frisbee paleid\u0117j\u0105\u201c - KidsPlay. Did\u017eiausias vaik\u0173 \u017eaisl\u0173 pasirinkimas.","robots":{"index":"index","follow":"follow","max-snippet":"max-snippet:-1","max-image-preview":"max-image-preview:large","max-video-preview":"max-video-preview:-1"},"canonical":"https:\/\/kidsplay.lt\/lv\/products\/woopie-arkadinis-zaidimas-gaudyk-disko-frisbee-paleideja\/","og_locale":"lv_LV","og_type":"article","og_title":"\u201eWOOPIE\u201c arkadinis \u017eaidimas \u2013 \u201eGaudyk disko Frisbee paleid\u0117j\u0105\u201c","og_description":"\u201eWOOPIE\u201c arkadinis \u017eaidimas \u2013 \u201eGaudyk disko Frisbee paleid\u0117j\u0105\u201c - KidsPlay. Did\u017eiausias vaik\u0173 \u017eaisl\u0173 pasirinkimas.","og_url":"https:\/\/kidsplay.lt\/lv\/products\/woopie-arkadinis-zaidimas-gaudyk-disko-frisbee-paleideja\/","og_site_name":"KidsPlay","article_publisher":"https:\/\/www.facebook.com\/www.kidsplay.lt","article_modified_time":"2026-04-07T06:39:01+00:00","og_image":[{"width":1000,"height":1000,"url":"https:\/\/kidsplay.lt\/wp-content\/uploads\/2026\/03\/\u201eWOOPIE-arkadinis-zaidimas-\u2013-\u201eGaudyk-disko-Frisbee-paleideja.jpg","type":"image\/jpeg"}],"twitter_card":"summary_large_image","twitter_misc":{"Est. reading time":"1 min\u016bte"},"schema":{"@context":"https:\/\/schema.org","@graph":[{"@type":"WebPage","@id":"https:\/\/kidsplay.lt\/produktas\/woopie-arkadinis-zaidimas-gaudyk-disko-frisbee-paleideja\/","url":"https:\/\/kidsplay.lt\/produktas\/woopie-arkadinis-zaidimas-gaudyk-disko-frisbee-paleideja\/","name":"\u201eWOOPIE\u201c arkadinis \u017eaidimas \u2013 \u201eGaudyk disko Frisbee paleid\u0117j\u0105\u201c","isPartOf":{"@id":"https:\/\/kidsplay.lt\/#website"},"primaryImageOfPage":{"@id":"https:\/\/kidsplay.lt\/produktas\/woopie-arkadinis-zaidimas-gaudyk-disko-frisbee-paleideja\/#primaryimage"},"image":{"@id":"https:\/\/kidsplay.lt\/produktas\/woopie-arkadinis-zaidimas-gaudyk-disko-frisbee-paleideja\/#primaryimage"},"thumbnailUrl":"https:\/\/kidsplay.lt\/wp-content\/uploads\/2026\/03\/\u201eWOOPIE-arkadinis-zaidimas-\u2013-\u201eGaudyk-disko-Frisbee-paleideja.jpg","datePublished":"2026-03-19T11:02:00+00:00","dateModified":"2026-04-07T06:39:01+00:00","description":"\u201eWOOPIE\u201c arkadinis \u017eaidimas \u2013 \u201eGaudyk disko Frisbee paleid\u0117j\u0105\u201c - KidsPlay. Did\u017eiausias vaik\u0173 \u017eaisl\u0173 pasirinkimas.","breadcrumb":{"@id":"https:\/\/kidsplay.lt\/produktas\/woopie-arkadinis-zaidimas-gaudyk-disko-frisbee-paleideja\/#breadcrumb"},"inLanguage":"lv-LV","potentialAction":[{"@type":"ReadAction","target":["https:\/\/kidsplay.lt\/produktas\/woopie-arkadinis-zaidimas-gaudyk-disko-frisbee-paleideja\/"]}]},{"@type":"ImageObject","inLanguage":"lv-LV","@id":"https:\/\/kidsplay.lt\/produktas\/woopie-arkadinis-zaidimas-gaudyk-disko-frisbee-paleideja\/#primaryimage","url":"https:\/\/kidsplay.lt\/wp-content\/uploads\/2026\/03\/\u201eWOOPIE-arkadinis-zaidimas-\u2013-\u201eGaudyk-disko-Frisbee-paleideja.jpg","contentUrl":"https:\/\/kidsplay.lt\/wp-content\/uploads\/2026\/03\/\u201eWOOPIE-arkadinis-zaidimas-\u2013-\u201eGaudyk-disko-Frisbee-paleideja.jpg","width":1000,"height":1000,"caption":"\u201eWOOPIE\u201c arkadinis \u017eaidimas \u2013 \u201eGaudyk disko Frisbee paleid\u0117j\u0105\u201c"},{"@type":"BreadcrumbList","@id":"https:\/\/kidsplay.lt\/produktas\/woopie-arkadinis-zaidimas-gaudyk-disko-frisbee-paleideja\/#breadcrumb","itemListElement":[{"@type":"ListItem","position":1,"name":"Pagrindinis","item":"https:\/\/kidsplay.lt\/"},{"@type":"ListItem","position":2,"name":"Parduotuv\u0117","item":"https:\/\/kidsplay.lt\/parduotuve\/"},{"@type":"ListItem","position":3,"name":"\u201eWOOPIE\u201c arkadinis \u017eaidimas \u2013 \u201eGaudyk disko Frisbee paleid\u0117j\u0105\u201c"}]},{"@type":"WebSite","@id":"https:\/\/kidsplay.lt\/#website","url":"https:\/\/kidsplay.lt\/","name":"B\u0113rnu sp\u0113les.lv","description":"\u012evairios prek\u0117s vaikams","publisher":{"@id":"https:\/\/kidsplay.lt\/#organization"},"alternateName":"Kidsplay","potentialAction":[{"@type":"SearchAction","target":{"@type":"EntryPoint","urlTemplate":"https:\/\/kidsplay.lt\/?s={search_term_string}"},"query-input":{"@type":"PropertyValueSpecification","valueRequired":true,"valueName":"search_term_string"}}],"inLanguage":"lv-LV"},{"@type":"Organization","@id":"https:\/\/kidsplay.lt\/#organization","name":"B\u0113rnu sp\u0113le","url":"https:\/\/kidsplay.lt\/","logo":{"@type":"ImageObject","inLanguage":"lv-LV","@id":"https:\/\/kidsplay.lt\/#\/schema\/logo\/image\/","url":"https:\/\/kidsplay.lt\/wp-content\/uploads\/2023\/07\/kidsplay-logo.png","contentUrl":"https:\/\/kidsplay.lt\/wp-content\/uploads\/2023\/07\/kidsplay-logo.png","width":451,"height":98,"caption":"KidsPlay"},"image":{"@id":"https:\/\/kidsplay.lt\/#\/schema\/logo\/image\/"},"sameAs":["https:\/\/www.facebook.com\/www.kidsplay.lt"]}]}},"_links":{"self":[{"href":"https:\/\/kidsplay.lt\/lv\/wp-json\/wp\/v2\/product\/94983","targetHints":{"allow":["GET"]}}],"collection":[{"href":"https:\/\/kidsplay.lt\/lv\/wp-json\/wp\/v2\/product"}],"about":[{"href":"https:\/\/kidsplay.lt\/lv\/wp-json\/wp\/v2\/types\/product"}],"version-history":[{"count":1,"href":"https:\/\/kidsplay.lt\/lv\/wp-json\/wp\/v2\/product\/94983\/revisions"}],"predecessor-version":[{"id":94984,"href":"https:\/\/kidsplay.lt\/lv\/wp-json\/wp\/v2\/product\/94983\/revisions\/94984"}],"wp:featuredmedia":[{"embeddable":true,"href":"https:\/\/kidsplay.lt\/lv\/wp-json\/wp\/v2\/media\/94985"}],"wp:attachment":[{"href":"https:\/\/kidsplay.lt\/lv\/wp-json\/wp\/v2\/media?parent=94983"}],"wp:term":[{"taxonomy":"product_brand","embeddable":true,"href":"https:\/\/kidsplay.lt\/lv\/wp-json\/wp\/v2\/product_brand?post=94983"},{"taxonomy":"product_cat","embeddable":true,"href":"https:\/\/kidsplay.lt\/lv\/wp-json\/wp\/v2\/product_cat?post=94983"},{"taxonomy":"product_tag","embeddable":true,"href":"https:\/\/kidsplay.lt\/lv\/wp-json\/wp\/v2\/product_tag?post=94983"}],"curies":[{"name":"wp","href":"https:\/\/api.w.org\/{rel}","templated":true}]}}