{"id":95124,"date":"2026-03-19T13:07:10","date_gmt":"2026-03-19T11:07:10","guid":{"rendered":"https:\/\/kidsplay.lt\/produktas\/classic-world-medine-armonikele-vaikams-1-vnt\/"},"modified":"2026-04-07T09:40:23","modified_gmt":"2026-04-07T06:40:23","slug":"classic-world-medine-armonikele-vaikams-1-vnt","status":"publish","type":"product","link":"https:\/\/kidsplay.lt\/lv\/products\/classic-world-medine-armonikele-vaikams-1-vnt\/","title":{"rendered":"\u201eKoka harmonika b\u0113rniem &quot;CLASSIC WORLD&quot; - 1 gab."},"content":{"rendered":"<p>\u201eClassic World\u201c medin\u0117 armonik\u0117l\u0117 suteikia ma\u017eiesiems galimyb\u0119 kurti savo muzik\u0105. \u0160is delikatus ir spalvingas instrumentas, malonus liesti, dar labiau skatina vaikus \u017eaisti. Toks \u017eaislas puikiai lavina muzikin\u012f jautrum\u0105 ir suteikia daug smagumo.<br \/>\nRaksturojums:<\/p>\n<p>Medin\u0117 instrumento korpusas<\/p>\n<p>Da\u017eyta netoksi\u0161ku laku, visi\u0161kai saugu vaikams<\/p>\n<p>Auk\u0161tos kokyb\u0117s apdaila<\/p>\n<p>Be a\u0161tri\u0173 kra\u0161t\u0173<\/p>\n<p>Ekologi\u0161kas produktas<\/p>\n<p>\u017daislas lavina:<\/p>\n<p>Muzikin\u012f jautrum\u0105<\/p>\n<p>K\u016brybi\u0161kum\u0105<\/p>\n<p>Vaizduot\u0119<\/p>\n<p>Kaina nurodyta u\u017e 1 vnt. Spalva parenkama atsitiktinai.<br \/>\nEkologi\u0161ki \u017eaislai skirti net ma\u017eiausiems vaikams ir gaminami i\u0161 visi\u0161kai nat\u016brali\u0173, biologi\u0161kai skaid\u017ei\u0173 bei hipoalergini\u0173 med\u017eiag\u0173, tod\u0117l yra 100\u202f% saug\u016bs ir nekenksmingi ne tik aplinkai, bet ir j\u016bs\u0173 vaikui.<\/p>","protected":false},"excerpt":{"rendered":"<p>\u201eClassic World\u201c medin\u0117 armonik\u0117l\u0117 suteikia ma\u017eiesiems galimyb\u0119 kurti savo muzik\u0105. \u0160is delikatus ir spalvingas instrumentas, malonus liesti, dar labiau skatina<\/p>","protected":false},"featured_media":95126,"template":"","meta":{"_acf_changed":false,"_glsr_average":0,"_glsr_ranking":0,"_glsr_reviews":0},"product_brand":[],"product_cat":[449,229],"product_tag":[],"class_list":{"0":"post-95124","1":"product","2":"type-product","3":"status-publish","4":"has-post-thumbnail","6":"product_cat-muzikiniai","7":"product_cat-zaislai-vaikams","8":"\"style=\"background-color: #2ecc711c;\"","10":"first","11":"instock","12":"purchasable","13":"product-type-simple"},"acf":[],"yoast_head":"<!-- This site is optimized with the Yoast SEO plugin v27.3 - https:\/\/yoast.com\/product\/yoast-seo-wordpress\/ -->\n<title>\u201eCLASSIC WORLD\u201c medin\u0117 armonik\u0117l\u0117 vaikams \u2013 1 vnt.<\/title>\n<meta name=\"description\" content=\"\u201eCLASSIC WORLD\u201c medin\u0117 armonik\u0117l\u0117 vaikams \u2013 1 vnt. - KidsPlay. Did\u017eiausias vaik\u0173 \u017eaisl\u0173 pasirinkimas.\" \/>\n<meta name=\"robots\" content=\"index, follow, max-snippet:-1, max-image-preview:large, max-video-preview:-1\" \/>\n<link rel=\"canonical\" href=\"https:\/\/kidsplay.lt\/lv\/products\/classic-world-medine-armonikele-vaikams-1-vnt\/\" \/>\n<meta property=\"og:locale\" content=\"lv_LV\" \/>\n<meta property=\"og:type\" content=\"article\" \/>\n<meta property=\"og:title\" content=\"\u201eCLASSIC WORLD\u201c medin\u0117 armonik\u0117l\u0117 vaikams \u2013 1 vnt.\" \/>\n<meta property=\"og:description\" content=\"\u201eCLASSIC WORLD\u201c medin\u0117 armonik\u0117l\u0117 vaikams \u2013 1 vnt. - KidsPlay. Did\u017eiausias vaik\u0173 \u017eaisl\u0173 pasirinkimas.\" \/>\n<meta property=\"og:url\" content=\"https:\/\/kidsplay.lt\/lv\/products\/classic-world-medine-armonikele-vaikams-1-vnt\/\" \/>\n<meta property=\"og:site_name\" content=\"KidsPlay\" \/>\n<meta property=\"article:publisher\" content=\"https:\/\/www.facebook.com\/www.kidsplay.lt\" \/>\n<meta property=\"article:modified_time\" content=\"2026-04-07T06:40:23+00:00\" \/>\n<meta property=\"og:image\" content=\"https:\/\/kidsplay.lt\/wp-content\/uploads\/2026\/03\/\u201eCLASSIC-WORLD-medine-armonikele-vaikams-\u2013-1-vnt.jpg\" \/>\n\t<meta property=\"og:image:width\" content=\"728\" \/>\n\t<meta property=\"og:image:height\" content=\"728\" \/>\n\t<meta property=\"og:image:type\" content=\"image\/jpeg\" \/>\n<meta name=\"twitter:card\" content=\"summary_large_image\" \/>\n<meta name=\"twitter:label1\" content=\"Est. reading time\" \/>\n\t<meta name=\"twitter:data1\" content=\"1 min\u016bte\" \/>\n<script type=\"application\/ld+json\" class=\"yoast-schema-graph\">{\"@context\":\"https:\\\/\\\/schema.org\",\"@graph\":[{\"@type\":\"WebPage\",\"@id\":\"https:\\\/\\\/kidsplay.lt\\\/produktas\\\/classic-world-medine-armonikele-vaikams-1-vnt\\\/\",\"url\":\"https:\\\/\\\/kidsplay.lt\\\/produktas\\\/classic-world-medine-armonikele-vaikams-1-vnt\\\/\",\"name\":\"\u201eCLASSIC WORLD\u201c medin\u0117 armonik\u0117l\u0117 vaikams \u2013 1 vnt.\",\"isPartOf\":{\"@id\":\"https:\\\/\\\/kidsplay.lt\\\/#website\"},\"primaryImageOfPage\":{\"@id\":\"https:\\\/\\\/kidsplay.lt\\\/produktas\\\/classic-world-medine-armonikele-vaikams-1-vnt\\\/#primaryimage\"},\"image\":{\"@id\":\"https:\\\/\\\/kidsplay.lt\\\/produktas\\\/classic-world-medine-armonikele-vaikams-1-vnt\\\/#primaryimage\"},\"thumbnailUrl\":\"https:\\\/\\\/kidsplay.lt\\\/wp-content\\\/uploads\\\/2026\\\/03\\\/\u201eCLASSIC-WORLD-medine-armonikele-vaikams-\u2013-1-vnt.jpg\",\"datePublished\":\"2026-03-19T11:07:10+00:00\",\"dateModified\":\"2026-04-07T06:40:23+00:00\",\"description\":\"\u201eCLASSIC WORLD\u201c medin\u0117 armonik\u0117l\u0117 vaikams \u2013 1 vnt. - KidsPlay. Did\u017eiausias vaik\u0173 \u017eaisl\u0173 pasirinkimas.\",\"breadcrumb\":{\"@id\":\"https:\\\/\\\/kidsplay.lt\\\/produktas\\\/classic-world-medine-armonikele-vaikams-1-vnt\\\/#breadcrumb\"},\"inLanguage\":\"lv-LV\",\"potentialAction\":[{\"@type\":\"ReadAction\",\"target\":[\"https:\\\/\\\/kidsplay.lt\\\/produktas\\\/classic-world-medine-armonikele-vaikams-1-vnt\\\/\"]}]},{\"@type\":\"ImageObject\",\"inLanguage\":\"lv-LV\",\"@id\":\"https:\\\/\\\/kidsplay.lt\\\/produktas\\\/classic-world-medine-armonikele-vaikams-1-vnt\\\/#primaryimage\",\"url\":\"https:\\\/\\\/kidsplay.lt\\\/wp-content\\\/uploads\\\/2026\\\/03\\\/\u201eCLASSIC-WORLD-medine-armonikele-vaikams-\u2013-1-vnt.jpg\",\"contentUrl\":\"https:\\\/\\\/kidsplay.lt\\\/wp-content\\\/uploads\\\/2026\\\/03\\\/\u201eCLASSIC-WORLD-medine-armonikele-vaikams-\u2013-1-vnt.jpg\",\"width\":728,\"height\":728,\"caption\":\"\u201eCLASSIC WORLD\u201c medin\u0117 armonik\u0117l\u0117 vaikams \u2013 1 vnt.\"},{\"@type\":\"BreadcrumbList\",\"@id\":\"https:\\\/\\\/kidsplay.lt\\\/produktas\\\/classic-world-medine-armonikele-vaikams-1-vnt\\\/#breadcrumb\",\"itemListElement\":[{\"@type\":\"ListItem\",\"position\":1,\"name\":\"Pagrindinis\",\"item\":\"https:\\\/\\\/kidsplay.lt\\\/\"},{\"@type\":\"ListItem\",\"position\":2,\"name\":\"Parduotuv\u0117\",\"item\":\"https:\\\/\\\/kidsplay.lt\\\/parduotuve\\\/\"},{\"@type\":\"ListItem\",\"position\":3,\"name\":\"\u201eCLASSIC WORLD\u201c medin\u0117 armonik\u0117l\u0117 vaikams \u2013 1 vnt.\"}]},{\"@type\":\"WebSite\",\"@id\":\"https:\\\/\\\/kidsplay.lt\\\/#website\",\"url\":\"https:\\\/\\\/kidsplay.lt\\\/\",\"name\":\"Kidsplay.lt\",\"description\":\"\u012evairios prek\u0117s vaikams\",\"publisher\":{\"@id\":\"https:\\\/\\\/kidsplay.lt\\\/#organization\"},\"alternateName\":\"Kidsplay\",\"potentialAction\":[{\"@type\":\"SearchAction\",\"target\":{\"@type\":\"EntryPoint\",\"urlTemplate\":\"https:\\\/\\\/kidsplay.lt\\\/?s={search_term_string}\"},\"query-input\":{\"@type\":\"PropertyValueSpecification\",\"valueRequired\":true,\"valueName\":\"search_term_string\"}}],\"inLanguage\":\"lv-LV\"},{\"@type\":\"Organization\",\"@id\":\"https:\\\/\\\/kidsplay.lt\\\/#organization\",\"name\":\"KidsPlay\",\"url\":\"https:\\\/\\\/kidsplay.lt\\\/\",\"logo\":{\"@type\":\"ImageObject\",\"inLanguage\":\"lv-LV\",\"@id\":\"https:\\\/\\\/kidsplay.lt\\\/#\\\/schema\\\/logo\\\/image\\\/\",\"url\":\"https:\\\/\\\/kidsplay.lt\\\/wp-content\\\/uploads\\\/2023\\\/07\\\/kidsplay-logo.png\",\"contentUrl\":\"https:\\\/\\\/kidsplay.lt\\\/wp-content\\\/uploads\\\/2023\\\/07\\\/kidsplay-logo.png\",\"width\":451,\"height\":98,\"caption\":\"KidsPlay\"},\"image\":{\"@id\":\"https:\\\/\\\/kidsplay.lt\\\/#\\\/schema\\\/logo\\\/image\\\/\"},\"sameAs\":[\"https:\\\/\\\/www.facebook.com\\\/www.kidsplay.lt\"]}]}<\/script>\n<!-- \/ Yoast SEO plugin. -->","yoast_head_json":{"title":"\u201eKoka harmonika b\u0113rniem &quot;CLASSIC WORLD&quot; - 1 gab.","description":"\u201eCLASSIC WORLD\u201c medin\u0117 armonik\u0117l\u0117 vaikams \u2013 1 vnt. - KidsPlay. Did\u017eiausias vaik\u0173 \u017eaisl\u0173 pasirinkimas.","robots":{"index":"index","follow":"follow","max-snippet":"max-snippet:-1","max-image-preview":"max-image-preview:large","max-video-preview":"max-video-preview:-1"},"canonical":"https:\/\/kidsplay.lt\/lv\/products\/classic-world-medine-armonikele-vaikams-1-vnt\/","og_locale":"lv_LV","og_type":"article","og_title":"\u201eCLASSIC WORLD\u201c medin\u0117 armonik\u0117l\u0117 vaikams \u2013 1 vnt.","og_description":"\u201eCLASSIC WORLD\u201c medin\u0117 armonik\u0117l\u0117 vaikams \u2013 1 vnt. - KidsPlay. Did\u017eiausias vaik\u0173 \u017eaisl\u0173 pasirinkimas.","og_url":"https:\/\/kidsplay.lt\/lv\/products\/classic-world-medine-armonikele-vaikams-1-vnt\/","og_site_name":"KidsPlay","article_publisher":"https:\/\/www.facebook.com\/www.kidsplay.lt","article_modified_time":"2026-04-07T06:40:23+00:00","og_image":[{"width":728,"height":728,"url":"https:\/\/kidsplay.lt\/wp-content\/uploads\/2026\/03\/\u201eCLASSIC-WORLD-medine-armonikele-vaikams-\u2013-1-vnt.jpg","type":"image\/jpeg"}],"twitter_card":"summary_large_image","twitter_misc":{"Est. reading time":"1 min\u016bte"},"schema":{"@context":"https:\/\/schema.org","@graph":[{"@type":"WebPage","@id":"https:\/\/kidsplay.lt\/produktas\/classic-world-medine-armonikele-vaikams-1-vnt\/","url":"https:\/\/kidsplay.lt\/produktas\/classic-world-medine-armonikele-vaikams-1-vnt\/","name":"\u201eKoka harmonika b\u0113rniem &quot;CLASSIC WORLD&quot; - 1 gab.","isPartOf":{"@id":"https:\/\/kidsplay.lt\/#website"},"primaryImageOfPage":{"@id":"https:\/\/kidsplay.lt\/produktas\/classic-world-medine-armonikele-vaikams-1-vnt\/#primaryimage"},"image":{"@id":"https:\/\/kidsplay.lt\/produktas\/classic-world-medine-armonikele-vaikams-1-vnt\/#primaryimage"},"thumbnailUrl":"https:\/\/kidsplay.lt\/wp-content\/uploads\/2026\/03\/\u201eCLASSIC-WORLD-medine-armonikele-vaikams-\u2013-1-vnt.jpg","datePublished":"2026-03-19T11:07:10+00:00","dateModified":"2026-04-07T06:40:23+00:00","description":"\u201eCLASSIC WORLD\u201c medin\u0117 armonik\u0117l\u0117 vaikams \u2013 1 vnt. - KidsPlay. Did\u017eiausias vaik\u0173 \u017eaisl\u0173 pasirinkimas.","breadcrumb":{"@id":"https:\/\/kidsplay.lt\/produktas\/classic-world-medine-armonikele-vaikams-1-vnt\/#breadcrumb"},"inLanguage":"lv-LV","potentialAction":[{"@type":"ReadAction","target":["https:\/\/kidsplay.lt\/produktas\/classic-world-medine-armonikele-vaikams-1-vnt\/"]}]},{"@type":"ImageObject","inLanguage":"lv-LV","@id":"https:\/\/kidsplay.lt\/produktas\/classic-world-medine-armonikele-vaikams-1-vnt\/#primaryimage","url":"https:\/\/kidsplay.lt\/wp-content\/uploads\/2026\/03\/\u201eCLASSIC-WORLD-medine-armonikele-vaikams-\u2013-1-vnt.jpg","contentUrl":"https:\/\/kidsplay.lt\/wp-content\/uploads\/2026\/03\/\u201eCLASSIC-WORLD-medine-armonikele-vaikams-\u2013-1-vnt.jpg","width":728,"height":728,"caption":"\u201eCLASSIC WORLD\u201c medin\u0117 armonik\u0117l\u0117 vaikams \u2013 1 vnt."},{"@type":"BreadcrumbList","@id":"https:\/\/kidsplay.lt\/produktas\/classic-world-medine-armonikele-vaikams-1-vnt\/#breadcrumb","itemListElement":[{"@type":"ListItem","position":1,"name":"Pagrindinis","item":"https:\/\/kidsplay.lt\/"},{"@type":"ListItem","position":2,"name":"Parduotuv\u0117","item":"https:\/\/kidsplay.lt\/parduotuve\/"},{"@type":"ListItem","position":3,"name":"\u201eCLASSIC WORLD\u201c medin\u0117 armonik\u0117l\u0117 vaikams \u2013 1 vnt."}]},{"@type":"WebSite","@id":"https:\/\/kidsplay.lt\/#website","url":"https:\/\/kidsplay.lt\/","name":"B\u0113rnu sp\u0113les.lv","description":"\u012evairios prek\u0117s vaikams","publisher":{"@id":"https:\/\/kidsplay.lt\/#organization"},"alternateName":"Kidsplay","potentialAction":[{"@type":"SearchAction","target":{"@type":"EntryPoint","urlTemplate":"https:\/\/kidsplay.lt\/?s={search_term_string}"},"query-input":{"@type":"PropertyValueSpecification","valueRequired":true,"valueName":"search_term_string"}}],"inLanguage":"lv-LV"},{"@type":"Organization","@id":"https:\/\/kidsplay.lt\/#organization","name":"B\u0113rnu sp\u0113le","url":"https:\/\/kidsplay.lt\/","logo":{"@type":"ImageObject","inLanguage":"lv-LV","@id":"https:\/\/kidsplay.lt\/#\/schema\/logo\/image\/","url":"https:\/\/kidsplay.lt\/wp-content\/uploads\/2023\/07\/kidsplay-logo.png","contentUrl":"https:\/\/kidsplay.lt\/wp-content\/uploads\/2023\/07\/kidsplay-logo.png","width":451,"height":98,"caption":"KidsPlay"},"image":{"@id":"https:\/\/kidsplay.lt\/#\/schema\/logo\/image\/"},"sameAs":["https:\/\/www.facebook.com\/www.kidsplay.lt"]}]}},"_links":{"self":[{"href":"https:\/\/kidsplay.lt\/lv\/wp-json\/wp\/v2\/product\/95124","targetHints":{"allow":["GET"]}}],"collection":[{"href":"https:\/\/kidsplay.lt\/lv\/wp-json\/wp\/v2\/product"}],"about":[{"href":"https:\/\/kidsplay.lt\/lv\/wp-json\/wp\/v2\/types\/product"}],"version-history":[{"count":1,"href":"https:\/\/kidsplay.lt\/lv\/wp-json\/wp\/v2\/product\/95124\/revisions"}],"predecessor-version":[{"id":95125,"href":"https:\/\/kidsplay.lt\/lv\/wp-json\/wp\/v2\/product\/95124\/revisions\/95125"}],"wp:featuredmedia":[{"embeddable":true,"href":"https:\/\/kidsplay.lt\/lv\/wp-json\/wp\/v2\/media\/95126"}],"wp:attachment":[{"href":"https:\/\/kidsplay.lt\/lv\/wp-json\/wp\/v2\/media?parent=95124"}],"wp:term":[{"taxonomy":"product_brand","embeddable":true,"href":"https:\/\/kidsplay.lt\/lv\/wp-json\/wp\/v2\/product_brand?post=95124"},{"taxonomy":"product_cat","embeddable":true,"href":"https:\/\/kidsplay.lt\/lv\/wp-json\/wp\/v2\/product_cat?post=95124"},{"taxonomy":"product_tag","embeddable":true,"href":"https:\/\/kidsplay.lt\/lv\/wp-json\/wp\/v2\/product_tag?post=95124"}],"curies":[{"name":"wp","href":"https:\/\/api.w.org\/{rel}","templated":true}]}}