{"id":95337,"date":"2026-03-19T13:15:16","date_gmt":"2026-03-19T11:15:16","guid":{"rendered":"https:\/\/kidsplay.lt\/produktas\/classic-world-edu-nerudijancio-plieno-virtuves-aksesuarai\/"},"modified":"2026-04-07T09:42:13","modified_gmt":"2026-04-07T06:42:13","slug":"classic-world-edu-nerudijancio-plieno-virtuves-aksesuarai","status":"publish","type":"product","link":"https:\/\/kidsplay.lt\/lv\/products\/classic-world-edu-nerudijancio-plieno-virtuves-aksesuarai\/","title":{"rendered":"CLASSIC WORLD EDU ner\u016bs\u0113jo\u0161\u0101 t\u0113rauda virtuves piederumi"},"content":{"rendered":"<p>Atraskite \u017eaidim\u0173 pasaul\u012f, kuriame vaikai tampa ma\u017eaisiais vir\u0117jais, \u0161eimininkais ar restoran\u0173 \u0161efais! CLASSIC WORLD EDU virtuv\u0117s aksesuar\u0173 rinkinys \u2013 tai profesionalios kokyb\u0117s, i\u0161 ner\u016bdijan\u010dio plieno pagaminti indai ir \u012frankiai, kurie tarnaus ne vienerius metus ir net ne vienai kartai.<\/p>\n<p>\u0160is rinkinys puikiai tinka vaidmen\u0173 \u017eaidimams, kurie lavina bendravim\u0105, bendradarbiavim\u0105, socialinius \u012fg\u016bd\u017eius ir pasitik\u0117jim\u0105 savimi. Aksesuarai gali b\u016bti naudojami tiek viduje, tiek lauke, tod\u0117l \u017eaidimas tampa visi\u0161kai neribotas \u2014 virtuv\u0117 gali atsirasti kieme, sm\u0117lio d\u0117\u017e\u0117je ar \u017eaidim\u0173 kambaryje.<\/p>\n<p>Rinkinys yra dalis specialios EDU serijos, sukurtos intensyviam naudojimui dar\u017eeliuose, mokyklose ir edukacin\u0117se erdv\u0117se. Tai taip pat puikus papildymas prie CLASSIC WORLD EDU virtuv\u0117s stalvir\u0161io (CW70012).<\/p>\n<p>Raksturojums:<\/p>\n<p> \tB\u0113rniem no 3 gadu vecuma<br \/>\n \tPriklauso EDU serijai, sukurtai profesionaliam naudojimui<br \/>\n \tPagaminta i\u0161 auk\u0161\u010diausios kokyb\u0117s ner\u016bdijan\u010dio plieno<br \/>\n \tPuikiai papildo stalvir\u0161\u012f CW70012<br \/>\n \tTinka naudoti viduje ir lauke<br \/>\n \tItin tvirti, saug\u016bs ir ilgaam\u017eiai aksesuarai<\/p>\n<p>\u017daislas lavina:<\/p>\n<p> \tBendravimo ir bendradarbiavimo \u012fg\u016bd\u017eius<br \/>\n \tSocialin\u0119 kompetencij\u0105 ir vaidmen\u0173 supratim\u0105<br \/>\n \tDr\u0105s\u0105, savaranki\u0161kum\u0105 ir pasitik\u0117jim\u0105 savimi<br \/>\n \tK\u016brybi\u0161kum\u0105 ir vaizduot\u0119 vaidmen\u0173 \u017eaidimuose<\/p>\n<p>Kod\u0117l verta rinktis CLASSIC WORLD EDU virtuv\u0117s aksesuarus?<\/p>\n<p> \tTai ekologi\u0161ki \u017eaislai, pagaminti i\u0161 nat\u016brali\u0173, hipoalergini\u0173 ir visi\u0161kai saugi\u0173 med\u017eiag\u0173<br \/>\n \tSukurti taip, kad b\u016bt\u0173 100% saug\u016bs vaikams ir aplinkai<br \/>\n \tTvirti, realisti\u0161ki ir tinkami intensyviam naudojimui<br \/>\n \tSkatina socialin\u012f \u017eaidim\u0105, kuris yra b\u016btinas vaik\u0173 emociniam ir socialiniam vystymuisi<\/p>","protected":false},"excerpt":{"rendered":"<p>Atraskite \u017eaidim\u0173 pasaul\u012f, kuriame vaikai tampa ma\u017eaisiais vir\u0117jais, \u0161eimininkais ar restoran\u0173 \u0161efais! CLASSIC WORLD EDU virtuv\u0117s aksesuar\u0173 rinkinys \u2013 tai<\/p>","protected":false},"featured_media":95339,"template":"","meta":{"_acf_changed":false,"_glsr_average":0,"_glsr_ranking":0,"_glsr_reviews":0},"product_brand":[],"product_cat":[399,282,229],"product_tag":[],"class_list":{"0":"post-95337","1":"product","2":"type-product","3":"status-publish","4":"has-post-thumbnail","6":"product_cat-vaidmenu-zaidimai-2","7":"product_cat-virtuves-reikmenys-vaidmenu-zaidimai","8":"product_cat-zaislai-vaikams","9":"\"style=\"background-color: #2ecc711c;\"","11":"first","12":"instock","13":"purchasable","14":"product-type-simple"},"acf":[],"yoast_head":"<!-- This site is optimized with the Yoast SEO plugin v27.3 - https:\/\/yoast.com\/product\/yoast-seo-wordpress\/ -->\n<title>CLASSIC WORLD EDU ner\u016bdijan\u010dio plieno virtuv\u0117s aksesuarai<\/title>\n<meta name=\"description\" content=\"CLASSIC WORLD EDU ner\u016bdijan\u010dio plieno virtuv\u0117s aksesuarai - KidsPlay. Did\u017eiausias vaik\u0173 \u017eaisl\u0173 pasirinkimas.\" \/>\n<meta name=\"robots\" content=\"index, follow, max-snippet:-1, max-image-preview:large, max-video-preview:-1\" \/>\n<link rel=\"canonical\" href=\"https:\/\/kidsplay.lt\/lv\/products\/classic-world-edu-nerudijancio-plieno-virtuves-aksesuarai\/\" \/>\n<meta property=\"og:locale\" content=\"lv_LV\" \/>\n<meta property=\"og:type\" content=\"article\" \/>\n<meta property=\"og:title\" content=\"CLASSIC WORLD EDU ner\u016bdijan\u010dio plieno virtuv\u0117s aksesuarai\" \/>\n<meta property=\"og:description\" content=\"CLASSIC WORLD EDU ner\u016bdijan\u010dio plieno virtuv\u0117s aksesuarai - KidsPlay. Did\u017eiausias vaik\u0173 \u017eaisl\u0173 pasirinkimas.\" \/>\n<meta property=\"og:url\" content=\"https:\/\/kidsplay.lt\/lv\/products\/classic-world-edu-nerudijancio-plieno-virtuves-aksesuarai\/\" \/>\n<meta property=\"og:site_name\" content=\"KidsPlay\" \/>\n<meta property=\"article:publisher\" content=\"https:\/\/www.facebook.com\/www.kidsplay.lt\" \/>\n<meta property=\"article:modified_time\" content=\"2026-04-07T06:42:13+00:00\" \/>\n<meta property=\"og:image\" content=\"https:\/\/kidsplay.lt\/wp-content\/uploads\/2026\/03\/CLASSIC-WORLD-EDU-nerudijancio-plieno-virtuves-aksesuarai.jpg\" \/>\n\t<meta property=\"og:image:width\" content=\"2560\" \/>\n\t<meta property=\"og:image:height\" content=\"2560\" \/>\n\t<meta property=\"og:image:type\" content=\"image\/jpeg\" \/>\n<meta name=\"twitter:card\" content=\"summary_large_image\" \/>\n<meta name=\"twitter:label1\" content=\"Est. reading time\" \/>\n\t<meta name=\"twitter:data1\" content=\"1 min\u016bte\" \/>\n<script type=\"application\/ld+json\" class=\"yoast-schema-graph\">{\"@context\":\"https:\\\/\\\/schema.org\",\"@graph\":[{\"@type\":\"WebPage\",\"@id\":\"https:\\\/\\\/kidsplay.lt\\\/produktas\\\/classic-world-edu-nerudijancio-plieno-virtuves-aksesuarai\\\/\",\"url\":\"https:\\\/\\\/kidsplay.lt\\\/produktas\\\/classic-world-edu-nerudijancio-plieno-virtuves-aksesuarai\\\/\",\"name\":\"CLASSIC WORLD EDU ner\u016bdijan\u010dio plieno virtuv\u0117s aksesuarai\",\"isPartOf\":{\"@id\":\"https:\\\/\\\/kidsplay.lt\\\/#website\"},\"primaryImageOfPage\":{\"@id\":\"https:\\\/\\\/kidsplay.lt\\\/produktas\\\/classic-world-edu-nerudijancio-plieno-virtuves-aksesuarai\\\/#primaryimage\"},\"image\":{\"@id\":\"https:\\\/\\\/kidsplay.lt\\\/produktas\\\/classic-world-edu-nerudijancio-plieno-virtuves-aksesuarai\\\/#primaryimage\"},\"thumbnailUrl\":\"https:\\\/\\\/kidsplay.lt\\\/wp-content\\\/uploads\\\/2026\\\/03\\\/CLASSIC-WORLD-EDU-nerudijancio-plieno-virtuves-aksesuarai.jpg\",\"datePublished\":\"2026-03-19T11:15:16+00:00\",\"dateModified\":\"2026-04-07T06:42:13+00:00\",\"description\":\"CLASSIC WORLD EDU ner\u016bdijan\u010dio plieno virtuv\u0117s aksesuarai - KidsPlay. Did\u017eiausias vaik\u0173 \u017eaisl\u0173 pasirinkimas.\",\"breadcrumb\":{\"@id\":\"https:\\\/\\\/kidsplay.lt\\\/produktas\\\/classic-world-edu-nerudijancio-plieno-virtuves-aksesuarai\\\/#breadcrumb\"},\"inLanguage\":\"lv-LV\",\"potentialAction\":[{\"@type\":\"ReadAction\",\"target\":[\"https:\\\/\\\/kidsplay.lt\\\/produktas\\\/classic-world-edu-nerudijancio-plieno-virtuves-aksesuarai\\\/\"]}]},{\"@type\":\"ImageObject\",\"inLanguage\":\"lv-LV\",\"@id\":\"https:\\\/\\\/kidsplay.lt\\\/produktas\\\/classic-world-edu-nerudijancio-plieno-virtuves-aksesuarai\\\/#primaryimage\",\"url\":\"https:\\\/\\\/kidsplay.lt\\\/wp-content\\\/uploads\\\/2026\\\/03\\\/CLASSIC-WORLD-EDU-nerudijancio-plieno-virtuves-aksesuarai.jpg\",\"contentUrl\":\"https:\\\/\\\/kidsplay.lt\\\/wp-content\\\/uploads\\\/2026\\\/03\\\/CLASSIC-WORLD-EDU-nerudijancio-plieno-virtuves-aksesuarai.jpg\",\"width\":2560,\"height\":2560,\"caption\":\"CLASSIC WORLD EDU ner\u016bdijan\u010dio plieno virtuv\u0117s aksesuarai\"},{\"@type\":\"BreadcrumbList\",\"@id\":\"https:\\\/\\\/kidsplay.lt\\\/produktas\\\/classic-world-edu-nerudijancio-plieno-virtuves-aksesuarai\\\/#breadcrumb\",\"itemListElement\":[{\"@type\":\"ListItem\",\"position\":1,\"name\":\"Pagrindinis\",\"item\":\"https:\\\/\\\/kidsplay.lt\\\/\"},{\"@type\":\"ListItem\",\"position\":2,\"name\":\"Parduotuv\u0117\",\"item\":\"https:\\\/\\\/kidsplay.lt\\\/parduotuve\\\/\"},{\"@type\":\"ListItem\",\"position\":3,\"name\":\"CLASSIC WORLD EDU ner\u016bdijan\u010dio plieno virtuv\u0117s aksesuarai\"}]},{\"@type\":\"WebSite\",\"@id\":\"https:\\\/\\\/kidsplay.lt\\\/#website\",\"url\":\"https:\\\/\\\/kidsplay.lt\\\/\",\"name\":\"Kidsplay.lt\",\"description\":\"\u012evairios prek\u0117s vaikams\",\"publisher\":{\"@id\":\"https:\\\/\\\/kidsplay.lt\\\/#organization\"},\"alternateName\":\"Kidsplay\",\"potentialAction\":[{\"@type\":\"SearchAction\",\"target\":{\"@type\":\"EntryPoint\",\"urlTemplate\":\"https:\\\/\\\/kidsplay.lt\\\/?s={search_term_string}\"},\"query-input\":{\"@type\":\"PropertyValueSpecification\",\"valueRequired\":true,\"valueName\":\"search_term_string\"}}],\"inLanguage\":\"lv-LV\"},{\"@type\":\"Organization\",\"@id\":\"https:\\\/\\\/kidsplay.lt\\\/#organization\",\"name\":\"KidsPlay\",\"url\":\"https:\\\/\\\/kidsplay.lt\\\/\",\"logo\":{\"@type\":\"ImageObject\",\"inLanguage\":\"lv-LV\",\"@id\":\"https:\\\/\\\/kidsplay.lt\\\/#\\\/schema\\\/logo\\\/image\\\/\",\"url\":\"https:\\\/\\\/kidsplay.lt\\\/wp-content\\\/uploads\\\/2023\\\/07\\\/kidsplay-logo.png\",\"contentUrl\":\"https:\\\/\\\/kidsplay.lt\\\/wp-content\\\/uploads\\\/2023\\\/07\\\/kidsplay-logo.png\",\"width\":451,\"height\":98,\"caption\":\"KidsPlay\"},\"image\":{\"@id\":\"https:\\\/\\\/kidsplay.lt\\\/#\\\/schema\\\/logo\\\/image\\\/\"},\"sameAs\":[\"https:\\\/\\\/www.facebook.com\\\/www.kidsplay.lt\"]}]}<\/script>\n<!-- \/ Yoast SEO plugin. -->","yoast_head_json":{"title":"CLASSIC WORLD EDU ner\u016bs\u0113jo\u0161\u0101 t\u0113rauda virtuves piederumi","description":"CLASSIC WORLD EDU ner\u016bdijan\u010dio plieno virtuv\u0117s aksesuarai - KidsPlay. Did\u017eiausias vaik\u0173 \u017eaisl\u0173 pasirinkimas.","robots":{"index":"index","follow":"follow","max-snippet":"max-snippet:-1","max-image-preview":"max-image-preview:large","max-video-preview":"max-video-preview:-1"},"canonical":"https:\/\/kidsplay.lt\/lv\/products\/classic-world-edu-nerudijancio-plieno-virtuves-aksesuarai\/","og_locale":"lv_LV","og_type":"article","og_title":"CLASSIC WORLD EDU ner\u016bdijan\u010dio plieno virtuv\u0117s aksesuarai","og_description":"CLASSIC WORLD EDU ner\u016bdijan\u010dio plieno virtuv\u0117s aksesuarai - KidsPlay. Did\u017eiausias vaik\u0173 \u017eaisl\u0173 pasirinkimas.","og_url":"https:\/\/kidsplay.lt\/lv\/products\/classic-world-edu-nerudijancio-plieno-virtuves-aksesuarai\/","og_site_name":"KidsPlay","article_publisher":"https:\/\/www.facebook.com\/www.kidsplay.lt","article_modified_time":"2026-04-07T06:42:13+00:00","og_image":[{"width":2560,"height":2560,"url":"https:\/\/kidsplay.lt\/wp-content\/uploads\/2026\/03\/CLASSIC-WORLD-EDU-nerudijancio-plieno-virtuves-aksesuarai.jpg","type":"image\/jpeg"}],"twitter_card":"summary_large_image","twitter_misc":{"Est. reading time":"1 min\u016bte"},"schema":{"@context":"https:\/\/schema.org","@graph":[{"@type":"WebPage","@id":"https:\/\/kidsplay.lt\/produktas\/classic-world-edu-nerudijancio-plieno-virtuves-aksesuarai\/","url":"https:\/\/kidsplay.lt\/produktas\/classic-world-edu-nerudijancio-plieno-virtuves-aksesuarai\/","name":"CLASSIC WORLD EDU ner\u016bs\u0113jo\u0161\u0101 t\u0113rauda virtuves piederumi","isPartOf":{"@id":"https:\/\/kidsplay.lt\/#website"},"primaryImageOfPage":{"@id":"https:\/\/kidsplay.lt\/produktas\/classic-world-edu-nerudijancio-plieno-virtuves-aksesuarai\/#primaryimage"},"image":{"@id":"https:\/\/kidsplay.lt\/produktas\/classic-world-edu-nerudijancio-plieno-virtuves-aksesuarai\/#primaryimage"},"thumbnailUrl":"https:\/\/kidsplay.lt\/wp-content\/uploads\/2026\/03\/CLASSIC-WORLD-EDU-nerudijancio-plieno-virtuves-aksesuarai.jpg","datePublished":"2026-03-19T11:15:16+00:00","dateModified":"2026-04-07T06:42:13+00:00","description":"CLASSIC WORLD EDU ner\u016bdijan\u010dio plieno virtuv\u0117s aksesuarai - KidsPlay. Did\u017eiausias vaik\u0173 \u017eaisl\u0173 pasirinkimas.","breadcrumb":{"@id":"https:\/\/kidsplay.lt\/produktas\/classic-world-edu-nerudijancio-plieno-virtuves-aksesuarai\/#breadcrumb"},"inLanguage":"lv-LV","potentialAction":[{"@type":"ReadAction","target":["https:\/\/kidsplay.lt\/produktas\/classic-world-edu-nerudijancio-plieno-virtuves-aksesuarai\/"]}]},{"@type":"ImageObject","inLanguage":"lv-LV","@id":"https:\/\/kidsplay.lt\/produktas\/classic-world-edu-nerudijancio-plieno-virtuves-aksesuarai\/#primaryimage","url":"https:\/\/kidsplay.lt\/wp-content\/uploads\/2026\/03\/CLASSIC-WORLD-EDU-nerudijancio-plieno-virtuves-aksesuarai.jpg","contentUrl":"https:\/\/kidsplay.lt\/wp-content\/uploads\/2026\/03\/CLASSIC-WORLD-EDU-nerudijancio-plieno-virtuves-aksesuarai.jpg","width":2560,"height":2560,"caption":"CLASSIC WORLD EDU ner\u016bdijan\u010dio plieno virtuv\u0117s aksesuarai"},{"@type":"BreadcrumbList","@id":"https:\/\/kidsplay.lt\/produktas\/classic-world-edu-nerudijancio-plieno-virtuves-aksesuarai\/#breadcrumb","itemListElement":[{"@type":"ListItem","position":1,"name":"Pagrindinis","item":"https:\/\/kidsplay.lt\/"},{"@type":"ListItem","position":2,"name":"Parduotuv\u0117","item":"https:\/\/kidsplay.lt\/parduotuve\/"},{"@type":"ListItem","position":3,"name":"CLASSIC WORLD EDU ner\u016bdijan\u010dio plieno virtuv\u0117s aksesuarai"}]},{"@type":"WebSite","@id":"https:\/\/kidsplay.lt\/#website","url":"https:\/\/kidsplay.lt\/","name":"B\u0113rnu sp\u0113les.lv","description":"\u012evairios prek\u0117s vaikams","publisher":{"@id":"https:\/\/kidsplay.lt\/#organization"},"alternateName":"Kidsplay","potentialAction":[{"@type":"SearchAction","target":{"@type":"EntryPoint","urlTemplate":"https:\/\/kidsplay.lt\/?s={search_term_string}"},"query-input":{"@type":"PropertyValueSpecification","valueRequired":true,"valueName":"search_term_string"}}],"inLanguage":"lv-LV"},{"@type":"Organization","@id":"https:\/\/kidsplay.lt\/#organization","name":"B\u0113rnu sp\u0113le","url":"https:\/\/kidsplay.lt\/","logo":{"@type":"ImageObject","inLanguage":"lv-LV","@id":"https:\/\/kidsplay.lt\/#\/schema\/logo\/image\/","url":"https:\/\/kidsplay.lt\/wp-content\/uploads\/2023\/07\/kidsplay-logo.png","contentUrl":"https:\/\/kidsplay.lt\/wp-content\/uploads\/2023\/07\/kidsplay-logo.png","width":451,"height":98,"caption":"KidsPlay"},"image":{"@id":"https:\/\/kidsplay.lt\/#\/schema\/logo\/image\/"},"sameAs":["https:\/\/www.facebook.com\/www.kidsplay.lt"]}]}},"_links":{"self":[{"href":"https:\/\/kidsplay.lt\/lv\/wp-json\/wp\/v2\/product\/95337","targetHints":{"allow":["GET"]}}],"collection":[{"href":"https:\/\/kidsplay.lt\/lv\/wp-json\/wp\/v2\/product"}],"about":[{"href":"https:\/\/kidsplay.lt\/lv\/wp-json\/wp\/v2\/types\/product"}],"version-history":[{"count":1,"href":"https:\/\/kidsplay.lt\/lv\/wp-json\/wp\/v2\/product\/95337\/revisions"}],"predecessor-version":[{"id":95338,"href":"https:\/\/kidsplay.lt\/lv\/wp-json\/wp\/v2\/product\/95337\/revisions\/95338"}],"wp:featuredmedia":[{"embeddable":true,"href":"https:\/\/kidsplay.lt\/lv\/wp-json\/wp\/v2\/media\/95339"}],"wp:attachment":[{"href":"https:\/\/kidsplay.lt\/lv\/wp-json\/wp\/v2\/media?parent=95337"}],"wp:term":[{"taxonomy":"product_brand","embeddable":true,"href":"https:\/\/kidsplay.lt\/lv\/wp-json\/wp\/v2\/product_brand?post=95337"},{"taxonomy":"product_cat","embeddable":true,"href":"https:\/\/kidsplay.lt\/lv\/wp-json\/wp\/v2\/product_cat?post=95337"},{"taxonomy":"product_tag","embeddable":true,"href":"https:\/\/kidsplay.lt\/lv\/wp-json\/wp\/v2\/product_tag?post=95337"}],"curies":[{"name":"wp","href":"https:\/\/api.w.org\/{rel}","templated":true}]}}