{"id":95347,"date":"2026-03-19T13:15:41","date_gmt":"2026-03-19T11:15:41","guid":{"rendered":"https:\/\/kidsplay.lt\/produktas\/masterkidz-led-sensorine-sviesos-deze-spalvu-formu-ir-sviesos-tyrinejimo-centras-vaikams\/"},"modified":"2026-04-07T09:42:19","modified_gmt":"2026-04-07T06:42:19","slug":"masterkidz-led-sensorine-sviesos-deze-spalvu-formu-ir-sviesos-tyrinejimo-centras-vaikams","status":"publish","type":"product","link":"https:\/\/kidsplay.lt\/lv\/products\/masterkidz-led-sensorine-sviesos-deze-spalvu-formu-ir-sviesos-tyrinejimo-centras-vaikams\/","title":{"rendered":"Masterkidz LED Sensorin\u0117 \u0160viesos D\u0117\u017e\u0117 \u2013 spalv\u0173, form\u0173 ir \u0161viesos tyrin\u0117jimo centras vaikams"},"content":{"rendered":"<p>Leiskite vaikams pasinerti \u012f spalv\u0173, \u0161viesos ir k\u016brybos pasaul\u012f su Masterkidz LED Sensory Box Panel \u2013 tvirta, i\u0161 nat\u016bralaus med\u017eio pagaminta sensorine d\u0117\u017ee su spalvot\u0105 \u0161vies\u0105 skleid\u017eian\u010dia LED panele. Tai \u012frankis, kuris paver\u010dia kiekvien\u0105 veikl\u0105 magi\u0161ku atradimu: nuo spalv\u0173 mai\u0161ymo iki STEM eksperiment\u0173, nuo form\u0173 tyrin\u0117jimo iki k\u016brybini\u0173 kompozicij\u0173 k\u016brimo.<\/p>\n<p>Nuotolinio valdymo pultas leid\u017eia pasirinkti i\u0161 11 i\u0161 anksto nustatyt\u0173 spalv\u0173, kurti savo atspalvius naudojant RGB derinius, i\u0161saugoti m\u0117gstamus nustatymus ir m\u0117gautis \u0161velniais spalv\u0173 per\u0117jimais. \u0160viesa \u012fsp\u016bdingai prasiskverbia per \u012fvairias med\u017eiagas \u2014 lapus, popieri\u0173, sm\u0117l\u012f, akmen\u0117lius, vanden\u012f \u2014 sukurdama efektus, kurie \u012ftraukia vaikus \u012f tyrin\u0117jim\u0105 ir eksperimentavim\u0105.<\/p>\n<p>Komplekte esantys spalvoti akmen\u0117liai, pusiau permatomos didel\u0117s geometrin\u0117s fig\u016bros ir skaidr\u016bs Montessori skai\u010diai bei raid\u0117s suteikia neribotas galimybes kurti ra\u0161tus, mokytis, \u017eaisti ir tyrin\u0117ti \u0161vies\u0105.<\/p>\n<p>Raksturojums:<\/p>\n<p> \tPagaminta i\u0161 Europos buko medienos ir Rusijos ber\u017eo faneros<br \/>\n \tKabelio ilgis: 1,5 m<br \/>\n \tSkirta sensorin\u0117ms, k\u016brybin\u0117ms ir edukacin\u0117ms veikloms<br \/>\n \tSpalvota LED \u0161viesa su 11 re\u017eim\u0173 ir RGB valdymu<br \/>\n \tGalimyb\u0117 i\u0161saugoti pasirinktus spalv\u0173 nustatymus<br \/>\n \tKuria \u012fsp\u016bdingus \u0161viesos efektus su \u012fvairiomis med\u017eiagomis<br \/>\n \tPuikiai dera su Masterkidz priedais<br \/>\n \tAuk\u0161tos kokyb\u0117s, saugi ir ilgaam\u017e\u0117 konstrukcija<br \/>\n \t\u2757\ufe0fProduktas n\u0117ra atsparus vandeniui<\/p>\n<p>\u017daislas lavina:<\/p>\n<p> \tK\u016brybi\u0161kum\u0105 ir menin\u0119 savirai\u0161k\u0105<br \/>\n \tVaizduot\u0119 ir eksperimentavimo \u012fg\u016bd\u017eius<br \/>\n \tSmalk\u0101s motorikas prasmes<br \/>\n \tSensorin\u012f suvokim\u0105 ir spalv\u0173 pa\u017einim\u0105<\/p>\n<p>Rinkinyje yra:<\/p>\n<p> \tMedin\u0117 d\u0117\u017e\u0117 su spalvas kei\u010dian\u010dia LED panele<br \/>\n \tSpalvoti akmen\u0117liai LED panel\u0117ms<br \/>\n \tPusiau permatomos didel\u0117s geometrin\u0117s fig\u016bros<br \/>\n \tSkaidr\u016bs Montessori skai\u010diai ir raid\u0117s (38 vnt.)<\/p>\n<p>Rinkinio elementai: ME07452, ME30375, ME07308, ME08602<\/p>\n<p>Suderinami priedai (parduodami atskirai):<\/p>\n<p> \tMink\u0161tos spalvotos raid\u0117s ir skai\u010diai \u2013 ME15945<br \/>\n \tSpalvotos raid\u0117s \u2013 ME07308<br \/>\n \tDidel\u0117s spalvotos geometrin\u0117s fig\u016bros \u2013 ME08602<br \/>\n \tSpalvoti akmen\u0117liai \u2013 ME30375<br \/>\n \tSpalvot\u0173 geometrini\u0173 fig\u016br\u0173 mozaika \u2013 ME30368<br \/>\n \tAkrilin\u0117 vandens \u017eaidim\u0173 d\u0117\u017e\u0117 \u2013 ME12395<br \/>\n \tAkrilin\u0117 pie\u0161imo d\u0117\u017e\u0117 \u2013 ME12401<br \/>\n \tMedinis sm\u0117lio r\u0117mas \u2013 ME07216<br \/>\n \tSTEM lentos montavimo r\u0117mas \u2013 ME14801<\/p>\n<p>Kod\u0117l verta rinktis \u0161i\u0105 LED sensorin\u0119 d\u0117\u017e\u0119?<\/p>\n<p> \tSukuria magi\u0161k\u0105, \u012fkvepian\u010di\u0105 ir raminan\u010di\u0105 aplink\u0105<br \/>\n \tIdeali tiek sensorikai, tiek STEAM eksperimentams<br \/>\n \tPuikiai tinka individualiai ir grupinei veiklai<br \/>\n \tSaugus, tvirtas ir ilgaam\u017eis Masterkidz produktas<br \/>\n \tSkatina tyrin\u0117jim\u0105, k\u016bryb\u0105 ir nat\u016bral\u0173 mokym\u0105si<\/p>","protected":false},"excerpt":{"rendered":"<p>Leiskite vaikams pasinerti \u012f spalv\u0173, \u0161viesos ir k\u016brybos pasaul\u012f su Masterkidz LED Sensory Box Panel \u2013 tvirta, i\u0161 nat\u016bralaus med\u017eio<\/p>","protected":false},"featured_media":95349,"template":"","meta":{"_acf_changed":false,"_glsr_average":0,"_glsr_ranking":0,"_glsr_reviews":0},"product_brand":[],"product_cat":[673,229],"product_tag":[],"class_list":{"0":"post-95347","1":"product","2":"type-product","3":"status-publish","4":"has-post-thumbnail","6":"product_cat-ugdomosios-priemones","7":"product_cat-zaislai-vaikams","8":"\"style=\"background-color: #2ecc711c;\"","10":"first","11":"instock","12":"purchasable","13":"product-type-simple"},"acf":[],"yoast_head":"<!-- This site is optimized with the Yoast SEO plugin v27.3 - https:\/\/yoast.com\/product\/yoast-seo-wordpress\/ -->\n<title>Masterkidz LED Sensorin\u0117 \u0160viesos D\u0117\u017e\u0117 \u2013 spalv\u0173, form\u0173 ir \u0161viesos tyrin\u0117jimo centras vaikams<\/title>\n<meta name=\"description\" content=\"Masterkidz LED Sensorin\u0117 \u0160viesos D\u0117\u017e\u0117 \u2013 spalv\u0173, form\u0173 ir \u0161viesos tyrin\u0117jimo centras vaikams - KidsPlay. Did\u017eiausias vaik\u0173 \u017eaisl\u0173 pasirinkimas.\" \/>\n<meta name=\"robots\" content=\"index, follow, max-snippet:-1, max-image-preview:large, max-video-preview:-1\" \/>\n<link rel=\"canonical\" href=\"https:\/\/kidsplay.lt\/lv\/products\/masterkidz-led-sensorine-sviesos-deze-spalvu-formu-ir-sviesos-tyrinejimo-centras-vaikams\/\" \/>\n<meta property=\"og:locale\" content=\"lv_LV\" \/>\n<meta property=\"og:type\" content=\"article\" \/>\n<meta property=\"og:title\" content=\"Masterkidz LED Sensorin\u0117 \u0160viesos D\u0117\u017e\u0117 \u2013 spalv\u0173, form\u0173 ir \u0161viesos tyrin\u0117jimo centras vaikams\" \/>\n<meta property=\"og:description\" content=\"Masterkidz LED Sensorin\u0117 \u0160viesos D\u0117\u017e\u0117 \u2013 spalv\u0173, form\u0173 ir \u0161viesos tyrin\u0117jimo centras vaikams - KidsPlay. Did\u017eiausias vaik\u0173 \u017eaisl\u0173 pasirinkimas.\" \/>\n<meta property=\"og:url\" content=\"https:\/\/kidsplay.lt\/lv\/products\/masterkidz-led-sensorine-sviesos-deze-spalvu-formu-ir-sviesos-tyrinejimo-centras-vaikams\/\" \/>\n<meta property=\"og:site_name\" content=\"KidsPlay\" \/>\n<meta property=\"article:publisher\" content=\"https:\/\/www.facebook.com\/www.kidsplay.lt\" \/>\n<meta property=\"article:modified_time\" content=\"2026-04-07T06:42:19+00:00\" \/>\n<meta property=\"og:image\" content=\"https:\/\/kidsplay.lt\/wp-content\/uploads\/2026\/03\/Masterkidz-LED-Sensorine-Sviesos-Deze-\u2013-spalvu-formu-ir-sviesos-tyrinejimo-centras-vaikams.jpg\" \/>\n\t<meta property=\"og:image:width\" content=\"1000\" \/>\n\t<meta property=\"og:image:height\" content=\"1000\" \/>\n\t<meta property=\"og:image:type\" content=\"image\/jpeg\" \/>\n<meta name=\"twitter:card\" content=\"summary_large_image\" \/>\n<meta name=\"twitter:label1\" content=\"Est. reading time\" \/>\n\t<meta name=\"twitter:data1\" content=\"2 min\u016btes\" \/>\n<script type=\"application\/ld+json\" class=\"yoast-schema-graph\">{\"@context\":\"https:\\\/\\\/schema.org\",\"@graph\":[{\"@type\":\"WebPage\",\"@id\":\"https:\\\/\\\/kidsplay.lt\\\/produktas\\\/masterkidz-led-sensorine-sviesos-deze-spalvu-formu-ir-sviesos-tyrinejimo-centras-vaikams\\\/\",\"url\":\"https:\\\/\\\/kidsplay.lt\\\/produktas\\\/masterkidz-led-sensorine-sviesos-deze-spalvu-formu-ir-sviesos-tyrinejimo-centras-vaikams\\\/\",\"name\":\"Masterkidz LED Sensorin\u0117 \u0160viesos D\u0117\u017e\u0117 \u2013 spalv\u0173, form\u0173 ir \u0161viesos tyrin\u0117jimo centras vaikams\",\"isPartOf\":{\"@id\":\"https:\\\/\\\/kidsplay.lt\\\/#website\"},\"primaryImageOfPage\":{\"@id\":\"https:\\\/\\\/kidsplay.lt\\\/produktas\\\/masterkidz-led-sensorine-sviesos-deze-spalvu-formu-ir-sviesos-tyrinejimo-centras-vaikams\\\/#primaryimage\"},\"image\":{\"@id\":\"https:\\\/\\\/kidsplay.lt\\\/produktas\\\/masterkidz-led-sensorine-sviesos-deze-spalvu-formu-ir-sviesos-tyrinejimo-centras-vaikams\\\/#primaryimage\"},\"thumbnailUrl\":\"https:\\\/\\\/kidsplay.lt\\\/wp-content\\\/uploads\\\/2026\\\/03\\\/Masterkidz-LED-Sensorine-Sviesos-Deze-\u2013-spalvu-formu-ir-sviesos-tyrinejimo-centras-vaikams.jpg\",\"datePublished\":\"2026-03-19T11:15:41+00:00\",\"dateModified\":\"2026-04-07T06:42:19+00:00\",\"description\":\"Masterkidz LED Sensorin\u0117 \u0160viesos D\u0117\u017e\u0117 \u2013 spalv\u0173, form\u0173 ir \u0161viesos tyrin\u0117jimo centras vaikams - KidsPlay. Did\u017eiausias vaik\u0173 \u017eaisl\u0173 pasirinkimas.\",\"breadcrumb\":{\"@id\":\"https:\\\/\\\/kidsplay.lt\\\/produktas\\\/masterkidz-led-sensorine-sviesos-deze-spalvu-formu-ir-sviesos-tyrinejimo-centras-vaikams\\\/#breadcrumb\"},\"inLanguage\":\"lv-LV\",\"potentialAction\":[{\"@type\":\"ReadAction\",\"target\":[\"https:\\\/\\\/kidsplay.lt\\\/produktas\\\/masterkidz-led-sensorine-sviesos-deze-spalvu-formu-ir-sviesos-tyrinejimo-centras-vaikams\\\/\"]}]},{\"@type\":\"ImageObject\",\"inLanguage\":\"lv-LV\",\"@id\":\"https:\\\/\\\/kidsplay.lt\\\/produktas\\\/masterkidz-led-sensorine-sviesos-deze-spalvu-formu-ir-sviesos-tyrinejimo-centras-vaikams\\\/#primaryimage\",\"url\":\"https:\\\/\\\/kidsplay.lt\\\/wp-content\\\/uploads\\\/2026\\\/03\\\/Masterkidz-LED-Sensorine-Sviesos-Deze-\u2013-spalvu-formu-ir-sviesos-tyrinejimo-centras-vaikams.jpg\",\"contentUrl\":\"https:\\\/\\\/kidsplay.lt\\\/wp-content\\\/uploads\\\/2026\\\/03\\\/Masterkidz-LED-Sensorine-Sviesos-Deze-\u2013-spalvu-formu-ir-sviesos-tyrinejimo-centras-vaikams.jpg\",\"width\":1000,\"height\":1000,\"caption\":\"Masterkidz LED Sensorin\u0117 \u0160viesos D\u0117\u017e\u0117 \u2013 spalv\u0173\"},{\"@type\":\"BreadcrumbList\",\"@id\":\"https:\\\/\\\/kidsplay.lt\\\/produktas\\\/masterkidz-led-sensorine-sviesos-deze-spalvu-formu-ir-sviesos-tyrinejimo-centras-vaikams\\\/#breadcrumb\",\"itemListElement\":[{\"@type\":\"ListItem\",\"position\":1,\"name\":\"Pagrindinis\",\"item\":\"https:\\\/\\\/kidsplay.lt\\\/\"},{\"@type\":\"ListItem\",\"position\":2,\"name\":\"Parduotuv\u0117\",\"item\":\"https:\\\/\\\/kidsplay.lt\\\/parduotuve\\\/\"},{\"@type\":\"ListItem\",\"position\":3,\"name\":\"Masterkidz LED Sensorin\u0117 \u0160viesos D\u0117\u017e\u0117 \u2013 spalv\u0173, form\u0173 ir \u0161viesos tyrin\u0117jimo centras vaikams\"}]},{\"@type\":\"WebSite\",\"@id\":\"https:\\\/\\\/kidsplay.lt\\\/#website\",\"url\":\"https:\\\/\\\/kidsplay.lt\\\/\",\"name\":\"Kidsplay.lt\",\"description\":\"\u012evairios prek\u0117s vaikams\",\"publisher\":{\"@id\":\"https:\\\/\\\/kidsplay.lt\\\/#organization\"},\"alternateName\":\"Kidsplay\",\"potentialAction\":[{\"@type\":\"SearchAction\",\"target\":{\"@type\":\"EntryPoint\",\"urlTemplate\":\"https:\\\/\\\/kidsplay.lt\\\/?s={search_term_string}\"},\"query-input\":{\"@type\":\"PropertyValueSpecification\",\"valueRequired\":true,\"valueName\":\"search_term_string\"}}],\"inLanguage\":\"lv-LV\"},{\"@type\":\"Organization\",\"@id\":\"https:\\\/\\\/kidsplay.lt\\\/#organization\",\"name\":\"KidsPlay\",\"url\":\"https:\\\/\\\/kidsplay.lt\\\/\",\"logo\":{\"@type\":\"ImageObject\",\"inLanguage\":\"lv-LV\",\"@id\":\"https:\\\/\\\/kidsplay.lt\\\/#\\\/schema\\\/logo\\\/image\\\/\",\"url\":\"https:\\\/\\\/kidsplay.lt\\\/wp-content\\\/uploads\\\/2023\\\/07\\\/kidsplay-logo.png\",\"contentUrl\":\"https:\\\/\\\/kidsplay.lt\\\/wp-content\\\/uploads\\\/2023\\\/07\\\/kidsplay-logo.png\",\"width\":451,\"height\":98,\"caption\":\"KidsPlay\"},\"image\":{\"@id\":\"https:\\\/\\\/kidsplay.lt\\\/#\\\/schema\\\/logo\\\/image\\\/\"},\"sameAs\":[\"https:\\\/\\\/www.facebook.com\\\/www.kidsplay.lt\"]}]}<\/script>\n<!-- \/ Yoast SEO plugin. -->","yoast_head_json":{"title":"Masterkidz LED Sensorin\u0117 \u0160viesos D\u0117\u017e\u0117 \u2013 spalv\u0173, form\u0173 ir \u0161viesos tyrin\u0117jimo centras vaikams","description":"Masterkidz LED Sensorin\u0117 \u0160viesos D\u0117\u017e\u0117 \u2013 spalv\u0173, form\u0173 ir \u0161viesos tyrin\u0117jimo centras vaikams - KidsPlay. Did\u017eiausias vaik\u0173 \u017eaisl\u0173 pasirinkimas.","robots":{"index":"index","follow":"follow","max-snippet":"max-snippet:-1","max-image-preview":"max-image-preview:large","max-video-preview":"max-video-preview:-1"},"canonical":"https:\/\/kidsplay.lt\/lv\/products\/masterkidz-led-sensorine-sviesos-deze-spalvu-formu-ir-sviesos-tyrinejimo-centras-vaikams\/","og_locale":"lv_LV","og_type":"article","og_title":"Masterkidz LED Sensorin\u0117 \u0160viesos D\u0117\u017e\u0117 \u2013 spalv\u0173, form\u0173 ir \u0161viesos tyrin\u0117jimo centras vaikams","og_description":"Masterkidz LED Sensorin\u0117 \u0160viesos D\u0117\u017e\u0117 \u2013 spalv\u0173, form\u0173 ir \u0161viesos tyrin\u0117jimo centras vaikams - KidsPlay. Did\u017eiausias vaik\u0173 \u017eaisl\u0173 pasirinkimas.","og_url":"https:\/\/kidsplay.lt\/lv\/products\/masterkidz-led-sensorine-sviesos-deze-spalvu-formu-ir-sviesos-tyrinejimo-centras-vaikams\/","og_site_name":"KidsPlay","article_publisher":"https:\/\/www.facebook.com\/www.kidsplay.lt","article_modified_time":"2026-04-07T06:42:19+00:00","og_image":[{"width":1000,"height":1000,"url":"https:\/\/kidsplay.lt\/wp-content\/uploads\/2026\/03\/Masterkidz-LED-Sensorine-Sviesos-Deze-\u2013-spalvu-formu-ir-sviesos-tyrinejimo-centras-vaikams.jpg","type":"image\/jpeg"}],"twitter_card":"summary_large_image","twitter_misc":{"Est. reading time":"2 min\u016btes"},"schema":{"@context":"https:\/\/schema.org","@graph":[{"@type":"WebPage","@id":"https:\/\/kidsplay.lt\/produktas\/masterkidz-led-sensorine-sviesos-deze-spalvu-formu-ir-sviesos-tyrinejimo-centras-vaikams\/","url":"https:\/\/kidsplay.lt\/produktas\/masterkidz-led-sensorine-sviesos-deze-spalvu-formu-ir-sviesos-tyrinejimo-centras-vaikams\/","name":"Masterkidz LED Sensorin\u0117 \u0160viesos D\u0117\u017e\u0117 \u2013 spalv\u0173, form\u0173 ir \u0161viesos tyrin\u0117jimo centras vaikams","isPartOf":{"@id":"https:\/\/kidsplay.lt\/#website"},"primaryImageOfPage":{"@id":"https:\/\/kidsplay.lt\/produktas\/masterkidz-led-sensorine-sviesos-deze-spalvu-formu-ir-sviesos-tyrinejimo-centras-vaikams\/#primaryimage"},"image":{"@id":"https:\/\/kidsplay.lt\/produktas\/masterkidz-led-sensorine-sviesos-deze-spalvu-formu-ir-sviesos-tyrinejimo-centras-vaikams\/#primaryimage"},"thumbnailUrl":"https:\/\/kidsplay.lt\/wp-content\/uploads\/2026\/03\/Masterkidz-LED-Sensorine-Sviesos-Deze-\u2013-spalvu-formu-ir-sviesos-tyrinejimo-centras-vaikams.jpg","datePublished":"2026-03-19T11:15:41+00:00","dateModified":"2026-04-07T06:42:19+00:00","description":"Masterkidz LED Sensorin\u0117 \u0160viesos D\u0117\u017e\u0117 \u2013 spalv\u0173, form\u0173 ir \u0161viesos tyrin\u0117jimo centras vaikams - KidsPlay. Did\u017eiausias vaik\u0173 \u017eaisl\u0173 pasirinkimas.","breadcrumb":{"@id":"https:\/\/kidsplay.lt\/produktas\/masterkidz-led-sensorine-sviesos-deze-spalvu-formu-ir-sviesos-tyrinejimo-centras-vaikams\/#breadcrumb"},"inLanguage":"lv-LV","potentialAction":[{"@type":"ReadAction","target":["https:\/\/kidsplay.lt\/produktas\/masterkidz-led-sensorine-sviesos-deze-spalvu-formu-ir-sviesos-tyrinejimo-centras-vaikams\/"]}]},{"@type":"ImageObject","inLanguage":"lv-LV","@id":"https:\/\/kidsplay.lt\/produktas\/masterkidz-led-sensorine-sviesos-deze-spalvu-formu-ir-sviesos-tyrinejimo-centras-vaikams\/#primaryimage","url":"https:\/\/kidsplay.lt\/wp-content\/uploads\/2026\/03\/Masterkidz-LED-Sensorine-Sviesos-Deze-\u2013-spalvu-formu-ir-sviesos-tyrinejimo-centras-vaikams.jpg","contentUrl":"https:\/\/kidsplay.lt\/wp-content\/uploads\/2026\/03\/Masterkidz-LED-Sensorine-Sviesos-Deze-\u2013-spalvu-formu-ir-sviesos-tyrinejimo-centras-vaikams.jpg","width":1000,"height":1000,"caption":"Masterkidz LED Sensorin\u0117 \u0160viesos D\u0117\u017e\u0117 \u2013 spalv\u0173"},{"@type":"BreadcrumbList","@id":"https:\/\/kidsplay.lt\/produktas\/masterkidz-led-sensorine-sviesos-deze-spalvu-formu-ir-sviesos-tyrinejimo-centras-vaikams\/#breadcrumb","itemListElement":[{"@type":"ListItem","position":1,"name":"Pagrindinis","item":"https:\/\/kidsplay.lt\/"},{"@type":"ListItem","position":2,"name":"Parduotuv\u0117","item":"https:\/\/kidsplay.lt\/parduotuve\/"},{"@type":"ListItem","position":3,"name":"Masterkidz LED Sensorin\u0117 \u0160viesos D\u0117\u017e\u0117 \u2013 spalv\u0173, form\u0173 ir \u0161viesos tyrin\u0117jimo centras vaikams"}]},{"@type":"WebSite","@id":"https:\/\/kidsplay.lt\/#website","url":"https:\/\/kidsplay.lt\/","name":"B\u0113rnu sp\u0113les.lv","description":"\u012evairios prek\u0117s vaikams","publisher":{"@id":"https:\/\/kidsplay.lt\/#organization"},"alternateName":"Kidsplay","potentialAction":[{"@type":"SearchAction","target":{"@type":"EntryPoint","urlTemplate":"https:\/\/kidsplay.lt\/?s={search_term_string}"},"query-input":{"@type":"PropertyValueSpecification","valueRequired":true,"valueName":"search_term_string"}}],"inLanguage":"lv-LV"},{"@type":"Organization","@id":"https:\/\/kidsplay.lt\/#organization","name":"B\u0113rnu sp\u0113le","url":"https:\/\/kidsplay.lt\/","logo":{"@type":"ImageObject","inLanguage":"lv-LV","@id":"https:\/\/kidsplay.lt\/#\/schema\/logo\/image\/","url":"https:\/\/kidsplay.lt\/wp-content\/uploads\/2023\/07\/kidsplay-logo.png","contentUrl":"https:\/\/kidsplay.lt\/wp-content\/uploads\/2023\/07\/kidsplay-logo.png","width":451,"height":98,"caption":"KidsPlay"},"image":{"@id":"https:\/\/kidsplay.lt\/#\/schema\/logo\/image\/"},"sameAs":["https:\/\/www.facebook.com\/www.kidsplay.lt"]}]}},"_links":{"self":[{"href":"https:\/\/kidsplay.lt\/lv\/wp-json\/wp\/v2\/product\/95347","targetHints":{"allow":["GET"]}}],"collection":[{"href":"https:\/\/kidsplay.lt\/lv\/wp-json\/wp\/v2\/product"}],"about":[{"href":"https:\/\/kidsplay.lt\/lv\/wp-json\/wp\/v2\/types\/product"}],"version-history":[{"count":1,"href":"https:\/\/kidsplay.lt\/lv\/wp-json\/wp\/v2\/product\/95347\/revisions"}],"predecessor-version":[{"id":95348,"href":"https:\/\/kidsplay.lt\/lv\/wp-json\/wp\/v2\/product\/95347\/revisions\/95348"}],"wp:featuredmedia":[{"embeddable":true,"href":"https:\/\/kidsplay.lt\/lv\/wp-json\/wp\/v2\/media\/95349"}],"wp:attachment":[{"href":"https:\/\/kidsplay.lt\/lv\/wp-json\/wp\/v2\/media?parent=95347"}],"wp:term":[{"taxonomy":"product_brand","embeddable":true,"href":"https:\/\/kidsplay.lt\/lv\/wp-json\/wp\/v2\/product_brand?post=95347"},{"taxonomy":"product_cat","embeddable":true,"href":"https:\/\/kidsplay.lt\/lv\/wp-json\/wp\/v2\/product_cat?post=95347"},{"taxonomy":"product_tag","embeddable":true,"href":"https:\/\/kidsplay.lt\/lv\/wp-json\/wp\/v2\/product_tag?post=95347"}],"curies":[{"name":"wp","href":"https:\/\/api.w.org\/{rel}","templated":true}]}}