{"id":95536,"date":"2026-03-19T13:22:47","date_gmt":"2026-03-19T11:22:47","guid":{"rendered":"https:\/\/kidsplay.lt\/produktas\/woopie-shell-smelio-deze-baseinas-3in1\/"},"modified":"2026-04-13T14:04:19","modified_gmt":"2026-04-13T11:04:19","slug":"woopie-shell-smelio-deze-baseinas-3in1","status":"publish","type":"product","link":"https:\/\/kidsplay.lt\/lv\/products\/woopie-shell-smelio-deze-baseinas-3in1\/","title":{"rendered":"Woopie \u201eSHELL\u201c sm\u0117lio d\u0117\u017e\u0117\u2013baseinas 3in1"},"content":{"rendered":"<p>Woopie \u201eSHELL\u201c sm\u0117lio d\u0117\u017e\u0117 \u2013 tai idealus \u017eaislas ma\u017eyliams, suteikiantis neribot\u0105 \u017eaidimo d\u017eiaugsm\u0105 tiek lauke, tiek namuose. Pagaminta i\u0161 atsparios, auk\u0161tos kokyb\u0117s med\u017eiagos, ji nebijo saul\u0117s, lietaus ar temperat\u016br\u0173 poky\u010di\u0173, o spalvos ilgainiui nei\u0161blunka. Visi kra\u0161tai yra apvalinti, tod\u0117l \u017eaidimas yra visi\u0161kai saugus net patiems ma\u017eiausiems.<\/p>\n<p>D\u0117l dviej\u0173 dali\u0173 konstrukcijos \u201eSHELL\u201c tampa tikru 3-in-1 sprendimu:<\/p>\n<p> \tsm\u0117lio d\u0117\u017e\u0117,<br \/>\n \tbaseinas,<br \/>\n \tsaus\u0173 kamuoliuk\u0173 baseinas arba \u017eaisl\u0173 talpykla ne sezono metu.<\/p>\n<p>Kar\u0161tomis dienomis vien\u0105 dal\u012f galima pripildyti vandens, o kit\u0105 naudoti sm\u0117liui. \u017diem\u0105 ji puikiai tinka \u017eaidimams namuose. Lengva, kompakti\u0161ka forma leid\u017eia patogiai perne\u0161ti ir pri\u017ei\u016br\u0117ti.<\/p>\n<p>Norint tur\u0117ti piln\u0105 komplekt\u0105 su dang\u010diu, rekomenduojama \u012fsigyti du vienetus.<\/p>\n<p>Raksturojums:<\/p>\n<p> \tSkirta vaikams nuo 12 m\u0117nesi\u0173<br \/>\n \tPagaminta i\u0161 auk\u0161tos kokyb\u0117s, saugios ir patvarios med\u017eiagos<br \/>\n \tN\u0117ra a\u0161tri\u0173 briaun\u0173 \u2013 visi\u0161kai saugi ma\u017eyliams<br \/>\n \t3-in-1 funkcija: sm\u0117lio d\u0117\u017e\u0117, baseinas, sausas baseinas<br \/>\n \tAtspari oro s\u0105lygoms, spalvos neblunka<br \/>\n \tLengvai valoma ir patogi transportuoti<br \/>\n \tGalima naudoti viduje ir lauke<br \/>\n \tRekomenduojama \u012fsigyti 2 vnt., kad b\u016bt\u0173 galima u\u017edaryti sm\u0117lio d\u0117\u017e\u0119<\/p>\n<p>Rota\u013clietu lav\u012bna:<\/p>\n<p> \tStambi\u0105j\u0105 motorik\u0105<br \/>\n \tSensorinius poj\u016b\u010dius<br \/>\n \tK\u016brybi\u0161kum\u0105 ir savaranki\u0161k\u0105 \u017eaidim\u0105<br \/>\n \tSoci\u0101l\u0101s prasmes, sp\u0113l\u0113joties kop\u0101<\/p>\n<p>Woopie \u2013 vienas pirmaujan\u010di\u0173 \u017eaisl\u0173 gamintoj\u0173 Europoje, kuri\u0173 misija paprasta: suteikti vaikams kuo daugiau d\u017eiaugsmo. Nuo kostium\u0173 iki s\u016bpyni\u0173 ir lauko \u017eaisl\u0173 \u2013 Woopie leid\u017eia pramogoms tek\u0117ti be rib\u0173.<\/p>","protected":false},"excerpt":{"rendered":"<p>Woopie \u201eSHELL\u201c sm\u0117lio d\u0117\u017e\u0117 \u2013 tai idealus \u017eaislas ma\u017eyliams, suteikiantis neribot\u0105 \u017eaidimo d\u017eiaugsm\u0105 tiek lauke, tiek namuose. Pagaminta i\u0161 atsparios,<\/p>","protected":false},"featured_media":95538,"template":"","meta":{"_acf_changed":false,"_glsr_average":0,"_glsr_ranking":0,"_glsr_reviews":0},"product_brand":[],"product_cat":[233,327],"product_tag":[],"class_list":{"0":"post-95536","1":"product","2":"type-product","3":"status-publish","4":"has-post-thumbnail","6":"product_cat-lauko-pramogos","7":"product_cat-smelio-dezes-ir-priedai","8":"\"style=\"background-color: #2ecc711c;\"","10":"first","11":"instock","12":"purchasable","13":"product-type-simple"},"acf":[],"yoast_head":"<!-- This site is optimized with the Yoast SEO plugin v27.4 - https:\/\/yoast.com\/product\/yoast-seo-wordpress\/ -->\n<title>Woopie \u201eSHELL\u201c sm\u0117lio d\u0117\u017e\u0117\u2013baseinas 3in1<\/title>\n<meta name=\"description\" content=\"Woopie \u201eSHELL\u201c sm\u0117lio d\u0117\u017e\u0117\u2013baseinas 3in1 - KidsPlay. Did\u017eiausias vaik\u0173 \u017eaisl\u0173 pasirinkimas.\" \/>\n<meta name=\"robots\" content=\"index, follow, max-snippet:-1, max-image-preview:large, max-video-preview:-1\" \/>\n<link rel=\"canonical\" href=\"https:\/\/kidsplay.lt\/lv\/products\/woopie-shell-smelio-deze-baseinas-3in1\/\" \/>\n<meta property=\"og:locale\" content=\"lv_LV\" \/>\n<meta property=\"og:type\" content=\"article\" \/>\n<meta property=\"og:title\" content=\"Woopie \u201eSHELL\u201c sm\u0117lio d\u0117\u017e\u0117\u2013baseinas 3in1\" \/>\n<meta property=\"og:description\" content=\"Woopie \u201eSHELL\u201c sm\u0117lio d\u0117\u017e\u0117\u2013baseinas 3in1 - KidsPlay. Did\u017eiausias vaik\u0173 \u017eaisl\u0173 pasirinkimas.\" \/>\n<meta property=\"og:url\" content=\"https:\/\/kidsplay.lt\/lv\/products\/woopie-shell-smelio-deze-baseinas-3in1\/\" \/>\n<meta property=\"og:site_name\" content=\"KidsPlay\" \/>\n<meta property=\"article:publisher\" content=\"https:\/\/www.facebook.com\/www.kidsplay.lt\" \/>\n<meta property=\"article:modified_time\" content=\"2026-04-13T11:04:19+00:00\" \/>\n<meta property=\"og:image\" content=\"https:\/\/kidsplay.lt\/wp-content\/uploads\/2026\/03\/Woopie-\u201eSHELL-smelio-deze\u2013baseinas-3in1.jpg\" \/>\n\t<meta property=\"og:image:width\" content=\"2560\" \/>\n\t<meta property=\"og:image:height\" content=\"2560\" \/>\n\t<meta property=\"og:image:type\" content=\"image\/jpeg\" \/>\n<meta name=\"twitter:card\" content=\"summary_large_image\" \/>\n<meta name=\"twitter:label1\" content=\"Est. reading time\" \/>\n\t<meta name=\"twitter:data1\" content=\"1 min\u016bte\" \/>\n<script type=\"application\/ld+json\" class=\"yoast-schema-graph\">{\"@context\":\"https:\\\/\\\/schema.org\",\"@graph\":[{\"@type\":\"WebPage\",\"@id\":\"https:\\\/\\\/kidsplay.lt\\\/produktas\\\/woopie-shell-smelio-deze-baseinas-3in1\\\/\",\"url\":\"https:\\\/\\\/kidsplay.lt\\\/produktas\\\/woopie-shell-smelio-deze-baseinas-3in1\\\/\",\"name\":\"Woopie \u201eSHELL\u201c sm\u0117lio d\u0117\u017e\u0117\u2013baseinas 3in1\",\"isPartOf\":{\"@id\":\"https:\\\/\\\/kidsplay.lt\\\/#website\"},\"primaryImageOfPage\":{\"@id\":\"https:\\\/\\\/kidsplay.lt\\\/produktas\\\/woopie-shell-smelio-deze-baseinas-3in1\\\/#primaryimage\"},\"image\":{\"@id\":\"https:\\\/\\\/kidsplay.lt\\\/produktas\\\/woopie-shell-smelio-deze-baseinas-3in1\\\/#primaryimage\"},\"thumbnailUrl\":\"https:\\\/\\\/kidsplay.lt\\\/wp-content\\\/uploads\\\/2026\\\/03\\\/Woopie-\u201eSHELL-smelio-deze\u2013baseinas-3in1.jpg\",\"datePublished\":\"2026-03-19T11:22:47+00:00\",\"dateModified\":\"2026-04-13T11:04:19+00:00\",\"description\":\"Woopie \u201eSHELL\u201c sm\u0117lio d\u0117\u017e\u0117\u2013baseinas 3in1 - KidsPlay. Did\u017eiausias vaik\u0173 \u017eaisl\u0173 pasirinkimas.\",\"breadcrumb\":{\"@id\":\"https:\\\/\\\/kidsplay.lt\\\/produktas\\\/woopie-shell-smelio-deze-baseinas-3in1\\\/#breadcrumb\"},\"inLanguage\":\"lv-LV\",\"potentialAction\":[{\"@type\":\"ReadAction\",\"target\":[\"https:\\\/\\\/kidsplay.lt\\\/produktas\\\/woopie-shell-smelio-deze-baseinas-3in1\\\/\"]}]},{\"@type\":\"ImageObject\",\"inLanguage\":\"lv-LV\",\"@id\":\"https:\\\/\\\/kidsplay.lt\\\/produktas\\\/woopie-shell-smelio-deze-baseinas-3in1\\\/#primaryimage\",\"url\":\"https:\\\/\\\/kidsplay.lt\\\/wp-content\\\/uploads\\\/2026\\\/03\\\/Woopie-\u201eSHELL-smelio-deze\u2013baseinas-3in1.jpg\",\"contentUrl\":\"https:\\\/\\\/kidsplay.lt\\\/wp-content\\\/uploads\\\/2026\\\/03\\\/Woopie-\u201eSHELL-smelio-deze\u2013baseinas-3in1.jpg\",\"width\":2560,\"height\":2560,\"caption\":\"Woopie \u201eSHELL\u201c sm\u0117lio d\u0117\u017e\u0117\u2013baseinas 3in1\"},{\"@type\":\"BreadcrumbList\",\"@id\":\"https:\\\/\\\/kidsplay.lt\\\/produktas\\\/woopie-shell-smelio-deze-baseinas-3in1\\\/#breadcrumb\",\"itemListElement\":[{\"@type\":\"ListItem\",\"position\":1,\"name\":\"Pagrindinis\",\"item\":\"https:\\\/\\\/kidsplay.lt\\\/\"},{\"@type\":\"ListItem\",\"position\":2,\"name\":\"Parduotuv\u0117\",\"item\":\"https:\\\/\\\/kidsplay.lt\\\/parduotuve\\\/\"},{\"@type\":\"ListItem\",\"position\":3,\"name\":\"Woopie \u201eSHELL\u201c sm\u0117lio d\u0117\u017e\u0117\u2013baseinas 3in1\"}]},{\"@type\":\"WebSite\",\"@id\":\"https:\\\/\\\/kidsplay.lt\\\/#website\",\"url\":\"https:\\\/\\\/kidsplay.lt\\\/\",\"name\":\"Kidsplay.lt\",\"description\":\"\u012evairios prek\u0117s vaikams\",\"publisher\":{\"@id\":\"https:\\\/\\\/kidsplay.lt\\\/#organization\"},\"alternateName\":\"Kidsplay\",\"potentialAction\":[{\"@type\":\"SearchAction\",\"target\":{\"@type\":\"EntryPoint\",\"urlTemplate\":\"https:\\\/\\\/kidsplay.lt\\\/?s={search_term_string}\"},\"query-input\":{\"@type\":\"PropertyValueSpecification\",\"valueRequired\":true,\"valueName\":\"search_term_string\"}}],\"inLanguage\":\"lv-LV\"},{\"@type\":\"Organization\",\"@id\":\"https:\\\/\\\/kidsplay.lt\\\/#organization\",\"name\":\"KidsPlay\",\"url\":\"https:\\\/\\\/kidsplay.lt\\\/\",\"logo\":{\"@type\":\"ImageObject\",\"inLanguage\":\"lv-LV\",\"@id\":\"https:\\\/\\\/kidsplay.lt\\\/#\\\/schema\\\/logo\\\/image\\\/\",\"url\":\"https:\\\/\\\/kidsplay.lt\\\/wp-content\\\/uploads\\\/2023\\\/07\\\/kidsplay-logo.png\",\"contentUrl\":\"https:\\\/\\\/kidsplay.lt\\\/wp-content\\\/uploads\\\/2023\\\/07\\\/kidsplay-logo.png\",\"width\":451,\"height\":98,\"caption\":\"KidsPlay\"},\"image\":{\"@id\":\"https:\\\/\\\/kidsplay.lt\\\/#\\\/schema\\\/logo\\\/image\\\/\"},\"sameAs\":[\"https:\\\/\\\/www.facebook.com\\\/www.kidsplay.lt\"]}]}<\/script>\n<!-- \/ Yoast SEO plugin. -->","yoast_head_json":{"title":"Woopie \u201eSHELL\u201c sm\u0117lio d\u0117\u017e\u0117\u2013baseinas 3in1","description":"Woopie \u201eSHELL\u201c sm\u0117lio d\u0117\u017e\u0117\u2013baseinas 3in1 - KidsPlay. Did\u017eiausias vaik\u0173 \u017eaisl\u0173 pasirinkimas.","robots":{"index":"index","follow":"follow","max-snippet":"max-snippet:-1","max-image-preview":"max-image-preview:large","max-video-preview":"max-video-preview:-1"},"canonical":"https:\/\/kidsplay.lt\/lv\/products\/woopie-shell-smelio-deze-baseinas-3in1\/","og_locale":"lv_LV","og_type":"article","og_title":"Woopie \u201eSHELL\u201c sm\u0117lio d\u0117\u017e\u0117\u2013baseinas 3in1","og_description":"Woopie \u201eSHELL\u201c sm\u0117lio d\u0117\u017e\u0117\u2013baseinas 3in1 - KidsPlay. Did\u017eiausias vaik\u0173 \u017eaisl\u0173 pasirinkimas.","og_url":"https:\/\/kidsplay.lt\/lv\/products\/woopie-shell-smelio-deze-baseinas-3in1\/","og_site_name":"KidsPlay","article_publisher":"https:\/\/www.facebook.com\/www.kidsplay.lt","article_modified_time":"2026-04-13T11:04:19+00:00","og_image":[{"width":2560,"height":2560,"url":"https:\/\/kidsplay.lt\/wp-content\/uploads\/2026\/03\/Woopie-\u201eSHELL-smelio-deze\u2013baseinas-3in1.jpg","type":"image\/jpeg"}],"twitter_card":"summary_large_image","twitter_misc":{"Est. reading time":"1 min\u016bte"},"schema":{"@context":"https:\/\/schema.org","@graph":[{"@type":"WebPage","@id":"https:\/\/kidsplay.lt\/produktas\/woopie-shell-smelio-deze-baseinas-3in1\/","url":"https:\/\/kidsplay.lt\/produktas\/woopie-shell-smelio-deze-baseinas-3in1\/","name":"Woopie \u201eSHELL\u201c sm\u0117lio d\u0117\u017e\u0117\u2013baseinas 3in1","isPartOf":{"@id":"https:\/\/kidsplay.lt\/#website"},"primaryImageOfPage":{"@id":"https:\/\/kidsplay.lt\/produktas\/woopie-shell-smelio-deze-baseinas-3in1\/#primaryimage"},"image":{"@id":"https:\/\/kidsplay.lt\/produktas\/woopie-shell-smelio-deze-baseinas-3in1\/#primaryimage"},"thumbnailUrl":"https:\/\/kidsplay.lt\/wp-content\/uploads\/2026\/03\/Woopie-\u201eSHELL-smelio-deze\u2013baseinas-3in1.jpg","datePublished":"2026-03-19T11:22:47+00:00","dateModified":"2026-04-13T11:04:19+00:00","description":"Woopie \u201eSHELL\u201c sm\u0117lio d\u0117\u017e\u0117\u2013baseinas 3in1 - KidsPlay. Did\u017eiausias vaik\u0173 \u017eaisl\u0173 pasirinkimas.","breadcrumb":{"@id":"https:\/\/kidsplay.lt\/produktas\/woopie-shell-smelio-deze-baseinas-3in1\/#breadcrumb"},"inLanguage":"lv-LV","potentialAction":[{"@type":"ReadAction","target":["https:\/\/kidsplay.lt\/produktas\/woopie-shell-smelio-deze-baseinas-3in1\/"]}]},{"@type":"ImageObject","inLanguage":"lv-LV","@id":"https:\/\/kidsplay.lt\/produktas\/woopie-shell-smelio-deze-baseinas-3in1\/#primaryimage","url":"https:\/\/kidsplay.lt\/wp-content\/uploads\/2026\/03\/Woopie-\u201eSHELL-smelio-deze\u2013baseinas-3in1.jpg","contentUrl":"https:\/\/kidsplay.lt\/wp-content\/uploads\/2026\/03\/Woopie-\u201eSHELL-smelio-deze\u2013baseinas-3in1.jpg","width":2560,"height":2560,"caption":"Woopie \u201eSHELL\u201c sm\u0117lio d\u0117\u017e\u0117\u2013baseinas 3in1"},{"@type":"BreadcrumbList","@id":"https:\/\/kidsplay.lt\/produktas\/woopie-shell-smelio-deze-baseinas-3in1\/#breadcrumb","itemListElement":[{"@type":"ListItem","position":1,"name":"Pagrindinis","item":"https:\/\/kidsplay.lt\/"},{"@type":"ListItem","position":2,"name":"Parduotuv\u0117","item":"https:\/\/kidsplay.lt\/parduotuve\/"},{"@type":"ListItem","position":3,"name":"Woopie \u201eSHELL\u201c sm\u0117lio d\u0117\u017e\u0117\u2013baseinas 3in1"}]},{"@type":"WebSite","@id":"https:\/\/kidsplay.lt\/#website","url":"https:\/\/kidsplay.lt\/","name":"B\u0113rnu sp\u0113les.lv","description":"\u012evairios prek\u0117s vaikams","publisher":{"@id":"https:\/\/kidsplay.lt\/#organization"},"alternateName":"Kidsplay","potentialAction":[{"@type":"SearchAction","target":{"@type":"EntryPoint","urlTemplate":"https:\/\/kidsplay.lt\/?s={search_term_string}"},"query-input":{"@type":"PropertyValueSpecification","valueRequired":true,"valueName":"search_term_string"}}],"inLanguage":"lv-LV"},{"@type":"Organization","@id":"https:\/\/kidsplay.lt\/#organization","name":"B\u0113rnu sp\u0113le","url":"https:\/\/kidsplay.lt\/","logo":{"@type":"ImageObject","inLanguage":"lv-LV","@id":"https:\/\/kidsplay.lt\/#\/schema\/logo\/image\/","url":"https:\/\/kidsplay.lt\/wp-content\/uploads\/2023\/07\/kidsplay-logo.png","contentUrl":"https:\/\/kidsplay.lt\/wp-content\/uploads\/2023\/07\/kidsplay-logo.png","width":451,"height":98,"caption":"KidsPlay"},"image":{"@id":"https:\/\/kidsplay.lt\/#\/schema\/logo\/image\/"},"sameAs":["https:\/\/www.facebook.com\/www.kidsplay.lt"]}]}},"_links":{"self":[{"href":"https:\/\/kidsplay.lt\/lv\/wp-json\/wp\/v2\/product\/95536","targetHints":{"allow":["GET"]}}],"collection":[{"href":"https:\/\/kidsplay.lt\/lv\/wp-json\/wp\/v2\/product"}],"about":[{"href":"https:\/\/kidsplay.lt\/lv\/wp-json\/wp\/v2\/types\/product"}],"version-history":[{"count":1,"href":"https:\/\/kidsplay.lt\/lv\/wp-json\/wp\/v2\/product\/95536\/revisions"}],"predecessor-version":[{"id":95537,"href":"https:\/\/kidsplay.lt\/lv\/wp-json\/wp\/v2\/product\/95536\/revisions\/95537"}],"wp:featuredmedia":[{"embeddable":true,"href":"https:\/\/kidsplay.lt\/lv\/wp-json\/wp\/v2\/media\/95538"}],"wp:attachment":[{"href":"https:\/\/kidsplay.lt\/lv\/wp-json\/wp\/v2\/media?parent=95536"}],"wp:term":[{"taxonomy":"product_brand","embeddable":true,"href":"https:\/\/kidsplay.lt\/lv\/wp-json\/wp\/v2\/product_brand?post=95536"},{"taxonomy":"product_cat","embeddable":true,"href":"https:\/\/kidsplay.lt\/lv\/wp-json\/wp\/v2\/product_cat?post=95536"},{"taxonomy":"product_tag","embeddable":true,"href":"https:\/\/kidsplay.lt\/lv\/wp-json\/wp\/v2\/product_tag?post=95536"}],"curies":[{"name":"wp","href":"https:\/\/api.w.org\/{rel}","templated":true}]}}