{"id":95745,"date":"2026-03-19T13:30:56","date_gmt":"2026-03-19T11:30:56","guid":{"rendered":"https:\/\/kidsplay.lt\/produktas\/woopie-prisukamas-plaukiantis-vezliukas-maudynems-melynas\/"},"modified":"2026-04-13T14:05:43","modified_gmt":"2026-04-13T11:05:43","slug":"woopie-prisukamas-plaukiantis-vezliukas-maudynems-melynas","status":"publish","type":"product","link":"https:\/\/kidsplay.lt\/lv\/products\/woopie-prisukamas-plaukiantis-vezliukas-maudynems-melynas\/","title":{"rendered":"Woopie pieskr\u016bv\u0113jams peldo\u0161s bru\u0146urupucis, zils"},"content":{"rendered":"<p>\u0160is spalvingas, prisukamas Woopie v\u0117\u017eliukas \u2013 tobulas maudyni\u0173 draugas kiekvienam ma\u017eyliui! Vos pasukus ratuk\u0105 ant v\u0117\u017eliuko galvos, jis pradeda plaukti, judinti leten\u0117les ir suktis vandenyje, paversdamas kasdien\u012f maudym\u0105si smagiu nuotykiu.<\/p>\n<p>\u017daislui nereikia baterij\u0173, jis atsparus vandeniui, lengvai valomas ir puikiai tinka tiek voniai, tiek baseinui ar vasaros \u017eaidimams prie vandens. Ry\u0161kios spalvos ir judesiai traukia vaiko d\u0117mes\u012f, skatina \u017eaisti ir padeda ma\u017eyliui jaustis dr\u0105siau vandens aplinkoje.<\/p>\n<p>Raksturojums:<\/p>\n<p> \tB\u0113rniem no 3 gadu vecuma<br \/>\n \tVeikia be baterij\u0173 \u2013 tiesiog prisukite ratuk\u0105<br \/>\n \tPanardintas vandenyje pradeda judinti leten\u0117les ir plaukti<br \/>\n \tDinami\u0161kas, linksmas \u017eaidimas, kuris patraukia vaiko d\u0117mes\u012f<br \/>\n \tTinka voniai, baseinui ir vasaros \u017eaidimams prie vandens<br \/>\n \tPadeda vaikui priprasti prie kasdien\u0117s higienos rutinos<br \/>\n \tPagamintas i\u0161 tvirto, vandeniui atsparaus ir lengvai valomo plastiko<\/p>\n<p>Rota\u013clietu lav\u012bna:<\/p>\n<p> \tRoku-acu koordin\u0101cija<br \/>\n \tSmalk\u0101s motorikas prasmes<br \/>\n \tVizualin\u012f suvokim\u0105<br \/>\n \tVaizduot\u0119 ir k\u016brybi\u0161kum\u0105<\/p>","protected":false},"excerpt":{"rendered":"<p>\u0160is spalvingas, prisukamas Woopie v\u0117\u017eliukas \u2013 tobulas maudyni\u0173 draugas kiekvienam ma\u017eyliui! Vos pasukus ratuk\u0105 ant v\u0117\u017eliuko galvos, jis pradeda plaukti,<\/p>","protected":false},"featured_media":95747,"template":"","meta":{"_acf_changed":false,"_glsr_average":0,"_glsr_ranking":0,"_glsr_reviews":0},"product_brand":[],"product_cat":[440,229],"product_tag":[],"class_list":{"0":"post-95745","1":"product","2":"type-product","3":"status-publish","4":"has-post-thumbnail","6":"product_cat-vonios-zaislai","7":"product_cat-zaislai-vaikams","8":"\"style=\"background-color: #2ecc711c;\"","10":"first","11":"instock","12":"purchasable","13":"product-type-simple"},"acf":[],"yoast_head":"<!-- This site is optimized with the Yoast SEO plugin v27.3 - https:\/\/yoast.com\/product\/yoast-seo-wordpress\/ -->\n<title>Woopie prisukamas plaukiantis v\u0117\u017eliukas maudyn\u0117ms m\u0117lynas<\/title>\n<meta name=\"description\" content=\"Woopie prisukamas plaukiantis v\u0117\u017eliukas maudyn\u0117ms m\u0117lynas - KidsPlay. Did\u017eiausias vaik\u0173 \u017eaisl\u0173 pasirinkimas.\" \/>\n<meta name=\"robots\" content=\"index, follow, max-snippet:-1, max-image-preview:large, max-video-preview:-1\" \/>\n<link rel=\"canonical\" href=\"https:\/\/kidsplay.lt\/lv\/products\/woopie-prisukamas-plaukiantis-vezliukas-maudynems-melynas\/\" \/>\n<meta property=\"og:locale\" content=\"lv_LV\" \/>\n<meta property=\"og:type\" content=\"article\" \/>\n<meta property=\"og:title\" content=\"Woopie prisukamas plaukiantis v\u0117\u017eliukas maudyn\u0117ms m\u0117lynas\" \/>\n<meta property=\"og:description\" content=\"Woopie prisukamas plaukiantis v\u0117\u017eliukas maudyn\u0117ms m\u0117lynas - KidsPlay. Did\u017eiausias vaik\u0173 \u017eaisl\u0173 pasirinkimas.\" \/>\n<meta property=\"og:url\" content=\"https:\/\/kidsplay.lt\/lv\/products\/woopie-prisukamas-plaukiantis-vezliukas-maudynems-melynas\/\" \/>\n<meta property=\"og:site_name\" content=\"KidsPlay\" \/>\n<meta property=\"article:publisher\" content=\"https:\/\/www.facebook.com\/www.kidsplay.lt\" \/>\n<meta property=\"article:modified_time\" content=\"2026-04-13T11:05:43+00:00\" \/>\n<meta property=\"og:image\" content=\"https:\/\/kidsplay.lt\/wp-content\/uploads\/2026\/03\/Woopie-prisukamas-plaukiantis-vezliukas-maudynems-melynas.jpg\" \/>\n\t<meta property=\"og:image:width\" content=\"1000\" \/>\n\t<meta property=\"og:image:height\" content=\"1000\" \/>\n\t<meta property=\"og:image:type\" content=\"image\/jpeg\" \/>\n<meta name=\"twitter:card\" content=\"summary_large_image\" \/>\n<meta name=\"twitter:label1\" content=\"Est. reading time\" \/>\n\t<meta name=\"twitter:data1\" content=\"1 min\u016bte\" \/>\n<script type=\"application\/ld+json\" class=\"yoast-schema-graph\">{\"@context\":\"https:\\\/\\\/schema.org\",\"@graph\":[{\"@type\":\"WebPage\",\"@id\":\"https:\\\/\\\/kidsplay.lt\\\/produktas\\\/woopie-prisukamas-plaukiantis-vezliukas-maudynems-melynas\\\/\",\"url\":\"https:\\\/\\\/kidsplay.lt\\\/produktas\\\/woopie-prisukamas-plaukiantis-vezliukas-maudynems-melynas\\\/\",\"name\":\"Woopie prisukamas plaukiantis v\u0117\u017eliukas maudyn\u0117ms m\u0117lynas\",\"isPartOf\":{\"@id\":\"https:\\\/\\\/kidsplay.lt\\\/#website\"},\"primaryImageOfPage\":{\"@id\":\"https:\\\/\\\/kidsplay.lt\\\/produktas\\\/woopie-prisukamas-plaukiantis-vezliukas-maudynems-melynas\\\/#primaryimage\"},\"image\":{\"@id\":\"https:\\\/\\\/kidsplay.lt\\\/produktas\\\/woopie-prisukamas-plaukiantis-vezliukas-maudynems-melynas\\\/#primaryimage\"},\"thumbnailUrl\":\"https:\\\/\\\/kidsplay.lt\\\/wp-content\\\/uploads\\\/2026\\\/03\\\/Woopie-prisukamas-plaukiantis-vezliukas-maudynems-melynas.jpg\",\"datePublished\":\"2026-03-19T11:30:56+00:00\",\"dateModified\":\"2026-04-13T11:05:43+00:00\",\"description\":\"Woopie prisukamas plaukiantis v\u0117\u017eliukas maudyn\u0117ms m\u0117lynas - KidsPlay. Did\u017eiausias vaik\u0173 \u017eaisl\u0173 pasirinkimas.\",\"breadcrumb\":{\"@id\":\"https:\\\/\\\/kidsplay.lt\\\/produktas\\\/woopie-prisukamas-plaukiantis-vezliukas-maudynems-melynas\\\/#breadcrumb\"},\"inLanguage\":\"lv-LV\",\"potentialAction\":[{\"@type\":\"ReadAction\",\"target\":[\"https:\\\/\\\/kidsplay.lt\\\/produktas\\\/woopie-prisukamas-plaukiantis-vezliukas-maudynems-melynas\\\/\"]}]},{\"@type\":\"ImageObject\",\"inLanguage\":\"lv-LV\",\"@id\":\"https:\\\/\\\/kidsplay.lt\\\/produktas\\\/woopie-prisukamas-plaukiantis-vezliukas-maudynems-melynas\\\/#primaryimage\",\"url\":\"https:\\\/\\\/kidsplay.lt\\\/wp-content\\\/uploads\\\/2026\\\/03\\\/Woopie-prisukamas-plaukiantis-vezliukas-maudynems-melynas.jpg\",\"contentUrl\":\"https:\\\/\\\/kidsplay.lt\\\/wp-content\\\/uploads\\\/2026\\\/03\\\/Woopie-prisukamas-plaukiantis-vezliukas-maudynems-melynas.jpg\",\"width\":1000,\"height\":1000,\"caption\":\"Woopie prisukamas plaukiantis v\u0117\u017eliukas maudyn\u0117ms m\u0117lynas\"},{\"@type\":\"BreadcrumbList\",\"@id\":\"https:\\\/\\\/kidsplay.lt\\\/produktas\\\/woopie-prisukamas-plaukiantis-vezliukas-maudynems-melynas\\\/#breadcrumb\",\"itemListElement\":[{\"@type\":\"ListItem\",\"position\":1,\"name\":\"Pagrindinis\",\"item\":\"https:\\\/\\\/kidsplay.lt\\\/\"},{\"@type\":\"ListItem\",\"position\":2,\"name\":\"Parduotuv\u0117\",\"item\":\"https:\\\/\\\/kidsplay.lt\\\/parduotuve\\\/\"},{\"@type\":\"ListItem\",\"position\":3,\"name\":\"Woopie prisukamas plaukiantis v\u0117\u017eliukas maudyn\u0117ms m\u0117lynas\"}]},{\"@type\":\"WebSite\",\"@id\":\"https:\\\/\\\/kidsplay.lt\\\/#website\",\"url\":\"https:\\\/\\\/kidsplay.lt\\\/\",\"name\":\"Kidsplay.lt\",\"description\":\"\u012evairios prek\u0117s vaikams\",\"publisher\":{\"@id\":\"https:\\\/\\\/kidsplay.lt\\\/#organization\"},\"alternateName\":\"Kidsplay\",\"potentialAction\":[{\"@type\":\"SearchAction\",\"target\":{\"@type\":\"EntryPoint\",\"urlTemplate\":\"https:\\\/\\\/kidsplay.lt\\\/?s={search_term_string}\"},\"query-input\":{\"@type\":\"PropertyValueSpecification\",\"valueRequired\":true,\"valueName\":\"search_term_string\"}}],\"inLanguage\":\"lv-LV\"},{\"@type\":\"Organization\",\"@id\":\"https:\\\/\\\/kidsplay.lt\\\/#organization\",\"name\":\"KidsPlay\",\"url\":\"https:\\\/\\\/kidsplay.lt\\\/\",\"logo\":{\"@type\":\"ImageObject\",\"inLanguage\":\"lv-LV\",\"@id\":\"https:\\\/\\\/kidsplay.lt\\\/#\\\/schema\\\/logo\\\/image\\\/\",\"url\":\"https:\\\/\\\/kidsplay.lt\\\/wp-content\\\/uploads\\\/2023\\\/07\\\/kidsplay-logo.png\",\"contentUrl\":\"https:\\\/\\\/kidsplay.lt\\\/wp-content\\\/uploads\\\/2023\\\/07\\\/kidsplay-logo.png\",\"width\":451,\"height\":98,\"caption\":\"KidsPlay\"},\"image\":{\"@id\":\"https:\\\/\\\/kidsplay.lt\\\/#\\\/schema\\\/logo\\\/image\\\/\"},\"sameAs\":[\"https:\\\/\\\/www.facebook.com\\\/www.kidsplay.lt\"]}]}<\/script>\n<!-- \/ Yoast SEO plugin. -->","yoast_head_json":{"title":"Woopie pieskr\u016bv\u0113jams peldo\u0161s bru\u0146urupucis, zils","description":"Woopie prisukamas plaukiantis v\u0117\u017eliukas maudyn\u0117ms m\u0117lynas - KidsPlay. Did\u017eiausias vaik\u0173 \u017eaisl\u0173 pasirinkimas.","robots":{"index":"index","follow":"follow","max-snippet":"max-snippet:-1","max-image-preview":"max-image-preview:large","max-video-preview":"max-video-preview:-1"},"canonical":"https:\/\/kidsplay.lt\/lv\/products\/woopie-prisukamas-plaukiantis-vezliukas-maudynems-melynas\/","og_locale":"lv_LV","og_type":"article","og_title":"Woopie prisukamas plaukiantis v\u0117\u017eliukas maudyn\u0117ms m\u0117lynas","og_description":"Woopie prisukamas plaukiantis v\u0117\u017eliukas maudyn\u0117ms m\u0117lynas - KidsPlay. Did\u017eiausias vaik\u0173 \u017eaisl\u0173 pasirinkimas.","og_url":"https:\/\/kidsplay.lt\/lv\/products\/woopie-prisukamas-plaukiantis-vezliukas-maudynems-melynas\/","og_site_name":"KidsPlay","article_publisher":"https:\/\/www.facebook.com\/www.kidsplay.lt","article_modified_time":"2026-04-13T11:05:43+00:00","og_image":[{"width":1000,"height":1000,"url":"https:\/\/kidsplay.lt\/wp-content\/uploads\/2026\/03\/Woopie-prisukamas-plaukiantis-vezliukas-maudynems-melynas.jpg","type":"image\/jpeg"}],"twitter_card":"summary_large_image","twitter_misc":{"Est. reading time":"1 min\u016bte"},"schema":{"@context":"https:\/\/schema.org","@graph":[{"@type":"WebPage","@id":"https:\/\/kidsplay.lt\/produktas\/woopie-prisukamas-plaukiantis-vezliukas-maudynems-melynas\/","url":"https:\/\/kidsplay.lt\/produktas\/woopie-prisukamas-plaukiantis-vezliukas-maudynems-melynas\/","name":"Woopie pieskr\u016bv\u0113jams peldo\u0161s bru\u0146urupucis, zils","isPartOf":{"@id":"https:\/\/kidsplay.lt\/#website"},"primaryImageOfPage":{"@id":"https:\/\/kidsplay.lt\/produktas\/woopie-prisukamas-plaukiantis-vezliukas-maudynems-melynas\/#primaryimage"},"image":{"@id":"https:\/\/kidsplay.lt\/produktas\/woopie-prisukamas-plaukiantis-vezliukas-maudynems-melynas\/#primaryimage"},"thumbnailUrl":"https:\/\/kidsplay.lt\/wp-content\/uploads\/2026\/03\/Woopie-prisukamas-plaukiantis-vezliukas-maudynems-melynas.jpg","datePublished":"2026-03-19T11:30:56+00:00","dateModified":"2026-04-13T11:05:43+00:00","description":"Woopie prisukamas plaukiantis v\u0117\u017eliukas maudyn\u0117ms m\u0117lynas - KidsPlay. Did\u017eiausias vaik\u0173 \u017eaisl\u0173 pasirinkimas.","breadcrumb":{"@id":"https:\/\/kidsplay.lt\/produktas\/woopie-prisukamas-plaukiantis-vezliukas-maudynems-melynas\/#breadcrumb"},"inLanguage":"lv-LV","potentialAction":[{"@type":"ReadAction","target":["https:\/\/kidsplay.lt\/produktas\/woopie-prisukamas-plaukiantis-vezliukas-maudynems-melynas\/"]}]},{"@type":"ImageObject","inLanguage":"lv-LV","@id":"https:\/\/kidsplay.lt\/produktas\/woopie-prisukamas-plaukiantis-vezliukas-maudynems-melynas\/#primaryimage","url":"https:\/\/kidsplay.lt\/wp-content\/uploads\/2026\/03\/Woopie-prisukamas-plaukiantis-vezliukas-maudynems-melynas.jpg","contentUrl":"https:\/\/kidsplay.lt\/wp-content\/uploads\/2026\/03\/Woopie-prisukamas-plaukiantis-vezliukas-maudynems-melynas.jpg","width":1000,"height":1000,"caption":"Woopie prisukamas plaukiantis v\u0117\u017eliukas maudyn\u0117ms m\u0117lynas"},{"@type":"BreadcrumbList","@id":"https:\/\/kidsplay.lt\/produktas\/woopie-prisukamas-plaukiantis-vezliukas-maudynems-melynas\/#breadcrumb","itemListElement":[{"@type":"ListItem","position":1,"name":"Pagrindinis","item":"https:\/\/kidsplay.lt\/"},{"@type":"ListItem","position":2,"name":"Parduotuv\u0117","item":"https:\/\/kidsplay.lt\/parduotuve\/"},{"@type":"ListItem","position":3,"name":"Woopie prisukamas plaukiantis v\u0117\u017eliukas maudyn\u0117ms m\u0117lynas"}]},{"@type":"WebSite","@id":"https:\/\/kidsplay.lt\/#website","url":"https:\/\/kidsplay.lt\/","name":"B\u0113rnu sp\u0113les.lv","description":"\u012evairios prek\u0117s vaikams","publisher":{"@id":"https:\/\/kidsplay.lt\/#organization"},"alternateName":"Kidsplay","potentialAction":[{"@type":"SearchAction","target":{"@type":"EntryPoint","urlTemplate":"https:\/\/kidsplay.lt\/?s={search_term_string}"},"query-input":{"@type":"PropertyValueSpecification","valueRequired":true,"valueName":"search_term_string"}}],"inLanguage":"lv-LV"},{"@type":"Organization","@id":"https:\/\/kidsplay.lt\/#organization","name":"B\u0113rnu sp\u0113le","url":"https:\/\/kidsplay.lt\/","logo":{"@type":"ImageObject","inLanguage":"lv-LV","@id":"https:\/\/kidsplay.lt\/#\/schema\/logo\/image\/","url":"https:\/\/kidsplay.lt\/wp-content\/uploads\/2023\/07\/kidsplay-logo.png","contentUrl":"https:\/\/kidsplay.lt\/wp-content\/uploads\/2023\/07\/kidsplay-logo.png","width":451,"height":98,"caption":"KidsPlay"},"image":{"@id":"https:\/\/kidsplay.lt\/#\/schema\/logo\/image\/"},"sameAs":["https:\/\/www.facebook.com\/www.kidsplay.lt"]}]}},"_links":{"self":[{"href":"https:\/\/kidsplay.lt\/lv\/wp-json\/wp\/v2\/product\/95745","targetHints":{"allow":["GET"]}}],"collection":[{"href":"https:\/\/kidsplay.lt\/lv\/wp-json\/wp\/v2\/product"}],"about":[{"href":"https:\/\/kidsplay.lt\/lv\/wp-json\/wp\/v2\/types\/product"}],"version-history":[{"count":1,"href":"https:\/\/kidsplay.lt\/lv\/wp-json\/wp\/v2\/product\/95745\/revisions"}],"predecessor-version":[{"id":95746,"href":"https:\/\/kidsplay.lt\/lv\/wp-json\/wp\/v2\/product\/95745\/revisions\/95746"}],"wp:featuredmedia":[{"embeddable":true,"href":"https:\/\/kidsplay.lt\/lv\/wp-json\/wp\/v2\/media\/95747"}],"wp:attachment":[{"href":"https:\/\/kidsplay.lt\/lv\/wp-json\/wp\/v2\/media?parent=95745"}],"wp:term":[{"taxonomy":"product_brand","embeddable":true,"href":"https:\/\/kidsplay.lt\/lv\/wp-json\/wp\/v2\/product_brand?post=95745"},{"taxonomy":"product_cat","embeddable":true,"href":"https:\/\/kidsplay.lt\/lv\/wp-json\/wp\/v2\/product_cat?post=95745"},{"taxonomy":"product_tag","embeddable":true,"href":"https:\/\/kidsplay.lt\/lv\/wp-json\/wp\/v2\/product_tag?post=95745"}],"curies":[{"name":"wp","href":"https:\/\/api.w.org\/{rel}","templated":true}]}}