{"id":95784,"date":"2026-03-19T13:32:39","date_gmt":"2026-03-19T11:32:39","guid":{"rendered":"https:\/\/kidsplay.lt\/produktas\/woopie-balansavimo-zaidimas-balansines-kedes\/"},"modified":"2026-04-07T09:45:12","modified_gmt":"2026-04-07T06:45:12","slug":"woopie-balansavimo-zaidimas-balansines-kedes","status":"publish","type":"product","link":"https:\/\/kidsplay.lt\/lv\/products\/woopie-balansavimo-zaidimas-balansines-kedes\/","title":{"rendered":"Woopie balansavimo \u017eaidimas Balansin\u0117s k\u0117d\u0117s"},"content":{"rendered":"<p>Woopie Balancing Chairs \u2013 tai nuostabus, azarti\u0161kas \u017eaidimas, kuris \u012ftraukia tiek vaikus, tiek suaugusiuosius. Tai puiki alternatyva kort\u0173 bok\u0161tams ar klasikiniam \u201erink\u0117j\u0173\u201c \u017eaidimui, kur reikia i\u0161traukti lazdeles i\u0161 kr\u016bvos. \u010cia \u017eaid\u0117jai stato k\u0117du\u010di\u0173 bok\u0161t\u0105, o tikslas \u2013 sukurti kuo auk\u0161tesn\u0119, stabiliai stovin\u010di\u0105 konstrukcij\u0105.<\/p>\n<p>Skirtingos k\u0117du\u010di\u0173 formos ir spalvos \u017eaidim\u0105 daro ne tik vizualiai patraukl\u0173, bet ir tikrai sud\u0117ting\u0105. Kiekvienas \u0117jimas reikalauja susikaupimo, logikos ir \u0161iek tiek s\u0117km\u0117s. Tai puikus b\u016bdas praleisti laik\u0105 su \u0161eima, lavinti vaik\u0173 geb\u0117jimus ir kurti smagius prisiminimus.<\/p>\n<p>Raksturojums:<\/p>\n<p>B\u0113rniem no 3 gadu vecuma<br \/>\nLavina login\u012f m\u0105stym\u0105 ir koncentracij\u0105<br \/>\nUgdo miklum\u0105, reakcij\u0105 ir pastabum\u0105<br \/>\nPuikus \u017eaidimas \u0161eimai, vakar\u0117liams ar draug\u0173 susib\u016brimams<br \/>\nSpalvingos, skirting\u0173 form\u0173 k\u0117dut\u0117s suteikia \u017eaidimui i\u0161\u0161\u016bk\u012f<\/p>\n<p>\u017daidimo taisykl\u0117s:<br \/>\n\u017daid\u0117jai paeiliui stato k\u0117dutes vien\u0105 ant kitos, siekdami sukurti kuo auk\u0161tesn\u012f bok\u0161t\u0105. Pralaimi tas, kurio \u0117jimo metu bok\u0161tas sugri\u016bva. K\u0117du\u010di\u0173 formos neleid\u017eia statyti \u012fprastos piramid\u0117s, tod\u0117l kiekvienas \u0117jimas tampa tikru i\u0161\u0161\u016bkiu.<\/p>\n<p>Rinkinyje yra:<\/p>\n<p>36 spalvingos k\u0117dut\u0117s<br \/>\nNet 7 skirtingos spalvos: m\u0117lyna, \u017eydra, oran\u017ein\u0117, geltona, \u017ealia, violetin\u0117 ir raudona<br \/>\nSkirtingos formos, suteikian\u010dios \u017eaidimui dinamikos ir sud\u0117tingumo<\/p>\n<p>\u017daidimas lavina:<\/p>\n<p>Login\u012f m\u0105stym\u0105<br \/>\nKoncentracij\u0105<br \/>\nMiklum\u0105 ir reakcij\u0105<br \/>\nK\u016brybi\u0161kum\u0105 ie\u0161kant stabiliausio sprendimo<br \/>\nSoci\u0101l\u0101s prasmes, sp\u0113l\u0113joties kop\u0101<\/p>","protected":false},"excerpt":{"rendered":"<p>Woopie Balancing Chairs \u2013 tai nuostabus, azarti\u0161kas \u017eaidimas, kuris \u012ftraukia tiek vaikus, tiek suaugusiuosius. Tai puiki alternatyva kort\u0173 bok\u0161tams ar<\/p>","protected":false},"featured_media":95786,"template":"","meta":{"_acf_changed":false,"_glsr_average":0,"_glsr_ranking":0,"_glsr_reviews":0},"product_brand":[],"product_cat":[388,72,229],"product_tag":[],"class_list":{"0":"post-95784","1":"product","2":"type-product","3":"status-publish","4":"has-post-thumbnail","6":"product_cat-edukaciniai-lavinamieji-zaislai","7":"product_cat-ispardavimas","8":"product_cat-zaislai-vaikams","9":"\"style=\"background-color: #2ecc711c;\"","11":"first","12":"instock","13":"sale","14":"purchasable","15":"product-type-simple"},"acf":[],"yoast_head":"<!-- This site is optimized with the Yoast SEO plugin v27.3 - https:\/\/yoast.com\/product\/yoast-seo-wordpress\/ -->\n<title>Woopie balansavimo \u017eaidimas Balansin\u0117s k\u0117d\u0117s<\/title>\n<meta name=\"description\" content=\"Woopie balansavimo \u017eaidimas Balansin\u0117s k\u0117d\u0117s - KidsPlay. Did\u017eiausias vaik\u0173 \u017eaisl\u0173 pasirinkimas.\" \/>\n<meta name=\"robots\" content=\"index, follow, max-snippet:-1, max-image-preview:large, max-video-preview:-1\" \/>\n<link rel=\"canonical\" href=\"https:\/\/kidsplay.lt\/lv\/products\/woopie-balansavimo-zaidimas-balansines-kedes\/\" \/>\n<meta property=\"og:locale\" content=\"lv_LV\" \/>\n<meta property=\"og:type\" content=\"article\" \/>\n<meta property=\"og:title\" content=\"Woopie balansavimo \u017eaidimas Balansin\u0117s k\u0117d\u0117s\" \/>\n<meta property=\"og:description\" content=\"Woopie balansavimo \u017eaidimas Balansin\u0117s k\u0117d\u0117s - KidsPlay. Did\u017eiausias vaik\u0173 \u017eaisl\u0173 pasirinkimas.\" \/>\n<meta property=\"og:url\" content=\"https:\/\/kidsplay.lt\/lv\/products\/woopie-balansavimo-zaidimas-balansines-kedes\/\" \/>\n<meta property=\"og:site_name\" content=\"KidsPlay\" \/>\n<meta property=\"article:publisher\" content=\"https:\/\/www.facebook.com\/www.kidsplay.lt\" \/>\n<meta property=\"article:modified_time\" content=\"2026-04-07T06:45:12+00:00\" \/>\n<meta property=\"og:image\" content=\"https:\/\/kidsplay.lt\/wp-content\/uploads\/2026\/03\/Woopie-balansavimo-zaidimas-Balansines-kedes.jpg\" \/>\n\t<meta property=\"og:image:width\" content=\"2560\" \/>\n\t<meta property=\"og:image:height\" content=\"2560\" \/>\n\t<meta property=\"og:image:type\" content=\"image\/jpeg\" \/>\n<meta name=\"twitter:card\" content=\"summary_large_image\" \/>\n<meta name=\"twitter:label1\" content=\"Est. reading time\" \/>\n\t<meta name=\"twitter:data1\" content=\"2 min\u016btes\" \/>\n<script type=\"application\/ld+json\" class=\"yoast-schema-graph\">{\"@context\":\"https:\\\/\\\/schema.org\",\"@graph\":[{\"@type\":\"WebPage\",\"@id\":\"https:\\\/\\\/kidsplay.lt\\\/produktas\\\/woopie-balansavimo-zaidimas-balansines-kedes\\\/\",\"url\":\"https:\\\/\\\/kidsplay.lt\\\/produktas\\\/woopie-balansavimo-zaidimas-balansines-kedes\\\/\",\"name\":\"Woopie balansavimo \u017eaidimas Balansin\u0117s k\u0117d\u0117s\",\"isPartOf\":{\"@id\":\"https:\\\/\\\/kidsplay.lt\\\/#website\"},\"primaryImageOfPage\":{\"@id\":\"https:\\\/\\\/kidsplay.lt\\\/produktas\\\/woopie-balansavimo-zaidimas-balansines-kedes\\\/#primaryimage\"},\"image\":{\"@id\":\"https:\\\/\\\/kidsplay.lt\\\/produktas\\\/woopie-balansavimo-zaidimas-balansines-kedes\\\/#primaryimage\"},\"thumbnailUrl\":\"https:\\\/\\\/kidsplay.lt\\\/wp-content\\\/uploads\\\/2026\\\/03\\\/Woopie-balansavimo-zaidimas-Balansines-kedes.jpg\",\"datePublished\":\"2026-03-19T11:32:39+00:00\",\"dateModified\":\"2026-04-07T06:45:12+00:00\",\"description\":\"Woopie balansavimo \u017eaidimas Balansin\u0117s k\u0117d\u0117s - KidsPlay. Did\u017eiausias vaik\u0173 \u017eaisl\u0173 pasirinkimas.\",\"breadcrumb\":{\"@id\":\"https:\\\/\\\/kidsplay.lt\\\/produktas\\\/woopie-balansavimo-zaidimas-balansines-kedes\\\/#breadcrumb\"},\"inLanguage\":\"lv-LV\",\"potentialAction\":[{\"@type\":\"ReadAction\",\"target\":[\"https:\\\/\\\/kidsplay.lt\\\/produktas\\\/woopie-balansavimo-zaidimas-balansines-kedes\\\/\"]}]},{\"@type\":\"ImageObject\",\"inLanguage\":\"lv-LV\",\"@id\":\"https:\\\/\\\/kidsplay.lt\\\/produktas\\\/woopie-balansavimo-zaidimas-balansines-kedes\\\/#primaryimage\",\"url\":\"https:\\\/\\\/kidsplay.lt\\\/wp-content\\\/uploads\\\/2026\\\/03\\\/Woopie-balansavimo-zaidimas-Balansines-kedes.jpg\",\"contentUrl\":\"https:\\\/\\\/kidsplay.lt\\\/wp-content\\\/uploads\\\/2026\\\/03\\\/Woopie-balansavimo-zaidimas-Balansines-kedes.jpg\",\"width\":2560,\"height\":2560,\"caption\":\"Woopie balansavimo \u017eaidimas Balansin\u0117s k\u0117d\u0117s\"},{\"@type\":\"BreadcrumbList\",\"@id\":\"https:\\\/\\\/kidsplay.lt\\\/produktas\\\/woopie-balansavimo-zaidimas-balansines-kedes\\\/#breadcrumb\",\"itemListElement\":[{\"@type\":\"ListItem\",\"position\":1,\"name\":\"Pagrindinis\",\"item\":\"https:\\\/\\\/kidsplay.lt\\\/\"},{\"@type\":\"ListItem\",\"position\":2,\"name\":\"Parduotuv\u0117\",\"item\":\"https:\\\/\\\/kidsplay.lt\\\/parduotuve\\\/\"},{\"@type\":\"ListItem\",\"position\":3,\"name\":\"Woopie balansavimo \u017eaidimas Balansin\u0117s k\u0117d\u0117s\"}]},{\"@type\":\"WebSite\",\"@id\":\"https:\\\/\\\/kidsplay.lt\\\/#website\",\"url\":\"https:\\\/\\\/kidsplay.lt\\\/\",\"name\":\"Kidsplay.lt\",\"description\":\"\u012evairios prek\u0117s vaikams\",\"publisher\":{\"@id\":\"https:\\\/\\\/kidsplay.lt\\\/#organization\"},\"alternateName\":\"Kidsplay\",\"potentialAction\":[{\"@type\":\"SearchAction\",\"target\":{\"@type\":\"EntryPoint\",\"urlTemplate\":\"https:\\\/\\\/kidsplay.lt\\\/?s={search_term_string}\"},\"query-input\":{\"@type\":\"PropertyValueSpecification\",\"valueRequired\":true,\"valueName\":\"search_term_string\"}}],\"inLanguage\":\"lv-LV\"},{\"@type\":\"Organization\",\"@id\":\"https:\\\/\\\/kidsplay.lt\\\/#organization\",\"name\":\"KidsPlay\",\"url\":\"https:\\\/\\\/kidsplay.lt\\\/\",\"logo\":{\"@type\":\"ImageObject\",\"inLanguage\":\"lv-LV\",\"@id\":\"https:\\\/\\\/kidsplay.lt\\\/#\\\/schema\\\/logo\\\/image\\\/\",\"url\":\"https:\\\/\\\/kidsplay.lt\\\/wp-content\\\/uploads\\\/2023\\\/07\\\/kidsplay-logo.png\",\"contentUrl\":\"https:\\\/\\\/kidsplay.lt\\\/wp-content\\\/uploads\\\/2023\\\/07\\\/kidsplay-logo.png\",\"width\":451,\"height\":98,\"caption\":\"KidsPlay\"},\"image\":{\"@id\":\"https:\\\/\\\/kidsplay.lt\\\/#\\\/schema\\\/logo\\\/image\\\/\"},\"sameAs\":[\"https:\\\/\\\/www.facebook.com\\\/www.kidsplay.lt\"]}]}<\/script>\n<!-- \/ Yoast SEO plugin. -->","yoast_head_json":{"title":"Woopie balansavimo \u017eaidimas Balansin\u0117s k\u0117d\u0117s","description":"Woopie balansavimo \u017eaidimas Balansin\u0117s k\u0117d\u0117s - KidsPlay. Did\u017eiausias vaik\u0173 \u017eaisl\u0173 pasirinkimas.","robots":{"index":"index","follow":"follow","max-snippet":"max-snippet:-1","max-image-preview":"max-image-preview:large","max-video-preview":"max-video-preview:-1"},"canonical":"https:\/\/kidsplay.lt\/lv\/products\/woopie-balansavimo-zaidimas-balansines-kedes\/","og_locale":"lv_LV","og_type":"article","og_title":"Woopie balansavimo \u017eaidimas Balansin\u0117s k\u0117d\u0117s","og_description":"Woopie balansavimo \u017eaidimas Balansin\u0117s k\u0117d\u0117s - KidsPlay. Did\u017eiausias vaik\u0173 \u017eaisl\u0173 pasirinkimas.","og_url":"https:\/\/kidsplay.lt\/lv\/products\/woopie-balansavimo-zaidimas-balansines-kedes\/","og_site_name":"KidsPlay","article_publisher":"https:\/\/www.facebook.com\/www.kidsplay.lt","article_modified_time":"2026-04-07T06:45:12+00:00","og_image":[{"width":2560,"height":2560,"url":"https:\/\/kidsplay.lt\/wp-content\/uploads\/2026\/03\/Woopie-balansavimo-zaidimas-Balansines-kedes.jpg","type":"image\/jpeg"}],"twitter_card":"summary_large_image","twitter_misc":{"Est. reading time":"2 min\u016btes"},"schema":{"@context":"https:\/\/schema.org","@graph":[{"@type":"WebPage","@id":"https:\/\/kidsplay.lt\/produktas\/woopie-balansavimo-zaidimas-balansines-kedes\/","url":"https:\/\/kidsplay.lt\/produktas\/woopie-balansavimo-zaidimas-balansines-kedes\/","name":"Woopie balansavimo \u017eaidimas Balansin\u0117s k\u0117d\u0117s","isPartOf":{"@id":"https:\/\/kidsplay.lt\/#website"},"primaryImageOfPage":{"@id":"https:\/\/kidsplay.lt\/produktas\/woopie-balansavimo-zaidimas-balansines-kedes\/#primaryimage"},"image":{"@id":"https:\/\/kidsplay.lt\/produktas\/woopie-balansavimo-zaidimas-balansines-kedes\/#primaryimage"},"thumbnailUrl":"https:\/\/kidsplay.lt\/wp-content\/uploads\/2026\/03\/Woopie-balansavimo-zaidimas-Balansines-kedes.jpg","datePublished":"2026-03-19T11:32:39+00:00","dateModified":"2026-04-07T06:45:12+00:00","description":"Woopie balansavimo \u017eaidimas Balansin\u0117s k\u0117d\u0117s - KidsPlay. Did\u017eiausias vaik\u0173 \u017eaisl\u0173 pasirinkimas.","breadcrumb":{"@id":"https:\/\/kidsplay.lt\/produktas\/woopie-balansavimo-zaidimas-balansines-kedes\/#breadcrumb"},"inLanguage":"lv-LV","potentialAction":[{"@type":"ReadAction","target":["https:\/\/kidsplay.lt\/produktas\/woopie-balansavimo-zaidimas-balansines-kedes\/"]}]},{"@type":"ImageObject","inLanguage":"lv-LV","@id":"https:\/\/kidsplay.lt\/produktas\/woopie-balansavimo-zaidimas-balansines-kedes\/#primaryimage","url":"https:\/\/kidsplay.lt\/wp-content\/uploads\/2026\/03\/Woopie-balansavimo-zaidimas-Balansines-kedes.jpg","contentUrl":"https:\/\/kidsplay.lt\/wp-content\/uploads\/2026\/03\/Woopie-balansavimo-zaidimas-Balansines-kedes.jpg","width":2560,"height":2560,"caption":"Woopie balansavimo \u017eaidimas Balansin\u0117s k\u0117d\u0117s"},{"@type":"BreadcrumbList","@id":"https:\/\/kidsplay.lt\/produktas\/woopie-balansavimo-zaidimas-balansines-kedes\/#breadcrumb","itemListElement":[{"@type":"ListItem","position":1,"name":"Pagrindinis","item":"https:\/\/kidsplay.lt\/"},{"@type":"ListItem","position":2,"name":"Parduotuv\u0117","item":"https:\/\/kidsplay.lt\/parduotuve\/"},{"@type":"ListItem","position":3,"name":"Woopie balansavimo \u017eaidimas Balansin\u0117s k\u0117d\u0117s"}]},{"@type":"WebSite","@id":"https:\/\/kidsplay.lt\/#website","url":"https:\/\/kidsplay.lt\/","name":"B\u0113rnu sp\u0113les.lv","description":"\u012evairios prek\u0117s vaikams","publisher":{"@id":"https:\/\/kidsplay.lt\/#organization"},"alternateName":"Kidsplay","potentialAction":[{"@type":"SearchAction","target":{"@type":"EntryPoint","urlTemplate":"https:\/\/kidsplay.lt\/?s={search_term_string}"},"query-input":{"@type":"PropertyValueSpecification","valueRequired":true,"valueName":"search_term_string"}}],"inLanguage":"lv-LV"},{"@type":"Organization","@id":"https:\/\/kidsplay.lt\/#organization","name":"B\u0113rnu sp\u0113le","url":"https:\/\/kidsplay.lt\/","logo":{"@type":"ImageObject","inLanguage":"lv-LV","@id":"https:\/\/kidsplay.lt\/#\/schema\/logo\/image\/","url":"https:\/\/kidsplay.lt\/wp-content\/uploads\/2023\/07\/kidsplay-logo.png","contentUrl":"https:\/\/kidsplay.lt\/wp-content\/uploads\/2023\/07\/kidsplay-logo.png","width":451,"height":98,"caption":"KidsPlay"},"image":{"@id":"https:\/\/kidsplay.lt\/#\/schema\/logo\/image\/"},"sameAs":["https:\/\/www.facebook.com\/www.kidsplay.lt"]}]}},"_links":{"self":[{"href":"https:\/\/kidsplay.lt\/lv\/wp-json\/wp\/v2\/product\/95784","targetHints":{"allow":["GET"]}}],"collection":[{"href":"https:\/\/kidsplay.lt\/lv\/wp-json\/wp\/v2\/product"}],"about":[{"href":"https:\/\/kidsplay.lt\/lv\/wp-json\/wp\/v2\/types\/product"}],"version-history":[{"count":2,"href":"https:\/\/kidsplay.lt\/lv\/wp-json\/wp\/v2\/product\/95784\/revisions"}],"predecessor-version":[{"id":96563,"href":"https:\/\/kidsplay.lt\/lv\/wp-json\/wp\/v2\/product\/95784\/revisions\/96563"}],"wp:featuredmedia":[{"embeddable":true,"href":"https:\/\/kidsplay.lt\/lv\/wp-json\/wp\/v2\/media\/95786"}],"wp:attachment":[{"href":"https:\/\/kidsplay.lt\/lv\/wp-json\/wp\/v2\/media?parent=95784"}],"wp:term":[{"taxonomy":"product_brand","embeddable":true,"href":"https:\/\/kidsplay.lt\/lv\/wp-json\/wp\/v2\/product_brand?post=95784"},{"taxonomy":"product_cat","embeddable":true,"href":"https:\/\/kidsplay.lt\/lv\/wp-json\/wp\/v2\/product_cat?post=95784"},{"taxonomy":"product_tag","embeddable":true,"href":"https:\/\/kidsplay.lt\/lv\/wp-json\/wp\/v2\/product_tag?post=95784"}],"curies":[{"name":"wp","href":"https:\/\/api.w.org\/{rel}","templated":true}]}}