{"id":95875,"date":"2026-03-19T13:36:59","date_gmt":"2026-03-19T11:36:59","guid":{"rendered":"https:\/\/kidsplay.lt\/produktas\/woopie-mazasis-gydytojo-kabinetas-su-22-priedais-ir-garso-bei-sviesos-efektais\/"},"modified":"2026-04-13T14:07:09","modified_gmt":"2026-04-13T11:07:09","slug":"woopie-mazasis-gydytojo-kabinetas-su-22-priedais-ir-garso-bei-sviesos-efektais","status":"publish","type":"product","link":"https:\/\/kidsplay.lt\/lv\/products\/woopie-mazasis-gydytojo-kabinetas-su-22-priedais-ir-garso-bei-sviesos-efektais\/","title":{"rendered":"V\u016bpija mazais \u0101rsta kabinets ar 22 aksesu\u0101riem un ska\u0146as un gaismas efektiem"},"content":{"rendered":"<p>Woopie maz\u0101 \u0101rsta kabinets ir lieliska rota\u013clieta mazajiem p\u0113tniekiem, kuriem pat\u012bk lomu sp\u0113les. \u0160is medic\u012bnas komplekts \u013cauj b\u0113rniem izlikties par \u0101rstiem, kas izmekl\u0113, izmekl\u0113 un &quot;\u0101rst\u0113&quot; rota\u013clietas, vec\u0101kus vai draugus.<\/p>\n<p>Komplekt\u0101 ietilpst 22 kr\u0101saini medic\u012bnas aksesu\u0101ri, kas \u012bpa\u0161i izstr\u0101d\u0101ti maz\u0101m roci\u0146\u0101m. Augstas kvalit\u0101tes, b\u0113rniem dro\u0161i materi\u0101li nodro\u0161ina iztur\u012bbu un dro\u0161u sp\u0113l\u0113\u0161anos. Re\u0101listiski ska\u0146as un gaismas efekti pie\u0161\u0137ir sp\u0113lei re\u0101lismu un v\u0113l vair\u0101k iesaista b\u0113rnu lom\u0101.<\/p>\n<p>T\u0101 ir lieliska izv\u0113le sp\u0113l\u0113\u0161anai vienatn\u0113 vai ar draugiem, veicinot emp\u0101tiju, komunik\u0101ciju un rado\u0161umu.<\/p>\n<p>Raksturojums:<\/p>\n<p> \tLomu sp\u0113le &quot;\u0101rsts&quot;\u201e<br \/>\n \tRe\u0101listiski ska\u0146as un gaismas efekti<br \/>\n \tAugstas kvalit\u0101tes, b\u0113rniem dro\u0161i materi\u0101li<br \/>\n \tParedz\u0113ts b\u0113rniem, kuriem pat\u012bk izp\u0113t\u012bt un rad\u012bt scen\u0101rijus<\/p>\n<p>Komplekt\u0101 ietilpst:<\/p>\n<p> \t\u0100rsta galds<br \/>\n \tKr\u0113sls<br \/>\n \t22 medic\u012bniskie uztura bag\u0101tin\u0101t\u0101ji, tostarp:<\/p>\n<p> \tstetoskops<br \/>\n \t\u0161\u013circe<br \/>\n \tpincetes<br \/>\n \ttermometrs<br \/>\n \t\u0161\u0137\u0113res<br \/>\n \ttable\u0161u iepakojums<br \/>\n \ts\u012brupa iepakojums<br \/>\n \tacu p\u0101rbaudes diagramma<br \/>\n \tmaza z\u0101\u013cu pudel\u012bte<\/p>\n<p>Rota\u013clietu lav\u012bna:<\/p>\n<p> \tRado\u0161ums un lomu sp\u0113\u013cu prasmes<br \/>\n \tRoku-acu koordin\u0101cija<br \/>\n \tSoci\u0101l\u0101s prasmes un komunik\u0101cija<br \/>\n \tEmp\u0101tija un r\u016bpes<br \/>\n \tLo\u0123isk\u0101 dom\u0101\u0161ana un situ\u0101ciju izpratne<\/p>","protected":false},"excerpt":{"rendered":"<p>Woopie Little Doctor\u2019s Office \u2013 tai puikus \u017eaislas ma\u017eiesiems tyrin\u0117tojams, m\u0117gstantiems vaidmeninius \u017eaidimus. \u0160is medicininis rinkinys leid\u017eia vaikams \u012fsijausti \u012f<\/p>","protected":false},"featured_media":95877,"template":"","meta":{"_acf_changed":false,"_glsr_average":0,"_glsr_ranking":0,"_glsr_reviews":0},"product_brand":[],"product_cat":[904,399],"product_tag":[],"class_list":{"0":"post-95875","1":"product","2":"type-product","3":"status-publish","4":"has-post-thumbnail","6":"product_cat-gydytojai","7":"product_cat-vaidmenu-zaidimai-2","8":"\"style=\"background-color: #2ecc711c;\"","10":"first","11":"instock","12":"purchasable","13":"product-type-simple"},"acf":[],"yoast_head":"<!-- This site is optimized with the Yoast SEO plugin v27.4 - https:\/\/yoast.com\/product\/yoast-seo-wordpress\/ -->\n<title>Woopie ma\u017easis gydytojo kabinetas su 22 priedais ir garso bei \u0161viesos efektais<\/title>\n<meta name=\"description\" content=\"Woopie ma\u017easis gydytojo kabinetas su 22 priedais ir garso bei \u0161viesos efektais - KidsPlay. Did\u017eiausias vaik\u0173 \u017eaisl\u0173 pasirinkimas.\" \/>\n<meta name=\"robots\" content=\"index, follow, max-snippet:-1, max-image-preview:large, max-video-preview:-1\" \/>\n<link rel=\"canonical\" href=\"https:\/\/kidsplay.lt\/lv\/products\/woopie-mazasis-gydytojo-kabinetas-su-22-priedais-ir-garso-bei-sviesos-efektais\/\" \/>\n<meta property=\"og:locale\" content=\"lv_LV\" \/>\n<meta property=\"og:type\" content=\"article\" \/>\n<meta property=\"og:title\" content=\"Woopie ma\u017easis gydytojo kabinetas su 22 priedais ir garso bei \u0161viesos efektais\" \/>\n<meta property=\"og:description\" content=\"Woopie ma\u017easis gydytojo kabinetas su 22 priedais ir garso bei \u0161viesos efektais - KidsPlay. Did\u017eiausias vaik\u0173 \u017eaisl\u0173 pasirinkimas.\" \/>\n<meta property=\"og:url\" content=\"https:\/\/kidsplay.lt\/lv\/products\/woopie-mazasis-gydytojo-kabinetas-su-22-priedais-ir-garso-bei-sviesos-efektais\/\" \/>\n<meta property=\"og:site_name\" content=\"KidsPlay\" \/>\n<meta property=\"article:publisher\" content=\"https:\/\/www.facebook.com\/www.kidsplay.lt\" \/>\n<meta property=\"article:modified_time\" content=\"2026-04-13T11:07:09+00:00\" \/>\n<meta property=\"og:image\" content=\"https:\/\/kidsplay.lt\/wp-content\/uploads\/2026\/03\/Woopie-mazasis-gydytojo-kabinetas-su-22-priedais-ir-garso-bei-sviesos-efektais.jpg\" \/>\n\t<meta property=\"og:image:width\" content=\"750\" \/>\n\t<meta property=\"og:image:height\" content=\"750\" \/>\n\t<meta property=\"og:image:type\" content=\"image\/jpeg\" \/>\n<meta name=\"twitter:card\" content=\"summary_large_image\" \/>\n<meta name=\"twitter:label1\" content=\"Est. reading time\" \/>\n\t<meta name=\"twitter:data1\" content=\"1 min\u016bte\" \/>\n<script type=\"application\/ld+json\" class=\"yoast-schema-graph\">{\"@context\":\"https:\\\/\\\/schema.org\",\"@graph\":[{\"@type\":\"WebPage\",\"@id\":\"https:\\\/\\\/kidsplay.lt\\\/produktas\\\/woopie-mazasis-gydytojo-kabinetas-su-22-priedais-ir-garso-bei-sviesos-efektais\\\/\",\"url\":\"https:\\\/\\\/kidsplay.lt\\\/produktas\\\/woopie-mazasis-gydytojo-kabinetas-su-22-priedais-ir-garso-bei-sviesos-efektais\\\/\",\"name\":\"Woopie ma\u017easis gydytojo kabinetas su 22 priedais ir garso bei \u0161viesos efektais\",\"isPartOf\":{\"@id\":\"https:\\\/\\\/kidsplay.lt\\\/#website\"},\"primaryImageOfPage\":{\"@id\":\"https:\\\/\\\/kidsplay.lt\\\/produktas\\\/woopie-mazasis-gydytojo-kabinetas-su-22-priedais-ir-garso-bei-sviesos-efektais\\\/#primaryimage\"},\"image\":{\"@id\":\"https:\\\/\\\/kidsplay.lt\\\/produktas\\\/woopie-mazasis-gydytojo-kabinetas-su-22-priedais-ir-garso-bei-sviesos-efektais\\\/#primaryimage\"},\"thumbnailUrl\":\"https:\\\/\\\/kidsplay.lt\\\/wp-content\\\/uploads\\\/2026\\\/03\\\/Woopie-mazasis-gydytojo-kabinetas-su-22-priedais-ir-garso-bei-sviesos-efektais.jpg\",\"datePublished\":\"2026-03-19T11:36:59+00:00\",\"dateModified\":\"2026-04-13T11:07:09+00:00\",\"description\":\"Woopie ma\u017easis gydytojo kabinetas su 22 priedais ir garso bei \u0161viesos efektais - KidsPlay. Did\u017eiausias vaik\u0173 \u017eaisl\u0173 pasirinkimas.\",\"breadcrumb\":{\"@id\":\"https:\\\/\\\/kidsplay.lt\\\/produktas\\\/woopie-mazasis-gydytojo-kabinetas-su-22-priedais-ir-garso-bei-sviesos-efektais\\\/#breadcrumb\"},\"inLanguage\":\"lv-LV\",\"potentialAction\":[{\"@type\":\"ReadAction\",\"target\":[\"https:\\\/\\\/kidsplay.lt\\\/produktas\\\/woopie-mazasis-gydytojo-kabinetas-su-22-priedais-ir-garso-bei-sviesos-efektais\\\/\"]}]},{\"@type\":\"ImageObject\",\"inLanguage\":\"lv-LV\",\"@id\":\"https:\\\/\\\/kidsplay.lt\\\/produktas\\\/woopie-mazasis-gydytojo-kabinetas-su-22-priedais-ir-garso-bei-sviesos-efektais\\\/#primaryimage\",\"url\":\"https:\\\/\\\/kidsplay.lt\\\/wp-content\\\/uploads\\\/2026\\\/03\\\/Woopie-mazasis-gydytojo-kabinetas-su-22-priedais-ir-garso-bei-sviesos-efektais.jpg\",\"contentUrl\":\"https:\\\/\\\/kidsplay.lt\\\/wp-content\\\/uploads\\\/2026\\\/03\\\/Woopie-mazasis-gydytojo-kabinetas-su-22-priedais-ir-garso-bei-sviesos-efektais.jpg\",\"width\":750,\"height\":750,\"caption\":\"Woopie ma\u017easis gydytojo kabinetas su 22 priedais ir garso bei \u0161viesos efektais\"},{\"@type\":\"BreadcrumbList\",\"@id\":\"https:\\\/\\\/kidsplay.lt\\\/produktas\\\/woopie-mazasis-gydytojo-kabinetas-su-22-priedais-ir-garso-bei-sviesos-efektais\\\/#breadcrumb\",\"itemListElement\":[{\"@type\":\"ListItem\",\"position\":1,\"name\":\"Pagrindinis\",\"item\":\"https:\\\/\\\/kidsplay.lt\\\/\"},{\"@type\":\"ListItem\",\"position\":2,\"name\":\"Parduotuv\u0117\",\"item\":\"https:\\\/\\\/kidsplay.lt\\\/parduotuve\\\/\"},{\"@type\":\"ListItem\",\"position\":3,\"name\":\"Woopie ma\u017easis gydytojo kabinetas su 22 priedais ir garso bei \u0161viesos efektais\"}]},{\"@type\":\"WebSite\",\"@id\":\"https:\\\/\\\/kidsplay.lt\\\/#website\",\"url\":\"https:\\\/\\\/kidsplay.lt\\\/\",\"name\":\"Kidsplay.lt\",\"description\":\"\u012evairios prek\u0117s vaikams\",\"publisher\":{\"@id\":\"https:\\\/\\\/kidsplay.lt\\\/#organization\"},\"alternateName\":\"Kidsplay\",\"potentialAction\":[{\"@type\":\"SearchAction\",\"target\":{\"@type\":\"EntryPoint\",\"urlTemplate\":\"https:\\\/\\\/kidsplay.lt\\\/?s={search_term_string}\"},\"query-input\":{\"@type\":\"PropertyValueSpecification\",\"valueRequired\":true,\"valueName\":\"search_term_string\"}}],\"inLanguage\":\"lv-LV\"},{\"@type\":\"Organization\",\"@id\":\"https:\\\/\\\/kidsplay.lt\\\/#organization\",\"name\":\"KidsPlay\",\"url\":\"https:\\\/\\\/kidsplay.lt\\\/\",\"logo\":{\"@type\":\"ImageObject\",\"inLanguage\":\"lv-LV\",\"@id\":\"https:\\\/\\\/kidsplay.lt\\\/#\\\/schema\\\/logo\\\/image\\\/\",\"url\":\"https:\\\/\\\/kidsplay.lt\\\/wp-content\\\/uploads\\\/2023\\\/07\\\/kidsplay-logo.png\",\"contentUrl\":\"https:\\\/\\\/kidsplay.lt\\\/wp-content\\\/uploads\\\/2023\\\/07\\\/kidsplay-logo.png\",\"width\":451,\"height\":98,\"caption\":\"KidsPlay\"},\"image\":{\"@id\":\"https:\\\/\\\/kidsplay.lt\\\/#\\\/schema\\\/logo\\\/image\\\/\"},\"sameAs\":[\"https:\\\/\\\/www.facebook.com\\\/www.kidsplay.lt\"]}]}<\/script>\n<!-- \/ Yoast SEO plugin. -->","yoast_head_json":{"title":"V\u016bpija mazais \u0101rsta kabinets ar 22 aksesu\u0101riem un ska\u0146as un gaismas efektiem","description":"Woopie ma\u017easis gydytojo kabinetas su 22 priedais ir garso bei \u0161viesos efektais - KidsPlay. Did\u017eiausias vaik\u0173 \u017eaisl\u0173 pasirinkimas.","robots":{"index":"index","follow":"follow","max-snippet":"max-snippet:-1","max-image-preview":"max-image-preview:large","max-video-preview":"max-video-preview:-1"},"canonical":"https:\/\/kidsplay.lt\/lv\/products\/woopie-mazasis-gydytojo-kabinetas-su-22-priedais-ir-garso-bei-sviesos-efektais\/","og_locale":"lv_LV","og_type":"article","og_title":"Woopie ma\u017easis gydytojo kabinetas su 22 priedais ir garso bei \u0161viesos efektais","og_description":"Woopie ma\u017easis gydytojo kabinetas su 22 priedais ir garso bei \u0161viesos efektais - KidsPlay. Did\u017eiausias vaik\u0173 \u017eaisl\u0173 pasirinkimas.","og_url":"https:\/\/kidsplay.lt\/lv\/products\/woopie-mazasis-gydytojo-kabinetas-su-22-priedais-ir-garso-bei-sviesos-efektais\/","og_site_name":"KidsPlay","article_publisher":"https:\/\/www.facebook.com\/www.kidsplay.lt","article_modified_time":"2026-04-13T11:07:09+00:00","og_image":[{"width":750,"height":750,"url":"https:\/\/kidsplay.lt\/wp-content\/uploads\/2026\/03\/Woopie-mazasis-gydytojo-kabinetas-su-22-priedais-ir-garso-bei-sviesos-efektais.jpg","type":"image\/jpeg"}],"twitter_card":"summary_large_image","twitter_misc":{"Est. reading time":"1 min\u016bte"},"schema":{"@context":"https:\/\/schema.org","@graph":[{"@type":"WebPage","@id":"https:\/\/kidsplay.lt\/produktas\/woopie-mazasis-gydytojo-kabinetas-su-22-priedais-ir-garso-bei-sviesos-efektais\/","url":"https:\/\/kidsplay.lt\/produktas\/woopie-mazasis-gydytojo-kabinetas-su-22-priedais-ir-garso-bei-sviesos-efektais\/","name":"V\u016bpija mazais \u0101rsta kabinets ar 22 aksesu\u0101riem un ska\u0146as un gaismas efektiem","isPartOf":{"@id":"https:\/\/kidsplay.lt\/#website"},"primaryImageOfPage":{"@id":"https:\/\/kidsplay.lt\/produktas\/woopie-mazasis-gydytojo-kabinetas-su-22-priedais-ir-garso-bei-sviesos-efektais\/#primaryimage"},"image":{"@id":"https:\/\/kidsplay.lt\/produktas\/woopie-mazasis-gydytojo-kabinetas-su-22-priedais-ir-garso-bei-sviesos-efektais\/#primaryimage"},"thumbnailUrl":"https:\/\/kidsplay.lt\/wp-content\/uploads\/2026\/03\/Woopie-mazasis-gydytojo-kabinetas-su-22-priedais-ir-garso-bei-sviesos-efektais.jpg","datePublished":"2026-03-19T11:36:59+00:00","dateModified":"2026-04-13T11:07:09+00:00","description":"Woopie ma\u017easis gydytojo kabinetas su 22 priedais ir garso bei \u0161viesos efektais - KidsPlay. Did\u017eiausias vaik\u0173 \u017eaisl\u0173 pasirinkimas.","breadcrumb":{"@id":"https:\/\/kidsplay.lt\/produktas\/woopie-mazasis-gydytojo-kabinetas-su-22-priedais-ir-garso-bei-sviesos-efektais\/#breadcrumb"},"inLanguage":"lv-LV","potentialAction":[{"@type":"ReadAction","target":["https:\/\/kidsplay.lt\/produktas\/woopie-mazasis-gydytojo-kabinetas-su-22-priedais-ir-garso-bei-sviesos-efektais\/"]}]},{"@type":"ImageObject","inLanguage":"lv-LV","@id":"https:\/\/kidsplay.lt\/produktas\/woopie-mazasis-gydytojo-kabinetas-su-22-priedais-ir-garso-bei-sviesos-efektais\/#primaryimage","url":"https:\/\/kidsplay.lt\/wp-content\/uploads\/2026\/03\/Woopie-mazasis-gydytojo-kabinetas-su-22-priedais-ir-garso-bei-sviesos-efektais.jpg","contentUrl":"https:\/\/kidsplay.lt\/wp-content\/uploads\/2026\/03\/Woopie-mazasis-gydytojo-kabinetas-su-22-priedais-ir-garso-bei-sviesos-efektais.jpg","width":750,"height":750,"caption":"Woopie ma\u017easis gydytojo kabinetas su 22 priedais ir garso bei \u0161viesos efektais"},{"@type":"BreadcrumbList","@id":"https:\/\/kidsplay.lt\/produktas\/woopie-mazasis-gydytojo-kabinetas-su-22-priedais-ir-garso-bei-sviesos-efektais\/#breadcrumb","itemListElement":[{"@type":"ListItem","position":1,"name":"Pagrindinis","item":"https:\/\/kidsplay.lt\/"},{"@type":"ListItem","position":2,"name":"Parduotuv\u0117","item":"https:\/\/kidsplay.lt\/parduotuve\/"},{"@type":"ListItem","position":3,"name":"Woopie ma\u017easis gydytojo kabinetas su 22 priedais ir garso bei \u0161viesos efektais"}]},{"@type":"WebSite","@id":"https:\/\/kidsplay.lt\/#website","url":"https:\/\/kidsplay.lt\/","name":"B\u0113rnu sp\u0113les.lv","description":"\u012evairios prek\u0117s vaikams","publisher":{"@id":"https:\/\/kidsplay.lt\/#organization"},"alternateName":"Kidsplay","potentialAction":[{"@type":"SearchAction","target":{"@type":"EntryPoint","urlTemplate":"https:\/\/kidsplay.lt\/?s={search_term_string}"},"query-input":{"@type":"PropertyValueSpecification","valueRequired":true,"valueName":"search_term_string"}}],"inLanguage":"lv-LV"},{"@type":"Organization","@id":"https:\/\/kidsplay.lt\/#organization","name":"B\u0113rnu sp\u0113le","url":"https:\/\/kidsplay.lt\/","logo":{"@type":"ImageObject","inLanguage":"lv-LV","@id":"https:\/\/kidsplay.lt\/#\/schema\/logo\/image\/","url":"https:\/\/kidsplay.lt\/wp-content\/uploads\/2023\/07\/kidsplay-logo.png","contentUrl":"https:\/\/kidsplay.lt\/wp-content\/uploads\/2023\/07\/kidsplay-logo.png","width":451,"height":98,"caption":"KidsPlay"},"image":{"@id":"https:\/\/kidsplay.lt\/#\/schema\/logo\/image\/"},"sameAs":["https:\/\/www.facebook.com\/www.kidsplay.lt"]}]}},"_links":{"self":[{"href":"https:\/\/kidsplay.lt\/lv\/wp-json\/wp\/v2\/product\/95875","targetHints":{"allow":["GET"]}}],"collection":[{"href":"https:\/\/kidsplay.lt\/lv\/wp-json\/wp\/v2\/product"}],"about":[{"href":"https:\/\/kidsplay.lt\/lv\/wp-json\/wp\/v2\/types\/product"}],"version-history":[{"count":1,"href":"https:\/\/kidsplay.lt\/lv\/wp-json\/wp\/v2\/product\/95875\/revisions"}],"predecessor-version":[{"id":95876,"href":"https:\/\/kidsplay.lt\/lv\/wp-json\/wp\/v2\/product\/95875\/revisions\/95876"}],"wp:featuredmedia":[{"embeddable":true,"href":"https:\/\/kidsplay.lt\/lv\/wp-json\/wp\/v2\/media\/95877"}],"wp:attachment":[{"href":"https:\/\/kidsplay.lt\/lv\/wp-json\/wp\/v2\/media?parent=95875"}],"wp:term":[{"taxonomy":"product_brand","embeddable":true,"href":"https:\/\/kidsplay.lt\/lv\/wp-json\/wp\/v2\/product_brand?post=95875"},{"taxonomy":"product_cat","embeddable":true,"href":"https:\/\/kidsplay.lt\/lv\/wp-json\/wp\/v2\/product_cat?post=95875"},{"taxonomy":"product_tag","embeddable":true,"href":"https:\/\/kidsplay.lt\/lv\/wp-json\/wp\/v2\/product_tag?post=95875"}],"curies":[{"name":"wp","href":"https:\/\/api.w.org\/{rel}","templated":true}]}}