{"id":95893,"date":"2026-03-19T21:17:21","date_gmt":"2026-03-19T19:17:21","guid":{"rendered":"https:\/\/kidsplay.lt\/?post_type=product&#038;p=95893"},"modified":"2026-03-19T21:17:22","modified_gmt":"2026-03-19T19:17:22","slug":"montessori-bokstelis-dino","status":"publish","type":"product","link":"https:\/\/kidsplay.lt\/lv\/products\/montessori-bokstelis-dino\/","title":{"rendered":"Montesori tornis &quot;Dino&quot;\u201d"},"content":{"rendered":"<div class=\"mpof_ki myre_zn myre_8v_l m389_6m_l\">\n<div class=\"mp4t_16_s mryx_16_s mr3m_1 mli2_1 mh85_56 mh85_0_l\">\n<div class=\"mgn2_16 _0d3bd_am0a-\">\n<p>Montesori tornis &quot;Dino&quot;\u201d<\/p>\n<p>Saugus ir stilingas virtuv\u0117s pagalbininkas j\u016bs\u0173 vaikui<\/p>\n<p>Neslystantis pavir\u0161ius!!!!<\/p>\n<p>Suteikite savo vaikui galimyb\u0119 aktyviai dalyvauti kasdien\u0117je virtuv\u0117s veikloje \u2013 saugiai, patogiai ir d\u017eiaugsmingai!<\/p>\n<p>D\u0117l\u00a0specialaus neslystan\u010dio\u00a0laipteli\u0173 pavir\u0161iaus vaikas &#8222;Dino&#8221; virtuv\u0117s pagalbininkas yra ne tik patrauklus dizainas ir tvirta konstrukcija, bet vis\u0173 pirma\u00a0maksimalus naudojimo saugumas\u00a0\u2013 net ir energingiausiems ma\u017eyliams.<\/p>\n<p>stovi stabiliai ir saugiai, net su kojin\u0117mis ar mink\u0161tomis \u0161lepet\u0117mis. Tai sprendimas, kurio vis dar tr\u016bksta daugelyje pana\u0161i\u0173 produkt\u0173!<\/p>\n<p>\u0160is modelis skirtas t\u0117vams, kurie turi rinktis tarp stiliaus ir funkcionalumo \u2013 pas mus gausite abu.<\/p>\n<\/div>\n<\/div>\n<\/div>\n<div class=\"mp4t_16_s mryx_16_s mr3m_1 mli2_1 mh85_56 mh85_0_l\">\n<div class=\"mgn2_16 _0d3bd_am0a-\">\n<h2>Produkto apra\u0161ymas<\/h2>\n<p>Universalus virtuv\u0117s pagalbininkas Dino yra nepakei\u010diamas virtuv\u0117s pagalbininkas, sukurtas specialiai vaikams nuo 1 met\u0173 am\u017eiaus. \u0160i platforma leid\u017eia j\u016bs\u0173 vaikui pasiekti stalvir\u0161\u012f, tod\u0117l jis gali dalyvauti ruo\u0161iant maist\u0105 ir atliekant kitus nam\u0173 ruo\u0161os darbus.<\/p>\n<p>Virtuv\u0117s pagalbininkas padeda lavinti smulki\u0105j\u0105 motorik\u0105, savaranki\u0161kumo \u012fg\u016bd\u017eius ir pasitik\u0117jim\u0105 savimi aktyviai \u012ftraukiant vaik\u0105.<\/p>\n<\/div>\n<\/div>\n<div class=\"mp4t_16_s mryx_16_s mr3m_1 mli2_1 mh85_56 mh85_0_l\">\n<div class=\"mgn2_16 _0d3bd_am0a-\">\n<h2>Neslystantis pavir\u0161ius!!!!<\/h2>\n<p>\u2013 vis\u0173 pirma j\u016bs\u0173 vaiko saugumui!<\/p>\n<p>Skirtingai nuo kit\u0173 rinkoje esan\u010di\u0173 gamini\u0173, m\u016bs\u0173 virtuv\u0117s pagalbininkas turi specialius neslystan\u010dius griovelius laiptelio, ant kurio stovi vaikas, pavir\u0161iuje.<\/p>\n<p>D\u0117l to i\u0161vengiame paslydimo rizikos, o tai suteikia papildomo saugumo naudojimo metu.<\/p>\n<p>\u0160i unikali savyb\u0117 suma\u017eina kritimo tikimyb\u0119, o t\u0117vai gali b\u016bti tikri, kad j\u0173 ma\u017eylis yra saugus, pad\u0117dami virtuv\u0117je.<\/p>\n<\/div>\n<\/div>\n<div class=\"mp4t_16_s mryx_16_s mr3m_1 mli2_1 mh85_56 mh85_0_l\">\n<div class=\"mgn2_16 _0d3bd_am0a-\">\n<h2>Reguliuojamas auk\u0161tis:<\/h2>\n<p>Tinka \u012fvairaus \u016bgio vaikams d\u0117l\u00a0trij\u0173 reguliavimo lygi\u0173\u00a0ilgalaikiam naudojimui.<\/p>\n<p>3 platformos auk\u0161\u010dio reguliavimo lygiai, kurie auga kartu su vaiku<\/p>\n<\/div>\n<\/div>\n<div class=\"mp4t_16_s mryx_16_s mr3m_1 mli2_1 mh85_56 mh85_0_l\">\n<div class=\"mgn2_16 _0d3bd_am0a-\">\n<h2>Specifikacijos:<\/h2>\n<ul>\n<li>Med\u017eiaga: laminuota MDF<\/li>\n<li>Spalva: balta<\/li>\n<li>Matmenys: 88 cm x 51 cm x39 cm<\/li>\n<li>Svoris: (10kg)<\/li>\n<li>Leistina apkrova : iki 80 kg<\/li>\n<li>Rekomenduojamas vaiko am\u017eius: 1-6 metai<\/li>\n<li>Surinkimas: atskiras, pridedamos instrukcijos<\/li>\n<\/ul>\n<p>Pristatoma pakuot\u0117je savaranki\u0161kam surinkimui\u00a0(su ai\u0161kiomis instrukcijomis ir var\u017et\u0173 rinkiniu)<\/p>\n<p>Idealiai tinka virtuvei, vonios kambariui ir kitoms patalpoms, kur vaikui reikia &#8222;pasiekti auk\u0161\u010diau&#8221;<\/p>\n<\/div>\n<\/div>\n<div class=\"mp4t_16_s mryx_16_s mr3m_1 mli2_1 mh85_56 mh85_0_l\">\n<div class=\"mgn2_16 _0d3bd_am0a-\">\n<p>&nbsp;<\/p>\n<\/div>\n<\/div>","protected":false},"excerpt":{"rendered":"<p>Montessori Bok\u0161telis ,,Dino&#8221; Saugus ir stilingas virtuv\u0117s pagalbininkas j\u016bs\u0173 vaikui Neslystantis pavir\u0161ius!!!! Suteikite savo vaikui galimyb\u0119 aktyviai dalyvauti kasdien\u0117je virtuv\u0117s<\/p>","protected":false},"featured_media":95894,"template":"","meta":{"_acf_changed":false,"_glsr_average":0,"_glsr_ranking":0,"_glsr_reviews":0},"product_brand":[],"product_cat":[312,254],"product_tag":[],"class_list":{"0":"post-95893","1":"product","2":"type-product","3":"status-publish","4":"has-post-thumbnail","6":"product_cat-montessori-boksteliai","7":"product_cat-vaiko-kambarys","8":"\"style=\"background-color: #2ecc711c;\"","10":"first","11":"instock","12":"shipping-taxable","13":"purchasable","14":"product-type-simple"},"acf":[],"yoast_head":"<!-- This site is optimized with the Yoast SEO plugin v27.3 - https:\/\/yoast.com\/product\/yoast-seo-wordpress\/ -->\n<title>Montessori Bok\u0161telis ,,Dino&quot; - KidsPlay<\/title>\n<meta name=\"description\" content=\"Montessori Bok\u0161telis ,,Dino&quot; - KidsPlay. Did\u017eiausias vaik\u0173 \u017eaisl\u0173 pasirinkimas.\" \/>\n<meta name=\"robots\" content=\"index, follow, max-snippet:-1, max-image-preview:large, max-video-preview:-1\" \/>\n<link rel=\"canonical\" href=\"https:\/\/kidsplay.lt\/lv\/?post_type=product&p=95893\" \/>\n<meta property=\"og:locale\" content=\"lv_LV\" \/>\n<meta property=\"og:type\" content=\"article\" \/>\n<meta property=\"og:title\" content=\"Montessori Bok\u0161telis ,,Dino&quot; - KidsPlay\" \/>\n<meta property=\"og:description\" content=\"Montessori Bok\u0161telis ,,Dino&quot; - KidsPlay. Did\u017eiausias vaik\u0173 \u017eaisl\u0173 pasirinkimas.\" \/>\n<meta property=\"og:url\" content=\"https:\/\/kidsplay.lt\/lv\/?post_type=product&amp;p=95893\" \/>\n<meta property=\"og:site_name\" content=\"KidsPlay\" \/>\n<meta property=\"article:publisher\" content=\"https:\/\/www.facebook.com\/www.kidsplay.lt\" \/>\n<meta property=\"article:modified_time\" content=\"2026-03-19T19:17:22+00:00\" \/>\n<meta property=\"og:image\" content=\"https:\/\/kidsplay.lt\/wp-content\/uploads\/2026\/03\/Screenshot-2026-03-19-211228.png\" \/>\n\t<meta property=\"og:image:width\" content=\"802\" \/>\n\t<meta property=\"og:image:height\" content=\"797\" \/>\n\t<meta property=\"og:image:type\" content=\"image\/png\" \/>\n<meta name=\"twitter:card\" content=\"summary_large_image\" \/>\n<meta name=\"twitter:label1\" content=\"Est. reading time\" \/>\n\t<meta name=\"twitter:data1\" content=\"2 min\u016btes\" \/>\n<script type=\"application\/ld+json\" class=\"yoast-schema-graph\">{\"@context\":\"https:\\\/\\\/schema.org\",\"@graph\":[{\"@type\":\"WebPage\",\"@id\":\"https:\\\/\\\/kidsplay.lt\\\/?post_type=product&p=95893\",\"url\":\"https:\\\/\\\/kidsplay.lt\\\/?post_type=product&p=95893\",\"name\":\"Montessori Bok\u0161telis ,,Dino\\\" - KidsPlay\",\"isPartOf\":{\"@id\":\"https:\\\/\\\/kidsplay.lt\\\/#website\"},\"primaryImageOfPage\":{\"@id\":\"https:\\\/\\\/kidsplay.lt\\\/?post_type=product&p=95893#primaryimage\"},\"image\":{\"@id\":\"https:\\\/\\\/kidsplay.lt\\\/?post_type=product&p=95893#primaryimage\"},\"thumbnailUrl\":\"https:\\\/\\\/kidsplay.lt\\\/wp-content\\\/uploads\\\/2026\\\/03\\\/Screenshot-2026-03-19-211228.png\",\"datePublished\":\"2026-03-19T19:17:21+00:00\",\"dateModified\":\"2026-03-19T19:17:22+00:00\",\"description\":\"Montessori Bok\u0161telis ,,Dino\\\" - KidsPlay. Did\u017eiausias vaik\u0173 \u017eaisl\u0173 pasirinkimas.\",\"breadcrumb\":{\"@id\":\"https:\\\/\\\/kidsplay.lt\\\/?post_type=product&p=95893#breadcrumb\"},\"inLanguage\":\"lv-LV\",\"potentialAction\":[{\"@type\":\"ReadAction\",\"target\":[\"https:\\\/\\\/kidsplay.lt\\\/?post_type=product&p=95893\"]}]},{\"@type\":\"ImageObject\",\"inLanguage\":\"lv-LV\",\"@id\":\"https:\\\/\\\/kidsplay.lt\\\/?post_type=product&p=95893#primaryimage\",\"url\":\"https:\\\/\\\/kidsplay.lt\\\/wp-content\\\/uploads\\\/2026\\\/03\\\/Screenshot-2026-03-19-211228.png\",\"contentUrl\":\"https:\\\/\\\/kidsplay.lt\\\/wp-content\\\/uploads\\\/2026\\\/03\\\/Screenshot-2026-03-19-211228.png\",\"width\":802,\"height\":797},{\"@type\":\"BreadcrumbList\",\"@id\":\"https:\\\/\\\/kidsplay.lt\\\/?post_type=product&p=95893#breadcrumb\",\"itemListElement\":[{\"@type\":\"ListItem\",\"position\":1,\"name\":\"Pagrindinis\",\"item\":\"https:\\\/\\\/kidsplay.lt\\\/\"},{\"@type\":\"ListItem\",\"position\":2,\"name\":\"Parduotuv\u0117\",\"item\":\"https:\\\/\\\/kidsplay.lt\\\/parduotuve\\\/\"},{\"@type\":\"ListItem\",\"position\":3,\"name\":\"Montessori Bok\u0161telis ,,Dino&#8221;\"}]},{\"@type\":\"WebSite\",\"@id\":\"https:\\\/\\\/kidsplay.lt\\\/#website\",\"url\":\"https:\\\/\\\/kidsplay.lt\\\/\",\"name\":\"Kidsplay.lt\",\"description\":\"\u012evairios prek\u0117s vaikams\",\"publisher\":{\"@id\":\"https:\\\/\\\/kidsplay.lt\\\/#organization\"},\"alternateName\":\"Kidsplay\",\"potentialAction\":[{\"@type\":\"SearchAction\",\"target\":{\"@type\":\"EntryPoint\",\"urlTemplate\":\"https:\\\/\\\/kidsplay.lt\\\/?s={search_term_string}\"},\"query-input\":{\"@type\":\"PropertyValueSpecification\",\"valueRequired\":true,\"valueName\":\"search_term_string\"}}],\"inLanguage\":\"lv-LV\"},{\"@type\":\"Organization\",\"@id\":\"https:\\\/\\\/kidsplay.lt\\\/#organization\",\"name\":\"KidsPlay\",\"url\":\"https:\\\/\\\/kidsplay.lt\\\/\",\"logo\":{\"@type\":\"ImageObject\",\"inLanguage\":\"lv-LV\",\"@id\":\"https:\\\/\\\/kidsplay.lt\\\/#\\\/schema\\\/logo\\\/image\\\/\",\"url\":\"https:\\\/\\\/kidsplay.lt\\\/wp-content\\\/uploads\\\/2023\\\/07\\\/kidsplay-logo.png\",\"contentUrl\":\"https:\\\/\\\/kidsplay.lt\\\/wp-content\\\/uploads\\\/2023\\\/07\\\/kidsplay-logo.png\",\"width\":451,\"height\":98,\"caption\":\"KidsPlay\"},\"image\":{\"@id\":\"https:\\\/\\\/kidsplay.lt\\\/#\\\/schema\\\/logo\\\/image\\\/\"},\"sameAs\":[\"https:\\\/\\\/www.facebook.com\\\/www.kidsplay.lt\"]}]}<\/script>\n<!-- \/ Yoast SEO plugin. -->","yoast_head_json":{"title":"Montessori Bok\u0161telis ,,Dino\" - KidsPlay","description":"Montessori Bok\u0161telis ,,Dino\" - KidsPlay. Did\u017eiausias vaik\u0173 \u017eaisl\u0173 pasirinkimas.","robots":{"index":"index","follow":"follow","max-snippet":"max-snippet:-1","max-image-preview":"max-image-preview:large","max-video-preview":"max-video-preview:-1"},"canonical":"https:\/\/kidsplay.lt\/lv\/?post_type=product&p=95893","og_locale":"lv_LV","og_type":"article","og_title":"Montessori Bok\u0161telis ,,Dino\" - KidsPlay","og_description":"Montessori Bok\u0161telis ,,Dino\" - KidsPlay. Did\u017eiausias vaik\u0173 \u017eaisl\u0173 pasirinkimas.","og_url":"https:\/\/kidsplay.lt\/lv\/?post_type=product&p=95893","og_site_name":"KidsPlay","article_publisher":"https:\/\/www.facebook.com\/www.kidsplay.lt","article_modified_time":"2026-03-19T19:17:22+00:00","og_image":[{"width":802,"height":797,"url":"https:\/\/kidsplay.lt\/wp-content\/uploads\/2026\/03\/Screenshot-2026-03-19-211228.png","type":"image\/png"}],"twitter_card":"summary_large_image","twitter_misc":{"Est. reading time":"2 min\u016btes"},"schema":{"@context":"https:\/\/schema.org","@graph":[{"@type":"WebPage","@id":"https:\/\/kidsplay.lt\/?post_type=product&p=95893","url":"https:\/\/kidsplay.lt\/?post_type=product&p=95893","name":"Montessori Bok\u0161telis ,,Dino\" - KidsPlay","isPartOf":{"@id":"https:\/\/kidsplay.lt\/#website"},"primaryImageOfPage":{"@id":"https:\/\/kidsplay.lt\/?post_type=product&p=95893#primaryimage"},"image":{"@id":"https:\/\/kidsplay.lt\/?post_type=product&p=95893#primaryimage"},"thumbnailUrl":"https:\/\/kidsplay.lt\/wp-content\/uploads\/2026\/03\/Screenshot-2026-03-19-211228.png","datePublished":"2026-03-19T19:17:21+00:00","dateModified":"2026-03-19T19:17:22+00:00","description":"Montessori Bok\u0161telis ,,Dino\" - KidsPlay. Did\u017eiausias vaik\u0173 \u017eaisl\u0173 pasirinkimas.","breadcrumb":{"@id":"https:\/\/kidsplay.lt\/?post_type=product&p=95893#breadcrumb"},"inLanguage":"lv-LV","potentialAction":[{"@type":"ReadAction","target":["https:\/\/kidsplay.lt\/?post_type=product&p=95893"]}]},{"@type":"ImageObject","inLanguage":"lv-LV","@id":"https:\/\/kidsplay.lt\/?post_type=product&p=95893#primaryimage","url":"https:\/\/kidsplay.lt\/wp-content\/uploads\/2026\/03\/Screenshot-2026-03-19-211228.png","contentUrl":"https:\/\/kidsplay.lt\/wp-content\/uploads\/2026\/03\/Screenshot-2026-03-19-211228.png","width":802,"height":797},{"@type":"BreadcrumbList","@id":"https:\/\/kidsplay.lt\/?post_type=product&p=95893#breadcrumb","itemListElement":[{"@type":"ListItem","position":1,"name":"Pagrindinis","item":"https:\/\/kidsplay.lt\/"},{"@type":"ListItem","position":2,"name":"Parduotuv\u0117","item":"https:\/\/kidsplay.lt\/parduotuve\/"},{"@type":"ListItem","position":3,"name":"Montessori Bok\u0161telis ,,Dino&#8221;"}]},{"@type":"WebSite","@id":"https:\/\/kidsplay.lt\/#website","url":"https:\/\/kidsplay.lt\/","name":"B\u0113rnu sp\u0113les.lv","description":"\u012evairios prek\u0117s vaikams","publisher":{"@id":"https:\/\/kidsplay.lt\/#organization"},"alternateName":"Kidsplay","potentialAction":[{"@type":"SearchAction","target":{"@type":"EntryPoint","urlTemplate":"https:\/\/kidsplay.lt\/?s={search_term_string}"},"query-input":{"@type":"PropertyValueSpecification","valueRequired":true,"valueName":"search_term_string"}}],"inLanguage":"lv-LV"},{"@type":"Organization","@id":"https:\/\/kidsplay.lt\/#organization","name":"B\u0113rnu sp\u0113le","url":"https:\/\/kidsplay.lt\/","logo":{"@type":"ImageObject","inLanguage":"lv-LV","@id":"https:\/\/kidsplay.lt\/#\/schema\/logo\/image\/","url":"https:\/\/kidsplay.lt\/wp-content\/uploads\/2023\/07\/kidsplay-logo.png","contentUrl":"https:\/\/kidsplay.lt\/wp-content\/uploads\/2023\/07\/kidsplay-logo.png","width":451,"height":98,"caption":"KidsPlay"},"image":{"@id":"https:\/\/kidsplay.lt\/#\/schema\/logo\/image\/"},"sameAs":["https:\/\/www.facebook.com\/www.kidsplay.lt"]}]}},"_links":{"self":[{"href":"https:\/\/kidsplay.lt\/lv\/wp-json\/wp\/v2\/product\/95893","targetHints":{"allow":["GET"]}}],"collection":[{"href":"https:\/\/kidsplay.lt\/lv\/wp-json\/wp\/v2\/product"}],"about":[{"href":"https:\/\/kidsplay.lt\/lv\/wp-json\/wp\/v2\/types\/product"}],"version-history":[{"count":1,"href":"https:\/\/kidsplay.lt\/lv\/wp-json\/wp\/v2\/product\/95893\/revisions"}],"predecessor-version":[{"id":95900,"href":"https:\/\/kidsplay.lt\/lv\/wp-json\/wp\/v2\/product\/95893\/revisions\/95900"}],"wp:featuredmedia":[{"embeddable":true,"href":"https:\/\/kidsplay.lt\/lv\/wp-json\/wp\/v2\/media\/95894"}],"wp:attachment":[{"href":"https:\/\/kidsplay.lt\/lv\/wp-json\/wp\/v2\/media?parent=95893"}],"wp:term":[{"taxonomy":"product_brand","embeddable":true,"href":"https:\/\/kidsplay.lt\/lv\/wp-json\/wp\/v2\/product_brand?post=95893"},{"taxonomy":"product_cat","embeddable":true,"href":"https:\/\/kidsplay.lt\/lv\/wp-json\/wp\/v2\/product_cat?post=95893"},{"taxonomy":"product_tag","embeddable":true,"href":"https:\/\/kidsplay.lt\/lv\/wp-json\/wp\/v2\/product_tag?post=95893"}],"curies":[{"name":"wp","href":"https:\/\/api.w.org\/{rel}","templated":true}]}}