{"id":95905,"date":"2026-03-20T17:29:54","date_gmt":"2026-03-20T15:29:54","guid":{"rendered":"https:\/\/kidsplay.lt\/produktas\/woopie-arkadinis-zaidimas-piktas-ryklys\/"},"modified":"2026-04-07T09:34:36","modified_gmt":"2026-04-07T06:34:36","slug":"woopie-arkadinis-zaidimas-piktas-ryklys","status":"publish","type":"product","link":"https:\/\/kidsplay.lt\/lv\/products\/woopie-arkadinis-zaidimas-piktas-ryklys\/","title":{"rendered":"WOOPIE ark\u0101des sp\u0113le &quot;Angry Shark&quot;\u201e"},"content":{"rendered":"<p>WOOPIE arkadinis \u017eaidimas \u201ePiktas ryklys\u201c \u2013 \u012ftraukiantis \u017eaidimas, reikalaujantis gudrumo, refleks\u0173 ir tvirtos rankos. Skirtas vaikams nuo 4 met\u0173, lavina kantryb\u0119, gerina koncentracij\u0105 ir suteikia daug smagi\u0173 akimirk\u0173. \u017daisti gali iki keturi\u0173 \u017eaid\u0117j\u0173, tod\u0117l \u017eaidimas puikiai tinka vakar\u0117liams ar \u0161eimos susib\u016brimams.<br \/>\nRaksturojums:<\/p>\n<p>\u017daidimas vaikams nuo 4 met\u0173.<\/p>\n<p>Daugelio \u017eaid\u0117j\u0173 \u2013 gali \u017eaisti iki 4 \u017eaid\u0117j\u0173.<\/p>\n<p>Skleid\u017eia malonius bang\u0173 ir burbuliuk\u0173 garsus.<\/p>\n<p>Reikalingos baterijos \u2013 \u012f komplekt\u0105 \u012ftrauktos.<\/p>\n<p>Gerina koncentracij\u0105.<\/p>\n<p>Lavina kantryb\u0119.<\/p>\n<p>\u017daidimo taisykl\u0117s:Visi aukso monetos supilamos \u012f ryklio \u201ekriaukl\u0119\u201c. \u017daid\u0117jai paeiliui traukia tiek monet\u0173, kiek nurodyta ratuko su rodykle rezultatu. Tuomet pagal i\u0161traukt\u0105 variant\u0105 jie bando paimti monetas i\u0161 ryklio kriaukl\u0117s. Ryklis yra labai budrus ir gali bet kuri\u0105 akimirk\u0105 \u201e\u0161auti\u201c. Jei taip nutinka, \u017eaid\u0117jas, kurio \u0117jimas buvo, pralaimi.Ryklys labai jautrus savo pirat\u0173 lobiams, tod\u0117l nervingai judina uodeg\u0105, bandydamas \u201epavogti\u201c monetas. \u012ejungus \u017eaisl\u0105 girdisi vandens ir burbuliuk\u0173 garsai, kurie tikrai patiks visiems vaikams.<br \/>\nRinkinyje yra:<\/p>\n<p>Pagrindas kriaukl\u0117s formos.<\/p>\n<p>Ryklis su pirato kepure.<\/p>\n<p>36 monetos.<\/p>\n<p>Traukimo ratukas.<\/p>","protected":false},"excerpt":{"rendered":"<p>WOOPIE arkadinis \u017eaidimas \u201ePiktas ryklys\u201c \u2013 \u012ftraukiantis \u017eaidimas, reikalaujantis gudrumo, refleks\u0173 ir tvirtos rankos. Skirtas vaikams nuo 4 met\u0173, lavina<\/p>","protected":false},"featured_media":95907,"template":"","meta":{"_acf_changed":false,"_glsr_average":0,"_glsr_ranking":0,"_glsr_reviews":0},"product_brand":[],"product_cat":[445,229],"product_tag":[],"class_list":{"0":"post-95905","1":"product","2":"type-product","3":"status-publish","4":"has-post-thumbnail","6":"product_cat-stalo-zaidimai","7":"product_cat-zaislai-vaikams","8":"\"style=\"background-color: #2ecc711c;\"","10":"first","11":"instock","12":"purchasable","13":"product-type-simple"},"acf":[],"yoast_head":"<!-- This site is optimized with the Yoast SEO plugin v27.3 - https:\/\/yoast.com\/product\/yoast-seo-wordpress\/ -->\n<title>WOOPIE arkadinis \u017eaidimas \u201ePiktas ryklys\u201c<\/title>\n<meta name=\"description\" content=\"WOOPIE arkadinis \u017eaidimas \u201ePiktas ryklys\u201c - KidsPlay. Did\u017eiausias vaik\u0173 \u017eaisl\u0173 pasirinkimas.\" \/>\n<meta name=\"robots\" content=\"index, follow, max-snippet:-1, max-image-preview:large, max-video-preview:-1\" \/>\n<link rel=\"canonical\" href=\"https:\/\/kidsplay.lt\/lv\/products\/woopie-arkadinis-zaidimas-piktas-ryklys\/\" \/>\n<meta property=\"og:locale\" content=\"lv_LV\" \/>\n<meta property=\"og:type\" content=\"article\" \/>\n<meta property=\"og:title\" content=\"WOOPIE arkadinis \u017eaidimas \u201ePiktas ryklys\u201c\" \/>\n<meta property=\"og:description\" content=\"WOOPIE arkadinis \u017eaidimas \u201ePiktas ryklys\u201c - KidsPlay. Did\u017eiausias vaik\u0173 \u017eaisl\u0173 pasirinkimas.\" \/>\n<meta property=\"og:url\" content=\"https:\/\/kidsplay.lt\/lv\/products\/woopie-arkadinis-zaidimas-piktas-ryklys\/\" \/>\n<meta property=\"og:site_name\" content=\"KidsPlay\" \/>\n<meta property=\"article:publisher\" content=\"https:\/\/www.facebook.com\/www.kidsplay.lt\" \/>\n<meta property=\"article:modified_time\" content=\"2026-04-07T06:34:36+00:00\" \/>\n<meta property=\"og:image\" content=\"https:\/\/kidsplay.lt\/wp-content\/uploads\/2026\/03\/WOOPIE-arkadinis-zaidimas-\u201ePiktas-ryklys.jpg\" \/>\n\t<meta property=\"og:image:width\" content=\"2560\" \/>\n\t<meta property=\"og:image:height\" content=\"2560\" \/>\n\t<meta property=\"og:image:type\" content=\"image\/jpeg\" \/>\n<meta name=\"twitter:card\" content=\"summary_large_image\" \/>\n<meta name=\"twitter:label1\" content=\"Est. reading time\" \/>\n\t<meta name=\"twitter:data1\" content=\"1 min\u016bte\" \/>\n<script type=\"application\/ld+json\" class=\"yoast-schema-graph\">{\"@context\":\"https:\\\/\\\/schema.org\",\"@graph\":[{\"@type\":\"WebPage\",\"@id\":\"https:\\\/\\\/kidsplay.lt\\\/produktas\\\/woopie-arkadinis-zaidimas-piktas-ryklys\\\/\",\"url\":\"https:\\\/\\\/kidsplay.lt\\\/produktas\\\/woopie-arkadinis-zaidimas-piktas-ryklys\\\/\",\"name\":\"WOOPIE arkadinis \u017eaidimas \u201ePiktas ryklys\u201c\",\"isPartOf\":{\"@id\":\"https:\\\/\\\/kidsplay.lt\\\/#website\"},\"primaryImageOfPage\":{\"@id\":\"https:\\\/\\\/kidsplay.lt\\\/produktas\\\/woopie-arkadinis-zaidimas-piktas-ryklys\\\/#primaryimage\"},\"image\":{\"@id\":\"https:\\\/\\\/kidsplay.lt\\\/produktas\\\/woopie-arkadinis-zaidimas-piktas-ryklys\\\/#primaryimage\"},\"thumbnailUrl\":\"https:\\\/\\\/kidsplay.lt\\\/wp-content\\\/uploads\\\/2026\\\/03\\\/WOOPIE-arkadinis-zaidimas-\u201ePiktas-ryklys.jpg\",\"datePublished\":\"2026-03-20T15:29:54+00:00\",\"dateModified\":\"2026-04-07T06:34:36+00:00\",\"description\":\"WOOPIE arkadinis \u017eaidimas \u201ePiktas ryklys\u201c - KidsPlay. Did\u017eiausias vaik\u0173 \u017eaisl\u0173 pasirinkimas.\",\"breadcrumb\":{\"@id\":\"https:\\\/\\\/kidsplay.lt\\\/produktas\\\/woopie-arkadinis-zaidimas-piktas-ryklys\\\/#breadcrumb\"},\"inLanguage\":\"lv-LV\",\"potentialAction\":[{\"@type\":\"ReadAction\",\"target\":[\"https:\\\/\\\/kidsplay.lt\\\/produktas\\\/woopie-arkadinis-zaidimas-piktas-ryklys\\\/\"]}]},{\"@type\":\"ImageObject\",\"inLanguage\":\"lv-LV\",\"@id\":\"https:\\\/\\\/kidsplay.lt\\\/produktas\\\/woopie-arkadinis-zaidimas-piktas-ryklys\\\/#primaryimage\",\"url\":\"https:\\\/\\\/kidsplay.lt\\\/wp-content\\\/uploads\\\/2026\\\/03\\\/WOOPIE-arkadinis-zaidimas-\u201ePiktas-ryklys.jpg\",\"contentUrl\":\"https:\\\/\\\/kidsplay.lt\\\/wp-content\\\/uploads\\\/2026\\\/03\\\/WOOPIE-arkadinis-zaidimas-\u201ePiktas-ryklys.jpg\",\"width\":2560,\"height\":2560,\"caption\":\"WOOPIE arkadinis \u017eaidimas \u201ePiktas ryklys\u201c\"},{\"@type\":\"BreadcrumbList\",\"@id\":\"https:\\\/\\\/kidsplay.lt\\\/produktas\\\/woopie-arkadinis-zaidimas-piktas-ryklys\\\/#breadcrumb\",\"itemListElement\":[{\"@type\":\"ListItem\",\"position\":1,\"name\":\"Pagrindinis\",\"item\":\"https:\\\/\\\/kidsplay.lt\\\/\"},{\"@type\":\"ListItem\",\"position\":2,\"name\":\"Parduotuv\u0117\",\"item\":\"https:\\\/\\\/kidsplay.lt\\\/parduotuve\\\/\"},{\"@type\":\"ListItem\",\"position\":3,\"name\":\"WOOPIE arkadinis \u017eaidimas \u201ePiktas ryklys\u201c\"}]},{\"@type\":\"WebSite\",\"@id\":\"https:\\\/\\\/kidsplay.lt\\\/#website\",\"url\":\"https:\\\/\\\/kidsplay.lt\\\/\",\"name\":\"Kidsplay.lt\",\"description\":\"\u012evairios prek\u0117s vaikams\",\"publisher\":{\"@id\":\"https:\\\/\\\/kidsplay.lt\\\/#organization\"},\"alternateName\":\"Kidsplay\",\"potentialAction\":[{\"@type\":\"SearchAction\",\"target\":{\"@type\":\"EntryPoint\",\"urlTemplate\":\"https:\\\/\\\/kidsplay.lt\\\/?s={search_term_string}\"},\"query-input\":{\"@type\":\"PropertyValueSpecification\",\"valueRequired\":true,\"valueName\":\"search_term_string\"}}],\"inLanguage\":\"lv-LV\"},{\"@type\":\"Organization\",\"@id\":\"https:\\\/\\\/kidsplay.lt\\\/#organization\",\"name\":\"KidsPlay\",\"url\":\"https:\\\/\\\/kidsplay.lt\\\/\",\"logo\":{\"@type\":\"ImageObject\",\"inLanguage\":\"lv-LV\",\"@id\":\"https:\\\/\\\/kidsplay.lt\\\/#\\\/schema\\\/logo\\\/image\\\/\",\"url\":\"https:\\\/\\\/kidsplay.lt\\\/wp-content\\\/uploads\\\/2023\\\/07\\\/kidsplay-logo.png\",\"contentUrl\":\"https:\\\/\\\/kidsplay.lt\\\/wp-content\\\/uploads\\\/2023\\\/07\\\/kidsplay-logo.png\",\"width\":451,\"height\":98,\"caption\":\"KidsPlay\"},\"image\":{\"@id\":\"https:\\\/\\\/kidsplay.lt\\\/#\\\/schema\\\/logo\\\/image\\\/\"},\"sameAs\":[\"https:\\\/\\\/www.facebook.com\\\/www.kidsplay.lt\"]}]}<\/script>\n<!-- \/ Yoast SEO plugin. -->","yoast_head_json":{"title":"WOOPIE ark\u0101des sp\u0113le &quot;Angry Shark&quot;\u201e","description":"WOOPIE arkadinis \u017eaidimas \u201ePiktas ryklys\u201c - KidsPlay. Did\u017eiausias vaik\u0173 \u017eaisl\u0173 pasirinkimas.","robots":{"index":"index","follow":"follow","max-snippet":"max-snippet:-1","max-image-preview":"max-image-preview:large","max-video-preview":"max-video-preview:-1"},"canonical":"https:\/\/kidsplay.lt\/lv\/products\/woopie-arkadinis-zaidimas-piktas-ryklys\/","og_locale":"lv_LV","og_type":"article","og_title":"WOOPIE arkadinis \u017eaidimas \u201ePiktas ryklys\u201c","og_description":"WOOPIE arkadinis \u017eaidimas \u201ePiktas ryklys\u201c - KidsPlay. Did\u017eiausias vaik\u0173 \u017eaisl\u0173 pasirinkimas.","og_url":"https:\/\/kidsplay.lt\/lv\/products\/woopie-arkadinis-zaidimas-piktas-ryklys\/","og_site_name":"KidsPlay","article_publisher":"https:\/\/www.facebook.com\/www.kidsplay.lt","article_modified_time":"2026-04-07T06:34:36+00:00","og_image":[{"width":2560,"height":2560,"url":"https:\/\/kidsplay.lt\/wp-content\/uploads\/2026\/03\/WOOPIE-arkadinis-zaidimas-\u201ePiktas-ryklys.jpg","type":"image\/jpeg"}],"twitter_card":"summary_large_image","twitter_misc":{"Est. reading time":"1 min\u016bte"},"schema":{"@context":"https:\/\/schema.org","@graph":[{"@type":"WebPage","@id":"https:\/\/kidsplay.lt\/produktas\/woopie-arkadinis-zaidimas-piktas-ryklys\/","url":"https:\/\/kidsplay.lt\/produktas\/woopie-arkadinis-zaidimas-piktas-ryklys\/","name":"WOOPIE ark\u0101des sp\u0113le &quot;Angry Shark&quot;\u201e","isPartOf":{"@id":"https:\/\/kidsplay.lt\/#website"},"primaryImageOfPage":{"@id":"https:\/\/kidsplay.lt\/produktas\/woopie-arkadinis-zaidimas-piktas-ryklys\/#primaryimage"},"image":{"@id":"https:\/\/kidsplay.lt\/produktas\/woopie-arkadinis-zaidimas-piktas-ryklys\/#primaryimage"},"thumbnailUrl":"https:\/\/kidsplay.lt\/wp-content\/uploads\/2026\/03\/WOOPIE-arkadinis-zaidimas-\u201ePiktas-ryklys.jpg","datePublished":"2026-03-20T15:29:54+00:00","dateModified":"2026-04-07T06:34:36+00:00","description":"WOOPIE arkadinis \u017eaidimas \u201ePiktas ryklys\u201c - KidsPlay. Did\u017eiausias vaik\u0173 \u017eaisl\u0173 pasirinkimas.","breadcrumb":{"@id":"https:\/\/kidsplay.lt\/produktas\/woopie-arkadinis-zaidimas-piktas-ryklys\/#breadcrumb"},"inLanguage":"lv-LV","potentialAction":[{"@type":"ReadAction","target":["https:\/\/kidsplay.lt\/produktas\/woopie-arkadinis-zaidimas-piktas-ryklys\/"]}]},{"@type":"ImageObject","inLanguage":"lv-LV","@id":"https:\/\/kidsplay.lt\/produktas\/woopie-arkadinis-zaidimas-piktas-ryklys\/#primaryimage","url":"https:\/\/kidsplay.lt\/wp-content\/uploads\/2026\/03\/WOOPIE-arkadinis-zaidimas-\u201ePiktas-ryklys.jpg","contentUrl":"https:\/\/kidsplay.lt\/wp-content\/uploads\/2026\/03\/WOOPIE-arkadinis-zaidimas-\u201ePiktas-ryklys.jpg","width":2560,"height":2560,"caption":"WOOPIE arkadinis \u017eaidimas \u201ePiktas ryklys\u201c"},{"@type":"BreadcrumbList","@id":"https:\/\/kidsplay.lt\/produktas\/woopie-arkadinis-zaidimas-piktas-ryklys\/#breadcrumb","itemListElement":[{"@type":"ListItem","position":1,"name":"Pagrindinis","item":"https:\/\/kidsplay.lt\/"},{"@type":"ListItem","position":2,"name":"Parduotuv\u0117","item":"https:\/\/kidsplay.lt\/parduotuve\/"},{"@type":"ListItem","position":3,"name":"WOOPIE arkadinis \u017eaidimas \u201ePiktas ryklys\u201c"}]},{"@type":"WebSite","@id":"https:\/\/kidsplay.lt\/#website","url":"https:\/\/kidsplay.lt\/","name":"B\u0113rnu sp\u0113les.lv","description":"\u012evairios prek\u0117s vaikams","publisher":{"@id":"https:\/\/kidsplay.lt\/#organization"},"alternateName":"Kidsplay","potentialAction":[{"@type":"SearchAction","target":{"@type":"EntryPoint","urlTemplate":"https:\/\/kidsplay.lt\/?s={search_term_string}"},"query-input":{"@type":"PropertyValueSpecification","valueRequired":true,"valueName":"search_term_string"}}],"inLanguage":"lv-LV"},{"@type":"Organization","@id":"https:\/\/kidsplay.lt\/#organization","name":"B\u0113rnu sp\u0113le","url":"https:\/\/kidsplay.lt\/","logo":{"@type":"ImageObject","inLanguage":"lv-LV","@id":"https:\/\/kidsplay.lt\/#\/schema\/logo\/image\/","url":"https:\/\/kidsplay.lt\/wp-content\/uploads\/2023\/07\/kidsplay-logo.png","contentUrl":"https:\/\/kidsplay.lt\/wp-content\/uploads\/2023\/07\/kidsplay-logo.png","width":451,"height":98,"caption":"KidsPlay"},"image":{"@id":"https:\/\/kidsplay.lt\/#\/schema\/logo\/image\/"},"sameAs":["https:\/\/www.facebook.com\/www.kidsplay.lt"]}]}},"_links":{"self":[{"href":"https:\/\/kidsplay.lt\/lv\/wp-json\/wp\/v2\/product\/95905","targetHints":{"allow":["GET"]}}],"collection":[{"href":"https:\/\/kidsplay.lt\/lv\/wp-json\/wp\/v2\/product"}],"about":[{"href":"https:\/\/kidsplay.lt\/lv\/wp-json\/wp\/v2\/types\/product"}],"version-history":[{"count":1,"href":"https:\/\/kidsplay.lt\/lv\/wp-json\/wp\/v2\/product\/95905\/revisions"}],"predecessor-version":[{"id":95906,"href":"https:\/\/kidsplay.lt\/lv\/wp-json\/wp\/v2\/product\/95905\/revisions\/95906"}],"wp:featuredmedia":[{"embeddable":true,"href":"https:\/\/kidsplay.lt\/lv\/wp-json\/wp\/v2\/media\/95907"}],"wp:attachment":[{"href":"https:\/\/kidsplay.lt\/lv\/wp-json\/wp\/v2\/media?parent=95905"}],"wp:term":[{"taxonomy":"product_brand","embeddable":true,"href":"https:\/\/kidsplay.lt\/lv\/wp-json\/wp\/v2\/product_brand?post=95905"},{"taxonomy":"product_cat","embeddable":true,"href":"https:\/\/kidsplay.lt\/lv\/wp-json\/wp\/v2\/product_cat?post=95905"},{"taxonomy":"product_tag","embeddable":true,"href":"https:\/\/kidsplay.lt\/lv\/wp-json\/wp\/v2\/product_tag?post=95905"}],"curies":[{"name":"wp","href":"https:\/\/api.w.org\/{rel}","templated":true}]}}