{"id":95912,"date":"2026-03-20T17:30:15","date_gmt":"2026-03-20T15:30:15","guid":{"rendered":"https:\/\/kidsplay.lt\/produktas\/woopie-eziuko-rusiavimo-montessori-igudziu-zaidimas-mokymosi-skaiciu-ir-spalvu-zaidimas-4-viename\/"},"modified":"2026-04-13T13:54:34","modified_gmt":"2026-04-13T10:54:34","slug":"woopie-eziuko-rusiavimo-montessori-igudziu-zaidimas-mokymosi-skaiciu-ir-spalvu-zaidimas-4-viename","status":"publish","type":"product","link":"https:\/\/kidsplay.lt\/lv\/products\/woopie-eziuko-rusiavimo-montessori-igudziu-zaidimas-mokymosi-skaiciu-ir-spalvu-zaidimas-4-viename\/","title":{"rendered":"WOOPIE &quot;E\u017eu \u0161\u0137iro\u0161ana&quot; Montessori prasmju sp\u0113le - skait\u013cu un kr\u0101su apguves sp\u0113le 4 vien\u0101"},"content":{"rendered":"<p>WOOPIE edukacinis \u201eE\u017eiuko\u201c \u017eaidimas \u2013 unikalus kalb\u0173 r\u016b\u0161iavimo\/galvos\u016bkio \u017eaidimas, derinantis smag\u0173 ir k\u016brybi\u0161k\u0105 mokym\u0105si. \u017daidime reikia sud\u0117lioti blokelius \u012f atitinkamas skylutes \u2013 kiekvienai skylei priskirtas atitinkamas skai\u010dius. T\u0117vai gali \u017eaisti su vaiku pagal spalvas ir skai\u010dius, pavyzd\u017eiui, \u017ealia \u2013 skylutei pa\u017eym\u0117tai skai\u010diumi 1. D\u0117l savo funkcionalumo \u017eaidimas yra puikus \u012frankis lavinti vaik\u0173 pa\u017eintinius geb\u0117jimus ir k\u016brybi\u0161kum\u0105.<br \/>\nRaksturojums:<\/p>\n<p>\u017daislas nuo 18 m\u0117nesi\u0173.<\/p>\n<p>4\u202fviename \u2013 mokymasis spalv\u0173, skai\u010di\u0173, r\u016b\u0161iavimas, galvos\u016bkis.<\/p>\n<p>K\u016brybi\u0161kas mokymasis.<\/p>\n<p>Spalvos, skatinan\u010dios vaikus.<\/p>\n<p>Tvirta konstrukcija \u2013 saugu vaikams.<\/p>","protected":false},"excerpt":{"rendered":"<p>WOOPIE edukacinis \u201eE\u017eiuko\u201c \u017eaidimas \u2013 unikalus kalb\u0173 r\u016b\u0161iavimo\/galvos\u016bkio \u017eaidimas, derinantis smag\u0173 ir k\u016brybi\u0161k\u0105 mokym\u0105si. \u017daidime reikia sud\u0117lioti blokelius \u012f atitinkamas<\/p>","protected":false},"featured_media":95914,"template":"","meta":{"_acf_changed":false,"_glsr_average":0,"_glsr_ranking":0,"_glsr_reviews":0},"product_brand":[],"product_cat":[388,229],"product_tag":[],"class_list":{"0":"post-95912","1":"product","2":"type-product","3":"status-publish","4":"has-post-thumbnail","6":"product_cat-edukaciniai-lavinamieji-zaislai","7":"product_cat-zaislai-vaikams","8":"\"style=\"background-color: #2ecc711c;\"","10":"first","11":"instock","12":"purchasable","13":"product-type-simple"},"acf":[],"yoast_head":"<!-- This site is optimized with the Yoast SEO plugin v27.4 - https:\/\/yoast.com\/product\/yoast-seo-wordpress\/ -->\n<title>WOOPIE \u201eE\u017eiuko r\u016b\u0161iavimo\u201c Montessori \u012fg\u016bd\u017ei\u0173 \u017eaidimas \u2013 mokymosi skai\u010di\u0173 ir spalv\u0173 \u017eaidimas 4\u202fviename<\/title>\n<meta name=\"description\" content=\"WOOPIE \u201eE\u017eiuko r\u016b\u0161iavimo\u201c Montessori \u012fg\u016bd\u017ei\u0173 \u017eaidimas \u2013 mokymosi skai\u010di\u0173 ir spalv\u0173 \u017eaidimas 4\u202fviename - KidsPlay. Did\u017eiausias vaik\u0173 \u017eaisl\u0173 pasirinkimas.\" \/>\n<meta name=\"robots\" content=\"index, follow, max-snippet:-1, max-image-preview:large, max-video-preview:-1\" \/>\n<link rel=\"canonical\" href=\"https:\/\/kidsplay.lt\/lv\/products\/woopie-eziuko-rusiavimo-montessori-igudziu-zaidimas-mokymosi-skaiciu-ir-spalvu-zaidimas-4-viename\/\" \/>\n<meta property=\"og:locale\" content=\"lv_LV\" \/>\n<meta property=\"og:type\" content=\"article\" \/>\n<meta property=\"og:title\" content=\"WOOPIE \u201eE\u017eiuko r\u016b\u0161iavimo\u201c Montessori \u012fg\u016bd\u017ei\u0173 \u017eaidimas \u2013 mokymosi skai\u010di\u0173 ir spalv\u0173 \u017eaidimas 4\u202fviename\" \/>\n<meta property=\"og:description\" content=\"WOOPIE \u201eE\u017eiuko r\u016b\u0161iavimo\u201c Montessori \u012fg\u016bd\u017ei\u0173 \u017eaidimas \u2013 mokymosi skai\u010di\u0173 ir spalv\u0173 \u017eaidimas 4\u202fviename - KidsPlay. Did\u017eiausias vaik\u0173 \u017eaisl\u0173 pasirinkimas.\" \/>\n<meta property=\"og:url\" content=\"https:\/\/kidsplay.lt\/lv\/products\/woopie-eziuko-rusiavimo-montessori-igudziu-zaidimas-mokymosi-skaiciu-ir-spalvu-zaidimas-4-viename\/\" \/>\n<meta property=\"og:site_name\" content=\"KidsPlay\" \/>\n<meta property=\"article:publisher\" content=\"https:\/\/www.facebook.com\/www.kidsplay.lt\" \/>\n<meta property=\"article:modified_time\" content=\"2026-04-13T10:54:34+00:00\" \/>\n<meta property=\"og:image\" content=\"https:\/\/kidsplay.lt\/wp-content\/uploads\/2026\/03\/WOOPIE-\u201eEziuko-rusiavimo-Montessori-igudziu-zaidimas-\u2013-mokymosi-skaiciu-ir-spalvu-zaidimas-4-viename.jpg\" \/>\n\t<meta property=\"og:image:width\" content=\"1200\" \/>\n\t<meta property=\"og:image:height\" content=\"1200\" \/>\n\t<meta property=\"og:image:type\" content=\"image\/jpeg\" \/>\n<meta name=\"twitter:card\" content=\"summary_large_image\" \/>\n<script type=\"application\/ld+json\" class=\"yoast-schema-graph\">{\"@context\":\"https:\\\/\\\/schema.org\",\"@graph\":[{\"@type\":\"WebPage\",\"@id\":\"https:\\\/\\\/kidsplay.lt\\\/produktas\\\/woopie-eziuko-rusiavimo-montessori-igudziu-zaidimas-mokymosi-skaiciu-ir-spalvu-zaidimas-4-viename\\\/\",\"url\":\"https:\\\/\\\/kidsplay.lt\\\/produktas\\\/woopie-eziuko-rusiavimo-montessori-igudziu-zaidimas-mokymosi-skaiciu-ir-spalvu-zaidimas-4-viename\\\/\",\"name\":\"WOOPIE \u201eE\u017eiuko r\u016b\u0161iavimo\u201c Montessori \u012fg\u016bd\u017ei\u0173 \u017eaidimas \u2013 mokymosi skai\u010di\u0173 ir spalv\u0173 \u017eaidimas 4\u202fviename\",\"isPartOf\":{\"@id\":\"https:\\\/\\\/kidsplay.lt\\\/#website\"},\"primaryImageOfPage\":{\"@id\":\"https:\\\/\\\/kidsplay.lt\\\/produktas\\\/woopie-eziuko-rusiavimo-montessori-igudziu-zaidimas-mokymosi-skaiciu-ir-spalvu-zaidimas-4-viename\\\/#primaryimage\"},\"image\":{\"@id\":\"https:\\\/\\\/kidsplay.lt\\\/produktas\\\/woopie-eziuko-rusiavimo-montessori-igudziu-zaidimas-mokymosi-skaiciu-ir-spalvu-zaidimas-4-viename\\\/#primaryimage\"},\"thumbnailUrl\":\"https:\\\/\\\/kidsplay.lt\\\/wp-content\\\/uploads\\\/2026\\\/03\\\/WOOPIE-\u201eEziuko-rusiavimo-Montessori-igudziu-zaidimas-\u2013-mokymosi-skaiciu-ir-spalvu-zaidimas-4-viename.jpg\",\"datePublished\":\"2026-03-20T15:30:15+00:00\",\"dateModified\":\"2026-04-13T10:54:34+00:00\",\"description\":\"WOOPIE \u201eE\u017eiuko r\u016b\u0161iavimo\u201c Montessori \u012fg\u016bd\u017ei\u0173 \u017eaidimas \u2013 mokymosi skai\u010di\u0173 ir spalv\u0173 \u017eaidimas 4\u202fviename - KidsPlay. Did\u017eiausias vaik\u0173 \u017eaisl\u0173 pasirinkimas.\",\"breadcrumb\":{\"@id\":\"https:\\\/\\\/kidsplay.lt\\\/produktas\\\/woopie-eziuko-rusiavimo-montessori-igudziu-zaidimas-mokymosi-skaiciu-ir-spalvu-zaidimas-4-viename\\\/#breadcrumb\"},\"inLanguage\":\"lv-LV\",\"potentialAction\":[{\"@type\":\"ReadAction\",\"target\":[\"https:\\\/\\\/kidsplay.lt\\\/produktas\\\/woopie-eziuko-rusiavimo-montessori-igudziu-zaidimas-mokymosi-skaiciu-ir-spalvu-zaidimas-4-viename\\\/\"]}]},{\"@type\":\"ImageObject\",\"inLanguage\":\"lv-LV\",\"@id\":\"https:\\\/\\\/kidsplay.lt\\\/produktas\\\/woopie-eziuko-rusiavimo-montessori-igudziu-zaidimas-mokymosi-skaiciu-ir-spalvu-zaidimas-4-viename\\\/#primaryimage\",\"url\":\"https:\\\/\\\/kidsplay.lt\\\/wp-content\\\/uploads\\\/2026\\\/03\\\/WOOPIE-\u201eEziuko-rusiavimo-Montessori-igudziu-zaidimas-\u2013-mokymosi-skaiciu-ir-spalvu-zaidimas-4-viename.jpg\",\"contentUrl\":\"https:\\\/\\\/kidsplay.lt\\\/wp-content\\\/uploads\\\/2026\\\/03\\\/WOOPIE-\u201eEziuko-rusiavimo-Montessori-igudziu-zaidimas-\u2013-mokymosi-skaiciu-ir-spalvu-zaidimas-4-viename.jpg\",\"width\":1200,\"height\":1200,\"caption\":\"WOOPIE \u201eE\u017eiuko r\u016b\u0161iavimo\u201c Montessori \u012fg\u016bd\u017ei\u0173 \u017eaidimas \u2013 mokymosi skai\u010di\u0173 ir spalv\u0173 \u017eaidimas 4\u202fviename\"},{\"@type\":\"BreadcrumbList\",\"@id\":\"https:\\\/\\\/kidsplay.lt\\\/produktas\\\/woopie-eziuko-rusiavimo-montessori-igudziu-zaidimas-mokymosi-skaiciu-ir-spalvu-zaidimas-4-viename\\\/#breadcrumb\",\"itemListElement\":[{\"@type\":\"ListItem\",\"position\":1,\"name\":\"Pagrindinis\",\"item\":\"https:\\\/\\\/kidsplay.lt\\\/\"},{\"@type\":\"ListItem\",\"position\":2,\"name\":\"Parduotuv\u0117\",\"item\":\"https:\\\/\\\/kidsplay.lt\\\/parduotuve\\\/\"},{\"@type\":\"ListItem\",\"position\":3,\"name\":\"WOOPIE \u201eE\u017eiuko r\u016b\u0161iavimo\u201c Montessori \u012fg\u016bd\u017ei\u0173 \u017eaidimas \u2013 mokymosi skai\u010di\u0173 ir spalv\u0173 \u017eaidimas 4\u202fviename\"}]},{\"@type\":\"WebSite\",\"@id\":\"https:\\\/\\\/kidsplay.lt\\\/#website\",\"url\":\"https:\\\/\\\/kidsplay.lt\\\/\",\"name\":\"Kidsplay.lt\",\"description\":\"\u012evairios prek\u0117s vaikams\",\"publisher\":{\"@id\":\"https:\\\/\\\/kidsplay.lt\\\/#organization\"},\"alternateName\":\"Kidsplay\",\"potentialAction\":[{\"@type\":\"SearchAction\",\"target\":{\"@type\":\"EntryPoint\",\"urlTemplate\":\"https:\\\/\\\/kidsplay.lt\\\/?s={search_term_string}\"},\"query-input\":{\"@type\":\"PropertyValueSpecification\",\"valueRequired\":true,\"valueName\":\"search_term_string\"}}],\"inLanguage\":\"lv-LV\"},{\"@type\":\"Organization\",\"@id\":\"https:\\\/\\\/kidsplay.lt\\\/#organization\",\"name\":\"KidsPlay\",\"url\":\"https:\\\/\\\/kidsplay.lt\\\/\",\"logo\":{\"@type\":\"ImageObject\",\"inLanguage\":\"lv-LV\",\"@id\":\"https:\\\/\\\/kidsplay.lt\\\/#\\\/schema\\\/logo\\\/image\\\/\",\"url\":\"https:\\\/\\\/kidsplay.lt\\\/wp-content\\\/uploads\\\/2023\\\/07\\\/kidsplay-logo.png\",\"contentUrl\":\"https:\\\/\\\/kidsplay.lt\\\/wp-content\\\/uploads\\\/2023\\\/07\\\/kidsplay-logo.png\",\"width\":451,\"height\":98,\"caption\":\"KidsPlay\"},\"image\":{\"@id\":\"https:\\\/\\\/kidsplay.lt\\\/#\\\/schema\\\/logo\\\/image\\\/\"},\"sameAs\":[\"https:\\\/\\\/www.facebook.com\\\/www.kidsplay.lt\"]}]}<\/script>\n<!-- \/ Yoast SEO plugin. -->","yoast_head_json":{"title":"WOOPIE &quot;E\u017eu \u0161\u0137iro\u0161ana&quot; Montessori prasmju sp\u0113le - skait\u013cu un kr\u0101su apguves sp\u0113le 4 vien\u0101","description":"WOOPIE \u201eE\u017eiuko r\u016b\u0161iavimo\u201c Montessori \u012fg\u016bd\u017ei\u0173 \u017eaidimas \u2013 mokymosi skai\u010di\u0173 ir spalv\u0173 \u017eaidimas 4\u202fviename - KidsPlay. Did\u017eiausias vaik\u0173 \u017eaisl\u0173 pasirinkimas.","robots":{"index":"index","follow":"follow","max-snippet":"max-snippet:-1","max-image-preview":"max-image-preview:large","max-video-preview":"max-video-preview:-1"},"canonical":"https:\/\/kidsplay.lt\/lv\/products\/woopie-eziuko-rusiavimo-montessori-igudziu-zaidimas-mokymosi-skaiciu-ir-spalvu-zaidimas-4-viename\/","og_locale":"lv_LV","og_type":"article","og_title":"WOOPIE \u201eE\u017eiuko r\u016b\u0161iavimo\u201c Montessori \u012fg\u016bd\u017ei\u0173 \u017eaidimas \u2013 mokymosi skai\u010di\u0173 ir spalv\u0173 \u017eaidimas 4\u202fviename","og_description":"WOOPIE \u201eE\u017eiuko r\u016b\u0161iavimo\u201c Montessori \u012fg\u016bd\u017ei\u0173 \u017eaidimas \u2013 mokymosi skai\u010di\u0173 ir spalv\u0173 \u017eaidimas 4\u202fviename - KidsPlay. Did\u017eiausias vaik\u0173 \u017eaisl\u0173 pasirinkimas.","og_url":"https:\/\/kidsplay.lt\/lv\/products\/woopie-eziuko-rusiavimo-montessori-igudziu-zaidimas-mokymosi-skaiciu-ir-spalvu-zaidimas-4-viename\/","og_site_name":"KidsPlay","article_publisher":"https:\/\/www.facebook.com\/www.kidsplay.lt","article_modified_time":"2026-04-13T10:54:34+00:00","og_image":[{"width":1200,"height":1200,"url":"https:\/\/kidsplay.lt\/wp-content\/uploads\/2026\/03\/WOOPIE-\u201eEziuko-rusiavimo-Montessori-igudziu-zaidimas-\u2013-mokymosi-skaiciu-ir-spalvu-zaidimas-4-viename.jpg","type":"image\/jpeg"}],"twitter_card":"summary_large_image","schema":{"@context":"https:\/\/schema.org","@graph":[{"@type":"WebPage","@id":"https:\/\/kidsplay.lt\/produktas\/woopie-eziuko-rusiavimo-montessori-igudziu-zaidimas-mokymosi-skaiciu-ir-spalvu-zaidimas-4-viename\/","url":"https:\/\/kidsplay.lt\/produktas\/woopie-eziuko-rusiavimo-montessori-igudziu-zaidimas-mokymosi-skaiciu-ir-spalvu-zaidimas-4-viename\/","name":"WOOPIE &quot;E\u017eu \u0161\u0137iro\u0161ana&quot; Montessori prasmju sp\u0113le - skait\u013cu un kr\u0101su apguves sp\u0113le 4 vien\u0101","isPartOf":{"@id":"https:\/\/kidsplay.lt\/#website"},"primaryImageOfPage":{"@id":"https:\/\/kidsplay.lt\/produktas\/woopie-eziuko-rusiavimo-montessori-igudziu-zaidimas-mokymosi-skaiciu-ir-spalvu-zaidimas-4-viename\/#primaryimage"},"image":{"@id":"https:\/\/kidsplay.lt\/produktas\/woopie-eziuko-rusiavimo-montessori-igudziu-zaidimas-mokymosi-skaiciu-ir-spalvu-zaidimas-4-viename\/#primaryimage"},"thumbnailUrl":"https:\/\/kidsplay.lt\/wp-content\/uploads\/2026\/03\/WOOPIE-\u201eEziuko-rusiavimo-Montessori-igudziu-zaidimas-\u2013-mokymosi-skaiciu-ir-spalvu-zaidimas-4-viename.jpg","datePublished":"2026-03-20T15:30:15+00:00","dateModified":"2026-04-13T10:54:34+00:00","description":"WOOPIE \u201eE\u017eiuko r\u016b\u0161iavimo\u201c Montessori \u012fg\u016bd\u017ei\u0173 \u017eaidimas \u2013 mokymosi skai\u010di\u0173 ir spalv\u0173 \u017eaidimas 4\u202fviename - KidsPlay. Did\u017eiausias vaik\u0173 \u017eaisl\u0173 pasirinkimas.","breadcrumb":{"@id":"https:\/\/kidsplay.lt\/produktas\/woopie-eziuko-rusiavimo-montessori-igudziu-zaidimas-mokymosi-skaiciu-ir-spalvu-zaidimas-4-viename\/#breadcrumb"},"inLanguage":"lv-LV","potentialAction":[{"@type":"ReadAction","target":["https:\/\/kidsplay.lt\/produktas\/woopie-eziuko-rusiavimo-montessori-igudziu-zaidimas-mokymosi-skaiciu-ir-spalvu-zaidimas-4-viename\/"]}]},{"@type":"ImageObject","inLanguage":"lv-LV","@id":"https:\/\/kidsplay.lt\/produktas\/woopie-eziuko-rusiavimo-montessori-igudziu-zaidimas-mokymosi-skaiciu-ir-spalvu-zaidimas-4-viename\/#primaryimage","url":"https:\/\/kidsplay.lt\/wp-content\/uploads\/2026\/03\/WOOPIE-\u201eEziuko-rusiavimo-Montessori-igudziu-zaidimas-\u2013-mokymosi-skaiciu-ir-spalvu-zaidimas-4-viename.jpg","contentUrl":"https:\/\/kidsplay.lt\/wp-content\/uploads\/2026\/03\/WOOPIE-\u201eEziuko-rusiavimo-Montessori-igudziu-zaidimas-\u2013-mokymosi-skaiciu-ir-spalvu-zaidimas-4-viename.jpg","width":1200,"height":1200,"caption":"WOOPIE \u201eE\u017eiuko r\u016b\u0161iavimo\u201c Montessori \u012fg\u016bd\u017ei\u0173 \u017eaidimas \u2013 mokymosi skai\u010di\u0173 ir spalv\u0173 \u017eaidimas 4\u202fviename"},{"@type":"BreadcrumbList","@id":"https:\/\/kidsplay.lt\/produktas\/woopie-eziuko-rusiavimo-montessori-igudziu-zaidimas-mokymosi-skaiciu-ir-spalvu-zaidimas-4-viename\/#breadcrumb","itemListElement":[{"@type":"ListItem","position":1,"name":"Pagrindinis","item":"https:\/\/kidsplay.lt\/"},{"@type":"ListItem","position":2,"name":"Parduotuv\u0117","item":"https:\/\/kidsplay.lt\/parduotuve\/"},{"@type":"ListItem","position":3,"name":"WOOPIE \u201eE\u017eiuko r\u016b\u0161iavimo\u201c Montessori \u012fg\u016bd\u017ei\u0173 \u017eaidimas \u2013 mokymosi skai\u010di\u0173 ir spalv\u0173 \u017eaidimas 4\u202fviename"}]},{"@type":"WebSite","@id":"https:\/\/kidsplay.lt\/#website","url":"https:\/\/kidsplay.lt\/","name":"B\u0113rnu sp\u0113les.lv","description":"\u012evairios prek\u0117s vaikams","publisher":{"@id":"https:\/\/kidsplay.lt\/#organization"},"alternateName":"Kidsplay","potentialAction":[{"@type":"SearchAction","target":{"@type":"EntryPoint","urlTemplate":"https:\/\/kidsplay.lt\/?s={search_term_string}"},"query-input":{"@type":"PropertyValueSpecification","valueRequired":true,"valueName":"search_term_string"}}],"inLanguage":"lv-LV"},{"@type":"Organization","@id":"https:\/\/kidsplay.lt\/#organization","name":"B\u0113rnu sp\u0113le","url":"https:\/\/kidsplay.lt\/","logo":{"@type":"ImageObject","inLanguage":"lv-LV","@id":"https:\/\/kidsplay.lt\/#\/schema\/logo\/image\/","url":"https:\/\/kidsplay.lt\/wp-content\/uploads\/2023\/07\/kidsplay-logo.png","contentUrl":"https:\/\/kidsplay.lt\/wp-content\/uploads\/2023\/07\/kidsplay-logo.png","width":451,"height":98,"caption":"KidsPlay"},"image":{"@id":"https:\/\/kidsplay.lt\/#\/schema\/logo\/image\/"},"sameAs":["https:\/\/www.facebook.com\/www.kidsplay.lt"]}]}},"_links":{"self":[{"href":"https:\/\/kidsplay.lt\/lv\/wp-json\/wp\/v2\/product\/95912","targetHints":{"allow":["GET"]}}],"collection":[{"href":"https:\/\/kidsplay.lt\/lv\/wp-json\/wp\/v2\/product"}],"about":[{"href":"https:\/\/kidsplay.lt\/lv\/wp-json\/wp\/v2\/types\/product"}],"version-history":[{"count":1,"href":"https:\/\/kidsplay.lt\/lv\/wp-json\/wp\/v2\/product\/95912\/revisions"}],"predecessor-version":[{"id":95913,"href":"https:\/\/kidsplay.lt\/lv\/wp-json\/wp\/v2\/product\/95912\/revisions\/95913"}],"wp:featuredmedia":[{"embeddable":true,"href":"https:\/\/kidsplay.lt\/lv\/wp-json\/wp\/v2\/media\/95914"}],"wp:attachment":[{"href":"https:\/\/kidsplay.lt\/lv\/wp-json\/wp\/v2\/media?parent=95912"}],"wp:term":[{"taxonomy":"product_brand","embeddable":true,"href":"https:\/\/kidsplay.lt\/lv\/wp-json\/wp\/v2\/product_brand?post=95912"},{"taxonomy":"product_cat","embeddable":true,"href":"https:\/\/kidsplay.lt\/lv\/wp-json\/wp\/v2\/product_cat?post=95912"},{"taxonomy":"product_tag","embeddable":true,"href":"https:\/\/kidsplay.lt\/lv\/wp-json\/wp\/v2\/product_tag?post=95912"}],"curies":[{"name":"wp","href":"https:\/\/api.w.org\/{rel}","templated":true}]}}