{"id":95926,"date":"2026-03-20T17:30:53","date_gmt":"2026-03-20T15:30:53","guid":{"rendered":"https:\/\/kidsplay.lt\/produktas\/woopie-stalo-zaidimas-laiptai-ir-gyvates\/"},"modified":"2026-04-13T13:55:01","modified_gmt":"2026-04-13T10:55:01","slug":"woopie-stalo-zaidimas-laiptai-ir-gyvates","status":"publish","type":"product","link":"https:\/\/kidsplay.lt\/lv\/products\/woopie-stalo-zaidimas-laiptai-ir-gyvates\/","title":{"rendered":"WOOPIE galda sp\u0113le &quot;\u010c\u016bskas un k\u0101pnes&quot;\u201e"},"content":{"rendered":"<p>\u201eLaiptai ir gyvat\u0117s\u201c \u2013 populiarus ir nuostabus \u017eaidimas vaikams. Rinkinyje yra lenta, ant kurios juda special\u016bs kamuoliukai. Kiekvienas \u017eaid\u0117jas turi kamuoliuk\u0105 skirtingos spalvos. Metus kauliuk\u0105, \u017eaid\u0117jas juda tiek laukeli\u0173, kiek i\u0161krito skai\u010dius. Kai kamuoliukas sustoja ant specialaus laukelio, jis gali pajud\u0117ti pirmyn naudodamas kop\u0117\u010dias arba nusileisti \u017eemyn, jei pataiko ant gyvat\u0117s. Lenta yra 3D, tod\u0117l sustojus ant specialaus laukelio, kamuoliukas juda aplink lent\u0105. \u017daidimas puikiai tinka \u0161eimos vakarams ir lavina vaiko prot\u0105, rank\u0173 ir aki\u0173 koordinacij\u0105 bei login\u012f m\u0105stym\u0105.<br \/>\nRaksturojums:<\/p>\n<p>\u017eaislas vaikams nuo 5 met\u0173,<\/p>\n<p>paprastos \u017eaidimo taisykl\u0117s,<\/p>\n<p>\u017eaid\u0117jas, pirmas pasiek\u0119s fini\u0161\u0105, laimi \u017eaidim\u0105,<\/p>\n<p>puikus \u017eaidimas ma\u017eiesiems,<\/p>\n<p>\u017eaidimas suteikia daug emocij\u0173,<\/p>\n<p>lavina prot\u0105, rank\u0173 ir aki\u0173 koordinacij\u0105 bei login\u012f m\u0105stym\u0105.<\/p>","protected":false},"excerpt":{"rendered":"<p>\u201eLaiptai ir gyvat\u0117s\u201c \u2013 populiarus ir nuostabus \u017eaidimas vaikams. Rinkinyje yra lenta, ant kurios juda special\u016bs kamuoliukai. Kiekvienas \u017eaid\u0117jas turi<\/p>","protected":false},"featured_media":95928,"template":"","meta":{"_acf_changed":false,"_glsr_average":0,"_glsr_ranking":0,"_glsr_reviews":0},"product_brand":[],"product_cat":[445,229],"product_tag":[],"class_list":{"0":"post-95926","1":"product","2":"type-product","3":"status-publish","4":"has-post-thumbnail","6":"product_cat-stalo-zaidimai","7":"product_cat-zaislai-vaikams","8":"\"style=\"background-color: #2ecc711c;\"","10":"first","11":"instock","12":"purchasable","13":"product-type-simple"},"acf":[],"yoast_head":"<!-- This site is optimized with the Yoast SEO plugin v27.4 - https:\/\/yoast.com\/product\/yoast-seo-wordpress\/ -->\n<title>WOOPIE stalo \u017eaidimas \u201eLaiptai ir gyvat\u0117s\u201c<\/title>\n<meta name=\"description\" content=\"WOOPIE stalo \u017eaidimas \u201eLaiptai ir gyvat\u0117s\u201c - KidsPlay. Did\u017eiausias vaik\u0173 \u017eaisl\u0173 pasirinkimas.\" \/>\n<meta name=\"robots\" content=\"index, follow, max-snippet:-1, max-image-preview:large, max-video-preview:-1\" \/>\n<link rel=\"canonical\" href=\"https:\/\/kidsplay.lt\/lv\/products\/woopie-stalo-zaidimas-laiptai-ir-gyvates\/\" \/>\n<meta property=\"og:locale\" content=\"lv_LV\" \/>\n<meta property=\"og:type\" content=\"article\" \/>\n<meta property=\"og:title\" content=\"WOOPIE stalo \u017eaidimas \u201eLaiptai ir gyvat\u0117s\u201c\" \/>\n<meta property=\"og:description\" content=\"WOOPIE stalo \u017eaidimas \u201eLaiptai ir gyvat\u0117s\u201c - KidsPlay. Did\u017eiausias vaik\u0173 \u017eaisl\u0173 pasirinkimas.\" \/>\n<meta property=\"og:url\" content=\"https:\/\/kidsplay.lt\/lv\/products\/woopie-stalo-zaidimas-laiptai-ir-gyvates\/\" \/>\n<meta property=\"og:site_name\" content=\"KidsPlay\" \/>\n<meta property=\"article:publisher\" content=\"https:\/\/www.facebook.com\/www.kidsplay.lt\" \/>\n<meta property=\"article:modified_time\" content=\"2026-04-13T10:55:01+00:00\" \/>\n<meta property=\"og:image\" content=\"https:\/\/kidsplay.lt\/wp-content\/uploads\/2026\/03\/WOOPIE-stalo-zaidimas-\u201eLaiptai-ir-gyvates.jpg\" \/>\n\t<meta property=\"og:image:width\" content=\"2560\" \/>\n\t<meta property=\"og:image:height\" content=\"2560\" \/>\n\t<meta property=\"og:image:type\" content=\"image\/jpeg\" \/>\n<meta name=\"twitter:card\" content=\"summary_large_image\" \/>\n<meta name=\"twitter:label1\" content=\"Est. reading time\" \/>\n\t<meta name=\"twitter:data1\" content=\"1 min\u016bte\" \/>\n<script type=\"application\/ld+json\" class=\"yoast-schema-graph\">{\"@context\":\"https:\\\/\\\/schema.org\",\"@graph\":[{\"@type\":\"WebPage\",\"@id\":\"https:\\\/\\\/kidsplay.lt\\\/produktas\\\/woopie-stalo-zaidimas-laiptai-ir-gyvates\\\/\",\"url\":\"https:\\\/\\\/kidsplay.lt\\\/produktas\\\/woopie-stalo-zaidimas-laiptai-ir-gyvates\\\/\",\"name\":\"WOOPIE stalo \u017eaidimas \u201eLaiptai ir gyvat\u0117s\u201c\",\"isPartOf\":{\"@id\":\"https:\\\/\\\/kidsplay.lt\\\/#website\"},\"primaryImageOfPage\":{\"@id\":\"https:\\\/\\\/kidsplay.lt\\\/produktas\\\/woopie-stalo-zaidimas-laiptai-ir-gyvates\\\/#primaryimage\"},\"image\":{\"@id\":\"https:\\\/\\\/kidsplay.lt\\\/produktas\\\/woopie-stalo-zaidimas-laiptai-ir-gyvates\\\/#primaryimage\"},\"thumbnailUrl\":\"https:\\\/\\\/kidsplay.lt\\\/wp-content\\\/uploads\\\/2026\\\/03\\\/WOOPIE-stalo-zaidimas-\u201eLaiptai-ir-gyvates.jpg\",\"datePublished\":\"2026-03-20T15:30:53+00:00\",\"dateModified\":\"2026-04-13T10:55:01+00:00\",\"description\":\"WOOPIE stalo \u017eaidimas \u201eLaiptai ir gyvat\u0117s\u201c - KidsPlay. Did\u017eiausias vaik\u0173 \u017eaisl\u0173 pasirinkimas.\",\"breadcrumb\":{\"@id\":\"https:\\\/\\\/kidsplay.lt\\\/produktas\\\/woopie-stalo-zaidimas-laiptai-ir-gyvates\\\/#breadcrumb\"},\"inLanguage\":\"lv-LV\",\"potentialAction\":[{\"@type\":\"ReadAction\",\"target\":[\"https:\\\/\\\/kidsplay.lt\\\/produktas\\\/woopie-stalo-zaidimas-laiptai-ir-gyvates\\\/\"]}]},{\"@type\":\"ImageObject\",\"inLanguage\":\"lv-LV\",\"@id\":\"https:\\\/\\\/kidsplay.lt\\\/produktas\\\/woopie-stalo-zaidimas-laiptai-ir-gyvates\\\/#primaryimage\",\"url\":\"https:\\\/\\\/kidsplay.lt\\\/wp-content\\\/uploads\\\/2026\\\/03\\\/WOOPIE-stalo-zaidimas-\u201eLaiptai-ir-gyvates.jpg\",\"contentUrl\":\"https:\\\/\\\/kidsplay.lt\\\/wp-content\\\/uploads\\\/2026\\\/03\\\/WOOPIE-stalo-zaidimas-\u201eLaiptai-ir-gyvates.jpg\",\"width\":2560,\"height\":2560,\"caption\":\"WOOPIE stalo \u017eaidimas \u201eLaiptai ir gyvat\u0117s\u201c\"},{\"@type\":\"BreadcrumbList\",\"@id\":\"https:\\\/\\\/kidsplay.lt\\\/produktas\\\/woopie-stalo-zaidimas-laiptai-ir-gyvates\\\/#breadcrumb\",\"itemListElement\":[{\"@type\":\"ListItem\",\"position\":1,\"name\":\"Pagrindinis\",\"item\":\"https:\\\/\\\/kidsplay.lt\\\/\"},{\"@type\":\"ListItem\",\"position\":2,\"name\":\"Parduotuv\u0117\",\"item\":\"https:\\\/\\\/kidsplay.lt\\\/parduotuve\\\/\"},{\"@type\":\"ListItem\",\"position\":3,\"name\":\"WOOPIE stalo \u017eaidimas \u201eLaiptai ir gyvat\u0117s\u201c\"}]},{\"@type\":\"WebSite\",\"@id\":\"https:\\\/\\\/kidsplay.lt\\\/#website\",\"url\":\"https:\\\/\\\/kidsplay.lt\\\/\",\"name\":\"Kidsplay.lt\",\"description\":\"\u012evairios prek\u0117s vaikams\",\"publisher\":{\"@id\":\"https:\\\/\\\/kidsplay.lt\\\/#organization\"},\"alternateName\":\"Kidsplay\",\"potentialAction\":[{\"@type\":\"SearchAction\",\"target\":{\"@type\":\"EntryPoint\",\"urlTemplate\":\"https:\\\/\\\/kidsplay.lt\\\/?s={search_term_string}\"},\"query-input\":{\"@type\":\"PropertyValueSpecification\",\"valueRequired\":true,\"valueName\":\"search_term_string\"}}],\"inLanguage\":\"lv-LV\"},{\"@type\":\"Organization\",\"@id\":\"https:\\\/\\\/kidsplay.lt\\\/#organization\",\"name\":\"KidsPlay\",\"url\":\"https:\\\/\\\/kidsplay.lt\\\/\",\"logo\":{\"@type\":\"ImageObject\",\"inLanguage\":\"lv-LV\",\"@id\":\"https:\\\/\\\/kidsplay.lt\\\/#\\\/schema\\\/logo\\\/image\\\/\",\"url\":\"https:\\\/\\\/kidsplay.lt\\\/wp-content\\\/uploads\\\/2023\\\/07\\\/kidsplay-logo.png\",\"contentUrl\":\"https:\\\/\\\/kidsplay.lt\\\/wp-content\\\/uploads\\\/2023\\\/07\\\/kidsplay-logo.png\",\"width\":451,\"height\":98,\"caption\":\"KidsPlay\"},\"image\":{\"@id\":\"https:\\\/\\\/kidsplay.lt\\\/#\\\/schema\\\/logo\\\/image\\\/\"},\"sameAs\":[\"https:\\\/\\\/www.facebook.com\\\/www.kidsplay.lt\"]}]}<\/script>\n<!-- \/ Yoast SEO plugin. -->","yoast_head_json":{"title":"WOOPIE galda sp\u0113le &quot;\u010c\u016bskas un k\u0101pnes&quot;\u201e","description":"WOOPIE stalo \u017eaidimas \u201eLaiptai ir gyvat\u0117s\u201c - KidsPlay. Did\u017eiausias vaik\u0173 \u017eaisl\u0173 pasirinkimas.","robots":{"index":"index","follow":"follow","max-snippet":"max-snippet:-1","max-image-preview":"max-image-preview:large","max-video-preview":"max-video-preview:-1"},"canonical":"https:\/\/kidsplay.lt\/lv\/products\/woopie-stalo-zaidimas-laiptai-ir-gyvates\/","og_locale":"lv_LV","og_type":"article","og_title":"WOOPIE stalo \u017eaidimas \u201eLaiptai ir gyvat\u0117s\u201c","og_description":"WOOPIE stalo \u017eaidimas \u201eLaiptai ir gyvat\u0117s\u201c - KidsPlay. Did\u017eiausias vaik\u0173 \u017eaisl\u0173 pasirinkimas.","og_url":"https:\/\/kidsplay.lt\/lv\/products\/woopie-stalo-zaidimas-laiptai-ir-gyvates\/","og_site_name":"KidsPlay","article_publisher":"https:\/\/www.facebook.com\/www.kidsplay.lt","article_modified_time":"2026-04-13T10:55:01+00:00","og_image":[{"width":2560,"height":2560,"url":"https:\/\/kidsplay.lt\/wp-content\/uploads\/2026\/03\/WOOPIE-stalo-zaidimas-\u201eLaiptai-ir-gyvates.jpg","type":"image\/jpeg"}],"twitter_card":"summary_large_image","twitter_misc":{"Est. reading time":"1 min\u016bte"},"schema":{"@context":"https:\/\/schema.org","@graph":[{"@type":"WebPage","@id":"https:\/\/kidsplay.lt\/produktas\/woopie-stalo-zaidimas-laiptai-ir-gyvates\/","url":"https:\/\/kidsplay.lt\/produktas\/woopie-stalo-zaidimas-laiptai-ir-gyvates\/","name":"WOOPIE galda sp\u0113le &quot;\u010c\u016bskas un k\u0101pnes&quot;\u201e","isPartOf":{"@id":"https:\/\/kidsplay.lt\/#website"},"primaryImageOfPage":{"@id":"https:\/\/kidsplay.lt\/produktas\/woopie-stalo-zaidimas-laiptai-ir-gyvates\/#primaryimage"},"image":{"@id":"https:\/\/kidsplay.lt\/produktas\/woopie-stalo-zaidimas-laiptai-ir-gyvates\/#primaryimage"},"thumbnailUrl":"https:\/\/kidsplay.lt\/wp-content\/uploads\/2026\/03\/WOOPIE-stalo-zaidimas-\u201eLaiptai-ir-gyvates.jpg","datePublished":"2026-03-20T15:30:53+00:00","dateModified":"2026-04-13T10:55:01+00:00","description":"WOOPIE stalo \u017eaidimas \u201eLaiptai ir gyvat\u0117s\u201c - KidsPlay. Did\u017eiausias vaik\u0173 \u017eaisl\u0173 pasirinkimas.","breadcrumb":{"@id":"https:\/\/kidsplay.lt\/produktas\/woopie-stalo-zaidimas-laiptai-ir-gyvates\/#breadcrumb"},"inLanguage":"lv-LV","potentialAction":[{"@type":"ReadAction","target":["https:\/\/kidsplay.lt\/produktas\/woopie-stalo-zaidimas-laiptai-ir-gyvates\/"]}]},{"@type":"ImageObject","inLanguage":"lv-LV","@id":"https:\/\/kidsplay.lt\/produktas\/woopie-stalo-zaidimas-laiptai-ir-gyvates\/#primaryimage","url":"https:\/\/kidsplay.lt\/wp-content\/uploads\/2026\/03\/WOOPIE-stalo-zaidimas-\u201eLaiptai-ir-gyvates.jpg","contentUrl":"https:\/\/kidsplay.lt\/wp-content\/uploads\/2026\/03\/WOOPIE-stalo-zaidimas-\u201eLaiptai-ir-gyvates.jpg","width":2560,"height":2560,"caption":"WOOPIE stalo \u017eaidimas \u201eLaiptai ir gyvat\u0117s\u201c"},{"@type":"BreadcrumbList","@id":"https:\/\/kidsplay.lt\/produktas\/woopie-stalo-zaidimas-laiptai-ir-gyvates\/#breadcrumb","itemListElement":[{"@type":"ListItem","position":1,"name":"Pagrindinis","item":"https:\/\/kidsplay.lt\/"},{"@type":"ListItem","position":2,"name":"Parduotuv\u0117","item":"https:\/\/kidsplay.lt\/parduotuve\/"},{"@type":"ListItem","position":3,"name":"WOOPIE stalo \u017eaidimas \u201eLaiptai ir gyvat\u0117s\u201c"}]},{"@type":"WebSite","@id":"https:\/\/kidsplay.lt\/#website","url":"https:\/\/kidsplay.lt\/","name":"B\u0113rnu sp\u0113les.lv","description":"\u012evairios prek\u0117s vaikams","publisher":{"@id":"https:\/\/kidsplay.lt\/#organization"},"alternateName":"Kidsplay","potentialAction":[{"@type":"SearchAction","target":{"@type":"EntryPoint","urlTemplate":"https:\/\/kidsplay.lt\/?s={search_term_string}"},"query-input":{"@type":"PropertyValueSpecification","valueRequired":true,"valueName":"search_term_string"}}],"inLanguage":"lv-LV"},{"@type":"Organization","@id":"https:\/\/kidsplay.lt\/#organization","name":"B\u0113rnu sp\u0113le","url":"https:\/\/kidsplay.lt\/","logo":{"@type":"ImageObject","inLanguage":"lv-LV","@id":"https:\/\/kidsplay.lt\/#\/schema\/logo\/image\/","url":"https:\/\/kidsplay.lt\/wp-content\/uploads\/2023\/07\/kidsplay-logo.png","contentUrl":"https:\/\/kidsplay.lt\/wp-content\/uploads\/2023\/07\/kidsplay-logo.png","width":451,"height":98,"caption":"KidsPlay"},"image":{"@id":"https:\/\/kidsplay.lt\/#\/schema\/logo\/image\/"},"sameAs":["https:\/\/www.facebook.com\/www.kidsplay.lt"]}]}},"_links":{"self":[{"href":"https:\/\/kidsplay.lt\/lv\/wp-json\/wp\/v2\/product\/95926","targetHints":{"allow":["GET"]}}],"collection":[{"href":"https:\/\/kidsplay.lt\/lv\/wp-json\/wp\/v2\/product"}],"about":[{"href":"https:\/\/kidsplay.lt\/lv\/wp-json\/wp\/v2\/types\/product"}],"version-history":[{"count":1,"href":"https:\/\/kidsplay.lt\/lv\/wp-json\/wp\/v2\/product\/95926\/revisions"}],"predecessor-version":[{"id":95927,"href":"https:\/\/kidsplay.lt\/lv\/wp-json\/wp\/v2\/product\/95926\/revisions\/95927"}],"wp:featuredmedia":[{"embeddable":true,"href":"https:\/\/kidsplay.lt\/lv\/wp-json\/wp\/v2\/media\/95928"}],"wp:attachment":[{"href":"https:\/\/kidsplay.lt\/lv\/wp-json\/wp\/v2\/media?parent=95926"}],"wp:term":[{"taxonomy":"product_brand","embeddable":true,"href":"https:\/\/kidsplay.lt\/lv\/wp-json\/wp\/v2\/product_brand?post=95926"},{"taxonomy":"product_cat","embeddable":true,"href":"https:\/\/kidsplay.lt\/lv\/wp-json\/wp\/v2\/product_cat?post=95926"},{"taxonomy":"product_tag","embeddable":true,"href":"https:\/\/kidsplay.lt\/lv\/wp-json\/wp\/v2\/product_tag?post=95926"}],"curies":[{"name":"wp","href":"https:\/\/api.w.org\/{rel}","templated":true}]}}