{"id":95941,"date":"2026-03-21T17:29:57","date_gmt":"2026-03-21T15:29:57","guid":{"rendered":"https:\/\/kidsplay.lt\/produktas\/woopie-skaitmeninis-led-mikroskopas-xxl-rinkinys-su-1200x-didinimu-ir-ismaniojo-telefono-adapteriu\/"},"modified":"2026-04-13T13:55:05","modified_gmt":"2026-04-13T10:55:05","slug":"woopie-skaitmeninis-led-mikroskopas-xxl-rinkinys-su-1200x-didinimu-ir-ismaniojo-telefono-adapteriu","status":"publish","type":"product","link":"https:\/\/kidsplay.lt\/lv\/products\/woopie-skaitmeninis-led-mikroskopas-xxl-rinkinys-su-1200x-didinimu-ir-ismaniojo-telefono-adapteriu\/","title":{"rendered":"WOOPIE digit\u0101lais LED mikroskops \u2013 XXL komplekts ar 1200x palielin\u0101jumu un viedt\u0101lru\u0146a adapteri"},"content":{"rendered":"<p>Atverkite savo vaikui nematomo pasaulio duris su i\u0161samiu Woopie mikroskopo rinkiniu! Tai pilnas laboratorijos komplektas, sukurtas ma\u017eiesiems tyrin\u0117tojams nuo 6 met\u0173. Mikroskopas su \u012fsp\u016bdingu 1200x didinimu, kartu su gausiu profesionali\u0173 pried\u0173 rinkiniu ir i\u0161maniojo telefono adapteriu, garantuoja daugyb\u0119 valand\u0173 edukacinio smagumo. Leiskite vaikui ugdyti smalsum\u0105, tikslum\u0105 ir aistr\u0105 mokslui, atrandant pasaulio detales \u2013 nuo augal\u0173 l\u0105steli\u0173 iki pluo\u0161to strukt\u016br\u0173. \u0160is rinkinys yra tobula dovana, skatinanti m\u0105styti, tyrin\u0117ti ir dalintis nepaprastais atradimais!<br \/>\nRaksturojums:<\/p>\n<p>skirtas vaikams nuo 6 met\u0173,<\/p>\n<p>trys didinimo lygiai: 200x, 600x, 1200x,<\/p>\n<p>\u012fmontuotas 4 spalv\u0173 filtras,<\/p>\n<p>i\u0161maniojo telefono laikiklis,<\/p>\n<p>auk\u0161tos kokyb\u0117s HD optiniai l\u0119\u0161iai,<\/p>\n<p>stabili ir patvari plastikin\u0117 konstrukcija,<\/p>\n<p>intuityvus ir lengvai naudojamas.<\/p>\n<p>Komplekt\u0101 ietilpst:<\/p>\n<p>mikroskopas su reguliuojamu didinimu (200x, 600x, 1200x + auk\u0161\u010dio reguliavimas) ir sukamu spalv\u0173 filtru,<\/p>\n<p>i\u0161maniojo telefono laikiklis steb\u0117jim\u0173 dokumentavimui,<\/p>\n<p>12 mikroskopini\u0173 l\u0105steli\u0173 (\u012fskaitant 2 su paruo\u0161tais m\u0117giniais),<\/p>\n<p>8 papildomi ma\u017eieji stikliukai,<\/p>\n<p>d\u0117\u017eut\u0117 l\u0105stel\u0117ms laikyti,<\/p>\n<p>disekcijos \u012frankiai: pincetas, adat\u0117l\u0117, 2 mentel\u0117s, pipet\u0117,<\/p>\n<p>3 m\u0117gini\u0173 buteliukai,<\/p>\n<p>4 dangteliai,<\/p>\n<p>didinamasis stiklas preliminariam steb\u0117jimui,<\/p>\n<p>optikos valymo \u0161luost\u0117,<\/p>\n<p>2 papildomi indeliai su dangteliais,<\/p>\n<p>l\u0105steli\u0173 laikiklis\/tray.<\/p>","protected":false},"excerpt":{"rendered":"<p>Atverkite savo vaikui nematomo pasaulio duris su i\u0161samiu Woopie mikroskopo rinkiniu! Tai pilnas laboratorijos komplektas, sukurtas ma\u017eiesiems tyrin\u0117tojams nuo 6<\/p>","protected":false},"featured_media":95943,"template":"","meta":{"_acf_changed":false,"_glsr_average":0,"_glsr_ranking":0,"_glsr_reviews":0},"product_brand":[],"product_cat":[388],"product_tag":[],"class_list":{"0":"post-95941","1":"product","2":"type-product","3":"status-publish","4":"has-post-thumbnail","6":"product_cat-edukaciniai-lavinamieji-zaislai","7":"\"style=\"background-color: #2ecc711c;\"","9":"first","10":"instock","11":"purchasable","12":"product-type-simple"},"acf":[],"yoast_head":"<!-- This site is optimized with the Yoast SEO plugin v27.4 - https:\/\/yoast.com\/product\/yoast-seo-wordpress\/ -->\n<title>WOOPIE skaitmeninis LED mikroskopas \u2013 XXL rinkinys su 1200x didinimu ir i\u0161maniojo telefono adapteriu<\/title>\n<meta name=\"description\" content=\"WOOPIE skaitmeninis LED mikroskopas \u2013 XXL rinkinys su 1200x didinimu ir i\u0161maniojo telefono adapteriu - KidsPlay. Did\u017eiausias vaik\u0173 \u017eaisl\u0173 pasirinkimas.\" \/>\n<meta name=\"robots\" content=\"index, follow, max-snippet:-1, max-image-preview:large, max-video-preview:-1\" \/>\n<link rel=\"canonical\" href=\"https:\/\/kidsplay.lt\/lv\/products\/woopie-skaitmeninis-led-mikroskopas-xxl-rinkinys-su-1200x-didinimu-ir-ismaniojo-telefono-adapteriu\/\" \/>\n<meta property=\"og:locale\" content=\"lv_LV\" \/>\n<meta property=\"og:type\" content=\"article\" \/>\n<meta property=\"og:title\" content=\"WOOPIE skaitmeninis LED mikroskopas \u2013 XXL rinkinys su 1200x didinimu ir i\u0161maniojo telefono adapteriu\" \/>\n<meta property=\"og:description\" content=\"WOOPIE skaitmeninis LED mikroskopas \u2013 XXL rinkinys su 1200x didinimu ir i\u0161maniojo telefono adapteriu - KidsPlay. Did\u017eiausias vaik\u0173 \u017eaisl\u0173 pasirinkimas.\" \/>\n<meta property=\"og:url\" content=\"https:\/\/kidsplay.lt\/lv\/products\/woopie-skaitmeninis-led-mikroskopas-xxl-rinkinys-su-1200x-didinimu-ir-ismaniojo-telefono-adapteriu\/\" \/>\n<meta property=\"og:site_name\" content=\"KidsPlay\" \/>\n<meta property=\"article:publisher\" content=\"https:\/\/www.facebook.com\/www.kidsplay.lt\" \/>\n<meta property=\"article:modified_time\" content=\"2026-04-13T10:55:05+00:00\" \/>\n<meta property=\"og:image\" content=\"https:\/\/kidsplay.lt\/wp-content\/uploads\/2026\/03\/WOOPIE-skaitmeninis-LED-mikroskopas-\u2013-XXL-rinkinys-su-1200x-didinimu-ir-ismaniojo-telefono-adapteriu.jpg\" \/>\n\t<meta property=\"og:image:width\" content=\"1000\" \/>\n\t<meta property=\"og:image:height\" content=\"1000\" \/>\n\t<meta property=\"og:image:type\" content=\"image\/jpeg\" \/>\n<meta name=\"twitter:card\" content=\"summary_large_image\" \/>\n<meta name=\"twitter:label1\" content=\"Est. reading time\" \/>\n\t<meta name=\"twitter:data1\" content=\"1 min\u016bte\" \/>\n<script type=\"application\/ld+json\" class=\"yoast-schema-graph\">{\"@context\":\"https:\\\/\\\/schema.org\",\"@graph\":[{\"@type\":\"WebPage\",\"@id\":\"https:\\\/\\\/kidsplay.lt\\\/produktas\\\/woopie-skaitmeninis-led-mikroskopas-xxl-rinkinys-su-1200x-didinimu-ir-ismaniojo-telefono-adapteriu\\\/\",\"url\":\"https:\\\/\\\/kidsplay.lt\\\/produktas\\\/woopie-skaitmeninis-led-mikroskopas-xxl-rinkinys-su-1200x-didinimu-ir-ismaniojo-telefono-adapteriu\\\/\",\"name\":\"WOOPIE skaitmeninis LED mikroskopas \u2013 XXL rinkinys su 1200x didinimu ir i\u0161maniojo telefono adapteriu\",\"isPartOf\":{\"@id\":\"https:\\\/\\\/kidsplay.lt\\\/#website\"},\"primaryImageOfPage\":{\"@id\":\"https:\\\/\\\/kidsplay.lt\\\/produktas\\\/woopie-skaitmeninis-led-mikroskopas-xxl-rinkinys-su-1200x-didinimu-ir-ismaniojo-telefono-adapteriu\\\/#primaryimage\"},\"image\":{\"@id\":\"https:\\\/\\\/kidsplay.lt\\\/produktas\\\/woopie-skaitmeninis-led-mikroskopas-xxl-rinkinys-su-1200x-didinimu-ir-ismaniojo-telefono-adapteriu\\\/#primaryimage\"},\"thumbnailUrl\":\"https:\\\/\\\/kidsplay.lt\\\/wp-content\\\/uploads\\\/2026\\\/03\\\/WOOPIE-skaitmeninis-LED-mikroskopas-\u2013-XXL-rinkinys-su-1200x-didinimu-ir-ismaniojo-telefono-adapteriu.jpg\",\"datePublished\":\"2026-03-21T15:29:57+00:00\",\"dateModified\":\"2026-04-13T10:55:05+00:00\",\"description\":\"WOOPIE skaitmeninis LED mikroskopas \u2013 XXL rinkinys su 1200x didinimu ir i\u0161maniojo telefono adapteriu - KidsPlay. Did\u017eiausias vaik\u0173 \u017eaisl\u0173 pasirinkimas.\",\"breadcrumb\":{\"@id\":\"https:\\\/\\\/kidsplay.lt\\\/produktas\\\/woopie-skaitmeninis-led-mikroskopas-xxl-rinkinys-su-1200x-didinimu-ir-ismaniojo-telefono-adapteriu\\\/#breadcrumb\"},\"inLanguage\":\"lv-LV\",\"potentialAction\":[{\"@type\":\"ReadAction\",\"target\":[\"https:\\\/\\\/kidsplay.lt\\\/produktas\\\/woopie-skaitmeninis-led-mikroskopas-xxl-rinkinys-su-1200x-didinimu-ir-ismaniojo-telefono-adapteriu\\\/\"]}]},{\"@type\":\"ImageObject\",\"inLanguage\":\"lv-LV\",\"@id\":\"https:\\\/\\\/kidsplay.lt\\\/produktas\\\/woopie-skaitmeninis-led-mikroskopas-xxl-rinkinys-su-1200x-didinimu-ir-ismaniojo-telefono-adapteriu\\\/#primaryimage\",\"url\":\"https:\\\/\\\/kidsplay.lt\\\/wp-content\\\/uploads\\\/2026\\\/03\\\/WOOPIE-skaitmeninis-LED-mikroskopas-\u2013-XXL-rinkinys-su-1200x-didinimu-ir-ismaniojo-telefono-adapteriu.jpg\",\"contentUrl\":\"https:\\\/\\\/kidsplay.lt\\\/wp-content\\\/uploads\\\/2026\\\/03\\\/WOOPIE-skaitmeninis-LED-mikroskopas-\u2013-XXL-rinkinys-su-1200x-didinimu-ir-ismaniojo-telefono-adapteriu.jpg\",\"width\":1000,\"height\":1000,\"caption\":\"WOOPIE skaitmeninis LED mikroskopas \u2013 XXL rinkinys su 1200x didinimu ir i\u0161maniojo telefono adapteriu\"},{\"@type\":\"BreadcrumbList\",\"@id\":\"https:\\\/\\\/kidsplay.lt\\\/produktas\\\/woopie-skaitmeninis-led-mikroskopas-xxl-rinkinys-su-1200x-didinimu-ir-ismaniojo-telefono-adapteriu\\\/#breadcrumb\",\"itemListElement\":[{\"@type\":\"ListItem\",\"position\":1,\"name\":\"Pagrindinis\",\"item\":\"https:\\\/\\\/kidsplay.lt\\\/\"},{\"@type\":\"ListItem\",\"position\":2,\"name\":\"Parduotuv\u0117\",\"item\":\"https:\\\/\\\/kidsplay.lt\\\/parduotuve\\\/\"},{\"@type\":\"ListItem\",\"position\":3,\"name\":\"WOOPIE skaitmeninis LED mikroskopas \u2013 XXL rinkinys su 1200x didinimu ir i\u0161maniojo telefono adapteriu\"}]},{\"@type\":\"WebSite\",\"@id\":\"https:\\\/\\\/kidsplay.lt\\\/#website\",\"url\":\"https:\\\/\\\/kidsplay.lt\\\/\",\"name\":\"Kidsplay.lt\",\"description\":\"\u012evairios prek\u0117s vaikams\",\"publisher\":{\"@id\":\"https:\\\/\\\/kidsplay.lt\\\/#organization\"},\"alternateName\":\"Kidsplay\",\"potentialAction\":[{\"@type\":\"SearchAction\",\"target\":{\"@type\":\"EntryPoint\",\"urlTemplate\":\"https:\\\/\\\/kidsplay.lt\\\/?s={search_term_string}\"},\"query-input\":{\"@type\":\"PropertyValueSpecification\",\"valueRequired\":true,\"valueName\":\"search_term_string\"}}],\"inLanguage\":\"lv-LV\"},{\"@type\":\"Organization\",\"@id\":\"https:\\\/\\\/kidsplay.lt\\\/#organization\",\"name\":\"KidsPlay\",\"url\":\"https:\\\/\\\/kidsplay.lt\\\/\",\"logo\":{\"@type\":\"ImageObject\",\"inLanguage\":\"lv-LV\",\"@id\":\"https:\\\/\\\/kidsplay.lt\\\/#\\\/schema\\\/logo\\\/image\\\/\",\"url\":\"https:\\\/\\\/kidsplay.lt\\\/wp-content\\\/uploads\\\/2023\\\/07\\\/kidsplay-logo.png\",\"contentUrl\":\"https:\\\/\\\/kidsplay.lt\\\/wp-content\\\/uploads\\\/2023\\\/07\\\/kidsplay-logo.png\",\"width\":451,\"height\":98,\"caption\":\"KidsPlay\"},\"image\":{\"@id\":\"https:\\\/\\\/kidsplay.lt\\\/#\\\/schema\\\/logo\\\/image\\\/\"},\"sameAs\":[\"https:\\\/\\\/www.facebook.com\\\/www.kidsplay.lt\"]}]}<\/script>\n<!-- \/ Yoast SEO plugin. -->","yoast_head_json":{"title":"WOOPIE digit\u0101lais LED mikroskops \u2013 XXL komplekts ar 1200x palielin\u0101jumu un viedt\u0101lru\u0146a adapteri","description":"WOOPIE skaitmeninis LED mikroskopas \u2013 XXL rinkinys su 1200x didinimu ir i\u0161maniojo telefono adapteriu - KidsPlay. Did\u017eiausias vaik\u0173 \u017eaisl\u0173 pasirinkimas.","robots":{"index":"index","follow":"follow","max-snippet":"max-snippet:-1","max-image-preview":"max-image-preview:large","max-video-preview":"max-video-preview:-1"},"canonical":"https:\/\/kidsplay.lt\/lv\/products\/woopie-skaitmeninis-led-mikroskopas-xxl-rinkinys-su-1200x-didinimu-ir-ismaniojo-telefono-adapteriu\/","og_locale":"lv_LV","og_type":"article","og_title":"WOOPIE skaitmeninis LED mikroskopas \u2013 XXL rinkinys su 1200x didinimu ir i\u0161maniojo telefono adapteriu","og_description":"WOOPIE skaitmeninis LED mikroskopas \u2013 XXL rinkinys su 1200x didinimu ir i\u0161maniojo telefono adapteriu - KidsPlay. Did\u017eiausias vaik\u0173 \u017eaisl\u0173 pasirinkimas.","og_url":"https:\/\/kidsplay.lt\/lv\/products\/woopie-skaitmeninis-led-mikroskopas-xxl-rinkinys-su-1200x-didinimu-ir-ismaniojo-telefono-adapteriu\/","og_site_name":"KidsPlay","article_publisher":"https:\/\/www.facebook.com\/www.kidsplay.lt","article_modified_time":"2026-04-13T10:55:05+00:00","og_image":[{"width":1000,"height":1000,"url":"https:\/\/kidsplay.lt\/wp-content\/uploads\/2026\/03\/WOOPIE-skaitmeninis-LED-mikroskopas-\u2013-XXL-rinkinys-su-1200x-didinimu-ir-ismaniojo-telefono-adapteriu.jpg","type":"image\/jpeg"}],"twitter_card":"summary_large_image","twitter_misc":{"Est. reading time":"1 min\u016bte"},"schema":{"@context":"https:\/\/schema.org","@graph":[{"@type":"WebPage","@id":"https:\/\/kidsplay.lt\/produktas\/woopie-skaitmeninis-led-mikroskopas-xxl-rinkinys-su-1200x-didinimu-ir-ismaniojo-telefono-adapteriu\/","url":"https:\/\/kidsplay.lt\/produktas\/woopie-skaitmeninis-led-mikroskopas-xxl-rinkinys-su-1200x-didinimu-ir-ismaniojo-telefono-adapteriu\/","name":"WOOPIE digit\u0101lais LED mikroskops \u2013 XXL komplekts ar 1200x palielin\u0101jumu un viedt\u0101lru\u0146a adapteri","isPartOf":{"@id":"https:\/\/kidsplay.lt\/#website"},"primaryImageOfPage":{"@id":"https:\/\/kidsplay.lt\/produktas\/woopie-skaitmeninis-led-mikroskopas-xxl-rinkinys-su-1200x-didinimu-ir-ismaniojo-telefono-adapteriu\/#primaryimage"},"image":{"@id":"https:\/\/kidsplay.lt\/produktas\/woopie-skaitmeninis-led-mikroskopas-xxl-rinkinys-su-1200x-didinimu-ir-ismaniojo-telefono-adapteriu\/#primaryimage"},"thumbnailUrl":"https:\/\/kidsplay.lt\/wp-content\/uploads\/2026\/03\/WOOPIE-skaitmeninis-LED-mikroskopas-\u2013-XXL-rinkinys-su-1200x-didinimu-ir-ismaniojo-telefono-adapteriu.jpg","datePublished":"2026-03-21T15:29:57+00:00","dateModified":"2026-04-13T10:55:05+00:00","description":"WOOPIE skaitmeninis LED mikroskopas \u2013 XXL rinkinys su 1200x didinimu ir i\u0161maniojo telefono adapteriu - KidsPlay. Did\u017eiausias vaik\u0173 \u017eaisl\u0173 pasirinkimas.","breadcrumb":{"@id":"https:\/\/kidsplay.lt\/produktas\/woopie-skaitmeninis-led-mikroskopas-xxl-rinkinys-su-1200x-didinimu-ir-ismaniojo-telefono-adapteriu\/#breadcrumb"},"inLanguage":"lv-LV","potentialAction":[{"@type":"ReadAction","target":["https:\/\/kidsplay.lt\/produktas\/woopie-skaitmeninis-led-mikroskopas-xxl-rinkinys-su-1200x-didinimu-ir-ismaniojo-telefono-adapteriu\/"]}]},{"@type":"ImageObject","inLanguage":"lv-LV","@id":"https:\/\/kidsplay.lt\/produktas\/woopie-skaitmeninis-led-mikroskopas-xxl-rinkinys-su-1200x-didinimu-ir-ismaniojo-telefono-adapteriu\/#primaryimage","url":"https:\/\/kidsplay.lt\/wp-content\/uploads\/2026\/03\/WOOPIE-skaitmeninis-LED-mikroskopas-\u2013-XXL-rinkinys-su-1200x-didinimu-ir-ismaniojo-telefono-adapteriu.jpg","contentUrl":"https:\/\/kidsplay.lt\/wp-content\/uploads\/2026\/03\/WOOPIE-skaitmeninis-LED-mikroskopas-\u2013-XXL-rinkinys-su-1200x-didinimu-ir-ismaniojo-telefono-adapteriu.jpg","width":1000,"height":1000,"caption":"WOOPIE skaitmeninis LED mikroskopas \u2013 XXL rinkinys su 1200x didinimu ir i\u0161maniojo telefono adapteriu"},{"@type":"BreadcrumbList","@id":"https:\/\/kidsplay.lt\/produktas\/woopie-skaitmeninis-led-mikroskopas-xxl-rinkinys-su-1200x-didinimu-ir-ismaniojo-telefono-adapteriu\/#breadcrumb","itemListElement":[{"@type":"ListItem","position":1,"name":"Pagrindinis","item":"https:\/\/kidsplay.lt\/"},{"@type":"ListItem","position":2,"name":"Parduotuv\u0117","item":"https:\/\/kidsplay.lt\/parduotuve\/"},{"@type":"ListItem","position":3,"name":"WOOPIE skaitmeninis LED mikroskopas \u2013 XXL rinkinys su 1200x didinimu ir i\u0161maniojo telefono adapteriu"}]},{"@type":"WebSite","@id":"https:\/\/kidsplay.lt\/#website","url":"https:\/\/kidsplay.lt\/","name":"B\u0113rnu sp\u0113les.lv","description":"\u012evairios prek\u0117s vaikams","publisher":{"@id":"https:\/\/kidsplay.lt\/#organization"},"alternateName":"Kidsplay","potentialAction":[{"@type":"SearchAction","target":{"@type":"EntryPoint","urlTemplate":"https:\/\/kidsplay.lt\/?s={search_term_string}"},"query-input":{"@type":"PropertyValueSpecification","valueRequired":true,"valueName":"search_term_string"}}],"inLanguage":"lv-LV"},{"@type":"Organization","@id":"https:\/\/kidsplay.lt\/#organization","name":"B\u0113rnu sp\u0113le","url":"https:\/\/kidsplay.lt\/","logo":{"@type":"ImageObject","inLanguage":"lv-LV","@id":"https:\/\/kidsplay.lt\/#\/schema\/logo\/image\/","url":"https:\/\/kidsplay.lt\/wp-content\/uploads\/2023\/07\/kidsplay-logo.png","contentUrl":"https:\/\/kidsplay.lt\/wp-content\/uploads\/2023\/07\/kidsplay-logo.png","width":451,"height":98,"caption":"KidsPlay"},"image":{"@id":"https:\/\/kidsplay.lt\/#\/schema\/logo\/image\/"},"sameAs":["https:\/\/www.facebook.com\/www.kidsplay.lt"]}]}},"_links":{"self":[{"href":"https:\/\/kidsplay.lt\/lv\/wp-json\/wp\/v2\/product\/95941","targetHints":{"allow":["GET"]}}],"collection":[{"href":"https:\/\/kidsplay.lt\/lv\/wp-json\/wp\/v2\/product"}],"about":[{"href":"https:\/\/kidsplay.lt\/lv\/wp-json\/wp\/v2\/types\/product"}],"version-history":[{"count":1,"href":"https:\/\/kidsplay.lt\/lv\/wp-json\/wp\/v2\/product\/95941\/revisions"}],"predecessor-version":[{"id":95942,"href":"https:\/\/kidsplay.lt\/lv\/wp-json\/wp\/v2\/product\/95941\/revisions\/95942"}],"wp:featuredmedia":[{"embeddable":true,"href":"https:\/\/kidsplay.lt\/lv\/wp-json\/wp\/v2\/media\/95943"}],"wp:attachment":[{"href":"https:\/\/kidsplay.lt\/lv\/wp-json\/wp\/v2\/media?parent=95941"}],"wp:term":[{"taxonomy":"product_brand","embeddable":true,"href":"https:\/\/kidsplay.lt\/lv\/wp-json\/wp\/v2\/product_brand?post=95941"},{"taxonomy":"product_cat","embeddable":true,"href":"https:\/\/kidsplay.lt\/lv\/wp-json\/wp\/v2\/product_cat?post=95941"},{"taxonomy":"product_tag","embeddable":true,"href":"https:\/\/kidsplay.lt\/lv\/wp-json\/wp\/v2\/product_tag?post=95941"}],"curies":[{"name":"wp","href":"https:\/\/api.w.org\/{rel}","templated":true}]}}