{"id":95960,"date":"2026-03-23T07:34:26","date_gmt":"2026-03-23T05:34:26","guid":{"rendered":"https:\/\/kidsplay.lt\/produktas\/feber-4-vienoje-linijoje-mega-4-in-a-line-delione-namams-ir-sodui\/"},"modified":"2026-04-20T07:22:59","modified_gmt":"2026-04-20T04:22:59","slug":"feber-4-vienoje-linijoje-mega-4-in-a-line-delione-namams-ir-sodui","status":"publish","type":"product","link":"https:\/\/kidsplay.lt\/lv\/products\/feber-4-vienoje-linijoje-mega-4-in-a-line-delione-namams-ir-sodui\/","title":{"rendered":"FEBER 4 vien\u0101 l\u012bnij\u0101 \u2013 Mega 4 vien\u0101 l\u012bnij\u0101 puzle m\u0101jai un d\u0101rzam"},"content":{"rendered":"<p>FEBER 4 vienoje linijoje \u2013 Mega 4-in-a-Line d\u0117lion\u0117 namams ir sodui \u2013 tai did\u017eiulis klasikini\u0173 strategini\u0173 \u017eaidim\u0173 rinkinys i\u0161 \u017einomo FEBER prek\u0117s \u017eenklo. XXL formato \u017eaidimas puikiai tinka laikui leisti su \u0161eima ir draugais. \u017daislas sukurtas naudoti tiek viduje, tiek lauke, visus metus. Ry\u0161kios spalvos ir atsparumas saul\u0117s spinduliams bei staigiems temperat\u016bros poky\u010diams u\u017etikrina ilgalaik\u012f naudojim\u0105. D\u0117l i\u0161manios konstrukcijos rinkin\u012f labai lengva surinkti ir i\u0161ardyti, tod\u0117l patogu laikyti po \u017eaidimo.<br \/>\nRaksturojums:<\/p>\n<p>\u017daislas vaikams nuo 3 met\u0173.<\/p>\n<p>Klasikinis 4-in-a-line strateginis \u017eaidimas XXL formatu.<\/p>\n<p>Tinka \u017eaisti namuose, sode ar dar\u017eelyje.<\/p>\n<p>Danga atspari saul\u0117s spinduliams ir temperat\u016bros poky\u010diams.<\/p>\n<p>Labai lengvai surenkamas ir sulankstomas.<\/p>\n<p>Produkto svoris: 12,5 kg.<\/p>\n<p>Komplekt\u0101 ietilpst:<\/p>\n<p>Stabili stovimoji konstrukcija su dideliu \u017eaidimo stalu.<\/p>\n<p>Rinkinys dideli\u0173, spalving\u0173 disk\u0173 metimui.<\/p>","protected":false},"excerpt":{"rendered":"<p>FEBER 4 vienoje linijoje \u2013 Mega 4-in-a-Line d\u0117lion\u0117 namams ir sodui \u2013 tai did\u017eiulis klasikini\u0173 strategini\u0173 \u017eaidim\u0173 rinkinys i\u0161 \u017einomo<\/p>","protected":false},"featured_media":95962,"template":"","meta":{"_acf_changed":false,"_glsr_average":0,"_glsr_ranking":0,"_glsr_reviews":0},"product_brand":[],"product_cat":[673,229],"product_tag":[],"class_list":{"0":"post-95960","1":"product","2":"type-product","3":"status-publish","4":"has-post-thumbnail","6":"product_cat-ugdomosios-priemones","7":"product_cat-zaislai-vaikams","8":"\"style=\"background-color: #2ecc711c;\"","10":"first","11":"instock","12":"purchasable","13":"product-type-simple"},"acf":[],"yoast_head":"<!-- This site is optimized with the Yoast SEO plugin v27.4 - https:\/\/yoast.com\/product\/yoast-seo-wordpress\/ -->\n<title>FEBER 4 vienoje linijoje \u2013 Mega 4-in-a-Line d\u0117lion\u0117 namams ir sodui<\/title>\n<meta name=\"description\" content=\"FEBER 4 vienoje linijoje \u2013 Mega 4-in-a-Line d\u0117lion\u0117 namams ir sodui - KidsPlay. Did\u017eiausias vaik\u0173 \u017eaisl\u0173 pasirinkimas.\" \/>\n<meta name=\"robots\" content=\"index, follow, max-snippet:-1, max-image-preview:large, max-video-preview:-1\" \/>\n<link rel=\"canonical\" href=\"https:\/\/kidsplay.lt\/lv\/products\/feber-4-vienoje-linijoje-mega-4-in-a-line-delione-namams-ir-sodui\/\" \/>\n<meta property=\"og:locale\" content=\"lv_LV\" \/>\n<meta property=\"og:type\" content=\"article\" \/>\n<meta property=\"og:title\" content=\"FEBER 4 vienoje linijoje \u2013 Mega 4-in-a-Line d\u0117lion\u0117 namams ir sodui\" \/>\n<meta property=\"og:description\" content=\"FEBER 4 vienoje linijoje \u2013 Mega 4-in-a-Line d\u0117lion\u0117 namams ir sodui - KidsPlay. Did\u017eiausias vaik\u0173 \u017eaisl\u0173 pasirinkimas.\" \/>\n<meta property=\"og:url\" content=\"https:\/\/kidsplay.lt\/lv\/products\/feber-4-vienoje-linijoje-mega-4-in-a-line-delione-namams-ir-sodui\/\" \/>\n<meta property=\"og:site_name\" content=\"KidsPlay\" \/>\n<meta property=\"article:publisher\" content=\"https:\/\/www.facebook.com\/www.kidsplay.lt\" \/>\n<meta property=\"article:modified_time\" content=\"2026-04-20T04:22:59+00:00\" \/>\n<meta property=\"og:image\" content=\"https:\/\/kidsplay.lt\/wp-content\/uploads\/2026\/03\/FEBER-4-vienoje-linijoje-\u2013-Mega-4-in-a-Line-delione-namams-ir-sodui.jpg\" \/>\n\t<meta property=\"og:image:width\" content=\"603\" \/>\n\t<meta property=\"og:image:height\" content=\"547\" \/>\n\t<meta property=\"og:image:type\" content=\"image\/jpeg\" \/>\n<meta name=\"twitter:card\" content=\"summary_large_image\" \/>\n<meta name=\"twitter:label1\" content=\"Est. reading time\" \/>\n\t<meta name=\"twitter:data1\" content=\"1 min\u016bte\" \/>\n<script type=\"application\/ld+json\" class=\"yoast-schema-graph\">{\"@context\":\"https:\\\/\\\/schema.org\",\"@graph\":[{\"@type\":\"WebPage\",\"@id\":\"https:\\\/\\\/kidsplay.lt\\\/produktas\\\/feber-4-vienoje-linijoje-mega-4-in-a-line-delione-namams-ir-sodui\\\/\",\"url\":\"https:\\\/\\\/kidsplay.lt\\\/produktas\\\/feber-4-vienoje-linijoje-mega-4-in-a-line-delione-namams-ir-sodui\\\/\",\"name\":\"FEBER 4 vienoje linijoje \u2013 Mega 4-in-a-Line d\u0117lion\u0117 namams ir sodui\",\"isPartOf\":{\"@id\":\"https:\\\/\\\/kidsplay.lt\\\/#website\"},\"primaryImageOfPage\":{\"@id\":\"https:\\\/\\\/kidsplay.lt\\\/produktas\\\/feber-4-vienoje-linijoje-mega-4-in-a-line-delione-namams-ir-sodui\\\/#primaryimage\"},\"image\":{\"@id\":\"https:\\\/\\\/kidsplay.lt\\\/produktas\\\/feber-4-vienoje-linijoje-mega-4-in-a-line-delione-namams-ir-sodui\\\/#primaryimage\"},\"thumbnailUrl\":\"https:\\\/\\\/kidsplay.lt\\\/wp-content\\\/uploads\\\/2026\\\/03\\\/FEBER-4-vienoje-linijoje-\u2013-Mega-4-in-a-Line-delione-namams-ir-sodui.jpg\",\"datePublished\":\"2026-03-23T05:34:26+00:00\",\"dateModified\":\"2026-04-20T04:22:59+00:00\",\"description\":\"FEBER 4 vienoje linijoje \u2013 Mega 4-in-a-Line d\u0117lion\u0117 namams ir sodui - KidsPlay. Did\u017eiausias vaik\u0173 \u017eaisl\u0173 pasirinkimas.\",\"breadcrumb\":{\"@id\":\"https:\\\/\\\/kidsplay.lt\\\/produktas\\\/feber-4-vienoje-linijoje-mega-4-in-a-line-delione-namams-ir-sodui\\\/#breadcrumb\"},\"inLanguage\":\"lv-LV\",\"potentialAction\":[{\"@type\":\"ReadAction\",\"target\":[\"https:\\\/\\\/kidsplay.lt\\\/produktas\\\/feber-4-vienoje-linijoje-mega-4-in-a-line-delione-namams-ir-sodui\\\/\"]}]},{\"@type\":\"ImageObject\",\"inLanguage\":\"lv-LV\",\"@id\":\"https:\\\/\\\/kidsplay.lt\\\/produktas\\\/feber-4-vienoje-linijoje-mega-4-in-a-line-delione-namams-ir-sodui\\\/#primaryimage\",\"url\":\"https:\\\/\\\/kidsplay.lt\\\/wp-content\\\/uploads\\\/2026\\\/03\\\/FEBER-4-vienoje-linijoje-\u2013-Mega-4-in-a-Line-delione-namams-ir-sodui.jpg\",\"contentUrl\":\"https:\\\/\\\/kidsplay.lt\\\/wp-content\\\/uploads\\\/2026\\\/03\\\/FEBER-4-vienoje-linijoje-\u2013-Mega-4-in-a-Line-delione-namams-ir-sodui.jpg\",\"width\":603,\"height\":547,\"caption\":\"FEBER 4 vienoje linijoje \u2013 Mega 4-in-a-Line d\u0117lion\u0117 namams ir sodui\"},{\"@type\":\"BreadcrumbList\",\"@id\":\"https:\\\/\\\/kidsplay.lt\\\/produktas\\\/feber-4-vienoje-linijoje-mega-4-in-a-line-delione-namams-ir-sodui\\\/#breadcrumb\",\"itemListElement\":[{\"@type\":\"ListItem\",\"position\":1,\"name\":\"Pagrindinis\",\"item\":\"https:\\\/\\\/kidsplay.lt\\\/\"},{\"@type\":\"ListItem\",\"position\":2,\"name\":\"Parduotuv\u0117\",\"item\":\"https:\\\/\\\/kidsplay.lt\\\/parduotuve\\\/\"},{\"@type\":\"ListItem\",\"position\":3,\"name\":\"FEBER 4 vienoje linijoje \u2013 Mega 4-in-a-Line d\u0117lion\u0117 namams ir sodui\"}]},{\"@type\":\"WebSite\",\"@id\":\"https:\\\/\\\/kidsplay.lt\\\/#website\",\"url\":\"https:\\\/\\\/kidsplay.lt\\\/\",\"name\":\"Kidsplay.lt\",\"description\":\"\u012evairios prek\u0117s vaikams\",\"publisher\":{\"@id\":\"https:\\\/\\\/kidsplay.lt\\\/#organization\"},\"alternateName\":\"Kidsplay\",\"potentialAction\":[{\"@type\":\"SearchAction\",\"target\":{\"@type\":\"EntryPoint\",\"urlTemplate\":\"https:\\\/\\\/kidsplay.lt\\\/?s={search_term_string}\"},\"query-input\":{\"@type\":\"PropertyValueSpecification\",\"valueRequired\":true,\"valueName\":\"search_term_string\"}}],\"inLanguage\":\"lv-LV\"},{\"@type\":\"Organization\",\"@id\":\"https:\\\/\\\/kidsplay.lt\\\/#organization\",\"name\":\"KidsPlay\",\"url\":\"https:\\\/\\\/kidsplay.lt\\\/\",\"logo\":{\"@type\":\"ImageObject\",\"inLanguage\":\"lv-LV\",\"@id\":\"https:\\\/\\\/kidsplay.lt\\\/#\\\/schema\\\/logo\\\/image\\\/\",\"url\":\"https:\\\/\\\/kidsplay.lt\\\/wp-content\\\/uploads\\\/2023\\\/07\\\/kidsplay-logo.png\",\"contentUrl\":\"https:\\\/\\\/kidsplay.lt\\\/wp-content\\\/uploads\\\/2023\\\/07\\\/kidsplay-logo.png\",\"width\":451,\"height\":98,\"caption\":\"KidsPlay\"},\"image\":{\"@id\":\"https:\\\/\\\/kidsplay.lt\\\/#\\\/schema\\\/logo\\\/image\\\/\"},\"sameAs\":[\"https:\\\/\\\/www.facebook.com\\\/www.kidsplay.lt\"]}]}<\/script>\n<!-- \/ Yoast SEO plugin. -->","yoast_head_json":{"title":"FEBER 4 vien\u0101 l\u012bnij\u0101 \u2013 Mega 4 vien\u0101 l\u012bnij\u0101 puzle m\u0101jai un d\u0101rzam","description":"FEBER 4 vienoje linijoje \u2013 Mega 4-in-a-Line d\u0117lion\u0117 namams ir sodui - KidsPlay. Did\u017eiausias vaik\u0173 \u017eaisl\u0173 pasirinkimas.","robots":{"index":"index","follow":"follow","max-snippet":"max-snippet:-1","max-image-preview":"max-image-preview:large","max-video-preview":"max-video-preview:-1"},"canonical":"https:\/\/kidsplay.lt\/lv\/products\/feber-4-vienoje-linijoje-mega-4-in-a-line-delione-namams-ir-sodui\/","og_locale":"lv_LV","og_type":"article","og_title":"FEBER 4 vienoje linijoje \u2013 Mega 4-in-a-Line d\u0117lion\u0117 namams ir sodui","og_description":"FEBER 4 vienoje linijoje \u2013 Mega 4-in-a-Line d\u0117lion\u0117 namams ir sodui - KidsPlay. Did\u017eiausias vaik\u0173 \u017eaisl\u0173 pasirinkimas.","og_url":"https:\/\/kidsplay.lt\/lv\/products\/feber-4-vienoje-linijoje-mega-4-in-a-line-delione-namams-ir-sodui\/","og_site_name":"KidsPlay","article_publisher":"https:\/\/www.facebook.com\/www.kidsplay.lt","article_modified_time":"2026-04-20T04:22:59+00:00","og_image":[{"width":603,"height":547,"url":"https:\/\/kidsplay.lt\/wp-content\/uploads\/2026\/03\/FEBER-4-vienoje-linijoje-\u2013-Mega-4-in-a-Line-delione-namams-ir-sodui.jpg","type":"image\/jpeg"}],"twitter_card":"summary_large_image","twitter_misc":{"Est. reading time":"1 min\u016bte"},"schema":{"@context":"https:\/\/schema.org","@graph":[{"@type":"WebPage","@id":"https:\/\/kidsplay.lt\/produktas\/feber-4-vienoje-linijoje-mega-4-in-a-line-delione-namams-ir-sodui\/","url":"https:\/\/kidsplay.lt\/produktas\/feber-4-vienoje-linijoje-mega-4-in-a-line-delione-namams-ir-sodui\/","name":"FEBER 4 vien\u0101 l\u012bnij\u0101 \u2013 Mega 4 vien\u0101 l\u012bnij\u0101 puzle m\u0101jai un d\u0101rzam","isPartOf":{"@id":"https:\/\/kidsplay.lt\/#website"},"primaryImageOfPage":{"@id":"https:\/\/kidsplay.lt\/produktas\/feber-4-vienoje-linijoje-mega-4-in-a-line-delione-namams-ir-sodui\/#primaryimage"},"image":{"@id":"https:\/\/kidsplay.lt\/produktas\/feber-4-vienoje-linijoje-mega-4-in-a-line-delione-namams-ir-sodui\/#primaryimage"},"thumbnailUrl":"https:\/\/kidsplay.lt\/wp-content\/uploads\/2026\/03\/FEBER-4-vienoje-linijoje-\u2013-Mega-4-in-a-Line-delione-namams-ir-sodui.jpg","datePublished":"2026-03-23T05:34:26+00:00","dateModified":"2026-04-20T04:22:59+00:00","description":"FEBER 4 vienoje linijoje \u2013 Mega 4-in-a-Line d\u0117lion\u0117 namams ir sodui - KidsPlay. Did\u017eiausias vaik\u0173 \u017eaisl\u0173 pasirinkimas.","breadcrumb":{"@id":"https:\/\/kidsplay.lt\/produktas\/feber-4-vienoje-linijoje-mega-4-in-a-line-delione-namams-ir-sodui\/#breadcrumb"},"inLanguage":"lv-LV","potentialAction":[{"@type":"ReadAction","target":["https:\/\/kidsplay.lt\/produktas\/feber-4-vienoje-linijoje-mega-4-in-a-line-delione-namams-ir-sodui\/"]}]},{"@type":"ImageObject","inLanguage":"lv-LV","@id":"https:\/\/kidsplay.lt\/produktas\/feber-4-vienoje-linijoje-mega-4-in-a-line-delione-namams-ir-sodui\/#primaryimage","url":"https:\/\/kidsplay.lt\/wp-content\/uploads\/2026\/03\/FEBER-4-vienoje-linijoje-\u2013-Mega-4-in-a-Line-delione-namams-ir-sodui.jpg","contentUrl":"https:\/\/kidsplay.lt\/wp-content\/uploads\/2026\/03\/FEBER-4-vienoje-linijoje-\u2013-Mega-4-in-a-Line-delione-namams-ir-sodui.jpg","width":603,"height":547,"caption":"FEBER 4 vienoje linijoje \u2013 Mega 4-in-a-Line d\u0117lion\u0117 namams ir sodui"},{"@type":"BreadcrumbList","@id":"https:\/\/kidsplay.lt\/produktas\/feber-4-vienoje-linijoje-mega-4-in-a-line-delione-namams-ir-sodui\/#breadcrumb","itemListElement":[{"@type":"ListItem","position":1,"name":"Pagrindinis","item":"https:\/\/kidsplay.lt\/"},{"@type":"ListItem","position":2,"name":"Parduotuv\u0117","item":"https:\/\/kidsplay.lt\/parduotuve\/"},{"@type":"ListItem","position":3,"name":"FEBER 4 vienoje linijoje \u2013 Mega 4-in-a-Line d\u0117lion\u0117 namams ir sodui"}]},{"@type":"WebSite","@id":"https:\/\/kidsplay.lt\/#website","url":"https:\/\/kidsplay.lt\/","name":"B\u0113rnu sp\u0113les.lv","description":"\u012evairios prek\u0117s vaikams","publisher":{"@id":"https:\/\/kidsplay.lt\/#organization"},"alternateName":"Kidsplay","potentialAction":[{"@type":"SearchAction","target":{"@type":"EntryPoint","urlTemplate":"https:\/\/kidsplay.lt\/?s={search_term_string}"},"query-input":{"@type":"PropertyValueSpecification","valueRequired":true,"valueName":"search_term_string"}}],"inLanguage":"lv-LV"},{"@type":"Organization","@id":"https:\/\/kidsplay.lt\/#organization","name":"B\u0113rnu sp\u0113le","url":"https:\/\/kidsplay.lt\/","logo":{"@type":"ImageObject","inLanguage":"lv-LV","@id":"https:\/\/kidsplay.lt\/#\/schema\/logo\/image\/","url":"https:\/\/kidsplay.lt\/wp-content\/uploads\/2023\/07\/kidsplay-logo.png","contentUrl":"https:\/\/kidsplay.lt\/wp-content\/uploads\/2023\/07\/kidsplay-logo.png","width":451,"height":98,"caption":"KidsPlay"},"image":{"@id":"https:\/\/kidsplay.lt\/#\/schema\/logo\/image\/"},"sameAs":["https:\/\/www.facebook.com\/www.kidsplay.lt"]}]}},"_links":{"self":[{"href":"https:\/\/kidsplay.lt\/lv\/wp-json\/wp\/v2\/product\/95960","targetHints":{"allow":["GET"]}}],"collection":[{"href":"https:\/\/kidsplay.lt\/lv\/wp-json\/wp\/v2\/product"}],"about":[{"href":"https:\/\/kidsplay.lt\/lv\/wp-json\/wp\/v2\/types\/product"}],"version-history":[{"count":1,"href":"https:\/\/kidsplay.lt\/lv\/wp-json\/wp\/v2\/product\/95960\/revisions"}],"predecessor-version":[{"id":95961,"href":"https:\/\/kidsplay.lt\/lv\/wp-json\/wp\/v2\/product\/95960\/revisions\/95961"}],"wp:featuredmedia":[{"embeddable":true,"href":"https:\/\/kidsplay.lt\/lv\/wp-json\/wp\/v2\/media\/95962"}],"wp:attachment":[{"href":"https:\/\/kidsplay.lt\/lv\/wp-json\/wp\/v2\/media?parent=95960"}],"wp:term":[{"taxonomy":"product_brand","embeddable":true,"href":"https:\/\/kidsplay.lt\/lv\/wp-json\/wp\/v2\/product_brand?post=95960"},{"taxonomy":"product_cat","embeddable":true,"href":"https:\/\/kidsplay.lt\/lv\/wp-json\/wp\/v2\/product_cat?post=95960"},{"taxonomy":"product_tag","embeddable":true,"href":"https:\/\/kidsplay.lt\/lv\/wp-json\/wp\/v2\/product_tag?post=95960"}],"curies":[{"name":"wp","href":"https:\/\/api.w.org\/{rel}","templated":true}]}}