{"id":95974,"date":"2026-03-23T07:35:03","date_gmt":"2026-03-23T05:35:03","guid":{"rendered":"https:\/\/kidsplay.lt\/produktas\/woopie-kudikio-interaktyvus-montessori-autobusas-edukacinis-zaislas-6-in-1-su-plaktuku-ir-bugnais\/"},"modified":"2026-04-13T13:52:37","modified_gmt":"2026-04-13T10:52:37","slug":"woopie-kudikio-interaktyvus-montessori-autobusas-edukacinis-zaislas-6-in-1-su-plaktuku-ir-bugnais","status":"publish","type":"product","link":"https:\/\/kidsplay.lt\/lv\/products\/woopie-kudikio-interaktyvus-montessori-autobusas-edukacinis-zaislas-6-in-1-su-plaktuku-ir-bugnais\/","title":{"rendered":"WOOPIE BABY Interakt\u012bvs Montessori autobuss \u2013 Izgl\u012btojo\u0161a rota\u013clieta 6 vien\u0101 ar \u0101muru un bung\u0101m"},"content":{"rendered":"<p>6\u202fin\u202f1 interaktyvus edukacinis autobusas yra unikalus, daugiafunkcis \u017eaislas, sukurtas atsi\u017evelgiant \u012f ma\u017e\u0173 vaik\u0173 visapusi\u0161k\u0105 vystym\u0105si. \u0160is spalvingas transporto priemon\u0117 jungia daugyb\u0119 \u012fdomi\u0173 veikl\u0173, kurios patrauks kiekvieno ma\u017eylio d\u0117mes\u012f ir skatins savaranki\u0161k\u0105 atradim\u0105. \u012erengtas \u012fvairi\u0173 gars\u0173 ir efekt\u0173, autobusas stimuliuoja poj\u016b\u010dius ir u\u017etikrina valandas \u012ftraukian\u010dio \u017eaidimo. \u017daislas si\u016blo daugyb\u0119 pramog\u0173 \u2013 spalvingi cimbalai \u0161one supa\u017eindina su muzika, o stogas turi judan\u010dius elementus, kuriuos vaikai gali spausti pridedamu plaktuku. Be to, autobusas veikia kaip form\u0173 r\u016b\u0161iuokl\u0117, leid\u017eianti vaikams mokytis derinti blokelius, o galin\u0117 durel\u0117 palengvina j\u0173 i\u0161\u0117mim\u0105. Praktinis rai\u0161telis paver\u010dia autobus\u0105 puikiu draugu kiekvienam pasivaik\u0161\u010diojimui kaip linksmu traukiamu \u017eaislu.<br \/>\nRaksturojums:<\/p>\n<p>\u017eaislas skirtas vaikams nuo 18 m\u0117nesi\u0173<\/p>\n<p>jungia r\u016b\u0161iuokl\u0117s, plaktuko, cimbal\u0173 ir traukiamo \u017eaislo funkcijas<\/p>\n<p>gamina \u012fvairius garsus ir efektus, kurie daro \u017eaidim\u0105 patrauklesn\u012f<\/p>\n<p>judanti galin\u0117 durel\u0117 suteikia lengv\u0105 pri\u0117jim\u0105 prie vidin\u0117s transporto priemon\u0117s dalies<\/p>\n<p>\u017eavinga, spalvinga i\u0161vaizda, kuri traukia ma\u017eylio d\u0117mes\u012f<\/p>\n<p>puikios matmenys ma\u017eoms rankyt\u0117ms<\/p>\n<p>Komplekte:<\/p>\n<p>interaktyvus autobusas su atidaroma durele<\/p>\n<p>\u0101murs<\/p>\n<p>lazdel\u0117 cimbalams groti<\/p>\n<p>spalvingi blokeliai r\u016b\u0161iuoklei<\/p>\n<p>rai\u0161telis \u017eaislo traukimui<\/p>","protected":false},"excerpt":{"rendered":"<p>6\u202fin\u202f1 interaktyvus edukacinis autobusas yra unikalus, daugiafunkcis \u017eaislas, sukurtas atsi\u017evelgiant \u012f ma\u017e\u0173 vaik\u0173 visapusi\u0161k\u0105 vystym\u0105si. \u0160is spalvingas transporto priemon\u0117 jungia<\/p>","protected":false},"featured_media":95976,"template":"","meta":{"_acf_changed":false,"_glsr_average":0,"_glsr_ranking":0,"_glsr_reviews":0},"product_brand":[],"product_cat":[396,229],"product_tag":[],"class_list":{"0":"post-95974","1":"product","2":"type-product","3":"status-publish","4":"has-post-thumbnail","6":"product_cat-kudikiu-zaislai-vaikams2","7":"product_cat-zaislai-vaikams","8":"\"style=\"background-color: #2ecc711c;\"","10":"first","11":"instock","12":"purchasable","13":"product-type-simple"},"acf":[],"yoast_head":"<!-- This site is optimized with the Yoast SEO plugin v27.4 - https:\/\/yoast.com\/product\/yoast-seo-wordpress\/ -->\n<title>WOOPIE K\u016aDIKIO Interaktyvus Montessori autobusas \u2013 edukacinis \u017eaislas 6\u202fin\u202f1 su plaktuku ir b\u016bgnais<\/title>\n<meta name=\"description\" content=\"WOOPIE K\u016aDIKIO Interaktyvus Montessori autobusas \u2013 edukacinis \u017eaislas 6\u202fin\u202f1 su plaktuku ir b\u016bgnais - KidsPlay. Did\u017eiausias vaik\u0173 \u017eaisl\u0173 pasirinkimas.\" \/>\n<meta name=\"robots\" content=\"index, follow, max-snippet:-1, max-image-preview:large, max-video-preview:-1\" \/>\n<link rel=\"canonical\" href=\"https:\/\/kidsplay.lt\/lv\/products\/woopie-kudikio-interaktyvus-montessori-autobusas-edukacinis-zaislas-6-in-1-su-plaktuku-ir-bugnais\/\" \/>\n<meta property=\"og:locale\" content=\"lv_LV\" \/>\n<meta property=\"og:type\" content=\"article\" \/>\n<meta property=\"og:title\" content=\"WOOPIE K\u016aDIKIO Interaktyvus Montessori autobusas \u2013 edukacinis \u017eaislas 6\u202fin\u202f1 su plaktuku ir b\u016bgnais\" \/>\n<meta property=\"og:description\" content=\"WOOPIE K\u016aDIKIO Interaktyvus Montessori autobusas \u2013 edukacinis \u017eaislas 6\u202fin\u202f1 su plaktuku ir b\u016bgnais - KidsPlay. Did\u017eiausias vaik\u0173 \u017eaisl\u0173 pasirinkimas.\" \/>\n<meta property=\"og:url\" content=\"https:\/\/kidsplay.lt\/lv\/products\/woopie-kudikio-interaktyvus-montessori-autobusas-edukacinis-zaislas-6-in-1-su-plaktuku-ir-bugnais\/\" \/>\n<meta property=\"og:site_name\" content=\"KidsPlay\" \/>\n<meta property=\"article:publisher\" content=\"https:\/\/www.facebook.com\/www.kidsplay.lt\" \/>\n<meta property=\"article:modified_time\" content=\"2026-04-13T10:52:37+00:00\" \/>\n<meta property=\"og:image\" content=\"https:\/\/kidsplay.lt\/wp-content\/uploads\/2026\/03\/WOOPIE-KUDIKIO-Interaktyvus-Montessori-autobusas-\u2013-edukacinis-zaislas-6-in-1-su-plaktuku-ir-bugnais.jpg\" \/>\n\t<meta property=\"og:image:width\" content=\"1000\" \/>\n\t<meta property=\"og:image:height\" content=\"1000\" \/>\n\t<meta property=\"og:image:type\" content=\"image\/jpeg\" \/>\n<meta name=\"twitter:card\" content=\"summary_large_image\" \/>\n<meta name=\"twitter:label1\" content=\"Est. reading time\" \/>\n\t<meta name=\"twitter:data1\" content=\"1 min\u016bte\" \/>\n<script type=\"application\/ld+json\" class=\"yoast-schema-graph\">{\"@context\":\"https:\\\/\\\/schema.org\",\"@graph\":[{\"@type\":\"WebPage\",\"@id\":\"https:\\\/\\\/kidsplay.lt\\\/produktas\\\/woopie-kudikio-interaktyvus-montessori-autobusas-edukacinis-zaislas-6-in-1-su-plaktuku-ir-bugnais\\\/\",\"url\":\"https:\\\/\\\/kidsplay.lt\\\/produktas\\\/woopie-kudikio-interaktyvus-montessori-autobusas-edukacinis-zaislas-6-in-1-su-plaktuku-ir-bugnais\\\/\",\"name\":\"WOOPIE K\u016aDIKIO Interaktyvus Montessori autobusas \u2013 edukacinis \u017eaislas 6\u202fin\u202f1 su plaktuku ir b\u016bgnais\",\"isPartOf\":{\"@id\":\"https:\\\/\\\/kidsplay.lt\\\/#website\"},\"primaryImageOfPage\":{\"@id\":\"https:\\\/\\\/kidsplay.lt\\\/produktas\\\/woopie-kudikio-interaktyvus-montessori-autobusas-edukacinis-zaislas-6-in-1-su-plaktuku-ir-bugnais\\\/#primaryimage\"},\"image\":{\"@id\":\"https:\\\/\\\/kidsplay.lt\\\/produktas\\\/woopie-kudikio-interaktyvus-montessori-autobusas-edukacinis-zaislas-6-in-1-su-plaktuku-ir-bugnais\\\/#primaryimage\"},\"thumbnailUrl\":\"https:\\\/\\\/kidsplay.lt\\\/wp-content\\\/uploads\\\/2026\\\/03\\\/WOOPIE-KUDIKIO-Interaktyvus-Montessori-autobusas-\u2013-edukacinis-zaislas-6-in-1-su-plaktuku-ir-bugnais.jpg\",\"datePublished\":\"2026-03-23T05:35:03+00:00\",\"dateModified\":\"2026-04-13T10:52:37+00:00\",\"description\":\"WOOPIE K\u016aDIKIO Interaktyvus Montessori autobusas \u2013 edukacinis \u017eaislas 6\u202fin\u202f1 su plaktuku ir b\u016bgnais - KidsPlay. Did\u017eiausias vaik\u0173 \u017eaisl\u0173 pasirinkimas.\",\"breadcrumb\":{\"@id\":\"https:\\\/\\\/kidsplay.lt\\\/produktas\\\/woopie-kudikio-interaktyvus-montessori-autobusas-edukacinis-zaislas-6-in-1-su-plaktuku-ir-bugnais\\\/#breadcrumb\"},\"inLanguage\":\"lv-LV\",\"potentialAction\":[{\"@type\":\"ReadAction\",\"target\":[\"https:\\\/\\\/kidsplay.lt\\\/produktas\\\/woopie-kudikio-interaktyvus-montessori-autobusas-edukacinis-zaislas-6-in-1-su-plaktuku-ir-bugnais\\\/\"]}]},{\"@type\":\"ImageObject\",\"inLanguage\":\"lv-LV\",\"@id\":\"https:\\\/\\\/kidsplay.lt\\\/produktas\\\/woopie-kudikio-interaktyvus-montessori-autobusas-edukacinis-zaislas-6-in-1-su-plaktuku-ir-bugnais\\\/#primaryimage\",\"url\":\"https:\\\/\\\/kidsplay.lt\\\/wp-content\\\/uploads\\\/2026\\\/03\\\/WOOPIE-KUDIKIO-Interaktyvus-Montessori-autobusas-\u2013-edukacinis-zaislas-6-in-1-su-plaktuku-ir-bugnais.jpg\",\"contentUrl\":\"https:\\\/\\\/kidsplay.lt\\\/wp-content\\\/uploads\\\/2026\\\/03\\\/WOOPIE-KUDIKIO-Interaktyvus-Montessori-autobusas-\u2013-edukacinis-zaislas-6-in-1-su-plaktuku-ir-bugnais.jpg\",\"width\":1000,\"height\":1000,\"caption\":\"WOOPIE K\u016aDIKIO Interaktyvus Montessori autobusas \u2013 edukacinis \u017eaislas 6\u202fin\u202f1 su plaktuku ir b\u016bgnais\"},{\"@type\":\"BreadcrumbList\",\"@id\":\"https:\\\/\\\/kidsplay.lt\\\/produktas\\\/woopie-kudikio-interaktyvus-montessori-autobusas-edukacinis-zaislas-6-in-1-su-plaktuku-ir-bugnais\\\/#breadcrumb\",\"itemListElement\":[{\"@type\":\"ListItem\",\"position\":1,\"name\":\"Pagrindinis\",\"item\":\"https:\\\/\\\/kidsplay.lt\\\/\"},{\"@type\":\"ListItem\",\"position\":2,\"name\":\"Parduotuv\u0117\",\"item\":\"https:\\\/\\\/kidsplay.lt\\\/parduotuve\\\/\"},{\"@type\":\"ListItem\",\"position\":3,\"name\":\"WOOPIE K\u016aDIKIO Interaktyvus Montessori autobusas \u2013 edukacinis \u017eaislas 6\u202fin\u202f1 su plaktuku ir b\u016bgnais\"}]},{\"@type\":\"WebSite\",\"@id\":\"https:\\\/\\\/kidsplay.lt\\\/#website\",\"url\":\"https:\\\/\\\/kidsplay.lt\\\/\",\"name\":\"Kidsplay.lt\",\"description\":\"\u012evairios prek\u0117s vaikams\",\"publisher\":{\"@id\":\"https:\\\/\\\/kidsplay.lt\\\/#organization\"},\"alternateName\":\"Kidsplay\",\"potentialAction\":[{\"@type\":\"SearchAction\",\"target\":{\"@type\":\"EntryPoint\",\"urlTemplate\":\"https:\\\/\\\/kidsplay.lt\\\/?s={search_term_string}\"},\"query-input\":{\"@type\":\"PropertyValueSpecification\",\"valueRequired\":true,\"valueName\":\"search_term_string\"}}],\"inLanguage\":\"lv-LV\"},{\"@type\":\"Organization\",\"@id\":\"https:\\\/\\\/kidsplay.lt\\\/#organization\",\"name\":\"KidsPlay\",\"url\":\"https:\\\/\\\/kidsplay.lt\\\/\",\"logo\":{\"@type\":\"ImageObject\",\"inLanguage\":\"lv-LV\",\"@id\":\"https:\\\/\\\/kidsplay.lt\\\/#\\\/schema\\\/logo\\\/image\\\/\",\"url\":\"https:\\\/\\\/kidsplay.lt\\\/wp-content\\\/uploads\\\/2023\\\/07\\\/kidsplay-logo.png\",\"contentUrl\":\"https:\\\/\\\/kidsplay.lt\\\/wp-content\\\/uploads\\\/2023\\\/07\\\/kidsplay-logo.png\",\"width\":451,\"height\":98,\"caption\":\"KidsPlay\"},\"image\":{\"@id\":\"https:\\\/\\\/kidsplay.lt\\\/#\\\/schema\\\/logo\\\/image\\\/\"},\"sameAs\":[\"https:\\\/\\\/www.facebook.com\\\/www.kidsplay.lt\"]}]}<\/script>\n<!-- \/ Yoast SEO plugin. -->","yoast_head_json":{"title":"WOOPIE BABY Interakt\u012bvs Montessori autobuss \u2013 Izgl\u012btojo\u0161a rota\u013clieta 6 vien\u0101 ar \u0101muru un bung\u0101m","description":"WOOPIE K\u016aDIKIO Interaktyvus Montessori autobusas \u2013 edukacinis \u017eaislas 6\u202fin\u202f1 su plaktuku ir b\u016bgnais - KidsPlay. Did\u017eiausias vaik\u0173 \u017eaisl\u0173 pasirinkimas.","robots":{"index":"index","follow":"follow","max-snippet":"max-snippet:-1","max-image-preview":"max-image-preview:large","max-video-preview":"max-video-preview:-1"},"canonical":"https:\/\/kidsplay.lt\/lv\/products\/woopie-kudikio-interaktyvus-montessori-autobusas-edukacinis-zaislas-6-in-1-su-plaktuku-ir-bugnais\/","og_locale":"lv_LV","og_type":"article","og_title":"WOOPIE K\u016aDIKIO Interaktyvus Montessori autobusas \u2013 edukacinis \u017eaislas 6\u202fin\u202f1 su plaktuku ir b\u016bgnais","og_description":"WOOPIE K\u016aDIKIO Interaktyvus Montessori autobusas \u2013 edukacinis \u017eaislas 6\u202fin\u202f1 su plaktuku ir b\u016bgnais - KidsPlay. Did\u017eiausias vaik\u0173 \u017eaisl\u0173 pasirinkimas.","og_url":"https:\/\/kidsplay.lt\/lv\/products\/woopie-kudikio-interaktyvus-montessori-autobusas-edukacinis-zaislas-6-in-1-su-plaktuku-ir-bugnais\/","og_site_name":"KidsPlay","article_publisher":"https:\/\/www.facebook.com\/www.kidsplay.lt","article_modified_time":"2026-04-13T10:52:37+00:00","og_image":[{"width":1000,"height":1000,"url":"https:\/\/kidsplay.lt\/wp-content\/uploads\/2026\/03\/WOOPIE-KUDIKIO-Interaktyvus-Montessori-autobusas-\u2013-edukacinis-zaislas-6-in-1-su-plaktuku-ir-bugnais.jpg","type":"image\/jpeg"}],"twitter_card":"summary_large_image","twitter_misc":{"Est. reading time":"1 min\u016bte"},"schema":{"@context":"https:\/\/schema.org","@graph":[{"@type":"WebPage","@id":"https:\/\/kidsplay.lt\/produktas\/woopie-kudikio-interaktyvus-montessori-autobusas-edukacinis-zaislas-6-in-1-su-plaktuku-ir-bugnais\/","url":"https:\/\/kidsplay.lt\/produktas\/woopie-kudikio-interaktyvus-montessori-autobusas-edukacinis-zaislas-6-in-1-su-plaktuku-ir-bugnais\/","name":"WOOPIE BABY Interakt\u012bvs Montessori autobuss \u2013 Izgl\u012btojo\u0161a rota\u013clieta 6 vien\u0101 ar \u0101muru un bung\u0101m","isPartOf":{"@id":"https:\/\/kidsplay.lt\/#website"},"primaryImageOfPage":{"@id":"https:\/\/kidsplay.lt\/produktas\/woopie-kudikio-interaktyvus-montessori-autobusas-edukacinis-zaislas-6-in-1-su-plaktuku-ir-bugnais\/#primaryimage"},"image":{"@id":"https:\/\/kidsplay.lt\/produktas\/woopie-kudikio-interaktyvus-montessori-autobusas-edukacinis-zaislas-6-in-1-su-plaktuku-ir-bugnais\/#primaryimage"},"thumbnailUrl":"https:\/\/kidsplay.lt\/wp-content\/uploads\/2026\/03\/WOOPIE-KUDIKIO-Interaktyvus-Montessori-autobusas-\u2013-edukacinis-zaislas-6-in-1-su-plaktuku-ir-bugnais.jpg","datePublished":"2026-03-23T05:35:03+00:00","dateModified":"2026-04-13T10:52:37+00:00","description":"WOOPIE K\u016aDIKIO Interaktyvus Montessori autobusas \u2013 edukacinis \u017eaislas 6\u202fin\u202f1 su plaktuku ir b\u016bgnais - KidsPlay. Did\u017eiausias vaik\u0173 \u017eaisl\u0173 pasirinkimas.","breadcrumb":{"@id":"https:\/\/kidsplay.lt\/produktas\/woopie-kudikio-interaktyvus-montessori-autobusas-edukacinis-zaislas-6-in-1-su-plaktuku-ir-bugnais\/#breadcrumb"},"inLanguage":"lv-LV","potentialAction":[{"@type":"ReadAction","target":["https:\/\/kidsplay.lt\/produktas\/woopie-kudikio-interaktyvus-montessori-autobusas-edukacinis-zaislas-6-in-1-su-plaktuku-ir-bugnais\/"]}]},{"@type":"ImageObject","inLanguage":"lv-LV","@id":"https:\/\/kidsplay.lt\/produktas\/woopie-kudikio-interaktyvus-montessori-autobusas-edukacinis-zaislas-6-in-1-su-plaktuku-ir-bugnais\/#primaryimage","url":"https:\/\/kidsplay.lt\/wp-content\/uploads\/2026\/03\/WOOPIE-KUDIKIO-Interaktyvus-Montessori-autobusas-\u2013-edukacinis-zaislas-6-in-1-su-plaktuku-ir-bugnais.jpg","contentUrl":"https:\/\/kidsplay.lt\/wp-content\/uploads\/2026\/03\/WOOPIE-KUDIKIO-Interaktyvus-Montessori-autobusas-\u2013-edukacinis-zaislas-6-in-1-su-plaktuku-ir-bugnais.jpg","width":1000,"height":1000,"caption":"WOOPIE K\u016aDIKIO Interaktyvus Montessori autobusas \u2013 edukacinis \u017eaislas 6\u202fin\u202f1 su plaktuku ir b\u016bgnais"},{"@type":"BreadcrumbList","@id":"https:\/\/kidsplay.lt\/produktas\/woopie-kudikio-interaktyvus-montessori-autobusas-edukacinis-zaislas-6-in-1-su-plaktuku-ir-bugnais\/#breadcrumb","itemListElement":[{"@type":"ListItem","position":1,"name":"Pagrindinis","item":"https:\/\/kidsplay.lt\/"},{"@type":"ListItem","position":2,"name":"Parduotuv\u0117","item":"https:\/\/kidsplay.lt\/parduotuve\/"},{"@type":"ListItem","position":3,"name":"WOOPIE K\u016aDIKIO Interaktyvus Montessori autobusas \u2013 edukacinis \u017eaislas 6\u202fin\u202f1 su plaktuku ir b\u016bgnais"}]},{"@type":"WebSite","@id":"https:\/\/kidsplay.lt\/#website","url":"https:\/\/kidsplay.lt\/","name":"B\u0113rnu sp\u0113les.lv","description":"\u012evairios prek\u0117s vaikams","publisher":{"@id":"https:\/\/kidsplay.lt\/#organization"},"alternateName":"Kidsplay","potentialAction":[{"@type":"SearchAction","target":{"@type":"EntryPoint","urlTemplate":"https:\/\/kidsplay.lt\/?s={search_term_string}"},"query-input":{"@type":"PropertyValueSpecification","valueRequired":true,"valueName":"search_term_string"}}],"inLanguage":"lv-LV"},{"@type":"Organization","@id":"https:\/\/kidsplay.lt\/#organization","name":"B\u0113rnu sp\u0113le","url":"https:\/\/kidsplay.lt\/","logo":{"@type":"ImageObject","inLanguage":"lv-LV","@id":"https:\/\/kidsplay.lt\/#\/schema\/logo\/image\/","url":"https:\/\/kidsplay.lt\/wp-content\/uploads\/2023\/07\/kidsplay-logo.png","contentUrl":"https:\/\/kidsplay.lt\/wp-content\/uploads\/2023\/07\/kidsplay-logo.png","width":451,"height":98,"caption":"KidsPlay"},"image":{"@id":"https:\/\/kidsplay.lt\/#\/schema\/logo\/image\/"},"sameAs":["https:\/\/www.facebook.com\/www.kidsplay.lt"]}]}},"_links":{"self":[{"href":"https:\/\/kidsplay.lt\/lv\/wp-json\/wp\/v2\/product\/95974","targetHints":{"allow":["GET"]}}],"collection":[{"href":"https:\/\/kidsplay.lt\/lv\/wp-json\/wp\/v2\/product"}],"about":[{"href":"https:\/\/kidsplay.lt\/lv\/wp-json\/wp\/v2\/types\/product"}],"version-history":[{"count":1,"href":"https:\/\/kidsplay.lt\/lv\/wp-json\/wp\/v2\/product\/95974\/revisions"}],"predecessor-version":[{"id":95975,"href":"https:\/\/kidsplay.lt\/lv\/wp-json\/wp\/v2\/product\/95974\/revisions\/95975"}],"wp:featuredmedia":[{"embeddable":true,"href":"https:\/\/kidsplay.lt\/lv\/wp-json\/wp\/v2\/media\/95976"}],"wp:attachment":[{"href":"https:\/\/kidsplay.lt\/lv\/wp-json\/wp\/v2\/media?parent=95974"}],"wp:term":[{"taxonomy":"product_brand","embeddable":true,"href":"https:\/\/kidsplay.lt\/lv\/wp-json\/wp\/v2\/product_brand?post=95974"},{"taxonomy":"product_cat","embeddable":true,"href":"https:\/\/kidsplay.lt\/lv\/wp-json\/wp\/v2\/product_cat?post=95974"},{"taxonomy":"product_tag","embeddable":true,"href":"https:\/\/kidsplay.lt\/lv\/wp-json\/wp\/v2\/product_tag?post=95974"}],"curies":[{"name":"wp","href":"https:\/\/api.w.org\/{rel}","templated":true}]}}