{"id":95988,"date":"2026-03-23T07:35:30","date_gmt":"2026-03-23T05:35:30","guid":{"rendered":"https:\/\/kidsplay.lt\/produktas\/woopie-kudikio-lankstus-sensorinis-kubeliu-rusiuoklis-vaikams-su-gyvuneliais-barskuciu-7-vnt\/"},"modified":"2026-04-07T09:32:55","modified_gmt":"2026-04-07T06:32:55","slug":"woopie-kudikio-lankstus-sensorinis-kubeliu-rusiuoklis-vaikams-su-gyvuneliais-barskuciu-7-vnt","status":"publish","type":"product","link":"https:\/\/kidsplay.lt\/lv\/products\/woopie-kudikio-lankstus-sensorinis-kubeliu-rusiuoklis-vaikams-su-gyvuneliais-barskuciu-7-vnt\/","title":{"rendered":"WOOPIE K\u016aDIKIO Lankstus sensorinis kubeli\u0173 r\u016b\u0161iuoklis vaikams su gyv\u016bn\u0117liais + bar\u0161ku\u010diu, 7 vnt."},"content":{"rendered":"<p>Lankstus sensorinis kubelis i\u0161 WOOPIE skatins j\u016bs\u0173 vaiko vystym\u0105si! \u017daid\u017eiant su \u0161iuo edukaciniu kubeliu, vaikas \u012fki\u0161a ir i\u0161ima detales. \u017daisdamas vaikas lavina savo poj\u016b\u010dius ir gerina rank\u0173 miklum\u0105. Kiekvienas i\u0161 6 kiet\u0173 blokeli\u0173 i\u0161siskiria, skatindamas vaiko smalsum\u0105 \u2013 jis nori juos i\u0161traukti ir v\u0117l \u012fd\u0117ti \u012f r\u016b\u0161iuokl\u0119. Blokelius galima sujungti ir pastatyti bok\u0161t\u0105. Blokeliai turi skirtingas formas ir tekst\u016bras, kurios lavina sensorinius \u012fg\u016bd\u017eius, prot\u0105 ir skatina eksperimentavim\u0105. Be to, kai vaikas paauga, blokelius galima naudoti spalv\u0173 mokymuisi. Kiekvienas blokelis turi skirting\u0105 numer\u012f, nurodant\u012f, kokia tvarka bok\u0161tas turi b\u016bti surenkamas, tod\u0117l tai puiki priemon\u0117 skai\u010diavimo mokymuisi. Dar viena puiki blokeli\u0173 savyb\u0117 \u2013 kiekvienas blokelis gali b\u016bti naudojamas kaip bar\u0161kutis. Kubelio r\u016b\u0161iuokl\u0117 turi lankst\u0173, spalving\u0105 gumin\u012f tvirtinim\u0105, kuris malonus vaikams. Tai b\u016btinas \u017eaislas vaikams tiek ankstyvame, tiek v\u0117lesniame am\u017eiuje \u2013 \u017eaislas, kuris tarnaus daugel\u012f met\u0173!<br \/>\nRaksturojums:<\/p>\n<p>\u017eaislas nuo gimimo,<\/p>\n<p>komplekte: r\u016b\u0161iuokl\u0117s kubelis + 6 kieti sensoriniai blokeliai,<\/p>\n<p>\u017eaidime \u012ftraukiama element\u0173 ki\u0161imas ir i\u0161\u0117mimas i\u0161 edukacinio kubelio,<\/p>\n<p>blokelius galima sujungti \u012f bok\u0161t\u0105,<\/p>\n<p>kiekvienas blokelis turi skirting\u0105 tekst\u016br\u0105, spalv\u0105 ir form\u0105,<\/p>\n<p>augant vaikui, blokeliai gali b\u016bti naudojami spalv\u0173 mokymuisi,<\/p>\n<p>skatina eksperimentavim\u0105,<\/p>\n<p>kiekvienas blokelis turi skirting\u0105 numer\u012f, nurodant\u012f surinkimo tvark\u0105, blokeliai gali b\u016bti naudojami skai\u010diavimui,<\/p>\n<p>blokeliai kieti,<\/p>\n<p>kubelyje yra elastin\u0117s juostos,<\/p>\n<p>\u017eaislas ilgam naudojimui.<\/p>","protected":false},"excerpt":{"rendered":"<p>Lankstus sensorinis kubelis i\u0161 WOOPIE skatins j\u016bs\u0173 vaiko vystym\u0105si! \u017daid\u017eiant su \u0161iuo edukaciniu kubeliu, vaikas \u012fki\u0161a ir i\u0161ima detales. \u017daisdamas<\/p>","protected":false},"featured_media":95990,"template":"","meta":{"_acf_changed":false,"_glsr_average":0,"_glsr_ranking":0,"_glsr_reviews":0},"product_brand":[],"product_cat":[396,229],"product_tag":[],"class_list":{"0":"post-95988","1":"product","2":"type-product","3":"status-publish","4":"has-post-thumbnail","6":"product_cat-kudikiu-zaislai-vaikams2","7":"product_cat-zaislai-vaikams","8":"\"style=\"background-color: #2ecc711c;\"","10":"first","11":"instock","12":"purchasable","13":"product-type-simple"},"acf":[],"yoast_head":"<!-- This site is optimized with the Yoast SEO plugin v27.3 - https:\/\/yoast.com\/product\/yoast-seo-wordpress\/ -->\n<title>WOOPIE K\u016aDIKIO Lankstus sensorinis kubeli\u0173 r\u016b\u0161iuoklis vaikams su gyv\u016bn\u0117liais + bar\u0161ku\u010diu, 7 vnt.<\/title>\n<meta name=\"description\" content=\"WOOPIE K\u016aDIKIO Lankstus sensorinis kubeli\u0173 r\u016b\u0161iuoklis vaikams su gyv\u016bn\u0117liais + bar\u0161ku\u010diu, 7 vnt. - KidsPlay. Did\u017eiausias vaik\u0173 \u017eaisl\u0173 pasirinkimas.\" \/>\n<meta name=\"robots\" content=\"index, follow, max-snippet:-1, max-image-preview:large, max-video-preview:-1\" \/>\n<link rel=\"canonical\" href=\"https:\/\/kidsplay.lt\/lv\/products\/woopie-kudikio-lankstus-sensorinis-kubeliu-rusiuoklis-vaikams-su-gyvuneliais-barskuciu-7-vnt\/\" \/>\n<meta property=\"og:locale\" content=\"lv_LV\" \/>\n<meta property=\"og:type\" content=\"article\" \/>\n<meta property=\"og:title\" content=\"WOOPIE K\u016aDIKIO Lankstus sensorinis kubeli\u0173 r\u016b\u0161iuoklis vaikams su gyv\u016bn\u0117liais + bar\u0161ku\u010diu, 7 vnt.\" \/>\n<meta property=\"og:description\" content=\"WOOPIE K\u016aDIKIO Lankstus sensorinis kubeli\u0173 r\u016b\u0161iuoklis vaikams su gyv\u016bn\u0117liais + bar\u0161ku\u010diu, 7 vnt. - KidsPlay. Did\u017eiausias vaik\u0173 \u017eaisl\u0173 pasirinkimas.\" \/>\n<meta property=\"og:url\" content=\"https:\/\/kidsplay.lt\/lv\/products\/woopie-kudikio-lankstus-sensorinis-kubeliu-rusiuoklis-vaikams-su-gyvuneliais-barskuciu-7-vnt\/\" \/>\n<meta property=\"og:site_name\" content=\"KidsPlay\" \/>\n<meta property=\"article:publisher\" content=\"https:\/\/www.facebook.com\/www.kidsplay.lt\" \/>\n<meta property=\"article:modified_time\" content=\"2026-04-07T06:32:55+00:00\" \/>\n<meta property=\"og:image\" content=\"https:\/\/kidsplay.lt\/wp-content\/uploads\/2026\/03\/WOOPIE-KUDIKIO-Lankstus-sensorinis-kubeliu-rusiuoklis-vaikams-su-gyvuneliais-barskuciu-7-vnt.png\" \/>\n\t<meta property=\"og:image:width\" content=\"1100\" \/>\n\t<meta property=\"og:image:height\" content=\"1422\" \/>\n\t<meta property=\"og:image:type\" content=\"image\/png\" \/>\n<meta name=\"twitter:card\" content=\"summary_large_image\" \/>\n<meta name=\"twitter:label1\" content=\"Est. reading time\" \/>\n\t<meta name=\"twitter:data1\" content=\"1 min\u016bte\" \/>\n<script type=\"application\/ld+json\" class=\"yoast-schema-graph\">{\"@context\":\"https:\\\/\\\/schema.org\",\"@graph\":[{\"@type\":\"WebPage\",\"@id\":\"https:\\\/\\\/kidsplay.lt\\\/produktas\\\/woopie-kudikio-lankstus-sensorinis-kubeliu-rusiuoklis-vaikams-su-gyvuneliais-barskuciu-7-vnt\\\/\",\"url\":\"https:\\\/\\\/kidsplay.lt\\\/produktas\\\/woopie-kudikio-lankstus-sensorinis-kubeliu-rusiuoklis-vaikams-su-gyvuneliais-barskuciu-7-vnt\\\/\",\"name\":\"WOOPIE K\u016aDIKIO Lankstus sensorinis kubeli\u0173 r\u016b\u0161iuoklis vaikams su gyv\u016bn\u0117liais + bar\u0161ku\u010diu, 7 vnt.\",\"isPartOf\":{\"@id\":\"https:\\\/\\\/kidsplay.lt\\\/#website\"},\"primaryImageOfPage\":{\"@id\":\"https:\\\/\\\/kidsplay.lt\\\/produktas\\\/woopie-kudikio-lankstus-sensorinis-kubeliu-rusiuoklis-vaikams-su-gyvuneliais-barskuciu-7-vnt\\\/#primaryimage\"},\"image\":{\"@id\":\"https:\\\/\\\/kidsplay.lt\\\/produktas\\\/woopie-kudikio-lankstus-sensorinis-kubeliu-rusiuoklis-vaikams-su-gyvuneliais-barskuciu-7-vnt\\\/#primaryimage\"},\"thumbnailUrl\":\"https:\\\/\\\/kidsplay.lt\\\/wp-content\\\/uploads\\\/2026\\\/03\\\/WOOPIE-KUDIKIO-Lankstus-sensorinis-kubeliu-rusiuoklis-vaikams-su-gyvuneliais-barskuciu-7-vnt.png\",\"datePublished\":\"2026-03-23T05:35:30+00:00\",\"dateModified\":\"2026-04-07T06:32:55+00:00\",\"description\":\"WOOPIE K\u016aDIKIO Lankstus sensorinis kubeli\u0173 r\u016b\u0161iuoklis vaikams su gyv\u016bn\u0117liais + bar\u0161ku\u010diu, 7 vnt. - KidsPlay. Did\u017eiausias vaik\u0173 \u017eaisl\u0173 pasirinkimas.\",\"breadcrumb\":{\"@id\":\"https:\\\/\\\/kidsplay.lt\\\/produktas\\\/woopie-kudikio-lankstus-sensorinis-kubeliu-rusiuoklis-vaikams-su-gyvuneliais-barskuciu-7-vnt\\\/#breadcrumb\"},\"inLanguage\":\"lv-LV\",\"potentialAction\":[{\"@type\":\"ReadAction\",\"target\":[\"https:\\\/\\\/kidsplay.lt\\\/produktas\\\/woopie-kudikio-lankstus-sensorinis-kubeliu-rusiuoklis-vaikams-su-gyvuneliais-barskuciu-7-vnt\\\/\"]}]},{\"@type\":\"ImageObject\",\"inLanguage\":\"lv-LV\",\"@id\":\"https:\\\/\\\/kidsplay.lt\\\/produktas\\\/woopie-kudikio-lankstus-sensorinis-kubeliu-rusiuoklis-vaikams-su-gyvuneliais-barskuciu-7-vnt\\\/#primaryimage\",\"url\":\"https:\\\/\\\/kidsplay.lt\\\/wp-content\\\/uploads\\\/2026\\\/03\\\/WOOPIE-KUDIKIO-Lankstus-sensorinis-kubeliu-rusiuoklis-vaikams-su-gyvuneliais-barskuciu-7-vnt.png\",\"contentUrl\":\"https:\\\/\\\/kidsplay.lt\\\/wp-content\\\/uploads\\\/2026\\\/03\\\/WOOPIE-KUDIKIO-Lankstus-sensorinis-kubeliu-rusiuoklis-vaikams-su-gyvuneliais-barskuciu-7-vnt.png\",\"width\":1100,\"height\":1422,\"caption\":\"WOOPIE K\u016aDIKIO Lankstus sensorinis kubeli\u0173 r\u016b\u0161iuoklis vaikams su gyv\u016bn\u0117liais + bar\u0161ku\u010diu\"},{\"@type\":\"BreadcrumbList\",\"@id\":\"https:\\\/\\\/kidsplay.lt\\\/produktas\\\/woopie-kudikio-lankstus-sensorinis-kubeliu-rusiuoklis-vaikams-su-gyvuneliais-barskuciu-7-vnt\\\/#breadcrumb\",\"itemListElement\":[{\"@type\":\"ListItem\",\"position\":1,\"name\":\"Pagrindinis\",\"item\":\"https:\\\/\\\/kidsplay.lt\\\/\"},{\"@type\":\"ListItem\",\"position\":2,\"name\":\"Parduotuv\u0117\",\"item\":\"https:\\\/\\\/kidsplay.lt\\\/parduotuve\\\/\"},{\"@type\":\"ListItem\",\"position\":3,\"name\":\"WOOPIE K\u016aDIKIO Lankstus sensorinis kubeli\u0173 r\u016b\u0161iuoklis vaikams su gyv\u016bn\u0117liais + bar\u0161ku\u010diu, 7 vnt.\"}]},{\"@type\":\"WebSite\",\"@id\":\"https:\\\/\\\/kidsplay.lt\\\/#website\",\"url\":\"https:\\\/\\\/kidsplay.lt\\\/\",\"name\":\"Kidsplay.lt\",\"description\":\"\u012evairios prek\u0117s vaikams\",\"publisher\":{\"@id\":\"https:\\\/\\\/kidsplay.lt\\\/#organization\"},\"alternateName\":\"Kidsplay\",\"potentialAction\":[{\"@type\":\"SearchAction\",\"target\":{\"@type\":\"EntryPoint\",\"urlTemplate\":\"https:\\\/\\\/kidsplay.lt\\\/?s={search_term_string}\"},\"query-input\":{\"@type\":\"PropertyValueSpecification\",\"valueRequired\":true,\"valueName\":\"search_term_string\"}}],\"inLanguage\":\"lv-LV\"},{\"@type\":\"Organization\",\"@id\":\"https:\\\/\\\/kidsplay.lt\\\/#organization\",\"name\":\"KidsPlay\",\"url\":\"https:\\\/\\\/kidsplay.lt\\\/\",\"logo\":{\"@type\":\"ImageObject\",\"inLanguage\":\"lv-LV\",\"@id\":\"https:\\\/\\\/kidsplay.lt\\\/#\\\/schema\\\/logo\\\/image\\\/\",\"url\":\"https:\\\/\\\/kidsplay.lt\\\/wp-content\\\/uploads\\\/2023\\\/07\\\/kidsplay-logo.png\",\"contentUrl\":\"https:\\\/\\\/kidsplay.lt\\\/wp-content\\\/uploads\\\/2023\\\/07\\\/kidsplay-logo.png\",\"width\":451,\"height\":98,\"caption\":\"KidsPlay\"},\"image\":{\"@id\":\"https:\\\/\\\/kidsplay.lt\\\/#\\\/schema\\\/logo\\\/image\\\/\"},\"sameAs\":[\"https:\\\/\\\/www.facebook.com\\\/www.kidsplay.lt\"]}]}<\/script>\n<!-- \/ Yoast SEO plugin. -->","yoast_head_json":{"title":"WOOPIE K\u016aDIKIO Lankstus sensorinis kubeli\u0173 r\u016b\u0161iuoklis vaikams su gyv\u016bn\u0117liais + bar\u0161ku\u010diu, 7 vnt.","description":"WOOPIE K\u016aDIKIO Lankstus sensorinis kubeli\u0173 r\u016b\u0161iuoklis vaikams su gyv\u016bn\u0117liais + bar\u0161ku\u010diu, 7 vnt. - KidsPlay. Did\u017eiausias vaik\u0173 \u017eaisl\u0173 pasirinkimas.","robots":{"index":"index","follow":"follow","max-snippet":"max-snippet:-1","max-image-preview":"max-image-preview:large","max-video-preview":"max-video-preview:-1"},"canonical":"https:\/\/kidsplay.lt\/lv\/products\/woopie-kudikio-lankstus-sensorinis-kubeliu-rusiuoklis-vaikams-su-gyvuneliais-barskuciu-7-vnt\/","og_locale":"lv_LV","og_type":"article","og_title":"WOOPIE K\u016aDIKIO Lankstus sensorinis kubeli\u0173 r\u016b\u0161iuoklis vaikams su gyv\u016bn\u0117liais + bar\u0161ku\u010diu, 7 vnt.","og_description":"WOOPIE K\u016aDIKIO Lankstus sensorinis kubeli\u0173 r\u016b\u0161iuoklis vaikams su gyv\u016bn\u0117liais + bar\u0161ku\u010diu, 7 vnt. - KidsPlay. Did\u017eiausias vaik\u0173 \u017eaisl\u0173 pasirinkimas.","og_url":"https:\/\/kidsplay.lt\/lv\/products\/woopie-kudikio-lankstus-sensorinis-kubeliu-rusiuoklis-vaikams-su-gyvuneliais-barskuciu-7-vnt\/","og_site_name":"KidsPlay","article_publisher":"https:\/\/www.facebook.com\/www.kidsplay.lt","article_modified_time":"2026-04-07T06:32:55+00:00","og_image":[{"width":1100,"height":1422,"url":"https:\/\/kidsplay.lt\/wp-content\/uploads\/2026\/03\/WOOPIE-KUDIKIO-Lankstus-sensorinis-kubeliu-rusiuoklis-vaikams-su-gyvuneliais-barskuciu-7-vnt.png","type":"image\/png"}],"twitter_card":"summary_large_image","twitter_misc":{"Est. reading time":"1 min\u016bte"},"schema":{"@context":"https:\/\/schema.org","@graph":[{"@type":"WebPage","@id":"https:\/\/kidsplay.lt\/produktas\/woopie-kudikio-lankstus-sensorinis-kubeliu-rusiuoklis-vaikams-su-gyvuneliais-barskuciu-7-vnt\/","url":"https:\/\/kidsplay.lt\/produktas\/woopie-kudikio-lankstus-sensorinis-kubeliu-rusiuoklis-vaikams-su-gyvuneliais-barskuciu-7-vnt\/","name":"WOOPIE K\u016aDIKIO Lankstus sensorinis kubeli\u0173 r\u016b\u0161iuoklis vaikams su gyv\u016bn\u0117liais + bar\u0161ku\u010diu, 7 vnt.","isPartOf":{"@id":"https:\/\/kidsplay.lt\/#website"},"primaryImageOfPage":{"@id":"https:\/\/kidsplay.lt\/produktas\/woopie-kudikio-lankstus-sensorinis-kubeliu-rusiuoklis-vaikams-su-gyvuneliais-barskuciu-7-vnt\/#primaryimage"},"image":{"@id":"https:\/\/kidsplay.lt\/produktas\/woopie-kudikio-lankstus-sensorinis-kubeliu-rusiuoklis-vaikams-su-gyvuneliais-barskuciu-7-vnt\/#primaryimage"},"thumbnailUrl":"https:\/\/kidsplay.lt\/wp-content\/uploads\/2026\/03\/WOOPIE-KUDIKIO-Lankstus-sensorinis-kubeliu-rusiuoklis-vaikams-su-gyvuneliais-barskuciu-7-vnt.png","datePublished":"2026-03-23T05:35:30+00:00","dateModified":"2026-04-07T06:32:55+00:00","description":"WOOPIE K\u016aDIKIO Lankstus sensorinis kubeli\u0173 r\u016b\u0161iuoklis vaikams su gyv\u016bn\u0117liais + bar\u0161ku\u010diu, 7 vnt. - KidsPlay. Did\u017eiausias vaik\u0173 \u017eaisl\u0173 pasirinkimas.","breadcrumb":{"@id":"https:\/\/kidsplay.lt\/produktas\/woopie-kudikio-lankstus-sensorinis-kubeliu-rusiuoklis-vaikams-su-gyvuneliais-barskuciu-7-vnt\/#breadcrumb"},"inLanguage":"lv-LV","potentialAction":[{"@type":"ReadAction","target":["https:\/\/kidsplay.lt\/produktas\/woopie-kudikio-lankstus-sensorinis-kubeliu-rusiuoklis-vaikams-su-gyvuneliais-barskuciu-7-vnt\/"]}]},{"@type":"ImageObject","inLanguage":"lv-LV","@id":"https:\/\/kidsplay.lt\/produktas\/woopie-kudikio-lankstus-sensorinis-kubeliu-rusiuoklis-vaikams-su-gyvuneliais-barskuciu-7-vnt\/#primaryimage","url":"https:\/\/kidsplay.lt\/wp-content\/uploads\/2026\/03\/WOOPIE-KUDIKIO-Lankstus-sensorinis-kubeliu-rusiuoklis-vaikams-su-gyvuneliais-barskuciu-7-vnt.png","contentUrl":"https:\/\/kidsplay.lt\/wp-content\/uploads\/2026\/03\/WOOPIE-KUDIKIO-Lankstus-sensorinis-kubeliu-rusiuoklis-vaikams-su-gyvuneliais-barskuciu-7-vnt.png","width":1100,"height":1422,"caption":"WOOPIE K\u016aDIKIO Lankstus sensorinis kubeli\u0173 r\u016b\u0161iuoklis vaikams su gyv\u016bn\u0117liais + bar\u0161ku\u010diu"},{"@type":"BreadcrumbList","@id":"https:\/\/kidsplay.lt\/produktas\/woopie-kudikio-lankstus-sensorinis-kubeliu-rusiuoklis-vaikams-su-gyvuneliais-barskuciu-7-vnt\/#breadcrumb","itemListElement":[{"@type":"ListItem","position":1,"name":"Pagrindinis","item":"https:\/\/kidsplay.lt\/"},{"@type":"ListItem","position":2,"name":"Parduotuv\u0117","item":"https:\/\/kidsplay.lt\/parduotuve\/"},{"@type":"ListItem","position":3,"name":"WOOPIE K\u016aDIKIO Lankstus sensorinis kubeli\u0173 r\u016b\u0161iuoklis vaikams su gyv\u016bn\u0117liais + bar\u0161ku\u010diu, 7 vnt."}]},{"@type":"WebSite","@id":"https:\/\/kidsplay.lt\/#website","url":"https:\/\/kidsplay.lt\/","name":"B\u0113rnu sp\u0113les.lv","description":"\u012evairios prek\u0117s vaikams","publisher":{"@id":"https:\/\/kidsplay.lt\/#organization"},"alternateName":"Kidsplay","potentialAction":[{"@type":"SearchAction","target":{"@type":"EntryPoint","urlTemplate":"https:\/\/kidsplay.lt\/?s={search_term_string}"},"query-input":{"@type":"PropertyValueSpecification","valueRequired":true,"valueName":"search_term_string"}}],"inLanguage":"lv-LV"},{"@type":"Organization","@id":"https:\/\/kidsplay.lt\/#organization","name":"B\u0113rnu sp\u0113le","url":"https:\/\/kidsplay.lt\/","logo":{"@type":"ImageObject","inLanguage":"lv-LV","@id":"https:\/\/kidsplay.lt\/#\/schema\/logo\/image\/","url":"https:\/\/kidsplay.lt\/wp-content\/uploads\/2023\/07\/kidsplay-logo.png","contentUrl":"https:\/\/kidsplay.lt\/wp-content\/uploads\/2023\/07\/kidsplay-logo.png","width":451,"height":98,"caption":"KidsPlay"},"image":{"@id":"https:\/\/kidsplay.lt\/#\/schema\/logo\/image\/"},"sameAs":["https:\/\/www.facebook.com\/www.kidsplay.lt"]}]}},"_links":{"self":[{"href":"https:\/\/kidsplay.lt\/lv\/wp-json\/wp\/v2\/product\/95988","targetHints":{"allow":["GET"]}}],"collection":[{"href":"https:\/\/kidsplay.lt\/lv\/wp-json\/wp\/v2\/product"}],"about":[{"href":"https:\/\/kidsplay.lt\/lv\/wp-json\/wp\/v2\/types\/product"}],"version-history":[{"count":1,"href":"https:\/\/kidsplay.lt\/lv\/wp-json\/wp\/v2\/product\/95988\/revisions"}],"predecessor-version":[{"id":95989,"href":"https:\/\/kidsplay.lt\/lv\/wp-json\/wp\/v2\/product\/95988\/revisions\/95989"}],"wp:featuredmedia":[{"embeddable":true,"href":"https:\/\/kidsplay.lt\/lv\/wp-json\/wp\/v2\/media\/95990"}],"wp:attachment":[{"href":"https:\/\/kidsplay.lt\/lv\/wp-json\/wp\/v2\/media?parent=95988"}],"wp:term":[{"taxonomy":"product_brand","embeddable":true,"href":"https:\/\/kidsplay.lt\/lv\/wp-json\/wp\/v2\/product_brand?post=95988"},{"taxonomy":"product_cat","embeddable":true,"href":"https:\/\/kidsplay.lt\/lv\/wp-json\/wp\/v2\/product_cat?post=95988"},{"taxonomy":"product_tag","embeddable":true,"href":"https:\/\/kidsplay.lt\/lv\/wp-json\/wp\/v2\/product_tag?post=95988"}],"curies":[{"name":"wp","href":"https:\/\/api.w.org\/{rel}","templated":true}]}}