{"id":96001,"date":"2026-03-23T07:36:16","date_gmt":"2026-03-23T05:36:16","guid":{"rendered":"https:\/\/kidsplay.lt\/produktas\/woopie-baby-edukacinis-zaislas-pop-up-transporto-priemones\/"},"modified":"2026-04-13T13:52:55","modified_gmt":"2026-04-13T10:52:55","slug":"woopie-baby-edukacinis-zaislas-pop-up-transporto-priemones","status":"publish","type":"product","link":"https:\/\/kidsplay.lt\/lv\/products\/woopie-baby-edukacinis-zaislas-pop-up-transporto-priemones\/","title":{"rendered":"WOOPIE BABY edukacinis \u017eaislas \u201ePop-Up\u201c transporto priemon\u0117s"},"content":{"rendered":"<p>Spalvingos \u201ePop-Up\u201c transporto priemon\u0117s i\u0161 WOOPIE Baby sujungia \u017eaidim\u0105 ir mokym\u0105si, kuris prad\u017eiugins j\u016bs\u0173 ma\u017eyl\u012f. Paspaudus mygtuk\u0105 ar perjungus svirtel\u0119, i\u0161\u0161oka spalvotas automobilis, sukeldamas d\u017eiaugsm\u0105 ir smalsum\u0105. D\u0117l \u201epop-up\u201c mechanizmo vaikai atranda prie\u017easties ir pasekm\u0117s ry\u0161\u012f \u2013 j\u0173 veiksmai sukelia \u017eaislo reakcij\u0105. \u017daislas pagamintas i\u0161 tvirto plastiko, tod\u0117l yra ilgaam\u017eis ir saugus naudoti. Tai puiki dovana, kuri lavina vaiko motorik\u0105, poj\u016b\u010dius ir pa\u017eintinius geb\u0117jimus, o t\u0117vams suteikia trump\u0105 atokv\u0117pio akimirk\u0105.<br \/>\nRaksturojums:<\/p>\n<p>skirtas vaikams nuo 18 m\u0117nesi\u0173,<\/p>\n<p>interaktyvus \u017eaislas su \u201epop-up\u201c mechanizmu \u2013 transporto priemon\u0117s i\u0161\u0161oka aktyvavus,<\/p>\n<p>aktyvuojamas \u012fvairiais valdikliais: jungikliais, ranken\u0117l\u0117mis, mygtukais,<\/p>\n<p>pagamintas i\u0161 patvaraus plastiko, atsparus pa\u017eeidimams.<\/p>","protected":false},"excerpt":{"rendered":"<p>Spalvingos \u201ePop-Up\u201c transporto priemon\u0117s i\u0161 WOOPIE Baby sujungia \u017eaidim\u0105 ir mokym\u0105si, kuris prad\u017eiugins j\u016bs\u0173 ma\u017eyl\u012f. Paspaudus mygtuk\u0105 ar perjungus svirtel\u0119,<\/p>","protected":false},"featured_media":96003,"template":"","meta":{"_acf_changed":false,"_glsr_average":0,"_glsr_ranking":0,"_glsr_reviews":0},"product_brand":[],"product_cat":[388,229],"product_tag":[],"class_list":{"0":"post-96001","1":"product","2":"type-product","3":"status-publish","4":"has-post-thumbnail","6":"product_cat-edukaciniai-lavinamieji-zaislai","7":"product_cat-zaislai-vaikams","8":"\"style=\"background-color: #2ecc711c;\"","10":"first","11":"instock","12":"purchasable","13":"product-type-simple"},"acf":[],"yoast_head":"<!-- This site is optimized with the Yoast SEO plugin v27.4 - https:\/\/yoast.com\/product\/yoast-seo-wordpress\/ -->\n<title>WOOPIE BABY edukacinis \u017eaislas \u201ePop-Up\u201c transporto priemon\u0117s<\/title>\n<meta name=\"description\" content=\"WOOPIE BABY edukacinis \u017eaislas \u201ePop-Up\u201c transporto priemon\u0117s - KidsPlay. Did\u017eiausias vaik\u0173 \u017eaisl\u0173 pasirinkimas.\" \/>\n<meta name=\"robots\" content=\"index, follow, max-snippet:-1, max-image-preview:large, max-video-preview:-1\" \/>\n<link rel=\"canonical\" href=\"https:\/\/kidsplay.lt\/lv\/products\/woopie-baby-edukacinis-zaislas-pop-up-transporto-priemones\/\" \/>\n<meta property=\"og:locale\" content=\"lv_LV\" \/>\n<meta property=\"og:type\" content=\"article\" \/>\n<meta property=\"og:title\" content=\"WOOPIE BABY edukacinis \u017eaislas \u201ePop-Up\u201c transporto priemon\u0117s\" \/>\n<meta property=\"og:description\" content=\"WOOPIE BABY edukacinis \u017eaislas \u201ePop-Up\u201c transporto priemon\u0117s - KidsPlay. Did\u017eiausias vaik\u0173 \u017eaisl\u0173 pasirinkimas.\" \/>\n<meta property=\"og:url\" content=\"https:\/\/kidsplay.lt\/lv\/products\/woopie-baby-edukacinis-zaislas-pop-up-transporto-priemones\/\" \/>\n<meta property=\"og:site_name\" content=\"KidsPlay\" \/>\n<meta property=\"article:publisher\" content=\"https:\/\/www.facebook.com\/www.kidsplay.lt\" \/>\n<meta property=\"article:modified_time\" content=\"2026-04-13T10:52:55+00:00\" \/>\n<meta property=\"og:image\" content=\"https:\/\/kidsplay.lt\/wp-content\/uploads\/2026\/03\/WOOPIE-BABY-edukacinis-zaislas-\u201ePop-Up-transporto-priemones.jpg\" \/>\n\t<meta property=\"og:image:width\" content=\"2450\" \/>\n\t<meta property=\"og:image:height\" content=\"2114\" \/>\n\t<meta property=\"og:image:type\" content=\"image\/jpeg\" \/>\n<meta name=\"twitter:card\" content=\"summary_large_image\" \/>\n<meta name=\"twitter:label1\" content=\"Est. reading time\" \/>\n\t<meta name=\"twitter:data1\" content=\"1 min\u016bte\" \/>\n<script type=\"application\/ld+json\" class=\"yoast-schema-graph\">{\"@context\":\"https:\\\/\\\/schema.org\",\"@graph\":[{\"@type\":\"WebPage\",\"@id\":\"https:\\\/\\\/kidsplay.lt\\\/produktas\\\/woopie-baby-edukacinis-zaislas-pop-up-transporto-priemones\\\/\",\"url\":\"https:\\\/\\\/kidsplay.lt\\\/produktas\\\/woopie-baby-edukacinis-zaislas-pop-up-transporto-priemones\\\/\",\"name\":\"WOOPIE BABY edukacinis \u017eaislas \u201ePop-Up\u201c transporto priemon\u0117s\",\"isPartOf\":{\"@id\":\"https:\\\/\\\/kidsplay.lt\\\/#website\"},\"primaryImageOfPage\":{\"@id\":\"https:\\\/\\\/kidsplay.lt\\\/produktas\\\/woopie-baby-edukacinis-zaislas-pop-up-transporto-priemones\\\/#primaryimage\"},\"image\":{\"@id\":\"https:\\\/\\\/kidsplay.lt\\\/produktas\\\/woopie-baby-edukacinis-zaislas-pop-up-transporto-priemones\\\/#primaryimage\"},\"thumbnailUrl\":\"https:\\\/\\\/kidsplay.lt\\\/wp-content\\\/uploads\\\/2026\\\/03\\\/WOOPIE-BABY-edukacinis-zaislas-\u201ePop-Up-transporto-priemones.jpg\",\"datePublished\":\"2026-03-23T05:36:16+00:00\",\"dateModified\":\"2026-04-13T10:52:55+00:00\",\"description\":\"WOOPIE BABY edukacinis \u017eaislas \u201ePop-Up\u201c transporto priemon\u0117s - KidsPlay. Did\u017eiausias vaik\u0173 \u017eaisl\u0173 pasirinkimas.\",\"breadcrumb\":{\"@id\":\"https:\\\/\\\/kidsplay.lt\\\/produktas\\\/woopie-baby-edukacinis-zaislas-pop-up-transporto-priemones\\\/#breadcrumb\"},\"inLanguage\":\"lv-LV\",\"potentialAction\":[{\"@type\":\"ReadAction\",\"target\":[\"https:\\\/\\\/kidsplay.lt\\\/produktas\\\/woopie-baby-edukacinis-zaislas-pop-up-transporto-priemones\\\/\"]}]},{\"@type\":\"ImageObject\",\"inLanguage\":\"lv-LV\",\"@id\":\"https:\\\/\\\/kidsplay.lt\\\/produktas\\\/woopie-baby-edukacinis-zaislas-pop-up-transporto-priemones\\\/#primaryimage\",\"url\":\"https:\\\/\\\/kidsplay.lt\\\/wp-content\\\/uploads\\\/2026\\\/03\\\/WOOPIE-BABY-edukacinis-zaislas-\u201ePop-Up-transporto-priemones.jpg\",\"contentUrl\":\"https:\\\/\\\/kidsplay.lt\\\/wp-content\\\/uploads\\\/2026\\\/03\\\/WOOPIE-BABY-edukacinis-zaislas-\u201ePop-Up-transporto-priemones.jpg\",\"width\":2450,\"height\":2114,\"caption\":\"WOOPIE BABY edukacinis \u017eaislas \u201ePop-Up\u201c transporto priemon\u0117s\"},{\"@type\":\"BreadcrumbList\",\"@id\":\"https:\\\/\\\/kidsplay.lt\\\/produktas\\\/woopie-baby-edukacinis-zaislas-pop-up-transporto-priemones\\\/#breadcrumb\",\"itemListElement\":[{\"@type\":\"ListItem\",\"position\":1,\"name\":\"Pagrindinis\",\"item\":\"https:\\\/\\\/kidsplay.lt\\\/\"},{\"@type\":\"ListItem\",\"position\":2,\"name\":\"Parduotuv\u0117\",\"item\":\"https:\\\/\\\/kidsplay.lt\\\/parduotuve\\\/\"},{\"@type\":\"ListItem\",\"position\":3,\"name\":\"WOOPIE BABY edukacinis \u017eaislas \u201ePop-Up\u201c transporto priemon\u0117s\"}]},{\"@type\":\"WebSite\",\"@id\":\"https:\\\/\\\/kidsplay.lt\\\/#website\",\"url\":\"https:\\\/\\\/kidsplay.lt\\\/\",\"name\":\"Kidsplay.lt\",\"description\":\"\u012evairios prek\u0117s vaikams\",\"publisher\":{\"@id\":\"https:\\\/\\\/kidsplay.lt\\\/#organization\"},\"alternateName\":\"Kidsplay\",\"potentialAction\":[{\"@type\":\"SearchAction\",\"target\":{\"@type\":\"EntryPoint\",\"urlTemplate\":\"https:\\\/\\\/kidsplay.lt\\\/?s={search_term_string}\"},\"query-input\":{\"@type\":\"PropertyValueSpecification\",\"valueRequired\":true,\"valueName\":\"search_term_string\"}}],\"inLanguage\":\"lv-LV\"},{\"@type\":\"Organization\",\"@id\":\"https:\\\/\\\/kidsplay.lt\\\/#organization\",\"name\":\"KidsPlay\",\"url\":\"https:\\\/\\\/kidsplay.lt\\\/\",\"logo\":{\"@type\":\"ImageObject\",\"inLanguage\":\"lv-LV\",\"@id\":\"https:\\\/\\\/kidsplay.lt\\\/#\\\/schema\\\/logo\\\/image\\\/\",\"url\":\"https:\\\/\\\/kidsplay.lt\\\/wp-content\\\/uploads\\\/2023\\\/07\\\/kidsplay-logo.png\",\"contentUrl\":\"https:\\\/\\\/kidsplay.lt\\\/wp-content\\\/uploads\\\/2023\\\/07\\\/kidsplay-logo.png\",\"width\":451,\"height\":98,\"caption\":\"KidsPlay\"},\"image\":{\"@id\":\"https:\\\/\\\/kidsplay.lt\\\/#\\\/schema\\\/logo\\\/image\\\/\"},\"sameAs\":[\"https:\\\/\\\/www.facebook.com\\\/www.kidsplay.lt\"]}]}<\/script>\n<!-- \/ Yoast SEO plugin. -->","yoast_head_json":{"title":"WOOPIE BABY edukacinis \u017eaislas \u201ePop-Up\u201c transporto priemon\u0117s","description":"WOOPIE BABY edukacinis \u017eaislas \u201ePop-Up\u201c transporto priemon\u0117s - KidsPlay. Did\u017eiausias vaik\u0173 \u017eaisl\u0173 pasirinkimas.","robots":{"index":"index","follow":"follow","max-snippet":"max-snippet:-1","max-image-preview":"max-image-preview:large","max-video-preview":"max-video-preview:-1"},"canonical":"https:\/\/kidsplay.lt\/lv\/products\/woopie-baby-edukacinis-zaislas-pop-up-transporto-priemones\/","og_locale":"lv_LV","og_type":"article","og_title":"WOOPIE BABY edukacinis \u017eaislas \u201ePop-Up\u201c transporto priemon\u0117s","og_description":"WOOPIE BABY edukacinis \u017eaislas \u201ePop-Up\u201c transporto priemon\u0117s - KidsPlay. Did\u017eiausias vaik\u0173 \u017eaisl\u0173 pasirinkimas.","og_url":"https:\/\/kidsplay.lt\/lv\/products\/woopie-baby-edukacinis-zaislas-pop-up-transporto-priemones\/","og_site_name":"KidsPlay","article_publisher":"https:\/\/www.facebook.com\/www.kidsplay.lt","article_modified_time":"2026-04-13T10:52:55+00:00","og_image":[{"width":2450,"height":2114,"url":"https:\/\/kidsplay.lt\/wp-content\/uploads\/2026\/03\/WOOPIE-BABY-edukacinis-zaislas-\u201ePop-Up-transporto-priemones.jpg","type":"image\/jpeg"}],"twitter_card":"summary_large_image","twitter_misc":{"Est. reading time":"1 min\u016bte"},"schema":{"@context":"https:\/\/schema.org","@graph":[{"@type":"WebPage","@id":"https:\/\/kidsplay.lt\/produktas\/woopie-baby-edukacinis-zaislas-pop-up-transporto-priemones\/","url":"https:\/\/kidsplay.lt\/produktas\/woopie-baby-edukacinis-zaislas-pop-up-transporto-priemones\/","name":"WOOPIE BABY edukacinis \u017eaislas \u201ePop-Up\u201c transporto priemon\u0117s","isPartOf":{"@id":"https:\/\/kidsplay.lt\/#website"},"primaryImageOfPage":{"@id":"https:\/\/kidsplay.lt\/produktas\/woopie-baby-edukacinis-zaislas-pop-up-transporto-priemones\/#primaryimage"},"image":{"@id":"https:\/\/kidsplay.lt\/produktas\/woopie-baby-edukacinis-zaislas-pop-up-transporto-priemones\/#primaryimage"},"thumbnailUrl":"https:\/\/kidsplay.lt\/wp-content\/uploads\/2026\/03\/WOOPIE-BABY-edukacinis-zaislas-\u201ePop-Up-transporto-priemones.jpg","datePublished":"2026-03-23T05:36:16+00:00","dateModified":"2026-04-13T10:52:55+00:00","description":"WOOPIE BABY edukacinis \u017eaislas \u201ePop-Up\u201c transporto priemon\u0117s - KidsPlay. Did\u017eiausias vaik\u0173 \u017eaisl\u0173 pasirinkimas.","breadcrumb":{"@id":"https:\/\/kidsplay.lt\/produktas\/woopie-baby-edukacinis-zaislas-pop-up-transporto-priemones\/#breadcrumb"},"inLanguage":"lv-LV","potentialAction":[{"@type":"ReadAction","target":["https:\/\/kidsplay.lt\/produktas\/woopie-baby-edukacinis-zaislas-pop-up-transporto-priemones\/"]}]},{"@type":"ImageObject","inLanguage":"lv-LV","@id":"https:\/\/kidsplay.lt\/produktas\/woopie-baby-edukacinis-zaislas-pop-up-transporto-priemones\/#primaryimage","url":"https:\/\/kidsplay.lt\/wp-content\/uploads\/2026\/03\/WOOPIE-BABY-edukacinis-zaislas-\u201ePop-Up-transporto-priemones.jpg","contentUrl":"https:\/\/kidsplay.lt\/wp-content\/uploads\/2026\/03\/WOOPIE-BABY-edukacinis-zaislas-\u201ePop-Up-transporto-priemones.jpg","width":2450,"height":2114,"caption":"WOOPIE BABY edukacinis \u017eaislas \u201ePop-Up\u201c transporto priemon\u0117s"},{"@type":"BreadcrumbList","@id":"https:\/\/kidsplay.lt\/produktas\/woopie-baby-edukacinis-zaislas-pop-up-transporto-priemones\/#breadcrumb","itemListElement":[{"@type":"ListItem","position":1,"name":"Pagrindinis","item":"https:\/\/kidsplay.lt\/"},{"@type":"ListItem","position":2,"name":"Parduotuv\u0117","item":"https:\/\/kidsplay.lt\/parduotuve\/"},{"@type":"ListItem","position":3,"name":"WOOPIE BABY edukacinis \u017eaislas \u201ePop-Up\u201c transporto priemon\u0117s"}]},{"@type":"WebSite","@id":"https:\/\/kidsplay.lt\/#website","url":"https:\/\/kidsplay.lt\/","name":"B\u0113rnu sp\u0113les.lv","description":"\u012evairios prek\u0117s vaikams","publisher":{"@id":"https:\/\/kidsplay.lt\/#organization"},"alternateName":"Kidsplay","potentialAction":[{"@type":"SearchAction","target":{"@type":"EntryPoint","urlTemplate":"https:\/\/kidsplay.lt\/?s={search_term_string}"},"query-input":{"@type":"PropertyValueSpecification","valueRequired":true,"valueName":"search_term_string"}}],"inLanguage":"lv-LV"},{"@type":"Organization","@id":"https:\/\/kidsplay.lt\/#organization","name":"B\u0113rnu sp\u0113le","url":"https:\/\/kidsplay.lt\/","logo":{"@type":"ImageObject","inLanguage":"lv-LV","@id":"https:\/\/kidsplay.lt\/#\/schema\/logo\/image\/","url":"https:\/\/kidsplay.lt\/wp-content\/uploads\/2023\/07\/kidsplay-logo.png","contentUrl":"https:\/\/kidsplay.lt\/wp-content\/uploads\/2023\/07\/kidsplay-logo.png","width":451,"height":98,"caption":"KidsPlay"},"image":{"@id":"https:\/\/kidsplay.lt\/#\/schema\/logo\/image\/"},"sameAs":["https:\/\/www.facebook.com\/www.kidsplay.lt"]}]}},"_links":{"self":[{"href":"https:\/\/kidsplay.lt\/lv\/wp-json\/wp\/v2\/product\/96001","targetHints":{"allow":["GET"]}}],"collection":[{"href":"https:\/\/kidsplay.lt\/lv\/wp-json\/wp\/v2\/product"}],"about":[{"href":"https:\/\/kidsplay.lt\/lv\/wp-json\/wp\/v2\/types\/product"}],"version-history":[{"count":1,"href":"https:\/\/kidsplay.lt\/lv\/wp-json\/wp\/v2\/product\/96001\/revisions"}],"predecessor-version":[{"id":96002,"href":"https:\/\/kidsplay.lt\/lv\/wp-json\/wp\/v2\/product\/96001\/revisions\/96002"}],"wp:featuredmedia":[{"embeddable":true,"href":"https:\/\/kidsplay.lt\/lv\/wp-json\/wp\/v2\/media\/96003"}],"wp:attachment":[{"href":"https:\/\/kidsplay.lt\/lv\/wp-json\/wp\/v2\/media?parent=96001"}],"wp:term":[{"taxonomy":"product_brand","embeddable":true,"href":"https:\/\/kidsplay.lt\/lv\/wp-json\/wp\/v2\/product_brand?post=96001"},{"taxonomy":"product_cat","embeddable":true,"href":"https:\/\/kidsplay.lt\/lv\/wp-json\/wp\/v2\/product_cat?post=96001"},{"taxonomy":"product_tag","embeddable":true,"href":"https:\/\/kidsplay.lt\/lv\/wp-json\/wp\/v2\/product_tag?post=96001"}],"curies":[{"name":"wp","href":"https:\/\/api.w.org\/{rel}","templated":true}]}}