{"id":96008,"date":"2026-03-23T07:36:35","date_gmt":"2026-03-23T05:36:35","guid":{"rendered":"https:\/\/kidsplay.lt\/produktas\/woopie-interaktyvus-ropojancios-boruzeles-zaislas\/"},"modified":"2026-04-07T09:33:09","modified_gmt":"2026-04-07T06:33:09","slug":"woopie-interaktyvus-ropojancios-boruzeles-zaislas","status":"publish","type":"product","link":"https:\/\/kidsplay.lt\/lv\/products\/woopie-interaktyvus-ropojancios-boruzeles-zaislas\/","title":{"rendered":"WOOPIE interaktyvus ropojan\u010dios boru\u017e\u0117l\u0117s \u017eaislas"},"content":{"rendered":"<p>Interaktyvus ropojan\u010dios boru\u017e\u0117l\u0117s \u017eaislas i\u0161 WOOPIE \u2013 puikus pagalbininkas mokantis pirm\u0173j\u0173 \u017eingsni\u0173. \u017daislas juda ir \u201eb\u0117ga\u201c nuo k\u016bdikio, skatindamas j\u012f jud\u0117ti ir vytis. Specialus jutiklis leid\u017eia boru\u017e\u0117lei aptikti kli\u016btis ir apsisukti. \u017daislas turi daug edukacini\u0173 funkcij\u0173 \u2013 kiekviena kojel\u0117 yra skirtingos spalvos ir vaizduoja vis kit\u0105 gyv\u016bn\u0105, tod\u0117l vaikas gali mokytis \u017eaisdamas. Paspaudus kojel\u0119, i\u0161girsite gyv\u016bno pavadinim\u0105 ir jam b\u016bding\u0105 gars\u0105. Gyv\u016bn\u0173 pavadinimai pateikiami angl\u0173 kalba, tod\u0117l vaikas gali mokytis pirm\u0173j\u0173 angli\u0161k\u0173 \u017eod\u017ei\u0173. Ant \u017eaislo vir\u0161aus esantis b\u016bgnelis \u012fjungia \u0161viesos ir garso efektus.<br \/>\nRaksturojums:<\/p>\n<p>\u017eaislas skirtas k\u016bdikiams nuo 6 m\u0117nesi\u0173,<\/p>\n<p>interaktyvus \u017eaislas,<\/p>\n<p>skirtas mokytis ropoti ir vaik\u0161\u010dioti \u2013 juda ir skatina k\u016bdik\u012f j\u012f vytis,<\/p>\n<p>spalv\u0173 mokymasis \u2013 kiekviena kojel\u0117 skirtingos spalvos,<\/p>\n<p>gyv\u016bn\u0173 pa\u017einimas \u2013 paspaudus kojel\u0119 girdimas gyv\u016bno pavadinimas ir garsas,<\/p>\n<p>padeda mokytis angl\u0173 kalbos,<\/p>\n<p>b\u016bgnelis ant nugaros \u2013 paspaudus skleid\u017eia gars\u0105 ir \u012fsijungia \u0161viesa,<\/p>\n<p>garso ir \u0161viesos efektai,<\/p>\n<p>pagamintas i\u0161 netoksi\u0161ko, perdirbamo ABS plastiko,<\/p>\n<p>reikalingos 3 x AA 1,5 V baterijos (nepridedamos).<\/p>","protected":false},"excerpt":{"rendered":"<p>Interaktyvus ropojan\u010dios boru\u017e\u0117l\u0117s \u017eaislas i\u0161 WOOPIE \u2013 puikus pagalbininkas mokantis pirm\u0173j\u0173 \u017eingsni\u0173. \u017daislas juda ir \u201eb\u0117ga\u201c nuo k\u016bdikio, skatindamas j\u012f<\/p>","protected":false},"featured_media":96010,"template":"","meta":{"_acf_changed":false,"_glsr_average":0,"_glsr_ranking":0,"_glsr_reviews":0},"product_brand":[],"product_cat":[396,229],"product_tag":[],"class_list":{"0":"post-96008","1":"product","2":"type-product","3":"status-publish","4":"has-post-thumbnail","6":"product_cat-kudikiu-zaislai-vaikams2","7":"product_cat-zaislai-vaikams","8":"\"style=\"background-color: #2ecc711c;\"","10":"first","11":"instock","12":"purchasable","13":"product-type-simple"},"acf":[],"yoast_head":"<!-- This site is optimized with the Yoast SEO plugin v27.3 - https:\/\/yoast.com\/product\/yoast-seo-wordpress\/ -->\n<title>WOOPIE interaktyvus ropojan\u010dios boru\u017e\u0117l\u0117s \u017eaislas<\/title>\n<meta name=\"description\" content=\"WOOPIE interaktyvus ropojan\u010dios boru\u017e\u0117l\u0117s \u017eaislas - KidsPlay. Did\u017eiausias vaik\u0173 \u017eaisl\u0173 pasirinkimas.\" \/>\n<meta name=\"robots\" content=\"index, follow, max-snippet:-1, max-image-preview:large, max-video-preview:-1\" \/>\n<link rel=\"canonical\" href=\"https:\/\/kidsplay.lt\/lv\/products\/woopie-interaktyvus-ropojancios-boruzeles-zaislas\/\" \/>\n<meta property=\"og:locale\" content=\"lv_LV\" \/>\n<meta property=\"og:type\" content=\"article\" \/>\n<meta property=\"og:title\" content=\"WOOPIE interaktyvus ropojan\u010dios boru\u017e\u0117l\u0117s \u017eaislas\" \/>\n<meta property=\"og:description\" content=\"WOOPIE interaktyvus ropojan\u010dios boru\u017e\u0117l\u0117s \u017eaislas - KidsPlay. Did\u017eiausias vaik\u0173 \u017eaisl\u0173 pasirinkimas.\" \/>\n<meta property=\"og:url\" content=\"https:\/\/kidsplay.lt\/lv\/products\/woopie-interaktyvus-ropojancios-boruzeles-zaislas\/\" \/>\n<meta property=\"og:site_name\" content=\"KidsPlay\" \/>\n<meta property=\"article:publisher\" content=\"https:\/\/www.facebook.com\/www.kidsplay.lt\" \/>\n<meta property=\"article:modified_time\" content=\"2026-04-07T06:33:09+00:00\" \/>\n<meta property=\"og:image\" content=\"https:\/\/kidsplay.lt\/wp-content\/uploads\/2026\/03\/WOOPIE-interaktyvus-ropojancios-boruzeles-zaislas.jpg\" \/>\n\t<meta property=\"og:image:width\" content=\"2560\" \/>\n\t<meta property=\"og:image:height\" content=\"2560\" \/>\n\t<meta property=\"og:image:type\" content=\"image\/jpeg\" \/>\n<meta name=\"twitter:card\" content=\"summary_large_image\" \/>\n<meta name=\"twitter:label1\" content=\"Est. reading time\" \/>\n\t<meta name=\"twitter:data1\" content=\"1 min\u016bte\" \/>\n<script type=\"application\/ld+json\" class=\"yoast-schema-graph\">{\"@context\":\"https:\\\/\\\/schema.org\",\"@graph\":[{\"@type\":\"WebPage\",\"@id\":\"https:\\\/\\\/kidsplay.lt\\\/produktas\\\/woopie-interaktyvus-ropojancios-boruzeles-zaislas\\\/\",\"url\":\"https:\\\/\\\/kidsplay.lt\\\/produktas\\\/woopie-interaktyvus-ropojancios-boruzeles-zaislas\\\/\",\"name\":\"WOOPIE interaktyvus ropojan\u010dios boru\u017e\u0117l\u0117s \u017eaislas\",\"isPartOf\":{\"@id\":\"https:\\\/\\\/kidsplay.lt\\\/#website\"},\"primaryImageOfPage\":{\"@id\":\"https:\\\/\\\/kidsplay.lt\\\/produktas\\\/woopie-interaktyvus-ropojancios-boruzeles-zaislas\\\/#primaryimage\"},\"image\":{\"@id\":\"https:\\\/\\\/kidsplay.lt\\\/produktas\\\/woopie-interaktyvus-ropojancios-boruzeles-zaislas\\\/#primaryimage\"},\"thumbnailUrl\":\"https:\\\/\\\/kidsplay.lt\\\/wp-content\\\/uploads\\\/2026\\\/03\\\/WOOPIE-interaktyvus-ropojancios-boruzeles-zaislas.jpg\",\"datePublished\":\"2026-03-23T05:36:35+00:00\",\"dateModified\":\"2026-04-07T06:33:09+00:00\",\"description\":\"WOOPIE interaktyvus ropojan\u010dios boru\u017e\u0117l\u0117s \u017eaislas - KidsPlay. Did\u017eiausias vaik\u0173 \u017eaisl\u0173 pasirinkimas.\",\"breadcrumb\":{\"@id\":\"https:\\\/\\\/kidsplay.lt\\\/produktas\\\/woopie-interaktyvus-ropojancios-boruzeles-zaislas\\\/#breadcrumb\"},\"inLanguage\":\"lv-LV\",\"potentialAction\":[{\"@type\":\"ReadAction\",\"target\":[\"https:\\\/\\\/kidsplay.lt\\\/produktas\\\/woopie-interaktyvus-ropojancios-boruzeles-zaislas\\\/\"]}]},{\"@type\":\"ImageObject\",\"inLanguage\":\"lv-LV\",\"@id\":\"https:\\\/\\\/kidsplay.lt\\\/produktas\\\/woopie-interaktyvus-ropojancios-boruzeles-zaislas\\\/#primaryimage\",\"url\":\"https:\\\/\\\/kidsplay.lt\\\/wp-content\\\/uploads\\\/2026\\\/03\\\/WOOPIE-interaktyvus-ropojancios-boruzeles-zaislas.jpg\",\"contentUrl\":\"https:\\\/\\\/kidsplay.lt\\\/wp-content\\\/uploads\\\/2026\\\/03\\\/WOOPIE-interaktyvus-ropojancios-boruzeles-zaislas.jpg\",\"width\":2560,\"height\":2560,\"caption\":\"WOOPIE interaktyvus ropojan\u010dios boru\u017e\u0117l\u0117s \u017eaislas\"},{\"@type\":\"BreadcrumbList\",\"@id\":\"https:\\\/\\\/kidsplay.lt\\\/produktas\\\/woopie-interaktyvus-ropojancios-boruzeles-zaislas\\\/#breadcrumb\",\"itemListElement\":[{\"@type\":\"ListItem\",\"position\":1,\"name\":\"Pagrindinis\",\"item\":\"https:\\\/\\\/kidsplay.lt\\\/\"},{\"@type\":\"ListItem\",\"position\":2,\"name\":\"Parduotuv\u0117\",\"item\":\"https:\\\/\\\/kidsplay.lt\\\/parduotuve\\\/\"},{\"@type\":\"ListItem\",\"position\":3,\"name\":\"WOOPIE interaktyvus ropojan\u010dios boru\u017e\u0117l\u0117s \u017eaislas\"}]},{\"@type\":\"WebSite\",\"@id\":\"https:\\\/\\\/kidsplay.lt\\\/#website\",\"url\":\"https:\\\/\\\/kidsplay.lt\\\/\",\"name\":\"Kidsplay.lt\",\"description\":\"\u012evairios prek\u0117s vaikams\",\"publisher\":{\"@id\":\"https:\\\/\\\/kidsplay.lt\\\/#organization\"},\"alternateName\":\"Kidsplay\",\"potentialAction\":[{\"@type\":\"SearchAction\",\"target\":{\"@type\":\"EntryPoint\",\"urlTemplate\":\"https:\\\/\\\/kidsplay.lt\\\/?s={search_term_string}\"},\"query-input\":{\"@type\":\"PropertyValueSpecification\",\"valueRequired\":true,\"valueName\":\"search_term_string\"}}],\"inLanguage\":\"lv-LV\"},{\"@type\":\"Organization\",\"@id\":\"https:\\\/\\\/kidsplay.lt\\\/#organization\",\"name\":\"KidsPlay\",\"url\":\"https:\\\/\\\/kidsplay.lt\\\/\",\"logo\":{\"@type\":\"ImageObject\",\"inLanguage\":\"lv-LV\",\"@id\":\"https:\\\/\\\/kidsplay.lt\\\/#\\\/schema\\\/logo\\\/image\\\/\",\"url\":\"https:\\\/\\\/kidsplay.lt\\\/wp-content\\\/uploads\\\/2023\\\/07\\\/kidsplay-logo.png\",\"contentUrl\":\"https:\\\/\\\/kidsplay.lt\\\/wp-content\\\/uploads\\\/2023\\\/07\\\/kidsplay-logo.png\",\"width\":451,\"height\":98,\"caption\":\"KidsPlay\"},\"image\":{\"@id\":\"https:\\\/\\\/kidsplay.lt\\\/#\\\/schema\\\/logo\\\/image\\\/\"},\"sameAs\":[\"https:\\\/\\\/www.facebook.com\\\/www.kidsplay.lt\"]}]}<\/script>\n<!-- \/ Yoast SEO plugin. -->","yoast_head_json":{"title":"WOOPIE interaktyvus ropojan\u010dios boru\u017e\u0117l\u0117s \u017eaislas","description":"WOOPIE interaktyvus ropojan\u010dios boru\u017e\u0117l\u0117s \u017eaislas - KidsPlay. Did\u017eiausias vaik\u0173 \u017eaisl\u0173 pasirinkimas.","robots":{"index":"index","follow":"follow","max-snippet":"max-snippet:-1","max-image-preview":"max-image-preview:large","max-video-preview":"max-video-preview:-1"},"canonical":"https:\/\/kidsplay.lt\/lv\/products\/woopie-interaktyvus-ropojancios-boruzeles-zaislas\/","og_locale":"lv_LV","og_type":"article","og_title":"WOOPIE interaktyvus ropojan\u010dios boru\u017e\u0117l\u0117s \u017eaislas","og_description":"WOOPIE interaktyvus ropojan\u010dios boru\u017e\u0117l\u0117s \u017eaislas - KidsPlay. Did\u017eiausias vaik\u0173 \u017eaisl\u0173 pasirinkimas.","og_url":"https:\/\/kidsplay.lt\/lv\/products\/woopie-interaktyvus-ropojancios-boruzeles-zaislas\/","og_site_name":"KidsPlay","article_publisher":"https:\/\/www.facebook.com\/www.kidsplay.lt","article_modified_time":"2026-04-07T06:33:09+00:00","og_image":[{"width":2560,"height":2560,"url":"https:\/\/kidsplay.lt\/wp-content\/uploads\/2026\/03\/WOOPIE-interaktyvus-ropojancios-boruzeles-zaislas.jpg","type":"image\/jpeg"}],"twitter_card":"summary_large_image","twitter_misc":{"Est. reading time":"1 min\u016bte"},"schema":{"@context":"https:\/\/schema.org","@graph":[{"@type":"WebPage","@id":"https:\/\/kidsplay.lt\/produktas\/woopie-interaktyvus-ropojancios-boruzeles-zaislas\/","url":"https:\/\/kidsplay.lt\/produktas\/woopie-interaktyvus-ropojancios-boruzeles-zaislas\/","name":"WOOPIE interaktyvus ropojan\u010dios boru\u017e\u0117l\u0117s \u017eaislas","isPartOf":{"@id":"https:\/\/kidsplay.lt\/#website"},"primaryImageOfPage":{"@id":"https:\/\/kidsplay.lt\/produktas\/woopie-interaktyvus-ropojancios-boruzeles-zaislas\/#primaryimage"},"image":{"@id":"https:\/\/kidsplay.lt\/produktas\/woopie-interaktyvus-ropojancios-boruzeles-zaislas\/#primaryimage"},"thumbnailUrl":"https:\/\/kidsplay.lt\/wp-content\/uploads\/2026\/03\/WOOPIE-interaktyvus-ropojancios-boruzeles-zaislas.jpg","datePublished":"2026-03-23T05:36:35+00:00","dateModified":"2026-04-07T06:33:09+00:00","description":"WOOPIE interaktyvus ropojan\u010dios boru\u017e\u0117l\u0117s \u017eaislas - KidsPlay. Did\u017eiausias vaik\u0173 \u017eaisl\u0173 pasirinkimas.","breadcrumb":{"@id":"https:\/\/kidsplay.lt\/produktas\/woopie-interaktyvus-ropojancios-boruzeles-zaislas\/#breadcrumb"},"inLanguage":"lv-LV","potentialAction":[{"@type":"ReadAction","target":["https:\/\/kidsplay.lt\/produktas\/woopie-interaktyvus-ropojancios-boruzeles-zaislas\/"]}]},{"@type":"ImageObject","inLanguage":"lv-LV","@id":"https:\/\/kidsplay.lt\/produktas\/woopie-interaktyvus-ropojancios-boruzeles-zaislas\/#primaryimage","url":"https:\/\/kidsplay.lt\/wp-content\/uploads\/2026\/03\/WOOPIE-interaktyvus-ropojancios-boruzeles-zaislas.jpg","contentUrl":"https:\/\/kidsplay.lt\/wp-content\/uploads\/2026\/03\/WOOPIE-interaktyvus-ropojancios-boruzeles-zaislas.jpg","width":2560,"height":2560,"caption":"WOOPIE interaktyvus ropojan\u010dios boru\u017e\u0117l\u0117s \u017eaislas"},{"@type":"BreadcrumbList","@id":"https:\/\/kidsplay.lt\/produktas\/woopie-interaktyvus-ropojancios-boruzeles-zaislas\/#breadcrumb","itemListElement":[{"@type":"ListItem","position":1,"name":"Pagrindinis","item":"https:\/\/kidsplay.lt\/"},{"@type":"ListItem","position":2,"name":"Parduotuv\u0117","item":"https:\/\/kidsplay.lt\/parduotuve\/"},{"@type":"ListItem","position":3,"name":"WOOPIE interaktyvus ropojan\u010dios boru\u017e\u0117l\u0117s \u017eaislas"}]},{"@type":"WebSite","@id":"https:\/\/kidsplay.lt\/#website","url":"https:\/\/kidsplay.lt\/","name":"B\u0113rnu sp\u0113les.lv","description":"\u012evairios prek\u0117s vaikams","publisher":{"@id":"https:\/\/kidsplay.lt\/#organization"},"alternateName":"Kidsplay","potentialAction":[{"@type":"SearchAction","target":{"@type":"EntryPoint","urlTemplate":"https:\/\/kidsplay.lt\/?s={search_term_string}"},"query-input":{"@type":"PropertyValueSpecification","valueRequired":true,"valueName":"search_term_string"}}],"inLanguage":"lv-LV"},{"@type":"Organization","@id":"https:\/\/kidsplay.lt\/#organization","name":"B\u0113rnu sp\u0113le","url":"https:\/\/kidsplay.lt\/","logo":{"@type":"ImageObject","inLanguage":"lv-LV","@id":"https:\/\/kidsplay.lt\/#\/schema\/logo\/image\/","url":"https:\/\/kidsplay.lt\/wp-content\/uploads\/2023\/07\/kidsplay-logo.png","contentUrl":"https:\/\/kidsplay.lt\/wp-content\/uploads\/2023\/07\/kidsplay-logo.png","width":451,"height":98,"caption":"KidsPlay"},"image":{"@id":"https:\/\/kidsplay.lt\/#\/schema\/logo\/image\/"},"sameAs":["https:\/\/www.facebook.com\/www.kidsplay.lt"]}]}},"_links":{"self":[{"href":"https:\/\/kidsplay.lt\/lv\/wp-json\/wp\/v2\/product\/96008","targetHints":{"allow":["GET"]}}],"collection":[{"href":"https:\/\/kidsplay.lt\/lv\/wp-json\/wp\/v2\/product"}],"about":[{"href":"https:\/\/kidsplay.lt\/lv\/wp-json\/wp\/v2\/types\/product"}],"version-history":[{"count":1,"href":"https:\/\/kidsplay.lt\/lv\/wp-json\/wp\/v2\/product\/96008\/revisions"}],"predecessor-version":[{"id":96009,"href":"https:\/\/kidsplay.lt\/lv\/wp-json\/wp\/v2\/product\/96008\/revisions\/96009"}],"wp:featuredmedia":[{"embeddable":true,"href":"https:\/\/kidsplay.lt\/lv\/wp-json\/wp\/v2\/media\/96010"}],"wp:attachment":[{"href":"https:\/\/kidsplay.lt\/lv\/wp-json\/wp\/v2\/media?parent=96008"}],"wp:term":[{"taxonomy":"product_brand","embeddable":true,"href":"https:\/\/kidsplay.lt\/lv\/wp-json\/wp\/v2\/product_brand?post=96008"},{"taxonomy":"product_cat","embeddable":true,"href":"https:\/\/kidsplay.lt\/lv\/wp-json\/wp\/v2\/product_cat?post=96008"},{"taxonomy":"product_tag","embeddable":true,"href":"https:\/\/kidsplay.lt\/lv\/wp-json\/wp\/v2\/product_tag?post=96008"}],"curies":[{"name":"wp","href":"https:\/\/api.w.org\/{rel}","templated":true}]}}