{"id":96029,"date":"2026-03-23T07:38:01","date_gmt":"2026-03-23T05:38:01","guid":{"rendered":"https:\/\/kidsplay.lt\/produktas\/woopie-ukio-figureliu-rinkinys-su-deze-57-vnt\/"},"modified":"2026-04-07T09:33:17","modified_gmt":"2026-04-07T06:33:17","slug":"woopie-ukio-figureliu-rinkinys-su-deze-57-vnt","status":"publish","type":"product","link":"https:\/\/kidsplay.lt\/lv\/products\/woopie-ukio-figureliu-rinkinys-su-deze-57-vnt\/","title":{"rendered":"WOOPIE \u016bkio fig\u016br\u0117li\u0173 rinkinys su d\u0117\u017ee \u2013 57 vnt."},"content":{"rendered":"<p>\u201eWoopie\u201c \u016bkio fig\u016br\u0117li\u0173 rinkinys \u2013 puiki dovana ma\u017eiesiems gyv\u016bn\u0173 myl\u0117tojams. Rinkinyje yra 12 \u012fvairi\u0173, realisti\u0161kai atkurt\u0173 gyv\u016bn\u0173 fig\u016br\u0117li\u0173, 44 priedai ir d\u0117\u017e\u0117. Tai puikus b\u016bdas mokytis per \u017eaidim\u0105: vaikai pa\u017eins gyv\u016bn\u0173 r\u016b\u0161is ir i\u0161moks jas \u012fvardinti. Rinkinys pateikiamas patogioje d\u0117\u017e\u0117je su rankena, kuri leid\u017eia ne tik greitai susitvarkyti, bet ir patogiai pasiimti \u017eaislus kelionei. Realisti\u0161kai atrodan\u010dios fig\u016br\u0117l\u0117s praple\u010dia ma\u017eojo kolekcininko rinkin\u012f, atlieka edukacin\u0119 funkcij\u0105 ir suteikia smag\u0173 \u017eaidim\u0105, lavinant\u012f vaiko vaizduot\u0119 ir k\u016brybi\u0161kum\u0105.<br \/>\nRaksturojums:<\/p>\n<p>\u017eaislas skirtas vaikams nuo 3 met\u0173<\/p>\n<p>patogi, kompakti\u0161ka d\u0117\u017e\u0117 su rankena<\/p>\n<p>kruop\u0161\u010diai pagamintos gyv\u016bn\u0173 fig\u016br\u0117l\u0117s<\/p>\n<p>net 57 elementai<\/p>\n<p>Rinkin\u012f sudaro 57 elementai, \u012fskaitant:<\/p>\n<p>12 gyv\u016bn\u0173 fig\u016br\u0117li\u0173<\/p>\n<p>2 med\u017ei\u0173 fig\u016br\u0117l\u0117s<\/p>\n<p>16 d\u0117lioni\u0173 dali\u0173, kurias galima naudoti kaip \u016bkio \u017eem\u0119<\/p>\n<p>12 dali\u0173 tvora \u016bkiui<\/p>\n<p>14 augal\u0173 fig\u016br\u0117li\u0173<\/p>\n<p>d\u0117\u017e\u0117 su rankena<\/p>","protected":false},"excerpt":{"rendered":"<p>\u201eWoopie\u201c \u016bkio fig\u016br\u0117li\u0173 rinkinys \u2013 puiki dovana ma\u017eiesiems gyv\u016bn\u0173 myl\u0117tojams. Rinkinyje yra 12 \u012fvairi\u0173, realisti\u0161kai atkurt\u0173 gyv\u016bn\u0173 fig\u016br\u0117li\u0173, 44 priedai<\/p>","protected":false},"featured_media":96031,"template":"","meta":{"_acf_changed":false,"_glsr_average":0,"_glsr_ranking":0,"_glsr_reviews":0},"product_brand":[],"product_cat":[436,229],"product_tag":[],"class_list":{"0":"post-96029","1":"product","2":"type-product","3":"status-publish","4":"has-post-thumbnail","6":"product_cat-kolekcionuojamos-figureles","7":"product_cat-zaislai-vaikams","8":"\"style=\"background-color: #2ecc711c;\"","10":"first","11":"instock","12":"purchasable","13":"product-type-simple"},"acf":[],"yoast_head":"<!-- This site is optimized with the Yoast SEO plugin v27.3 - https:\/\/yoast.com\/product\/yoast-seo-wordpress\/ -->\n<title>WOOPIE \u016bkio fig\u016br\u0117li\u0173 rinkinys su d\u0117\u017ee \u2013 57 vnt.<\/title>\n<meta name=\"description\" content=\"WOOPIE \u016bkio fig\u016br\u0117li\u0173 rinkinys su d\u0117\u017ee \u2013 57 vnt. - KidsPlay. Did\u017eiausias vaik\u0173 \u017eaisl\u0173 pasirinkimas.\" \/>\n<meta name=\"robots\" content=\"index, follow, max-snippet:-1, max-image-preview:large, max-video-preview:-1\" \/>\n<link rel=\"canonical\" href=\"https:\/\/kidsplay.lt\/lv\/products\/woopie-ukio-figureliu-rinkinys-su-deze-57-vnt\/\" \/>\n<meta property=\"og:locale\" content=\"lv_LV\" \/>\n<meta property=\"og:type\" content=\"article\" \/>\n<meta property=\"og:title\" content=\"WOOPIE \u016bkio fig\u016br\u0117li\u0173 rinkinys su d\u0117\u017ee \u2013 57 vnt.\" \/>\n<meta property=\"og:description\" content=\"WOOPIE \u016bkio fig\u016br\u0117li\u0173 rinkinys su d\u0117\u017ee \u2013 57 vnt. - KidsPlay. Did\u017eiausias vaik\u0173 \u017eaisl\u0173 pasirinkimas.\" \/>\n<meta property=\"og:url\" content=\"https:\/\/kidsplay.lt\/lv\/products\/woopie-ukio-figureliu-rinkinys-su-deze-57-vnt\/\" \/>\n<meta property=\"og:site_name\" content=\"KidsPlay\" \/>\n<meta property=\"article:publisher\" content=\"https:\/\/www.facebook.com\/www.kidsplay.lt\" \/>\n<meta property=\"article:modified_time\" content=\"2026-04-07T06:33:17+00:00\" \/>\n<meta property=\"og:image\" content=\"https:\/\/kidsplay.lt\/wp-content\/uploads\/2026\/03\/WOOPIE-ukio-figureliu-rinkinys-su-deze-\u2013-57-vnt.png\" \/>\n\t<meta property=\"og:image:width\" content=\"1100\" \/>\n\t<meta property=\"og:image:height\" content=\"1422\" \/>\n\t<meta property=\"og:image:type\" content=\"image\/png\" \/>\n<meta name=\"twitter:card\" content=\"summary_large_image\" \/>\n<meta name=\"twitter:label1\" content=\"Est. reading time\" \/>\n\t<meta name=\"twitter:data1\" content=\"1 min\u016bte\" \/>\n<script type=\"application\/ld+json\" class=\"yoast-schema-graph\">{\"@context\":\"https:\\\/\\\/schema.org\",\"@graph\":[{\"@type\":\"WebPage\",\"@id\":\"https:\\\/\\\/kidsplay.lt\\\/produktas\\\/woopie-ukio-figureliu-rinkinys-su-deze-57-vnt\\\/\",\"url\":\"https:\\\/\\\/kidsplay.lt\\\/produktas\\\/woopie-ukio-figureliu-rinkinys-su-deze-57-vnt\\\/\",\"name\":\"WOOPIE \u016bkio fig\u016br\u0117li\u0173 rinkinys su d\u0117\u017ee \u2013 57 vnt.\",\"isPartOf\":{\"@id\":\"https:\\\/\\\/kidsplay.lt\\\/#website\"},\"primaryImageOfPage\":{\"@id\":\"https:\\\/\\\/kidsplay.lt\\\/produktas\\\/woopie-ukio-figureliu-rinkinys-su-deze-57-vnt\\\/#primaryimage\"},\"image\":{\"@id\":\"https:\\\/\\\/kidsplay.lt\\\/produktas\\\/woopie-ukio-figureliu-rinkinys-su-deze-57-vnt\\\/#primaryimage\"},\"thumbnailUrl\":\"https:\\\/\\\/kidsplay.lt\\\/wp-content\\\/uploads\\\/2026\\\/03\\\/WOOPIE-ukio-figureliu-rinkinys-su-deze-\u2013-57-vnt.png\",\"datePublished\":\"2026-03-23T05:38:01+00:00\",\"dateModified\":\"2026-04-07T06:33:17+00:00\",\"description\":\"WOOPIE \u016bkio fig\u016br\u0117li\u0173 rinkinys su d\u0117\u017ee \u2013 57 vnt. - KidsPlay. Did\u017eiausias vaik\u0173 \u017eaisl\u0173 pasirinkimas.\",\"breadcrumb\":{\"@id\":\"https:\\\/\\\/kidsplay.lt\\\/produktas\\\/woopie-ukio-figureliu-rinkinys-su-deze-57-vnt\\\/#breadcrumb\"},\"inLanguage\":\"lv-LV\",\"potentialAction\":[{\"@type\":\"ReadAction\",\"target\":[\"https:\\\/\\\/kidsplay.lt\\\/produktas\\\/woopie-ukio-figureliu-rinkinys-su-deze-57-vnt\\\/\"]}]},{\"@type\":\"ImageObject\",\"inLanguage\":\"lv-LV\",\"@id\":\"https:\\\/\\\/kidsplay.lt\\\/produktas\\\/woopie-ukio-figureliu-rinkinys-su-deze-57-vnt\\\/#primaryimage\",\"url\":\"https:\\\/\\\/kidsplay.lt\\\/wp-content\\\/uploads\\\/2026\\\/03\\\/WOOPIE-ukio-figureliu-rinkinys-su-deze-\u2013-57-vnt.png\",\"contentUrl\":\"https:\\\/\\\/kidsplay.lt\\\/wp-content\\\/uploads\\\/2026\\\/03\\\/WOOPIE-ukio-figureliu-rinkinys-su-deze-\u2013-57-vnt.png\",\"width\":1100,\"height\":1422,\"caption\":\"WOOPIE \u016bkio fig\u016br\u0117li\u0173 rinkinys su d\u0117\u017ee \u2013 57 vnt.\"},{\"@type\":\"BreadcrumbList\",\"@id\":\"https:\\\/\\\/kidsplay.lt\\\/produktas\\\/woopie-ukio-figureliu-rinkinys-su-deze-57-vnt\\\/#breadcrumb\",\"itemListElement\":[{\"@type\":\"ListItem\",\"position\":1,\"name\":\"Pagrindinis\",\"item\":\"https:\\\/\\\/kidsplay.lt\\\/\"},{\"@type\":\"ListItem\",\"position\":2,\"name\":\"Parduotuv\u0117\",\"item\":\"https:\\\/\\\/kidsplay.lt\\\/parduotuve\\\/\"},{\"@type\":\"ListItem\",\"position\":3,\"name\":\"WOOPIE \u016bkio fig\u016br\u0117li\u0173 rinkinys su d\u0117\u017ee \u2013 57 vnt.\"}]},{\"@type\":\"WebSite\",\"@id\":\"https:\\\/\\\/kidsplay.lt\\\/#website\",\"url\":\"https:\\\/\\\/kidsplay.lt\\\/\",\"name\":\"Kidsplay.lt\",\"description\":\"\u012evairios prek\u0117s vaikams\",\"publisher\":{\"@id\":\"https:\\\/\\\/kidsplay.lt\\\/#organization\"},\"alternateName\":\"Kidsplay\",\"potentialAction\":[{\"@type\":\"SearchAction\",\"target\":{\"@type\":\"EntryPoint\",\"urlTemplate\":\"https:\\\/\\\/kidsplay.lt\\\/?s={search_term_string}\"},\"query-input\":{\"@type\":\"PropertyValueSpecification\",\"valueRequired\":true,\"valueName\":\"search_term_string\"}}],\"inLanguage\":\"lv-LV\"},{\"@type\":\"Organization\",\"@id\":\"https:\\\/\\\/kidsplay.lt\\\/#organization\",\"name\":\"KidsPlay\",\"url\":\"https:\\\/\\\/kidsplay.lt\\\/\",\"logo\":{\"@type\":\"ImageObject\",\"inLanguage\":\"lv-LV\",\"@id\":\"https:\\\/\\\/kidsplay.lt\\\/#\\\/schema\\\/logo\\\/image\\\/\",\"url\":\"https:\\\/\\\/kidsplay.lt\\\/wp-content\\\/uploads\\\/2023\\\/07\\\/kidsplay-logo.png\",\"contentUrl\":\"https:\\\/\\\/kidsplay.lt\\\/wp-content\\\/uploads\\\/2023\\\/07\\\/kidsplay-logo.png\",\"width\":451,\"height\":98,\"caption\":\"KidsPlay\"},\"image\":{\"@id\":\"https:\\\/\\\/kidsplay.lt\\\/#\\\/schema\\\/logo\\\/image\\\/\"},\"sameAs\":[\"https:\\\/\\\/www.facebook.com\\\/www.kidsplay.lt\"]}]}<\/script>\n<!-- \/ Yoast SEO plugin. -->","yoast_head_json":{"title":"WOOPIE \u016bkio fig\u016br\u0117li\u0173 rinkinys su d\u0117\u017ee \u2013 57 vnt.","description":"WOOPIE \u016bkio fig\u016br\u0117li\u0173 rinkinys su d\u0117\u017ee \u2013 57 vnt. - KidsPlay. Did\u017eiausias vaik\u0173 \u017eaisl\u0173 pasirinkimas.","robots":{"index":"index","follow":"follow","max-snippet":"max-snippet:-1","max-image-preview":"max-image-preview:large","max-video-preview":"max-video-preview:-1"},"canonical":"https:\/\/kidsplay.lt\/lv\/products\/woopie-ukio-figureliu-rinkinys-su-deze-57-vnt\/","og_locale":"lv_LV","og_type":"article","og_title":"WOOPIE \u016bkio fig\u016br\u0117li\u0173 rinkinys su d\u0117\u017ee \u2013 57 vnt.","og_description":"WOOPIE \u016bkio fig\u016br\u0117li\u0173 rinkinys su d\u0117\u017ee \u2013 57 vnt. - KidsPlay. Did\u017eiausias vaik\u0173 \u017eaisl\u0173 pasirinkimas.","og_url":"https:\/\/kidsplay.lt\/lv\/products\/woopie-ukio-figureliu-rinkinys-su-deze-57-vnt\/","og_site_name":"KidsPlay","article_publisher":"https:\/\/www.facebook.com\/www.kidsplay.lt","article_modified_time":"2026-04-07T06:33:17+00:00","og_image":[{"width":1100,"height":1422,"url":"https:\/\/kidsplay.lt\/wp-content\/uploads\/2026\/03\/WOOPIE-ukio-figureliu-rinkinys-su-deze-\u2013-57-vnt.png","type":"image\/png"}],"twitter_card":"summary_large_image","twitter_misc":{"Est. reading time":"1 min\u016bte"},"schema":{"@context":"https:\/\/schema.org","@graph":[{"@type":"WebPage","@id":"https:\/\/kidsplay.lt\/produktas\/woopie-ukio-figureliu-rinkinys-su-deze-57-vnt\/","url":"https:\/\/kidsplay.lt\/produktas\/woopie-ukio-figureliu-rinkinys-su-deze-57-vnt\/","name":"WOOPIE \u016bkio fig\u016br\u0117li\u0173 rinkinys su d\u0117\u017ee \u2013 57 vnt.","isPartOf":{"@id":"https:\/\/kidsplay.lt\/#website"},"primaryImageOfPage":{"@id":"https:\/\/kidsplay.lt\/produktas\/woopie-ukio-figureliu-rinkinys-su-deze-57-vnt\/#primaryimage"},"image":{"@id":"https:\/\/kidsplay.lt\/produktas\/woopie-ukio-figureliu-rinkinys-su-deze-57-vnt\/#primaryimage"},"thumbnailUrl":"https:\/\/kidsplay.lt\/wp-content\/uploads\/2026\/03\/WOOPIE-ukio-figureliu-rinkinys-su-deze-\u2013-57-vnt.png","datePublished":"2026-03-23T05:38:01+00:00","dateModified":"2026-04-07T06:33:17+00:00","description":"WOOPIE \u016bkio fig\u016br\u0117li\u0173 rinkinys su d\u0117\u017ee \u2013 57 vnt. - KidsPlay. Did\u017eiausias vaik\u0173 \u017eaisl\u0173 pasirinkimas.","breadcrumb":{"@id":"https:\/\/kidsplay.lt\/produktas\/woopie-ukio-figureliu-rinkinys-su-deze-57-vnt\/#breadcrumb"},"inLanguage":"lv-LV","potentialAction":[{"@type":"ReadAction","target":["https:\/\/kidsplay.lt\/produktas\/woopie-ukio-figureliu-rinkinys-su-deze-57-vnt\/"]}]},{"@type":"ImageObject","inLanguage":"lv-LV","@id":"https:\/\/kidsplay.lt\/produktas\/woopie-ukio-figureliu-rinkinys-su-deze-57-vnt\/#primaryimage","url":"https:\/\/kidsplay.lt\/wp-content\/uploads\/2026\/03\/WOOPIE-ukio-figureliu-rinkinys-su-deze-\u2013-57-vnt.png","contentUrl":"https:\/\/kidsplay.lt\/wp-content\/uploads\/2026\/03\/WOOPIE-ukio-figureliu-rinkinys-su-deze-\u2013-57-vnt.png","width":1100,"height":1422,"caption":"WOOPIE \u016bkio fig\u016br\u0117li\u0173 rinkinys su d\u0117\u017ee \u2013 57 vnt."},{"@type":"BreadcrumbList","@id":"https:\/\/kidsplay.lt\/produktas\/woopie-ukio-figureliu-rinkinys-su-deze-57-vnt\/#breadcrumb","itemListElement":[{"@type":"ListItem","position":1,"name":"Pagrindinis","item":"https:\/\/kidsplay.lt\/"},{"@type":"ListItem","position":2,"name":"Parduotuv\u0117","item":"https:\/\/kidsplay.lt\/parduotuve\/"},{"@type":"ListItem","position":3,"name":"WOOPIE \u016bkio fig\u016br\u0117li\u0173 rinkinys su d\u0117\u017ee \u2013 57 vnt."}]},{"@type":"WebSite","@id":"https:\/\/kidsplay.lt\/#website","url":"https:\/\/kidsplay.lt\/","name":"B\u0113rnu sp\u0113les.lv","description":"\u012evairios prek\u0117s vaikams","publisher":{"@id":"https:\/\/kidsplay.lt\/#organization"},"alternateName":"Kidsplay","potentialAction":[{"@type":"SearchAction","target":{"@type":"EntryPoint","urlTemplate":"https:\/\/kidsplay.lt\/?s={search_term_string}"},"query-input":{"@type":"PropertyValueSpecification","valueRequired":true,"valueName":"search_term_string"}}],"inLanguage":"lv-LV"},{"@type":"Organization","@id":"https:\/\/kidsplay.lt\/#organization","name":"B\u0113rnu sp\u0113le","url":"https:\/\/kidsplay.lt\/","logo":{"@type":"ImageObject","inLanguage":"lv-LV","@id":"https:\/\/kidsplay.lt\/#\/schema\/logo\/image\/","url":"https:\/\/kidsplay.lt\/wp-content\/uploads\/2023\/07\/kidsplay-logo.png","contentUrl":"https:\/\/kidsplay.lt\/wp-content\/uploads\/2023\/07\/kidsplay-logo.png","width":451,"height":98,"caption":"KidsPlay"},"image":{"@id":"https:\/\/kidsplay.lt\/#\/schema\/logo\/image\/"},"sameAs":["https:\/\/www.facebook.com\/www.kidsplay.lt"]}]}},"_links":{"self":[{"href":"https:\/\/kidsplay.lt\/lv\/wp-json\/wp\/v2\/product\/96029","targetHints":{"allow":["GET"]}}],"collection":[{"href":"https:\/\/kidsplay.lt\/lv\/wp-json\/wp\/v2\/product"}],"about":[{"href":"https:\/\/kidsplay.lt\/lv\/wp-json\/wp\/v2\/types\/product"}],"version-history":[{"count":1,"href":"https:\/\/kidsplay.lt\/lv\/wp-json\/wp\/v2\/product\/96029\/revisions"}],"predecessor-version":[{"id":96030,"href":"https:\/\/kidsplay.lt\/lv\/wp-json\/wp\/v2\/product\/96029\/revisions\/96030"}],"wp:featuredmedia":[{"embeddable":true,"href":"https:\/\/kidsplay.lt\/lv\/wp-json\/wp\/v2\/media\/96031"}],"wp:attachment":[{"href":"https:\/\/kidsplay.lt\/lv\/wp-json\/wp\/v2\/media?parent=96029"}],"wp:term":[{"taxonomy":"product_brand","embeddable":true,"href":"https:\/\/kidsplay.lt\/lv\/wp-json\/wp\/v2\/product_brand?post=96029"},{"taxonomy":"product_cat","embeddable":true,"href":"https:\/\/kidsplay.lt\/lv\/wp-json\/wp\/v2\/product_cat?post=96029"},{"taxonomy":"product_tag","embeddable":true,"href":"https:\/\/kidsplay.lt\/lv\/wp-json\/wp\/v2\/product_tag?post=96029"}],"curies":[{"name":"wp","href":"https:\/\/api.w.org\/{rel}","templated":true}]}}