{"id":96042,"date":"2026-03-23T07:38:56","date_gmt":"2026-03-23T05:38:56","guid":{"rendered":"https:\/\/kidsplay.lt\/produktas\/woopie-mazojo-ukininko-xl-rinkinys-ukio-figureles\/"},"modified":"2026-04-13T13:53:12","modified_gmt":"2026-04-13T10:53:12","slug":"woopie-mazojo-ukininko-xl-rinkinys-ukio-figureles","status":"publish","type":"product","link":"https:\/\/kidsplay.lt\/lv\/products\/woopie-mazojo-ukininko-xl-rinkinys-ukio-figureles\/","title":{"rendered":"WOOPIE Maz\u0101 fermeres XL komplekts - Fermas fig\u016bri\u0146as"},"content":{"rendered":"<p>\u201eWoopie\u201c ma\u017eojo \u016bkininko XL rinkinys apima visus gyv\u016bnus, kuri\u0173 reikia savo \u016bkiui sukurti! Rinkinys pagamintas kokybi\u0161kai, neturi a\u0161tri\u0173 ar \u0161iurk\u0161\u010di\u0173 kamp\u0173, yra malonus liesti ir visi\u0161kai saugus vaikams. Komplektuojamas kompakti\u0161koje kartonin\u0117je d\u0117\u017e\u0117je su rankena. \u0160ios fig\u016br\u0117l\u0117s puikiai tinka mokytis gyv\u016bn\u0173 pavadinim\u0173, lavina kalbos \u012fg\u016bd\u017eius, k\u016brybi\u0161k\u0105 m\u0105stym\u0105 ir aktyv\u0173 mokym\u0105si per vaidmen\u0173 \u017eaidimus. Realisti\u0161kos \u016bkio gyv\u016bn\u0173 detal\u0117s padeda ma\u017eyliams juos atpa\u017einti, tod\u0117l tai puikus mokymosi \u012frankis. Be to, \u0161ie \u017eaislai gali atitraukti vaikus nuo elektronikos, saugodami j\u0173 reg\u0117jim\u0105.<br \/>\nRaksturojums:<\/p>\n<p>\u017eaislas skirtas vaikams nuo 3 met\u0173<\/p>\n<p>patogi pakuot\u0117 su rankena<\/p>\n<p>be a\u0161tri\u0173 kra\u0161t\u0173<\/p>\n<p>net 94 elementai<\/p>\n<p>skatina k\u016brybi\u0161kum\u0105<\/p>\n<p>Rinkin\u012f sudaro:<\/p>\n<p>12 gyv\u016bn\u0173 fig\u016br\u0117li\u0173<\/p>\n<p>2 traktoriai su nuimamais priekabomis<\/p>\n<p>3 \u017emogaus fig\u016br\u0117l\u0117s<\/p>\n<p>tvora \u016bkiui<\/p>\n<p>ferma\/arba tvartas<\/p>\n<p>kiti \u016bkio elementai<\/p>","protected":false},"excerpt":{"rendered":"<p>\u201eWoopie\u201c ma\u017eojo \u016bkininko XL rinkinys apima visus gyv\u016bnus, kuri\u0173 reikia savo \u016bkiui sukurti! Rinkinys pagamintas kokybi\u0161kai, neturi a\u0161tri\u0173 ar \u0161iurk\u0161\u010di\u0173<\/p>","protected":false},"featured_media":96044,"template":"","meta":{"_acf_changed":false,"_glsr_average":0,"_glsr_ranking":0,"_glsr_reviews":0},"product_brand":[],"product_cat":[436,229],"product_tag":[],"class_list":{"0":"post-96042","1":"product","2":"type-product","3":"status-publish","4":"has-post-thumbnail","6":"product_cat-kolekcionuojamos-figureles","7":"product_cat-zaislai-vaikams","8":"\"style=\"background-color: #2ecc711c;\"","10":"first","11":"instock","12":"purchasable","13":"product-type-simple"},"acf":[],"yoast_head":"<!-- This site is optimized with the Yoast SEO plugin v27.3 - https:\/\/yoast.com\/product\/yoast-seo-wordpress\/ -->\n<title>WOOPIE ma\u017eojo \u016bkininko XL rinkinys \u2013 \u016bkio fig\u016br\u0117l\u0117s<\/title>\n<meta name=\"description\" content=\"WOOPIE ma\u017eojo \u016bkininko XL rinkinys \u2013 \u016bkio fig\u016br\u0117l\u0117s - KidsPlay. Did\u017eiausias vaik\u0173 \u017eaisl\u0173 pasirinkimas.\" \/>\n<meta name=\"robots\" content=\"index, follow, max-snippet:-1, max-image-preview:large, max-video-preview:-1\" \/>\n<link rel=\"canonical\" href=\"https:\/\/kidsplay.lt\/lv\/products\/woopie-mazojo-ukininko-xl-rinkinys-ukio-figureles\/\" \/>\n<meta property=\"og:locale\" content=\"lv_LV\" \/>\n<meta property=\"og:type\" content=\"article\" \/>\n<meta property=\"og:title\" content=\"WOOPIE ma\u017eojo \u016bkininko XL rinkinys \u2013 \u016bkio fig\u016br\u0117l\u0117s\" \/>\n<meta property=\"og:description\" content=\"WOOPIE ma\u017eojo \u016bkininko XL rinkinys \u2013 \u016bkio fig\u016br\u0117l\u0117s - KidsPlay. Did\u017eiausias vaik\u0173 \u017eaisl\u0173 pasirinkimas.\" \/>\n<meta property=\"og:url\" content=\"https:\/\/kidsplay.lt\/lv\/products\/woopie-mazojo-ukininko-xl-rinkinys-ukio-figureles\/\" \/>\n<meta property=\"og:site_name\" content=\"KidsPlay\" \/>\n<meta property=\"article:publisher\" content=\"https:\/\/www.facebook.com\/www.kidsplay.lt\" \/>\n<meta property=\"article:modified_time\" content=\"2026-04-13T10:53:12+00:00\" \/>\n<meta property=\"og:image\" content=\"https:\/\/kidsplay.lt\/wp-content\/uploads\/2026\/03\/WOOPIE-mazojo-ukininko-XL-rinkinys-\u2013-ukio-figureles.jpg\" \/>\n\t<meta property=\"og:image:width\" content=\"2560\" \/>\n\t<meta property=\"og:image:height\" content=\"2560\" \/>\n\t<meta property=\"og:image:type\" content=\"image\/jpeg\" \/>\n<meta name=\"twitter:card\" content=\"summary_large_image\" \/>\n<meta name=\"twitter:label1\" content=\"Est. reading time\" \/>\n\t<meta name=\"twitter:data1\" content=\"1 min\u016bte\" \/>\n<script type=\"application\/ld+json\" class=\"yoast-schema-graph\">{\"@context\":\"https:\\\/\\\/schema.org\",\"@graph\":[{\"@type\":\"WebPage\",\"@id\":\"https:\\\/\\\/kidsplay.lt\\\/produktas\\\/woopie-mazojo-ukininko-xl-rinkinys-ukio-figureles\\\/\",\"url\":\"https:\\\/\\\/kidsplay.lt\\\/produktas\\\/woopie-mazojo-ukininko-xl-rinkinys-ukio-figureles\\\/\",\"name\":\"WOOPIE ma\u017eojo \u016bkininko XL rinkinys \u2013 \u016bkio fig\u016br\u0117l\u0117s\",\"isPartOf\":{\"@id\":\"https:\\\/\\\/kidsplay.lt\\\/#website\"},\"primaryImageOfPage\":{\"@id\":\"https:\\\/\\\/kidsplay.lt\\\/produktas\\\/woopie-mazojo-ukininko-xl-rinkinys-ukio-figureles\\\/#primaryimage\"},\"image\":{\"@id\":\"https:\\\/\\\/kidsplay.lt\\\/produktas\\\/woopie-mazojo-ukininko-xl-rinkinys-ukio-figureles\\\/#primaryimage\"},\"thumbnailUrl\":\"https:\\\/\\\/kidsplay.lt\\\/wp-content\\\/uploads\\\/2026\\\/03\\\/WOOPIE-mazojo-ukininko-XL-rinkinys-\u2013-ukio-figureles.jpg\",\"datePublished\":\"2026-03-23T05:38:56+00:00\",\"dateModified\":\"2026-04-13T10:53:12+00:00\",\"description\":\"WOOPIE ma\u017eojo \u016bkininko XL rinkinys \u2013 \u016bkio fig\u016br\u0117l\u0117s - KidsPlay. Did\u017eiausias vaik\u0173 \u017eaisl\u0173 pasirinkimas.\",\"breadcrumb\":{\"@id\":\"https:\\\/\\\/kidsplay.lt\\\/produktas\\\/woopie-mazojo-ukininko-xl-rinkinys-ukio-figureles\\\/#breadcrumb\"},\"inLanguage\":\"lv-LV\",\"potentialAction\":[{\"@type\":\"ReadAction\",\"target\":[\"https:\\\/\\\/kidsplay.lt\\\/produktas\\\/woopie-mazojo-ukininko-xl-rinkinys-ukio-figureles\\\/\"]}]},{\"@type\":\"ImageObject\",\"inLanguage\":\"lv-LV\",\"@id\":\"https:\\\/\\\/kidsplay.lt\\\/produktas\\\/woopie-mazojo-ukininko-xl-rinkinys-ukio-figureles\\\/#primaryimage\",\"url\":\"https:\\\/\\\/kidsplay.lt\\\/wp-content\\\/uploads\\\/2026\\\/03\\\/WOOPIE-mazojo-ukininko-XL-rinkinys-\u2013-ukio-figureles.jpg\",\"contentUrl\":\"https:\\\/\\\/kidsplay.lt\\\/wp-content\\\/uploads\\\/2026\\\/03\\\/WOOPIE-mazojo-ukininko-XL-rinkinys-\u2013-ukio-figureles.jpg\",\"width\":2560,\"height\":2560,\"caption\":\"WOOPIE ma\u017eojo \u016bkininko XL rinkinys \u2013 \u016bkio fig\u016br\u0117l\u0117s\"},{\"@type\":\"BreadcrumbList\",\"@id\":\"https:\\\/\\\/kidsplay.lt\\\/produktas\\\/woopie-mazojo-ukininko-xl-rinkinys-ukio-figureles\\\/#breadcrumb\",\"itemListElement\":[{\"@type\":\"ListItem\",\"position\":1,\"name\":\"Pagrindinis\",\"item\":\"https:\\\/\\\/kidsplay.lt\\\/\"},{\"@type\":\"ListItem\",\"position\":2,\"name\":\"Parduotuv\u0117\",\"item\":\"https:\\\/\\\/kidsplay.lt\\\/parduotuve\\\/\"},{\"@type\":\"ListItem\",\"position\":3,\"name\":\"WOOPIE ma\u017eojo \u016bkininko XL rinkinys \u2013 \u016bkio fig\u016br\u0117l\u0117s\"}]},{\"@type\":\"WebSite\",\"@id\":\"https:\\\/\\\/kidsplay.lt\\\/#website\",\"url\":\"https:\\\/\\\/kidsplay.lt\\\/\",\"name\":\"Kidsplay.lt\",\"description\":\"\u012evairios prek\u0117s vaikams\",\"publisher\":{\"@id\":\"https:\\\/\\\/kidsplay.lt\\\/#organization\"},\"alternateName\":\"Kidsplay\",\"potentialAction\":[{\"@type\":\"SearchAction\",\"target\":{\"@type\":\"EntryPoint\",\"urlTemplate\":\"https:\\\/\\\/kidsplay.lt\\\/?s={search_term_string}\"},\"query-input\":{\"@type\":\"PropertyValueSpecification\",\"valueRequired\":true,\"valueName\":\"search_term_string\"}}],\"inLanguage\":\"lv-LV\"},{\"@type\":\"Organization\",\"@id\":\"https:\\\/\\\/kidsplay.lt\\\/#organization\",\"name\":\"KidsPlay\",\"url\":\"https:\\\/\\\/kidsplay.lt\\\/\",\"logo\":{\"@type\":\"ImageObject\",\"inLanguage\":\"lv-LV\",\"@id\":\"https:\\\/\\\/kidsplay.lt\\\/#\\\/schema\\\/logo\\\/image\\\/\",\"url\":\"https:\\\/\\\/kidsplay.lt\\\/wp-content\\\/uploads\\\/2023\\\/07\\\/kidsplay-logo.png\",\"contentUrl\":\"https:\\\/\\\/kidsplay.lt\\\/wp-content\\\/uploads\\\/2023\\\/07\\\/kidsplay-logo.png\",\"width\":451,\"height\":98,\"caption\":\"KidsPlay\"},\"image\":{\"@id\":\"https:\\\/\\\/kidsplay.lt\\\/#\\\/schema\\\/logo\\\/image\\\/\"},\"sameAs\":[\"https:\\\/\\\/www.facebook.com\\\/www.kidsplay.lt\"]}]}<\/script>\n<!-- \/ Yoast SEO plugin. -->","yoast_head_json":{"title":"WOOPIE Maz\u0101 fermeres XL komplekts - Fermas fig\u016bri\u0146as","description":"WOOPIE ma\u017eojo \u016bkininko XL rinkinys \u2013 \u016bkio fig\u016br\u0117l\u0117s - KidsPlay. Did\u017eiausias vaik\u0173 \u017eaisl\u0173 pasirinkimas.","robots":{"index":"index","follow":"follow","max-snippet":"max-snippet:-1","max-image-preview":"max-image-preview:large","max-video-preview":"max-video-preview:-1"},"canonical":"https:\/\/kidsplay.lt\/lv\/products\/woopie-mazojo-ukininko-xl-rinkinys-ukio-figureles\/","og_locale":"lv_LV","og_type":"article","og_title":"WOOPIE ma\u017eojo \u016bkininko XL rinkinys \u2013 \u016bkio fig\u016br\u0117l\u0117s","og_description":"WOOPIE ma\u017eojo \u016bkininko XL rinkinys \u2013 \u016bkio fig\u016br\u0117l\u0117s - KidsPlay. Did\u017eiausias vaik\u0173 \u017eaisl\u0173 pasirinkimas.","og_url":"https:\/\/kidsplay.lt\/lv\/products\/woopie-mazojo-ukininko-xl-rinkinys-ukio-figureles\/","og_site_name":"KidsPlay","article_publisher":"https:\/\/www.facebook.com\/www.kidsplay.lt","article_modified_time":"2026-04-13T10:53:12+00:00","og_image":[{"width":2560,"height":2560,"url":"https:\/\/kidsplay.lt\/wp-content\/uploads\/2026\/03\/WOOPIE-mazojo-ukininko-XL-rinkinys-\u2013-ukio-figureles.jpg","type":"image\/jpeg"}],"twitter_card":"summary_large_image","twitter_misc":{"Est. reading time":"1 min\u016bte"},"schema":{"@context":"https:\/\/schema.org","@graph":[{"@type":"WebPage","@id":"https:\/\/kidsplay.lt\/produktas\/woopie-mazojo-ukininko-xl-rinkinys-ukio-figureles\/","url":"https:\/\/kidsplay.lt\/produktas\/woopie-mazojo-ukininko-xl-rinkinys-ukio-figureles\/","name":"WOOPIE Maz\u0101 fermeres XL komplekts - Fermas fig\u016bri\u0146as","isPartOf":{"@id":"https:\/\/kidsplay.lt\/#website"},"primaryImageOfPage":{"@id":"https:\/\/kidsplay.lt\/produktas\/woopie-mazojo-ukininko-xl-rinkinys-ukio-figureles\/#primaryimage"},"image":{"@id":"https:\/\/kidsplay.lt\/produktas\/woopie-mazojo-ukininko-xl-rinkinys-ukio-figureles\/#primaryimage"},"thumbnailUrl":"https:\/\/kidsplay.lt\/wp-content\/uploads\/2026\/03\/WOOPIE-mazojo-ukininko-XL-rinkinys-\u2013-ukio-figureles.jpg","datePublished":"2026-03-23T05:38:56+00:00","dateModified":"2026-04-13T10:53:12+00:00","description":"WOOPIE ma\u017eojo \u016bkininko XL rinkinys \u2013 \u016bkio fig\u016br\u0117l\u0117s - KidsPlay. Did\u017eiausias vaik\u0173 \u017eaisl\u0173 pasirinkimas.","breadcrumb":{"@id":"https:\/\/kidsplay.lt\/produktas\/woopie-mazojo-ukininko-xl-rinkinys-ukio-figureles\/#breadcrumb"},"inLanguage":"lv-LV","potentialAction":[{"@type":"ReadAction","target":["https:\/\/kidsplay.lt\/produktas\/woopie-mazojo-ukininko-xl-rinkinys-ukio-figureles\/"]}]},{"@type":"ImageObject","inLanguage":"lv-LV","@id":"https:\/\/kidsplay.lt\/produktas\/woopie-mazojo-ukininko-xl-rinkinys-ukio-figureles\/#primaryimage","url":"https:\/\/kidsplay.lt\/wp-content\/uploads\/2026\/03\/WOOPIE-mazojo-ukininko-XL-rinkinys-\u2013-ukio-figureles.jpg","contentUrl":"https:\/\/kidsplay.lt\/wp-content\/uploads\/2026\/03\/WOOPIE-mazojo-ukininko-XL-rinkinys-\u2013-ukio-figureles.jpg","width":2560,"height":2560,"caption":"WOOPIE ma\u017eojo \u016bkininko XL rinkinys \u2013 \u016bkio fig\u016br\u0117l\u0117s"},{"@type":"BreadcrumbList","@id":"https:\/\/kidsplay.lt\/produktas\/woopie-mazojo-ukininko-xl-rinkinys-ukio-figureles\/#breadcrumb","itemListElement":[{"@type":"ListItem","position":1,"name":"Pagrindinis","item":"https:\/\/kidsplay.lt\/"},{"@type":"ListItem","position":2,"name":"Parduotuv\u0117","item":"https:\/\/kidsplay.lt\/parduotuve\/"},{"@type":"ListItem","position":3,"name":"WOOPIE ma\u017eojo \u016bkininko XL rinkinys \u2013 \u016bkio fig\u016br\u0117l\u0117s"}]},{"@type":"WebSite","@id":"https:\/\/kidsplay.lt\/#website","url":"https:\/\/kidsplay.lt\/","name":"B\u0113rnu sp\u0113les.lv","description":"\u012evairios prek\u0117s vaikams","publisher":{"@id":"https:\/\/kidsplay.lt\/#organization"},"alternateName":"Kidsplay","potentialAction":[{"@type":"SearchAction","target":{"@type":"EntryPoint","urlTemplate":"https:\/\/kidsplay.lt\/?s={search_term_string}"},"query-input":{"@type":"PropertyValueSpecification","valueRequired":true,"valueName":"search_term_string"}}],"inLanguage":"lv-LV"},{"@type":"Organization","@id":"https:\/\/kidsplay.lt\/#organization","name":"B\u0113rnu sp\u0113le","url":"https:\/\/kidsplay.lt\/","logo":{"@type":"ImageObject","inLanguage":"lv-LV","@id":"https:\/\/kidsplay.lt\/#\/schema\/logo\/image\/","url":"https:\/\/kidsplay.lt\/wp-content\/uploads\/2023\/07\/kidsplay-logo.png","contentUrl":"https:\/\/kidsplay.lt\/wp-content\/uploads\/2023\/07\/kidsplay-logo.png","width":451,"height":98,"caption":"KidsPlay"},"image":{"@id":"https:\/\/kidsplay.lt\/#\/schema\/logo\/image\/"},"sameAs":["https:\/\/www.facebook.com\/www.kidsplay.lt"]}]}},"_links":{"self":[{"href":"https:\/\/kidsplay.lt\/lv\/wp-json\/wp\/v2\/product\/96042","targetHints":{"allow":["GET"]}}],"collection":[{"href":"https:\/\/kidsplay.lt\/lv\/wp-json\/wp\/v2\/product"}],"about":[{"href":"https:\/\/kidsplay.lt\/lv\/wp-json\/wp\/v2\/types\/product"}],"version-history":[{"count":1,"href":"https:\/\/kidsplay.lt\/lv\/wp-json\/wp\/v2\/product\/96042\/revisions"}],"predecessor-version":[{"id":96043,"href":"https:\/\/kidsplay.lt\/lv\/wp-json\/wp\/v2\/product\/96042\/revisions\/96043"}],"wp:featuredmedia":[{"embeddable":true,"href":"https:\/\/kidsplay.lt\/lv\/wp-json\/wp\/v2\/media\/96044"}],"wp:attachment":[{"href":"https:\/\/kidsplay.lt\/lv\/wp-json\/wp\/v2\/media?parent=96042"}],"wp:term":[{"taxonomy":"product_brand","embeddable":true,"href":"https:\/\/kidsplay.lt\/lv\/wp-json\/wp\/v2\/product_brand?post=96042"},{"taxonomy":"product_cat","embeddable":true,"href":"https:\/\/kidsplay.lt\/lv\/wp-json\/wp\/v2\/product_cat?post=96042"},{"taxonomy":"product_tag","embeddable":true,"href":"https:\/\/kidsplay.lt\/lv\/wp-json\/wp\/v2\/product_tag?post=96042"}],"curies":[{"name":"wp","href":"https:\/\/api.w.org\/{rel}","templated":true}]}}