{"id":96082,"date":"2026-03-23T07:40:52","date_gmt":"2026-03-23T05:40:52","guid":{"rendered":"https:\/\/kidsplay.lt\/produktas\/woopie-keliu-pagalbos-vilkiko-rinkinys-su-5-automobiliais\/"},"modified":"2026-04-07T09:33:46","modified_gmt":"2026-04-07T06:33:46","slug":"woopie-keliu-pagalbos-vilkiko-rinkinys-su-5-automobiliais","status":"publish","type":"product","link":"https:\/\/kidsplay.lt\/lv\/products\/woopie-keliu-pagalbos-vilkiko-rinkinys-su-5-automobiliais\/","title":{"rendered":"WOOPIE keli\u0173 pagalbos vilkiko rinkinys su 5 automobiliais"},"content":{"rendered":"<p>WOOPIE keli\u0173 pagalbos vilkiko rinkinys su 5 automobiliais \u2013 \u017eaislas, kuris prad\u017eiugins ma\u017eus automobili\u0173 ir statybin\u0117s technikos gerb\u0117jus. Jis suteiks valand\u0173 valandas \u012ftraukian\u010dio \u017eaidimo ir skatins vaiko vaizduot\u0119. Rinkin\u012f sudaro 5 transporto priemon\u0117s: didelis vilkikas, kuris gali b\u016bti naudojamas kaip laikymo vieta ma\u017eesniems automobiliukams, ekskavatorius, betono mai\u0161ykl\u0117, kranas ir buldozeris. Ma\u017eesni statybiniai automobiliai turi inercin\u0119 pavar\u0105, tod\u0117l vaikai gali juos judinti savaranki\u0161kai \u2013 tai suteikia dar daugiau \u012fdomumo \u017eaidimui.<br \/>\nRaksturojums:<\/p>\n<p>\u017daislas vaikams nuo 3 met\u0173.<\/p>\n<p>5 transporto priemoni\u0173 rinkinys.<\/p>\n<p>Interaktyvus \u2013 turi garsus ir \u0161viesas.<\/p>\n<p>Maitinamas 3 AA baterijomis (ne\u012ftrauktos).<\/p>\n<p>Tinka \u017eaisti tiek lauke, tiek namuose.<\/p>","protected":false},"excerpt":{"rendered":"<p>WOOPIE keli\u0173 pagalbos vilkiko rinkinys su 5 automobiliais \u2013 \u017eaislas, kuris prad\u017eiugins ma\u017eus automobili\u0173 ir statybin\u0117s technikos gerb\u0117jus. Jis suteiks<\/p>","protected":false},"featured_media":96084,"template":"","meta":{"_acf_changed":false,"_glsr_average":0,"_glsr_ranking":0,"_glsr_reviews":0},"product_brand":[],"product_cat":[448,229],"product_tag":[],"class_list":{"0":"post-96082","1":"product","2":"type-product","3":"status-publish","4":"has-post-thumbnail","6":"product_cat-automobiliai-ir-transportas","7":"product_cat-zaislai-vaikams","8":"\"style=\"background-color: #2ecc711c;\"","10":"first","11":"instock","12":"purchasable","13":"product-type-simple"},"acf":[],"yoast_head":"<!-- This site is optimized with the Yoast SEO plugin v27.3 - https:\/\/yoast.com\/product\/yoast-seo-wordpress\/ -->\n<title>WOOPIE keli\u0173 pagalbos vilkiko rinkinys su 5 automobiliais<\/title>\n<meta name=\"description\" content=\"WOOPIE keli\u0173 pagalbos vilkiko rinkinys su 5 automobiliais - KidsPlay. Did\u017eiausias vaik\u0173 \u017eaisl\u0173 pasirinkimas.\" \/>\n<meta name=\"robots\" content=\"index, follow, max-snippet:-1, max-image-preview:large, max-video-preview:-1\" \/>\n<link rel=\"canonical\" href=\"https:\/\/kidsplay.lt\/lv\/products\/woopie-keliu-pagalbos-vilkiko-rinkinys-su-5-automobiliais\/\" \/>\n<meta property=\"og:locale\" content=\"lv_LV\" \/>\n<meta property=\"og:type\" content=\"article\" \/>\n<meta property=\"og:title\" content=\"WOOPIE keli\u0173 pagalbos vilkiko rinkinys su 5 automobiliais\" \/>\n<meta property=\"og:description\" content=\"WOOPIE keli\u0173 pagalbos vilkiko rinkinys su 5 automobiliais - KidsPlay. Did\u017eiausias vaik\u0173 \u017eaisl\u0173 pasirinkimas.\" \/>\n<meta property=\"og:url\" content=\"https:\/\/kidsplay.lt\/lv\/products\/woopie-keliu-pagalbos-vilkiko-rinkinys-su-5-automobiliais\/\" \/>\n<meta property=\"og:site_name\" content=\"KidsPlay\" \/>\n<meta property=\"article:publisher\" content=\"https:\/\/www.facebook.com\/www.kidsplay.lt\" \/>\n<meta property=\"article:modified_time\" content=\"2026-04-07T06:33:46+00:00\" \/>\n<meta property=\"og:image\" content=\"https:\/\/kidsplay.lt\/wp-content\/uploads\/2026\/03\/WOOPIE-keliu-pagalbos-vilkiko-rinkinys-su-5-automobiliais.jpg\" \/>\n\t<meta property=\"og:image:width\" content=\"2560\" \/>\n\t<meta property=\"og:image:height\" content=\"2560\" \/>\n\t<meta property=\"og:image:type\" content=\"image\/jpeg\" \/>\n<meta name=\"twitter:card\" content=\"summary_large_image\" \/>\n<meta name=\"twitter:label1\" content=\"Est. reading time\" \/>\n\t<meta name=\"twitter:data1\" content=\"1 min\u016bte\" \/>\n<script type=\"application\/ld+json\" class=\"yoast-schema-graph\">{\"@context\":\"https:\\\/\\\/schema.org\",\"@graph\":[{\"@type\":\"WebPage\",\"@id\":\"https:\\\/\\\/kidsplay.lt\\\/produktas\\\/woopie-keliu-pagalbos-vilkiko-rinkinys-su-5-automobiliais\\\/\",\"url\":\"https:\\\/\\\/kidsplay.lt\\\/produktas\\\/woopie-keliu-pagalbos-vilkiko-rinkinys-su-5-automobiliais\\\/\",\"name\":\"WOOPIE keli\u0173 pagalbos vilkiko rinkinys su 5 automobiliais\",\"isPartOf\":{\"@id\":\"https:\\\/\\\/kidsplay.lt\\\/#website\"},\"primaryImageOfPage\":{\"@id\":\"https:\\\/\\\/kidsplay.lt\\\/produktas\\\/woopie-keliu-pagalbos-vilkiko-rinkinys-su-5-automobiliais\\\/#primaryimage\"},\"image\":{\"@id\":\"https:\\\/\\\/kidsplay.lt\\\/produktas\\\/woopie-keliu-pagalbos-vilkiko-rinkinys-su-5-automobiliais\\\/#primaryimage\"},\"thumbnailUrl\":\"https:\\\/\\\/kidsplay.lt\\\/wp-content\\\/uploads\\\/2026\\\/03\\\/WOOPIE-keliu-pagalbos-vilkiko-rinkinys-su-5-automobiliais.jpg\",\"datePublished\":\"2026-03-23T05:40:52+00:00\",\"dateModified\":\"2026-04-07T06:33:46+00:00\",\"description\":\"WOOPIE keli\u0173 pagalbos vilkiko rinkinys su 5 automobiliais - KidsPlay. Did\u017eiausias vaik\u0173 \u017eaisl\u0173 pasirinkimas.\",\"breadcrumb\":{\"@id\":\"https:\\\/\\\/kidsplay.lt\\\/produktas\\\/woopie-keliu-pagalbos-vilkiko-rinkinys-su-5-automobiliais\\\/#breadcrumb\"},\"inLanguage\":\"lv-LV\",\"potentialAction\":[{\"@type\":\"ReadAction\",\"target\":[\"https:\\\/\\\/kidsplay.lt\\\/produktas\\\/woopie-keliu-pagalbos-vilkiko-rinkinys-su-5-automobiliais\\\/\"]}]},{\"@type\":\"ImageObject\",\"inLanguage\":\"lv-LV\",\"@id\":\"https:\\\/\\\/kidsplay.lt\\\/produktas\\\/woopie-keliu-pagalbos-vilkiko-rinkinys-su-5-automobiliais\\\/#primaryimage\",\"url\":\"https:\\\/\\\/kidsplay.lt\\\/wp-content\\\/uploads\\\/2026\\\/03\\\/WOOPIE-keliu-pagalbos-vilkiko-rinkinys-su-5-automobiliais.jpg\",\"contentUrl\":\"https:\\\/\\\/kidsplay.lt\\\/wp-content\\\/uploads\\\/2026\\\/03\\\/WOOPIE-keliu-pagalbos-vilkiko-rinkinys-su-5-automobiliais.jpg\",\"width\":2560,\"height\":2560,\"caption\":\"WOOPIE keli\u0173 pagalbos vilkiko rinkinys su 5 automobiliais\"},{\"@type\":\"BreadcrumbList\",\"@id\":\"https:\\\/\\\/kidsplay.lt\\\/produktas\\\/woopie-keliu-pagalbos-vilkiko-rinkinys-su-5-automobiliais\\\/#breadcrumb\",\"itemListElement\":[{\"@type\":\"ListItem\",\"position\":1,\"name\":\"Pagrindinis\",\"item\":\"https:\\\/\\\/kidsplay.lt\\\/\"},{\"@type\":\"ListItem\",\"position\":2,\"name\":\"Parduotuv\u0117\",\"item\":\"https:\\\/\\\/kidsplay.lt\\\/parduotuve\\\/\"},{\"@type\":\"ListItem\",\"position\":3,\"name\":\"WOOPIE keli\u0173 pagalbos vilkiko rinkinys su 5 automobiliais\"}]},{\"@type\":\"WebSite\",\"@id\":\"https:\\\/\\\/kidsplay.lt\\\/#website\",\"url\":\"https:\\\/\\\/kidsplay.lt\\\/\",\"name\":\"Kidsplay.lt\",\"description\":\"\u012evairios prek\u0117s vaikams\",\"publisher\":{\"@id\":\"https:\\\/\\\/kidsplay.lt\\\/#organization\"},\"alternateName\":\"Kidsplay\",\"potentialAction\":[{\"@type\":\"SearchAction\",\"target\":{\"@type\":\"EntryPoint\",\"urlTemplate\":\"https:\\\/\\\/kidsplay.lt\\\/?s={search_term_string}\"},\"query-input\":{\"@type\":\"PropertyValueSpecification\",\"valueRequired\":true,\"valueName\":\"search_term_string\"}}],\"inLanguage\":\"lv-LV\"},{\"@type\":\"Organization\",\"@id\":\"https:\\\/\\\/kidsplay.lt\\\/#organization\",\"name\":\"KidsPlay\",\"url\":\"https:\\\/\\\/kidsplay.lt\\\/\",\"logo\":{\"@type\":\"ImageObject\",\"inLanguage\":\"lv-LV\",\"@id\":\"https:\\\/\\\/kidsplay.lt\\\/#\\\/schema\\\/logo\\\/image\\\/\",\"url\":\"https:\\\/\\\/kidsplay.lt\\\/wp-content\\\/uploads\\\/2023\\\/07\\\/kidsplay-logo.png\",\"contentUrl\":\"https:\\\/\\\/kidsplay.lt\\\/wp-content\\\/uploads\\\/2023\\\/07\\\/kidsplay-logo.png\",\"width\":451,\"height\":98,\"caption\":\"KidsPlay\"},\"image\":{\"@id\":\"https:\\\/\\\/kidsplay.lt\\\/#\\\/schema\\\/logo\\\/image\\\/\"},\"sameAs\":[\"https:\\\/\\\/www.facebook.com\\\/www.kidsplay.lt\"]}]}<\/script>\n<!-- \/ Yoast SEO plugin. -->","yoast_head_json":{"title":"WOOPIE keli\u0173 pagalbos vilkiko rinkinys su 5 automobiliais","description":"WOOPIE keli\u0173 pagalbos vilkiko rinkinys su 5 automobiliais - KidsPlay. Did\u017eiausias vaik\u0173 \u017eaisl\u0173 pasirinkimas.","robots":{"index":"index","follow":"follow","max-snippet":"max-snippet:-1","max-image-preview":"max-image-preview:large","max-video-preview":"max-video-preview:-1"},"canonical":"https:\/\/kidsplay.lt\/lv\/products\/woopie-keliu-pagalbos-vilkiko-rinkinys-su-5-automobiliais\/","og_locale":"lv_LV","og_type":"article","og_title":"WOOPIE keli\u0173 pagalbos vilkiko rinkinys su 5 automobiliais","og_description":"WOOPIE keli\u0173 pagalbos vilkiko rinkinys su 5 automobiliais - KidsPlay. Did\u017eiausias vaik\u0173 \u017eaisl\u0173 pasirinkimas.","og_url":"https:\/\/kidsplay.lt\/lv\/products\/woopie-keliu-pagalbos-vilkiko-rinkinys-su-5-automobiliais\/","og_site_name":"KidsPlay","article_publisher":"https:\/\/www.facebook.com\/www.kidsplay.lt","article_modified_time":"2026-04-07T06:33:46+00:00","og_image":[{"width":2560,"height":2560,"url":"https:\/\/kidsplay.lt\/wp-content\/uploads\/2026\/03\/WOOPIE-keliu-pagalbos-vilkiko-rinkinys-su-5-automobiliais.jpg","type":"image\/jpeg"}],"twitter_card":"summary_large_image","twitter_misc":{"Est. reading time":"1 min\u016bte"},"schema":{"@context":"https:\/\/schema.org","@graph":[{"@type":"WebPage","@id":"https:\/\/kidsplay.lt\/produktas\/woopie-keliu-pagalbos-vilkiko-rinkinys-su-5-automobiliais\/","url":"https:\/\/kidsplay.lt\/produktas\/woopie-keliu-pagalbos-vilkiko-rinkinys-su-5-automobiliais\/","name":"WOOPIE keli\u0173 pagalbos vilkiko rinkinys su 5 automobiliais","isPartOf":{"@id":"https:\/\/kidsplay.lt\/#website"},"primaryImageOfPage":{"@id":"https:\/\/kidsplay.lt\/produktas\/woopie-keliu-pagalbos-vilkiko-rinkinys-su-5-automobiliais\/#primaryimage"},"image":{"@id":"https:\/\/kidsplay.lt\/produktas\/woopie-keliu-pagalbos-vilkiko-rinkinys-su-5-automobiliais\/#primaryimage"},"thumbnailUrl":"https:\/\/kidsplay.lt\/wp-content\/uploads\/2026\/03\/WOOPIE-keliu-pagalbos-vilkiko-rinkinys-su-5-automobiliais.jpg","datePublished":"2026-03-23T05:40:52+00:00","dateModified":"2026-04-07T06:33:46+00:00","description":"WOOPIE keli\u0173 pagalbos vilkiko rinkinys su 5 automobiliais - KidsPlay. Did\u017eiausias vaik\u0173 \u017eaisl\u0173 pasirinkimas.","breadcrumb":{"@id":"https:\/\/kidsplay.lt\/produktas\/woopie-keliu-pagalbos-vilkiko-rinkinys-su-5-automobiliais\/#breadcrumb"},"inLanguage":"lv-LV","potentialAction":[{"@type":"ReadAction","target":["https:\/\/kidsplay.lt\/produktas\/woopie-keliu-pagalbos-vilkiko-rinkinys-su-5-automobiliais\/"]}]},{"@type":"ImageObject","inLanguage":"lv-LV","@id":"https:\/\/kidsplay.lt\/produktas\/woopie-keliu-pagalbos-vilkiko-rinkinys-su-5-automobiliais\/#primaryimage","url":"https:\/\/kidsplay.lt\/wp-content\/uploads\/2026\/03\/WOOPIE-keliu-pagalbos-vilkiko-rinkinys-su-5-automobiliais.jpg","contentUrl":"https:\/\/kidsplay.lt\/wp-content\/uploads\/2026\/03\/WOOPIE-keliu-pagalbos-vilkiko-rinkinys-su-5-automobiliais.jpg","width":2560,"height":2560,"caption":"WOOPIE keli\u0173 pagalbos vilkiko rinkinys su 5 automobiliais"},{"@type":"BreadcrumbList","@id":"https:\/\/kidsplay.lt\/produktas\/woopie-keliu-pagalbos-vilkiko-rinkinys-su-5-automobiliais\/#breadcrumb","itemListElement":[{"@type":"ListItem","position":1,"name":"Pagrindinis","item":"https:\/\/kidsplay.lt\/"},{"@type":"ListItem","position":2,"name":"Parduotuv\u0117","item":"https:\/\/kidsplay.lt\/parduotuve\/"},{"@type":"ListItem","position":3,"name":"WOOPIE keli\u0173 pagalbos vilkiko rinkinys su 5 automobiliais"}]},{"@type":"WebSite","@id":"https:\/\/kidsplay.lt\/#website","url":"https:\/\/kidsplay.lt\/","name":"B\u0113rnu sp\u0113les.lv","description":"\u012evairios prek\u0117s vaikams","publisher":{"@id":"https:\/\/kidsplay.lt\/#organization"},"alternateName":"Kidsplay","potentialAction":[{"@type":"SearchAction","target":{"@type":"EntryPoint","urlTemplate":"https:\/\/kidsplay.lt\/?s={search_term_string}"},"query-input":{"@type":"PropertyValueSpecification","valueRequired":true,"valueName":"search_term_string"}}],"inLanguage":"lv-LV"},{"@type":"Organization","@id":"https:\/\/kidsplay.lt\/#organization","name":"B\u0113rnu sp\u0113le","url":"https:\/\/kidsplay.lt\/","logo":{"@type":"ImageObject","inLanguage":"lv-LV","@id":"https:\/\/kidsplay.lt\/#\/schema\/logo\/image\/","url":"https:\/\/kidsplay.lt\/wp-content\/uploads\/2023\/07\/kidsplay-logo.png","contentUrl":"https:\/\/kidsplay.lt\/wp-content\/uploads\/2023\/07\/kidsplay-logo.png","width":451,"height":98,"caption":"KidsPlay"},"image":{"@id":"https:\/\/kidsplay.lt\/#\/schema\/logo\/image\/"},"sameAs":["https:\/\/www.facebook.com\/www.kidsplay.lt"]}]}},"_links":{"self":[{"href":"https:\/\/kidsplay.lt\/lv\/wp-json\/wp\/v2\/product\/96082","targetHints":{"allow":["GET"]}}],"collection":[{"href":"https:\/\/kidsplay.lt\/lv\/wp-json\/wp\/v2\/product"}],"about":[{"href":"https:\/\/kidsplay.lt\/lv\/wp-json\/wp\/v2\/types\/product"}],"version-history":[{"count":1,"href":"https:\/\/kidsplay.lt\/lv\/wp-json\/wp\/v2\/product\/96082\/revisions"}],"predecessor-version":[{"id":96083,"href":"https:\/\/kidsplay.lt\/lv\/wp-json\/wp\/v2\/product\/96082\/revisions\/96083"}],"wp:featuredmedia":[{"embeddable":true,"href":"https:\/\/kidsplay.lt\/lv\/wp-json\/wp\/v2\/media\/96084"}],"wp:attachment":[{"href":"https:\/\/kidsplay.lt\/lv\/wp-json\/wp\/v2\/media?parent=96082"}],"wp:term":[{"taxonomy":"product_brand","embeddable":true,"href":"https:\/\/kidsplay.lt\/lv\/wp-json\/wp\/v2\/product_brand?post=96082"},{"taxonomy":"product_cat","embeddable":true,"href":"https:\/\/kidsplay.lt\/lv\/wp-json\/wp\/v2\/product_cat?post=96082"},{"taxonomy":"product_tag","embeddable":true,"href":"https:\/\/kidsplay.lt\/lv\/wp-json\/wp\/v2\/product_tag?post=96082"}],"curies":[{"name":"wp","href":"https:\/\/api.w.org\/{rel}","templated":true}]}}