{"id":96103,"date":"2026-03-23T07:41:37","date_gmt":"2026-03-23T05:41:37","guid":{"rendered":"https:\/\/kidsplay.lt\/produktas\/woopie-magnetiniu-konstruktoriaus-blokeliu-rinkinys-3d-dziungliu-gyvunai\/"},"modified":"2026-04-20T07:24:29","modified_gmt":"2026-04-20T04:24:29","slug":"woopie-magnetiniu-konstruktoriaus-blokeliu-rinkinys-3d-dziungliu-gyvunai","status":"publish","type":"product","link":"https:\/\/kidsplay.lt\/lv\/products\/woopie-magnetiniu-konstruktoriaus-blokeliu-rinkinys-3d-dziungliu-gyvunai\/","title":{"rendered":"WOOPIE magnetini\u0173 konstruktoriaus blokeli\u0173 rinkinys \u201e3D d\u017eiungli\u0173 gyv\u016bnai\u201c"},"content":{"rendered":"<p>WOOPIE magnetini\u0173 konstruktoriaus blokeli\u0173 rinkinys \u201e3D d\u017eiungli\u0173 gyv\u016bnai\u201c \u2013 edukacinis, 45 vnt. \u2013 atraskite \u012ftraukiant\u012f laukin\u0117s gamtos pasaul\u012f su d\u017eiungli\u0173 tematikos magnetiniais blokeliais. \u0160is 45 dali\u0173 rinkinys leid\u017eia kurti \u012fsp\u016bdingas konstrukcijas, tokias kaip kriokliai ar urvai, ir apgyvendinti jas gyv\u016bn\u0173 fig\u016br\u0117l\u0117mis. Blokeliai lengvai jungiasi d\u0117l stipri\u0173 magnet\u0173, o judan\u010dios dalys, pavyzd\u017eiui, krioklys, suteikia dar daugiau smagumo. Tai puikus \u017eaislas vaizduotei ir konstravimo \u012fg\u016bd\u017eiams lavinti.<br \/>\nRaksturojums:<\/p>\n<p>\u017daislas vaikams nuo 3 met\u0173.<\/p>\n<p>Rinkin\u012f sudaro 45 dalys, \u012fskaitant magnetinius blokelius ir gyv\u016bn\u0173 fig\u016br\u0117les.<\/p>\n<p>Blokeliai lengvai susijungia d\u0117l integruot\u0173 magnet\u0173.<\/p>\n<p>Tema: d\u017eiungl\u0117s ir gyv\u016bnai (dramblys, tigras, krokodilas, vilkas).<\/p>\n<p>Padeda mokytis skai\u010diuoti ir atpa\u017einti formas.<\/p>\n<p>Puikiai tinka konstravimui ir vaidmen\u0173 \u017eaidimams.<\/p>\n<p>Atitinka STEM (mokslas, technologijos, in\u017einerija, matematika) mokymosi koncepcij\u0105.<\/p>\n<p>Komplekt\u0101 ietilpst:<\/p>\n<p>45 magnetiniai elementai \u012fvairi\u0173 form\u0173 ir spalv\u0173 (\u012fskaitant kriokl\u012f, ark\u0105, kr\u016bmus ir med\u017eius).<\/p>\n<p>Gyv\u016bn\u0173 fig\u016br\u0117l\u0117s: 2 \u00d7 dramblys, tigras, krokodilas, vilkas.<\/p>","protected":false},"excerpt":{"rendered":"<p>WOOPIE magnetini\u0173 konstruktoriaus blokeli\u0173 rinkinys \u201e3D d\u017eiungli\u0173 gyv\u016bnai\u201c \u2013 edukacinis, 45 vnt. \u2013 atraskite \u012ftraukiant\u012f laukin\u0117s gamtos pasaul\u012f su d\u017eiungli\u0173<\/p>","protected":false},"featured_media":96105,"template":"","meta":{"_acf_changed":false,"_glsr_average":0,"_glsr_ranking":0,"_glsr_reviews":0},"product_brand":[],"product_cat":[446,229],"product_tag":[],"class_list":{"0":"post-96103","1":"product","2":"type-product","3":"status-publish","4":"has-post-thumbnail","6":"product_cat-konstruktoriai","7":"product_cat-zaislai-vaikams","8":"\"style=\"background-color: #2ecc711c;\"","10":"first","11":"instock","12":"purchasable","13":"product-type-simple"},"acf":[],"yoast_head":"<!-- This site is optimized with the Yoast SEO plugin v27.4 - https:\/\/yoast.com\/product\/yoast-seo-wordpress\/ -->\n<title>WOOPIE magnetini\u0173 konstruktoriaus blokeli\u0173 rinkinys \u201e3D d\u017eiungli\u0173 gyv\u016bnai\u201c<\/title>\n<meta name=\"description\" content=\"WOOPIE magnetini\u0173 konstruktoriaus blokeli\u0173 rinkinys \u201e3D d\u017eiungli\u0173 gyv\u016bnai\u201c - KidsPlay. Did\u017eiausias vaik\u0173 \u017eaisl\u0173 pasirinkimas.\" \/>\n<meta name=\"robots\" content=\"index, follow, max-snippet:-1, max-image-preview:large, max-video-preview:-1\" \/>\n<link rel=\"canonical\" href=\"https:\/\/kidsplay.lt\/lv\/products\/woopie-magnetiniu-konstruktoriaus-blokeliu-rinkinys-3d-dziungliu-gyvunai\/\" \/>\n<meta property=\"og:locale\" content=\"lv_LV\" \/>\n<meta property=\"og:type\" content=\"article\" \/>\n<meta property=\"og:title\" content=\"WOOPIE magnetini\u0173 konstruktoriaus blokeli\u0173 rinkinys \u201e3D d\u017eiungli\u0173 gyv\u016bnai\u201c\" \/>\n<meta property=\"og:description\" content=\"WOOPIE magnetini\u0173 konstruktoriaus blokeli\u0173 rinkinys \u201e3D d\u017eiungli\u0173 gyv\u016bnai\u201c - KidsPlay. Did\u017eiausias vaik\u0173 \u017eaisl\u0173 pasirinkimas.\" \/>\n<meta property=\"og:url\" content=\"https:\/\/kidsplay.lt\/lv\/products\/woopie-magnetiniu-konstruktoriaus-blokeliu-rinkinys-3d-dziungliu-gyvunai\/\" \/>\n<meta property=\"og:site_name\" content=\"KidsPlay\" \/>\n<meta property=\"article:publisher\" content=\"https:\/\/www.facebook.com\/www.kidsplay.lt\" \/>\n<meta property=\"article:modified_time\" content=\"2026-04-20T04:24:29+00:00\" \/>\n<meta property=\"og:image\" content=\"https:\/\/kidsplay.lt\/wp-content\/uploads\/2026\/03\/WOOPIE-magnetiniu-konstruktoriaus-blokeliu-rinkinys-\u201e3D-dziungliu-gyvunai.jpg\" \/>\n\t<meta property=\"og:image:width\" content=\"1000\" \/>\n\t<meta property=\"og:image:height\" content=\"1000\" \/>\n\t<meta property=\"og:image:type\" content=\"image\/jpeg\" \/>\n<meta name=\"twitter:card\" content=\"summary_large_image\" \/>\n<meta name=\"twitter:label1\" content=\"Est. reading time\" \/>\n\t<meta name=\"twitter:data1\" content=\"1 min\u016bte\" \/>\n<script type=\"application\/ld+json\" class=\"yoast-schema-graph\">{\"@context\":\"https:\\\/\\\/schema.org\",\"@graph\":[{\"@type\":\"WebPage\",\"@id\":\"https:\\\/\\\/kidsplay.lt\\\/produktas\\\/woopie-magnetiniu-konstruktoriaus-blokeliu-rinkinys-3d-dziungliu-gyvunai\\\/\",\"url\":\"https:\\\/\\\/kidsplay.lt\\\/produktas\\\/woopie-magnetiniu-konstruktoriaus-blokeliu-rinkinys-3d-dziungliu-gyvunai\\\/\",\"name\":\"WOOPIE magnetini\u0173 konstruktoriaus blokeli\u0173 rinkinys \u201e3D d\u017eiungli\u0173 gyv\u016bnai\u201c\",\"isPartOf\":{\"@id\":\"https:\\\/\\\/kidsplay.lt\\\/#website\"},\"primaryImageOfPage\":{\"@id\":\"https:\\\/\\\/kidsplay.lt\\\/produktas\\\/woopie-magnetiniu-konstruktoriaus-blokeliu-rinkinys-3d-dziungliu-gyvunai\\\/#primaryimage\"},\"image\":{\"@id\":\"https:\\\/\\\/kidsplay.lt\\\/produktas\\\/woopie-magnetiniu-konstruktoriaus-blokeliu-rinkinys-3d-dziungliu-gyvunai\\\/#primaryimage\"},\"thumbnailUrl\":\"https:\\\/\\\/kidsplay.lt\\\/wp-content\\\/uploads\\\/2026\\\/03\\\/WOOPIE-magnetiniu-konstruktoriaus-blokeliu-rinkinys-\u201e3D-dziungliu-gyvunai.jpg\",\"datePublished\":\"2026-03-23T05:41:37+00:00\",\"dateModified\":\"2026-04-20T04:24:29+00:00\",\"description\":\"WOOPIE magnetini\u0173 konstruktoriaus blokeli\u0173 rinkinys \u201e3D d\u017eiungli\u0173 gyv\u016bnai\u201c - KidsPlay. Did\u017eiausias vaik\u0173 \u017eaisl\u0173 pasirinkimas.\",\"breadcrumb\":{\"@id\":\"https:\\\/\\\/kidsplay.lt\\\/produktas\\\/woopie-magnetiniu-konstruktoriaus-blokeliu-rinkinys-3d-dziungliu-gyvunai\\\/#breadcrumb\"},\"inLanguage\":\"lv-LV\",\"potentialAction\":[{\"@type\":\"ReadAction\",\"target\":[\"https:\\\/\\\/kidsplay.lt\\\/produktas\\\/woopie-magnetiniu-konstruktoriaus-blokeliu-rinkinys-3d-dziungliu-gyvunai\\\/\"]}]},{\"@type\":\"ImageObject\",\"inLanguage\":\"lv-LV\",\"@id\":\"https:\\\/\\\/kidsplay.lt\\\/produktas\\\/woopie-magnetiniu-konstruktoriaus-blokeliu-rinkinys-3d-dziungliu-gyvunai\\\/#primaryimage\",\"url\":\"https:\\\/\\\/kidsplay.lt\\\/wp-content\\\/uploads\\\/2026\\\/03\\\/WOOPIE-magnetiniu-konstruktoriaus-blokeliu-rinkinys-\u201e3D-dziungliu-gyvunai.jpg\",\"contentUrl\":\"https:\\\/\\\/kidsplay.lt\\\/wp-content\\\/uploads\\\/2026\\\/03\\\/WOOPIE-magnetiniu-konstruktoriaus-blokeliu-rinkinys-\u201e3D-dziungliu-gyvunai.jpg\",\"width\":1000,\"height\":1000,\"caption\":\"WOOPIE magnetini\u0173 konstruktoriaus blokeli\u0173 rinkinys \u201e3D d\u017eiungli\u0173 gyv\u016bnai\u201c\"},{\"@type\":\"BreadcrumbList\",\"@id\":\"https:\\\/\\\/kidsplay.lt\\\/produktas\\\/woopie-magnetiniu-konstruktoriaus-blokeliu-rinkinys-3d-dziungliu-gyvunai\\\/#breadcrumb\",\"itemListElement\":[{\"@type\":\"ListItem\",\"position\":1,\"name\":\"Pagrindinis\",\"item\":\"https:\\\/\\\/kidsplay.lt\\\/\"},{\"@type\":\"ListItem\",\"position\":2,\"name\":\"Parduotuv\u0117\",\"item\":\"https:\\\/\\\/kidsplay.lt\\\/parduotuve\\\/\"},{\"@type\":\"ListItem\",\"position\":3,\"name\":\"WOOPIE magnetini\u0173 konstruktoriaus blokeli\u0173 rinkinys \u201e3D d\u017eiungli\u0173 gyv\u016bnai\u201c\"}]},{\"@type\":\"WebSite\",\"@id\":\"https:\\\/\\\/kidsplay.lt\\\/#website\",\"url\":\"https:\\\/\\\/kidsplay.lt\\\/\",\"name\":\"Kidsplay.lt\",\"description\":\"\u012evairios prek\u0117s vaikams\",\"publisher\":{\"@id\":\"https:\\\/\\\/kidsplay.lt\\\/#organization\"},\"alternateName\":\"Kidsplay\",\"potentialAction\":[{\"@type\":\"SearchAction\",\"target\":{\"@type\":\"EntryPoint\",\"urlTemplate\":\"https:\\\/\\\/kidsplay.lt\\\/?s={search_term_string}\"},\"query-input\":{\"@type\":\"PropertyValueSpecification\",\"valueRequired\":true,\"valueName\":\"search_term_string\"}}],\"inLanguage\":\"lv-LV\"},{\"@type\":\"Organization\",\"@id\":\"https:\\\/\\\/kidsplay.lt\\\/#organization\",\"name\":\"KidsPlay\",\"url\":\"https:\\\/\\\/kidsplay.lt\\\/\",\"logo\":{\"@type\":\"ImageObject\",\"inLanguage\":\"lv-LV\",\"@id\":\"https:\\\/\\\/kidsplay.lt\\\/#\\\/schema\\\/logo\\\/image\\\/\",\"url\":\"https:\\\/\\\/kidsplay.lt\\\/wp-content\\\/uploads\\\/2023\\\/07\\\/kidsplay-logo.png\",\"contentUrl\":\"https:\\\/\\\/kidsplay.lt\\\/wp-content\\\/uploads\\\/2023\\\/07\\\/kidsplay-logo.png\",\"width\":451,\"height\":98,\"caption\":\"KidsPlay\"},\"image\":{\"@id\":\"https:\\\/\\\/kidsplay.lt\\\/#\\\/schema\\\/logo\\\/image\\\/\"},\"sameAs\":[\"https:\\\/\\\/www.facebook.com\\\/www.kidsplay.lt\"]}]}<\/script>\n<!-- \/ Yoast SEO plugin. -->","yoast_head_json":{"title":"WOOPIE magnetini\u0173 konstruktoriaus blokeli\u0173 rinkinys \u201e3D d\u017eiungli\u0173 gyv\u016bnai\u201c","description":"WOOPIE magnetini\u0173 konstruktoriaus blokeli\u0173 rinkinys \u201e3D d\u017eiungli\u0173 gyv\u016bnai\u201c - KidsPlay. Did\u017eiausias vaik\u0173 \u017eaisl\u0173 pasirinkimas.","robots":{"index":"index","follow":"follow","max-snippet":"max-snippet:-1","max-image-preview":"max-image-preview:large","max-video-preview":"max-video-preview:-1"},"canonical":"https:\/\/kidsplay.lt\/lv\/products\/woopie-magnetiniu-konstruktoriaus-blokeliu-rinkinys-3d-dziungliu-gyvunai\/","og_locale":"lv_LV","og_type":"article","og_title":"WOOPIE magnetini\u0173 konstruktoriaus blokeli\u0173 rinkinys \u201e3D d\u017eiungli\u0173 gyv\u016bnai\u201c","og_description":"WOOPIE magnetini\u0173 konstruktoriaus blokeli\u0173 rinkinys \u201e3D d\u017eiungli\u0173 gyv\u016bnai\u201c - KidsPlay. Did\u017eiausias vaik\u0173 \u017eaisl\u0173 pasirinkimas.","og_url":"https:\/\/kidsplay.lt\/lv\/products\/woopie-magnetiniu-konstruktoriaus-blokeliu-rinkinys-3d-dziungliu-gyvunai\/","og_site_name":"KidsPlay","article_publisher":"https:\/\/www.facebook.com\/www.kidsplay.lt","article_modified_time":"2026-04-20T04:24:29+00:00","og_image":[{"width":1000,"height":1000,"url":"https:\/\/kidsplay.lt\/wp-content\/uploads\/2026\/03\/WOOPIE-magnetiniu-konstruktoriaus-blokeliu-rinkinys-\u201e3D-dziungliu-gyvunai.jpg","type":"image\/jpeg"}],"twitter_card":"summary_large_image","twitter_misc":{"Est. reading time":"1 min\u016bte"},"schema":{"@context":"https:\/\/schema.org","@graph":[{"@type":"WebPage","@id":"https:\/\/kidsplay.lt\/produktas\/woopie-magnetiniu-konstruktoriaus-blokeliu-rinkinys-3d-dziungliu-gyvunai\/","url":"https:\/\/kidsplay.lt\/produktas\/woopie-magnetiniu-konstruktoriaus-blokeliu-rinkinys-3d-dziungliu-gyvunai\/","name":"WOOPIE magnetini\u0173 konstruktoriaus blokeli\u0173 rinkinys \u201e3D d\u017eiungli\u0173 gyv\u016bnai\u201c","isPartOf":{"@id":"https:\/\/kidsplay.lt\/#website"},"primaryImageOfPage":{"@id":"https:\/\/kidsplay.lt\/produktas\/woopie-magnetiniu-konstruktoriaus-blokeliu-rinkinys-3d-dziungliu-gyvunai\/#primaryimage"},"image":{"@id":"https:\/\/kidsplay.lt\/produktas\/woopie-magnetiniu-konstruktoriaus-blokeliu-rinkinys-3d-dziungliu-gyvunai\/#primaryimage"},"thumbnailUrl":"https:\/\/kidsplay.lt\/wp-content\/uploads\/2026\/03\/WOOPIE-magnetiniu-konstruktoriaus-blokeliu-rinkinys-\u201e3D-dziungliu-gyvunai.jpg","datePublished":"2026-03-23T05:41:37+00:00","dateModified":"2026-04-20T04:24:29+00:00","description":"WOOPIE magnetini\u0173 konstruktoriaus blokeli\u0173 rinkinys \u201e3D d\u017eiungli\u0173 gyv\u016bnai\u201c - KidsPlay. Did\u017eiausias vaik\u0173 \u017eaisl\u0173 pasirinkimas.","breadcrumb":{"@id":"https:\/\/kidsplay.lt\/produktas\/woopie-magnetiniu-konstruktoriaus-blokeliu-rinkinys-3d-dziungliu-gyvunai\/#breadcrumb"},"inLanguage":"lv-LV","potentialAction":[{"@type":"ReadAction","target":["https:\/\/kidsplay.lt\/produktas\/woopie-magnetiniu-konstruktoriaus-blokeliu-rinkinys-3d-dziungliu-gyvunai\/"]}]},{"@type":"ImageObject","inLanguage":"lv-LV","@id":"https:\/\/kidsplay.lt\/produktas\/woopie-magnetiniu-konstruktoriaus-blokeliu-rinkinys-3d-dziungliu-gyvunai\/#primaryimage","url":"https:\/\/kidsplay.lt\/wp-content\/uploads\/2026\/03\/WOOPIE-magnetiniu-konstruktoriaus-blokeliu-rinkinys-\u201e3D-dziungliu-gyvunai.jpg","contentUrl":"https:\/\/kidsplay.lt\/wp-content\/uploads\/2026\/03\/WOOPIE-magnetiniu-konstruktoriaus-blokeliu-rinkinys-\u201e3D-dziungliu-gyvunai.jpg","width":1000,"height":1000,"caption":"WOOPIE magnetini\u0173 konstruktoriaus blokeli\u0173 rinkinys \u201e3D d\u017eiungli\u0173 gyv\u016bnai\u201c"},{"@type":"BreadcrumbList","@id":"https:\/\/kidsplay.lt\/produktas\/woopie-magnetiniu-konstruktoriaus-blokeliu-rinkinys-3d-dziungliu-gyvunai\/#breadcrumb","itemListElement":[{"@type":"ListItem","position":1,"name":"Pagrindinis","item":"https:\/\/kidsplay.lt\/"},{"@type":"ListItem","position":2,"name":"Parduotuv\u0117","item":"https:\/\/kidsplay.lt\/parduotuve\/"},{"@type":"ListItem","position":3,"name":"WOOPIE magnetini\u0173 konstruktoriaus blokeli\u0173 rinkinys \u201e3D d\u017eiungli\u0173 gyv\u016bnai\u201c"}]},{"@type":"WebSite","@id":"https:\/\/kidsplay.lt\/#website","url":"https:\/\/kidsplay.lt\/","name":"B\u0113rnu sp\u0113les.lv","description":"\u012evairios prek\u0117s vaikams","publisher":{"@id":"https:\/\/kidsplay.lt\/#organization"},"alternateName":"Kidsplay","potentialAction":[{"@type":"SearchAction","target":{"@type":"EntryPoint","urlTemplate":"https:\/\/kidsplay.lt\/?s={search_term_string}"},"query-input":{"@type":"PropertyValueSpecification","valueRequired":true,"valueName":"search_term_string"}}],"inLanguage":"lv-LV"},{"@type":"Organization","@id":"https:\/\/kidsplay.lt\/#organization","name":"B\u0113rnu sp\u0113le","url":"https:\/\/kidsplay.lt\/","logo":{"@type":"ImageObject","inLanguage":"lv-LV","@id":"https:\/\/kidsplay.lt\/#\/schema\/logo\/image\/","url":"https:\/\/kidsplay.lt\/wp-content\/uploads\/2023\/07\/kidsplay-logo.png","contentUrl":"https:\/\/kidsplay.lt\/wp-content\/uploads\/2023\/07\/kidsplay-logo.png","width":451,"height":98,"caption":"KidsPlay"},"image":{"@id":"https:\/\/kidsplay.lt\/#\/schema\/logo\/image\/"},"sameAs":["https:\/\/www.facebook.com\/www.kidsplay.lt"]}]}},"_links":{"self":[{"href":"https:\/\/kidsplay.lt\/lv\/wp-json\/wp\/v2\/product\/96103","targetHints":{"allow":["GET"]}}],"collection":[{"href":"https:\/\/kidsplay.lt\/lv\/wp-json\/wp\/v2\/product"}],"about":[{"href":"https:\/\/kidsplay.lt\/lv\/wp-json\/wp\/v2\/types\/product"}],"version-history":[{"count":1,"href":"https:\/\/kidsplay.lt\/lv\/wp-json\/wp\/v2\/product\/96103\/revisions"}],"predecessor-version":[{"id":96104,"href":"https:\/\/kidsplay.lt\/lv\/wp-json\/wp\/v2\/product\/96103\/revisions\/96104"}],"wp:featuredmedia":[{"embeddable":true,"href":"https:\/\/kidsplay.lt\/lv\/wp-json\/wp\/v2\/media\/96105"}],"wp:attachment":[{"href":"https:\/\/kidsplay.lt\/lv\/wp-json\/wp\/v2\/media?parent=96103"}],"wp:term":[{"taxonomy":"product_brand","embeddable":true,"href":"https:\/\/kidsplay.lt\/lv\/wp-json\/wp\/v2\/product_brand?post=96103"},{"taxonomy":"product_cat","embeddable":true,"href":"https:\/\/kidsplay.lt\/lv\/wp-json\/wp\/v2\/product_cat?post=96103"},{"taxonomy":"product_tag","embeddable":true,"href":"https:\/\/kidsplay.lt\/lv\/wp-json\/wp\/v2\/product_tag?post=96103"}],"curies":[{"name":"wp","href":"https:\/\/api.w.org\/{rel}","templated":true}]}}