{"id":96110,"date":"2026-03-23T07:41:57","date_gmt":"2026-03-23T05:41:57","guid":{"rendered":"https:\/\/kidsplay.lt\/produktas\/woopie-magnetiniu-blokeliu-rutuliuku-trasa-89-vnt\/"},"modified":"2026-04-07T09:34:06","modified_gmt":"2026-04-07T06:34:06","slug":"woopie-magnetiniu-blokeliu-rutuliuku-trasa-89-vnt","status":"publish","type":"product","link":"https:\/\/kidsplay.lt\/lv\/products\/woopie-magnetiniu-blokeliu-rutuliuku-trasa-89-vnt\/","title":{"rendered":"WOOPIE magn\u0113tisko bumbu kluc\u012b\u0161u trase \u2013 89 gab."},"content":{"rendered":"<p>WOOPIE magnetini\u0173 blokeli\u0173 rutuliuk\u0173 trasa \u2013 89\u202fvnt. \u2013 atraskite \u012ftraukiant\u012f magnetini\u0173 konstruktori\u0173 pasaul\u012f su \u0161iuo nuostabiu rutuliuk\u0173 trasos rinkiniu! Rinkinys turi 89 elementus, \u012fskaitant ry\u0161kius blokelius, vamzdelius, magnetinius elementus ir rutuliukus, kurie suteiks j\u016bs\u0173 vaikui nepamir\u0161tam\u0173 k\u016brybinio \u017eaidimo akimirk\u0173.<br \/>\nRaksturojums:<\/p>\n<p>\u017daislas vaikams nuo 3 met\u0173.<\/p>\n<p>Magnetiniai ir klasikiniai blokeliai \u2013 stabiliai statyti konstrukcijas.<\/p>\n<p>\u017daidimo rutuliukai.<\/p>\n<p>Vamzd\u017eiai, lenktos detal\u0117s, jungtys ir latakai \u2013 \u012fvairiam \u017eaidimui.<\/p>\n<p>Spalvoti lipdukai \u2013 dekoruoti ir suasmeninti konstruktorius.<\/p>\n<p>Ry\u0161kios, vaivoryk\u0161t\u0117s spalvos \u2013 skatina vaizduot\u0119 ir traukia d\u0117mes\u012f.<\/p>","protected":false},"excerpt":{"rendered":"<p>WOOPIE magnetini\u0173 blokeli\u0173 rutuliuk\u0173 trasa \u2013 89\u202fvnt. \u2013 atraskite \u012ftraukiant\u012f magnetini\u0173 konstruktori\u0173 pasaul\u012f su \u0161iuo nuostabiu rutuliuk\u0173 trasos rinkiniu! Rinkinys<\/p>","protected":false},"featured_media":96112,"template":"","meta":{"_acf_changed":false,"_glsr_average":0,"_glsr_ranking":0,"_glsr_reviews":0},"product_brand":[],"product_cat":[446,229],"product_tag":[],"class_list":{"0":"post-96110","1":"product","2":"type-product","3":"status-publish","4":"has-post-thumbnail","6":"product_cat-konstruktoriai","7":"product_cat-zaislai-vaikams","8":"\"style=\"background-color: #2ecc711c;\"","10":"first","11":"instock","12":"purchasable","13":"product-type-simple"},"acf":[],"yoast_head":"<!-- This site is optimized with the Yoast SEO plugin v27.3 - https:\/\/yoast.com\/product\/yoast-seo-wordpress\/ -->\n<title>WOOPIE magnetini\u0173 blokeli\u0173 rutuliuk\u0173 trasa \u2013 89\u202fvnt.<\/title>\n<meta name=\"description\" content=\"WOOPIE magnetini\u0173 blokeli\u0173 rutuliuk\u0173 trasa \u2013 89\u202fvnt. - KidsPlay. Did\u017eiausias vaik\u0173 \u017eaisl\u0173 pasirinkimas.\" \/>\n<meta name=\"robots\" content=\"index, follow, max-snippet:-1, max-image-preview:large, max-video-preview:-1\" \/>\n<link rel=\"canonical\" href=\"https:\/\/kidsplay.lt\/lv\/products\/woopie-magnetiniu-blokeliu-rutuliuku-trasa-89-vnt\/\" \/>\n<meta property=\"og:locale\" content=\"lv_LV\" \/>\n<meta property=\"og:type\" content=\"article\" \/>\n<meta property=\"og:title\" content=\"WOOPIE magnetini\u0173 blokeli\u0173 rutuliuk\u0173 trasa \u2013 89\u202fvnt.\" \/>\n<meta property=\"og:description\" content=\"WOOPIE magnetini\u0173 blokeli\u0173 rutuliuk\u0173 trasa \u2013 89\u202fvnt. - KidsPlay. Did\u017eiausias vaik\u0173 \u017eaisl\u0173 pasirinkimas.\" \/>\n<meta property=\"og:url\" content=\"https:\/\/kidsplay.lt\/lv\/products\/woopie-magnetiniu-blokeliu-rutuliuku-trasa-89-vnt\/\" \/>\n<meta property=\"og:site_name\" content=\"KidsPlay\" \/>\n<meta property=\"article:publisher\" content=\"https:\/\/www.facebook.com\/www.kidsplay.lt\" \/>\n<meta property=\"article:modified_time\" content=\"2026-04-07T06:34:06+00:00\" \/>\n<meta property=\"og:image\" content=\"https:\/\/kidsplay.lt\/wp-content\/uploads\/2026\/03\/WOOPIE-magnetiniu-blokeliu-rutuliuku-trasa-\u2013-89-vnt.jpg\" \/>\n\t<meta property=\"og:image:width\" content=\"1000\" \/>\n\t<meta property=\"og:image:height\" content=\"1000\" \/>\n\t<meta property=\"og:image:type\" content=\"image\/jpeg\" \/>\n<meta name=\"twitter:card\" content=\"summary_large_image\" \/>\n<script type=\"application\/ld+json\" class=\"yoast-schema-graph\">{\"@context\":\"https:\\\/\\\/schema.org\",\"@graph\":[{\"@type\":\"WebPage\",\"@id\":\"https:\\\/\\\/kidsplay.lt\\\/produktas\\\/woopie-magnetiniu-blokeliu-rutuliuku-trasa-89-vnt\\\/\",\"url\":\"https:\\\/\\\/kidsplay.lt\\\/produktas\\\/woopie-magnetiniu-blokeliu-rutuliuku-trasa-89-vnt\\\/\",\"name\":\"WOOPIE magnetini\u0173 blokeli\u0173 rutuliuk\u0173 trasa \u2013 89\u202fvnt.\",\"isPartOf\":{\"@id\":\"https:\\\/\\\/kidsplay.lt\\\/#website\"},\"primaryImageOfPage\":{\"@id\":\"https:\\\/\\\/kidsplay.lt\\\/produktas\\\/woopie-magnetiniu-blokeliu-rutuliuku-trasa-89-vnt\\\/#primaryimage\"},\"image\":{\"@id\":\"https:\\\/\\\/kidsplay.lt\\\/produktas\\\/woopie-magnetiniu-blokeliu-rutuliuku-trasa-89-vnt\\\/#primaryimage\"},\"thumbnailUrl\":\"https:\\\/\\\/kidsplay.lt\\\/wp-content\\\/uploads\\\/2026\\\/03\\\/WOOPIE-magnetiniu-blokeliu-rutuliuku-trasa-\u2013-89-vnt.jpg\",\"datePublished\":\"2026-03-23T05:41:57+00:00\",\"dateModified\":\"2026-04-07T06:34:06+00:00\",\"description\":\"WOOPIE magnetini\u0173 blokeli\u0173 rutuliuk\u0173 trasa \u2013 89\u202fvnt. - KidsPlay. Did\u017eiausias vaik\u0173 \u017eaisl\u0173 pasirinkimas.\",\"breadcrumb\":{\"@id\":\"https:\\\/\\\/kidsplay.lt\\\/produktas\\\/woopie-magnetiniu-blokeliu-rutuliuku-trasa-89-vnt\\\/#breadcrumb\"},\"inLanguage\":\"lv-LV\",\"potentialAction\":[{\"@type\":\"ReadAction\",\"target\":[\"https:\\\/\\\/kidsplay.lt\\\/produktas\\\/woopie-magnetiniu-blokeliu-rutuliuku-trasa-89-vnt\\\/\"]}]},{\"@type\":\"ImageObject\",\"inLanguage\":\"lv-LV\",\"@id\":\"https:\\\/\\\/kidsplay.lt\\\/produktas\\\/woopie-magnetiniu-blokeliu-rutuliuku-trasa-89-vnt\\\/#primaryimage\",\"url\":\"https:\\\/\\\/kidsplay.lt\\\/wp-content\\\/uploads\\\/2026\\\/03\\\/WOOPIE-magnetiniu-blokeliu-rutuliuku-trasa-\u2013-89-vnt.jpg\",\"contentUrl\":\"https:\\\/\\\/kidsplay.lt\\\/wp-content\\\/uploads\\\/2026\\\/03\\\/WOOPIE-magnetiniu-blokeliu-rutuliuku-trasa-\u2013-89-vnt.jpg\",\"width\":1000,\"height\":1000,\"caption\":\"WOOPIE magnetini\u0173 blokeli\u0173 rutuliuk\u0173 trasa \u2013 89\u202fvnt.\"},{\"@type\":\"BreadcrumbList\",\"@id\":\"https:\\\/\\\/kidsplay.lt\\\/produktas\\\/woopie-magnetiniu-blokeliu-rutuliuku-trasa-89-vnt\\\/#breadcrumb\",\"itemListElement\":[{\"@type\":\"ListItem\",\"position\":1,\"name\":\"Pagrindinis\",\"item\":\"https:\\\/\\\/kidsplay.lt\\\/\"},{\"@type\":\"ListItem\",\"position\":2,\"name\":\"Parduotuv\u0117\",\"item\":\"https:\\\/\\\/kidsplay.lt\\\/parduotuve\\\/\"},{\"@type\":\"ListItem\",\"position\":3,\"name\":\"WOOPIE magnetini\u0173 blokeli\u0173 rutuliuk\u0173 trasa \u2013 89\u202fvnt.\"}]},{\"@type\":\"WebSite\",\"@id\":\"https:\\\/\\\/kidsplay.lt\\\/#website\",\"url\":\"https:\\\/\\\/kidsplay.lt\\\/\",\"name\":\"Kidsplay.lt\",\"description\":\"\u012evairios prek\u0117s vaikams\",\"publisher\":{\"@id\":\"https:\\\/\\\/kidsplay.lt\\\/#organization\"},\"alternateName\":\"Kidsplay\",\"potentialAction\":[{\"@type\":\"SearchAction\",\"target\":{\"@type\":\"EntryPoint\",\"urlTemplate\":\"https:\\\/\\\/kidsplay.lt\\\/?s={search_term_string}\"},\"query-input\":{\"@type\":\"PropertyValueSpecification\",\"valueRequired\":true,\"valueName\":\"search_term_string\"}}],\"inLanguage\":\"lv-LV\"},{\"@type\":\"Organization\",\"@id\":\"https:\\\/\\\/kidsplay.lt\\\/#organization\",\"name\":\"KidsPlay\",\"url\":\"https:\\\/\\\/kidsplay.lt\\\/\",\"logo\":{\"@type\":\"ImageObject\",\"inLanguage\":\"lv-LV\",\"@id\":\"https:\\\/\\\/kidsplay.lt\\\/#\\\/schema\\\/logo\\\/image\\\/\",\"url\":\"https:\\\/\\\/kidsplay.lt\\\/wp-content\\\/uploads\\\/2023\\\/07\\\/kidsplay-logo.png\",\"contentUrl\":\"https:\\\/\\\/kidsplay.lt\\\/wp-content\\\/uploads\\\/2023\\\/07\\\/kidsplay-logo.png\",\"width\":451,\"height\":98,\"caption\":\"KidsPlay\"},\"image\":{\"@id\":\"https:\\\/\\\/kidsplay.lt\\\/#\\\/schema\\\/logo\\\/image\\\/\"},\"sameAs\":[\"https:\\\/\\\/www.facebook.com\\\/www.kidsplay.lt\"]}]}<\/script>\n<!-- \/ Yoast SEO plugin. -->","yoast_head_json":{"title":"WOOPIE magn\u0113tisko bumbu kluc\u012b\u0161u trase \u2013 89 gab.","description":"WOOPIE magnetini\u0173 blokeli\u0173 rutuliuk\u0173 trasa \u2013 89\u202fvnt. - KidsPlay. Did\u017eiausias vaik\u0173 \u017eaisl\u0173 pasirinkimas.","robots":{"index":"index","follow":"follow","max-snippet":"max-snippet:-1","max-image-preview":"max-image-preview:large","max-video-preview":"max-video-preview:-1"},"canonical":"https:\/\/kidsplay.lt\/lv\/products\/woopie-magnetiniu-blokeliu-rutuliuku-trasa-89-vnt\/","og_locale":"lv_LV","og_type":"article","og_title":"WOOPIE magnetini\u0173 blokeli\u0173 rutuliuk\u0173 trasa \u2013 89\u202fvnt.","og_description":"WOOPIE magnetini\u0173 blokeli\u0173 rutuliuk\u0173 trasa \u2013 89\u202fvnt. - KidsPlay. Did\u017eiausias vaik\u0173 \u017eaisl\u0173 pasirinkimas.","og_url":"https:\/\/kidsplay.lt\/lv\/products\/woopie-magnetiniu-blokeliu-rutuliuku-trasa-89-vnt\/","og_site_name":"KidsPlay","article_publisher":"https:\/\/www.facebook.com\/www.kidsplay.lt","article_modified_time":"2026-04-07T06:34:06+00:00","og_image":[{"width":1000,"height":1000,"url":"https:\/\/kidsplay.lt\/wp-content\/uploads\/2026\/03\/WOOPIE-magnetiniu-blokeliu-rutuliuku-trasa-\u2013-89-vnt.jpg","type":"image\/jpeg"}],"twitter_card":"summary_large_image","schema":{"@context":"https:\/\/schema.org","@graph":[{"@type":"WebPage","@id":"https:\/\/kidsplay.lt\/produktas\/woopie-magnetiniu-blokeliu-rutuliuku-trasa-89-vnt\/","url":"https:\/\/kidsplay.lt\/produktas\/woopie-magnetiniu-blokeliu-rutuliuku-trasa-89-vnt\/","name":"WOOPIE magn\u0113tisko bumbu kluc\u012b\u0161u trase \u2013 89 gab.","isPartOf":{"@id":"https:\/\/kidsplay.lt\/#website"},"primaryImageOfPage":{"@id":"https:\/\/kidsplay.lt\/produktas\/woopie-magnetiniu-blokeliu-rutuliuku-trasa-89-vnt\/#primaryimage"},"image":{"@id":"https:\/\/kidsplay.lt\/produktas\/woopie-magnetiniu-blokeliu-rutuliuku-trasa-89-vnt\/#primaryimage"},"thumbnailUrl":"https:\/\/kidsplay.lt\/wp-content\/uploads\/2026\/03\/WOOPIE-magnetiniu-blokeliu-rutuliuku-trasa-\u2013-89-vnt.jpg","datePublished":"2026-03-23T05:41:57+00:00","dateModified":"2026-04-07T06:34:06+00:00","description":"WOOPIE magnetini\u0173 blokeli\u0173 rutuliuk\u0173 trasa \u2013 89\u202fvnt. - KidsPlay. Did\u017eiausias vaik\u0173 \u017eaisl\u0173 pasirinkimas.","breadcrumb":{"@id":"https:\/\/kidsplay.lt\/produktas\/woopie-magnetiniu-blokeliu-rutuliuku-trasa-89-vnt\/#breadcrumb"},"inLanguage":"lv-LV","potentialAction":[{"@type":"ReadAction","target":["https:\/\/kidsplay.lt\/produktas\/woopie-magnetiniu-blokeliu-rutuliuku-trasa-89-vnt\/"]}]},{"@type":"ImageObject","inLanguage":"lv-LV","@id":"https:\/\/kidsplay.lt\/produktas\/woopie-magnetiniu-blokeliu-rutuliuku-trasa-89-vnt\/#primaryimage","url":"https:\/\/kidsplay.lt\/wp-content\/uploads\/2026\/03\/WOOPIE-magnetiniu-blokeliu-rutuliuku-trasa-\u2013-89-vnt.jpg","contentUrl":"https:\/\/kidsplay.lt\/wp-content\/uploads\/2026\/03\/WOOPIE-magnetiniu-blokeliu-rutuliuku-trasa-\u2013-89-vnt.jpg","width":1000,"height":1000,"caption":"WOOPIE magnetini\u0173 blokeli\u0173 rutuliuk\u0173 trasa \u2013 89\u202fvnt."},{"@type":"BreadcrumbList","@id":"https:\/\/kidsplay.lt\/produktas\/woopie-magnetiniu-blokeliu-rutuliuku-trasa-89-vnt\/#breadcrumb","itemListElement":[{"@type":"ListItem","position":1,"name":"Pagrindinis","item":"https:\/\/kidsplay.lt\/"},{"@type":"ListItem","position":2,"name":"Parduotuv\u0117","item":"https:\/\/kidsplay.lt\/parduotuve\/"},{"@type":"ListItem","position":3,"name":"WOOPIE magnetini\u0173 blokeli\u0173 rutuliuk\u0173 trasa \u2013 89\u202fvnt."}]},{"@type":"WebSite","@id":"https:\/\/kidsplay.lt\/#website","url":"https:\/\/kidsplay.lt\/","name":"B\u0113rnu sp\u0113les.lv","description":"\u012evairios prek\u0117s vaikams","publisher":{"@id":"https:\/\/kidsplay.lt\/#organization"},"alternateName":"Kidsplay","potentialAction":[{"@type":"SearchAction","target":{"@type":"EntryPoint","urlTemplate":"https:\/\/kidsplay.lt\/?s={search_term_string}"},"query-input":{"@type":"PropertyValueSpecification","valueRequired":true,"valueName":"search_term_string"}}],"inLanguage":"lv-LV"},{"@type":"Organization","@id":"https:\/\/kidsplay.lt\/#organization","name":"B\u0113rnu sp\u0113le","url":"https:\/\/kidsplay.lt\/","logo":{"@type":"ImageObject","inLanguage":"lv-LV","@id":"https:\/\/kidsplay.lt\/#\/schema\/logo\/image\/","url":"https:\/\/kidsplay.lt\/wp-content\/uploads\/2023\/07\/kidsplay-logo.png","contentUrl":"https:\/\/kidsplay.lt\/wp-content\/uploads\/2023\/07\/kidsplay-logo.png","width":451,"height":98,"caption":"KidsPlay"},"image":{"@id":"https:\/\/kidsplay.lt\/#\/schema\/logo\/image\/"},"sameAs":["https:\/\/www.facebook.com\/www.kidsplay.lt"]}]}},"_links":{"self":[{"href":"https:\/\/kidsplay.lt\/lv\/wp-json\/wp\/v2\/product\/96110","targetHints":{"allow":["GET"]}}],"collection":[{"href":"https:\/\/kidsplay.lt\/lv\/wp-json\/wp\/v2\/product"}],"about":[{"href":"https:\/\/kidsplay.lt\/lv\/wp-json\/wp\/v2\/types\/product"}],"version-history":[{"count":1,"href":"https:\/\/kidsplay.lt\/lv\/wp-json\/wp\/v2\/product\/96110\/revisions"}],"predecessor-version":[{"id":96111,"href":"https:\/\/kidsplay.lt\/lv\/wp-json\/wp\/v2\/product\/96110\/revisions\/96111"}],"wp:featuredmedia":[{"embeddable":true,"href":"https:\/\/kidsplay.lt\/lv\/wp-json\/wp\/v2\/media\/96112"}],"wp:attachment":[{"href":"https:\/\/kidsplay.lt\/lv\/wp-json\/wp\/v2\/media?parent=96110"}],"wp:term":[{"taxonomy":"product_brand","embeddable":true,"href":"https:\/\/kidsplay.lt\/lv\/wp-json\/wp\/v2\/product_brand?post=96110"},{"taxonomy":"product_cat","embeddable":true,"href":"https:\/\/kidsplay.lt\/lv\/wp-json\/wp\/v2\/product_cat?post=96110"},{"taxonomy":"product_tag","embeddable":true,"href":"https:\/\/kidsplay.lt\/lv\/wp-json\/wp\/v2\/product_tag?post=96110"}],"curies":[{"name":"wp","href":"https:\/\/api.w.org\/{rel}","templated":true}]}}