{"id":96117,"date":"2026-03-23T07:42:20","date_gmt":"2026-03-23T05:42:20","guid":{"rendered":"https:\/\/kidsplay.lt\/produktas\/woopie-mobili-irankiu-deze-dirbtuves-2-viename-65-vnt\/"},"modified":"2026-04-13T13:54:06","modified_gmt":"2026-04-13T10:54:06","slug":"woopie-mobili-irankiu-deze-dirbtuves-2-viename-65-vnt","status":"publish","type":"product","link":"https:\/\/kidsplay.lt\/lv\/products\/woopie-mobili-irankiu-deze-dirbtuves-2-viename-65-vnt\/","title":{"rendered":"WOOPIE mobili \u012franki\u0173 d\u0117\u017e\u0117 \u2013 dirbtuv\u0117s 2\u202fviename, 65\u202fvnt."},"content":{"rendered":"<p>WOOPIE mobili \u012franki\u0173 d\u0117\u017e\u0117 \u2013 dirbtuv\u0117s 2\u202fviename, 65\u202fvnt. \u2013 pagaminta i\u0161 tvirto plastiko su oran\u017einiais, juodais ir pilkais elementais, leid\u017eia vaikams saugiai ir lengvai tapti tikru meistru. \u0160is funkcionalus 2\u202fviename rinkinys ne tik yra dirbtuv\u0117s, bet ir riedanti lagamin\u0117lis su rankena, tapsiantis m\u0117gstamu \u017eaidim\u0173 draugu. Praktinis rinkinys skatina k\u016brybin\u012f vaidmen\u0173 \u017eaidim\u0105 ir padeda lavinti rank\u0173 \u012fg\u016bd\u017eius \u017eaidimo metu.<br \/>\nRaksturojums:<\/p>\n<p>Pagamintas i\u0161 tvirto plastiko.<\/p>\n<p>Transformuojasi i\u0161 dirbtuvi\u0173 \u012f patog\u0173 riedant\u012f lagamin\u0117l\u012f su rankena.<\/p>\n<p>Platus \u012franki\u0173 pasirinkimas.<\/p>\n<p>Rinkinyje yra 65 plastikiniai elementai.<\/p>\n<p>Realisti\u0161kas baterijomis maitinamas daugiafunkcis \u012frankis (2\u00d7AA \u2013 NE\u012eTRAUKTA).<\/p>\n<p>Komplekte yra saugos ir darbo apsaugos priemon\u0117s.<\/p>\n<p>Komplekt\u0101 ietilpst:<\/p>\n<p>Apsauginiai akiniai<\/p>\n<p>Rankinis pj\u016bklas<\/p>\n<p>3 i\u0161 anksto gr\u0119\u017etos lentos (plastikin\u0117s)<\/p>\n<p>T-formos raktas<\/p>\n<p>Repl\u0117s<\/p>\n<p>\u017dnypl\u0117s<\/p>\n<p>Atviro tipo ver\u017eliaraktis<\/p>\n<p>D\u0117\u017eut\u0117s tipo ver\u017eliaraktis<\/p>\n<p>Atsuktuvas<\/p>\n<p>Plaktukas<\/p>\n<p>3 antgaliai daugiafunkciam \u012frankiui \u2013 gr\u0105\u017etas, plok\u0161\u010dias atsuktuvas, kry\u017eminis atsuktuvas<\/p>\n<p>Daugiafunkcis \u012frankis<\/p>\n<p>2 antgaliai daugiafunkciam \u012frankiui \u2013 atsuktuvas ir elektrinis pj\u016bklas<\/p>\n<p>Apsaugin\u0117 kauk\u0117<\/p>\n<p>Staliaus spaustukas<\/p>\n<p>Reguliuojamas ver\u017eliaraktis<\/p>\n<p>Lygis<\/p>\n<p>Matavimo puodelis<\/p>\n<p>16 skr\u016bves<\/p>\n<p>16 dangteli\u0173<\/p>\n<p>6 var\u017etai<\/p>\n<p>3 statybos \u0161ablonai<\/p>","protected":false},"excerpt":{"rendered":"<p>WOOPIE mobili \u012franki\u0173 d\u0117\u017e\u0117 \u2013 dirbtuv\u0117s 2\u202fviename, 65\u202fvnt. \u2013 pagaminta i\u0161 tvirto plastiko su oran\u017einiais, juodais ir pilkais elementais, leid\u017eia<\/p>","protected":false},"featured_media":96119,"template":"","meta":{"_acf_changed":false,"_glsr_average":0,"_glsr_ranking":0,"_glsr_reviews":0},"product_brand":[],"product_cat":[402,399],"product_tag":[],"class_list":{"0":"post-96117","1":"product","2":"type-product","3":"status-publish","4":"has-post-thumbnail","6":"product_cat-dirbtuves-ir-irankiai","7":"product_cat-vaidmenu-zaidimai-2","8":"\"style=\"background-color: #2ecc711c;\"","10":"first","11":"instock","12":"purchasable","13":"product-type-simple"},"acf":[],"yoast_head":"<!-- This site is optimized with the Yoast SEO plugin v27.4 - https:\/\/yoast.com\/product\/yoast-seo-wordpress\/ -->\n<title>WOOPIE mobili \u012franki\u0173 d\u0117\u017e\u0117 \u2013 dirbtuv\u0117s 2\u202fviename, 65\u202fvnt.<\/title>\n<meta name=\"description\" content=\"WOOPIE mobili \u012franki\u0173 d\u0117\u017e\u0117 \u2013 dirbtuv\u0117s 2\u202fviename, 65\u202fvnt. - KidsPlay. Did\u017eiausias vaik\u0173 \u017eaisl\u0173 pasirinkimas.\" \/>\n<meta name=\"robots\" content=\"index, follow, max-snippet:-1, max-image-preview:large, max-video-preview:-1\" \/>\n<link rel=\"canonical\" href=\"https:\/\/kidsplay.lt\/lv\/products\/woopie-mobili-irankiu-deze-dirbtuves-2-viename-65-vnt\/\" \/>\n<meta property=\"og:locale\" content=\"lv_LV\" \/>\n<meta property=\"og:type\" content=\"article\" \/>\n<meta property=\"og:title\" content=\"WOOPIE mobili \u012franki\u0173 d\u0117\u017e\u0117 \u2013 dirbtuv\u0117s 2\u202fviename, 65\u202fvnt.\" \/>\n<meta property=\"og:description\" content=\"WOOPIE mobili \u012franki\u0173 d\u0117\u017e\u0117 \u2013 dirbtuv\u0117s 2\u202fviename, 65\u202fvnt. - KidsPlay. Did\u017eiausias vaik\u0173 \u017eaisl\u0173 pasirinkimas.\" \/>\n<meta property=\"og:url\" content=\"https:\/\/kidsplay.lt\/lv\/products\/woopie-mobili-irankiu-deze-dirbtuves-2-viename-65-vnt\/\" \/>\n<meta property=\"og:site_name\" content=\"KidsPlay\" \/>\n<meta property=\"article:publisher\" content=\"https:\/\/www.facebook.com\/www.kidsplay.lt\" \/>\n<meta property=\"article:modified_time\" content=\"2026-04-13T10:54:06+00:00\" \/>\n<meta property=\"og:image\" content=\"https:\/\/kidsplay.lt\/wp-content\/uploads\/2026\/03\/WOOPIE-mobili-irankiu-deze-\u2013-dirbtuves-2-viename-65-vnt.jpg\" \/>\n\t<meta property=\"og:image:width\" content=\"1000\" \/>\n\t<meta property=\"og:image:height\" content=\"1000\" \/>\n\t<meta property=\"og:image:type\" content=\"image\/jpeg\" \/>\n<meta name=\"twitter:card\" content=\"summary_large_image\" \/>\n<meta name=\"twitter:label1\" content=\"Est. reading time\" \/>\n\t<meta name=\"twitter:data1\" content=\"1 min\u016bte\" \/>\n<script type=\"application\/ld+json\" class=\"yoast-schema-graph\">{\"@context\":\"https:\\\/\\\/schema.org\",\"@graph\":[{\"@type\":\"WebPage\",\"@id\":\"https:\\\/\\\/kidsplay.lt\\\/produktas\\\/woopie-mobili-irankiu-deze-dirbtuves-2-viename-65-vnt\\\/\",\"url\":\"https:\\\/\\\/kidsplay.lt\\\/produktas\\\/woopie-mobili-irankiu-deze-dirbtuves-2-viename-65-vnt\\\/\",\"name\":\"WOOPIE mobili \u012franki\u0173 d\u0117\u017e\u0117 \u2013 dirbtuv\u0117s 2\u202fviename, 65\u202fvnt.\",\"isPartOf\":{\"@id\":\"https:\\\/\\\/kidsplay.lt\\\/#website\"},\"primaryImageOfPage\":{\"@id\":\"https:\\\/\\\/kidsplay.lt\\\/produktas\\\/woopie-mobili-irankiu-deze-dirbtuves-2-viename-65-vnt\\\/#primaryimage\"},\"image\":{\"@id\":\"https:\\\/\\\/kidsplay.lt\\\/produktas\\\/woopie-mobili-irankiu-deze-dirbtuves-2-viename-65-vnt\\\/#primaryimage\"},\"thumbnailUrl\":\"https:\\\/\\\/kidsplay.lt\\\/wp-content\\\/uploads\\\/2026\\\/03\\\/WOOPIE-mobili-irankiu-deze-\u2013-dirbtuves-2-viename-65-vnt.jpg\",\"datePublished\":\"2026-03-23T05:42:20+00:00\",\"dateModified\":\"2026-04-13T10:54:06+00:00\",\"description\":\"WOOPIE mobili \u012franki\u0173 d\u0117\u017e\u0117 \u2013 dirbtuv\u0117s 2\u202fviename, 65\u202fvnt. - KidsPlay. Did\u017eiausias vaik\u0173 \u017eaisl\u0173 pasirinkimas.\",\"breadcrumb\":{\"@id\":\"https:\\\/\\\/kidsplay.lt\\\/produktas\\\/woopie-mobili-irankiu-deze-dirbtuves-2-viename-65-vnt\\\/#breadcrumb\"},\"inLanguage\":\"lv-LV\",\"potentialAction\":[{\"@type\":\"ReadAction\",\"target\":[\"https:\\\/\\\/kidsplay.lt\\\/produktas\\\/woopie-mobili-irankiu-deze-dirbtuves-2-viename-65-vnt\\\/\"]}]},{\"@type\":\"ImageObject\",\"inLanguage\":\"lv-LV\",\"@id\":\"https:\\\/\\\/kidsplay.lt\\\/produktas\\\/woopie-mobili-irankiu-deze-dirbtuves-2-viename-65-vnt\\\/#primaryimage\",\"url\":\"https:\\\/\\\/kidsplay.lt\\\/wp-content\\\/uploads\\\/2026\\\/03\\\/WOOPIE-mobili-irankiu-deze-\u2013-dirbtuves-2-viename-65-vnt.jpg\",\"contentUrl\":\"https:\\\/\\\/kidsplay.lt\\\/wp-content\\\/uploads\\\/2026\\\/03\\\/WOOPIE-mobili-irankiu-deze-\u2013-dirbtuves-2-viename-65-vnt.jpg\",\"width\":1000,\"height\":1000,\"caption\":\"WOOPIE mobili \u012franki\u0173 d\u0117\u017e\u0117 \u2013 dirbtuv\u0117s 2\u202fviename\"},{\"@type\":\"BreadcrumbList\",\"@id\":\"https:\\\/\\\/kidsplay.lt\\\/produktas\\\/woopie-mobili-irankiu-deze-dirbtuves-2-viename-65-vnt\\\/#breadcrumb\",\"itemListElement\":[{\"@type\":\"ListItem\",\"position\":1,\"name\":\"Pagrindinis\",\"item\":\"https:\\\/\\\/kidsplay.lt\\\/\"},{\"@type\":\"ListItem\",\"position\":2,\"name\":\"Parduotuv\u0117\",\"item\":\"https:\\\/\\\/kidsplay.lt\\\/parduotuve\\\/\"},{\"@type\":\"ListItem\",\"position\":3,\"name\":\"WOOPIE mobili \u012franki\u0173 d\u0117\u017e\u0117 \u2013 dirbtuv\u0117s 2\u202fviename, 65\u202fvnt.\"}]},{\"@type\":\"WebSite\",\"@id\":\"https:\\\/\\\/kidsplay.lt\\\/#website\",\"url\":\"https:\\\/\\\/kidsplay.lt\\\/\",\"name\":\"Kidsplay.lt\",\"description\":\"\u012evairios prek\u0117s vaikams\",\"publisher\":{\"@id\":\"https:\\\/\\\/kidsplay.lt\\\/#organization\"},\"alternateName\":\"Kidsplay\",\"potentialAction\":[{\"@type\":\"SearchAction\",\"target\":{\"@type\":\"EntryPoint\",\"urlTemplate\":\"https:\\\/\\\/kidsplay.lt\\\/?s={search_term_string}\"},\"query-input\":{\"@type\":\"PropertyValueSpecification\",\"valueRequired\":true,\"valueName\":\"search_term_string\"}}],\"inLanguage\":\"lv-LV\"},{\"@type\":\"Organization\",\"@id\":\"https:\\\/\\\/kidsplay.lt\\\/#organization\",\"name\":\"KidsPlay\",\"url\":\"https:\\\/\\\/kidsplay.lt\\\/\",\"logo\":{\"@type\":\"ImageObject\",\"inLanguage\":\"lv-LV\",\"@id\":\"https:\\\/\\\/kidsplay.lt\\\/#\\\/schema\\\/logo\\\/image\\\/\",\"url\":\"https:\\\/\\\/kidsplay.lt\\\/wp-content\\\/uploads\\\/2023\\\/07\\\/kidsplay-logo.png\",\"contentUrl\":\"https:\\\/\\\/kidsplay.lt\\\/wp-content\\\/uploads\\\/2023\\\/07\\\/kidsplay-logo.png\",\"width\":451,\"height\":98,\"caption\":\"KidsPlay\"},\"image\":{\"@id\":\"https:\\\/\\\/kidsplay.lt\\\/#\\\/schema\\\/logo\\\/image\\\/\"},\"sameAs\":[\"https:\\\/\\\/www.facebook.com\\\/www.kidsplay.lt\"]}]}<\/script>\n<!-- \/ Yoast SEO plugin. -->","yoast_head_json":{"title":"WOOPIE mobili \u012franki\u0173 d\u0117\u017e\u0117 \u2013 dirbtuv\u0117s 2\u202fviename, 65\u202fvnt.","description":"WOOPIE mobili \u012franki\u0173 d\u0117\u017e\u0117 \u2013 dirbtuv\u0117s 2\u202fviename, 65\u202fvnt. - KidsPlay. Did\u017eiausias vaik\u0173 \u017eaisl\u0173 pasirinkimas.","robots":{"index":"index","follow":"follow","max-snippet":"max-snippet:-1","max-image-preview":"max-image-preview:large","max-video-preview":"max-video-preview:-1"},"canonical":"https:\/\/kidsplay.lt\/lv\/products\/woopie-mobili-irankiu-deze-dirbtuves-2-viename-65-vnt\/","og_locale":"lv_LV","og_type":"article","og_title":"WOOPIE mobili \u012franki\u0173 d\u0117\u017e\u0117 \u2013 dirbtuv\u0117s 2\u202fviename, 65\u202fvnt.","og_description":"WOOPIE mobili \u012franki\u0173 d\u0117\u017e\u0117 \u2013 dirbtuv\u0117s 2\u202fviename, 65\u202fvnt. - KidsPlay. Did\u017eiausias vaik\u0173 \u017eaisl\u0173 pasirinkimas.","og_url":"https:\/\/kidsplay.lt\/lv\/products\/woopie-mobili-irankiu-deze-dirbtuves-2-viename-65-vnt\/","og_site_name":"KidsPlay","article_publisher":"https:\/\/www.facebook.com\/www.kidsplay.lt","article_modified_time":"2026-04-13T10:54:06+00:00","og_image":[{"width":1000,"height":1000,"url":"https:\/\/kidsplay.lt\/wp-content\/uploads\/2026\/03\/WOOPIE-mobili-irankiu-deze-\u2013-dirbtuves-2-viename-65-vnt.jpg","type":"image\/jpeg"}],"twitter_card":"summary_large_image","twitter_misc":{"Est. reading time":"1 min\u016bte"},"schema":{"@context":"https:\/\/schema.org","@graph":[{"@type":"WebPage","@id":"https:\/\/kidsplay.lt\/produktas\/woopie-mobili-irankiu-deze-dirbtuves-2-viename-65-vnt\/","url":"https:\/\/kidsplay.lt\/produktas\/woopie-mobili-irankiu-deze-dirbtuves-2-viename-65-vnt\/","name":"WOOPIE mobili \u012franki\u0173 d\u0117\u017e\u0117 \u2013 dirbtuv\u0117s 2\u202fviename, 65\u202fvnt.","isPartOf":{"@id":"https:\/\/kidsplay.lt\/#website"},"primaryImageOfPage":{"@id":"https:\/\/kidsplay.lt\/produktas\/woopie-mobili-irankiu-deze-dirbtuves-2-viename-65-vnt\/#primaryimage"},"image":{"@id":"https:\/\/kidsplay.lt\/produktas\/woopie-mobili-irankiu-deze-dirbtuves-2-viename-65-vnt\/#primaryimage"},"thumbnailUrl":"https:\/\/kidsplay.lt\/wp-content\/uploads\/2026\/03\/WOOPIE-mobili-irankiu-deze-\u2013-dirbtuves-2-viename-65-vnt.jpg","datePublished":"2026-03-23T05:42:20+00:00","dateModified":"2026-04-13T10:54:06+00:00","description":"WOOPIE mobili \u012franki\u0173 d\u0117\u017e\u0117 \u2013 dirbtuv\u0117s 2\u202fviename, 65\u202fvnt. - KidsPlay. Did\u017eiausias vaik\u0173 \u017eaisl\u0173 pasirinkimas.","breadcrumb":{"@id":"https:\/\/kidsplay.lt\/produktas\/woopie-mobili-irankiu-deze-dirbtuves-2-viename-65-vnt\/#breadcrumb"},"inLanguage":"lv-LV","potentialAction":[{"@type":"ReadAction","target":["https:\/\/kidsplay.lt\/produktas\/woopie-mobili-irankiu-deze-dirbtuves-2-viename-65-vnt\/"]}]},{"@type":"ImageObject","inLanguage":"lv-LV","@id":"https:\/\/kidsplay.lt\/produktas\/woopie-mobili-irankiu-deze-dirbtuves-2-viename-65-vnt\/#primaryimage","url":"https:\/\/kidsplay.lt\/wp-content\/uploads\/2026\/03\/WOOPIE-mobili-irankiu-deze-\u2013-dirbtuves-2-viename-65-vnt.jpg","contentUrl":"https:\/\/kidsplay.lt\/wp-content\/uploads\/2026\/03\/WOOPIE-mobili-irankiu-deze-\u2013-dirbtuves-2-viename-65-vnt.jpg","width":1000,"height":1000,"caption":"WOOPIE mobili \u012franki\u0173 d\u0117\u017e\u0117 \u2013 dirbtuv\u0117s 2\u202fviename"},{"@type":"BreadcrumbList","@id":"https:\/\/kidsplay.lt\/produktas\/woopie-mobili-irankiu-deze-dirbtuves-2-viename-65-vnt\/#breadcrumb","itemListElement":[{"@type":"ListItem","position":1,"name":"Pagrindinis","item":"https:\/\/kidsplay.lt\/"},{"@type":"ListItem","position":2,"name":"Parduotuv\u0117","item":"https:\/\/kidsplay.lt\/parduotuve\/"},{"@type":"ListItem","position":3,"name":"WOOPIE mobili \u012franki\u0173 d\u0117\u017e\u0117 \u2013 dirbtuv\u0117s 2\u202fviename, 65\u202fvnt."}]},{"@type":"WebSite","@id":"https:\/\/kidsplay.lt\/#website","url":"https:\/\/kidsplay.lt\/","name":"B\u0113rnu sp\u0113les.lv","description":"\u012evairios prek\u0117s vaikams","publisher":{"@id":"https:\/\/kidsplay.lt\/#organization"},"alternateName":"Kidsplay","potentialAction":[{"@type":"SearchAction","target":{"@type":"EntryPoint","urlTemplate":"https:\/\/kidsplay.lt\/?s={search_term_string}"},"query-input":{"@type":"PropertyValueSpecification","valueRequired":true,"valueName":"search_term_string"}}],"inLanguage":"lv-LV"},{"@type":"Organization","@id":"https:\/\/kidsplay.lt\/#organization","name":"B\u0113rnu sp\u0113le","url":"https:\/\/kidsplay.lt\/","logo":{"@type":"ImageObject","inLanguage":"lv-LV","@id":"https:\/\/kidsplay.lt\/#\/schema\/logo\/image\/","url":"https:\/\/kidsplay.lt\/wp-content\/uploads\/2023\/07\/kidsplay-logo.png","contentUrl":"https:\/\/kidsplay.lt\/wp-content\/uploads\/2023\/07\/kidsplay-logo.png","width":451,"height":98,"caption":"KidsPlay"},"image":{"@id":"https:\/\/kidsplay.lt\/#\/schema\/logo\/image\/"},"sameAs":["https:\/\/www.facebook.com\/www.kidsplay.lt"]}]}},"_links":{"self":[{"href":"https:\/\/kidsplay.lt\/lv\/wp-json\/wp\/v2\/product\/96117","targetHints":{"allow":["GET"]}}],"collection":[{"href":"https:\/\/kidsplay.lt\/lv\/wp-json\/wp\/v2\/product"}],"about":[{"href":"https:\/\/kidsplay.lt\/lv\/wp-json\/wp\/v2\/types\/product"}],"version-history":[{"count":1,"href":"https:\/\/kidsplay.lt\/lv\/wp-json\/wp\/v2\/product\/96117\/revisions"}],"predecessor-version":[{"id":96118,"href":"https:\/\/kidsplay.lt\/lv\/wp-json\/wp\/v2\/product\/96117\/revisions\/96118"}],"wp:featuredmedia":[{"embeddable":true,"href":"https:\/\/kidsplay.lt\/lv\/wp-json\/wp\/v2\/media\/96119"}],"wp:attachment":[{"href":"https:\/\/kidsplay.lt\/lv\/wp-json\/wp\/v2\/media?parent=96117"}],"wp:term":[{"taxonomy":"product_brand","embeddable":true,"href":"https:\/\/kidsplay.lt\/lv\/wp-json\/wp\/v2\/product_brand?post=96117"},{"taxonomy":"product_cat","embeddable":true,"href":"https:\/\/kidsplay.lt\/lv\/wp-json\/wp\/v2\/product_cat?post=96117"},{"taxonomy":"product_tag","embeddable":true,"href":"https:\/\/kidsplay.lt\/lv\/wp-json\/wp\/v2\/product_tag?post=96117"}],"curies":[{"name":"wp","href":"https:\/\/api.w.org\/{rel}","templated":true}]}}