{"id":96124,"date":"2026-03-23T07:42:38","date_gmt":"2026-03-23T05:42:38","guid":{"rendered":"https:\/\/kidsplay.lt\/produktas\/woopie-edukacinis-loginis-zaidimas-spalvu-rusiavimo-ir-klasifikavimo-zaidimas\/"},"modified":"2026-04-07T09:34:19","modified_gmt":"2026-04-07T06:34:19","slug":"woopie-edukacinis-loginis-zaidimas-spalvu-rusiavimo-ir-klasifikavimo-zaidimas","status":"publish","type":"product","link":"https:\/\/kidsplay.lt\/lv\/products\/woopie-edukacinis-loginis-zaidimas-spalvu-rusiavimo-ir-klasifikavimo-zaidimas\/","title":{"rendered":"WOOPIE edukacinis loginis \u017eaidimas \u2013 spalv\u0173 r\u016b\u0161iavimo ir klasifikavimo \u017eaidimas"},"content":{"rendered":"<p>WOOPIE edukacinis loginis \u017eaidimas \u201e\u0160erk gyv\u016bnus\u201c \u2013 spalv\u0173 r\u016b\u0161iavimo ir klasifikavimo rinkinys \u2013 supa\u017eindinkite savo vaik\u0105 su mokymosi ir spalv\u0173 pa\u017einimo pasauliu! \u0160is edukacinis \u017eaidimas puikiai tinka vaikams nuo 3 met\u0173. Rinkin\u012f sudaro penki spalvingi indeliai \u2013 nameliai mieliems gyv\u016bn\u0117liams, \u017eetonai su maisto lipdukais bei 20 korteli\u0173 su login\u0117mis u\u017eduotimis. Pagrindinis tikslas \u2013 priskirti \u017eetonus tinkamiems nameliams, lavinant spalv\u0173 atpa\u017einim\u0105, login\u012f m\u0105stym\u0105 ir rank\u0173 bei aki\u0173 koordinacij\u0105. Nameliai priklauso mieliems veik\u0117jams, tokiems kaip pingvinas, bit\u0117 ir be\u017ed\u017eion\u0117l\u0117, kas dar labiau skatina \u017eaidim\u0105. Tai puikus b\u016bdas derinti mokym\u0105si su smagiu \u017eaidimu, ruo\u0161iant vaik\u0105 matematikos u\u017eduotims ir lavinant koncentracij\u0105.<br \/>\nRaksturojums:<\/p>\n<p>\u017daislas vaikams nuo 3 met\u0173.<\/p>\n<p>Edukacinis d\u0117lion\u0117s \u017eaidimas, skirtas spalv\u0173 ir maisto r\u016b\u0161iavimo priskyrimui tinkamiems gyv\u016bnams.<\/p>\n<p>Lavina matematin\u012f login\u012f m\u0105stym\u0105 ir spalv\u0173 atpa\u017einim\u0105.<\/p>\n<p>Gerina rank\u0173 ir aki\u0173 koordinacij\u0105 bei m\u0105stymo \u012fg\u016bd\u017eius.<\/p>\n<p>\u012etraukta 5 spalvingi indeliai\/nameliai su miel\u0173 gyv\u016bn\u0173 lipdukais.<\/p>\n<p>20 korteli\u0173 su \u012fvairiomis u\u017eduotimis ir modeliais, kuriuos reikia atkurti.<\/p>\n<p>Rinkinyje yra:<\/p>\n<p>Spalvingi nameliai\/indeliai (x5)<\/p>\n<p>Gyv\u016bn\u0173 tematikos lipduk\u0173 lapas (x1)<\/p>\n<p>\u017detonai \/ fig\u016br\u0117l\u0117s (x25)<\/p>\n<p>U\u017eduo\u010di\u0173 kortel\u0117s (x20)<\/p>","protected":false},"excerpt":{"rendered":"<p>WOOPIE edukacinis loginis \u017eaidimas \u201e\u0160erk gyv\u016bnus\u201c \u2013 spalv\u0173 r\u016b\u0161iavimo ir klasifikavimo rinkinys \u2013 supa\u017eindinkite savo vaik\u0105 su mokymosi ir spalv\u0173<\/p>","protected":false},"featured_media":96126,"template":"","meta":{"_acf_changed":false,"_glsr_average":0,"_glsr_ranking":0,"_glsr_reviews":0},"product_brand":[],"product_cat":[388,229],"product_tag":[],"class_list":{"0":"post-96124","1":"product","2":"type-product","3":"status-publish","4":"has-post-thumbnail","6":"product_cat-edukaciniai-lavinamieji-zaislai","7":"product_cat-zaislai-vaikams","8":"\"style=\"background-color: #2ecc711c;\"","10":"first","11":"instock","12":"purchasable","13":"product-type-simple"},"acf":[],"yoast_head":"<!-- This site is optimized with the Yoast SEO plugin v27.3 - https:\/\/yoast.com\/product\/yoast-seo-wordpress\/ -->\n<title>WOOPIE edukacinis loginis \u017eaidimas \u2013 spalv\u0173 r\u016b\u0161iavimo ir klasifikavimo \u017eaidimas<\/title>\n<meta name=\"description\" content=\"WOOPIE edukacinis loginis \u017eaidimas \u2013 spalv\u0173 r\u016b\u0161iavimo ir klasifikavimo \u017eaidimas - KidsPlay. Did\u017eiausias vaik\u0173 \u017eaisl\u0173 pasirinkimas.\" \/>\n<meta name=\"robots\" content=\"index, follow, max-snippet:-1, max-image-preview:large, max-video-preview:-1\" \/>\n<link rel=\"canonical\" href=\"https:\/\/kidsplay.lt\/lv\/products\/woopie-edukacinis-loginis-zaidimas-spalvu-rusiavimo-ir-klasifikavimo-zaidimas\/\" \/>\n<meta property=\"og:locale\" content=\"lv_LV\" \/>\n<meta property=\"og:type\" content=\"article\" \/>\n<meta property=\"og:title\" content=\"WOOPIE edukacinis loginis \u017eaidimas \u2013 spalv\u0173 r\u016b\u0161iavimo ir klasifikavimo \u017eaidimas\" \/>\n<meta property=\"og:description\" content=\"WOOPIE edukacinis loginis \u017eaidimas \u2013 spalv\u0173 r\u016b\u0161iavimo ir klasifikavimo \u017eaidimas - KidsPlay. Did\u017eiausias vaik\u0173 \u017eaisl\u0173 pasirinkimas.\" \/>\n<meta property=\"og:url\" content=\"https:\/\/kidsplay.lt\/lv\/products\/woopie-edukacinis-loginis-zaidimas-spalvu-rusiavimo-ir-klasifikavimo-zaidimas\/\" \/>\n<meta property=\"og:site_name\" content=\"KidsPlay\" \/>\n<meta property=\"article:publisher\" content=\"https:\/\/www.facebook.com\/www.kidsplay.lt\" \/>\n<meta property=\"article:modified_time\" content=\"2026-04-07T06:34:19+00:00\" \/>\n<meta property=\"og:image\" content=\"https:\/\/kidsplay.lt\/wp-content\/uploads\/2026\/03\/WOOPIE-edukacinis-loginis-zaidimas-\u2013-spalvu-rusiavimo-ir-klasifikavimo-zaidimas.jpg\" \/>\n\t<meta property=\"og:image:width\" content=\"1000\" \/>\n\t<meta property=\"og:image:height\" content=\"1000\" \/>\n\t<meta property=\"og:image:type\" content=\"image\/jpeg\" \/>\n<meta name=\"twitter:card\" content=\"summary_large_image\" \/>\n<meta name=\"twitter:label1\" content=\"Est. reading time\" \/>\n\t<meta name=\"twitter:data1\" content=\"1 min\u016bte\" \/>\n<script type=\"application\/ld+json\" class=\"yoast-schema-graph\">{\"@context\":\"https:\\\/\\\/schema.org\",\"@graph\":[{\"@type\":\"WebPage\",\"@id\":\"https:\\\/\\\/kidsplay.lt\\\/produktas\\\/woopie-edukacinis-loginis-zaidimas-spalvu-rusiavimo-ir-klasifikavimo-zaidimas\\\/\",\"url\":\"https:\\\/\\\/kidsplay.lt\\\/produktas\\\/woopie-edukacinis-loginis-zaidimas-spalvu-rusiavimo-ir-klasifikavimo-zaidimas\\\/\",\"name\":\"WOOPIE edukacinis loginis \u017eaidimas \u2013 spalv\u0173 r\u016b\u0161iavimo ir klasifikavimo \u017eaidimas\",\"isPartOf\":{\"@id\":\"https:\\\/\\\/kidsplay.lt\\\/#website\"},\"primaryImageOfPage\":{\"@id\":\"https:\\\/\\\/kidsplay.lt\\\/produktas\\\/woopie-edukacinis-loginis-zaidimas-spalvu-rusiavimo-ir-klasifikavimo-zaidimas\\\/#primaryimage\"},\"image\":{\"@id\":\"https:\\\/\\\/kidsplay.lt\\\/produktas\\\/woopie-edukacinis-loginis-zaidimas-spalvu-rusiavimo-ir-klasifikavimo-zaidimas\\\/#primaryimage\"},\"thumbnailUrl\":\"https:\\\/\\\/kidsplay.lt\\\/wp-content\\\/uploads\\\/2026\\\/03\\\/WOOPIE-edukacinis-loginis-zaidimas-\u2013-spalvu-rusiavimo-ir-klasifikavimo-zaidimas.jpg\",\"datePublished\":\"2026-03-23T05:42:38+00:00\",\"dateModified\":\"2026-04-07T06:34:19+00:00\",\"description\":\"WOOPIE edukacinis loginis \u017eaidimas \u2013 spalv\u0173 r\u016b\u0161iavimo ir klasifikavimo \u017eaidimas - KidsPlay. Did\u017eiausias vaik\u0173 \u017eaisl\u0173 pasirinkimas.\",\"breadcrumb\":{\"@id\":\"https:\\\/\\\/kidsplay.lt\\\/produktas\\\/woopie-edukacinis-loginis-zaidimas-spalvu-rusiavimo-ir-klasifikavimo-zaidimas\\\/#breadcrumb\"},\"inLanguage\":\"lv-LV\",\"potentialAction\":[{\"@type\":\"ReadAction\",\"target\":[\"https:\\\/\\\/kidsplay.lt\\\/produktas\\\/woopie-edukacinis-loginis-zaidimas-spalvu-rusiavimo-ir-klasifikavimo-zaidimas\\\/\"]}]},{\"@type\":\"ImageObject\",\"inLanguage\":\"lv-LV\",\"@id\":\"https:\\\/\\\/kidsplay.lt\\\/produktas\\\/woopie-edukacinis-loginis-zaidimas-spalvu-rusiavimo-ir-klasifikavimo-zaidimas\\\/#primaryimage\",\"url\":\"https:\\\/\\\/kidsplay.lt\\\/wp-content\\\/uploads\\\/2026\\\/03\\\/WOOPIE-edukacinis-loginis-zaidimas-\u2013-spalvu-rusiavimo-ir-klasifikavimo-zaidimas.jpg\",\"contentUrl\":\"https:\\\/\\\/kidsplay.lt\\\/wp-content\\\/uploads\\\/2026\\\/03\\\/WOOPIE-edukacinis-loginis-zaidimas-\u2013-spalvu-rusiavimo-ir-klasifikavimo-zaidimas.jpg\",\"width\":1000,\"height\":1000,\"caption\":\"WOOPIE edukacinis loginis \u017eaidimas \u2013 spalv\u0173 r\u016b\u0161iavimo ir klasifikavimo \u017eaidimas\"},{\"@type\":\"BreadcrumbList\",\"@id\":\"https:\\\/\\\/kidsplay.lt\\\/produktas\\\/woopie-edukacinis-loginis-zaidimas-spalvu-rusiavimo-ir-klasifikavimo-zaidimas\\\/#breadcrumb\",\"itemListElement\":[{\"@type\":\"ListItem\",\"position\":1,\"name\":\"Pagrindinis\",\"item\":\"https:\\\/\\\/kidsplay.lt\\\/\"},{\"@type\":\"ListItem\",\"position\":2,\"name\":\"Parduotuv\u0117\",\"item\":\"https:\\\/\\\/kidsplay.lt\\\/parduotuve\\\/\"},{\"@type\":\"ListItem\",\"position\":3,\"name\":\"WOOPIE edukacinis loginis \u017eaidimas \u2013 spalv\u0173 r\u016b\u0161iavimo ir klasifikavimo \u017eaidimas\"}]},{\"@type\":\"WebSite\",\"@id\":\"https:\\\/\\\/kidsplay.lt\\\/#website\",\"url\":\"https:\\\/\\\/kidsplay.lt\\\/\",\"name\":\"Kidsplay.lt\",\"description\":\"\u012evairios prek\u0117s vaikams\",\"publisher\":{\"@id\":\"https:\\\/\\\/kidsplay.lt\\\/#organization\"},\"alternateName\":\"Kidsplay\",\"potentialAction\":[{\"@type\":\"SearchAction\",\"target\":{\"@type\":\"EntryPoint\",\"urlTemplate\":\"https:\\\/\\\/kidsplay.lt\\\/?s={search_term_string}\"},\"query-input\":{\"@type\":\"PropertyValueSpecification\",\"valueRequired\":true,\"valueName\":\"search_term_string\"}}],\"inLanguage\":\"lv-LV\"},{\"@type\":\"Organization\",\"@id\":\"https:\\\/\\\/kidsplay.lt\\\/#organization\",\"name\":\"KidsPlay\",\"url\":\"https:\\\/\\\/kidsplay.lt\\\/\",\"logo\":{\"@type\":\"ImageObject\",\"inLanguage\":\"lv-LV\",\"@id\":\"https:\\\/\\\/kidsplay.lt\\\/#\\\/schema\\\/logo\\\/image\\\/\",\"url\":\"https:\\\/\\\/kidsplay.lt\\\/wp-content\\\/uploads\\\/2023\\\/07\\\/kidsplay-logo.png\",\"contentUrl\":\"https:\\\/\\\/kidsplay.lt\\\/wp-content\\\/uploads\\\/2023\\\/07\\\/kidsplay-logo.png\",\"width\":451,\"height\":98,\"caption\":\"KidsPlay\"},\"image\":{\"@id\":\"https:\\\/\\\/kidsplay.lt\\\/#\\\/schema\\\/logo\\\/image\\\/\"},\"sameAs\":[\"https:\\\/\\\/www.facebook.com\\\/www.kidsplay.lt\"]}]}<\/script>\n<!-- \/ Yoast SEO plugin. -->","yoast_head_json":{"title":"WOOPIE edukacinis loginis \u017eaidimas \u2013 spalv\u0173 r\u016b\u0161iavimo ir klasifikavimo \u017eaidimas","description":"WOOPIE edukacinis loginis \u017eaidimas \u2013 spalv\u0173 r\u016b\u0161iavimo ir klasifikavimo \u017eaidimas - KidsPlay. Did\u017eiausias vaik\u0173 \u017eaisl\u0173 pasirinkimas.","robots":{"index":"index","follow":"follow","max-snippet":"max-snippet:-1","max-image-preview":"max-image-preview:large","max-video-preview":"max-video-preview:-1"},"canonical":"https:\/\/kidsplay.lt\/lv\/products\/woopie-edukacinis-loginis-zaidimas-spalvu-rusiavimo-ir-klasifikavimo-zaidimas\/","og_locale":"lv_LV","og_type":"article","og_title":"WOOPIE edukacinis loginis \u017eaidimas \u2013 spalv\u0173 r\u016b\u0161iavimo ir klasifikavimo \u017eaidimas","og_description":"WOOPIE edukacinis loginis \u017eaidimas \u2013 spalv\u0173 r\u016b\u0161iavimo ir klasifikavimo \u017eaidimas - KidsPlay. Did\u017eiausias vaik\u0173 \u017eaisl\u0173 pasirinkimas.","og_url":"https:\/\/kidsplay.lt\/lv\/products\/woopie-edukacinis-loginis-zaidimas-spalvu-rusiavimo-ir-klasifikavimo-zaidimas\/","og_site_name":"KidsPlay","article_publisher":"https:\/\/www.facebook.com\/www.kidsplay.lt","article_modified_time":"2026-04-07T06:34:19+00:00","og_image":[{"width":1000,"height":1000,"url":"https:\/\/kidsplay.lt\/wp-content\/uploads\/2026\/03\/WOOPIE-edukacinis-loginis-zaidimas-\u2013-spalvu-rusiavimo-ir-klasifikavimo-zaidimas.jpg","type":"image\/jpeg"}],"twitter_card":"summary_large_image","twitter_misc":{"Est. reading time":"1 min\u016bte"},"schema":{"@context":"https:\/\/schema.org","@graph":[{"@type":"WebPage","@id":"https:\/\/kidsplay.lt\/produktas\/woopie-edukacinis-loginis-zaidimas-spalvu-rusiavimo-ir-klasifikavimo-zaidimas\/","url":"https:\/\/kidsplay.lt\/produktas\/woopie-edukacinis-loginis-zaidimas-spalvu-rusiavimo-ir-klasifikavimo-zaidimas\/","name":"WOOPIE edukacinis loginis \u017eaidimas \u2013 spalv\u0173 r\u016b\u0161iavimo ir klasifikavimo \u017eaidimas","isPartOf":{"@id":"https:\/\/kidsplay.lt\/#website"},"primaryImageOfPage":{"@id":"https:\/\/kidsplay.lt\/produktas\/woopie-edukacinis-loginis-zaidimas-spalvu-rusiavimo-ir-klasifikavimo-zaidimas\/#primaryimage"},"image":{"@id":"https:\/\/kidsplay.lt\/produktas\/woopie-edukacinis-loginis-zaidimas-spalvu-rusiavimo-ir-klasifikavimo-zaidimas\/#primaryimage"},"thumbnailUrl":"https:\/\/kidsplay.lt\/wp-content\/uploads\/2026\/03\/WOOPIE-edukacinis-loginis-zaidimas-\u2013-spalvu-rusiavimo-ir-klasifikavimo-zaidimas.jpg","datePublished":"2026-03-23T05:42:38+00:00","dateModified":"2026-04-07T06:34:19+00:00","description":"WOOPIE edukacinis loginis \u017eaidimas \u2013 spalv\u0173 r\u016b\u0161iavimo ir klasifikavimo \u017eaidimas - KidsPlay. Did\u017eiausias vaik\u0173 \u017eaisl\u0173 pasirinkimas.","breadcrumb":{"@id":"https:\/\/kidsplay.lt\/produktas\/woopie-edukacinis-loginis-zaidimas-spalvu-rusiavimo-ir-klasifikavimo-zaidimas\/#breadcrumb"},"inLanguage":"lv-LV","potentialAction":[{"@type":"ReadAction","target":["https:\/\/kidsplay.lt\/produktas\/woopie-edukacinis-loginis-zaidimas-spalvu-rusiavimo-ir-klasifikavimo-zaidimas\/"]}]},{"@type":"ImageObject","inLanguage":"lv-LV","@id":"https:\/\/kidsplay.lt\/produktas\/woopie-edukacinis-loginis-zaidimas-spalvu-rusiavimo-ir-klasifikavimo-zaidimas\/#primaryimage","url":"https:\/\/kidsplay.lt\/wp-content\/uploads\/2026\/03\/WOOPIE-edukacinis-loginis-zaidimas-\u2013-spalvu-rusiavimo-ir-klasifikavimo-zaidimas.jpg","contentUrl":"https:\/\/kidsplay.lt\/wp-content\/uploads\/2026\/03\/WOOPIE-edukacinis-loginis-zaidimas-\u2013-spalvu-rusiavimo-ir-klasifikavimo-zaidimas.jpg","width":1000,"height":1000,"caption":"WOOPIE edukacinis loginis \u017eaidimas \u2013 spalv\u0173 r\u016b\u0161iavimo ir klasifikavimo \u017eaidimas"},{"@type":"BreadcrumbList","@id":"https:\/\/kidsplay.lt\/produktas\/woopie-edukacinis-loginis-zaidimas-spalvu-rusiavimo-ir-klasifikavimo-zaidimas\/#breadcrumb","itemListElement":[{"@type":"ListItem","position":1,"name":"Pagrindinis","item":"https:\/\/kidsplay.lt\/"},{"@type":"ListItem","position":2,"name":"Parduotuv\u0117","item":"https:\/\/kidsplay.lt\/parduotuve\/"},{"@type":"ListItem","position":3,"name":"WOOPIE edukacinis loginis \u017eaidimas \u2013 spalv\u0173 r\u016b\u0161iavimo ir klasifikavimo \u017eaidimas"}]},{"@type":"WebSite","@id":"https:\/\/kidsplay.lt\/#website","url":"https:\/\/kidsplay.lt\/","name":"B\u0113rnu sp\u0113les.lv","description":"\u012evairios prek\u0117s vaikams","publisher":{"@id":"https:\/\/kidsplay.lt\/#organization"},"alternateName":"Kidsplay","potentialAction":[{"@type":"SearchAction","target":{"@type":"EntryPoint","urlTemplate":"https:\/\/kidsplay.lt\/?s={search_term_string}"},"query-input":{"@type":"PropertyValueSpecification","valueRequired":true,"valueName":"search_term_string"}}],"inLanguage":"lv-LV"},{"@type":"Organization","@id":"https:\/\/kidsplay.lt\/#organization","name":"B\u0113rnu sp\u0113le","url":"https:\/\/kidsplay.lt\/","logo":{"@type":"ImageObject","inLanguage":"lv-LV","@id":"https:\/\/kidsplay.lt\/#\/schema\/logo\/image\/","url":"https:\/\/kidsplay.lt\/wp-content\/uploads\/2023\/07\/kidsplay-logo.png","contentUrl":"https:\/\/kidsplay.lt\/wp-content\/uploads\/2023\/07\/kidsplay-logo.png","width":451,"height":98,"caption":"KidsPlay"},"image":{"@id":"https:\/\/kidsplay.lt\/#\/schema\/logo\/image\/"},"sameAs":["https:\/\/www.facebook.com\/www.kidsplay.lt"]}]}},"_links":{"self":[{"href":"https:\/\/kidsplay.lt\/lv\/wp-json\/wp\/v2\/product\/96124","targetHints":{"allow":["GET"]}}],"collection":[{"href":"https:\/\/kidsplay.lt\/lv\/wp-json\/wp\/v2\/product"}],"about":[{"href":"https:\/\/kidsplay.lt\/lv\/wp-json\/wp\/v2\/types\/product"}],"version-history":[{"count":1,"href":"https:\/\/kidsplay.lt\/lv\/wp-json\/wp\/v2\/product\/96124\/revisions"}],"predecessor-version":[{"id":96125,"href":"https:\/\/kidsplay.lt\/lv\/wp-json\/wp\/v2\/product\/96124\/revisions\/96125"}],"wp:featuredmedia":[{"embeddable":true,"href":"https:\/\/kidsplay.lt\/lv\/wp-json\/wp\/v2\/media\/96126"}],"wp:attachment":[{"href":"https:\/\/kidsplay.lt\/lv\/wp-json\/wp\/v2\/media?parent=96124"}],"wp:term":[{"taxonomy":"product_brand","embeddable":true,"href":"https:\/\/kidsplay.lt\/lv\/wp-json\/wp\/v2\/product_brand?post=96124"},{"taxonomy":"product_cat","embeddable":true,"href":"https:\/\/kidsplay.lt\/lv\/wp-json\/wp\/v2\/product_cat?post=96124"},{"taxonomy":"product_tag","embeddable":true,"href":"https:\/\/kidsplay.lt\/lv\/wp-json\/wp\/v2\/product_tag?post=96124"}],"curies":[{"name":"wp","href":"https:\/\/api.w.org\/{rel}","templated":true}]}}