{"id":96131,"date":"2026-03-23T07:42:58","date_gmt":"2026-03-23T05:42:58","guid":{"rendered":"https:\/\/kidsplay.lt\/produktas\/woopie-mazojo-mago-rinkinys-kortos-ir-iliuzijos-135-triukai\/"},"modified":"2026-04-13T13:54:17","modified_gmt":"2026-04-13T10:54:17","slug":"woopie-mazojo-mago-rinkinys-kortos-ir-iliuzijos-135-triukai","status":"publish","type":"product","link":"https:\/\/kidsplay.lt\/lv\/products\/woopie-mazojo-mago-rinkinys-kortos-ir-iliuzijos-135-triukai\/","title":{"rendered":"WOOPIE maz\u0101 burvju m\u0101kslinieka komplekts - k\u0101rtis un il\u016bzijas, 135 triki"},"content":{"rendered":"<p>WOOPIE \u201eMa\u017eojo mago\u201c rinkinys \u2013 kortos ir iliuzijos, 135 triukai \u2013 su\u017eav\u0117kite \u0161eim\u0105 ir draugus ne\u012ftik\u0117tinomis iliuzijomis! \u0160is rinkinys yra puikus sprendimas kiekvienam pradedan\u010diajam magui. Su instrukcijomis ir vaizdo pamokomis i\u0161mokti 135 \u012fdomius triukus yra paprasta ir smagu. Tai puikus b\u016bdas lavinti k\u016brybi\u0161kum\u0105, miklum\u0105 ir pasitik\u0117jim\u0105 savimi pasirodant prie\u0161 auditorij\u0105.<br \/>\nRaksturojums:<\/p>\n<p>Vaiko am\u017eius: nuo 6 met\u0173.<\/p>\n<p>Triuk\u0173 skai\u010dius: daugiau nei 135 \u012fvair\u016bs triukai.<\/p>\n<p>Rinkinys pradedantiems magams ir vaikams.<\/p>\n<p>\u012etraukta iliustruota instrukcija ir prieiga prie vaizdo pamok\u0173.<\/p>\n<p>Komplekt\u0101 ietilpst:<\/p>\n<p>Magi\u0161kas lazdel\u0117.<\/p>\n<p>Puodeliai ir kamuoliukai.<\/p>\n<p>L\u0117kian\u010dios monetos d\u0117\u017eut\u0117.<\/p>\n<p>Kort\u0173 kalad\u0117.<\/p>\n<p>Virv\u0117, pir\u0161tas, kiau\u0161inis.<\/p>\n<p>\u012evair\u016bs priedai magijos triukams.<\/p>","protected":false},"excerpt":{"rendered":"<p>WOOPIE \u201eMa\u017eojo mago\u201c rinkinys \u2013 kortos ir iliuzijos, 135 triukai \u2013 su\u017eav\u0117kite \u0161eim\u0105 ir draugus ne\u012ftik\u0117tinomis iliuzijomis! \u0160is rinkinys yra<\/p>","protected":false},"featured_media":96133,"template":"","meta":{"_acf_changed":false,"_glsr_average":0,"_glsr_ranking":0,"_glsr_reviews":0},"product_brand":[],"product_cat":[949,399,229],"product_tag":[],"class_list":{"0":"post-96131","1":"product","2":"type-product","3":"status-publish","4":"has-post-thumbnail","6":"product_cat-kiti-vaidmenys","7":"product_cat-vaidmenu-zaidimai-2","8":"product_cat-zaislai-vaikams","9":"\"style=\"background-color: #2ecc711c;\"","11":"first","12":"instock","13":"purchasable","14":"product-type-simple"},"acf":[],"yoast_head":"<!-- This site is optimized with the Yoast SEO plugin v27.4 - https:\/\/yoast.com\/product\/yoast-seo-wordpress\/ -->\n<title>WOOPIE ma\u017eojo mago rinkinys \u2013 kortos ir iliuzijos, 135 triukai<\/title>\n<meta name=\"description\" content=\"WOOPIE ma\u017eojo mago rinkinys \u2013 kortos ir iliuzijos, 135 triukai - KidsPlay. Did\u017eiausias vaik\u0173 \u017eaisl\u0173 pasirinkimas.\" \/>\n<meta name=\"robots\" content=\"index, follow, max-snippet:-1, max-image-preview:large, max-video-preview:-1\" \/>\n<link rel=\"canonical\" href=\"https:\/\/kidsplay.lt\/lv\/products\/woopie-mazojo-mago-rinkinys-kortos-ir-iliuzijos-135-triukai\/\" \/>\n<meta property=\"og:locale\" content=\"lv_LV\" \/>\n<meta property=\"og:type\" content=\"article\" \/>\n<meta property=\"og:title\" content=\"WOOPIE ma\u017eojo mago rinkinys \u2013 kortos ir iliuzijos, 135 triukai\" \/>\n<meta property=\"og:description\" content=\"WOOPIE ma\u017eojo mago rinkinys \u2013 kortos ir iliuzijos, 135 triukai - KidsPlay. Did\u017eiausias vaik\u0173 \u017eaisl\u0173 pasirinkimas.\" \/>\n<meta property=\"og:url\" content=\"https:\/\/kidsplay.lt\/lv\/products\/woopie-mazojo-mago-rinkinys-kortos-ir-iliuzijos-135-triukai\/\" \/>\n<meta property=\"og:site_name\" content=\"KidsPlay\" \/>\n<meta property=\"article:publisher\" content=\"https:\/\/www.facebook.com\/www.kidsplay.lt\" \/>\n<meta property=\"article:modified_time\" content=\"2026-04-13T10:54:17+00:00\" \/>\n<meta property=\"og:image\" content=\"https:\/\/kidsplay.lt\/wp-content\/uploads\/2026\/03\/WOOPIE-mazojo-mago-rinkinys-\u2013-kortos-ir-iliuzijos-135-triukai.jpg\" \/>\n\t<meta property=\"og:image:width\" content=\"1000\" \/>\n\t<meta property=\"og:image:height\" content=\"1000\" \/>\n\t<meta property=\"og:image:type\" content=\"image\/jpeg\" \/>\n<meta name=\"twitter:card\" content=\"summary_large_image\" \/>\n<meta name=\"twitter:label1\" content=\"Est. reading time\" \/>\n\t<meta name=\"twitter:data1\" content=\"1 min\u016bte\" \/>\n<script type=\"application\/ld+json\" class=\"yoast-schema-graph\">{\"@context\":\"https:\\\/\\\/schema.org\",\"@graph\":[{\"@type\":\"WebPage\",\"@id\":\"https:\\\/\\\/kidsplay.lt\\\/produktas\\\/woopie-mazojo-mago-rinkinys-kortos-ir-iliuzijos-135-triukai\\\/\",\"url\":\"https:\\\/\\\/kidsplay.lt\\\/produktas\\\/woopie-mazojo-mago-rinkinys-kortos-ir-iliuzijos-135-triukai\\\/\",\"name\":\"WOOPIE ma\u017eojo mago rinkinys \u2013 kortos ir iliuzijos, 135 triukai\",\"isPartOf\":{\"@id\":\"https:\\\/\\\/kidsplay.lt\\\/#website\"},\"primaryImageOfPage\":{\"@id\":\"https:\\\/\\\/kidsplay.lt\\\/produktas\\\/woopie-mazojo-mago-rinkinys-kortos-ir-iliuzijos-135-triukai\\\/#primaryimage\"},\"image\":{\"@id\":\"https:\\\/\\\/kidsplay.lt\\\/produktas\\\/woopie-mazojo-mago-rinkinys-kortos-ir-iliuzijos-135-triukai\\\/#primaryimage\"},\"thumbnailUrl\":\"https:\\\/\\\/kidsplay.lt\\\/wp-content\\\/uploads\\\/2026\\\/03\\\/WOOPIE-mazojo-mago-rinkinys-\u2013-kortos-ir-iliuzijos-135-triukai.jpg\",\"datePublished\":\"2026-03-23T05:42:58+00:00\",\"dateModified\":\"2026-04-13T10:54:17+00:00\",\"description\":\"WOOPIE ma\u017eojo mago rinkinys \u2013 kortos ir iliuzijos, 135 triukai - KidsPlay. Did\u017eiausias vaik\u0173 \u017eaisl\u0173 pasirinkimas.\",\"breadcrumb\":{\"@id\":\"https:\\\/\\\/kidsplay.lt\\\/produktas\\\/woopie-mazojo-mago-rinkinys-kortos-ir-iliuzijos-135-triukai\\\/#breadcrumb\"},\"inLanguage\":\"lv-LV\",\"potentialAction\":[{\"@type\":\"ReadAction\",\"target\":[\"https:\\\/\\\/kidsplay.lt\\\/produktas\\\/woopie-mazojo-mago-rinkinys-kortos-ir-iliuzijos-135-triukai\\\/\"]}]},{\"@type\":\"ImageObject\",\"inLanguage\":\"lv-LV\",\"@id\":\"https:\\\/\\\/kidsplay.lt\\\/produktas\\\/woopie-mazojo-mago-rinkinys-kortos-ir-iliuzijos-135-triukai\\\/#primaryimage\",\"url\":\"https:\\\/\\\/kidsplay.lt\\\/wp-content\\\/uploads\\\/2026\\\/03\\\/WOOPIE-mazojo-mago-rinkinys-\u2013-kortos-ir-iliuzijos-135-triukai.jpg\",\"contentUrl\":\"https:\\\/\\\/kidsplay.lt\\\/wp-content\\\/uploads\\\/2026\\\/03\\\/WOOPIE-mazojo-mago-rinkinys-\u2013-kortos-ir-iliuzijos-135-triukai.jpg\",\"width\":1000,\"height\":1000,\"caption\":\"WOOPIE ma\u017eojo mago rinkinys \u2013 kortos ir iliuzijos\"},{\"@type\":\"BreadcrumbList\",\"@id\":\"https:\\\/\\\/kidsplay.lt\\\/produktas\\\/woopie-mazojo-mago-rinkinys-kortos-ir-iliuzijos-135-triukai\\\/#breadcrumb\",\"itemListElement\":[{\"@type\":\"ListItem\",\"position\":1,\"name\":\"Pagrindinis\",\"item\":\"https:\\\/\\\/kidsplay.lt\\\/\"},{\"@type\":\"ListItem\",\"position\":2,\"name\":\"Parduotuv\u0117\",\"item\":\"https:\\\/\\\/kidsplay.lt\\\/parduotuve\\\/\"},{\"@type\":\"ListItem\",\"position\":3,\"name\":\"WOOPIE ma\u017eojo mago rinkinys \u2013 kortos ir iliuzijos, 135 triukai\"}]},{\"@type\":\"WebSite\",\"@id\":\"https:\\\/\\\/kidsplay.lt\\\/#website\",\"url\":\"https:\\\/\\\/kidsplay.lt\\\/\",\"name\":\"Kidsplay.lt\",\"description\":\"\u012evairios prek\u0117s vaikams\",\"publisher\":{\"@id\":\"https:\\\/\\\/kidsplay.lt\\\/#organization\"},\"alternateName\":\"Kidsplay\",\"potentialAction\":[{\"@type\":\"SearchAction\",\"target\":{\"@type\":\"EntryPoint\",\"urlTemplate\":\"https:\\\/\\\/kidsplay.lt\\\/?s={search_term_string}\"},\"query-input\":{\"@type\":\"PropertyValueSpecification\",\"valueRequired\":true,\"valueName\":\"search_term_string\"}}],\"inLanguage\":\"lv-LV\"},{\"@type\":\"Organization\",\"@id\":\"https:\\\/\\\/kidsplay.lt\\\/#organization\",\"name\":\"KidsPlay\",\"url\":\"https:\\\/\\\/kidsplay.lt\\\/\",\"logo\":{\"@type\":\"ImageObject\",\"inLanguage\":\"lv-LV\",\"@id\":\"https:\\\/\\\/kidsplay.lt\\\/#\\\/schema\\\/logo\\\/image\\\/\",\"url\":\"https:\\\/\\\/kidsplay.lt\\\/wp-content\\\/uploads\\\/2023\\\/07\\\/kidsplay-logo.png\",\"contentUrl\":\"https:\\\/\\\/kidsplay.lt\\\/wp-content\\\/uploads\\\/2023\\\/07\\\/kidsplay-logo.png\",\"width\":451,\"height\":98,\"caption\":\"KidsPlay\"},\"image\":{\"@id\":\"https:\\\/\\\/kidsplay.lt\\\/#\\\/schema\\\/logo\\\/image\\\/\"},\"sameAs\":[\"https:\\\/\\\/www.facebook.com\\\/www.kidsplay.lt\"]}]}<\/script>\n<!-- \/ Yoast SEO plugin. -->","yoast_head_json":{"title":"WOOPIE maz\u0101 burvju m\u0101kslinieka komplekts - k\u0101rtis un il\u016bzijas, 135 triki","description":"WOOPIE ma\u017eojo mago rinkinys \u2013 kortos ir iliuzijos, 135 triukai - KidsPlay. Did\u017eiausias vaik\u0173 \u017eaisl\u0173 pasirinkimas.","robots":{"index":"index","follow":"follow","max-snippet":"max-snippet:-1","max-image-preview":"max-image-preview:large","max-video-preview":"max-video-preview:-1"},"canonical":"https:\/\/kidsplay.lt\/lv\/products\/woopie-mazojo-mago-rinkinys-kortos-ir-iliuzijos-135-triukai\/","og_locale":"lv_LV","og_type":"article","og_title":"WOOPIE ma\u017eojo mago rinkinys \u2013 kortos ir iliuzijos, 135 triukai","og_description":"WOOPIE ma\u017eojo mago rinkinys \u2013 kortos ir iliuzijos, 135 triukai - KidsPlay. Did\u017eiausias vaik\u0173 \u017eaisl\u0173 pasirinkimas.","og_url":"https:\/\/kidsplay.lt\/lv\/products\/woopie-mazojo-mago-rinkinys-kortos-ir-iliuzijos-135-triukai\/","og_site_name":"KidsPlay","article_publisher":"https:\/\/www.facebook.com\/www.kidsplay.lt","article_modified_time":"2026-04-13T10:54:17+00:00","og_image":[{"width":1000,"height":1000,"url":"https:\/\/kidsplay.lt\/wp-content\/uploads\/2026\/03\/WOOPIE-mazojo-mago-rinkinys-\u2013-kortos-ir-iliuzijos-135-triukai.jpg","type":"image\/jpeg"}],"twitter_card":"summary_large_image","twitter_misc":{"Est. reading time":"1 min\u016bte"},"schema":{"@context":"https:\/\/schema.org","@graph":[{"@type":"WebPage","@id":"https:\/\/kidsplay.lt\/produktas\/woopie-mazojo-mago-rinkinys-kortos-ir-iliuzijos-135-triukai\/","url":"https:\/\/kidsplay.lt\/produktas\/woopie-mazojo-mago-rinkinys-kortos-ir-iliuzijos-135-triukai\/","name":"WOOPIE maz\u0101 burvju m\u0101kslinieka komplekts - k\u0101rtis un il\u016bzijas, 135 triki","isPartOf":{"@id":"https:\/\/kidsplay.lt\/#website"},"primaryImageOfPage":{"@id":"https:\/\/kidsplay.lt\/produktas\/woopie-mazojo-mago-rinkinys-kortos-ir-iliuzijos-135-triukai\/#primaryimage"},"image":{"@id":"https:\/\/kidsplay.lt\/produktas\/woopie-mazojo-mago-rinkinys-kortos-ir-iliuzijos-135-triukai\/#primaryimage"},"thumbnailUrl":"https:\/\/kidsplay.lt\/wp-content\/uploads\/2026\/03\/WOOPIE-mazojo-mago-rinkinys-\u2013-kortos-ir-iliuzijos-135-triukai.jpg","datePublished":"2026-03-23T05:42:58+00:00","dateModified":"2026-04-13T10:54:17+00:00","description":"WOOPIE ma\u017eojo mago rinkinys \u2013 kortos ir iliuzijos, 135 triukai - KidsPlay. Did\u017eiausias vaik\u0173 \u017eaisl\u0173 pasirinkimas.","breadcrumb":{"@id":"https:\/\/kidsplay.lt\/produktas\/woopie-mazojo-mago-rinkinys-kortos-ir-iliuzijos-135-triukai\/#breadcrumb"},"inLanguage":"lv-LV","potentialAction":[{"@type":"ReadAction","target":["https:\/\/kidsplay.lt\/produktas\/woopie-mazojo-mago-rinkinys-kortos-ir-iliuzijos-135-triukai\/"]}]},{"@type":"ImageObject","inLanguage":"lv-LV","@id":"https:\/\/kidsplay.lt\/produktas\/woopie-mazojo-mago-rinkinys-kortos-ir-iliuzijos-135-triukai\/#primaryimage","url":"https:\/\/kidsplay.lt\/wp-content\/uploads\/2026\/03\/WOOPIE-mazojo-mago-rinkinys-\u2013-kortos-ir-iliuzijos-135-triukai.jpg","contentUrl":"https:\/\/kidsplay.lt\/wp-content\/uploads\/2026\/03\/WOOPIE-mazojo-mago-rinkinys-\u2013-kortos-ir-iliuzijos-135-triukai.jpg","width":1000,"height":1000,"caption":"WOOPIE ma\u017eojo mago rinkinys \u2013 kortos ir iliuzijos"},{"@type":"BreadcrumbList","@id":"https:\/\/kidsplay.lt\/produktas\/woopie-mazojo-mago-rinkinys-kortos-ir-iliuzijos-135-triukai\/#breadcrumb","itemListElement":[{"@type":"ListItem","position":1,"name":"Pagrindinis","item":"https:\/\/kidsplay.lt\/"},{"@type":"ListItem","position":2,"name":"Parduotuv\u0117","item":"https:\/\/kidsplay.lt\/parduotuve\/"},{"@type":"ListItem","position":3,"name":"WOOPIE ma\u017eojo mago rinkinys \u2013 kortos ir iliuzijos, 135 triukai"}]},{"@type":"WebSite","@id":"https:\/\/kidsplay.lt\/#website","url":"https:\/\/kidsplay.lt\/","name":"B\u0113rnu sp\u0113les.lv","description":"\u012evairios prek\u0117s vaikams","publisher":{"@id":"https:\/\/kidsplay.lt\/#organization"},"alternateName":"Kidsplay","potentialAction":[{"@type":"SearchAction","target":{"@type":"EntryPoint","urlTemplate":"https:\/\/kidsplay.lt\/?s={search_term_string}"},"query-input":{"@type":"PropertyValueSpecification","valueRequired":true,"valueName":"search_term_string"}}],"inLanguage":"lv-LV"},{"@type":"Organization","@id":"https:\/\/kidsplay.lt\/#organization","name":"B\u0113rnu sp\u0113le","url":"https:\/\/kidsplay.lt\/","logo":{"@type":"ImageObject","inLanguage":"lv-LV","@id":"https:\/\/kidsplay.lt\/#\/schema\/logo\/image\/","url":"https:\/\/kidsplay.lt\/wp-content\/uploads\/2023\/07\/kidsplay-logo.png","contentUrl":"https:\/\/kidsplay.lt\/wp-content\/uploads\/2023\/07\/kidsplay-logo.png","width":451,"height":98,"caption":"KidsPlay"},"image":{"@id":"https:\/\/kidsplay.lt\/#\/schema\/logo\/image\/"},"sameAs":["https:\/\/www.facebook.com\/www.kidsplay.lt"]}]}},"_links":{"self":[{"href":"https:\/\/kidsplay.lt\/lv\/wp-json\/wp\/v2\/product\/96131","targetHints":{"allow":["GET"]}}],"collection":[{"href":"https:\/\/kidsplay.lt\/lv\/wp-json\/wp\/v2\/product"}],"about":[{"href":"https:\/\/kidsplay.lt\/lv\/wp-json\/wp\/v2\/types\/product"}],"version-history":[{"count":1,"href":"https:\/\/kidsplay.lt\/lv\/wp-json\/wp\/v2\/product\/96131\/revisions"}],"predecessor-version":[{"id":96132,"href":"https:\/\/kidsplay.lt\/lv\/wp-json\/wp\/v2\/product\/96131\/revisions\/96132"}],"wp:featuredmedia":[{"embeddable":true,"href":"https:\/\/kidsplay.lt\/lv\/wp-json\/wp\/v2\/media\/96133"}],"wp:attachment":[{"href":"https:\/\/kidsplay.lt\/lv\/wp-json\/wp\/v2\/media?parent=96131"}],"wp:term":[{"taxonomy":"product_brand","embeddable":true,"href":"https:\/\/kidsplay.lt\/lv\/wp-json\/wp\/v2\/product_brand?post=96131"},{"taxonomy":"product_cat","embeddable":true,"href":"https:\/\/kidsplay.lt\/lv\/wp-json\/wp\/v2\/product_cat?post=96131"},{"taxonomy":"product_tag","embeddable":true,"href":"https:\/\/kidsplay.lt\/lv\/wp-json\/wp\/v2\/product_tag?post=96131"}],"curies":[{"name":"wp","href":"https:\/\/api.w.org\/{rel}","templated":true}]}}