{"id":96145,"date":"2026-03-23T07:44:28","date_gmt":"2026-03-23T05:44:28","guid":{"rendered":"https:\/\/kidsplay.lt\/produktas\/woopie-dvipuse-magnetine-lenta-piesimui-ir-skaiciu-bei-raidziu-mokymuisi-56-daliu\/"},"modified":"2026-04-13T13:55:26","modified_gmt":"2026-04-13T10:55:26","slug":"woopie-dvipuse-magnetine-lenta-piesimui-ir-skaiciu-bei-raidziu-mokymuisi-56-daliu","status":"publish","type":"product","link":"https:\/\/kidsplay.lt\/lv\/products\/woopie-dvipuse-magnetine-lenta-piesimui-ir-skaiciu-bei-raidziu-mokymuisi-56-daliu\/","title":{"rendered":"WOOPIE divpus\u0113j\u0101 magn\u0113tisk\u0101 t\u0101fele - z\u012bm\u0113\u0161anai un ciparu un burtu apguvei, 56 gab."},"content":{"rendered":"<p>WOOPIE dvipus\u0117 magnetin\u0117 pie\u0161imo lenta \u2013 universalus \u012frankis mokymuisi ir menini\u0173 \u012fg\u016bd\u017ei\u0173 lavinimui. Rinkinys apima visus reikalingus priedus, leid\u017eian\u010dius \u012fvairiai naudoti lent\u0105. Lenta lengvai surenkama ir turi auk\u0161\u010dio reguliavimo galimyb\u0119, tod\u0117l j\u0105 galima pritaikyti bet kuriam vaikui. \u0160is \u017eaislas yra svarbus kasdieniam vaiko vystymuisi.<br \/>\nRaksturojums:<\/p>\n<p>\u017eaislas vaikams nuo 3 met\u0173,<\/p>\n<p>rinkin\u012f sudaro 56 dalys,<\/p>\n<p>dvipus\u0117 lenta \u2013 viena pus\u0117 kreidai, kita markeriu,<\/p>\n<p>turi lentos auk\u0161\u010dio reguliavim\u0105,<\/p>\n<p>gaminio matmenys: 67 x 37 x 25 cm,<\/p>\n<p>lentos auk\u0161tis reguliuojamas nuo 57 iki 67 cm.<\/p>\n<p>8 viename lentos funkcij\u0173:<\/p>\n<p>Kreidin\u0117 lenta<\/p>\n<p>I\u0161trinamoji lenta<\/p>\n<p>Magnetin\u0117 lenta<\/p>\n<p>\u201eLudo\u201c stalo \u017eaidimas<\/p>\n<p>\u201eGyvat\u0117 ir kop\u0117\u010dios\u201c stalo \u017eaidimas<\/p>\n<p>Skai\u010diavimo mokymasis su magnetais ir skai\u010diais<\/p>\n<p>Raid\u017ei\u0173 mokymasis su raid\u017ei\u0173 magnetais<\/p>\n<p>Puikiai tinka spalvotiems markeriams<\/p>\n<p>Rinkin\u012f sudaro:<\/p>\n<p>Dvipus\u0117 lenta \u2013 viena pus\u0117 markeriu, kita kreida (abi pus\u0117s magnetin\u0117s)<\/p>\n<p>12 spalvot\u0173 kreid\u0173 + 1 kreid\u0173 laikiklis<\/p>\n<p>5 markeriai su galimybe pritvirtinti prie lentos magnetu<\/p>\n<p>26 raid\u017ei\u0173 magnetai: A\u2013Z<\/p>\n<p>17 skai\u010di\u0173 ir matematikos simboli\u0173 magnet\u0173: 0\u20139, +, -, x, \u00f7, =, ?, %<\/p>\n<p>6 magnetai, skirti pritvirtinti pvz. popieriaus lap\u0105<\/p>\n<p>Kempin\u0117l\u0117 kreidai trinti<\/p>\n<p>2 stalo \u017eaidimai \u2013 \u201eGyvat\u0117 ir kop\u0117\u010dios\u201c ir \u201eLucky\u201c<\/p>\n<p>16 \u017eaidimo element\u0173 (4 spalvos po 4), kauliukas<\/p>\n<p>4 elementai pie\u0161imui \/ scrapbook k\u016brimui<\/p>\n<p>Lentyn\u0117l\u0117 ir puodelis \u012frankiams<\/p>","protected":false},"excerpt":{"rendered":"<p>WOOPIE dvipus\u0117 magnetin\u0117 pie\u0161imo lenta \u2013 universalus \u012frankis mokymuisi ir menini\u0173 \u012fg\u016bd\u017ei\u0173 lavinimui. Rinkinys apima visus reikalingus priedus, leid\u017eian\u010dius \u012fvairiai<\/p>","protected":false},"featured_media":96147,"template":"","meta":{"_acf_changed":false,"_glsr_average":0,"_glsr_ranking":0,"_glsr_reviews":0},"product_brand":[],"product_cat":[388,229],"product_tag":[],"class_list":{"0":"post-96145","1":"product","2":"type-product","3":"status-publish","4":"has-post-thumbnail","6":"product_cat-edukaciniai-lavinamieji-zaislai","7":"product_cat-zaislai-vaikams","8":"\"style=\"background-color: #2ecc711c;\"","10":"first","11":"instock","12":"purchasable","13":"product-type-simple"},"acf":[],"yoast_head":"<!-- This site is optimized with the Yoast SEO plugin v27.4 - https:\/\/yoast.com\/product\/yoast-seo-wordpress\/ -->\n<title>WOOPIE dvipus\u0117 magnetin\u0117 lenta \u2013 pie\u0161imui ir skai\u010di\u0173 bei raid\u017ei\u0173 mokymuisi, 56 dali\u0173<\/title>\n<meta name=\"description\" content=\"WOOPIE dvipus\u0117 magnetin\u0117 lenta \u2013 pie\u0161imui ir skai\u010di\u0173 bei raid\u017ei\u0173 mokymuisi, 56 dali\u0173 - KidsPlay. Did\u017eiausias vaik\u0173 \u017eaisl\u0173 pasirinkimas.\" \/>\n<meta name=\"robots\" content=\"index, follow, max-snippet:-1, max-image-preview:large, max-video-preview:-1\" \/>\n<link rel=\"canonical\" href=\"https:\/\/kidsplay.lt\/lv\/products\/woopie-dvipuse-magnetine-lenta-piesimui-ir-skaiciu-bei-raidziu-mokymuisi-56-daliu\/\" \/>\n<meta property=\"og:locale\" content=\"lv_LV\" \/>\n<meta property=\"og:type\" content=\"article\" \/>\n<meta property=\"og:title\" content=\"WOOPIE dvipus\u0117 magnetin\u0117 lenta \u2013 pie\u0161imui ir skai\u010di\u0173 bei raid\u017ei\u0173 mokymuisi, 56 dali\u0173\" \/>\n<meta property=\"og:description\" content=\"WOOPIE dvipus\u0117 magnetin\u0117 lenta \u2013 pie\u0161imui ir skai\u010di\u0173 bei raid\u017ei\u0173 mokymuisi, 56 dali\u0173 - KidsPlay. Did\u017eiausias vaik\u0173 \u017eaisl\u0173 pasirinkimas.\" \/>\n<meta property=\"og:url\" content=\"https:\/\/kidsplay.lt\/lv\/products\/woopie-dvipuse-magnetine-lenta-piesimui-ir-skaiciu-bei-raidziu-mokymuisi-56-daliu\/\" \/>\n<meta property=\"og:site_name\" content=\"KidsPlay\" \/>\n<meta property=\"article:publisher\" content=\"https:\/\/www.facebook.com\/www.kidsplay.lt\" \/>\n<meta property=\"article:modified_time\" content=\"2026-04-13T10:55:26+00:00\" \/>\n<meta property=\"og:image\" content=\"https:\/\/kidsplay.lt\/wp-content\/uploads\/2026\/03\/WOOPIE-dvipuse-magnetine-lenta-\u2013-piesimui-ir-skaiciu-bei-raidziu-mokymuisi-56-daliu-800x800.png\" \/>\n\t<meta property=\"og:image:width\" content=\"800\" \/>\n\t<meta property=\"og:image:height\" content=\"800\" \/>\n\t<meta property=\"og:image:type\" content=\"image\/png\" \/>\n<meta name=\"twitter:card\" content=\"summary_large_image\" \/>\n<meta name=\"twitter:label1\" content=\"Est. reading time\" \/>\n\t<meta name=\"twitter:data1\" content=\"1 min\u016bte\" \/>\n<script type=\"application\/ld+json\" class=\"yoast-schema-graph\">{\"@context\":\"https:\\\/\\\/schema.org\",\"@graph\":[{\"@type\":\"WebPage\",\"@id\":\"https:\\\/\\\/kidsplay.lt\\\/produktas\\\/woopie-dvipuse-magnetine-lenta-piesimui-ir-skaiciu-bei-raidziu-mokymuisi-56-daliu\\\/\",\"url\":\"https:\\\/\\\/kidsplay.lt\\\/produktas\\\/woopie-dvipuse-magnetine-lenta-piesimui-ir-skaiciu-bei-raidziu-mokymuisi-56-daliu\\\/\",\"name\":\"WOOPIE dvipus\u0117 magnetin\u0117 lenta \u2013 pie\u0161imui ir skai\u010di\u0173 bei raid\u017ei\u0173 mokymuisi, 56 dali\u0173\",\"isPartOf\":{\"@id\":\"https:\\\/\\\/kidsplay.lt\\\/#website\"},\"primaryImageOfPage\":{\"@id\":\"https:\\\/\\\/kidsplay.lt\\\/produktas\\\/woopie-dvipuse-magnetine-lenta-piesimui-ir-skaiciu-bei-raidziu-mokymuisi-56-daliu\\\/#primaryimage\"},\"image\":{\"@id\":\"https:\\\/\\\/kidsplay.lt\\\/produktas\\\/woopie-dvipuse-magnetine-lenta-piesimui-ir-skaiciu-bei-raidziu-mokymuisi-56-daliu\\\/#primaryimage\"},\"thumbnailUrl\":\"https:\\\/\\\/kidsplay.lt\\\/wp-content\\\/uploads\\\/2026\\\/03\\\/WOOPIE-dvipuse-magnetine-lenta-\u2013-piesimui-ir-skaiciu-bei-raidziu-mokymuisi-56-daliu.png\",\"datePublished\":\"2026-03-23T05:44:28+00:00\",\"dateModified\":\"2026-04-13T10:55:26+00:00\",\"description\":\"WOOPIE dvipus\u0117 magnetin\u0117 lenta \u2013 pie\u0161imui ir skai\u010di\u0173 bei raid\u017ei\u0173 mokymuisi, 56 dali\u0173 - KidsPlay. Did\u017eiausias vaik\u0173 \u017eaisl\u0173 pasirinkimas.\",\"breadcrumb\":{\"@id\":\"https:\\\/\\\/kidsplay.lt\\\/produktas\\\/woopie-dvipuse-magnetine-lenta-piesimui-ir-skaiciu-bei-raidziu-mokymuisi-56-daliu\\\/#breadcrumb\"},\"inLanguage\":\"lv-LV\",\"potentialAction\":[{\"@type\":\"ReadAction\",\"target\":[\"https:\\\/\\\/kidsplay.lt\\\/produktas\\\/woopie-dvipuse-magnetine-lenta-piesimui-ir-skaiciu-bei-raidziu-mokymuisi-56-daliu\\\/\"]}]},{\"@type\":\"ImageObject\",\"inLanguage\":\"lv-LV\",\"@id\":\"https:\\\/\\\/kidsplay.lt\\\/produktas\\\/woopie-dvipuse-magnetine-lenta-piesimui-ir-skaiciu-bei-raidziu-mokymuisi-56-daliu\\\/#primaryimage\",\"url\":\"https:\\\/\\\/kidsplay.lt\\\/wp-content\\\/uploads\\\/2026\\\/03\\\/WOOPIE-dvipuse-magnetine-lenta-\u2013-piesimui-ir-skaiciu-bei-raidziu-mokymuisi-56-daliu.png\",\"contentUrl\":\"https:\\\/\\\/kidsplay.lt\\\/wp-content\\\/uploads\\\/2026\\\/03\\\/WOOPIE-dvipuse-magnetine-lenta-\u2013-piesimui-ir-skaiciu-bei-raidziu-mokymuisi-56-daliu.png\",\"width\":2560,\"height\":2560,\"caption\":\"WOOPIE dvipus\u0117 magnetin\u0117 lenta \u2013 pie\u0161imui ir skai\u010di\u0173 bei raid\u017ei\u0173 mokymuisi\"},{\"@type\":\"BreadcrumbList\",\"@id\":\"https:\\\/\\\/kidsplay.lt\\\/produktas\\\/woopie-dvipuse-magnetine-lenta-piesimui-ir-skaiciu-bei-raidziu-mokymuisi-56-daliu\\\/#breadcrumb\",\"itemListElement\":[{\"@type\":\"ListItem\",\"position\":1,\"name\":\"Pagrindinis\",\"item\":\"https:\\\/\\\/kidsplay.lt\\\/\"},{\"@type\":\"ListItem\",\"position\":2,\"name\":\"Parduotuv\u0117\",\"item\":\"https:\\\/\\\/kidsplay.lt\\\/parduotuve\\\/\"},{\"@type\":\"ListItem\",\"position\":3,\"name\":\"WOOPIE dvipus\u0117 magnetin\u0117 lenta \u2013 pie\u0161imui ir skai\u010di\u0173 bei raid\u017ei\u0173 mokymuisi, 56 dali\u0173\"}]},{\"@type\":\"WebSite\",\"@id\":\"https:\\\/\\\/kidsplay.lt\\\/#website\",\"url\":\"https:\\\/\\\/kidsplay.lt\\\/\",\"name\":\"Kidsplay.lt\",\"description\":\"\u012evairios prek\u0117s vaikams\",\"publisher\":{\"@id\":\"https:\\\/\\\/kidsplay.lt\\\/#organization\"},\"alternateName\":\"Kidsplay\",\"potentialAction\":[{\"@type\":\"SearchAction\",\"target\":{\"@type\":\"EntryPoint\",\"urlTemplate\":\"https:\\\/\\\/kidsplay.lt\\\/?s={search_term_string}\"},\"query-input\":{\"@type\":\"PropertyValueSpecification\",\"valueRequired\":true,\"valueName\":\"search_term_string\"}}],\"inLanguage\":\"lv-LV\"},{\"@type\":\"Organization\",\"@id\":\"https:\\\/\\\/kidsplay.lt\\\/#organization\",\"name\":\"KidsPlay\",\"url\":\"https:\\\/\\\/kidsplay.lt\\\/\",\"logo\":{\"@type\":\"ImageObject\",\"inLanguage\":\"lv-LV\",\"@id\":\"https:\\\/\\\/kidsplay.lt\\\/#\\\/schema\\\/logo\\\/image\\\/\",\"url\":\"https:\\\/\\\/kidsplay.lt\\\/wp-content\\\/uploads\\\/2023\\\/07\\\/kidsplay-logo.png\",\"contentUrl\":\"https:\\\/\\\/kidsplay.lt\\\/wp-content\\\/uploads\\\/2023\\\/07\\\/kidsplay-logo.png\",\"width\":451,\"height\":98,\"caption\":\"KidsPlay\"},\"image\":{\"@id\":\"https:\\\/\\\/kidsplay.lt\\\/#\\\/schema\\\/logo\\\/image\\\/\"},\"sameAs\":[\"https:\\\/\\\/www.facebook.com\\\/www.kidsplay.lt\"]}]}<\/script>\n<!-- \/ Yoast SEO plugin. -->","yoast_head_json":{"title":"WOOPIE divpus\u0113j\u0101 magn\u0113tisk\u0101 t\u0101fele - z\u012bm\u0113\u0161anai un ciparu un burtu apguvei, 56 gab.","description":"WOOPIE dvipus\u0117 magnetin\u0117 lenta \u2013 pie\u0161imui ir skai\u010di\u0173 bei raid\u017ei\u0173 mokymuisi, 56 dali\u0173 - KidsPlay. Did\u017eiausias vaik\u0173 \u017eaisl\u0173 pasirinkimas.","robots":{"index":"index","follow":"follow","max-snippet":"max-snippet:-1","max-image-preview":"max-image-preview:large","max-video-preview":"max-video-preview:-1"},"canonical":"https:\/\/kidsplay.lt\/lv\/products\/woopie-dvipuse-magnetine-lenta-piesimui-ir-skaiciu-bei-raidziu-mokymuisi-56-daliu\/","og_locale":"lv_LV","og_type":"article","og_title":"WOOPIE dvipus\u0117 magnetin\u0117 lenta \u2013 pie\u0161imui ir skai\u010di\u0173 bei raid\u017ei\u0173 mokymuisi, 56 dali\u0173","og_description":"WOOPIE dvipus\u0117 magnetin\u0117 lenta \u2013 pie\u0161imui ir skai\u010di\u0173 bei raid\u017ei\u0173 mokymuisi, 56 dali\u0173 - KidsPlay. Did\u017eiausias vaik\u0173 \u017eaisl\u0173 pasirinkimas.","og_url":"https:\/\/kidsplay.lt\/lv\/products\/woopie-dvipuse-magnetine-lenta-piesimui-ir-skaiciu-bei-raidziu-mokymuisi-56-daliu\/","og_site_name":"KidsPlay","article_publisher":"https:\/\/www.facebook.com\/www.kidsplay.lt","article_modified_time":"2026-04-13T10:55:26+00:00","og_image":[{"width":800,"height":800,"url":"https:\/\/kidsplay.lt\/wp-content\/uploads\/2026\/03\/WOOPIE-dvipuse-magnetine-lenta-\u2013-piesimui-ir-skaiciu-bei-raidziu-mokymuisi-56-daliu-800x800.png","type":"image\/png"}],"twitter_card":"summary_large_image","twitter_misc":{"Est. reading time":"1 min\u016bte"},"schema":{"@context":"https:\/\/schema.org","@graph":[{"@type":"WebPage","@id":"https:\/\/kidsplay.lt\/produktas\/woopie-dvipuse-magnetine-lenta-piesimui-ir-skaiciu-bei-raidziu-mokymuisi-56-daliu\/","url":"https:\/\/kidsplay.lt\/produktas\/woopie-dvipuse-magnetine-lenta-piesimui-ir-skaiciu-bei-raidziu-mokymuisi-56-daliu\/","name":"WOOPIE divpus\u0113j\u0101 magn\u0113tisk\u0101 t\u0101fele - z\u012bm\u0113\u0161anai un ciparu un burtu apguvei, 56 gab.","isPartOf":{"@id":"https:\/\/kidsplay.lt\/#website"},"primaryImageOfPage":{"@id":"https:\/\/kidsplay.lt\/produktas\/woopie-dvipuse-magnetine-lenta-piesimui-ir-skaiciu-bei-raidziu-mokymuisi-56-daliu\/#primaryimage"},"image":{"@id":"https:\/\/kidsplay.lt\/produktas\/woopie-dvipuse-magnetine-lenta-piesimui-ir-skaiciu-bei-raidziu-mokymuisi-56-daliu\/#primaryimage"},"thumbnailUrl":"https:\/\/kidsplay.lt\/wp-content\/uploads\/2026\/03\/WOOPIE-dvipuse-magnetine-lenta-\u2013-piesimui-ir-skaiciu-bei-raidziu-mokymuisi-56-daliu.png","datePublished":"2026-03-23T05:44:28+00:00","dateModified":"2026-04-13T10:55:26+00:00","description":"WOOPIE dvipus\u0117 magnetin\u0117 lenta \u2013 pie\u0161imui ir skai\u010di\u0173 bei raid\u017ei\u0173 mokymuisi, 56 dali\u0173 - KidsPlay. Did\u017eiausias vaik\u0173 \u017eaisl\u0173 pasirinkimas.","breadcrumb":{"@id":"https:\/\/kidsplay.lt\/produktas\/woopie-dvipuse-magnetine-lenta-piesimui-ir-skaiciu-bei-raidziu-mokymuisi-56-daliu\/#breadcrumb"},"inLanguage":"lv-LV","potentialAction":[{"@type":"ReadAction","target":["https:\/\/kidsplay.lt\/produktas\/woopie-dvipuse-magnetine-lenta-piesimui-ir-skaiciu-bei-raidziu-mokymuisi-56-daliu\/"]}]},{"@type":"ImageObject","inLanguage":"lv-LV","@id":"https:\/\/kidsplay.lt\/produktas\/woopie-dvipuse-magnetine-lenta-piesimui-ir-skaiciu-bei-raidziu-mokymuisi-56-daliu\/#primaryimage","url":"https:\/\/kidsplay.lt\/wp-content\/uploads\/2026\/03\/WOOPIE-dvipuse-magnetine-lenta-\u2013-piesimui-ir-skaiciu-bei-raidziu-mokymuisi-56-daliu.png","contentUrl":"https:\/\/kidsplay.lt\/wp-content\/uploads\/2026\/03\/WOOPIE-dvipuse-magnetine-lenta-\u2013-piesimui-ir-skaiciu-bei-raidziu-mokymuisi-56-daliu.png","width":2560,"height":2560,"caption":"WOOPIE dvipus\u0117 magnetin\u0117 lenta \u2013 pie\u0161imui ir skai\u010di\u0173 bei raid\u017ei\u0173 mokymuisi"},{"@type":"BreadcrumbList","@id":"https:\/\/kidsplay.lt\/produktas\/woopie-dvipuse-magnetine-lenta-piesimui-ir-skaiciu-bei-raidziu-mokymuisi-56-daliu\/#breadcrumb","itemListElement":[{"@type":"ListItem","position":1,"name":"Pagrindinis","item":"https:\/\/kidsplay.lt\/"},{"@type":"ListItem","position":2,"name":"Parduotuv\u0117","item":"https:\/\/kidsplay.lt\/parduotuve\/"},{"@type":"ListItem","position":3,"name":"WOOPIE dvipus\u0117 magnetin\u0117 lenta \u2013 pie\u0161imui ir skai\u010di\u0173 bei raid\u017ei\u0173 mokymuisi, 56 dali\u0173"}]},{"@type":"WebSite","@id":"https:\/\/kidsplay.lt\/#website","url":"https:\/\/kidsplay.lt\/","name":"B\u0113rnu sp\u0113les.lv","description":"\u012evairios prek\u0117s vaikams","publisher":{"@id":"https:\/\/kidsplay.lt\/#organization"},"alternateName":"Kidsplay","potentialAction":[{"@type":"SearchAction","target":{"@type":"EntryPoint","urlTemplate":"https:\/\/kidsplay.lt\/?s={search_term_string}"},"query-input":{"@type":"PropertyValueSpecification","valueRequired":true,"valueName":"search_term_string"}}],"inLanguage":"lv-LV"},{"@type":"Organization","@id":"https:\/\/kidsplay.lt\/#organization","name":"B\u0113rnu sp\u0113le","url":"https:\/\/kidsplay.lt\/","logo":{"@type":"ImageObject","inLanguage":"lv-LV","@id":"https:\/\/kidsplay.lt\/#\/schema\/logo\/image\/","url":"https:\/\/kidsplay.lt\/wp-content\/uploads\/2023\/07\/kidsplay-logo.png","contentUrl":"https:\/\/kidsplay.lt\/wp-content\/uploads\/2023\/07\/kidsplay-logo.png","width":451,"height":98,"caption":"KidsPlay"},"image":{"@id":"https:\/\/kidsplay.lt\/#\/schema\/logo\/image\/"},"sameAs":["https:\/\/www.facebook.com\/www.kidsplay.lt"]}]}},"_links":{"self":[{"href":"https:\/\/kidsplay.lt\/lv\/wp-json\/wp\/v2\/product\/96145","targetHints":{"allow":["GET"]}}],"collection":[{"href":"https:\/\/kidsplay.lt\/lv\/wp-json\/wp\/v2\/product"}],"about":[{"href":"https:\/\/kidsplay.lt\/lv\/wp-json\/wp\/v2\/types\/product"}],"version-history":[{"count":1,"href":"https:\/\/kidsplay.lt\/lv\/wp-json\/wp\/v2\/product\/96145\/revisions"}],"predecessor-version":[{"id":96146,"href":"https:\/\/kidsplay.lt\/lv\/wp-json\/wp\/v2\/product\/96145\/revisions\/96146"}],"wp:featuredmedia":[{"embeddable":true,"href":"https:\/\/kidsplay.lt\/lv\/wp-json\/wp\/v2\/media\/96147"}],"wp:attachment":[{"href":"https:\/\/kidsplay.lt\/lv\/wp-json\/wp\/v2\/media?parent=96145"}],"wp:term":[{"taxonomy":"product_brand","embeddable":true,"href":"https:\/\/kidsplay.lt\/lv\/wp-json\/wp\/v2\/product_brand?post=96145"},{"taxonomy":"product_cat","embeddable":true,"href":"https:\/\/kidsplay.lt\/lv\/wp-json\/wp\/v2\/product_cat?post=96145"},{"taxonomy":"product_tag","embeddable":true,"href":"https:\/\/kidsplay.lt\/lv\/wp-json\/wp\/v2\/product_tag?post=96145"}],"curies":[{"name":"wp","href":"https:\/\/api.w.org\/{rel}","templated":true}]}}