{"id":96152,"date":"2026-03-23T07:45:04","date_gmt":"2026-03-23T05:45:04","guid":{"rendered":"https:\/\/kidsplay.lt\/produktas\/woopie-edukacines-korteles-skaiciavimo-mokymuisi\/"},"modified":"2026-04-07T09:35:26","modified_gmt":"2026-04-07T06:35:26","slug":"woopie-edukacines-korteles-skaiciavimo-mokymuisi","status":"publish","type":"product","link":"https:\/\/kidsplay.lt\/lv\/products\/woopie-edukacines-korteles-skaiciavimo-mokymuisi\/","title":{"rendered":"WOOPIE edukacin\u0117s kortel\u0117s \u2013 skai\u010diavimo mokymuisi"},"content":{"rendered":"<p>WOOPIE edukacin\u0117s kortel\u0117s skai\u010diavimui \u2013 puiki dovanos id\u0117ja ma\u017eiesiems. \u0160is fantasti\u0161kas rinkinys susideda i\u0161 30 dvipusi\u0173 korteli\u0173, kurios skatina vaikus mokytis skai\u010di\u0173 ir skai\u010diuoti. Rinkinys sukurtas taip, kad vaikai gal\u0117t\u0173 kartoti skai\u010diavimo pratimus naudojant pridedam\u0105 i\u0161trinamus \u017eymekl\u012f. Kortel\u0117s padalintos \u012f atimties ir sud\u0117ties skyrius. Mokym\u0105 palengvina dvi korteli\u0173 pus\u0117s \u2013 prad\u017eioje vaikai gali naudoti pus\u0119, kur matematin\u0117s operacijos papildytos paveiksl\u0117liais, padedan\u010diais apskai\u010diuoti rezultat\u0105. Kita pus\u0117 pateikia u\u017edavinius be paveiksl\u0117li\u0173 pagalbos. D\u0117l tokio mokymosi modulio vaikas nejau\u010dia spaudimo d\u0117l nauj\u0173 \u017eini\u0173 sunkumo, o matematikos u\u017edavini\u0173 sprendimas tampa tikru malonumu! Norint motyvuoti ma\u017eyl\u012f, po kiekvieno teisingai atlikto u\u017edavinio kortel\u0117s kampe galite nupie\u0161ti \u0161irdel\u0119.<br \/>\nRaksturojums:<\/p>\n<p>rinkinys mokytis skai\u010diuoti nuo 0 iki 10,<\/p>\n<p>galima naudoti daugkartinai,<\/p>\n<p>dvi mokymosi galimyb\u0117s.<\/p>\n<p>Rinkin\u012f sudaro:<\/p>\n<p>30 dvipusi\u0173 i\u0161trinamo \u017eymeklio korteli\u0173 su paprastomis u\u017eduotimis,<\/p>\n<p>i\u0161trinamas \u017eymeklis.<\/p>","protected":false},"excerpt":{"rendered":"<p>WOOPIE edukacin\u0117s kortel\u0117s skai\u010diavimui \u2013 puiki dovanos id\u0117ja ma\u017eiesiems. \u0160is fantasti\u0161kas rinkinys susideda i\u0161 30 dvipusi\u0173 korteli\u0173, kurios skatina vaikus<\/p>","protected":false},"featured_media":96154,"template":"","meta":{"_acf_changed":false,"_glsr_average":0,"_glsr_ranking":0,"_glsr_reviews":0},"product_brand":[],"product_cat":[388,229],"product_tag":[],"class_list":{"0":"post-96152","1":"product","2":"type-product","3":"status-publish","4":"has-post-thumbnail","6":"product_cat-edukaciniai-lavinamieji-zaislai","7":"product_cat-zaislai-vaikams","8":"\"style=\"background-color: #2ecc711c;\"","10":"first","11":"instock","12":"purchasable","13":"product-type-simple"},"acf":[],"yoast_head":"<!-- This site is optimized with the Yoast SEO plugin v27.3 - https:\/\/yoast.com\/product\/yoast-seo-wordpress\/ -->\n<title>WOOPIE edukacin\u0117s kortel\u0117s \u2013 skai\u010diavimo mokymuisi<\/title>\n<meta name=\"description\" content=\"WOOPIE edukacin\u0117s kortel\u0117s \u2013 skai\u010diavimo mokymuisi - KidsPlay. Did\u017eiausias vaik\u0173 \u017eaisl\u0173 pasirinkimas.\" \/>\n<meta name=\"robots\" content=\"index, follow, max-snippet:-1, max-image-preview:large, max-video-preview:-1\" \/>\n<link rel=\"canonical\" href=\"https:\/\/kidsplay.lt\/lv\/products\/woopie-edukacines-korteles-skaiciavimo-mokymuisi\/\" \/>\n<meta property=\"og:locale\" content=\"lv_LV\" \/>\n<meta property=\"og:type\" content=\"article\" \/>\n<meta property=\"og:title\" content=\"WOOPIE edukacin\u0117s kortel\u0117s \u2013 skai\u010diavimo mokymuisi\" \/>\n<meta property=\"og:description\" content=\"WOOPIE edukacin\u0117s kortel\u0117s \u2013 skai\u010diavimo mokymuisi - KidsPlay. Did\u017eiausias vaik\u0173 \u017eaisl\u0173 pasirinkimas.\" \/>\n<meta property=\"og:url\" content=\"https:\/\/kidsplay.lt\/lv\/products\/woopie-edukacines-korteles-skaiciavimo-mokymuisi\/\" \/>\n<meta property=\"og:site_name\" content=\"KidsPlay\" \/>\n<meta property=\"article:publisher\" content=\"https:\/\/www.facebook.com\/www.kidsplay.lt\" \/>\n<meta property=\"article:modified_time\" content=\"2026-04-07T06:35:26+00:00\" \/>\n<meta property=\"og:image\" content=\"https:\/\/kidsplay.lt\/wp-content\/uploads\/2026\/03\/WOOPIE-edukacines-korteles-\u2013-skaiciavimo-mokymuisi.jpg\" \/>\n\t<meta property=\"og:image:width\" content=\"1500\" \/>\n\t<meta property=\"og:image:height\" content=\"1500\" \/>\n\t<meta property=\"og:image:type\" content=\"image\/jpeg\" \/>\n<meta name=\"twitter:card\" content=\"summary_large_image\" \/>\n<meta name=\"twitter:label1\" content=\"Est. reading time\" \/>\n\t<meta name=\"twitter:data1\" content=\"1 min\u016bte\" \/>\n<script type=\"application\/ld+json\" class=\"yoast-schema-graph\">{\"@context\":\"https:\\\/\\\/schema.org\",\"@graph\":[{\"@type\":\"WebPage\",\"@id\":\"https:\\\/\\\/kidsplay.lt\\\/produktas\\\/woopie-edukacines-korteles-skaiciavimo-mokymuisi\\\/\",\"url\":\"https:\\\/\\\/kidsplay.lt\\\/produktas\\\/woopie-edukacines-korteles-skaiciavimo-mokymuisi\\\/\",\"name\":\"WOOPIE edukacin\u0117s kortel\u0117s \u2013 skai\u010diavimo mokymuisi\",\"isPartOf\":{\"@id\":\"https:\\\/\\\/kidsplay.lt\\\/#website\"},\"primaryImageOfPage\":{\"@id\":\"https:\\\/\\\/kidsplay.lt\\\/produktas\\\/woopie-edukacines-korteles-skaiciavimo-mokymuisi\\\/#primaryimage\"},\"image\":{\"@id\":\"https:\\\/\\\/kidsplay.lt\\\/produktas\\\/woopie-edukacines-korteles-skaiciavimo-mokymuisi\\\/#primaryimage\"},\"thumbnailUrl\":\"https:\\\/\\\/kidsplay.lt\\\/wp-content\\\/uploads\\\/2026\\\/03\\\/WOOPIE-edukacines-korteles-\u2013-skaiciavimo-mokymuisi.jpg\",\"datePublished\":\"2026-03-23T05:45:04+00:00\",\"dateModified\":\"2026-04-07T06:35:26+00:00\",\"description\":\"WOOPIE edukacin\u0117s kortel\u0117s \u2013 skai\u010diavimo mokymuisi - KidsPlay. Did\u017eiausias vaik\u0173 \u017eaisl\u0173 pasirinkimas.\",\"breadcrumb\":{\"@id\":\"https:\\\/\\\/kidsplay.lt\\\/produktas\\\/woopie-edukacines-korteles-skaiciavimo-mokymuisi\\\/#breadcrumb\"},\"inLanguage\":\"lv-LV\",\"potentialAction\":[{\"@type\":\"ReadAction\",\"target\":[\"https:\\\/\\\/kidsplay.lt\\\/produktas\\\/woopie-edukacines-korteles-skaiciavimo-mokymuisi\\\/\"]}]},{\"@type\":\"ImageObject\",\"inLanguage\":\"lv-LV\",\"@id\":\"https:\\\/\\\/kidsplay.lt\\\/produktas\\\/woopie-edukacines-korteles-skaiciavimo-mokymuisi\\\/#primaryimage\",\"url\":\"https:\\\/\\\/kidsplay.lt\\\/wp-content\\\/uploads\\\/2026\\\/03\\\/WOOPIE-edukacines-korteles-\u2013-skaiciavimo-mokymuisi.jpg\",\"contentUrl\":\"https:\\\/\\\/kidsplay.lt\\\/wp-content\\\/uploads\\\/2026\\\/03\\\/WOOPIE-edukacines-korteles-\u2013-skaiciavimo-mokymuisi.jpg\",\"width\":1500,\"height\":1500,\"caption\":\"WOOPIE edukacin\u0117s kortel\u0117s \u2013 skai\u010diavimo mokymuisi\"},{\"@type\":\"BreadcrumbList\",\"@id\":\"https:\\\/\\\/kidsplay.lt\\\/produktas\\\/woopie-edukacines-korteles-skaiciavimo-mokymuisi\\\/#breadcrumb\",\"itemListElement\":[{\"@type\":\"ListItem\",\"position\":1,\"name\":\"Pagrindinis\",\"item\":\"https:\\\/\\\/kidsplay.lt\\\/\"},{\"@type\":\"ListItem\",\"position\":2,\"name\":\"Parduotuv\u0117\",\"item\":\"https:\\\/\\\/kidsplay.lt\\\/parduotuve\\\/\"},{\"@type\":\"ListItem\",\"position\":3,\"name\":\"WOOPIE edukacin\u0117s kortel\u0117s \u2013 skai\u010diavimo mokymuisi\"}]},{\"@type\":\"WebSite\",\"@id\":\"https:\\\/\\\/kidsplay.lt\\\/#website\",\"url\":\"https:\\\/\\\/kidsplay.lt\\\/\",\"name\":\"Kidsplay.lt\",\"description\":\"\u012evairios prek\u0117s vaikams\",\"publisher\":{\"@id\":\"https:\\\/\\\/kidsplay.lt\\\/#organization\"},\"alternateName\":\"Kidsplay\",\"potentialAction\":[{\"@type\":\"SearchAction\",\"target\":{\"@type\":\"EntryPoint\",\"urlTemplate\":\"https:\\\/\\\/kidsplay.lt\\\/?s={search_term_string}\"},\"query-input\":{\"@type\":\"PropertyValueSpecification\",\"valueRequired\":true,\"valueName\":\"search_term_string\"}}],\"inLanguage\":\"lv-LV\"},{\"@type\":\"Organization\",\"@id\":\"https:\\\/\\\/kidsplay.lt\\\/#organization\",\"name\":\"KidsPlay\",\"url\":\"https:\\\/\\\/kidsplay.lt\\\/\",\"logo\":{\"@type\":\"ImageObject\",\"inLanguage\":\"lv-LV\",\"@id\":\"https:\\\/\\\/kidsplay.lt\\\/#\\\/schema\\\/logo\\\/image\\\/\",\"url\":\"https:\\\/\\\/kidsplay.lt\\\/wp-content\\\/uploads\\\/2023\\\/07\\\/kidsplay-logo.png\",\"contentUrl\":\"https:\\\/\\\/kidsplay.lt\\\/wp-content\\\/uploads\\\/2023\\\/07\\\/kidsplay-logo.png\",\"width\":451,\"height\":98,\"caption\":\"KidsPlay\"},\"image\":{\"@id\":\"https:\\\/\\\/kidsplay.lt\\\/#\\\/schema\\\/logo\\\/image\\\/\"},\"sameAs\":[\"https:\\\/\\\/www.facebook.com\\\/www.kidsplay.lt\"]}]}<\/script>\n<!-- \/ Yoast SEO plugin. -->","yoast_head_json":{"title":"WOOPIE edukacin\u0117s kortel\u0117s \u2013 skai\u010diavimo mokymuisi","description":"WOOPIE edukacin\u0117s kortel\u0117s \u2013 skai\u010diavimo mokymuisi - KidsPlay. Did\u017eiausias vaik\u0173 \u017eaisl\u0173 pasirinkimas.","robots":{"index":"index","follow":"follow","max-snippet":"max-snippet:-1","max-image-preview":"max-image-preview:large","max-video-preview":"max-video-preview:-1"},"canonical":"https:\/\/kidsplay.lt\/lv\/products\/woopie-edukacines-korteles-skaiciavimo-mokymuisi\/","og_locale":"lv_LV","og_type":"article","og_title":"WOOPIE edukacin\u0117s kortel\u0117s \u2013 skai\u010diavimo mokymuisi","og_description":"WOOPIE edukacin\u0117s kortel\u0117s \u2013 skai\u010diavimo mokymuisi - KidsPlay. Did\u017eiausias vaik\u0173 \u017eaisl\u0173 pasirinkimas.","og_url":"https:\/\/kidsplay.lt\/lv\/products\/woopie-edukacines-korteles-skaiciavimo-mokymuisi\/","og_site_name":"KidsPlay","article_publisher":"https:\/\/www.facebook.com\/www.kidsplay.lt","article_modified_time":"2026-04-07T06:35:26+00:00","og_image":[{"width":1500,"height":1500,"url":"https:\/\/kidsplay.lt\/wp-content\/uploads\/2026\/03\/WOOPIE-edukacines-korteles-\u2013-skaiciavimo-mokymuisi.jpg","type":"image\/jpeg"}],"twitter_card":"summary_large_image","twitter_misc":{"Est. reading time":"1 min\u016bte"},"schema":{"@context":"https:\/\/schema.org","@graph":[{"@type":"WebPage","@id":"https:\/\/kidsplay.lt\/produktas\/woopie-edukacines-korteles-skaiciavimo-mokymuisi\/","url":"https:\/\/kidsplay.lt\/produktas\/woopie-edukacines-korteles-skaiciavimo-mokymuisi\/","name":"WOOPIE edukacin\u0117s kortel\u0117s \u2013 skai\u010diavimo mokymuisi","isPartOf":{"@id":"https:\/\/kidsplay.lt\/#website"},"primaryImageOfPage":{"@id":"https:\/\/kidsplay.lt\/produktas\/woopie-edukacines-korteles-skaiciavimo-mokymuisi\/#primaryimage"},"image":{"@id":"https:\/\/kidsplay.lt\/produktas\/woopie-edukacines-korteles-skaiciavimo-mokymuisi\/#primaryimage"},"thumbnailUrl":"https:\/\/kidsplay.lt\/wp-content\/uploads\/2026\/03\/WOOPIE-edukacines-korteles-\u2013-skaiciavimo-mokymuisi.jpg","datePublished":"2026-03-23T05:45:04+00:00","dateModified":"2026-04-07T06:35:26+00:00","description":"WOOPIE edukacin\u0117s kortel\u0117s \u2013 skai\u010diavimo mokymuisi - KidsPlay. Did\u017eiausias vaik\u0173 \u017eaisl\u0173 pasirinkimas.","breadcrumb":{"@id":"https:\/\/kidsplay.lt\/produktas\/woopie-edukacines-korteles-skaiciavimo-mokymuisi\/#breadcrumb"},"inLanguage":"lv-LV","potentialAction":[{"@type":"ReadAction","target":["https:\/\/kidsplay.lt\/produktas\/woopie-edukacines-korteles-skaiciavimo-mokymuisi\/"]}]},{"@type":"ImageObject","inLanguage":"lv-LV","@id":"https:\/\/kidsplay.lt\/produktas\/woopie-edukacines-korteles-skaiciavimo-mokymuisi\/#primaryimage","url":"https:\/\/kidsplay.lt\/wp-content\/uploads\/2026\/03\/WOOPIE-edukacines-korteles-\u2013-skaiciavimo-mokymuisi.jpg","contentUrl":"https:\/\/kidsplay.lt\/wp-content\/uploads\/2026\/03\/WOOPIE-edukacines-korteles-\u2013-skaiciavimo-mokymuisi.jpg","width":1500,"height":1500,"caption":"WOOPIE edukacin\u0117s kortel\u0117s \u2013 skai\u010diavimo mokymuisi"},{"@type":"BreadcrumbList","@id":"https:\/\/kidsplay.lt\/produktas\/woopie-edukacines-korteles-skaiciavimo-mokymuisi\/#breadcrumb","itemListElement":[{"@type":"ListItem","position":1,"name":"Pagrindinis","item":"https:\/\/kidsplay.lt\/"},{"@type":"ListItem","position":2,"name":"Parduotuv\u0117","item":"https:\/\/kidsplay.lt\/parduotuve\/"},{"@type":"ListItem","position":3,"name":"WOOPIE edukacin\u0117s kortel\u0117s \u2013 skai\u010diavimo mokymuisi"}]},{"@type":"WebSite","@id":"https:\/\/kidsplay.lt\/#website","url":"https:\/\/kidsplay.lt\/","name":"B\u0113rnu sp\u0113les.lv","description":"\u012evairios prek\u0117s vaikams","publisher":{"@id":"https:\/\/kidsplay.lt\/#organization"},"alternateName":"Kidsplay","potentialAction":[{"@type":"SearchAction","target":{"@type":"EntryPoint","urlTemplate":"https:\/\/kidsplay.lt\/?s={search_term_string}"},"query-input":{"@type":"PropertyValueSpecification","valueRequired":true,"valueName":"search_term_string"}}],"inLanguage":"lv-LV"},{"@type":"Organization","@id":"https:\/\/kidsplay.lt\/#organization","name":"B\u0113rnu sp\u0113le","url":"https:\/\/kidsplay.lt\/","logo":{"@type":"ImageObject","inLanguage":"lv-LV","@id":"https:\/\/kidsplay.lt\/#\/schema\/logo\/image\/","url":"https:\/\/kidsplay.lt\/wp-content\/uploads\/2023\/07\/kidsplay-logo.png","contentUrl":"https:\/\/kidsplay.lt\/wp-content\/uploads\/2023\/07\/kidsplay-logo.png","width":451,"height":98,"caption":"KidsPlay"},"image":{"@id":"https:\/\/kidsplay.lt\/#\/schema\/logo\/image\/"},"sameAs":["https:\/\/www.facebook.com\/www.kidsplay.lt"]}]}},"_links":{"self":[{"href":"https:\/\/kidsplay.lt\/lv\/wp-json\/wp\/v2\/product\/96152","targetHints":{"allow":["GET"]}}],"collection":[{"href":"https:\/\/kidsplay.lt\/lv\/wp-json\/wp\/v2\/product"}],"about":[{"href":"https:\/\/kidsplay.lt\/lv\/wp-json\/wp\/v2\/types\/product"}],"version-history":[{"count":1,"href":"https:\/\/kidsplay.lt\/lv\/wp-json\/wp\/v2\/product\/96152\/revisions"}],"predecessor-version":[{"id":96153,"href":"https:\/\/kidsplay.lt\/lv\/wp-json\/wp\/v2\/product\/96152\/revisions\/96153"}],"wp:featuredmedia":[{"embeddable":true,"href":"https:\/\/kidsplay.lt\/lv\/wp-json\/wp\/v2\/media\/96154"}],"wp:attachment":[{"href":"https:\/\/kidsplay.lt\/lv\/wp-json\/wp\/v2\/media?parent=96152"}],"wp:term":[{"taxonomy":"product_brand","embeddable":true,"href":"https:\/\/kidsplay.lt\/lv\/wp-json\/wp\/v2\/product_brand?post=96152"},{"taxonomy":"product_cat","embeddable":true,"href":"https:\/\/kidsplay.lt\/lv\/wp-json\/wp\/v2\/product_cat?post=96152"},{"taxonomy":"product_tag","embeddable":true,"href":"https:\/\/kidsplay.lt\/lv\/wp-json\/wp\/v2\/product_tag?post=96152"}],"curies":[{"name":"wp","href":"https:\/\/api.w.org\/{rel}","templated":true}]}}