{"id":96159,"date":"2026-03-23T07:45:28","date_gmt":"2026-03-23T05:45:28","guid":{"rendered":"https:\/\/kidsplay.lt\/produktas\/woopie-interaktyvus-muzikinis-sokiu-kilimelis-xxl\/"},"modified":"2026-04-07T09:35:33","modified_gmt":"2026-04-07T06:35:33","slug":"woopie-interaktyvus-muzikinis-sokiu-kilimelis-xxl","status":"publish","type":"product","link":"https:\/\/kidsplay.lt\/lv\/products\/woopie-interaktyvus-muzikinis-sokiu-kilimelis-xxl\/","title":{"rendered":"WOOPIE interaktyvus muzikinis \u0161oki\u0173 kilim\u0117lis XXL"},"content":{"rendered":"<p>WOOPIE pianino tipo muzikinis kilim\u0117lis \u2013 smagus u\u017esi\u0117mimas visai \u0161eimai! Jei j\u016bs\u0173 vaikas m\u0117gsta \u0161okti, dainuoti ir linksmintis, \u0161is muzikinis kilim\u0117lis yra puikus pasirinkimas, kuris ne tik suteiks daug pramog\u0173, bet ir pad\u0117s lavinti \u012fvairius \u012fg\u016bd\u017eius. D\u0117l savo universalumo \u017eaislas sujungia jud\u0117jim\u0105 su mokymusi, leid\u017eia k\u016brybi\u0161kai eksperimentuoti su muzika ir lavinti judesi\u0173 koordinacij\u0105. Tai puikus pasirinkimas t\u0117vams, norintiems aktyviai ir prasmingai leisti laik\u0105 su savo vaiku.<br \/>\nRaksturojums:<\/p>\n<p>\u017eaislas skirtas vaikams nuo 3 met\u0173,<\/p>\n<p>smagus u\u017esi\u0117mimas tiek vaikams, tiek suaugusiems \u2013 puikus b\u016bdas aktyviai leisti laik\u0105 kartu,<\/p>\n<p>lavina muzikin\u012f poj\u016bt\u012f ir motorik\u0105,<\/p>\n<p>po 3 minu\u010di\u0173 neveiklumo pereina \u012f miego re\u017eim\u0105,<\/p>\n<p>pagamintas i\u0161 saugi\u0173 med\u017eiag\u0173, mink\u0161tas, su neslystan\u010diu pagrindu,<\/p>\n<p>turi 10 pianino klavi\u0161\u0173 ir 8 skirting\u0173 instrument\u0173 re\u017eimus, leid\u017eian\u010dius kurti unikalius garsus,<\/p>\n<p>\u012fvair\u016bs re\u017eimai \u2013 nuo i\u0161 anksto \u012fra\u0161yt\u0173 melodij\u0173 iki savo k\u016brini\u0173 k\u016brimo ir \u012fra\u0161ymo,<\/p>\n<p>kilim\u0117lyje yra 10 skirting\u0173 dain\u0173.<\/p>\n<p>Kilim\u0117lio funkcijos:<\/p>\n<p>DEMO re\u017eimas: paspaudus DEMO mygtuk\u0105 grojamos melodijos \u2013 puikiai tinka pirmiesiems bandymams \u0161okti ir \u017eaisti,<\/p>\n<p>ONE KEY ONE NOTE re\u017eimas: kiekvienas klavi\u0161o paspaudimas sukuria skirting\u0105 melodij\u0105, padeda mokytis ritmo ir gars\u0173,<\/p>\n<p>PLAY re\u017eimas: leid\u017eia laisvai kurti savo muzik\u0105 ir eksperimentuoti su garsais,<\/p>\n<p>\u012era\u0161ymas (RECORD): galima \u012fra\u0161yti savo sukurtas melodijas,<\/p>\n<p>Atk\u016brimas (PLAYBACK): leid\u017eia perklausyti \u012fra\u0161ytas melodijas, suteikiant vaikui pasitenkinim\u0105 savo k\u016bryba,<\/p>\n<p>Garso reguliavimas: +\/- mygtukai leid\u017eia pritaikyti garsum\u0105 pagal poreikius.<\/p>","protected":false},"excerpt":{"rendered":"<p>WOOPIE pianino tipo muzikinis kilim\u0117lis \u2013 smagus u\u017esi\u0117mimas visai \u0161eimai! Jei j\u016bs\u0173 vaikas m\u0117gsta \u0161okti, dainuoti ir linksmintis, \u0161is muzikinis<\/p>","protected":false},"featured_media":96161,"template":"","meta":{"_acf_changed":false,"_glsr_average":0,"_glsr_ranking":0,"_glsr_reviews":0},"product_brand":[],"product_cat":[449,229],"product_tag":[],"class_list":{"0":"post-96159","1":"product","2":"type-product","3":"status-publish","4":"has-post-thumbnail","6":"product_cat-muzikiniai","7":"product_cat-zaislai-vaikams","8":"\"style=\"background-color: #2ecc711c;\"","10":"first","11":"instock","12":"purchasable","13":"product-type-simple"},"acf":[],"yoast_head":"<!-- This site is optimized with the Yoast SEO plugin v27.3 - https:\/\/yoast.com\/product\/yoast-seo-wordpress\/ -->\n<title>WOOPIE interaktyvus muzikinis \u0161oki\u0173 kilim\u0117lis XXL<\/title>\n<meta name=\"description\" content=\"WOOPIE interaktyvus muzikinis \u0161oki\u0173 kilim\u0117lis XXL - KidsPlay. Did\u017eiausias vaik\u0173 \u017eaisl\u0173 pasirinkimas.\" \/>\n<meta name=\"robots\" content=\"index, follow, max-snippet:-1, max-image-preview:large, max-video-preview:-1\" \/>\n<link rel=\"canonical\" href=\"https:\/\/kidsplay.lt\/lv\/products\/woopie-interaktyvus-muzikinis-sokiu-kilimelis-xxl\/\" \/>\n<meta property=\"og:locale\" content=\"lv_LV\" \/>\n<meta property=\"og:type\" content=\"article\" \/>\n<meta property=\"og:title\" content=\"WOOPIE interaktyvus muzikinis \u0161oki\u0173 kilim\u0117lis XXL\" \/>\n<meta property=\"og:description\" content=\"WOOPIE interaktyvus muzikinis \u0161oki\u0173 kilim\u0117lis XXL - KidsPlay. Did\u017eiausias vaik\u0173 \u017eaisl\u0173 pasirinkimas.\" \/>\n<meta property=\"og:url\" content=\"https:\/\/kidsplay.lt\/lv\/products\/woopie-interaktyvus-muzikinis-sokiu-kilimelis-xxl\/\" \/>\n<meta property=\"og:site_name\" content=\"KidsPlay\" \/>\n<meta property=\"article:publisher\" content=\"https:\/\/www.facebook.com\/www.kidsplay.lt\" \/>\n<meta property=\"article:modified_time\" content=\"2026-04-07T06:35:33+00:00\" \/>\n<meta property=\"og:image\" content=\"https:\/\/kidsplay.lt\/wp-content\/uploads\/2026\/03\/WOOPIE-interaktyvus-muzikinis-sokiu-kilimelis-XXL.jpg\" \/>\n\t<meta property=\"og:image:width\" content=\"2560\" \/>\n\t<meta property=\"og:image:height\" content=\"2560\" \/>\n\t<meta property=\"og:image:type\" content=\"image\/jpeg\" \/>\n<meta name=\"twitter:card\" content=\"summary_large_image\" \/>\n<meta name=\"twitter:label1\" content=\"Est. reading time\" \/>\n\t<meta name=\"twitter:data1\" content=\"1 min\u016bte\" \/>\n<script type=\"application\/ld+json\" class=\"yoast-schema-graph\">{\"@context\":\"https:\\\/\\\/schema.org\",\"@graph\":[{\"@type\":\"WebPage\",\"@id\":\"https:\\\/\\\/kidsplay.lt\\\/produktas\\\/woopie-interaktyvus-muzikinis-sokiu-kilimelis-xxl\\\/\",\"url\":\"https:\\\/\\\/kidsplay.lt\\\/produktas\\\/woopie-interaktyvus-muzikinis-sokiu-kilimelis-xxl\\\/\",\"name\":\"WOOPIE interaktyvus muzikinis \u0161oki\u0173 kilim\u0117lis XXL\",\"isPartOf\":{\"@id\":\"https:\\\/\\\/kidsplay.lt\\\/#website\"},\"primaryImageOfPage\":{\"@id\":\"https:\\\/\\\/kidsplay.lt\\\/produktas\\\/woopie-interaktyvus-muzikinis-sokiu-kilimelis-xxl\\\/#primaryimage\"},\"image\":{\"@id\":\"https:\\\/\\\/kidsplay.lt\\\/produktas\\\/woopie-interaktyvus-muzikinis-sokiu-kilimelis-xxl\\\/#primaryimage\"},\"thumbnailUrl\":\"https:\\\/\\\/kidsplay.lt\\\/wp-content\\\/uploads\\\/2026\\\/03\\\/WOOPIE-interaktyvus-muzikinis-sokiu-kilimelis-XXL.jpg\",\"datePublished\":\"2026-03-23T05:45:28+00:00\",\"dateModified\":\"2026-04-07T06:35:33+00:00\",\"description\":\"WOOPIE interaktyvus muzikinis \u0161oki\u0173 kilim\u0117lis XXL - KidsPlay. Did\u017eiausias vaik\u0173 \u017eaisl\u0173 pasirinkimas.\",\"breadcrumb\":{\"@id\":\"https:\\\/\\\/kidsplay.lt\\\/produktas\\\/woopie-interaktyvus-muzikinis-sokiu-kilimelis-xxl\\\/#breadcrumb\"},\"inLanguage\":\"lv-LV\",\"potentialAction\":[{\"@type\":\"ReadAction\",\"target\":[\"https:\\\/\\\/kidsplay.lt\\\/produktas\\\/woopie-interaktyvus-muzikinis-sokiu-kilimelis-xxl\\\/\"]}]},{\"@type\":\"ImageObject\",\"inLanguage\":\"lv-LV\",\"@id\":\"https:\\\/\\\/kidsplay.lt\\\/produktas\\\/woopie-interaktyvus-muzikinis-sokiu-kilimelis-xxl\\\/#primaryimage\",\"url\":\"https:\\\/\\\/kidsplay.lt\\\/wp-content\\\/uploads\\\/2026\\\/03\\\/WOOPIE-interaktyvus-muzikinis-sokiu-kilimelis-XXL.jpg\",\"contentUrl\":\"https:\\\/\\\/kidsplay.lt\\\/wp-content\\\/uploads\\\/2026\\\/03\\\/WOOPIE-interaktyvus-muzikinis-sokiu-kilimelis-XXL.jpg\",\"width\":2560,\"height\":2560,\"caption\":\"WOOPIE interaktyvus muzikinis \u0161oki\u0173 kilim\u0117lis XXL\"},{\"@type\":\"BreadcrumbList\",\"@id\":\"https:\\\/\\\/kidsplay.lt\\\/produktas\\\/woopie-interaktyvus-muzikinis-sokiu-kilimelis-xxl\\\/#breadcrumb\",\"itemListElement\":[{\"@type\":\"ListItem\",\"position\":1,\"name\":\"Pagrindinis\",\"item\":\"https:\\\/\\\/kidsplay.lt\\\/\"},{\"@type\":\"ListItem\",\"position\":2,\"name\":\"Parduotuv\u0117\",\"item\":\"https:\\\/\\\/kidsplay.lt\\\/parduotuve\\\/\"},{\"@type\":\"ListItem\",\"position\":3,\"name\":\"WOOPIE interaktyvus muzikinis \u0161oki\u0173 kilim\u0117lis XXL\"}]},{\"@type\":\"WebSite\",\"@id\":\"https:\\\/\\\/kidsplay.lt\\\/#website\",\"url\":\"https:\\\/\\\/kidsplay.lt\\\/\",\"name\":\"Kidsplay.lt\",\"description\":\"\u012evairios prek\u0117s vaikams\",\"publisher\":{\"@id\":\"https:\\\/\\\/kidsplay.lt\\\/#organization\"},\"alternateName\":\"Kidsplay\",\"potentialAction\":[{\"@type\":\"SearchAction\",\"target\":{\"@type\":\"EntryPoint\",\"urlTemplate\":\"https:\\\/\\\/kidsplay.lt\\\/?s={search_term_string}\"},\"query-input\":{\"@type\":\"PropertyValueSpecification\",\"valueRequired\":true,\"valueName\":\"search_term_string\"}}],\"inLanguage\":\"lv-LV\"},{\"@type\":\"Organization\",\"@id\":\"https:\\\/\\\/kidsplay.lt\\\/#organization\",\"name\":\"KidsPlay\",\"url\":\"https:\\\/\\\/kidsplay.lt\\\/\",\"logo\":{\"@type\":\"ImageObject\",\"inLanguage\":\"lv-LV\",\"@id\":\"https:\\\/\\\/kidsplay.lt\\\/#\\\/schema\\\/logo\\\/image\\\/\",\"url\":\"https:\\\/\\\/kidsplay.lt\\\/wp-content\\\/uploads\\\/2023\\\/07\\\/kidsplay-logo.png\",\"contentUrl\":\"https:\\\/\\\/kidsplay.lt\\\/wp-content\\\/uploads\\\/2023\\\/07\\\/kidsplay-logo.png\",\"width\":451,\"height\":98,\"caption\":\"KidsPlay\"},\"image\":{\"@id\":\"https:\\\/\\\/kidsplay.lt\\\/#\\\/schema\\\/logo\\\/image\\\/\"},\"sameAs\":[\"https:\\\/\\\/www.facebook.com\\\/www.kidsplay.lt\"]}]}<\/script>\n<!-- \/ Yoast SEO plugin. -->","yoast_head_json":{"title":"WOOPIE interaktyvus muzikinis \u0161oki\u0173 kilim\u0117lis XXL","description":"WOOPIE interaktyvus muzikinis \u0161oki\u0173 kilim\u0117lis XXL - KidsPlay. Did\u017eiausias vaik\u0173 \u017eaisl\u0173 pasirinkimas.","robots":{"index":"index","follow":"follow","max-snippet":"max-snippet:-1","max-image-preview":"max-image-preview:large","max-video-preview":"max-video-preview:-1"},"canonical":"https:\/\/kidsplay.lt\/lv\/products\/woopie-interaktyvus-muzikinis-sokiu-kilimelis-xxl\/","og_locale":"lv_LV","og_type":"article","og_title":"WOOPIE interaktyvus muzikinis \u0161oki\u0173 kilim\u0117lis XXL","og_description":"WOOPIE interaktyvus muzikinis \u0161oki\u0173 kilim\u0117lis XXL - KidsPlay. Did\u017eiausias vaik\u0173 \u017eaisl\u0173 pasirinkimas.","og_url":"https:\/\/kidsplay.lt\/lv\/products\/woopie-interaktyvus-muzikinis-sokiu-kilimelis-xxl\/","og_site_name":"KidsPlay","article_publisher":"https:\/\/www.facebook.com\/www.kidsplay.lt","article_modified_time":"2026-04-07T06:35:33+00:00","og_image":[{"width":2560,"height":2560,"url":"https:\/\/kidsplay.lt\/wp-content\/uploads\/2026\/03\/WOOPIE-interaktyvus-muzikinis-sokiu-kilimelis-XXL.jpg","type":"image\/jpeg"}],"twitter_card":"summary_large_image","twitter_misc":{"Est. reading time":"1 min\u016bte"},"schema":{"@context":"https:\/\/schema.org","@graph":[{"@type":"WebPage","@id":"https:\/\/kidsplay.lt\/produktas\/woopie-interaktyvus-muzikinis-sokiu-kilimelis-xxl\/","url":"https:\/\/kidsplay.lt\/produktas\/woopie-interaktyvus-muzikinis-sokiu-kilimelis-xxl\/","name":"WOOPIE interaktyvus muzikinis \u0161oki\u0173 kilim\u0117lis XXL","isPartOf":{"@id":"https:\/\/kidsplay.lt\/#website"},"primaryImageOfPage":{"@id":"https:\/\/kidsplay.lt\/produktas\/woopie-interaktyvus-muzikinis-sokiu-kilimelis-xxl\/#primaryimage"},"image":{"@id":"https:\/\/kidsplay.lt\/produktas\/woopie-interaktyvus-muzikinis-sokiu-kilimelis-xxl\/#primaryimage"},"thumbnailUrl":"https:\/\/kidsplay.lt\/wp-content\/uploads\/2026\/03\/WOOPIE-interaktyvus-muzikinis-sokiu-kilimelis-XXL.jpg","datePublished":"2026-03-23T05:45:28+00:00","dateModified":"2026-04-07T06:35:33+00:00","description":"WOOPIE interaktyvus muzikinis \u0161oki\u0173 kilim\u0117lis XXL - KidsPlay. Did\u017eiausias vaik\u0173 \u017eaisl\u0173 pasirinkimas.","breadcrumb":{"@id":"https:\/\/kidsplay.lt\/produktas\/woopie-interaktyvus-muzikinis-sokiu-kilimelis-xxl\/#breadcrumb"},"inLanguage":"lv-LV","potentialAction":[{"@type":"ReadAction","target":["https:\/\/kidsplay.lt\/produktas\/woopie-interaktyvus-muzikinis-sokiu-kilimelis-xxl\/"]}]},{"@type":"ImageObject","inLanguage":"lv-LV","@id":"https:\/\/kidsplay.lt\/produktas\/woopie-interaktyvus-muzikinis-sokiu-kilimelis-xxl\/#primaryimage","url":"https:\/\/kidsplay.lt\/wp-content\/uploads\/2026\/03\/WOOPIE-interaktyvus-muzikinis-sokiu-kilimelis-XXL.jpg","contentUrl":"https:\/\/kidsplay.lt\/wp-content\/uploads\/2026\/03\/WOOPIE-interaktyvus-muzikinis-sokiu-kilimelis-XXL.jpg","width":2560,"height":2560,"caption":"WOOPIE interaktyvus muzikinis \u0161oki\u0173 kilim\u0117lis XXL"},{"@type":"BreadcrumbList","@id":"https:\/\/kidsplay.lt\/produktas\/woopie-interaktyvus-muzikinis-sokiu-kilimelis-xxl\/#breadcrumb","itemListElement":[{"@type":"ListItem","position":1,"name":"Pagrindinis","item":"https:\/\/kidsplay.lt\/"},{"@type":"ListItem","position":2,"name":"Parduotuv\u0117","item":"https:\/\/kidsplay.lt\/parduotuve\/"},{"@type":"ListItem","position":3,"name":"WOOPIE interaktyvus muzikinis \u0161oki\u0173 kilim\u0117lis XXL"}]},{"@type":"WebSite","@id":"https:\/\/kidsplay.lt\/#website","url":"https:\/\/kidsplay.lt\/","name":"B\u0113rnu sp\u0113les.lv","description":"\u012evairios prek\u0117s vaikams","publisher":{"@id":"https:\/\/kidsplay.lt\/#organization"},"alternateName":"Kidsplay","potentialAction":[{"@type":"SearchAction","target":{"@type":"EntryPoint","urlTemplate":"https:\/\/kidsplay.lt\/?s={search_term_string}"},"query-input":{"@type":"PropertyValueSpecification","valueRequired":true,"valueName":"search_term_string"}}],"inLanguage":"lv-LV"},{"@type":"Organization","@id":"https:\/\/kidsplay.lt\/#organization","name":"B\u0113rnu sp\u0113le","url":"https:\/\/kidsplay.lt\/","logo":{"@type":"ImageObject","inLanguage":"lv-LV","@id":"https:\/\/kidsplay.lt\/#\/schema\/logo\/image\/","url":"https:\/\/kidsplay.lt\/wp-content\/uploads\/2023\/07\/kidsplay-logo.png","contentUrl":"https:\/\/kidsplay.lt\/wp-content\/uploads\/2023\/07\/kidsplay-logo.png","width":451,"height":98,"caption":"KidsPlay"},"image":{"@id":"https:\/\/kidsplay.lt\/#\/schema\/logo\/image\/"},"sameAs":["https:\/\/www.facebook.com\/www.kidsplay.lt"]}]}},"_links":{"self":[{"href":"https:\/\/kidsplay.lt\/lv\/wp-json\/wp\/v2\/product\/96159","targetHints":{"allow":["GET"]}}],"collection":[{"href":"https:\/\/kidsplay.lt\/lv\/wp-json\/wp\/v2\/product"}],"about":[{"href":"https:\/\/kidsplay.lt\/lv\/wp-json\/wp\/v2\/types\/product"}],"version-history":[{"count":1,"href":"https:\/\/kidsplay.lt\/lv\/wp-json\/wp\/v2\/product\/96159\/revisions"}],"predecessor-version":[{"id":96160,"href":"https:\/\/kidsplay.lt\/lv\/wp-json\/wp\/v2\/product\/96159\/revisions\/96160"}],"wp:featuredmedia":[{"embeddable":true,"href":"https:\/\/kidsplay.lt\/lv\/wp-json\/wp\/v2\/media\/96161"}],"wp:attachment":[{"href":"https:\/\/kidsplay.lt\/lv\/wp-json\/wp\/v2\/media?parent=96159"}],"wp:term":[{"taxonomy":"product_brand","embeddable":true,"href":"https:\/\/kidsplay.lt\/lv\/wp-json\/wp\/v2\/product_brand?post=96159"},{"taxonomy":"product_cat","embeddable":true,"href":"https:\/\/kidsplay.lt\/lv\/wp-json\/wp\/v2\/product_cat?post=96159"},{"taxonomy":"product_tag","embeddable":true,"href":"https:\/\/kidsplay.lt\/lv\/wp-json\/wp\/v2\/product_tag?post=96159"}],"curies":[{"name":"wp","href":"https:\/\/api.w.org\/{rel}","templated":true}]}}