{"id":96173,"date":"2026-03-23T07:46:06","date_gmt":"2026-03-23T05:46:06","guid":{"rendered":"https:\/\/kidsplay.lt\/produktas\/woopie-xxl-valymo-rinkinys-3-viename-su-vezimeliu-29-daliu-raudonas\/"},"modified":"2026-04-07T09:35:39","modified_gmt":"2026-04-07T06:35:39","slug":"woopie-xxl-valymo-rinkinys-3-viename-su-vezimeliu-29-daliu-raudonas","status":"publish","type":"product","link":"https:\/\/kidsplay.lt\/lv\/products\/woopie-xxl-valymo-rinkinys-3-viename-su-vezimeliu-29-daliu-raudonas\/","title":{"rendered":"WOOPIE XXL valymo rinkinys 3 viename su ve\u017eim\u0117liu, 29 dali\u0173, raudonas"},"content":{"rendered":"<p>Ugdykite savo vaiko raid\u0105 smagiai ir kartu mokydami atsakomyb\u0117s. Tai \u012fmanoma su WOOPIE valymo rinkiniu, kuris ne tik paskatins ma\u017eyl\u012f pad\u0117ti namuose, bet ir pad\u0117s \u012fgyti svarbi\u0173 gyvenimo \u012fg\u016bd\u017ei\u0173. \u0160is rinkinys \u2013 puiki galimyb\u0117 per \u017eaidim\u0105 supa\u017eindinti vaikus su tvarkos ir organizuotumo pasauliu, lavinant j\u0173 vaizduot\u0119 ir k\u016brybi\u0161kum\u0105. Kasdieniai buities darbai tampa \u012fdomiu nuotykiu, kurio metu vaikai mokosi r\u016bpintis savo aplinka ir bendradarbiauti su kitais.<br \/>\nValymo rinkinys \u2013 tai daugiau nei \u017eaislas. Tai priemon\u0117, padedanti ugdyti atsakomyb\u0117s jausm\u0105 ir savaranki\u0161kum\u0105. \u017daisdami vaikai mokosi tvarkyti savo erdv\u0119, palaikyti \u0161var\u0105 ir r\u016bpintis savo daiktais. \u0160ie \u012fg\u016bd\u017eiai naudingi kasdieniame gyvenime ir formuoja teigiamus \u012fpro\u010dius atei\u010diai.<br \/>\nRaksturojums:<\/p>\n<p>\u017eaislas skirtas vaikams nuo 3 met\u0173,<\/p>\n<p>rinkin\u012f sudaro 29 dalys,<\/p>\n<p>puiki dovana tiek berniukui, tiek mergaitei,<\/p>\n<p>idealus \u017eaislas mokytis tvarkos ir \u0161varos,<\/p>\n<p>vaikas gali pad\u0117ti t\u0117vams kasdien\u0117je veikloje,<\/p>\n<p>daug element\u0173 u\u017etikrina ilg\u0105 ir \u012fdom\u0173 \u017eaidim\u0105.<\/p>\n<p>Rinkin\u012f sudaro:<\/p>\n<p>valymo ve\u017eim\u0117lis,<\/p>\n<p>\u012fsp\u0117jamasis \u017eenklas \u201eAtsargiai: slidu\u201c,<\/p>\n<p>kibiras,<\/p>\n<p>\u0161luota (mopas),<\/p>\n<p>ma\u017ea \u0161luotel\u0117,<\/p>\n<p>dulki\u0173 \u0161luost\u0117,<\/p>\n<p>\u0161luost\u0117s,<\/p>\n<p>lang\u0173 valytuvas,<\/p>\n<p>\u0161epetys ir semtuv\u0117lis,<\/p>\n<p>dulki\u0173 siurblys,<\/p>\n<p>didelis semtuvas,<\/p>\n<p>didelis \u0161epetys,<\/p>\n<p>laikiklis (kabykla) daiktams,<\/p>\n<p>dubuo.<\/p>","protected":false},"excerpt":{"rendered":"<p>Ugdykite savo vaiko raid\u0105 smagiai ir kartu mokydami atsakomyb\u0117s. Tai \u012fmanoma su WOOPIE valymo rinkiniu, kuris ne tik paskatins ma\u017eyl\u012f<\/p>","protected":false},"featured_media":96175,"template":"","meta":{"_acf_changed":false,"_glsr_average":0,"_glsr_ranking":0,"_glsr_reviews":0},"product_brand":[],"product_cat":[896,399],"product_tag":[],"class_list":{"0":"post-96173","1":"product","2":"type-product","3":"status-publish","4":"has-post-thumbnail","6":"product_cat-namu-ukis-vaidmenu-zaidimai","7":"product_cat-vaidmenu-zaidimai-2","8":"\"style=\"background-color: #2ecc711c;\"","10":"first","11":"instock","12":"purchasable","13":"product-type-simple"},"acf":[],"yoast_head":"<!-- This site is optimized with the Yoast SEO plugin v27.3 - https:\/\/yoast.com\/product\/yoast-seo-wordpress\/ -->\n<title>WOOPIE XXL valymo rinkinys 3 viename su ve\u017eim\u0117liu, 29 dali\u0173, raudonas<\/title>\n<meta name=\"description\" content=\"WOOPIE XXL valymo rinkinys 3 viename su ve\u017eim\u0117liu, 29 dali\u0173, raudonas - KidsPlay. Did\u017eiausias vaik\u0173 \u017eaisl\u0173 pasirinkimas.\" \/>\n<meta name=\"robots\" content=\"index, follow, max-snippet:-1, max-image-preview:large, max-video-preview:-1\" \/>\n<link rel=\"canonical\" href=\"https:\/\/kidsplay.lt\/lv\/products\/woopie-xxl-valymo-rinkinys-3-viename-su-vezimeliu-29-daliu-raudonas\/\" \/>\n<meta property=\"og:locale\" content=\"lv_LV\" \/>\n<meta property=\"og:type\" content=\"article\" \/>\n<meta property=\"og:title\" content=\"WOOPIE XXL valymo rinkinys 3 viename su ve\u017eim\u0117liu, 29 dali\u0173, raudonas\" \/>\n<meta property=\"og:description\" content=\"WOOPIE XXL valymo rinkinys 3 viename su ve\u017eim\u0117liu, 29 dali\u0173, raudonas - KidsPlay. Did\u017eiausias vaik\u0173 \u017eaisl\u0173 pasirinkimas.\" \/>\n<meta property=\"og:url\" content=\"https:\/\/kidsplay.lt\/lv\/products\/woopie-xxl-valymo-rinkinys-3-viename-su-vezimeliu-29-daliu-raudonas\/\" \/>\n<meta property=\"og:site_name\" content=\"KidsPlay\" \/>\n<meta property=\"article:publisher\" content=\"https:\/\/www.facebook.com\/www.kidsplay.lt\" \/>\n<meta property=\"article:modified_time\" content=\"2026-04-07T06:35:39+00:00\" \/>\n<meta property=\"og:image\" content=\"https:\/\/kidsplay.lt\/wp-content\/uploads\/2026\/03\/WOOPIE-XXL-valymo-rinkinys-3-viename-su-vezimeliu-29-daliu-raudonas.jpg\" \/>\n\t<meta property=\"og:image:width\" content=\"2560\" \/>\n\t<meta property=\"og:image:height\" content=\"2560\" \/>\n\t<meta property=\"og:image:type\" content=\"image\/jpeg\" \/>\n<meta name=\"twitter:card\" content=\"summary_large_image\" \/>\n<meta name=\"twitter:label1\" content=\"Est. reading time\" \/>\n\t<meta name=\"twitter:data1\" content=\"1 min\u016bte\" \/>\n<script type=\"application\/ld+json\" class=\"yoast-schema-graph\">{\"@context\":\"https:\\\/\\\/schema.org\",\"@graph\":[{\"@type\":\"WebPage\",\"@id\":\"https:\\\/\\\/kidsplay.lt\\\/produktas\\\/woopie-xxl-valymo-rinkinys-3-viename-su-vezimeliu-29-daliu-raudonas\\\/\",\"url\":\"https:\\\/\\\/kidsplay.lt\\\/produktas\\\/woopie-xxl-valymo-rinkinys-3-viename-su-vezimeliu-29-daliu-raudonas\\\/\",\"name\":\"WOOPIE XXL valymo rinkinys 3 viename su ve\u017eim\u0117liu, 29 dali\u0173, raudonas\",\"isPartOf\":{\"@id\":\"https:\\\/\\\/kidsplay.lt\\\/#website\"},\"primaryImageOfPage\":{\"@id\":\"https:\\\/\\\/kidsplay.lt\\\/produktas\\\/woopie-xxl-valymo-rinkinys-3-viename-su-vezimeliu-29-daliu-raudonas\\\/#primaryimage\"},\"image\":{\"@id\":\"https:\\\/\\\/kidsplay.lt\\\/produktas\\\/woopie-xxl-valymo-rinkinys-3-viename-su-vezimeliu-29-daliu-raudonas\\\/#primaryimage\"},\"thumbnailUrl\":\"https:\\\/\\\/kidsplay.lt\\\/wp-content\\\/uploads\\\/2026\\\/03\\\/WOOPIE-XXL-valymo-rinkinys-3-viename-su-vezimeliu-29-daliu-raudonas.jpg\",\"datePublished\":\"2026-03-23T05:46:06+00:00\",\"dateModified\":\"2026-04-07T06:35:39+00:00\",\"description\":\"WOOPIE XXL valymo rinkinys 3 viename su ve\u017eim\u0117liu, 29 dali\u0173, raudonas - KidsPlay. Did\u017eiausias vaik\u0173 \u017eaisl\u0173 pasirinkimas.\",\"breadcrumb\":{\"@id\":\"https:\\\/\\\/kidsplay.lt\\\/produktas\\\/woopie-xxl-valymo-rinkinys-3-viename-su-vezimeliu-29-daliu-raudonas\\\/#breadcrumb\"},\"inLanguage\":\"lv-LV\",\"potentialAction\":[{\"@type\":\"ReadAction\",\"target\":[\"https:\\\/\\\/kidsplay.lt\\\/produktas\\\/woopie-xxl-valymo-rinkinys-3-viename-su-vezimeliu-29-daliu-raudonas\\\/\"]}]},{\"@type\":\"ImageObject\",\"inLanguage\":\"lv-LV\",\"@id\":\"https:\\\/\\\/kidsplay.lt\\\/produktas\\\/woopie-xxl-valymo-rinkinys-3-viename-su-vezimeliu-29-daliu-raudonas\\\/#primaryimage\",\"url\":\"https:\\\/\\\/kidsplay.lt\\\/wp-content\\\/uploads\\\/2026\\\/03\\\/WOOPIE-XXL-valymo-rinkinys-3-viename-su-vezimeliu-29-daliu-raudonas.jpg\",\"contentUrl\":\"https:\\\/\\\/kidsplay.lt\\\/wp-content\\\/uploads\\\/2026\\\/03\\\/WOOPIE-XXL-valymo-rinkinys-3-viename-su-vezimeliu-29-daliu-raudonas.jpg\",\"width\":2560,\"height\":2560,\"caption\":\"WOOPIE XXL valymo rinkinys 3 viename su ve\u017eim\u0117liu\"},{\"@type\":\"BreadcrumbList\",\"@id\":\"https:\\\/\\\/kidsplay.lt\\\/produktas\\\/woopie-xxl-valymo-rinkinys-3-viename-su-vezimeliu-29-daliu-raudonas\\\/#breadcrumb\",\"itemListElement\":[{\"@type\":\"ListItem\",\"position\":1,\"name\":\"Pagrindinis\",\"item\":\"https:\\\/\\\/kidsplay.lt\\\/\"},{\"@type\":\"ListItem\",\"position\":2,\"name\":\"Parduotuv\u0117\",\"item\":\"https:\\\/\\\/kidsplay.lt\\\/parduotuve\\\/\"},{\"@type\":\"ListItem\",\"position\":3,\"name\":\"WOOPIE XXL valymo rinkinys 3 viename su ve\u017eim\u0117liu, 29 dali\u0173, raudonas\"}]},{\"@type\":\"WebSite\",\"@id\":\"https:\\\/\\\/kidsplay.lt\\\/#website\",\"url\":\"https:\\\/\\\/kidsplay.lt\\\/\",\"name\":\"Kidsplay.lt\",\"description\":\"\u012evairios prek\u0117s vaikams\",\"publisher\":{\"@id\":\"https:\\\/\\\/kidsplay.lt\\\/#organization\"},\"alternateName\":\"Kidsplay\",\"potentialAction\":[{\"@type\":\"SearchAction\",\"target\":{\"@type\":\"EntryPoint\",\"urlTemplate\":\"https:\\\/\\\/kidsplay.lt\\\/?s={search_term_string}\"},\"query-input\":{\"@type\":\"PropertyValueSpecification\",\"valueRequired\":true,\"valueName\":\"search_term_string\"}}],\"inLanguage\":\"lv-LV\"},{\"@type\":\"Organization\",\"@id\":\"https:\\\/\\\/kidsplay.lt\\\/#organization\",\"name\":\"KidsPlay\",\"url\":\"https:\\\/\\\/kidsplay.lt\\\/\",\"logo\":{\"@type\":\"ImageObject\",\"inLanguage\":\"lv-LV\",\"@id\":\"https:\\\/\\\/kidsplay.lt\\\/#\\\/schema\\\/logo\\\/image\\\/\",\"url\":\"https:\\\/\\\/kidsplay.lt\\\/wp-content\\\/uploads\\\/2023\\\/07\\\/kidsplay-logo.png\",\"contentUrl\":\"https:\\\/\\\/kidsplay.lt\\\/wp-content\\\/uploads\\\/2023\\\/07\\\/kidsplay-logo.png\",\"width\":451,\"height\":98,\"caption\":\"KidsPlay\"},\"image\":{\"@id\":\"https:\\\/\\\/kidsplay.lt\\\/#\\\/schema\\\/logo\\\/image\\\/\"},\"sameAs\":[\"https:\\\/\\\/www.facebook.com\\\/www.kidsplay.lt\"]}]}<\/script>\n<!-- \/ Yoast SEO plugin. -->","yoast_head_json":{"title":"WOOPIE XXL valymo rinkinys 3 viename su ve\u017eim\u0117liu, 29 dali\u0173, raudonas","description":"WOOPIE XXL valymo rinkinys 3 viename su ve\u017eim\u0117liu, 29 dali\u0173, raudonas - KidsPlay. Did\u017eiausias vaik\u0173 \u017eaisl\u0173 pasirinkimas.","robots":{"index":"index","follow":"follow","max-snippet":"max-snippet:-1","max-image-preview":"max-image-preview:large","max-video-preview":"max-video-preview:-1"},"canonical":"https:\/\/kidsplay.lt\/lv\/products\/woopie-xxl-valymo-rinkinys-3-viename-su-vezimeliu-29-daliu-raudonas\/","og_locale":"lv_LV","og_type":"article","og_title":"WOOPIE XXL valymo rinkinys 3 viename su ve\u017eim\u0117liu, 29 dali\u0173, raudonas","og_description":"WOOPIE XXL valymo rinkinys 3 viename su ve\u017eim\u0117liu, 29 dali\u0173, raudonas - KidsPlay. Did\u017eiausias vaik\u0173 \u017eaisl\u0173 pasirinkimas.","og_url":"https:\/\/kidsplay.lt\/lv\/products\/woopie-xxl-valymo-rinkinys-3-viename-su-vezimeliu-29-daliu-raudonas\/","og_site_name":"KidsPlay","article_publisher":"https:\/\/www.facebook.com\/www.kidsplay.lt","article_modified_time":"2026-04-07T06:35:39+00:00","og_image":[{"width":2560,"height":2560,"url":"https:\/\/kidsplay.lt\/wp-content\/uploads\/2026\/03\/WOOPIE-XXL-valymo-rinkinys-3-viename-su-vezimeliu-29-daliu-raudonas.jpg","type":"image\/jpeg"}],"twitter_card":"summary_large_image","twitter_misc":{"Est. reading time":"1 min\u016bte"},"schema":{"@context":"https:\/\/schema.org","@graph":[{"@type":"WebPage","@id":"https:\/\/kidsplay.lt\/produktas\/woopie-xxl-valymo-rinkinys-3-viename-su-vezimeliu-29-daliu-raudonas\/","url":"https:\/\/kidsplay.lt\/produktas\/woopie-xxl-valymo-rinkinys-3-viename-su-vezimeliu-29-daliu-raudonas\/","name":"WOOPIE XXL valymo rinkinys 3 viename su ve\u017eim\u0117liu, 29 dali\u0173, raudonas","isPartOf":{"@id":"https:\/\/kidsplay.lt\/#website"},"primaryImageOfPage":{"@id":"https:\/\/kidsplay.lt\/produktas\/woopie-xxl-valymo-rinkinys-3-viename-su-vezimeliu-29-daliu-raudonas\/#primaryimage"},"image":{"@id":"https:\/\/kidsplay.lt\/produktas\/woopie-xxl-valymo-rinkinys-3-viename-su-vezimeliu-29-daliu-raudonas\/#primaryimage"},"thumbnailUrl":"https:\/\/kidsplay.lt\/wp-content\/uploads\/2026\/03\/WOOPIE-XXL-valymo-rinkinys-3-viename-su-vezimeliu-29-daliu-raudonas.jpg","datePublished":"2026-03-23T05:46:06+00:00","dateModified":"2026-04-07T06:35:39+00:00","description":"WOOPIE XXL valymo rinkinys 3 viename su ve\u017eim\u0117liu, 29 dali\u0173, raudonas - KidsPlay. Did\u017eiausias vaik\u0173 \u017eaisl\u0173 pasirinkimas.","breadcrumb":{"@id":"https:\/\/kidsplay.lt\/produktas\/woopie-xxl-valymo-rinkinys-3-viename-su-vezimeliu-29-daliu-raudonas\/#breadcrumb"},"inLanguage":"lv-LV","potentialAction":[{"@type":"ReadAction","target":["https:\/\/kidsplay.lt\/produktas\/woopie-xxl-valymo-rinkinys-3-viename-su-vezimeliu-29-daliu-raudonas\/"]}]},{"@type":"ImageObject","inLanguage":"lv-LV","@id":"https:\/\/kidsplay.lt\/produktas\/woopie-xxl-valymo-rinkinys-3-viename-su-vezimeliu-29-daliu-raudonas\/#primaryimage","url":"https:\/\/kidsplay.lt\/wp-content\/uploads\/2026\/03\/WOOPIE-XXL-valymo-rinkinys-3-viename-su-vezimeliu-29-daliu-raudonas.jpg","contentUrl":"https:\/\/kidsplay.lt\/wp-content\/uploads\/2026\/03\/WOOPIE-XXL-valymo-rinkinys-3-viename-su-vezimeliu-29-daliu-raudonas.jpg","width":2560,"height":2560,"caption":"WOOPIE XXL valymo rinkinys 3 viename su ve\u017eim\u0117liu"},{"@type":"BreadcrumbList","@id":"https:\/\/kidsplay.lt\/produktas\/woopie-xxl-valymo-rinkinys-3-viename-su-vezimeliu-29-daliu-raudonas\/#breadcrumb","itemListElement":[{"@type":"ListItem","position":1,"name":"Pagrindinis","item":"https:\/\/kidsplay.lt\/"},{"@type":"ListItem","position":2,"name":"Parduotuv\u0117","item":"https:\/\/kidsplay.lt\/parduotuve\/"},{"@type":"ListItem","position":3,"name":"WOOPIE XXL valymo rinkinys 3 viename su ve\u017eim\u0117liu, 29 dali\u0173, raudonas"}]},{"@type":"WebSite","@id":"https:\/\/kidsplay.lt\/#website","url":"https:\/\/kidsplay.lt\/","name":"B\u0113rnu sp\u0113les.lv","description":"\u012evairios prek\u0117s vaikams","publisher":{"@id":"https:\/\/kidsplay.lt\/#organization"},"alternateName":"Kidsplay","potentialAction":[{"@type":"SearchAction","target":{"@type":"EntryPoint","urlTemplate":"https:\/\/kidsplay.lt\/?s={search_term_string}"},"query-input":{"@type":"PropertyValueSpecification","valueRequired":true,"valueName":"search_term_string"}}],"inLanguage":"lv-LV"},{"@type":"Organization","@id":"https:\/\/kidsplay.lt\/#organization","name":"B\u0113rnu sp\u0113le","url":"https:\/\/kidsplay.lt\/","logo":{"@type":"ImageObject","inLanguage":"lv-LV","@id":"https:\/\/kidsplay.lt\/#\/schema\/logo\/image\/","url":"https:\/\/kidsplay.lt\/wp-content\/uploads\/2023\/07\/kidsplay-logo.png","contentUrl":"https:\/\/kidsplay.lt\/wp-content\/uploads\/2023\/07\/kidsplay-logo.png","width":451,"height":98,"caption":"KidsPlay"},"image":{"@id":"https:\/\/kidsplay.lt\/#\/schema\/logo\/image\/"},"sameAs":["https:\/\/www.facebook.com\/www.kidsplay.lt"]}]}},"_links":{"self":[{"href":"https:\/\/kidsplay.lt\/lv\/wp-json\/wp\/v2\/product\/96173","targetHints":{"allow":["GET"]}}],"collection":[{"href":"https:\/\/kidsplay.lt\/lv\/wp-json\/wp\/v2\/product"}],"about":[{"href":"https:\/\/kidsplay.lt\/lv\/wp-json\/wp\/v2\/types\/product"}],"version-history":[{"count":1,"href":"https:\/\/kidsplay.lt\/lv\/wp-json\/wp\/v2\/product\/96173\/revisions"}],"predecessor-version":[{"id":96174,"href":"https:\/\/kidsplay.lt\/lv\/wp-json\/wp\/v2\/product\/96173\/revisions\/96174"}],"wp:featuredmedia":[{"embeddable":true,"href":"https:\/\/kidsplay.lt\/lv\/wp-json\/wp\/v2\/media\/96175"}],"wp:attachment":[{"href":"https:\/\/kidsplay.lt\/lv\/wp-json\/wp\/v2\/media?parent=96173"}],"wp:term":[{"taxonomy":"product_brand","embeddable":true,"href":"https:\/\/kidsplay.lt\/lv\/wp-json\/wp\/v2\/product_brand?post=96173"},{"taxonomy":"product_cat","embeddable":true,"href":"https:\/\/kidsplay.lt\/lv\/wp-json\/wp\/v2\/product_cat?post=96173"},{"taxonomy":"product_tag","embeddable":true,"href":"https:\/\/kidsplay.lt\/lv\/wp-json\/wp\/v2\/product_tag?post=96173"}],"curies":[{"name":"wp","href":"https:\/\/api.w.org\/{rel}","templated":true}]}}