{"id":96180,"date":"2026-03-23T07:46:25","date_gmt":"2026-03-23T05:46:25","guid":{"rendered":"https:\/\/kidsplay.lt\/produktas\/woopie-3-viename-interaktyvus-vertikalus-dulkiu-siurblys-vaikams-su-siurbimo-funkcija\/"},"modified":"2026-04-13T13:55:47","modified_gmt":"2026-04-13T10:55:47","slug":"woopie-3-viename-interaktyvus-vertikalus-dulkiu-siurblys-vaikams-su-siurbimo-funkcija","status":"publish","type":"product","link":"https:\/\/kidsplay.lt\/lv\/products\/woopie-3-viename-interaktyvus-vertikalus-dulkiu-siurblys-vaikams-su-siurbimo-funkcija\/","title":{"rendered":"WOOPIE 3-in-1 interakt\u012bvs vertik\u0101lais putek\u013cs\u016bc\u0113js b\u0113rniem ar s\u016bk\u0161anas funkciju"},"content":{"rendered":"<p>Ar j\u016bs\u0173 vaikas svajoja tapti nam\u0173 herojumi ir pad\u0117ti atliekant kasdienius darbus? Interaktyvus 3 viename \u201eWoopie\u201c dulki\u0173 siurblys \u2013 puikus b\u016bdas suderinti smag\u0173 \u017eaidim\u0105 su ger\u0173 \u012fpro\u010di\u0173 ugdymu! D\u0117l siurbimo funkcijos ir realisti\u0161k\u0173 gars\u0173 kiekvienas ma\u017easis pagalbininkas pasijus kaip suaug\u0119s, tvarkydamas savo kambar\u012f. I\u0161imamas \u201e\u0161iuk\u0161li\u0173\u201c konteineris leid\u017eia lengvai j\u012f i\u0161tu\u0161tinti, u\u017etikrinant nenutr\u016bkstam\u0105 \u017eaidim\u0105. Tvirta konstrukcija, saugios med\u017eiagos ir \u012fkraunama baterija daro \u0161\u012f \u017eaisl\u0105 modern\u0173 ir visi\u0161kai saug\u0173 vaikams bei draugi\u0161k\u0105 aplinkai.<br \/>\nSvarbi informacija: rinkinyje yra tik nuotraukose pavaizduoti elementai (stovas nepridedamas).<br \/>\nRaksturojums:<\/p>\n<p>3 viename funkcionalumas \u2013 gali b\u016bti naudojamas kaip vertikalus, rankinis arba siaur\u0173 viet\u0173 dulki\u0173 siurblys,<\/p>\n<p>realisti\u0161ka siurbimo funkcija \u2013 \u017eaislas \u012fsiurbia pridedamas dirbtines \u201e\u0161iuk\u0161les\u201c,<\/p>\n<p>garso efektai \u2013 skleid\u017eia tikro dulki\u0173 siurblio veikim\u0105 imituojant\u012f gars\u0105,<\/p>\n<p>\u012fmontuota baterija, \u012fkraunama per laid\u0105 (pridedamas),<\/p>\n<p>pagamintas i\u0161 patvari\u0173 ir saugi\u0173 med\u017eiag\u0173, tinkamas vaikams nuo 3 met\u0173,<\/p>\n<p>patogi rankena leid\u017eia lengvai perne\u0161ti prietais\u0105 tarp \u201etvarkymo zon\u0173\u201c.<\/p>\n<p>Rinkin\u012f sudaro:<\/p>\n<p>dulki\u0173 siurblys,<\/p>\n<p>platus grind\u0173 antgalis su ratukais,<\/p>\n<p>vidutinis apmu\u0161al\u0173 antgalis,<\/p>\n<p>siauras ply\u0161i\u0173 antgalis,<\/p>\n<p>vamzdis,<\/p>\n<p>jungtis.<\/p>","protected":false},"excerpt":{"rendered":"<p>Ar j\u016bs\u0173 vaikas svajoja tapti nam\u0173 herojumi ir pad\u0117ti atliekant kasdienius darbus? Interaktyvus 3 viename \u201eWoopie\u201c dulki\u0173 siurblys \u2013 puikus<\/p>","protected":false},"featured_media":96182,"template":"","meta":{"_acf_changed":false,"_glsr_average":0,"_glsr_ranking":0,"_glsr_reviews":0},"product_brand":[],"product_cat":[896,399],"product_tag":[],"class_list":{"0":"post-96180","1":"product","2":"type-product","3":"status-publish","4":"has-post-thumbnail","6":"product_cat-namu-ukis-vaidmenu-zaidimai","7":"product_cat-vaidmenu-zaidimai-2","8":"\"style=\"background-color: #2ecc711c;\"","10":"first","11":"instock","12":"purchasable","13":"product-type-simple"},"acf":[],"yoast_head":"<!-- This site is optimized with the Yoast SEO plugin v27.4 - https:\/\/yoast.com\/product\/yoast-seo-wordpress\/ -->\n<title>WOOPIE 3 viename interaktyvus vertikalus dulki\u0173 siurblys vaikams su siurbimo funkcija<\/title>\n<meta name=\"description\" content=\"WOOPIE 3 viename interaktyvus vertikalus dulki\u0173 siurblys vaikams su siurbimo funkcija - KidsPlay. Did\u017eiausias vaik\u0173 \u017eaisl\u0173 pasirinkimas.\" \/>\n<meta name=\"robots\" content=\"index, follow, max-snippet:-1, max-image-preview:large, max-video-preview:-1\" \/>\n<link rel=\"canonical\" href=\"https:\/\/kidsplay.lt\/lv\/products\/woopie-3-viename-interaktyvus-vertikalus-dulkiu-siurblys-vaikams-su-siurbimo-funkcija\/\" \/>\n<meta property=\"og:locale\" content=\"lv_LV\" \/>\n<meta property=\"og:type\" content=\"article\" \/>\n<meta property=\"og:title\" content=\"WOOPIE 3 viename interaktyvus vertikalus dulki\u0173 siurblys vaikams su siurbimo funkcija\" \/>\n<meta property=\"og:description\" content=\"WOOPIE 3 viename interaktyvus vertikalus dulki\u0173 siurblys vaikams su siurbimo funkcija - KidsPlay. Did\u017eiausias vaik\u0173 \u017eaisl\u0173 pasirinkimas.\" \/>\n<meta property=\"og:url\" content=\"https:\/\/kidsplay.lt\/lv\/products\/woopie-3-viename-interaktyvus-vertikalus-dulkiu-siurblys-vaikams-su-siurbimo-funkcija\/\" \/>\n<meta property=\"og:site_name\" content=\"KidsPlay\" \/>\n<meta property=\"article:publisher\" content=\"https:\/\/www.facebook.com\/www.kidsplay.lt\" \/>\n<meta property=\"article:modified_time\" content=\"2026-04-13T10:55:47+00:00\" \/>\n<meta property=\"og:image\" content=\"https:\/\/kidsplay.lt\/wp-content\/uploads\/2026\/03\/WOOPIE-3-viename-interaktyvus-vertikalus-dulkiu-siurblys-vaikams-su-siurbimo-funkcija.jpg\" \/>\n\t<meta property=\"og:image:width\" content=\"998\" \/>\n\t<meta property=\"og:image:height\" content=\"1011\" \/>\n\t<meta property=\"og:image:type\" content=\"image\/jpeg\" \/>\n<meta name=\"twitter:card\" content=\"summary_large_image\" \/>\n<meta name=\"twitter:label1\" content=\"Est. reading time\" \/>\n\t<meta name=\"twitter:data1\" content=\"1 min\u016bte\" \/>\n<script type=\"application\/ld+json\" class=\"yoast-schema-graph\">{\"@context\":\"https:\\\/\\\/schema.org\",\"@graph\":[{\"@type\":\"WebPage\",\"@id\":\"https:\\\/\\\/kidsplay.lt\\\/produktas\\\/woopie-3-viename-interaktyvus-vertikalus-dulkiu-siurblys-vaikams-su-siurbimo-funkcija\\\/\",\"url\":\"https:\\\/\\\/kidsplay.lt\\\/produktas\\\/woopie-3-viename-interaktyvus-vertikalus-dulkiu-siurblys-vaikams-su-siurbimo-funkcija\\\/\",\"name\":\"WOOPIE 3 viename interaktyvus vertikalus dulki\u0173 siurblys vaikams su siurbimo funkcija\",\"isPartOf\":{\"@id\":\"https:\\\/\\\/kidsplay.lt\\\/#website\"},\"primaryImageOfPage\":{\"@id\":\"https:\\\/\\\/kidsplay.lt\\\/produktas\\\/woopie-3-viename-interaktyvus-vertikalus-dulkiu-siurblys-vaikams-su-siurbimo-funkcija\\\/#primaryimage\"},\"image\":{\"@id\":\"https:\\\/\\\/kidsplay.lt\\\/produktas\\\/woopie-3-viename-interaktyvus-vertikalus-dulkiu-siurblys-vaikams-su-siurbimo-funkcija\\\/#primaryimage\"},\"thumbnailUrl\":\"https:\\\/\\\/kidsplay.lt\\\/wp-content\\\/uploads\\\/2026\\\/03\\\/WOOPIE-3-viename-interaktyvus-vertikalus-dulkiu-siurblys-vaikams-su-siurbimo-funkcija.jpg\",\"datePublished\":\"2026-03-23T05:46:25+00:00\",\"dateModified\":\"2026-04-13T10:55:47+00:00\",\"description\":\"WOOPIE 3 viename interaktyvus vertikalus dulki\u0173 siurblys vaikams su siurbimo funkcija - KidsPlay. Did\u017eiausias vaik\u0173 \u017eaisl\u0173 pasirinkimas.\",\"breadcrumb\":{\"@id\":\"https:\\\/\\\/kidsplay.lt\\\/produktas\\\/woopie-3-viename-interaktyvus-vertikalus-dulkiu-siurblys-vaikams-su-siurbimo-funkcija\\\/#breadcrumb\"},\"inLanguage\":\"lv-LV\",\"potentialAction\":[{\"@type\":\"ReadAction\",\"target\":[\"https:\\\/\\\/kidsplay.lt\\\/produktas\\\/woopie-3-viename-interaktyvus-vertikalus-dulkiu-siurblys-vaikams-su-siurbimo-funkcija\\\/\"]}]},{\"@type\":\"ImageObject\",\"inLanguage\":\"lv-LV\",\"@id\":\"https:\\\/\\\/kidsplay.lt\\\/produktas\\\/woopie-3-viename-interaktyvus-vertikalus-dulkiu-siurblys-vaikams-su-siurbimo-funkcija\\\/#primaryimage\",\"url\":\"https:\\\/\\\/kidsplay.lt\\\/wp-content\\\/uploads\\\/2026\\\/03\\\/WOOPIE-3-viename-interaktyvus-vertikalus-dulkiu-siurblys-vaikams-su-siurbimo-funkcija.jpg\",\"contentUrl\":\"https:\\\/\\\/kidsplay.lt\\\/wp-content\\\/uploads\\\/2026\\\/03\\\/WOOPIE-3-viename-interaktyvus-vertikalus-dulkiu-siurblys-vaikams-su-siurbimo-funkcija.jpg\",\"width\":998,\"height\":1011,\"caption\":\"WOOPIE 3 viename interaktyvus vertikalus dulki\u0173 siurblys vaikams su siurbimo funkcija\"},{\"@type\":\"BreadcrumbList\",\"@id\":\"https:\\\/\\\/kidsplay.lt\\\/produktas\\\/woopie-3-viename-interaktyvus-vertikalus-dulkiu-siurblys-vaikams-su-siurbimo-funkcija\\\/#breadcrumb\",\"itemListElement\":[{\"@type\":\"ListItem\",\"position\":1,\"name\":\"Pagrindinis\",\"item\":\"https:\\\/\\\/kidsplay.lt\\\/\"},{\"@type\":\"ListItem\",\"position\":2,\"name\":\"Parduotuv\u0117\",\"item\":\"https:\\\/\\\/kidsplay.lt\\\/parduotuve\\\/\"},{\"@type\":\"ListItem\",\"position\":3,\"name\":\"WOOPIE 3 viename interaktyvus vertikalus dulki\u0173 siurblys vaikams su siurbimo funkcija\"}]},{\"@type\":\"WebSite\",\"@id\":\"https:\\\/\\\/kidsplay.lt\\\/#website\",\"url\":\"https:\\\/\\\/kidsplay.lt\\\/\",\"name\":\"Kidsplay.lt\",\"description\":\"\u012evairios prek\u0117s vaikams\",\"publisher\":{\"@id\":\"https:\\\/\\\/kidsplay.lt\\\/#organization\"},\"alternateName\":\"Kidsplay\",\"potentialAction\":[{\"@type\":\"SearchAction\",\"target\":{\"@type\":\"EntryPoint\",\"urlTemplate\":\"https:\\\/\\\/kidsplay.lt\\\/?s={search_term_string}\"},\"query-input\":{\"@type\":\"PropertyValueSpecification\",\"valueRequired\":true,\"valueName\":\"search_term_string\"}}],\"inLanguage\":\"lv-LV\"},{\"@type\":\"Organization\",\"@id\":\"https:\\\/\\\/kidsplay.lt\\\/#organization\",\"name\":\"KidsPlay\",\"url\":\"https:\\\/\\\/kidsplay.lt\\\/\",\"logo\":{\"@type\":\"ImageObject\",\"inLanguage\":\"lv-LV\",\"@id\":\"https:\\\/\\\/kidsplay.lt\\\/#\\\/schema\\\/logo\\\/image\\\/\",\"url\":\"https:\\\/\\\/kidsplay.lt\\\/wp-content\\\/uploads\\\/2023\\\/07\\\/kidsplay-logo.png\",\"contentUrl\":\"https:\\\/\\\/kidsplay.lt\\\/wp-content\\\/uploads\\\/2023\\\/07\\\/kidsplay-logo.png\",\"width\":451,\"height\":98,\"caption\":\"KidsPlay\"},\"image\":{\"@id\":\"https:\\\/\\\/kidsplay.lt\\\/#\\\/schema\\\/logo\\\/image\\\/\"},\"sameAs\":[\"https:\\\/\\\/www.facebook.com\\\/www.kidsplay.lt\"]}]}<\/script>\n<!-- \/ Yoast SEO plugin. -->","yoast_head_json":{"title":"WOOPIE 3-in-1 interakt\u012bvs vertik\u0101lais putek\u013cs\u016bc\u0113js b\u0113rniem ar s\u016bk\u0161anas funkciju","description":"WOOPIE 3 viename interaktyvus vertikalus dulki\u0173 siurblys vaikams su siurbimo funkcija - KidsPlay. Did\u017eiausias vaik\u0173 \u017eaisl\u0173 pasirinkimas.","robots":{"index":"index","follow":"follow","max-snippet":"max-snippet:-1","max-image-preview":"max-image-preview:large","max-video-preview":"max-video-preview:-1"},"canonical":"https:\/\/kidsplay.lt\/lv\/products\/woopie-3-viename-interaktyvus-vertikalus-dulkiu-siurblys-vaikams-su-siurbimo-funkcija\/","og_locale":"lv_LV","og_type":"article","og_title":"WOOPIE 3 viename interaktyvus vertikalus dulki\u0173 siurblys vaikams su siurbimo funkcija","og_description":"WOOPIE 3 viename interaktyvus vertikalus dulki\u0173 siurblys vaikams su siurbimo funkcija - KidsPlay. Did\u017eiausias vaik\u0173 \u017eaisl\u0173 pasirinkimas.","og_url":"https:\/\/kidsplay.lt\/lv\/products\/woopie-3-viename-interaktyvus-vertikalus-dulkiu-siurblys-vaikams-su-siurbimo-funkcija\/","og_site_name":"KidsPlay","article_publisher":"https:\/\/www.facebook.com\/www.kidsplay.lt","article_modified_time":"2026-04-13T10:55:47+00:00","og_image":[{"width":998,"height":1011,"url":"https:\/\/kidsplay.lt\/wp-content\/uploads\/2026\/03\/WOOPIE-3-viename-interaktyvus-vertikalus-dulkiu-siurblys-vaikams-su-siurbimo-funkcija.jpg","type":"image\/jpeg"}],"twitter_card":"summary_large_image","twitter_misc":{"Est. reading time":"1 min\u016bte"},"schema":{"@context":"https:\/\/schema.org","@graph":[{"@type":"WebPage","@id":"https:\/\/kidsplay.lt\/produktas\/woopie-3-viename-interaktyvus-vertikalus-dulkiu-siurblys-vaikams-su-siurbimo-funkcija\/","url":"https:\/\/kidsplay.lt\/produktas\/woopie-3-viename-interaktyvus-vertikalus-dulkiu-siurblys-vaikams-su-siurbimo-funkcija\/","name":"WOOPIE 3-in-1 interakt\u012bvs vertik\u0101lais putek\u013cs\u016bc\u0113js b\u0113rniem ar s\u016bk\u0161anas funkciju","isPartOf":{"@id":"https:\/\/kidsplay.lt\/#website"},"primaryImageOfPage":{"@id":"https:\/\/kidsplay.lt\/produktas\/woopie-3-viename-interaktyvus-vertikalus-dulkiu-siurblys-vaikams-su-siurbimo-funkcija\/#primaryimage"},"image":{"@id":"https:\/\/kidsplay.lt\/produktas\/woopie-3-viename-interaktyvus-vertikalus-dulkiu-siurblys-vaikams-su-siurbimo-funkcija\/#primaryimage"},"thumbnailUrl":"https:\/\/kidsplay.lt\/wp-content\/uploads\/2026\/03\/WOOPIE-3-viename-interaktyvus-vertikalus-dulkiu-siurblys-vaikams-su-siurbimo-funkcija.jpg","datePublished":"2026-03-23T05:46:25+00:00","dateModified":"2026-04-13T10:55:47+00:00","description":"WOOPIE 3 viename interaktyvus vertikalus dulki\u0173 siurblys vaikams su siurbimo funkcija - KidsPlay. Did\u017eiausias vaik\u0173 \u017eaisl\u0173 pasirinkimas.","breadcrumb":{"@id":"https:\/\/kidsplay.lt\/produktas\/woopie-3-viename-interaktyvus-vertikalus-dulkiu-siurblys-vaikams-su-siurbimo-funkcija\/#breadcrumb"},"inLanguage":"lv-LV","potentialAction":[{"@type":"ReadAction","target":["https:\/\/kidsplay.lt\/produktas\/woopie-3-viename-interaktyvus-vertikalus-dulkiu-siurblys-vaikams-su-siurbimo-funkcija\/"]}]},{"@type":"ImageObject","inLanguage":"lv-LV","@id":"https:\/\/kidsplay.lt\/produktas\/woopie-3-viename-interaktyvus-vertikalus-dulkiu-siurblys-vaikams-su-siurbimo-funkcija\/#primaryimage","url":"https:\/\/kidsplay.lt\/wp-content\/uploads\/2026\/03\/WOOPIE-3-viename-interaktyvus-vertikalus-dulkiu-siurblys-vaikams-su-siurbimo-funkcija.jpg","contentUrl":"https:\/\/kidsplay.lt\/wp-content\/uploads\/2026\/03\/WOOPIE-3-viename-interaktyvus-vertikalus-dulkiu-siurblys-vaikams-su-siurbimo-funkcija.jpg","width":998,"height":1011,"caption":"WOOPIE 3 viename interaktyvus vertikalus dulki\u0173 siurblys vaikams su siurbimo funkcija"},{"@type":"BreadcrumbList","@id":"https:\/\/kidsplay.lt\/produktas\/woopie-3-viename-interaktyvus-vertikalus-dulkiu-siurblys-vaikams-su-siurbimo-funkcija\/#breadcrumb","itemListElement":[{"@type":"ListItem","position":1,"name":"Pagrindinis","item":"https:\/\/kidsplay.lt\/"},{"@type":"ListItem","position":2,"name":"Parduotuv\u0117","item":"https:\/\/kidsplay.lt\/parduotuve\/"},{"@type":"ListItem","position":3,"name":"WOOPIE 3 viename interaktyvus vertikalus dulki\u0173 siurblys vaikams su siurbimo funkcija"}]},{"@type":"WebSite","@id":"https:\/\/kidsplay.lt\/#website","url":"https:\/\/kidsplay.lt\/","name":"B\u0113rnu sp\u0113les.lv","description":"\u012evairios prek\u0117s vaikams","publisher":{"@id":"https:\/\/kidsplay.lt\/#organization"},"alternateName":"Kidsplay","potentialAction":[{"@type":"SearchAction","target":{"@type":"EntryPoint","urlTemplate":"https:\/\/kidsplay.lt\/?s={search_term_string}"},"query-input":{"@type":"PropertyValueSpecification","valueRequired":true,"valueName":"search_term_string"}}],"inLanguage":"lv-LV"},{"@type":"Organization","@id":"https:\/\/kidsplay.lt\/#organization","name":"B\u0113rnu sp\u0113le","url":"https:\/\/kidsplay.lt\/","logo":{"@type":"ImageObject","inLanguage":"lv-LV","@id":"https:\/\/kidsplay.lt\/#\/schema\/logo\/image\/","url":"https:\/\/kidsplay.lt\/wp-content\/uploads\/2023\/07\/kidsplay-logo.png","contentUrl":"https:\/\/kidsplay.lt\/wp-content\/uploads\/2023\/07\/kidsplay-logo.png","width":451,"height":98,"caption":"KidsPlay"},"image":{"@id":"https:\/\/kidsplay.lt\/#\/schema\/logo\/image\/"},"sameAs":["https:\/\/www.facebook.com\/www.kidsplay.lt"]}]}},"_links":{"self":[{"href":"https:\/\/kidsplay.lt\/lv\/wp-json\/wp\/v2\/product\/96180","targetHints":{"allow":["GET"]}}],"collection":[{"href":"https:\/\/kidsplay.lt\/lv\/wp-json\/wp\/v2\/product"}],"about":[{"href":"https:\/\/kidsplay.lt\/lv\/wp-json\/wp\/v2\/types\/product"}],"version-history":[{"count":1,"href":"https:\/\/kidsplay.lt\/lv\/wp-json\/wp\/v2\/product\/96180\/revisions"}],"predecessor-version":[{"id":96181,"href":"https:\/\/kidsplay.lt\/lv\/wp-json\/wp\/v2\/product\/96180\/revisions\/96181"}],"wp:featuredmedia":[{"embeddable":true,"href":"https:\/\/kidsplay.lt\/lv\/wp-json\/wp\/v2\/media\/96182"}],"wp:attachment":[{"href":"https:\/\/kidsplay.lt\/lv\/wp-json\/wp\/v2\/media?parent=96180"}],"wp:term":[{"taxonomy":"product_brand","embeddable":true,"href":"https:\/\/kidsplay.lt\/lv\/wp-json\/wp\/v2\/product_brand?post=96180"},{"taxonomy":"product_cat","embeddable":true,"href":"https:\/\/kidsplay.lt\/lv\/wp-json\/wp\/v2\/product_cat?post=96180"},{"taxonomy":"product_tag","embeddable":true,"href":"https:\/\/kidsplay.lt\/lv\/wp-json\/wp\/v2\/product_tag?post=96180"}],"curies":[{"name":"wp","href":"https:\/\/api.w.org\/{rel}","templated":true}]}}