{"id":96187,"date":"2026-03-23T07:46:43","date_gmt":"2026-03-23T05:46:43","guid":{"rendered":"https:\/\/kidsplay.lt\/produktas\/woopie-3-viename-buitines-technikos-rinkinys-kavos-aparatas-mikseris-blenderis-su-garso-ir-sviesos-efektais\/"},"modified":"2026-04-13T13:55:51","modified_gmt":"2026-04-13T10:55:51","slug":"woopie-3-viename-buitines-technikos-rinkinys-kavos-aparatas-mikseris-blenderis-su-garso-ir-sviesos-efektais","status":"publish","type":"product","link":"https:\/\/kidsplay.lt\/lv\/products\/woopie-3-viename-buitines-technikos-rinkinys-kavos-aparatas-mikseris-blenderis-su-garso-ir-sviesos-efektais\/","title":{"rendered":"WOOPIE 3 viename buitin\u0117s technikos rinkinys: kavos aparatas, mikseris, blenderis su garso ir \u0161viesos efektais"},"content":{"rendered":"<p>Pasinerkite \u012f kulinarini\u0173 \u017eaidim\u0173 pasaul\u012f su \u201eWoopie\u201c virtuv\u0117s prietais\u0173 rinkiniu! \u0160is \u017eavus rinkinys apima realisti\u0161k\u0105 kavos aparat\u0105, mikser\u012f ir blender\u012f, kurie atrodo ir veikia beveik kaip tikri. \u0160viesos ir garso efektai bei judan\u010dios dalys daro \u017eaidim\u0105 itin \u012ftraukiant\u012f. Tai puikus b\u016bdas lavinti ma\u017e\u0173j\u0173 \u0161ef\u0173 k\u016brybi\u0161kum\u0105 ir rank\u0173 \u012fg\u016bd\u017eius.<br \/>\nRaksturojums:<\/p>\n<p>skirta vaikams nuo 3 met\u0173,<\/p>\n<p>mikseris su besisukan\u010diais plakikliais ir dubeniu,<\/p>\n<p>blenderis su besisukan\u010diu mai\u0161ytuvu,<\/p>\n<p>kavos aparatas su vandens pylimo funkcija,<\/p>\n<p>\u0161viesos ir garso efektai pa\u012fvairina \u017eaidim\u0105,<\/p>\n<p>maitinamas baterijomis: 6 x AA (nepridedamos).<\/p>\n<p>Komplekt\u0101 ietilpst:<\/p>\n<p>kavos aparatas su \u0105so\u010diu ir puodeliu,<\/p>\n<p>mikseris su dubeniu ir besisukan\u010diais plakikliais,<\/p>\n<p>blenderis su \u0105so\u010diu.<\/p>","protected":false},"excerpt":{"rendered":"<p>Pasinerkite \u012f kulinarini\u0173 \u017eaidim\u0173 pasaul\u012f su \u201eWoopie\u201c virtuv\u0117s prietais\u0173 rinkiniu! \u0160is \u017eavus rinkinys apima realisti\u0161k\u0105 kavos aparat\u0105, mikser\u012f ir blender\u012f,<\/p>","protected":false},"featured_media":96189,"template":"","meta":{"_acf_changed":false,"_glsr_average":0,"_glsr_ranking":0,"_glsr_reviews":0},"product_brand":[],"product_cat":[399,229],"product_tag":[],"class_list":{"0":"post-96187","1":"product","2":"type-product","3":"status-publish","4":"has-post-thumbnail","6":"product_cat-vaidmenu-zaidimai-2","7":"product_cat-zaislai-vaikams","8":"\"style=\"background-color: #2ecc711c;\"","10":"first","11":"instock","12":"purchasable","13":"product-type-simple"},"acf":[],"yoast_head":"<!-- This site is optimized with the Yoast SEO plugin v27.4 - https:\/\/yoast.com\/product\/yoast-seo-wordpress\/ -->\n<title>WOOPIE 3 viename buitin\u0117s technikos rinkinys: kavos aparatas, mikseris, blenderis su garso ir \u0161viesos efektais<\/title>\n<meta name=\"description\" content=\"WOOPIE 3 viename buitin\u0117s technikos rinkinys: kavos aparatas, mikseris, blenderis su garso ir \u0161viesos efektais - KidsPlay. Did\u017eiausias vaik\u0173 \u017eaisl\u0173 pasirinkimas.\" \/>\n<meta name=\"robots\" content=\"index, follow, max-snippet:-1, max-image-preview:large, max-video-preview:-1\" \/>\n<link rel=\"canonical\" href=\"https:\/\/kidsplay.lt\/lv\/products\/woopie-3-viename-buitines-technikos-rinkinys-kavos-aparatas-mikseris-blenderis-su-garso-ir-sviesos-efektais\/\" \/>\n<meta property=\"og:locale\" content=\"lv_LV\" \/>\n<meta property=\"og:type\" content=\"article\" \/>\n<meta property=\"og:title\" content=\"WOOPIE 3 viename buitin\u0117s technikos rinkinys: kavos aparatas, mikseris, blenderis su garso ir \u0161viesos efektais\" \/>\n<meta property=\"og:description\" content=\"WOOPIE 3 viename buitin\u0117s technikos rinkinys: kavos aparatas, mikseris, blenderis su garso ir \u0161viesos efektais - KidsPlay. Did\u017eiausias vaik\u0173 \u017eaisl\u0173 pasirinkimas.\" \/>\n<meta property=\"og:url\" content=\"https:\/\/kidsplay.lt\/lv\/products\/woopie-3-viename-buitines-technikos-rinkinys-kavos-aparatas-mikseris-blenderis-su-garso-ir-sviesos-efektais\/\" \/>\n<meta property=\"og:site_name\" content=\"KidsPlay\" \/>\n<meta property=\"article:publisher\" content=\"https:\/\/www.facebook.com\/www.kidsplay.lt\" \/>\n<meta property=\"article:modified_time\" content=\"2026-04-13T10:55:51+00:00\" \/>\n<meta property=\"og:image\" content=\"https:\/\/kidsplay.lt\/wp-content\/uploads\/2026\/03\/WOOPIE-3-viename-buitines-technikos-rinkinys-kavos-aparatas-mikseris-blenderis-su-garso-ir-sviesos-efektais.png\" \/>\n\t<meta property=\"og:image:width\" content=\"1100\" \/>\n\t<meta property=\"og:image:height\" content=\"1422\" \/>\n\t<meta property=\"og:image:type\" content=\"image\/png\" \/>\n<meta name=\"twitter:card\" content=\"summary_large_image\" \/>\n<meta name=\"twitter:label1\" content=\"Est. reading time\" \/>\n\t<meta name=\"twitter:data1\" content=\"1 min\u016bte\" \/>\n<script type=\"application\/ld+json\" class=\"yoast-schema-graph\">{\"@context\":\"https:\\\/\\\/schema.org\",\"@graph\":[{\"@type\":\"WebPage\",\"@id\":\"https:\\\/\\\/kidsplay.lt\\\/produktas\\\/woopie-3-viename-buitines-technikos-rinkinys-kavos-aparatas-mikseris-blenderis-su-garso-ir-sviesos-efektais\\\/\",\"url\":\"https:\\\/\\\/kidsplay.lt\\\/produktas\\\/woopie-3-viename-buitines-technikos-rinkinys-kavos-aparatas-mikseris-blenderis-su-garso-ir-sviesos-efektais\\\/\",\"name\":\"WOOPIE 3 viename buitin\u0117s technikos rinkinys: kavos aparatas, mikseris, blenderis su garso ir \u0161viesos efektais\",\"isPartOf\":{\"@id\":\"https:\\\/\\\/kidsplay.lt\\\/#website\"},\"primaryImageOfPage\":{\"@id\":\"https:\\\/\\\/kidsplay.lt\\\/produktas\\\/woopie-3-viename-buitines-technikos-rinkinys-kavos-aparatas-mikseris-blenderis-su-garso-ir-sviesos-efektais\\\/#primaryimage\"},\"image\":{\"@id\":\"https:\\\/\\\/kidsplay.lt\\\/produktas\\\/woopie-3-viename-buitines-technikos-rinkinys-kavos-aparatas-mikseris-blenderis-su-garso-ir-sviesos-efektais\\\/#primaryimage\"},\"thumbnailUrl\":\"https:\\\/\\\/kidsplay.lt\\\/wp-content\\\/uploads\\\/2026\\\/03\\\/WOOPIE-3-viename-buitines-technikos-rinkinys-kavos-aparatas-mikseris-blenderis-su-garso-ir-sviesos-efektais.png\",\"datePublished\":\"2026-03-23T05:46:43+00:00\",\"dateModified\":\"2026-04-13T10:55:51+00:00\",\"description\":\"WOOPIE 3 viename buitin\u0117s technikos rinkinys: kavos aparatas, mikseris, blenderis su garso ir \u0161viesos efektais - KidsPlay. Did\u017eiausias vaik\u0173 \u017eaisl\u0173 pasirinkimas.\",\"breadcrumb\":{\"@id\":\"https:\\\/\\\/kidsplay.lt\\\/produktas\\\/woopie-3-viename-buitines-technikos-rinkinys-kavos-aparatas-mikseris-blenderis-su-garso-ir-sviesos-efektais\\\/#breadcrumb\"},\"inLanguage\":\"lv-LV\",\"potentialAction\":[{\"@type\":\"ReadAction\",\"target\":[\"https:\\\/\\\/kidsplay.lt\\\/produktas\\\/woopie-3-viename-buitines-technikos-rinkinys-kavos-aparatas-mikseris-blenderis-su-garso-ir-sviesos-efektais\\\/\"]}]},{\"@type\":\"ImageObject\",\"inLanguage\":\"lv-LV\",\"@id\":\"https:\\\/\\\/kidsplay.lt\\\/produktas\\\/woopie-3-viename-buitines-technikos-rinkinys-kavos-aparatas-mikseris-blenderis-su-garso-ir-sviesos-efektais\\\/#primaryimage\",\"url\":\"https:\\\/\\\/kidsplay.lt\\\/wp-content\\\/uploads\\\/2026\\\/03\\\/WOOPIE-3-viename-buitines-technikos-rinkinys-kavos-aparatas-mikseris-blenderis-su-garso-ir-sviesos-efektais.png\",\"contentUrl\":\"https:\\\/\\\/kidsplay.lt\\\/wp-content\\\/uploads\\\/2026\\\/03\\\/WOOPIE-3-viename-buitines-technikos-rinkinys-kavos-aparatas-mikseris-blenderis-su-garso-ir-sviesos-efektais.png\",\"width\":1100,\"height\":1422,\"caption\":\"WOOPIE 3 viename buitin\u0117s technikos rinkinys: kavos aparatas\"},{\"@type\":\"BreadcrumbList\",\"@id\":\"https:\\\/\\\/kidsplay.lt\\\/produktas\\\/woopie-3-viename-buitines-technikos-rinkinys-kavos-aparatas-mikseris-blenderis-su-garso-ir-sviesos-efektais\\\/#breadcrumb\",\"itemListElement\":[{\"@type\":\"ListItem\",\"position\":1,\"name\":\"Pagrindinis\",\"item\":\"https:\\\/\\\/kidsplay.lt\\\/\"},{\"@type\":\"ListItem\",\"position\":2,\"name\":\"Parduotuv\u0117\",\"item\":\"https:\\\/\\\/kidsplay.lt\\\/parduotuve\\\/\"},{\"@type\":\"ListItem\",\"position\":3,\"name\":\"WOOPIE 3 viename buitin\u0117s technikos rinkinys: kavos aparatas, mikseris, blenderis su garso ir \u0161viesos efektais\"}]},{\"@type\":\"WebSite\",\"@id\":\"https:\\\/\\\/kidsplay.lt\\\/#website\",\"url\":\"https:\\\/\\\/kidsplay.lt\\\/\",\"name\":\"Kidsplay.lt\",\"description\":\"\u012evairios prek\u0117s vaikams\",\"publisher\":{\"@id\":\"https:\\\/\\\/kidsplay.lt\\\/#organization\"},\"alternateName\":\"Kidsplay\",\"potentialAction\":[{\"@type\":\"SearchAction\",\"target\":{\"@type\":\"EntryPoint\",\"urlTemplate\":\"https:\\\/\\\/kidsplay.lt\\\/?s={search_term_string}\"},\"query-input\":{\"@type\":\"PropertyValueSpecification\",\"valueRequired\":true,\"valueName\":\"search_term_string\"}}],\"inLanguage\":\"lv-LV\"},{\"@type\":\"Organization\",\"@id\":\"https:\\\/\\\/kidsplay.lt\\\/#organization\",\"name\":\"KidsPlay\",\"url\":\"https:\\\/\\\/kidsplay.lt\\\/\",\"logo\":{\"@type\":\"ImageObject\",\"inLanguage\":\"lv-LV\",\"@id\":\"https:\\\/\\\/kidsplay.lt\\\/#\\\/schema\\\/logo\\\/image\\\/\",\"url\":\"https:\\\/\\\/kidsplay.lt\\\/wp-content\\\/uploads\\\/2023\\\/07\\\/kidsplay-logo.png\",\"contentUrl\":\"https:\\\/\\\/kidsplay.lt\\\/wp-content\\\/uploads\\\/2023\\\/07\\\/kidsplay-logo.png\",\"width\":451,\"height\":98,\"caption\":\"KidsPlay\"},\"image\":{\"@id\":\"https:\\\/\\\/kidsplay.lt\\\/#\\\/schema\\\/logo\\\/image\\\/\"},\"sameAs\":[\"https:\\\/\\\/www.facebook.com\\\/www.kidsplay.lt\"]}]}<\/script>\n<!-- \/ Yoast SEO plugin. -->","yoast_head_json":{"title":"WOOPIE 3 viename buitin\u0117s technikos rinkinys: kavos aparatas, mikseris, blenderis su garso ir \u0161viesos efektais","description":"WOOPIE 3 viename buitin\u0117s technikos rinkinys: kavos aparatas, mikseris, blenderis su garso ir \u0161viesos efektais - KidsPlay. Did\u017eiausias vaik\u0173 \u017eaisl\u0173 pasirinkimas.","robots":{"index":"index","follow":"follow","max-snippet":"max-snippet:-1","max-image-preview":"max-image-preview:large","max-video-preview":"max-video-preview:-1"},"canonical":"https:\/\/kidsplay.lt\/lv\/products\/woopie-3-viename-buitines-technikos-rinkinys-kavos-aparatas-mikseris-blenderis-su-garso-ir-sviesos-efektais\/","og_locale":"lv_LV","og_type":"article","og_title":"WOOPIE 3 viename buitin\u0117s technikos rinkinys: kavos aparatas, mikseris, blenderis su garso ir \u0161viesos efektais","og_description":"WOOPIE 3 viename buitin\u0117s technikos rinkinys: kavos aparatas, mikseris, blenderis su garso ir \u0161viesos efektais - KidsPlay. Did\u017eiausias vaik\u0173 \u017eaisl\u0173 pasirinkimas.","og_url":"https:\/\/kidsplay.lt\/lv\/products\/woopie-3-viename-buitines-technikos-rinkinys-kavos-aparatas-mikseris-blenderis-su-garso-ir-sviesos-efektais\/","og_site_name":"KidsPlay","article_publisher":"https:\/\/www.facebook.com\/www.kidsplay.lt","article_modified_time":"2026-04-13T10:55:51+00:00","og_image":[{"width":1100,"height":1422,"url":"https:\/\/kidsplay.lt\/wp-content\/uploads\/2026\/03\/WOOPIE-3-viename-buitines-technikos-rinkinys-kavos-aparatas-mikseris-blenderis-su-garso-ir-sviesos-efektais.png","type":"image\/png"}],"twitter_card":"summary_large_image","twitter_misc":{"Est. reading time":"1 min\u016bte"},"schema":{"@context":"https:\/\/schema.org","@graph":[{"@type":"WebPage","@id":"https:\/\/kidsplay.lt\/produktas\/woopie-3-viename-buitines-technikos-rinkinys-kavos-aparatas-mikseris-blenderis-su-garso-ir-sviesos-efektais\/","url":"https:\/\/kidsplay.lt\/produktas\/woopie-3-viename-buitines-technikos-rinkinys-kavos-aparatas-mikseris-blenderis-su-garso-ir-sviesos-efektais\/","name":"WOOPIE 3 viename buitin\u0117s technikos rinkinys: kavos aparatas, mikseris, blenderis su garso ir \u0161viesos efektais","isPartOf":{"@id":"https:\/\/kidsplay.lt\/#website"},"primaryImageOfPage":{"@id":"https:\/\/kidsplay.lt\/produktas\/woopie-3-viename-buitines-technikos-rinkinys-kavos-aparatas-mikseris-blenderis-su-garso-ir-sviesos-efektais\/#primaryimage"},"image":{"@id":"https:\/\/kidsplay.lt\/produktas\/woopie-3-viename-buitines-technikos-rinkinys-kavos-aparatas-mikseris-blenderis-su-garso-ir-sviesos-efektais\/#primaryimage"},"thumbnailUrl":"https:\/\/kidsplay.lt\/wp-content\/uploads\/2026\/03\/WOOPIE-3-viename-buitines-technikos-rinkinys-kavos-aparatas-mikseris-blenderis-su-garso-ir-sviesos-efektais.png","datePublished":"2026-03-23T05:46:43+00:00","dateModified":"2026-04-13T10:55:51+00:00","description":"WOOPIE 3 viename buitin\u0117s technikos rinkinys: kavos aparatas, mikseris, blenderis su garso ir \u0161viesos efektais - KidsPlay. Did\u017eiausias vaik\u0173 \u017eaisl\u0173 pasirinkimas.","breadcrumb":{"@id":"https:\/\/kidsplay.lt\/produktas\/woopie-3-viename-buitines-technikos-rinkinys-kavos-aparatas-mikseris-blenderis-su-garso-ir-sviesos-efektais\/#breadcrumb"},"inLanguage":"lv-LV","potentialAction":[{"@type":"ReadAction","target":["https:\/\/kidsplay.lt\/produktas\/woopie-3-viename-buitines-technikos-rinkinys-kavos-aparatas-mikseris-blenderis-su-garso-ir-sviesos-efektais\/"]}]},{"@type":"ImageObject","inLanguage":"lv-LV","@id":"https:\/\/kidsplay.lt\/produktas\/woopie-3-viename-buitines-technikos-rinkinys-kavos-aparatas-mikseris-blenderis-su-garso-ir-sviesos-efektais\/#primaryimage","url":"https:\/\/kidsplay.lt\/wp-content\/uploads\/2026\/03\/WOOPIE-3-viename-buitines-technikos-rinkinys-kavos-aparatas-mikseris-blenderis-su-garso-ir-sviesos-efektais.png","contentUrl":"https:\/\/kidsplay.lt\/wp-content\/uploads\/2026\/03\/WOOPIE-3-viename-buitines-technikos-rinkinys-kavos-aparatas-mikseris-blenderis-su-garso-ir-sviesos-efektais.png","width":1100,"height":1422,"caption":"WOOPIE 3 viename buitin\u0117s technikos rinkinys: kavos aparatas"},{"@type":"BreadcrumbList","@id":"https:\/\/kidsplay.lt\/produktas\/woopie-3-viename-buitines-technikos-rinkinys-kavos-aparatas-mikseris-blenderis-su-garso-ir-sviesos-efektais\/#breadcrumb","itemListElement":[{"@type":"ListItem","position":1,"name":"Pagrindinis","item":"https:\/\/kidsplay.lt\/"},{"@type":"ListItem","position":2,"name":"Parduotuv\u0117","item":"https:\/\/kidsplay.lt\/parduotuve\/"},{"@type":"ListItem","position":3,"name":"WOOPIE 3 viename buitin\u0117s technikos rinkinys: kavos aparatas, mikseris, blenderis su garso ir \u0161viesos efektais"}]},{"@type":"WebSite","@id":"https:\/\/kidsplay.lt\/#website","url":"https:\/\/kidsplay.lt\/","name":"B\u0113rnu sp\u0113les.lv","description":"\u012evairios prek\u0117s vaikams","publisher":{"@id":"https:\/\/kidsplay.lt\/#organization"},"alternateName":"Kidsplay","potentialAction":[{"@type":"SearchAction","target":{"@type":"EntryPoint","urlTemplate":"https:\/\/kidsplay.lt\/?s={search_term_string}"},"query-input":{"@type":"PropertyValueSpecification","valueRequired":true,"valueName":"search_term_string"}}],"inLanguage":"lv-LV"},{"@type":"Organization","@id":"https:\/\/kidsplay.lt\/#organization","name":"B\u0113rnu sp\u0113le","url":"https:\/\/kidsplay.lt\/","logo":{"@type":"ImageObject","inLanguage":"lv-LV","@id":"https:\/\/kidsplay.lt\/#\/schema\/logo\/image\/","url":"https:\/\/kidsplay.lt\/wp-content\/uploads\/2023\/07\/kidsplay-logo.png","contentUrl":"https:\/\/kidsplay.lt\/wp-content\/uploads\/2023\/07\/kidsplay-logo.png","width":451,"height":98,"caption":"KidsPlay"},"image":{"@id":"https:\/\/kidsplay.lt\/#\/schema\/logo\/image\/"},"sameAs":["https:\/\/www.facebook.com\/www.kidsplay.lt"]}]}},"_links":{"self":[{"href":"https:\/\/kidsplay.lt\/lv\/wp-json\/wp\/v2\/product\/96187","targetHints":{"allow":["GET"]}}],"collection":[{"href":"https:\/\/kidsplay.lt\/lv\/wp-json\/wp\/v2\/product"}],"about":[{"href":"https:\/\/kidsplay.lt\/lv\/wp-json\/wp\/v2\/types\/product"}],"version-history":[{"count":1,"href":"https:\/\/kidsplay.lt\/lv\/wp-json\/wp\/v2\/product\/96187\/revisions"}],"predecessor-version":[{"id":96188,"href":"https:\/\/kidsplay.lt\/lv\/wp-json\/wp\/v2\/product\/96187\/revisions\/96188"}],"wp:featuredmedia":[{"embeddable":true,"href":"https:\/\/kidsplay.lt\/lv\/wp-json\/wp\/v2\/media\/96189"}],"wp:attachment":[{"href":"https:\/\/kidsplay.lt\/lv\/wp-json\/wp\/v2\/media?parent=96187"}],"wp:term":[{"taxonomy":"product_brand","embeddable":true,"href":"https:\/\/kidsplay.lt\/lv\/wp-json\/wp\/v2\/product_brand?post=96187"},{"taxonomy":"product_cat","embeddable":true,"href":"https:\/\/kidsplay.lt\/lv\/wp-json\/wp\/v2\/product_cat?post=96187"},{"taxonomy":"product_tag","embeddable":true,"href":"https:\/\/kidsplay.lt\/lv\/wp-json\/wp\/v2\/product_tag?post=96187"}],"curies":[{"name":"wp","href":"https:\/\/api.w.org\/{rel}","templated":true}]}}