{"id":96197,"date":"2026-03-23T07:47:23","date_gmt":"2026-03-23T05:47:23","guid":{"rendered":"https:\/\/kidsplay.lt\/produktas\/woopie-mazojo-kirpejo-rinkinys-plauku-dziovintuvas-tiesintuvas-ir-priedai\/"},"modified":"2026-04-13T13:55:54","modified_gmt":"2026-04-13T10:55:54","slug":"woopie-mazojo-kirpejo-rinkinys-plauku-dziovintuvas-tiesintuvas-ir-priedai","status":"publish","type":"product","link":"https:\/\/kidsplay.lt\/lv\/products\/woopie-mazojo-kirpejo-rinkinys-plauku-dziovintuvas-tiesintuvas-ir-priedai\/","title":{"rendered":"WOOPIE &quot;Mazais frizieris&quot; komplekts - matu f\u0113ns, taisnot\u0101js un aksesu\u0101ri"},"content":{"rendered":"<p>Woopie plauk\u0173 stilizavimo rinkinys \u2013 svajon\u0117 kiekvienam ma\u017eajam kirp\u0117jui, m\u0117gstan\u010diam imituoti suaugusi\u0173j\u0173 gro\u017eio ritualus. \u0160is eleganti\u0161kas ir itin realisti\u0161kas rinkinys leid\u017eia vaikams sukurti savo nam\u0173 gro\u017eio salon\u0105, kuriame l\u0117l\u0117s, me\u0161kiukai ar net \u0161eimos nariai gali pasikeisti \u0161ukuosen\u0105. Interaktyvios funkcijos, tokios kaip tikras oro p\u016btimas, \u0161viesos ir garso efektai, daro \u017eaidim\u0105 \u012ftraukiant\u012f ir tikrovi\u0161k\u0105. Tai puikus b\u016bdas skatinti vaik\u0173 vaizduot\u0119 ir smagiai leisti laik\u0105 kuriant nuostabias, unikalias \u0161ukuosenas.<br \/>\nRaksturojums:<\/p>\n<p>skirtas vaikams nuo 3 met\u0173,<\/p>\n<p>d\u017eiovintuvas p\u016b\u010dia tikr\u0105 or\u0105, darant \u017eaidim\u0105 dar realisti\u0161kesn\u012f,<\/p>\n<p>surinkus tiesintuv\u0105, jis skleid\u017eia gars\u0105 ir mirksi raudona LED \u0161viesa, rodydamas, kad \u012frenginys veikia,<\/p>\n<p>tiesintuvas ne\u012fkaista \u2013 visi\u0161kai saugu vaikams,<\/p>\n<p>reikalingos 4 x AA 1,5 V baterijos (2 d\u017eiovintuvui ir 2 tiesintuvui) \u2013 baterijos nepridedamos.<\/p>\n<p>Komplekt\u0101 ietilpst:<\/p>\n<p>plauk\u0173 d\u017eiovintuvas,<\/p>\n<p>tiesintuvas,<\/p>\n<p>koncentratorius,<\/p>\n<p>difuzorius,<\/p>\n<p>apvali \u0161epet\u0117 plaukams,<\/p>\n<p>platus \u0161ukas plauk\u0173 i\u0161\u0161ukavimui.<\/p>\n<p>Rota\u013clietu lav\u012bna:<\/p>\n<p>motorinius \u012fg\u016bd\u017eius,<\/p>\n<p>vaizduot\u0119,<\/p>\n<p>socialinius \u012fg\u016bd\u017eius.<\/p>","protected":false},"excerpt":{"rendered":"<p>Woopie plauk\u0173 stilizavimo rinkinys \u2013 svajon\u0117 kiekvienam ma\u017eajam kirp\u0117jui, m\u0117gstan\u010diam imituoti suaugusi\u0173j\u0173 gro\u017eio ritualus. \u0160is eleganti\u0161kas ir itin realisti\u0161kas rinkinys<\/p>","protected":false},"featured_media":96199,"template":"","meta":{"_acf_changed":false,"_glsr_average":0,"_glsr_ranking":0,"_glsr_reviews":0},"product_brand":[],"product_cat":[403,399],"product_tag":[],"class_list":{"0":"post-96197","1":"product","2":"type-product","3":"status-publish","4":"has-post-thumbnail","6":"product_cat-mada-ir-grozis","7":"product_cat-vaidmenu-zaidimai-2","8":"\"style=\"background-color: #2ecc711c;\"","10":"first","11":"instock","12":"purchasable","13":"product-type-simple"},"acf":[],"yoast_head":"<!-- This site is optimized with the Yoast SEO plugin v27.3 - https:\/\/yoast.com\/product\/yoast-seo-wordpress\/ -->\n<title>WOOPIE \u201eMa\u017eojo kirp\u0117jo\u201c rinkinys \u2013 plauk\u0173 d\u017eiovintuvas, tiesintuvas ir priedai<\/title>\n<meta name=\"description\" content=\"WOOPIE \u201eMa\u017eojo kirp\u0117jo\u201c rinkinys \u2013 plauk\u0173 d\u017eiovintuvas, tiesintuvas ir priedai - KidsPlay. Did\u017eiausias vaik\u0173 \u017eaisl\u0173 pasirinkimas.\" \/>\n<meta name=\"robots\" content=\"index, follow, max-snippet:-1, max-image-preview:large, max-video-preview:-1\" \/>\n<link rel=\"canonical\" href=\"https:\/\/kidsplay.lt\/lv\/products\/woopie-mazojo-kirpejo-rinkinys-plauku-dziovintuvas-tiesintuvas-ir-priedai\/\" \/>\n<meta property=\"og:locale\" content=\"lv_LV\" \/>\n<meta property=\"og:type\" content=\"article\" \/>\n<meta property=\"og:title\" content=\"WOOPIE \u201eMa\u017eojo kirp\u0117jo\u201c rinkinys \u2013 plauk\u0173 d\u017eiovintuvas, tiesintuvas ir priedai\" \/>\n<meta property=\"og:description\" content=\"WOOPIE \u201eMa\u017eojo kirp\u0117jo\u201c rinkinys \u2013 plauk\u0173 d\u017eiovintuvas, tiesintuvas ir priedai - KidsPlay. Did\u017eiausias vaik\u0173 \u017eaisl\u0173 pasirinkimas.\" \/>\n<meta property=\"og:url\" content=\"https:\/\/kidsplay.lt\/lv\/products\/woopie-mazojo-kirpejo-rinkinys-plauku-dziovintuvas-tiesintuvas-ir-priedai\/\" \/>\n<meta property=\"og:site_name\" content=\"KidsPlay\" \/>\n<meta property=\"article:publisher\" content=\"https:\/\/www.facebook.com\/www.kidsplay.lt\" \/>\n<meta property=\"article:modified_time\" content=\"2026-04-13T10:55:54+00:00\" \/>\n<meta property=\"og:image\" content=\"https:\/\/kidsplay.lt\/wp-content\/uploads\/2026\/03\/WOOPIE-\u201eMazojo-kirpejo-rinkinys-\u2013-plauku-dziovintuvas-tiesintuvas-ir-priedai.jpg\" \/>\n\t<meta property=\"og:image:width\" content=\"2560\" \/>\n\t<meta property=\"og:image:height\" content=\"2560\" \/>\n\t<meta property=\"og:image:type\" content=\"image\/jpeg\" \/>\n<meta name=\"twitter:card\" content=\"summary_large_image\" \/>\n<meta name=\"twitter:label1\" content=\"Est. reading time\" \/>\n\t<meta name=\"twitter:data1\" content=\"1 min\u016bte\" \/>\n<script type=\"application\/ld+json\" class=\"yoast-schema-graph\">{\"@context\":\"https:\\\/\\\/schema.org\",\"@graph\":[{\"@type\":\"WebPage\",\"@id\":\"https:\\\/\\\/kidsplay.lt\\\/produktas\\\/woopie-mazojo-kirpejo-rinkinys-plauku-dziovintuvas-tiesintuvas-ir-priedai\\\/\",\"url\":\"https:\\\/\\\/kidsplay.lt\\\/produktas\\\/woopie-mazojo-kirpejo-rinkinys-plauku-dziovintuvas-tiesintuvas-ir-priedai\\\/\",\"name\":\"WOOPIE \u201eMa\u017eojo kirp\u0117jo\u201c rinkinys \u2013 plauk\u0173 d\u017eiovintuvas, tiesintuvas ir priedai\",\"isPartOf\":{\"@id\":\"https:\\\/\\\/kidsplay.lt\\\/#website\"},\"primaryImageOfPage\":{\"@id\":\"https:\\\/\\\/kidsplay.lt\\\/produktas\\\/woopie-mazojo-kirpejo-rinkinys-plauku-dziovintuvas-tiesintuvas-ir-priedai\\\/#primaryimage\"},\"image\":{\"@id\":\"https:\\\/\\\/kidsplay.lt\\\/produktas\\\/woopie-mazojo-kirpejo-rinkinys-plauku-dziovintuvas-tiesintuvas-ir-priedai\\\/#primaryimage\"},\"thumbnailUrl\":\"https:\\\/\\\/kidsplay.lt\\\/wp-content\\\/uploads\\\/2026\\\/03\\\/WOOPIE-\u201eMazojo-kirpejo-rinkinys-\u2013-plauku-dziovintuvas-tiesintuvas-ir-priedai.jpg\",\"datePublished\":\"2026-03-23T05:47:23+00:00\",\"dateModified\":\"2026-04-13T10:55:54+00:00\",\"description\":\"WOOPIE \u201eMa\u017eojo kirp\u0117jo\u201c rinkinys \u2013 plauk\u0173 d\u017eiovintuvas, tiesintuvas ir priedai - KidsPlay. Did\u017eiausias vaik\u0173 \u017eaisl\u0173 pasirinkimas.\",\"breadcrumb\":{\"@id\":\"https:\\\/\\\/kidsplay.lt\\\/produktas\\\/woopie-mazojo-kirpejo-rinkinys-plauku-dziovintuvas-tiesintuvas-ir-priedai\\\/#breadcrumb\"},\"inLanguage\":\"lv-LV\",\"potentialAction\":[{\"@type\":\"ReadAction\",\"target\":[\"https:\\\/\\\/kidsplay.lt\\\/produktas\\\/woopie-mazojo-kirpejo-rinkinys-plauku-dziovintuvas-tiesintuvas-ir-priedai\\\/\"]}]},{\"@type\":\"ImageObject\",\"inLanguage\":\"lv-LV\",\"@id\":\"https:\\\/\\\/kidsplay.lt\\\/produktas\\\/woopie-mazojo-kirpejo-rinkinys-plauku-dziovintuvas-tiesintuvas-ir-priedai\\\/#primaryimage\",\"url\":\"https:\\\/\\\/kidsplay.lt\\\/wp-content\\\/uploads\\\/2026\\\/03\\\/WOOPIE-\u201eMazojo-kirpejo-rinkinys-\u2013-plauku-dziovintuvas-tiesintuvas-ir-priedai.jpg\",\"contentUrl\":\"https:\\\/\\\/kidsplay.lt\\\/wp-content\\\/uploads\\\/2026\\\/03\\\/WOOPIE-\u201eMazojo-kirpejo-rinkinys-\u2013-plauku-dziovintuvas-tiesintuvas-ir-priedai.jpg\",\"width\":2560,\"height\":2560,\"caption\":\"WOOPIE \u201eMa\u017eojo kirp\u0117jo\u201c rinkinys \u2013 plauk\u0173 d\u017eiovintuvas\"},{\"@type\":\"BreadcrumbList\",\"@id\":\"https:\\\/\\\/kidsplay.lt\\\/produktas\\\/woopie-mazojo-kirpejo-rinkinys-plauku-dziovintuvas-tiesintuvas-ir-priedai\\\/#breadcrumb\",\"itemListElement\":[{\"@type\":\"ListItem\",\"position\":1,\"name\":\"Pagrindinis\",\"item\":\"https:\\\/\\\/kidsplay.lt\\\/\"},{\"@type\":\"ListItem\",\"position\":2,\"name\":\"Parduotuv\u0117\",\"item\":\"https:\\\/\\\/kidsplay.lt\\\/parduotuve\\\/\"},{\"@type\":\"ListItem\",\"position\":3,\"name\":\"WOOPIE \u201eMa\u017eojo kirp\u0117jo\u201c rinkinys \u2013 plauk\u0173 d\u017eiovintuvas, tiesintuvas ir priedai\"}]},{\"@type\":\"WebSite\",\"@id\":\"https:\\\/\\\/kidsplay.lt\\\/#website\",\"url\":\"https:\\\/\\\/kidsplay.lt\\\/\",\"name\":\"Kidsplay.lt\",\"description\":\"\u012evairios prek\u0117s vaikams\",\"publisher\":{\"@id\":\"https:\\\/\\\/kidsplay.lt\\\/#organization\"},\"alternateName\":\"Kidsplay\",\"potentialAction\":[{\"@type\":\"SearchAction\",\"target\":{\"@type\":\"EntryPoint\",\"urlTemplate\":\"https:\\\/\\\/kidsplay.lt\\\/?s={search_term_string}\"},\"query-input\":{\"@type\":\"PropertyValueSpecification\",\"valueRequired\":true,\"valueName\":\"search_term_string\"}}],\"inLanguage\":\"lv-LV\"},{\"@type\":\"Organization\",\"@id\":\"https:\\\/\\\/kidsplay.lt\\\/#organization\",\"name\":\"KidsPlay\",\"url\":\"https:\\\/\\\/kidsplay.lt\\\/\",\"logo\":{\"@type\":\"ImageObject\",\"inLanguage\":\"lv-LV\",\"@id\":\"https:\\\/\\\/kidsplay.lt\\\/#\\\/schema\\\/logo\\\/image\\\/\",\"url\":\"https:\\\/\\\/kidsplay.lt\\\/wp-content\\\/uploads\\\/2023\\\/07\\\/kidsplay-logo.png\",\"contentUrl\":\"https:\\\/\\\/kidsplay.lt\\\/wp-content\\\/uploads\\\/2023\\\/07\\\/kidsplay-logo.png\",\"width\":451,\"height\":98,\"caption\":\"KidsPlay\"},\"image\":{\"@id\":\"https:\\\/\\\/kidsplay.lt\\\/#\\\/schema\\\/logo\\\/image\\\/\"},\"sameAs\":[\"https:\\\/\\\/www.facebook.com\\\/www.kidsplay.lt\"]}]}<\/script>\n<!-- \/ Yoast SEO plugin. -->","yoast_head_json":{"title":"WOOPIE &quot;Mazais frizieris&quot; komplekts - matu f\u0113ns, taisnot\u0101js un aksesu\u0101ri","description":"WOOPIE \u201eMa\u017eojo kirp\u0117jo\u201c rinkinys \u2013 plauk\u0173 d\u017eiovintuvas, tiesintuvas ir priedai - KidsPlay. Did\u017eiausias vaik\u0173 \u017eaisl\u0173 pasirinkimas.","robots":{"index":"index","follow":"follow","max-snippet":"max-snippet:-1","max-image-preview":"max-image-preview:large","max-video-preview":"max-video-preview:-1"},"canonical":"https:\/\/kidsplay.lt\/lv\/products\/woopie-mazojo-kirpejo-rinkinys-plauku-dziovintuvas-tiesintuvas-ir-priedai\/","og_locale":"lv_LV","og_type":"article","og_title":"WOOPIE \u201eMa\u017eojo kirp\u0117jo\u201c rinkinys \u2013 plauk\u0173 d\u017eiovintuvas, tiesintuvas ir priedai","og_description":"WOOPIE \u201eMa\u017eojo kirp\u0117jo\u201c rinkinys \u2013 plauk\u0173 d\u017eiovintuvas, tiesintuvas ir priedai - KidsPlay. Did\u017eiausias vaik\u0173 \u017eaisl\u0173 pasirinkimas.","og_url":"https:\/\/kidsplay.lt\/lv\/products\/woopie-mazojo-kirpejo-rinkinys-plauku-dziovintuvas-tiesintuvas-ir-priedai\/","og_site_name":"KidsPlay","article_publisher":"https:\/\/www.facebook.com\/www.kidsplay.lt","article_modified_time":"2026-04-13T10:55:54+00:00","og_image":[{"width":2560,"height":2560,"url":"https:\/\/kidsplay.lt\/wp-content\/uploads\/2026\/03\/WOOPIE-\u201eMazojo-kirpejo-rinkinys-\u2013-plauku-dziovintuvas-tiesintuvas-ir-priedai.jpg","type":"image\/jpeg"}],"twitter_card":"summary_large_image","twitter_misc":{"Est. reading time":"1 min\u016bte"},"schema":{"@context":"https:\/\/schema.org","@graph":[{"@type":"WebPage","@id":"https:\/\/kidsplay.lt\/produktas\/woopie-mazojo-kirpejo-rinkinys-plauku-dziovintuvas-tiesintuvas-ir-priedai\/","url":"https:\/\/kidsplay.lt\/produktas\/woopie-mazojo-kirpejo-rinkinys-plauku-dziovintuvas-tiesintuvas-ir-priedai\/","name":"WOOPIE &quot;Mazais frizieris&quot; komplekts - matu f\u0113ns, taisnot\u0101js un aksesu\u0101ri","isPartOf":{"@id":"https:\/\/kidsplay.lt\/#website"},"primaryImageOfPage":{"@id":"https:\/\/kidsplay.lt\/produktas\/woopie-mazojo-kirpejo-rinkinys-plauku-dziovintuvas-tiesintuvas-ir-priedai\/#primaryimage"},"image":{"@id":"https:\/\/kidsplay.lt\/produktas\/woopie-mazojo-kirpejo-rinkinys-plauku-dziovintuvas-tiesintuvas-ir-priedai\/#primaryimage"},"thumbnailUrl":"https:\/\/kidsplay.lt\/wp-content\/uploads\/2026\/03\/WOOPIE-\u201eMazojo-kirpejo-rinkinys-\u2013-plauku-dziovintuvas-tiesintuvas-ir-priedai.jpg","datePublished":"2026-03-23T05:47:23+00:00","dateModified":"2026-04-13T10:55:54+00:00","description":"WOOPIE \u201eMa\u017eojo kirp\u0117jo\u201c rinkinys \u2013 plauk\u0173 d\u017eiovintuvas, tiesintuvas ir priedai - KidsPlay. Did\u017eiausias vaik\u0173 \u017eaisl\u0173 pasirinkimas.","breadcrumb":{"@id":"https:\/\/kidsplay.lt\/produktas\/woopie-mazojo-kirpejo-rinkinys-plauku-dziovintuvas-tiesintuvas-ir-priedai\/#breadcrumb"},"inLanguage":"lv-LV","potentialAction":[{"@type":"ReadAction","target":["https:\/\/kidsplay.lt\/produktas\/woopie-mazojo-kirpejo-rinkinys-plauku-dziovintuvas-tiesintuvas-ir-priedai\/"]}]},{"@type":"ImageObject","inLanguage":"lv-LV","@id":"https:\/\/kidsplay.lt\/produktas\/woopie-mazojo-kirpejo-rinkinys-plauku-dziovintuvas-tiesintuvas-ir-priedai\/#primaryimage","url":"https:\/\/kidsplay.lt\/wp-content\/uploads\/2026\/03\/WOOPIE-\u201eMazojo-kirpejo-rinkinys-\u2013-plauku-dziovintuvas-tiesintuvas-ir-priedai.jpg","contentUrl":"https:\/\/kidsplay.lt\/wp-content\/uploads\/2026\/03\/WOOPIE-\u201eMazojo-kirpejo-rinkinys-\u2013-plauku-dziovintuvas-tiesintuvas-ir-priedai.jpg","width":2560,"height":2560,"caption":"WOOPIE \u201eMa\u017eojo kirp\u0117jo\u201c rinkinys \u2013 plauk\u0173 d\u017eiovintuvas"},{"@type":"BreadcrumbList","@id":"https:\/\/kidsplay.lt\/produktas\/woopie-mazojo-kirpejo-rinkinys-plauku-dziovintuvas-tiesintuvas-ir-priedai\/#breadcrumb","itemListElement":[{"@type":"ListItem","position":1,"name":"Pagrindinis","item":"https:\/\/kidsplay.lt\/"},{"@type":"ListItem","position":2,"name":"Parduotuv\u0117","item":"https:\/\/kidsplay.lt\/parduotuve\/"},{"@type":"ListItem","position":3,"name":"WOOPIE \u201eMa\u017eojo kirp\u0117jo\u201c rinkinys \u2013 plauk\u0173 d\u017eiovintuvas, tiesintuvas ir priedai"}]},{"@type":"WebSite","@id":"https:\/\/kidsplay.lt\/#website","url":"https:\/\/kidsplay.lt\/","name":"B\u0113rnu sp\u0113les.lv","description":"\u012evairios prek\u0117s vaikams","publisher":{"@id":"https:\/\/kidsplay.lt\/#organization"},"alternateName":"Kidsplay","potentialAction":[{"@type":"SearchAction","target":{"@type":"EntryPoint","urlTemplate":"https:\/\/kidsplay.lt\/?s={search_term_string}"},"query-input":{"@type":"PropertyValueSpecification","valueRequired":true,"valueName":"search_term_string"}}],"inLanguage":"lv-LV"},{"@type":"Organization","@id":"https:\/\/kidsplay.lt\/#organization","name":"B\u0113rnu sp\u0113le","url":"https:\/\/kidsplay.lt\/","logo":{"@type":"ImageObject","inLanguage":"lv-LV","@id":"https:\/\/kidsplay.lt\/#\/schema\/logo\/image\/","url":"https:\/\/kidsplay.lt\/wp-content\/uploads\/2023\/07\/kidsplay-logo.png","contentUrl":"https:\/\/kidsplay.lt\/wp-content\/uploads\/2023\/07\/kidsplay-logo.png","width":451,"height":98,"caption":"KidsPlay"},"image":{"@id":"https:\/\/kidsplay.lt\/#\/schema\/logo\/image\/"},"sameAs":["https:\/\/www.facebook.com\/www.kidsplay.lt"]}]}},"_links":{"self":[{"href":"https:\/\/kidsplay.lt\/lv\/wp-json\/wp\/v2\/product\/96197","targetHints":{"allow":["GET"]}}],"collection":[{"href":"https:\/\/kidsplay.lt\/lv\/wp-json\/wp\/v2\/product"}],"about":[{"href":"https:\/\/kidsplay.lt\/lv\/wp-json\/wp\/v2\/types\/product"}],"version-history":[{"count":1,"href":"https:\/\/kidsplay.lt\/lv\/wp-json\/wp\/v2\/product\/96197\/revisions"}],"predecessor-version":[{"id":96198,"href":"https:\/\/kidsplay.lt\/lv\/wp-json\/wp\/v2\/product\/96197\/revisions\/96198"}],"wp:featuredmedia":[{"embeddable":true,"href":"https:\/\/kidsplay.lt\/lv\/wp-json\/wp\/v2\/media\/96199"}],"wp:attachment":[{"href":"https:\/\/kidsplay.lt\/lv\/wp-json\/wp\/v2\/media?parent=96197"}],"wp:term":[{"taxonomy":"product_brand","embeddable":true,"href":"https:\/\/kidsplay.lt\/lv\/wp-json\/wp\/v2\/product_brand?post=96197"},{"taxonomy":"product_cat","embeddable":true,"href":"https:\/\/kidsplay.lt\/lv\/wp-json\/wp\/v2\/product_cat?post=96197"},{"taxonomy":"product_tag","embeddable":true,"href":"https:\/\/kidsplay.lt\/lv\/wp-json\/wp\/v2\/product_tag?post=96197"}],"curies":[{"name":"wp","href":"https:\/\/api.w.org\/{rel}","templated":true}]}}