{"id":96211,"date":"2026-03-23T07:48:00","date_gmt":"2026-03-23T05:48:00","guid":{"rendered":"https:\/\/kidsplay.lt\/produktas\/woopie-mazojo-sefo-rinkinys-indukciniai-puodai-keptuve-virdulys-zalias-30-vnt\/"},"modified":"2026-04-13T13:56:01","modified_gmt":"2026-04-13T10:56:01","slug":"woopie-mazojo-sefo-rinkinys-indukciniai-puodai-keptuve-virdulys-zalias-30-vnt","status":"publish","type":"product","link":"https:\/\/kidsplay.lt\/lv\/products\/woopie-mazojo-sefo-rinkinys-indukciniai-puodai-keptuve-virdulys-zalias-30-vnt\/","title":{"rendered":"WOOPIE &quot;Maz\u0101 \u0161efpav\u0101ra&quot; komplekts - indukcijas katli, cep\u0161anas panna, t\u0113jkanna, za\u013c\u0161, 30 gab."},"content":{"rendered":"<p>\u0160is i\u0161samus \u201eWoopie\u201c virtuv\u0117s \u017eaidim\u0173 rinkinys \u2013 puiki dovana kiekvienam ma\u017eajam \u0161efui! \u017daislas leid\u017eia vaikams imituoti suaugusiuosius ir \u017eaisti vaidmen\u0173 \u017eaidimus, lavinant k\u016brybi\u0161kum\u0105, vaizduot\u0119 ir rank\u0173 \u012fg\u016bd\u017eius. Rinkinyje yra viskas, ko reikia svajoni\u0173 patiekalams gaminti. Komplekte rasite net 30 dali\u0173, \u012fskaitant puodus, keptuv\u0119 su keptu kiau\u0161iniu, virdul\u012f ir net indukcin\u0119 kaitlent\u0119. Papildomi priedai, tokie kaip stalo \u012frankiai, dar\u017eov\u0117s ir prieskoniai, daro \u017eaidim\u0105 itin tikrovi\u0161k\u0105 ir \u012ftraukiant\u012f. Tai puikus b\u016bdas mokytis per \u017eaidim\u0105, lavinti socialinius \u012fg\u016bd\u017eius ir leisti laik\u0105 su t\u0117vais.<br \/>\nRaksturojums:<\/p>\n<p>\u017eaislas skirtas vaikams nuo 3 met\u0173,<\/p>\n<p>rinkin\u012f sudaro 30 dali\u0173,<\/p>\n<p>komplekte yra indukcin\u0117 kaitlent\u0117, puodai, stalo \u012frankiai ir priedai,<\/p>\n<p>tikrovi\u0161ki priedai: kiau\u0161inis, pomidoras, prieskoniai,<\/p>\n<p>puikiai tinka vaidmen\u0173 \u017eaidimams ir suaugusi\u0173j\u0173 imitavimui,<\/p>\n<p>pagaminta i\u0161 auk\u0161tos kokyb\u0117s ir saugaus plastiko.<\/p>\n<p>Rinkin\u012f sudaro:<\/p>\n<p>puodai su dang\u010diais,<\/p>\n<p>virdulys,<\/p>\n<p>keptuv\u0117 su keptu kiau\u0161iniu,<\/p>\n<p>indukcin\u0117 kaitlent\u0117,<\/p>\n<p>stalo \u012frankiai (lazdel\u0117s, \u0161akut\u0117s, \u0161auk\u0161tai, mentel\u0117s),<\/p>\n<p>druskos ir pipir\u0173 indeliai,<\/p>\n<p>dar\u017eov\u0117s (pomidoras, paprika),<\/p>\n<p>l\u0117k\u0161t\u0117s ir duben\u0117liai,<\/p>\n<p>prieskoni\u0173 buteliuk\u0173 lipduk\u0173 rinkinys.<\/p>\n<p>Rota\u013clietu lav\u012bna:<\/p>\n<p>k\u016brybi\u0161kum\u0105 ir vaizduot\u0119,<\/p>\n<p>rank\u0173 \u012fg\u016bd\u017eius ir koordinacij\u0105,<\/p>\n<p>socialinius \u012fg\u016bd\u017eius ir vaidmen\u0173 \u017eaidimus,<\/p>\n<p>geb\u0117jim\u0105 imituoti.<\/p>","protected":false},"excerpt":{"rendered":"<p>\u0160is i\u0161samus \u201eWoopie\u201c virtuv\u0117s \u017eaidim\u0173 rinkinys \u2013 puiki dovana kiekvienam ma\u017eajam \u0161efui! \u017daislas leid\u017eia vaikams imituoti suaugusiuosius ir \u017eaisti vaidmen\u0173<\/p>","protected":false},"featured_media":96213,"template":"","meta":{"_acf_changed":false,"_glsr_average":0,"_glsr_ranking":0,"_glsr_reviews":0},"product_brand":[],"product_cat":[399,282,229],"product_tag":[],"class_list":{"0":"post-96211","1":"product","2":"type-product","3":"status-publish","4":"has-post-thumbnail","6":"product_cat-vaidmenu-zaidimai-2","7":"product_cat-virtuves-reikmenys-vaidmenu-zaidimai","8":"product_cat-zaislai-vaikams","9":"\"style=\"background-color: #2ecc711c;\"","11":"first","12":"instock","13":"purchasable","14":"product-type-simple"},"acf":[],"yoast_head":"<!-- This site is optimized with the Yoast SEO plugin v27.3 - https:\/\/yoast.com\/product\/yoast-seo-wordpress\/ -->\n<title>WOOPIE \u201eMa\u017eojo \u0161efo\u201c rinkinys \u2013 indukciniai puodai, keptuv\u0117, virdulys, \u017ealias, 30 vnt.<\/title>\n<meta name=\"description\" content=\"WOOPIE \u201eMa\u017eojo \u0161efo\u201c rinkinys \u2013 indukciniai puodai, keptuv\u0117, virdulys, \u017ealias, 30 vnt. - KidsPlay. Did\u017eiausias vaik\u0173 \u017eaisl\u0173 pasirinkimas.\" \/>\n<meta name=\"robots\" content=\"index, follow, max-snippet:-1, max-image-preview:large, max-video-preview:-1\" \/>\n<link rel=\"canonical\" href=\"https:\/\/kidsplay.lt\/lv\/products\/woopie-mazojo-sefo-rinkinys-indukciniai-puodai-keptuve-virdulys-zalias-30-vnt\/\" \/>\n<meta property=\"og:locale\" content=\"lv_LV\" \/>\n<meta property=\"og:type\" content=\"article\" \/>\n<meta property=\"og:title\" content=\"WOOPIE \u201eMa\u017eojo \u0161efo\u201c rinkinys \u2013 indukciniai puodai, keptuv\u0117, virdulys, \u017ealias, 30 vnt.\" \/>\n<meta property=\"og:description\" content=\"WOOPIE \u201eMa\u017eojo \u0161efo\u201c rinkinys \u2013 indukciniai puodai, keptuv\u0117, virdulys, \u017ealias, 30 vnt. - KidsPlay. Did\u017eiausias vaik\u0173 \u017eaisl\u0173 pasirinkimas.\" \/>\n<meta property=\"og:url\" content=\"https:\/\/kidsplay.lt\/lv\/products\/woopie-mazojo-sefo-rinkinys-indukciniai-puodai-keptuve-virdulys-zalias-30-vnt\/\" \/>\n<meta property=\"og:site_name\" content=\"KidsPlay\" \/>\n<meta property=\"article:publisher\" content=\"https:\/\/www.facebook.com\/www.kidsplay.lt\" \/>\n<meta property=\"article:modified_time\" content=\"2026-04-13T10:56:01+00:00\" \/>\n<meta property=\"og:image\" content=\"https:\/\/kidsplay.lt\/wp-content\/uploads\/2026\/03\/WOOPIE-\u201eMazojo-sefo-rinkinys-\u2013-indukciniai-puodai-keptuve-virdulys-zalias-30-vnt.jpg\" \/>\n\t<meta property=\"og:image:width\" content=\"1000\" \/>\n\t<meta property=\"og:image:height\" content=\"1000\" \/>\n\t<meta property=\"og:image:type\" content=\"image\/jpeg\" \/>\n<meta name=\"twitter:card\" content=\"summary_large_image\" \/>\n<meta name=\"twitter:label1\" content=\"Est. reading time\" \/>\n\t<meta name=\"twitter:data1\" content=\"1 min\u016bte\" \/>\n<script type=\"application\/ld+json\" class=\"yoast-schema-graph\">{\"@context\":\"https:\\\/\\\/schema.org\",\"@graph\":[{\"@type\":\"WebPage\",\"@id\":\"https:\\\/\\\/kidsplay.lt\\\/produktas\\\/woopie-mazojo-sefo-rinkinys-indukciniai-puodai-keptuve-virdulys-zalias-30-vnt\\\/\",\"url\":\"https:\\\/\\\/kidsplay.lt\\\/produktas\\\/woopie-mazojo-sefo-rinkinys-indukciniai-puodai-keptuve-virdulys-zalias-30-vnt\\\/\",\"name\":\"WOOPIE \u201eMa\u017eojo \u0161efo\u201c rinkinys \u2013 indukciniai puodai, keptuv\u0117, virdulys, \u017ealias, 30 vnt.\",\"isPartOf\":{\"@id\":\"https:\\\/\\\/kidsplay.lt\\\/#website\"},\"primaryImageOfPage\":{\"@id\":\"https:\\\/\\\/kidsplay.lt\\\/produktas\\\/woopie-mazojo-sefo-rinkinys-indukciniai-puodai-keptuve-virdulys-zalias-30-vnt\\\/#primaryimage\"},\"image\":{\"@id\":\"https:\\\/\\\/kidsplay.lt\\\/produktas\\\/woopie-mazojo-sefo-rinkinys-indukciniai-puodai-keptuve-virdulys-zalias-30-vnt\\\/#primaryimage\"},\"thumbnailUrl\":\"https:\\\/\\\/kidsplay.lt\\\/wp-content\\\/uploads\\\/2026\\\/03\\\/WOOPIE-\u201eMazojo-sefo-rinkinys-\u2013-indukciniai-puodai-keptuve-virdulys-zalias-30-vnt.jpg\",\"datePublished\":\"2026-03-23T05:48:00+00:00\",\"dateModified\":\"2026-04-13T10:56:01+00:00\",\"description\":\"WOOPIE \u201eMa\u017eojo \u0161efo\u201c rinkinys \u2013 indukciniai puodai, keptuv\u0117, virdulys, \u017ealias, 30 vnt. - KidsPlay. Did\u017eiausias vaik\u0173 \u017eaisl\u0173 pasirinkimas.\",\"breadcrumb\":{\"@id\":\"https:\\\/\\\/kidsplay.lt\\\/produktas\\\/woopie-mazojo-sefo-rinkinys-indukciniai-puodai-keptuve-virdulys-zalias-30-vnt\\\/#breadcrumb\"},\"inLanguage\":\"lv-LV\",\"potentialAction\":[{\"@type\":\"ReadAction\",\"target\":[\"https:\\\/\\\/kidsplay.lt\\\/produktas\\\/woopie-mazojo-sefo-rinkinys-indukciniai-puodai-keptuve-virdulys-zalias-30-vnt\\\/\"]}]},{\"@type\":\"ImageObject\",\"inLanguage\":\"lv-LV\",\"@id\":\"https:\\\/\\\/kidsplay.lt\\\/produktas\\\/woopie-mazojo-sefo-rinkinys-indukciniai-puodai-keptuve-virdulys-zalias-30-vnt\\\/#primaryimage\",\"url\":\"https:\\\/\\\/kidsplay.lt\\\/wp-content\\\/uploads\\\/2026\\\/03\\\/WOOPIE-\u201eMazojo-sefo-rinkinys-\u2013-indukciniai-puodai-keptuve-virdulys-zalias-30-vnt.jpg\",\"contentUrl\":\"https:\\\/\\\/kidsplay.lt\\\/wp-content\\\/uploads\\\/2026\\\/03\\\/WOOPIE-\u201eMazojo-sefo-rinkinys-\u2013-indukciniai-puodai-keptuve-virdulys-zalias-30-vnt.jpg\",\"width\":1000,\"height\":1000,\"caption\":\"WOOPIE \u201eMa\u017eojo \u0161efo\u201c rinkinys \u2013 indukciniai puodai\"},{\"@type\":\"BreadcrumbList\",\"@id\":\"https:\\\/\\\/kidsplay.lt\\\/produktas\\\/woopie-mazojo-sefo-rinkinys-indukciniai-puodai-keptuve-virdulys-zalias-30-vnt\\\/#breadcrumb\",\"itemListElement\":[{\"@type\":\"ListItem\",\"position\":1,\"name\":\"Pagrindinis\",\"item\":\"https:\\\/\\\/kidsplay.lt\\\/\"},{\"@type\":\"ListItem\",\"position\":2,\"name\":\"Parduotuv\u0117\",\"item\":\"https:\\\/\\\/kidsplay.lt\\\/parduotuve\\\/\"},{\"@type\":\"ListItem\",\"position\":3,\"name\":\"WOOPIE \u201eMa\u017eojo \u0161efo\u201c rinkinys \u2013 indukciniai puodai, keptuv\u0117, virdulys, \u017ealias, 30 vnt.\"}]},{\"@type\":\"WebSite\",\"@id\":\"https:\\\/\\\/kidsplay.lt\\\/#website\",\"url\":\"https:\\\/\\\/kidsplay.lt\\\/\",\"name\":\"Kidsplay.lt\",\"description\":\"\u012evairios prek\u0117s vaikams\",\"publisher\":{\"@id\":\"https:\\\/\\\/kidsplay.lt\\\/#organization\"},\"alternateName\":\"Kidsplay\",\"potentialAction\":[{\"@type\":\"SearchAction\",\"target\":{\"@type\":\"EntryPoint\",\"urlTemplate\":\"https:\\\/\\\/kidsplay.lt\\\/?s={search_term_string}\"},\"query-input\":{\"@type\":\"PropertyValueSpecification\",\"valueRequired\":true,\"valueName\":\"search_term_string\"}}],\"inLanguage\":\"lv-LV\"},{\"@type\":\"Organization\",\"@id\":\"https:\\\/\\\/kidsplay.lt\\\/#organization\",\"name\":\"KidsPlay\",\"url\":\"https:\\\/\\\/kidsplay.lt\\\/\",\"logo\":{\"@type\":\"ImageObject\",\"inLanguage\":\"lv-LV\",\"@id\":\"https:\\\/\\\/kidsplay.lt\\\/#\\\/schema\\\/logo\\\/image\\\/\",\"url\":\"https:\\\/\\\/kidsplay.lt\\\/wp-content\\\/uploads\\\/2023\\\/07\\\/kidsplay-logo.png\",\"contentUrl\":\"https:\\\/\\\/kidsplay.lt\\\/wp-content\\\/uploads\\\/2023\\\/07\\\/kidsplay-logo.png\",\"width\":451,\"height\":98,\"caption\":\"KidsPlay\"},\"image\":{\"@id\":\"https:\\\/\\\/kidsplay.lt\\\/#\\\/schema\\\/logo\\\/image\\\/\"},\"sameAs\":[\"https:\\\/\\\/www.facebook.com\\\/www.kidsplay.lt\"]}]}<\/script>\n<!-- \/ Yoast SEO plugin. -->","yoast_head_json":{"title":"WOOPIE &quot;Maz\u0101 \u0161efpav\u0101ra&quot; komplekts - indukcijas katli, cep\u0161anas panna, t\u0113jkanna, za\u013c\u0161, 30 gab.","description":"WOOPIE \u201eMa\u017eojo \u0161efo\u201c rinkinys \u2013 indukciniai puodai, keptuv\u0117, virdulys, \u017ealias, 30 vnt. - KidsPlay. Did\u017eiausias vaik\u0173 \u017eaisl\u0173 pasirinkimas.","robots":{"index":"index","follow":"follow","max-snippet":"max-snippet:-1","max-image-preview":"max-image-preview:large","max-video-preview":"max-video-preview:-1"},"canonical":"https:\/\/kidsplay.lt\/lv\/products\/woopie-mazojo-sefo-rinkinys-indukciniai-puodai-keptuve-virdulys-zalias-30-vnt\/","og_locale":"lv_LV","og_type":"article","og_title":"WOOPIE \u201eMa\u017eojo \u0161efo\u201c rinkinys \u2013 indukciniai puodai, keptuv\u0117, virdulys, \u017ealias, 30 vnt.","og_description":"WOOPIE \u201eMa\u017eojo \u0161efo\u201c rinkinys \u2013 indukciniai puodai, keptuv\u0117, virdulys, \u017ealias, 30 vnt. - KidsPlay. Did\u017eiausias vaik\u0173 \u017eaisl\u0173 pasirinkimas.","og_url":"https:\/\/kidsplay.lt\/lv\/products\/woopie-mazojo-sefo-rinkinys-indukciniai-puodai-keptuve-virdulys-zalias-30-vnt\/","og_site_name":"KidsPlay","article_publisher":"https:\/\/www.facebook.com\/www.kidsplay.lt","article_modified_time":"2026-04-13T10:56:01+00:00","og_image":[{"width":1000,"height":1000,"url":"https:\/\/kidsplay.lt\/wp-content\/uploads\/2026\/03\/WOOPIE-\u201eMazojo-sefo-rinkinys-\u2013-indukciniai-puodai-keptuve-virdulys-zalias-30-vnt.jpg","type":"image\/jpeg"}],"twitter_card":"summary_large_image","twitter_misc":{"Est. reading time":"1 min\u016bte"},"schema":{"@context":"https:\/\/schema.org","@graph":[{"@type":"WebPage","@id":"https:\/\/kidsplay.lt\/produktas\/woopie-mazojo-sefo-rinkinys-indukciniai-puodai-keptuve-virdulys-zalias-30-vnt\/","url":"https:\/\/kidsplay.lt\/produktas\/woopie-mazojo-sefo-rinkinys-indukciniai-puodai-keptuve-virdulys-zalias-30-vnt\/","name":"WOOPIE &quot;Maz\u0101 \u0161efpav\u0101ra&quot; komplekts - indukcijas katli, cep\u0161anas panna, t\u0113jkanna, za\u013c\u0161, 30 gab.","isPartOf":{"@id":"https:\/\/kidsplay.lt\/#website"},"primaryImageOfPage":{"@id":"https:\/\/kidsplay.lt\/produktas\/woopie-mazojo-sefo-rinkinys-indukciniai-puodai-keptuve-virdulys-zalias-30-vnt\/#primaryimage"},"image":{"@id":"https:\/\/kidsplay.lt\/produktas\/woopie-mazojo-sefo-rinkinys-indukciniai-puodai-keptuve-virdulys-zalias-30-vnt\/#primaryimage"},"thumbnailUrl":"https:\/\/kidsplay.lt\/wp-content\/uploads\/2026\/03\/WOOPIE-\u201eMazojo-sefo-rinkinys-\u2013-indukciniai-puodai-keptuve-virdulys-zalias-30-vnt.jpg","datePublished":"2026-03-23T05:48:00+00:00","dateModified":"2026-04-13T10:56:01+00:00","description":"WOOPIE \u201eMa\u017eojo \u0161efo\u201c rinkinys \u2013 indukciniai puodai, keptuv\u0117, virdulys, \u017ealias, 30 vnt. - KidsPlay. Did\u017eiausias vaik\u0173 \u017eaisl\u0173 pasirinkimas.","breadcrumb":{"@id":"https:\/\/kidsplay.lt\/produktas\/woopie-mazojo-sefo-rinkinys-indukciniai-puodai-keptuve-virdulys-zalias-30-vnt\/#breadcrumb"},"inLanguage":"lv-LV","potentialAction":[{"@type":"ReadAction","target":["https:\/\/kidsplay.lt\/produktas\/woopie-mazojo-sefo-rinkinys-indukciniai-puodai-keptuve-virdulys-zalias-30-vnt\/"]}]},{"@type":"ImageObject","inLanguage":"lv-LV","@id":"https:\/\/kidsplay.lt\/produktas\/woopie-mazojo-sefo-rinkinys-indukciniai-puodai-keptuve-virdulys-zalias-30-vnt\/#primaryimage","url":"https:\/\/kidsplay.lt\/wp-content\/uploads\/2026\/03\/WOOPIE-\u201eMazojo-sefo-rinkinys-\u2013-indukciniai-puodai-keptuve-virdulys-zalias-30-vnt.jpg","contentUrl":"https:\/\/kidsplay.lt\/wp-content\/uploads\/2026\/03\/WOOPIE-\u201eMazojo-sefo-rinkinys-\u2013-indukciniai-puodai-keptuve-virdulys-zalias-30-vnt.jpg","width":1000,"height":1000,"caption":"WOOPIE \u201eMa\u017eojo \u0161efo\u201c rinkinys \u2013 indukciniai puodai"},{"@type":"BreadcrumbList","@id":"https:\/\/kidsplay.lt\/produktas\/woopie-mazojo-sefo-rinkinys-indukciniai-puodai-keptuve-virdulys-zalias-30-vnt\/#breadcrumb","itemListElement":[{"@type":"ListItem","position":1,"name":"Pagrindinis","item":"https:\/\/kidsplay.lt\/"},{"@type":"ListItem","position":2,"name":"Parduotuv\u0117","item":"https:\/\/kidsplay.lt\/parduotuve\/"},{"@type":"ListItem","position":3,"name":"WOOPIE \u201eMa\u017eojo \u0161efo\u201c rinkinys \u2013 indukciniai puodai, keptuv\u0117, virdulys, \u017ealias, 30 vnt."}]},{"@type":"WebSite","@id":"https:\/\/kidsplay.lt\/#website","url":"https:\/\/kidsplay.lt\/","name":"B\u0113rnu sp\u0113les.lv","description":"\u012evairios prek\u0117s vaikams","publisher":{"@id":"https:\/\/kidsplay.lt\/#organization"},"alternateName":"Kidsplay","potentialAction":[{"@type":"SearchAction","target":{"@type":"EntryPoint","urlTemplate":"https:\/\/kidsplay.lt\/?s={search_term_string}"},"query-input":{"@type":"PropertyValueSpecification","valueRequired":true,"valueName":"search_term_string"}}],"inLanguage":"lv-LV"},{"@type":"Organization","@id":"https:\/\/kidsplay.lt\/#organization","name":"B\u0113rnu sp\u0113le","url":"https:\/\/kidsplay.lt\/","logo":{"@type":"ImageObject","inLanguage":"lv-LV","@id":"https:\/\/kidsplay.lt\/#\/schema\/logo\/image\/","url":"https:\/\/kidsplay.lt\/wp-content\/uploads\/2023\/07\/kidsplay-logo.png","contentUrl":"https:\/\/kidsplay.lt\/wp-content\/uploads\/2023\/07\/kidsplay-logo.png","width":451,"height":98,"caption":"KidsPlay"},"image":{"@id":"https:\/\/kidsplay.lt\/#\/schema\/logo\/image\/"},"sameAs":["https:\/\/www.facebook.com\/www.kidsplay.lt"]}]}},"_links":{"self":[{"href":"https:\/\/kidsplay.lt\/lv\/wp-json\/wp\/v2\/product\/96211","targetHints":{"allow":["GET"]}}],"collection":[{"href":"https:\/\/kidsplay.lt\/lv\/wp-json\/wp\/v2\/product"}],"about":[{"href":"https:\/\/kidsplay.lt\/lv\/wp-json\/wp\/v2\/types\/product"}],"version-history":[{"count":1,"href":"https:\/\/kidsplay.lt\/lv\/wp-json\/wp\/v2\/product\/96211\/revisions"}],"predecessor-version":[{"id":96212,"href":"https:\/\/kidsplay.lt\/lv\/wp-json\/wp\/v2\/product\/96211\/revisions\/96212"}],"wp:featuredmedia":[{"embeddable":true,"href":"https:\/\/kidsplay.lt\/lv\/wp-json\/wp\/v2\/media\/96213"}],"wp:attachment":[{"href":"https:\/\/kidsplay.lt\/lv\/wp-json\/wp\/v2\/media?parent=96211"}],"wp:term":[{"taxonomy":"product_brand","embeddable":true,"href":"https:\/\/kidsplay.lt\/lv\/wp-json\/wp\/v2\/product_brand?post=96211"},{"taxonomy":"product_cat","embeddable":true,"href":"https:\/\/kidsplay.lt\/lv\/wp-json\/wp\/v2\/product_cat?post=96211"},{"taxonomy":"product_tag","embeddable":true,"href":"https:\/\/kidsplay.lt\/lv\/wp-json\/wp\/v2\/product_tag?post=96211"}],"curies":[{"name":"wp","href":"https:\/\/api.w.org\/{rel}","templated":true}]}}