{"id":96237,"date":"2026-03-23T20:44:07","date_gmt":"2026-03-23T18:44:07","guid":{"rendered":"https:\/\/kidsplay.lt\/?post_type=product&#038;p=96237"},"modified":"2026-03-24T10:38:01","modified_gmt":"2026-03-24T08:38:01","slug":"disney-spider-man-12-vaikiskas-dviratis","status":"publish","type":"product","link":"https:\/\/kidsplay.lt\/lv\/products\/disney-spider-man-12-vaikiskas-dviratis\/","title":{"rendered":"Disney SPIDER MAN 12&#8243; vaiki\u0161kas dviratis"},"content":{"rendered":"<div class=\"mpof_ki myre_zn myre_8v_l m389_6m_l\">\n<div class=\"mp4t_16_s mryx_16_s mr3m_1 mli2_1 mh85_56 mh85_0_l\"><\/div>\n<div class=\"mp4t_16_s mryx_16_s mr3m_1 mli2_1 mh85_56 mh85_0_l\"><\/div>\n<\/div>\n<div class=\"mpof_ki myre_zn myre_8v_l m389_6m_l\">\n<div class=\"mp4t_16_s mryx_16_s mr3m_1 mli2_1 mh85_56 mh85_0_l\">\n<div class=\"mgn2_16 _0d3bd_am0a-\">\n<ol>\n<li>\u00a0Reguliuojama s\u0117dyn\u0117: Taip<\/li>\n<li>Rankinis stabdys:\u00a0Taip<\/li>\n<li>Stabd\u017ei\u0173 tipas:\u00a0stabd\u017ei\u0173 priekinis ir galinis apkaba<\/li>\n<li>Rekomenduojamas am\u017eius (min.):\u00a03 metai<\/li>\n<li>Rat\u0173 skai\u010dius:\u00a04 vnt.<\/li>\n<li>Stilius:\u00a0Sporti\u0161kas<\/li>\n<li>&#8211; Neslidi rankena:\u00a0Taip<\/li>\n<li>Vandens butelis su rankena:\u00a0Ne<\/li>\n<li>Med\u017eiagos:\u00a0plastikas, plienas<\/li>\n<li>Atsidavusi lytis:\u00a0berniukas<\/li>\n<li>I\u0161 anksto surinktas gaminys:\u00a0Taip<\/li>\n<li>Tinkamas naudojimas:\u00a0asfaltas<\/li>\n<li>Rato tipas:\u00a0pripu\u010diamas<\/li>\n<li>&#8211; \u0160oniniai ratai:\u00a0Taip<\/li>\n<li>Sparnai:\u00a0priekiniai ir galiniai<\/li>\n<li>Rato dydis:\u00a030,5 cm (12&#8243;)<\/li>\n<li>Dvira\u010dio skambutis:\u00a0Ne<\/li>\n<li>&#8211; Komplekte yra grandin\u0117s apsauga:\u00a0Taip<\/li>\n<li>\u012esp\u0117jimai:\u00a0Naudokite tik pri\u017ei\u016brint suaugusiems., Visada d\u0117v\u0117kite apsaugin\u012f \u0161alm\u0105., Netinka vaikams iki 3 met\u0173 d\u0117l ma\u017e\u0173 dali\u0173.<\/li>\n<li>Produkto spalva:\u00a0raudona, m\u0117lyna<\/li>\n<li>Tikslin\u0117 grup\u0117:\u00a0Vaikas<\/li>\n<li>Baga\u017eo lentyna:\u00a0Ne<\/li>\n<\/ol>\n<\/div>\n<\/div>\n<\/div>","protected":false},"excerpt":{"rendered":"<p>Disney SPIDER MAN 12&#8243; vaiki\u0161kas dviratis<\/p>","protected":false},"featured_media":96238,"template":"","meta":{"_acf_changed":false,"_glsr_average":0,"_glsr_ranking":0,"_glsr_reviews":0},"product_brand":[],"product_cat":[245,237],"product_tag":[],"class_list":{"0":"post-96237","1":"product","2":"type-product","3":"status-publish","4":"has-post-thumbnail","6":"product_cat-dviratukai","7":"product_cat-judejimo-priemones","8":"\"style=\"background-color: #2ecc711c;\"","10":"first","11":"instock","12":"shipping-taxable","13":"purchasable","14":"product-type-simple"},"acf":[],"yoast_head":"<!-- This site is optimized with the Yoast SEO plugin v27.3 - https:\/\/yoast.com\/product\/yoast-seo-wordpress\/ -->\n<title>Disney SPIDER MAN 12&quot; vaiki\u0161kas dviratis - KidsPlay<\/title>\n<meta name=\"description\" content=\"Disney SPIDER MAN 12&quot; vaiki\u0161kas dviratis - KidsPlay. Did\u017eiausias vaik\u0173 \u017eaisl\u0173 pasirinkimas.\" \/>\n<meta name=\"robots\" content=\"index, follow, max-snippet:-1, max-image-preview:large, max-video-preview:-1\" \/>\n<link rel=\"canonical\" href=\"https:\/\/kidsplay.lt\/lv\/products\/disney-spider-man-12-vaikiskas-dviratis\/\" \/>\n<meta property=\"og:locale\" content=\"lv_LV\" \/>\n<meta property=\"og:type\" content=\"article\" \/>\n<meta property=\"og:title\" content=\"Disney SPIDER MAN 12&quot; vaiki\u0161kas dviratis - KidsPlay\" \/>\n<meta property=\"og:description\" content=\"Disney SPIDER MAN 12&quot; vaiki\u0161kas dviratis - KidsPlay. Did\u017eiausias vaik\u0173 \u017eaisl\u0173 pasirinkimas.\" \/>\n<meta property=\"og:url\" content=\"https:\/\/kidsplay.lt\/lv\/products\/disney-spider-man-12-vaikiskas-dviratis\/\" \/>\n<meta property=\"og:site_name\" content=\"KidsPlay\" \/>\n<meta property=\"article:publisher\" content=\"https:\/\/www.facebook.com\/www.kidsplay.lt\" \/>\n<meta property=\"article:modified_time\" content=\"2026-03-24T08:38:01+00:00\" \/>\n<meta property=\"og:image\" content=\"https:\/\/kidsplay.lt\/wp-content\/uploads\/2026\/03\/Screenshot-2026-03-23-204122.png\" \/>\n\t<meta property=\"og:image:width\" content=\"795\" \/>\n\t<meta property=\"og:image:height\" content=\"800\" \/>\n\t<meta property=\"og:image:type\" content=\"image\/png\" \/>\n<meta name=\"twitter:card\" content=\"summary_large_image\" \/>\n<meta name=\"twitter:label1\" content=\"Est. reading time\" \/>\n\t<meta name=\"twitter:data1\" content=\"1 min\u016bte\" \/>\n<script type=\"application\/ld+json\" class=\"yoast-schema-graph\">{\"@context\":\"https:\\\/\\\/schema.org\",\"@graph\":[{\"@type\":\"WebPage\",\"@id\":\"https:\\\/\\\/kidsplay.lt\\\/produktas\\\/disney-spider-man-12-vaikiskas-dviratis\\\/\",\"url\":\"https:\\\/\\\/kidsplay.lt\\\/produktas\\\/disney-spider-man-12-vaikiskas-dviratis\\\/\",\"name\":\"Disney SPIDER MAN 12\\\" vaiki\u0161kas dviratis - KidsPlay\",\"isPartOf\":{\"@id\":\"https:\\\/\\\/kidsplay.lt\\\/#website\"},\"primaryImageOfPage\":{\"@id\":\"https:\\\/\\\/kidsplay.lt\\\/produktas\\\/disney-spider-man-12-vaikiskas-dviratis\\\/#primaryimage\"},\"image\":{\"@id\":\"https:\\\/\\\/kidsplay.lt\\\/produktas\\\/disney-spider-man-12-vaikiskas-dviratis\\\/#primaryimage\"},\"thumbnailUrl\":\"https:\\\/\\\/kidsplay.lt\\\/wp-content\\\/uploads\\\/2026\\\/03\\\/Screenshot-2026-03-23-204122.png\",\"datePublished\":\"2026-03-23T18:44:07+00:00\",\"dateModified\":\"2026-03-24T08:38:01+00:00\",\"description\":\"Disney SPIDER MAN 12\\\" vaiki\u0161kas dviratis - KidsPlay. Did\u017eiausias vaik\u0173 \u017eaisl\u0173 pasirinkimas.\",\"breadcrumb\":{\"@id\":\"https:\\\/\\\/kidsplay.lt\\\/produktas\\\/disney-spider-man-12-vaikiskas-dviratis\\\/#breadcrumb\"},\"inLanguage\":\"lv-LV\",\"potentialAction\":[{\"@type\":\"ReadAction\",\"target\":[\"https:\\\/\\\/kidsplay.lt\\\/produktas\\\/disney-spider-man-12-vaikiskas-dviratis\\\/\"]}]},{\"@type\":\"ImageObject\",\"inLanguage\":\"lv-LV\",\"@id\":\"https:\\\/\\\/kidsplay.lt\\\/produktas\\\/disney-spider-man-12-vaikiskas-dviratis\\\/#primaryimage\",\"url\":\"https:\\\/\\\/kidsplay.lt\\\/wp-content\\\/uploads\\\/2026\\\/03\\\/Screenshot-2026-03-23-204122.png\",\"contentUrl\":\"https:\\\/\\\/kidsplay.lt\\\/wp-content\\\/uploads\\\/2026\\\/03\\\/Screenshot-2026-03-23-204122.png\",\"width\":795,\"height\":800},{\"@type\":\"BreadcrumbList\",\"@id\":\"https:\\\/\\\/kidsplay.lt\\\/produktas\\\/disney-spider-man-12-vaikiskas-dviratis\\\/#breadcrumb\",\"itemListElement\":[{\"@type\":\"ListItem\",\"position\":1,\"name\":\"Pagrindinis\",\"item\":\"https:\\\/\\\/kidsplay.lt\\\/\"},{\"@type\":\"ListItem\",\"position\":2,\"name\":\"Parduotuv\u0117\",\"item\":\"https:\\\/\\\/kidsplay.lt\\\/parduotuve\\\/\"},{\"@type\":\"ListItem\",\"position\":3,\"name\":\"Disney SPIDER MAN 12&#8243; vaiki\u0161kas dviratis\"}]},{\"@type\":\"WebSite\",\"@id\":\"https:\\\/\\\/kidsplay.lt\\\/#website\",\"url\":\"https:\\\/\\\/kidsplay.lt\\\/\",\"name\":\"Kidsplay.lt\",\"description\":\"\u012evairios prek\u0117s vaikams\",\"publisher\":{\"@id\":\"https:\\\/\\\/kidsplay.lt\\\/#organization\"},\"alternateName\":\"Kidsplay\",\"potentialAction\":[{\"@type\":\"SearchAction\",\"target\":{\"@type\":\"EntryPoint\",\"urlTemplate\":\"https:\\\/\\\/kidsplay.lt\\\/?s={search_term_string}\"},\"query-input\":{\"@type\":\"PropertyValueSpecification\",\"valueRequired\":true,\"valueName\":\"search_term_string\"}}],\"inLanguage\":\"lv-LV\"},{\"@type\":\"Organization\",\"@id\":\"https:\\\/\\\/kidsplay.lt\\\/#organization\",\"name\":\"KidsPlay\",\"url\":\"https:\\\/\\\/kidsplay.lt\\\/\",\"logo\":{\"@type\":\"ImageObject\",\"inLanguage\":\"lv-LV\",\"@id\":\"https:\\\/\\\/kidsplay.lt\\\/#\\\/schema\\\/logo\\\/image\\\/\",\"url\":\"https:\\\/\\\/kidsplay.lt\\\/wp-content\\\/uploads\\\/2023\\\/07\\\/kidsplay-logo.png\",\"contentUrl\":\"https:\\\/\\\/kidsplay.lt\\\/wp-content\\\/uploads\\\/2023\\\/07\\\/kidsplay-logo.png\",\"width\":451,\"height\":98,\"caption\":\"KidsPlay\"},\"image\":{\"@id\":\"https:\\\/\\\/kidsplay.lt\\\/#\\\/schema\\\/logo\\\/image\\\/\"},\"sameAs\":[\"https:\\\/\\\/www.facebook.com\\\/www.kidsplay.lt\"]}]}<\/script>\n<!-- \/ Yoast SEO plugin. -->","yoast_head_json":{"title":"Disney SPIDER MAN 12\" vaiki\u0161kas dviratis - KidsPlay","description":"Disney SPIDER MAN 12\" vaiki\u0161kas dviratis - KidsPlay. Did\u017eiausias vaik\u0173 \u017eaisl\u0173 pasirinkimas.","robots":{"index":"index","follow":"follow","max-snippet":"max-snippet:-1","max-image-preview":"max-image-preview:large","max-video-preview":"max-video-preview:-1"},"canonical":"https:\/\/kidsplay.lt\/lv\/products\/disney-spider-man-12-vaikiskas-dviratis\/","og_locale":"lv_LV","og_type":"article","og_title":"Disney SPIDER MAN 12\" vaiki\u0161kas dviratis - KidsPlay","og_description":"Disney SPIDER MAN 12\" vaiki\u0161kas dviratis - KidsPlay. Did\u017eiausias vaik\u0173 \u017eaisl\u0173 pasirinkimas.","og_url":"https:\/\/kidsplay.lt\/lv\/products\/disney-spider-man-12-vaikiskas-dviratis\/","og_site_name":"KidsPlay","article_publisher":"https:\/\/www.facebook.com\/www.kidsplay.lt","article_modified_time":"2026-03-24T08:38:01+00:00","og_image":[{"width":795,"height":800,"url":"https:\/\/kidsplay.lt\/wp-content\/uploads\/2026\/03\/Screenshot-2026-03-23-204122.png","type":"image\/png"}],"twitter_card":"summary_large_image","twitter_misc":{"Est. reading time":"1 min\u016bte"},"schema":{"@context":"https:\/\/schema.org","@graph":[{"@type":"WebPage","@id":"https:\/\/kidsplay.lt\/produktas\/disney-spider-man-12-vaikiskas-dviratis\/","url":"https:\/\/kidsplay.lt\/produktas\/disney-spider-man-12-vaikiskas-dviratis\/","name":"Disney SPIDER MAN 12\" vaiki\u0161kas dviratis - KidsPlay","isPartOf":{"@id":"https:\/\/kidsplay.lt\/#website"},"primaryImageOfPage":{"@id":"https:\/\/kidsplay.lt\/produktas\/disney-spider-man-12-vaikiskas-dviratis\/#primaryimage"},"image":{"@id":"https:\/\/kidsplay.lt\/produktas\/disney-spider-man-12-vaikiskas-dviratis\/#primaryimage"},"thumbnailUrl":"https:\/\/kidsplay.lt\/wp-content\/uploads\/2026\/03\/Screenshot-2026-03-23-204122.png","datePublished":"2026-03-23T18:44:07+00:00","dateModified":"2026-03-24T08:38:01+00:00","description":"Disney SPIDER MAN 12\" vaiki\u0161kas dviratis - KidsPlay. Did\u017eiausias vaik\u0173 \u017eaisl\u0173 pasirinkimas.","breadcrumb":{"@id":"https:\/\/kidsplay.lt\/produktas\/disney-spider-man-12-vaikiskas-dviratis\/#breadcrumb"},"inLanguage":"lv-LV","potentialAction":[{"@type":"ReadAction","target":["https:\/\/kidsplay.lt\/produktas\/disney-spider-man-12-vaikiskas-dviratis\/"]}]},{"@type":"ImageObject","inLanguage":"lv-LV","@id":"https:\/\/kidsplay.lt\/produktas\/disney-spider-man-12-vaikiskas-dviratis\/#primaryimage","url":"https:\/\/kidsplay.lt\/wp-content\/uploads\/2026\/03\/Screenshot-2026-03-23-204122.png","contentUrl":"https:\/\/kidsplay.lt\/wp-content\/uploads\/2026\/03\/Screenshot-2026-03-23-204122.png","width":795,"height":800},{"@type":"BreadcrumbList","@id":"https:\/\/kidsplay.lt\/produktas\/disney-spider-man-12-vaikiskas-dviratis\/#breadcrumb","itemListElement":[{"@type":"ListItem","position":1,"name":"Pagrindinis","item":"https:\/\/kidsplay.lt\/"},{"@type":"ListItem","position":2,"name":"Parduotuv\u0117","item":"https:\/\/kidsplay.lt\/parduotuve\/"},{"@type":"ListItem","position":3,"name":"Disney SPIDER MAN 12&#8243; vaiki\u0161kas dviratis"}]},{"@type":"WebSite","@id":"https:\/\/kidsplay.lt\/#website","url":"https:\/\/kidsplay.lt\/","name":"B\u0113rnu sp\u0113les.lv","description":"\u012evairios prek\u0117s vaikams","publisher":{"@id":"https:\/\/kidsplay.lt\/#organization"},"alternateName":"Kidsplay","potentialAction":[{"@type":"SearchAction","target":{"@type":"EntryPoint","urlTemplate":"https:\/\/kidsplay.lt\/?s={search_term_string}"},"query-input":{"@type":"PropertyValueSpecification","valueRequired":true,"valueName":"search_term_string"}}],"inLanguage":"lv-LV"},{"@type":"Organization","@id":"https:\/\/kidsplay.lt\/#organization","name":"B\u0113rnu sp\u0113le","url":"https:\/\/kidsplay.lt\/","logo":{"@type":"ImageObject","inLanguage":"lv-LV","@id":"https:\/\/kidsplay.lt\/#\/schema\/logo\/image\/","url":"https:\/\/kidsplay.lt\/wp-content\/uploads\/2023\/07\/kidsplay-logo.png","contentUrl":"https:\/\/kidsplay.lt\/wp-content\/uploads\/2023\/07\/kidsplay-logo.png","width":451,"height":98,"caption":"KidsPlay"},"image":{"@id":"https:\/\/kidsplay.lt\/#\/schema\/logo\/image\/"},"sameAs":["https:\/\/www.facebook.com\/www.kidsplay.lt"]}]}},"_links":{"self":[{"href":"https:\/\/kidsplay.lt\/lv\/wp-json\/wp\/v2\/product\/96237","targetHints":{"allow":["GET"]}}],"collection":[{"href":"https:\/\/kidsplay.lt\/lv\/wp-json\/wp\/v2\/product"}],"about":[{"href":"https:\/\/kidsplay.lt\/lv\/wp-json\/wp\/v2\/types\/product"}],"version-history":[{"count":2,"href":"https:\/\/kidsplay.lt\/lv\/wp-json\/wp\/v2\/product\/96237\/revisions"}],"predecessor-version":[{"id":96287,"href":"https:\/\/kidsplay.lt\/lv\/wp-json\/wp\/v2\/product\/96237\/revisions\/96287"}],"wp:featuredmedia":[{"embeddable":true,"href":"https:\/\/kidsplay.lt\/lv\/wp-json\/wp\/v2\/media\/96238"}],"wp:attachment":[{"href":"https:\/\/kidsplay.lt\/lv\/wp-json\/wp\/v2\/media?parent=96237"}],"wp:term":[{"taxonomy":"product_brand","embeddable":true,"href":"https:\/\/kidsplay.lt\/lv\/wp-json\/wp\/v2\/product_brand?post=96237"},{"taxonomy":"product_cat","embeddable":true,"href":"https:\/\/kidsplay.lt\/lv\/wp-json\/wp\/v2\/product_cat?post=96237"},{"taxonomy":"product_tag","embeddable":true,"href":"https:\/\/kidsplay.lt\/lv\/wp-json\/wp\/v2\/product_tag?post=96237"}],"curies":[{"name":"wp","href":"https:\/\/api.w.org\/{rel}","templated":true}]}}