{"id":96243,"date":"2026-03-23T20:50:45","date_gmt":"2026-03-23T18:50:45","guid":{"rendered":"https:\/\/kidsplay.lt\/?post_type=product&#038;p=96243"},"modified":"2026-03-23T20:50:45","modified_gmt":"2026-03-23T18:50:45","slug":"shimano-dviratis-baltojo-aukso","status":"publish","type":"product","link":"https:\/\/kidsplay.lt\/lv\/products\/shimano-dviratis-baltojo-aukso\/","title":{"rendered":"SHIMANO velosip\u0113ds BALTAIS ZELTS"},"content":{"rendered":"<div class=\"mpof_ki myre_zn myre_8v_l m389_6m_l\">\n<div class=\"mp4t_16_s mryx_16_s mr3m_1 mli2_1 mh85_56 mh85_0_l\">\n<div class=\"mgn2_16 _0d3bd_am0a-\">\n<p>Mergin\u0173 dviratis 20 coli\u0173 su Shimano Tourney 6 grei\u010di\u0173 kasete ir Revoshift Heart dvira\u010dio perjungikliu Gold White<\/p>\n<p>Produkto savyb\u0117s:<\/p>\n<p>\u2714\ufe0f Am\u017eius:\u00a06-10 met\u0173<\/p>\n<p>\u2714\ufe0f Rato dydis:\u00a020 coli\u0173<\/p>\n<p>\u2714\ufe0f S\u0117dyn\u0117s auk\u0161tis:\u00a061-68 cm<\/p>\n<p>\u2714\ufe0f vairo auk\u0161tis:\u00a083-88 cm<\/p>\n<p>\u2714\ufe0f s\u0117dyn\u0117s ilgis:\u00a023 cm<\/p>\n<p>\u2714\ufe0f 6 grei\u010diai, rotacinis perjungiklis<\/p>\n<p>\u2714\ufe0f r\u0117mas:\u00a0plienas, lakuotas<\/p>\n<p>\u2714\ufe0f 20 coli\u0173 lengvojo lydinio ratlankiai<\/p>\n<p>\u2714\ufe0f V formos stabd\u017eiai\u00a0priekinis ir galinis ratas<\/p>\n<p>\u2714\ufe0f\u00a0baga\u017ein\u0117<\/p>\n<p>\u2714\ufe0f\u00a0\u0160oninis stovas<\/p>\n<p>\u2714\ufe0f\u00a0Metaliniai sparnai priekyje ir gale<\/p>\n<p>\u2714\ufe0f\u00a0didel\u0117 grandin\u0117s apsauga<\/p>\n<p>\u2714\ufe0f\u00a0\u0160vies\u0105 atspindintys priekiniai ir galiniai \u017eibintai<\/p>\n<p>\u0161vies\u0105\u00a0\u2714\ufe0f\u00a0atspindintys at\u0161vaitai ant stipin\u0173<\/p>\n<p>\u2714\ufe0f maksimalus vaiko svoris:\u00a050kg<\/p>\n<p>\u2714\ufe0f\u00a0vairo auk\u0161\u010dio reguliavimas<\/p>\n<p>\u2714\ufe0f\u00a0balno auk\u0161\u010dio reguliavimas<\/p>\n<\/div>\n<\/div>\n<\/div>\n<div class=\"mpof_ki myre_zn myre_8v_l m389_6m_l\">\n<div class=\"mp4t_16_s mryx_16_s mr3m_1 mli2_1 mh85_56 mh85_0_l\">\n<div class=\"mgn2_16 _0d3bd_am0a-\">\n<p>V formos stabd\u017eiai<\/p>\n<p>Ilga V formos stabd\u017ei\u0173 svirtis rei\u0161kia, kad lengvas stabd\u017ei\u0173 svirties paspaudimas u\u017etikrina didel\u0119 stabdymo gali\u0105 ir patikim\u0105 veikim\u0105 net ant \u0161lapio ratlankio. &#8222;Heart Bike&#8221; turi V formos stabd\u012f ant priekini\u0173 ir galini\u0173 rat\u0173<\/p>\n<p>Klasikin\u0117 i\u0161vaizda<\/p>\n<p>Prislopintos &#8222;Heart Bike&#8221; spalvos ir klasikin\u0117 r\u0117mo linija suteikia jam unikali\u0105, nesenstan\u010di\u0105 i\u0161vaizd\u0105<\/p>\n<p>6 pavaros<\/p>\n<p>Pasukamas pavar\u0173 perjungiklis leid\u017eia lengvai ir greitai pritaikyti pavar\u0105 prie va\u017eiavimo s\u0105lyg\u0173. Nuokaln\u0117je ar \u012fkaln\u0117je, pasirinkite tinkam\u0105 pavar\u0105 ir va\u017eiuokite be vargo<\/p>\n<p>\u0160oninis stovas<\/p>\n<p>Tvirtas \u0161oninis stovas u\u017etikrina stabili\u0105 atram\u0105 stovint. Jums nereikia jaudintis, ar bus kuo atsiremti \u012f dvirat\u012f<\/p>\n<p>Shimano vadovas<\/p>\n<p>U\u017etikrina skland\u0173 pavar\u0173 perjungim\u0105 visame pavar\u0173 diapazone, nepriklausomai nuo va\u017eiavimo s\u0105lyg\u0173<\/p>\n<p>\u0136\u0113des aizsardz\u012bba<\/p>\n<p>Grandin\u0117s apsauga apsaugo nuo ne\u0161varum\u0173 ir neleid\u017eia drabu\u017eiams \u012fstrigti grandin\u0117je<\/p>\n<p>Dviratis su stovu<\/p>\n<p>Kuprin\u0117, krep\u0161ys ar m\u0117gstamas \u017eaislas \u2013 pritvirtinkite prie baga\u017ein\u0117s ir pirmyn<\/p>\n<p>Metaliniai sparnai<\/p>\n<p>Balti purvasaugiai suteikia dvira\u010diui elegancijos ir apsaugo drabu\u017eius nuo lietaus<\/p>\n<p>Prie\u0161 pirm\u0105j\u012f va\u017eiavim\u0105 reikia\u00a0sureguliuoti\u00a0stabd\u017eius ir pavar\u0173 perjungiklius.\u00a0Sureguliuokite\u00a0balno ir vairo auk\u0161t\u012f. \u012esitikinkite, kad padangos tinkamai\u00a0prip\u016bstos\u00a0iki rekomenduojamo sl\u0117gio, nurodyto ant padang\u0173. Atid\u017eiai\u00a0ap\u017ei\u016br\u0117kite visus\u00a0dvira\u010dio komponentus, \u012fskaitant var\u017etus ir apsaugas. Atminkite, kad reguliari prie\u017ei\u016bra, \u012fskaitant tepim\u0105 ir ap\u017ei\u016br\u0105, yra labai svarbi norint i\u0161laikyti ger\u0105 dvira\u010dio b\u016bkl\u0119 ir u\u017etikrinti saug\u0173 bei malon\u0173 va\u017eiavim\u0105.<\/p>\n<\/div>\n<\/div>\n<\/div>","protected":false},"excerpt":{"rendered":"<p>SHIMANO velosip\u0113ds BALTAIS ZELTS<\/p>","protected":false},"featured_media":96244,"template":"","meta":{"_acf_changed":false,"_glsr_average":0,"_glsr_ranking":0,"_glsr_reviews":0},"product_brand":[],"product_cat":[245,237],"product_tag":[],"class_list":{"0":"post-96243","1":"product","2":"type-product","3":"status-publish","4":"has-post-thumbnail","6":"product_cat-dviratukai","7":"product_cat-judejimo-priemones","8":"\"style=\"background-color: #2ecc711c;\"","10":"first","11":"instock","12":"shipping-taxable","13":"purchasable","14":"product-type-simple"},"acf":[],"yoast_head":"<!-- This site is optimized with the Yoast SEO plugin v27.4 - https:\/\/yoast.com\/product\/yoast-seo-wordpress\/ -->\n<title>SHIMANO dviratis BALTOJO AUKSO - KidsPlay<\/title>\n<meta name=\"description\" content=\"SHIMANO dviratis BALTOJO AUKSO - KidsPlay. Did\u017eiausias vaik\u0173 \u017eaisl\u0173 pasirinkimas.\" \/>\n<meta name=\"robots\" content=\"index, follow, max-snippet:-1, max-image-preview:large, max-video-preview:-1\" \/>\n<link rel=\"canonical\" href=\"https:\/\/kidsplay.lt\/lv\/products\/shimano-dviratis-baltojo-aukso\/\" \/>\n<meta property=\"og:locale\" content=\"lv_LV\" \/>\n<meta property=\"og:type\" content=\"article\" \/>\n<meta property=\"og:title\" content=\"SHIMANO dviratis BALTOJO AUKSO - KidsPlay\" \/>\n<meta property=\"og:description\" content=\"SHIMANO dviratis BALTOJO AUKSO - KidsPlay. Did\u017eiausias vaik\u0173 \u017eaisl\u0173 pasirinkimas.\" \/>\n<meta property=\"og:url\" content=\"https:\/\/kidsplay.lt\/lv\/products\/shimano-dviratis-baltojo-aukso\/\" \/>\n<meta property=\"og:site_name\" content=\"KidsPlay\" \/>\n<meta property=\"article:publisher\" content=\"https:\/\/www.facebook.com\/www.kidsplay.lt\" \/>\n<meta property=\"og:image\" content=\"https:\/\/kidsplay.lt\/wp-content\/uploads\/2026\/03\/Screenshot-2026-03-23-204734.png\" \/>\n\t<meta property=\"og:image:width\" content=\"846\" \/>\n\t<meta property=\"og:image:height\" content=\"801\" \/>\n\t<meta property=\"og:image:type\" content=\"image\/png\" \/>\n<meta name=\"twitter:card\" content=\"summary_large_image\" \/>\n<meta name=\"twitter:label1\" content=\"Est. reading time\" \/>\n\t<meta name=\"twitter:data1\" content=\"2 min\u016btes\" \/>\n<script type=\"application\/ld+json\" class=\"yoast-schema-graph\">{\"@context\":\"https:\\\/\\\/schema.org\",\"@graph\":[{\"@type\":\"WebPage\",\"@id\":\"https:\\\/\\\/kidsplay.lt\\\/produktas\\\/shimano-dviratis-baltojo-aukso\\\/\",\"url\":\"https:\\\/\\\/kidsplay.lt\\\/produktas\\\/shimano-dviratis-baltojo-aukso\\\/\",\"name\":\"SHIMANO dviratis BALTOJO AUKSO - KidsPlay\",\"isPartOf\":{\"@id\":\"https:\\\/\\\/kidsplay.lt\\\/#website\"},\"primaryImageOfPage\":{\"@id\":\"https:\\\/\\\/kidsplay.lt\\\/produktas\\\/shimano-dviratis-baltojo-aukso\\\/#primaryimage\"},\"image\":{\"@id\":\"https:\\\/\\\/kidsplay.lt\\\/produktas\\\/shimano-dviratis-baltojo-aukso\\\/#primaryimage\"},\"thumbnailUrl\":\"https:\\\/\\\/kidsplay.lt\\\/wp-content\\\/uploads\\\/2026\\\/03\\\/Screenshot-2026-03-23-204734.png\",\"datePublished\":\"2026-03-23T18:50:45+00:00\",\"description\":\"SHIMANO dviratis BALTOJO AUKSO - KidsPlay. Did\u017eiausias vaik\u0173 \u017eaisl\u0173 pasirinkimas.\",\"breadcrumb\":{\"@id\":\"https:\\\/\\\/kidsplay.lt\\\/produktas\\\/shimano-dviratis-baltojo-aukso\\\/#breadcrumb\"},\"inLanguage\":\"lv-LV\",\"potentialAction\":[{\"@type\":\"ReadAction\",\"target\":[\"https:\\\/\\\/kidsplay.lt\\\/produktas\\\/shimano-dviratis-baltojo-aukso\\\/\"]}]},{\"@type\":\"ImageObject\",\"inLanguage\":\"lv-LV\",\"@id\":\"https:\\\/\\\/kidsplay.lt\\\/produktas\\\/shimano-dviratis-baltojo-aukso\\\/#primaryimage\",\"url\":\"https:\\\/\\\/kidsplay.lt\\\/wp-content\\\/uploads\\\/2026\\\/03\\\/Screenshot-2026-03-23-204734.png\",\"contentUrl\":\"https:\\\/\\\/kidsplay.lt\\\/wp-content\\\/uploads\\\/2026\\\/03\\\/Screenshot-2026-03-23-204734.png\",\"width\":846,\"height\":801},{\"@type\":\"BreadcrumbList\",\"@id\":\"https:\\\/\\\/kidsplay.lt\\\/produktas\\\/shimano-dviratis-baltojo-aukso\\\/#breadcrumb\",\"itemListElement\":[{\"@type\":\"ListItem\",\"position\":1,\"name\":\"Pagrindinis\",\"item\":\"https:\\\/\\\/kidsplay.lt\\\/\"},{\"@type\":\"ListItem\",\"position\":2,\"name\":\"Parduotuv\u0117\",\"item\":\"https:\\\/\\\/kidsplay.lt\\\/parduotuve\\\/\"},{\"@type\":\"ListItem\",\"position\":3,\"name\":\"SHIMANO dviratis BALTOJO AUKSO\"}]},{\"@type\":\"WebSite\",\"@id\":\"https:\\\/\\\/kidsplay.lt\\\/#website\",\"url\":\"https:\\\/\\\/kidsplay.lt\\\/\",\"name\":\"Kidsplay.lt\",\"description\":\"\u012evairios prek\u0117s vaikams\",\"publisher\":{\"@id\":\"https:\\\/\\\/kidsplay.lt\\\/#organization\"},\"alternateName\":\"Kidsplay\",\"potentialAction\":[{\"@type\":\"SearchAction\",\"target\":{\"@type\":\"EntryPoint\",\"urlTemplate\":\"https:\\\/\\\/kidsplay.lt\\\/?s={search_term_string}\"},\"query-input\":{\"@type\":\"PropertyValueSpecification\",\"valueRequired\":true,\"valueName\":\"search_term_string\"}}],\"inLanguage\":\"lv-LV\"},{\"@type\":\"Organization\",\"@id\":\"https:\\\/\\\/kidsplay.lt\\\/#organization\",\"name\":\"KidsPlay\",\"url\":\"https:\\\/\\\/kidsplay.lt\\\/\",\"logo\":{\"@type\":\"ImageObject\",\"inLanguage\":\"lv-LV\",\"@id\":\"https:\\\/\\\/kidsplay.lt\\\/#\\\/schema\\\/logo\\\/image\\\/\",\"url\":\"https:\\\/\\\/kidsplay.lt\\\/wp-content\\\/uploads\\\/2023\\\/07\\\/kidsplay-logo.png\",\"contentUrl\":\"https:\\\/\\\/kidsplay.lt\\\/wp-content\\\/uploads\\\/2023\\\/07\\\/kidsplay-logo.png\",\"width\":451,\"height\":98,\"caption\":\"KidsPlay\"},\"image\":{\"@id\":\"https:\\\/\\\/kidsplay.lt\\\/#\\\/schema\\\/logo\\\/image\\\/\"},\"sameAs\":[\"https:\\\/\\\/www.facebook.com\\\/www.kidsplay.lt\"]}]}<\/script>\n<!-- \/ Yoast SEO plugin. -->","yoast_head_json":{"title":"SHIMANO dviratis BALTOJO AUKSO - KidsPlay","description":"SHIMANO dviratis BALTOJO AUKSO - KidsPlay. Did\u017eiausias vaik\u0173 \u017eaisl\u0173 pasirinkimas.","robots":{"index":"index","follow":"follow","max-snippet":"max-snippet:-1","max-image-preview":"max-image-preview:large","max-video-preview":"max-video-preview:-1"},"canonical":"https:\/\/kidsplay.lt\/lv\/products\/shimano-dviratis-baltojo-aukso\/","og_locale":"lv_LV","og_type":"article","og_title":"SHIMANO dviratis BALTOJO AUKSO - KidsPlay","og_description":"SHIMANO dviratis BALTOJO AUKSO - KidsPlay. Did\u017eiausias vaik\u0173 \u017eaisl\u0173 pasirinkimas.","og_url":"https:\/\/kidsplay.lt\/lv\/products\/shimano-dviratis-baltojo-aukso\/","og_site_name":"KidsPlay","article_publisher":"https:\/\/www.facebook.com\/www.kidsplay.lt","og_image":[{"width":846,"height":801,"url":"https:\/\/kidsplay.lt\/wp-content\/uploads\/2026\/03\/Screenshot-2026-03-23-204734.png","type":"image\/png"}],"twitter_card":"summary_large_image","twitter_misc":{"Est. reading time":"2 min\u016btes"},"schema":{"@context":"https:\/\/schema.org","@graph":[{"@type":"WebPage","@id":"https:\/\/kidsplay.lt\/produktas\/shimano-dviratis-baltojo-aukso\/","url":"https:\/\/kidsplay.lt\/produktas\/shimano-dviratis-baltojo-aukso\/","name":"SHIMANO dviratis BALTOJO AUKSO - KidsPlay","isPartOf":{"@id":"https:\/\/kidsplay.lt\/#website"},"primaryImageOfPage":{"@id":"https:\/\/kidsplay.lt\/produktas\/shimano-dviratis-baltojo-aukso\/#primaryimage"},"image":{"@id":"https:\/\/kidsplay.lt\/produktas\/shimano-dviratis-baltojo-aukso\/#primaryimage"},"thumbnailUrl":"https:\/\/kidsplay.lt\/wp-content\/uploads\/2026\/03\/Screenshot-2026-03-23-204734.png","datePublished":"2026-03-23T18:50:45+00:00","description":"SHIMANO dviratis BALTOJO AUKSO - KidsPlay. Did\u017eiausias vaik\u0173 \u017eaisl\u0173 pasirinkimas.","breadcrumb":{"@id":"https:\/\/kidsplay.lt\/produktas\/shimano-dviratis-baltojo-aukso\/#breadcrumb"},"inLanguage":"lv-LV","potentialAction":[{"@type":"ReadAction","target":["https:\/\/kidsplay.lt\/produktas\/shimano-dviratis-baltojo-aukso\/"]}]},{"@type":"ImageObject","inLanguage":"lv-LV","@id":"https:\/\/kidsplay.lt\/produktas\/shimano-dviratis-baltojo-aukso\/#primaryimage","url":"https:\/\/kidsplay.lt\/wp-content\/uploads\/2026\/03\/Screenshot-2026-03-23-204734.png","contentUrl":"https:\/\/kidsplay.lt\/wp-content\/uploads\/2026\/03\/Screenshot-2026-03-23-204734.png","width":846,"height":801},{"@type":"BreadcrumbList","@id":"https:\/\/kidsplay.lt\/produktas\/shimano-dviratis-baltojo-aukso\/#breadcrumb","itemListElement":[{"@type":"ListItem","position":1,"name":"Pagrindinis","item":"https:\/\/kidsplay.lt\/"},{"@type":"ListItem","position":2,"name":"Parduotuv\u0117","item":"https:\/\/kidsplay.lt\/parduotuve\/"},{"@type":"ListItem","position":3,"name":"SHIMANO dviratis BALTOJO AUKSO"}]},{"@type":"WebSite","@id":"https:\/\/kidsplay.lt\/#website","url":"https:\/\/kidsplay.lt\/","name":"B\u0113rnu sp\u0113les.lv","description":"\u012evairios prek\u0117s vaikams","publisher":{"@id":"https:\/\/kidsplay.lt\/#organization"},"alternateName":"Kidsplay","potentialAction":[{"@type":"SearchAction","target":{"@type":"EntryPoint","urlTemplate":"https:\/\/kidsplay.lt\/?s={search_term_string}"},"query-input":{"@type":"PropertyValueSpecification","valueRequired":true,"valueName":"search_term_string"}}],"inLanguage":"lv-LV"},{"@type":"Organization","@id":"https:\/\/kidsplay.lt\/#organization","name":"B\u0113rnu sp\u0113le","url":"https:\/\/kidsplay.lt\/","logo":{"@type":"ImageObject","inLanguage":"lv-LV","@id":"https:\/\/kidsplay.lt\/#\/schema\/logo\/image\/","url":"https:\/\/kidsplay.lt\/wp-content\/uploads\/2023\/07\/kidsplay-logo.png","contentUrl":"https:\/\/kidsplay.lt\/wp-content\/uploads\/2023\/07\/kidsplay-logo.png","width":451,"height":98,"caption":"KidsPlay"},"image":{"@id":"https:\/\/kidsplay.lt\/#\/schema\/logo\/image\/"},"sameAs":["https:\/\/www.facebook.com\/www.kidsplay.lt"]}]}},"_links":{"self":[{"href":"https:\/\/kidsplay.lt\/lv\/wp-json\/wp\/v2\/product\/96243","targetHints":{"allow":["GET"]}}],"collection":[{"href":"https:\/\/kidsplay.lt\/lv\/wp-json\/wp\/v2\/product"}],"about":[{"href":"https:\/\/kidsplay.lt\/lv\/wp-json\/wp\/v2\/types\/product"}],"version-history":[{"count":1,"href":"https:\/\/kidsplay.lt\/lv\/wp-json\/wp\/v2\/product\/96243\/revisions"}],"predecessor-version":[{"id":96249,"href":"https:\/\/kidsplay.lt\/lv\/wp-json\/wp\/v2\/product\/96243\/revisions\/96249"}],"wp:featuredmedia":[{"embeddable":true,"href":"https:\/\/kidsplay.lt\/lv\/wp-json\/wp\/v2\/media\/96244"}],"wp:attachment":[{"href":"https:\/\/kidsplay.lt\/lv\/wp-json\/wp\/v2\/media?parent=96243"}],"wp:term":[{"taxonomy":"product_brand","embeddable":true,"href":"https:\/\/kidsplay.lt\/lv\/wp-json\/wp\/v2\/product_brand?post=96243"},{"taxonomy":"product_cat","embeddable":true,"href":"https:\/\/kidsplay.lt\/lv\/wp-json\/wp\/v2\/product_cat?post=96243"},{"taxonomy":"product_tag","embeddable":true,"href":"https:\/\/kidsplay.lt\/lv\/wp-json\/wp\/v2\/product_tag?post=96243"}],"curies":[{"name":"wp","href":"https:\/\/api.w.org\/{rel}","templated":true}]}}