{"id":96265,"date":"2026-03-23T21:13:58","date_gmt":"2026-03-23T19:13:58","guid":{"rendered":"https:\/\/kidsplay.lt\/?post_type=product&#038;p=96265"},"modified":"2026-04-19T09:53:10","modified_gmt":"2026-04-19T06:53:10","slug":"vaikiskas-dviratis-mergaitei-shimano","status":"publish","type":"product","link":"https:\/\/kidsplay.lt\/lv\/products\/vaikiskas-dviratis-mergaitei-shimano\/","title":{"rendered":"B\u0113rnu velosip\u0113ds meiten\u0113m Shimano"},"content":{"rendered":"<div class=\"mpof_ki myre_zn myre_8v_l m389_6m_l\">\n<div class=\"mp4t_16_s mryx_16_s mr3m_1 mli2_1 mh85_56 mh85_0_l\">\n<div class=\"mgn2_16 _0d3bd_am0a-\">\n<p>Mergaiti\u0161kas 20 coli\u0173 dviratis su &#8222;Shimano Tourney&#8221; 6 grei\u010di\u0173 kasete ir &#8222;Revoshift Heart&#8221; dvira\u010dio\u2b50\ufe0f\u2b50\ufe0f\u2b50\ufe0f\u2b50\ufe0f\u2b50 perjungikliu<\/p>\n<\/div>\n<\/div>\n<\/div>\n<div class=\"mp4t_16_s mryx_16_s mr3m_1 mli2_1 mh85_56 mh85_0_l\">\n<div class=\"mg9e_8 mj7a_8 mg9e_0_s mvrt_0_s mj7a_0_s mh36_0_s mzmg_6m munh_16_l m3h2_16_l\">\n<div class=\"mp4t_0 mryx_0 munh_56 m3h2_56\">\n<div class=\"mp7g_oh\"><\/div>\n<\/div>\n<\/div>\n<\/div>\n<div class=\"mp4t_16_s mryx_16_s mr3m_1 mli2_1 mh85_56 mh85_0_l\">\n<div class=\"mgn2_16 _0d3bd_am0a-\">\n<p>Produkta \u012bpa\u0161\u012bbas:<\/p>\n<p>\u2714\ufe0f Am\u017eius:\u00a06-10 met\u0173<\/p>\n<p>\u2714\ufe0f Rato dydis:\u00a020 coli\u0173<\/p>\n<p>\u2714\ufe0f S\u0117dyn\u0117s auk\u0161tis:\u00a061-68 cm<\/p>\n<p>\u2714\ufe0f vairo auk\u0161tis:\u00a083-88 cm<\/p>\n<p>\u2714\ufe0f s\u0117dyn\u0117s ilgis:\u00a023 cm<\/p>\n<p>\u2714\ufe0f 6 grei\u010diai, rotacinis perjungiklis<\/p>\n<p>\u2714\ufe0f r\u0117mas:\u00a0plienas, lakuotas<\/p>\n<p>\u2714\ufe0f 20 coli\u0173 lengvojo lydinio ratlankiai<\/p>\n<p>\u2714\ufe0f V formos stabd\u017eiai\u00a0priekinis ir galinis ratas<\/p>\n<p>\u2714\ufe0f\u00a0baga\u017ein\u0117<\/p>\n<p>\u2714\ufe0f\u00a0\u0160oninis stovas<\/p>\n<p>\u2714\ufe0f\u00a0Metaliniai sparnai priekyje ir gale<\/p>\n<p>\u2714\ufe0f\u00a0didel\u0117 grandin\u0117s apsauga<\/p>\n<p>\u2714\ufe0f\u00a0\u0160vies\u0105 atspindintys priekiniai ir galiniai \u017eibintai<\/p>\n<p>\u0161vies\u0105\u00a0\u2714\ufe0f\u00a0atspindintys at\u0161vaitai ant stipin\u0173<\/p>\n<p>\u2714\ufe0f maksimalus vaiko svoris:\u00a050kg<\/p>\n<p>\u2714\ufe0f\u00a0vairo auk\u0161\u010dio reguliavimas<\/p>\n<p>\u2714\ufe0f\u00a0balno auk\u0161\u010dio reguliavimas<\/p>\n<p>\u2714\ufe0f dvirat\u012f sudaro:\u00a0V formos stabd\u017eiai priekiniai ir galiniai ratai, metaliniai sparnai priekyje ir gale, didel\u0117 grandin\u0117s apsauga, at\u0161vaitai, skambutis, baga\u017ein\u0117, \u0161oninis stovas, Shimano pavar\u0173 perjungiklis<\/p>\n<p>\u2714\ufe0f Dvira\u010dio svoris:\u00a011 615 kg<\/p>\n<\/div>\n<\/div>\n<div class=\"mp4t_16_s mryx_16_s mr3m_1 mli2_1 mh85_56 mh85_0_l\">\n<div class=\"mgn2_16 _0d3bd_am0a-\">\n<p>\u2764\ufe0fV formos stabd\u017eiai<\/p>\n<p>Ilga V formos stabd\u017ei\u0173 svirtis rei\u0161kia, kad lengvas stabd\u017ei\u0173 svirties paspaudimas u\u017etikrina didel\u0119 stabdymo gali\u0105 ir patikim\u0105 veikim\u0105 net ant \u0161lapio ratlankio. &#8222;Heart Bike&#8221; turi V formos stabd\u012f ant priekini\u0173 ir galini\u0173 rat\u0173.<\/p>\n<p>\u2764\ufe0fKlasikin\u0117 i\u0161vaizda<\/p>\n<p>Prislopintos spalvos ir klasikin\u0117 &#8222;Heart Bike&#8221; r\u0117mo linija suteikia jam unikali\u0105, nesenstan\u010di\u0105 i\u0161vaizd\u0105.<\/p>\n<\/div>\n<\/div>\n<div class=\"mp4t_16_s mryx_16_s mr3m_1 mli2_1 mh85_56 mh85_0_l\">\n<div class=\"mgn2_16 _0d3bd_am0a-\">\n<p>\u2764\ufe0f6 pavaros<\/p>\n<p>Pasukamas pavar\u0173 perjungiklis leid\u017eia lengvai ir greitai pritaikyti pavar\u0105 prie va\u017eiavimo s\u0105lyg\u0173. Nuokaln\u0117je ar \u012fkaln\u0117je pasirinkite tinkam\u0105 pavar\u0105 ir va\u017eiuokite be pastang\u0173!<\/p>\n<p>\u2764\ufe0f\u0160oninis stovas<\/p>\n<p>Tvirtas \u0161oninis stovas u\u017etikrina stabili\u0105 atram\u0105 stovint. Jums nereikia jaudintis, ar bus \u012f k\u0105 atsiremti dvirat\u012f.<\/p>\n<\/div>\n<\/div>\n<div class=\"mp4t_16_s mryx_16_s mr3m_1 mli2_1 mh85_56 mh85_0_l\">\n<div class=\"mgn2_16 _0d3bd_am0a-\">\n<p>\u2764\ufe0fShimano vadovas<\/p>\n<p>Tai u\u017etikrina skland\u0173 pavar\u0173 perjungim\u0105 visame pavar\u0173 diapazone, nepriklausomai nuo va\u017eiavimo s\u0105lyg\u0173.<\/p>\n<p>\u2764\ufe0fGrandin\u0117s apsauga<\/p>\n<p>Grandin\u0117s apsauga apsaugo nuo ne\u0161varum\u0173 ir neleid\u017eia drabu\u017eiui patekti \u012f grandin\u0119.<\/p>\n<\/div>\n<\/div>\n<div class=\"mp4t_16_s mryx_16_s mr3m_1 mli2_1 mh85_56 mh85_0_l\">\n<div class=\"mgn2_16 _0d3bd_am0a-\">\n<p>\u2764\ufe0fDviratis su stovu<\/p>\n<p>Kuprin\u0117, krep\u0161ys ar m\u0117gstamas \u017eaislas \u2013 pritvirtinkite prie baga\u017ein\u0117s ir pirmyn<\/p>\n<p>\u2764\ufe0fMetaliniai sparnai<\/p>\n<p>M\u0117t\u0173 spalvos purvasaugiai suteikia dvira\u010diui elegancijos ir apsaugo drabu\u017eius lietaus metu.<\/p>\n<\/div>\n<\/div>","protected":false},"excerpt":{"rendered":"<p>B\u0113rnu velosip\u0113ds meiten\u0113m Shimano<\/p>","protected":false},"featured_media":96266,"template":"","meta":{"_acf_changed":false,"_glsr_average":0,"_glsr_ranking":0,"_glsr_reviews":0},"product_brand":[],"product_cat":[245,237],"product_tag":[],"class_list":{"0":"post-96265","1":"product","2":"type-product","3":"status-publish","4":"has-post-thumbnail","6":"product_cat-dviratukai","7":"product_cat-judejimo-priemones","8":"\"style=\"background-color: #2ecc711c;\"","10":"first","11":"instock","12":"shipping-taxable","13":"purchasable","14":"product-type-simple"},"acf":[],"yoast_head":"<!-- This site is optimized with the Yoast SEO plugin v27.4 - https:\/\/yoast.com\/product\/yoast-seo-wordpress\/ -->\n<title>Vaiki\u0161kas dviratis mergaitei Shimano - KidsPlay<\/title>\n<meta name=\"description\" content=\"Vaiki\u0161kas dviratis mergaitei Shimano - KidsPlay. Did\u017eiausias vaik\u0173 \u017eaisl\u0173 pasirinkimas.\" \/>\n<meta name=\"robots\" content=\"index, follow, max-snippet:-1, max-image-preview:large, max-video-preview:-1\" \/>\n<link rel=\"canonical\" href=\"https:\/\/kidsplay.lt\/lv\/products\/vaikiskas-dviratis-mergaitei-shimano\/\" \/>\n<meta property=\"og:locale\" content=\"lv_LV\" \/>\n<meta property=\"og:type\" content=\"article\" \/>\n<meta property=\"og:title\" content=\"Vaiki\u0161kas dviratis mergaitei Shimano - KidsPlay\" \/>\n<meta property=\"og:description\" content=\"Vaiki\u0161kas dviratis mergaitei Shimano - KidsPlay. Did\u017eiausias vaik\u0173 \u017eaisl\u0173 pasirinkimas.\" \/>\n<meta property=\"og:url\" content=\"https:\/\/kidsplay.lt\/lv\/products\/vaikiskas-dviratis-mergaitei-shimano\/\" \/>\n<meta property=\"og:site_name\" content=\"KidsPlay\" \/>\n<meta property=\"article:publisher\" content=\"https:\/\/www.facebook.com\/www.kidsplay.lt\" \/>\n<meta property=\"article:modified_time\" content=\"2026-04-19T06:53:10+00:00\" \/>\n<meta property=\"og:image\" content=\"https:\/\/kidsplay.lt\/wp-content\/uploads\/2026\/03\/Screenshot-2026-03-23-210651.png\" \/>\n\t<meta property=\"og:image:width\" content=\"889\" \/>\n\t<meta property=\"og:image:height\" content=\"781\" \/>\n\t<meta property=\"og:image:type\" content=\"image\/png\" \/>\n<meta name=\"twitter:card\" content=\"summary_large_image\" \/>\n<meta name=\"twitter:label1\" content=\"Est. reading time\" \/>\n\t<meta name=\"twitter:data1\" content=\"2 min\u016btes\" \/>\n<script type=\"application\/ld+json\" class=\"yoast-schema-graph\">{\"@context\":\"https:\\\/\\\/schema.org\",\"@graph\":[{\"@type\":\"WebPage\",\"@id\":\"https:\\\/\\\/kidsplay.lt\\\/produktas\\\/vaikiskas-dviratis-mergaitei-shimano\\\/\",\"url\":\"https:\\\/\\\/kidsplay.lt\\\/produktas\\\/vaikiskas-dviratis-mergaitei-shimano\\\/\",\"name\":\"Vaiki\u0161kas dviratis mergaitei Shimano - KidsPlay\",\"isPartOf\":{\"@id\":\"https:\\\/\\\/kidsplay.lt\\\/#website\"},\"primaryImageOfPage\":{\"@id\":\"https:\\\/\\\/kidsplay.lt\\\/produktas\\\/vaikiskas-dviratis-mergaitei-shimano\\\/#primaryimage\"},\"image\":{\"@id\":\"https:\\\/\\\/kidsplay.lt\\\/produktas\\\/vaikiskas-dviratis-mergaitei-shimano\\\/#primaryimage\"},\"thumbnailUrl\":\"https:\\\/\\\/kidsplay.lt\\\/wp-content\\\/uploads\\\/2026\\\/03\\\/Screenshot-2026-03-23-210651.png\",\"datePublished\":\"2026-03-23T19:13:58+00:00\",\"dateModified\":\"2026-04-19T06:53:10+00:00\",\"description\":\"Vaiki\u0161kas dviratis mergaitei Shimano - KidsPlay. Did\u017eiausias vaik\u0173 \u017eaisl\u0173 pasirinkimas.\",\"breadcrumb\":{\"@id\":\"https:\\\/\\\/kidsplay.lt\\\/produktas\\\/vaikiskas-dviratis-mergaitei-shimano\\\/#breadcrumb\"},\"inLanguage\":\"lv-LV\",\"potentialAction\":[{\"@type\":\"ReadAction\",\"target\":[\"https:\\\/\\\/kidsplay.lt\\\/produktas\\\/vaikiskas-dviratis-mergaitei-shimano\\\/\"]}]},{\"@type\":\"ImageObject\",\"inLanguage\":\"lv-LV\",\"@id\":\"https:\\\/\\\/kidsplay.lt\\\/produktas\\\/vaikiskas-dviratis-mergaitei-shimano\\\/#primaryimage\",\"url\":\"https:\\\/\\\/kidsplay.lt\\\/wp-content\\\/uploads\\\/2026\\\/03\\\/Screenshot-2026-03-23-210651.png\",\"contentUrl\":\"https:\\\/\\\/kidsplay.lt\\\/wp-content\\\/uploads\\\/2026\\\/03\\\/Screenshot-2026-03-23-210651.png\",\"width\":889,\"height\":781},{\"@type\":\"BreadcrumbList\",\"@id\":\"https:\\\/\\\/kidsplay.lt\\\/produktas\\\/vaikiskas-dviratis-mergaitei-shimano\\\/#breadcrumb\",\"itemListElement\":[{\"@type\":\"ListItem\",\"position\":1,\"name\":\"Pagrindinis\",\"item\":\"https:\\\/\\\/kidsplay.lt\\\/\"},{\"@type\":\"ListItem\",\"position\":2,\"name\":\"Parduotuv\u0117\",\"item\":\"https:\\\/\\\/kidsplay.lt\\\/parduotuve\\\/\"},{\"@type\":\"ListItem\",\"position\":3,\"name\":\"Vaiki\u0161kas dviratis mergaitei Shimano\"}]},{\"@type\":\"WebSite\",\"@id\":\"https:\\\/\\\/kidsplay.lt\\\/#website\",\"url\":\"https:\\\/\\\/kidsplay.lt\\\/\",\"name\":\"Kidsplay.lt\",\"description\":\"\u012evairios prek\u0117s vaikams\",\"publisher\":{\"@id\":\"https:\\\/\\\/kidsplay.lt\\\/#organization\"},\"alternateName\":\"Kidsplay\",\"potentialAction\":[{\"@type\":\"SearchAction\",\"target\":{\"@type\":\"EntryPoint\",\"urlTemplate\":\"https:\\\/\\\/kidsplay.lt\\\/?s={search_term_string}\"},\"query-input\":{\"@type\":\"PropertyValueSpecification\",\"valueRequired\":true,\"valueName\":\"search_term_string\"}}],\"inLanguage\":\"lv-LV\"},{\"@type\":\"Organization\",\"@id\":\"https:\\\/\\\/kidsplay.lt\\\/#organization\",\"name\":\"KidsPlay\",\"url\":\"https:\\\/\\\/kidsplay.lt\\\/\",\"logo\":{\"@type\":\"ImageObject\",\"inLanguage\":\"lv-LV\",\"@id\":\"https:\\\/\\\/kidsplay.lt\\\/#\\\/schema\\\/logo\\\/image\\\/\",\"url\":\"https:\\\/\\\/kidsplay.lt\\\/wp-content\\\/uploads\\\/2023\\\/07\\\/kidsplay-logo.png\",\"contentUrl\":\"https:\\\/\\\/kidsplay.lt\\\/wp-content\\\/uploads\\\/2023\\\/07\\\/kidsplay-logo.png\",\"width\":451,\"height\":98,\"caption\":\"KidsPlay\"},\"image\":{\"@id\":\"https:\\\/\\\/kidsplay.lt\\\/#\\\/schema\\\/logo\\\/image\\\/\"},\"sameAs\":[\"https:\\\/\\\/www.facebook.com\\\/www.kidsplay.lt\"]}]}<\/script>\n<!-- \/ Yoast SEO plugin. -->","yoast_head_json":{"title":"Vaiki\u0161kas dviratis mergaitei Shimano - KidsPlay","description":"Vaiki\u0161kas dviratis mergaitei Shimano - KidsPlay. Did\u017eiausias vaik\u0173 \u017eaisl\u0173 pasirinkimas.","robots":{"index":"index","follow":"follow","max-snippet":"max-snippet:-1","max-image-preview":"max-image-preview:large","max-video-preview":"max-video-preview:-1"},"canonical":"https:\/\/kidsplay.lt\/lv\/products\/vaikiskas-dviratis-mergaitei-shimano\/","og_locale":"lv_LV","og_type":"article","og_title":"Vaiki\u0161kas dviratis mergaitei Shimano - KidsPlay","og_description":"Vaiki\u0161kas dviratis mergaitei Shimano - KidsPlay. Did\u017eiausias vaik\u0173 \u017eaisl\u0173 pasirinkimas.","og_url":"https:\/\/kidsplay.lt\/lv\/products\/vaikiskas-dviratis-mergaitei-shimano\/","og_site_name":"KidsPlay","article_publisher":"https:\/\/www.facebook.com\/www.kidsplay.lt","article_modified_time":"2026-04-19T06:53:10+00:00","og_image":[{"width":889,"height":781,"url":"https:\/\/kidsplay.lt\/wp-content\/uploads\/2026\/03\/Screenshot-2026-03-23-210651.png","type":"image\/png"}],"twitter_card":"summary_large_image","twitter_misc":{"Est. reading time":"2 min\u016btes"},"schema":{"@context":"https:\/\/schema.org","@graph":[{"@type":"WebPage","@id":"https:\/\/kidsplay.lt\/produktas\/vaikiskas-dviratis-mergaitei-shimano\/","url":"https:\/\/kidsplay.lt\/produktas\/vaikiskas-dviratis-mergaitei-shimano\/","name":"Vaiki\u0161kas dviratis mergaitei Shimano - KidsPlay","isPartOf":{"@id":"https:\/\/kidsplay.lt\/#website"},"primaryImageOfPage":{"@id":"https:\/\/kidsplay.lt\/produktas\/vaikiskas-dviratis-mergaitei-shimano\/#primaryimage"},"image":{"@id":"https:\/\/kidsplay.lt\/produktas\/vaikiskas-dviratis-mergaitei-shimano\/#primaryimage"},"thumbnailUrl":"https:\/\/kidsplay.lt\/wp-content\/uploads\/2026\/03\/Screenshot-2026-03-23-210651.png","datePublished":"2026-03-23T19:13:58+00:00","dateModified":"2026-04-19T06:53:10+00:00","description":"Vaiki\u0161kas dviratis mergaitei Shimano - KidsPlay. Did\u017eiausias vaik\u0173 \u017eaisl\u0173 pasirinkimas.","breadcrumb":{"@id":"https:\/\/kidsplay.lt\/produktas\/vaikiskas-dviratis-mergaitei-shimano\/#breadcrumb"},"inLanguage":"lv-LV","potentialAction":[{"@type":"ReadAction","target":["https:\/\/kidsplay.lt\/produktas\/vaikiskas-dviratis-mergaitei-shimano\/"]}]},{"@type":"ImageObject","inLanguage":"lv-LV","@id":"https:\/\/kidsplay.lt\/produktas\/vaikiskas-dviratis-mergaitei-shimano\/#primaryimage","url":"https:\/\/kidsplay.lt\/wp-content\/uploads\/2026\/03\/Screenshot-2026-03-23-210651.png","contentUrl":"https:\/\/kidsplay.lt\/wp-content\/uploads\/2026\/03\/Screenshot-2026-03-23-210651.png","width":889,"height":781},{"@type":"BreadcrumbList","@id":"https:\/\/kidsplay.lt\/produktas\/vaikiskas-dviratis-mergaitei-shimano\/#breadcrumb","itemListElement":[{"@type":"ListItem","position":1,"name":"Pagrindinis","item":"https:\/\/kidsplay.lt\/"},{"@type":"ListItem","position":2,"name":"Parduotuv\u0117","item":"https:\/\/kidsplay.lt\/parduotuve\/"},{"@type":"ListItem","position":3,"name":"Vaiki\u0161kas dviratis mergaitei Shimano"}]},{"@type":"WebSite","@id":"https:\/\/kidsplay.lt\/#website","url":"https:\/\/kidsplay.lt\/","name":"B\u0113rnu sp\u0113les.lv","description":"\u012evairios prek\u0117s vaikams","publisher":{"@id":"https:\/\/kidsplay.lt\/#organization"},"alternateName":"Kidsplay","potentialAction":[{"@type":"SearchAction","target":{"@type":"EntryPoint","urlTemplate":"https:\/\/kidsplay.lt\/?s={search_term_string}"},"query-input":{"@type":"PropertyValueSpecification","valueRequired":true,"valueName":"search_term_string"}}],"inLanguage":"lv-LV"},{"@type":"Organization","@id":"https:\/\/kidsplay.lt\/#organization","name":"B\u0113rnu sp\u0113le","url":"https:\/\/kidsplay.lt\/","logo":{"@type":"ImageObject","inLanguage":"lv-LV","@id":"https:\/\/kidsplay.lt\/#\/schema\/logo\/image\/","url":"https:\/\/kidsplay.lt\/wp-content\/uploads\/2023\/07\/kidsplay-logo.png","contentUrl":"https:\/\/kidsplay.lt\/wp-content\/uploads\/2023\/07\/kidsplay-logo.png","width":451,"height":98,"caption":"KidsPlay"},"image":{"@id":"https:\/\/kidsplay.lt\/#\/schema\/logo\/image\/"},"sameAs":["https:\/\/www.facebook.com\/www.kidsplay.lt"]}]}},"_links":{"self":[{"href":"https:\/\/kidsplay.lt\/lv\/wp-json\/wp\/v2\/product\/96265","targetHints":{"allow":["GET"]}}],"collection":[{"href":"https:\/\/kidsplay.lt\/lv\/wp-json\/wp\/v2\/product"}],"about":[{"href":"https:\/\/kidsplay.lt\/lv\/wp-json\/wp\/v2\/types\/product"}],"version-history":[{"count":1,"href":"https:\/\/kidsplay.lt\/lv\/wp-json\/wp\/v2\/product\/96265\/revisions"}],"predecessor-version":[{"id":96273,"href":"https:\/\/kidsplay.lt\/lv\/wp-json\/wp\/v2\/product\/96265\/revisions\/96273"}],"wp:featuredmedia":[{"embeddable":true,"href":"https:\/\/kidsplay.lt\/lv\/wp-json\/wp\/v2\/media\/96266"}],"wp:attachment":[{"href":"https:\/\/kidsplay.lt\/lv\/wp-json\/wp\/v2\/media?parent=96265"}],"wp:term":[{"taxonomy":"product_brand","embeddable":true,"href":"https:\/\/kidsplay.lt\/lv\/wp-json\/wp\/v2\/product_brand?post=96265"},{"taxonomy":"product_cat","embeddable":true,"href":"https:\/\/kidsplay.lt\/lv\/wp-json\/wp\/v2\/product_cat?post=96265"},{"taxonomy":"product_tag","embeddable":true,"href":"https:\/\/kidsplay.lt\/lv\/wp-json\/wp\/v2\/product_tag?post=96265"}],"curies":[{"name":"wp","href":"https:\/\/api.w.org\/{rel}","templated":true}]}}