{"id":96299,"date":"2026-03-24T17:31:30","date_gmt":"2026-03-24T15:31:30","guid":{"rendered":"https:\/\/kidsplay.lt\/produktas\/masterkidz-sesiakampis-smelio-ir-vandens-zaidimu-stalas-su-3-skyriais-ir-reguliuojamu-auksciu\/"},"modified":"2026-04-13T13:51:52","modified_gmt":"2026-04-13T10:51:52","slug":"masterkidz-sesiakampis-smelio-ir-vandens-zaidimu-stalas-su-3-skyriais-ir-reguliuojamu-auksciu","status":"publish","type":"product","link":"https:\/\/kidsplay.lt\/lv\/products\/masterkidz-sesiakampis-smelio-ir-vandens-zaidimu-stalas-su-3-skyriais-ir-reguliuojamu-auksciu\/","title":{"rendered":"MASTERKIDZ se\u0161st\u016brains smil\u0161u un \u016bdens sp\u0113\u013cu galds ar 3 nodal\u012bjumiem un regul\u0113jamu augstumu"},"content":{"rendered":"<p>Masterkidz \u0161e\u0161iakampis sensorinis pad\u0117klas su trimis skyriais yra tikras eksperiment\u0173 centras ma\u017eiesiems tyrin\u0117tojams \u2013 j\u012f galima statyti tiesiai ant grind\u0173 arba montuoti ant reguliuojamo stovo, pritaikyto vaik\u0173 \u016bgiui. Naudodami skirtingas med\u017eiagas vienu metu (pvz., sm\u0117l\u012f, makaronus, modelin\u0105), vaikai gali lyginti j\u0173 savybes, \u017eaisti kartu ir atrasti mokslo pasaul\u012f per lietim\u0105, steb\u0117jim\u0105 ir \u017eaidim\u0105.<br \/>\nRaksturojums:<\/p>\n<p>skirtas vaikams nuo 3 met\u0173<\/p>\n<p>\u0161e\u0161iakampis pad\u0117klas padalintas \u012f 3 atskirus skyrius \u2013 puikiai tinka trims veikloms vienu metu arba darbui su skirtingomis med\u017eiagomis<\/p>\n<p>\u0161viesiai pilkas, matinis plastikas leid\u017eia lengviau steb\u0117ti nat\u016bralius ir dirbtinius objektus, net naudojant didinam\u0105j\u012f stikl\u0105<\/p>\n<p>puiki priemon\u0117 STEM veikloms \u2013 vaikai gali r\u016b\u0161iuoti objekt\u0173 mi\u0161inius, lyginti strukt\u016bras ir atlikti paprastus \u201eeksperimentus\u201c<\/p>\n<p>gali b\u016bti naudojamas ant grind\u0173 arba su reguliuojamu stovu (ME33048) su kojel\u0117mis ~450 \/ 550 \/ 650 mm auk\u0161\u010dio, prisitaikan\u010diomis prie vaiko augimo<\/p>\n<p>didelis pavir\u0161ius leid\u017eia vaikui laisvai jud\u0117ti aplink pad\u0117kl\u0105 ir lyginti skirting\u0173 med\u017eiag\u0173 savybes<\/p>\n<p>puikiai tinka naudoti namuose, dar\u017eelyje, vaik\u0173 klubuose ir sensoriniuose kampeliuose \u2013 lengva valyti ir perne\u0161ti<\/p>\n<p>pad\u0117klo gylis: 5 cm<\/p>","protected":false},"excerpt":{"rendered":"<p>Masterkidz \u0161e\u0161iakampis sensorinis pad\u0117klas su trimis skyriais yra tikras eksperiment\u0173 centras ma\u017eiesiems tyrin\u0117tojams \u2013 j\u012f galima statyti tiesiai ant grind\u0173<\/p>","protected":false},"featured_media":96301,"template":"","meta":{"_acf_changed":false,"_glsr_average":0,"_glsr_ranking":0,"_glsr_reviews":0},"product_brand":[],"product_cat":[673],"product_tag":[],"class_list":{"0":"post-96299","1":"product","2":"type-product","3":"status-publish","4":"has-post-thumbnail","6":"product_cat-ugdomosios-priemones","7":"\"style=\"background-color: #2ecc711c;\"","9":"first","10":"instock","11":"purchasable","12":"product-type-simple"},"acf":[],"yoast_head":"<!-- This site is optimized with the Yoast SEO plugin v27.4 - https:\/\/yoast.com\/product\/yoast-seo-wordpress\/ -->\n<title>MASTERKIDZ \u0160e\u0161iakampis sm\u0117lio ir vandens \u017eaidim\u0173 stalas su 3 skyriais ir reguliuojamu auk\u0161\u010diu<\/title>\n<meta name=\"description\" content=\"MASTERKIDZ \u0160e\u0161iakampis sm\u0117lio ir vandens \u017eaidim\u0173 stalas su 3 skyriais ir reguliuojamu auk\u0161\u010diu - KidsPlay. Did\u017eiausias vaik\u0173 \u017eaisl\u0173 pasirinkimas.\" \/>\n<meta name=\"robots\" content=\"index, follow, max-snippet:-1, max-image-preview:large, max-video-preview:-1\" \/>\n<link rel=\"canonical\" href=\"https:\/\/kidsplay.lt\/lv\/products\/masterkidz-sesiakampis-smelio-ir-vandens-zaidimu-stalas-su-3-skyriais-ir-reguliuojamu-auksciu\/\" \/>\n<meta property=\"og:locale\" content=\"lv_LV\" \/>\n<meta property=\"og:type\" content=\"article\" \/>\n<meta property=\"og:title\" content=\"MASTERKIDZ \u0160e\u0161iakampis sm\u0117lio ir vandens \u017eaidim\u0173 stalas su 3 skyriais ir reguliuojamu auk\u0161\u010diu\" \/>\n<meta property=\"og:description\" content=\"MASTERKIDZ \u0160e\u0161iakampis sm\u0117lio ir vandens \u017eaidim\u0173 stalas su 3 skyriais ir reguliuojamu auk\u0161\u010diu - KidsPlay. Did\u017eiausias vaik\u0173 \u017eaisl\u0173 pasirinkimas.\" \/>\n<meta property=\"og:url\" content=\"https:\/\/kidsplay.lt\/lv\/products\/masterkidz-sesiakampis-smelio-ir-vandens-zaidimu-stalas-su-3-skyriais-ir-reguliuojamu-auksciu\/\" \/>\n<meta property=\"og:site_name\" content=\"KidsPlay\" \/>\n<meta property=\"article:publisher\" content=\"https:\/\/www.facebook.com\/www.kidsplay.lt\" \/>\n<meta property=\"article:modified_time\" content=\"2026-04-13T10:51:52+00:00\" \/>\n<meta property=\"og:image\" content=\"https:\/\/kidsplay.lt\/wp-content\/uploads\/2026\/03\/MASTERKIDZ-Sesiakampis-smelio-ir-vandens-zaidimu-stalas-su-3-skyriais-ir-reguliuojamu-auksciu-1.png\" \/>\n\t<meta property=\"og:image:width\" content=\"1100\" \/>\n\t<meta property=\"og:image:height\" content=\"1422\" \/>\n\t<meta property=\"og:image:type\" content=\"image\/png\" \/>\n<meta name=\"twitter:card\" content=\"summary_large_image\" \/>\n<meta name=\"twitter:label1\" content=\"Est. reading time\" \/>\n\t<meta name=\"twitter:data1\" content=\"2 min\u016btes\" \/>\n<script type=\"application\/ld+json\" class=\"yoast-schema-graph\">{\"@context\":\"https:\\\/\\\/schema.org\",\"@graph\":[{\"@type\":\"WebPage\",\"@id\":\"https:\\\/\\\/kidsplay.lt\\\/produktas\\\/masterkidz-sesiakampis-smelio-ir-vandens-zaidimu-stalas-su-3-skyriais-ir-reguliuojamu-auksciu\\\/\",\"url\":\"https:\\\/\\\/kidsplay.lt\\\/produktas\\\/masterkidz-sesiakampis-smelio-ir-vandens-zaidimu-stalas-su-3-skyriais-ir-reguliuojamu-auksciu\\\/\",\"name\":\"MASTERKIDZ \u0160e\u0161iakampis sm\u0117lio ir vandens \u017eaidim\u0173 stalas su 3 skyriais ir reguliuojamu auk\u0161\u010diu\",\"isPartOf\":{\"@id\":\"https:\\\/\\\/kidsplay.lt\\\/#website\"},\"primaryImageOfPage\":{\"@id\":\"https:\\\/\\\/kidsplay.lt\\\/produktas\\\/masterkidz-sesiakampis-smelio-ir-vandens-zaidimu-stalas-su-3-skyriais-ir-reguliuojamu-auksciu\\\/#primaryimage\"},\"image\":{\"@id\":\"https:\\\/\\\/kidsplay.lt\\\/produktas\\\/masterkidz-sesiakampis-smelio-ir-vandens-zaidimu-stalas-su-3-skyriais-ir-reguliuojamu-auksciu\\\/#primaryimage\"},\"thumbnailUrl\":\"https:\\\/\\\/kidsplay.lt\\\/wp-content\\\/uploads\\\/2026\\\/03\\\/MASTERKIDZ-Sesiakampis-smelio-ir-vandens-zaidimu-stalas-su-3-skyriais-ir-reguliuojamu-auksciu-1.png\",\"datePublished\":\"2026-03-24T15:31:30+00:00\",\"dateModified\":\"2026-04-13T10:51:52+00:00\",\"description\":\"MASTERKIDZ \u0160e\u0161iakampis sm\u0117lio ir vandens \u017eaidim\u0173 stalas su 3 skyriais ir reguliuojamu auk\u0161\u010diu - KidsPlay. Did\u017eiausias vaik\u0173 \u017eaisl\u0173 pasirinkimas.\",\"breadcrumb\":{\"@id\":\"https:\\\/\\\/kidsplay.lt\\\/produktas\\\/masterkidz-sesiakampis-smelio-ir-vandens-zaidimu-stalas-su-3-skyriais-ir-reguliuojamu-auksciu\\\/#breadcrumb\"},\"inLanguage\":\"lv-LV\",\"potentialAction\":[{\"@type\":\"ReadAction\",\"target\":[\"https:\\\/\\\/kidsplay.lt\\\/produktas\\\/masterkidz-sesiakampis-smelio-ir-vandens-zaidimu-stalas-su-3-skyriais-ir-reguliuojamu-auksciu\\\/\"]}]},{\"@type\":\"ImageObject\",\"inLanguage\":\"lv-LV\",\"@id\":\"https:\\\/\\\/kidsplay.lt\\\/produktas\\\/masterkidz-sesiakampis-smelio-ir-vandens-zaidimu-stalas-su-3-skyriais-ir-reguliuojamu-auksciu\\\/#primaryimage\",\"url\":\"https:\\\/\\\/kidsplay.lt\\\/wp-content\\\/uploads\\\/2026\\\/03\\\/MASTERKIDZ-Sesiakampis-smelio-ir-vandens-zaidimu-stalas-su-3-skyriais-ir-reguliuojamu-auksciu-1.png\",\"contentUrl\":\"https:\\\/\\\/kidsplay.lt\\\/wp-content\\\/uploads\\\/2026\\\/03\\\/MASTERKIDZ-Sesiakampis-smelio-ir-vandens-zaidimu-stalas-su-3-skyriais-ir-reguliuojamu-auksciu-1.png\",\"width\":1100,\"height\":1422},{\"@type\":\"BreadcrumbList\",\"@id\":\"https:\\\/\\\/kidsplay.lt\\\/produktas\\\/masterkidz-sesiakampis-smelio-ir-vandens-zaidimu-stalas-su-3-skyriais-ir-reguliuojamu-auksciu\\\/#breadcrumb\",\"itemListElement\":[{\"@type\":\"ListItem\",\"position\":1,\"name\":\"Pagrindinis\",\"item\":\"https:\\\/\\\/kidsplay.lt\\\/\"},{\"@type\":\"ListItem\",\"position\":2,\"name\":\"Parduotuv\u0117\",\"item\":\"https:\\\/\\\/kidsplay.lt\\\/parduotuve\\\/\"},{\"@type\":\"ListItem\",\"position\":3,\"name\":\"MASTERKIDZ \u0160e\u0161iakampis sm\u0117lio ir vandens \u017eaidim\u0173 stalas su 3 skyriais ir reguliuojamu auk\u0161\u010diu\"}]},{\"@type\":\"WebSite\",\"@id\":\"https:\\\/\\\/kidsplay.lt\\\/#website\",\"url\":\"https:\\\/\\\/kidsplay.lt\\\/\",\"name\":\"Kidsplay.lt\",\"description\":\"\u012evairios prek\u0117s vaikams\",\"publisher\":{\"@id\":\"https:\\\/\\\/kidsplay.lt\\\/#organization\"},\"alternateName\":\"Kidsplay\",\"potentialAction\":[{\"@type\":\"SearchAction\",\"target\":{\"@type\":\"EntryPoint\",\"urlTemplate\":\"https:\\\/\\\/kidsplay.lt\\\/?s={search_term_string}\"},\"query-input\":{\"@type\":\"PropertyValueSpecification\",\"valueRequired\":true,\"valueName\":\"search_term_string\"}}],\"inLanguage\":\"lv-LV\"},{\"@type\":\"Organization\",\"@id\":\"https:\\\/\\\/kidsplay.lt\\\/#organization\",\"name\":\"KidsPlay\",\"url\":\"https:\\\/\\\/kidsplay.lt\\\/\",\"logo\":{\"@type\":\"ImageObject\",\"inLanguage\":\"lv-LV\",\"@id\":\"https:\\\/\\\/kidsplay.lt\\\/#\\\/schema\\\/logo\\\/image\\\/\",\"url\":\"https:\\\/\\\/kidsplay.lt\\\/wp-content\\\/uploads\\\/2023\\\/07\\\/kidsplay-logo.png\",\"contentUrl\":\"https:\\\/\\\/kidsplay.lt\\\/wp-content\\\/uploads\\\/2023\\\/07\\\/kidsplay-logo.png\",\"width\":451,\"height\":98,\"caption\":\"KidsPlay\"},\"image\":{\"@id\":\"https:\\\/\\\/kidsplay.lt\\\/#\\\/schema\\\/logo\\\/image\\\/\"},\"sameAs\":[\"https:\\\/\\\/www.facebook.com\\\/www.kidsplay.lt\"]}]}<\/script>\n<!-- \/ Yoast SEO plugin. -->","yoast_head_json":{"title":"MASTERKIDZ se\u0161st\u016brains smil\u0161u un \u016bdens sp\u0113\u013cu galds ar 3 nodal\u012bjumiem un regul\u0113jamu augstumu","description":"MASTERKIDZ \u0160e\u0161iakampis sm\u0117lio ir vandens \u017eaidim\u0173 stalas su 3 skyriais ir reguliuojamu auk\u0161\u010diu - KidsPlay. Did\u017eiausias vaik\u0173 \u017eaisl\u0173 pasirinkimas.","robots":{"index":"index","follow":"follow","max-snippet":"max-snippet:-1","max-image-preview":"max-image-preview:large","max-video-preview":"max-video-preview:-1"},"canonical":"https:\/\/kidsplay.lt\/lv\/products\/masterkidz-sesiakampis-smelio-ir-vandens-zaidimu-stalas-su-3-skyriais-ir-reguliuojamu-auksciu\/","og_locale":"lv_LV","og_type":"article","og_title":"MASTERKIDZ \u0160e\u0161iakampis sm\u0117lio ir vandens \u017eaidim\u0173 stalas su 3 skyriais ir reguliuojamu auk\u0161\u010diu","og_description":"MASTERKIDZ \u0160e\u0161iakampis sm\u0117lio ir vandens \u017eaidim\u0173 stalas su 3 skyriais ir reguliuojamu auk\u0161\u010diu - KidsPlay. Did\u017eiausias vaik\u0173 \u017eaisl\u0173 pasirinkimas.","og_url":"https:\/\/kidsplay.lt\/lv\/products\/masterkidz-sesiakampis-smelio-ir-vandens-zaidimu-stalas-su-3-skyriais-ir-reguliuojamu-auksciu\/","og_site_name":"KidsPlay","article_publisher":"https:\/\/www.facebook.com\/www.kidsplay.lt","article_modified_time":"2026-04-13T10:51:52+00:00","og_image":[{"width":1100,"height":1422,"url":"https:\/\/kidsplay.lt\/wp-content\/uploads\/2026\/03\/MASTERKIDZ-Sesiakampis-smelio-ir-vandens-zaidimu-stalas-su-3-skyriais-ir-reguliuojamu-auksciu-1.png","type":"image\/png"}],"twitter_card":"summary_large_image","twitter_misc":{"Est. reading time":"2 min\u016btes"},"schema":{"@context":"https:\/\/schema.org","@graph":[{"@type":"WebPage","@id":"https:\/\/kidsplay.lt\/produktas\/masterkidz-sesiakampis-smelio-ir-vandens-zaidimu-stalas-su-3-skyriais-ir-reguliuojamu-auksciu\/","url":"https:\/\/kidsplay.lt\/produktas\/masterkidz-sesiakampis-smelio-ir-vandens-zaidimu-stalas-su-3-skyriais-ir-reguliuojamu-auksciu\/","name":"MASTERKIDZ se\u0161st\u016brains smil\u0161u un \u016bdens sp\u0113\u013cu galds ar 3 nodal\u012bjumiem un regul\u0113jamu augstumu","isPartOf":{"@id":"https:\/\/kidsplay.lt\/#website"},"primaryImageOfPage":{"@id":"https:\/\/kidsplay.lt\/produktas\/masterkidz-sesiakampis-smelio-ir-vandens-zaidimu-stalas-su-3-skyriais-ir-reguliuojamu-auksciu\/#primaryimage"},"image":{"@id":"https:\/\/kidsplay.lt\/produktas\/masterkidz-sesiakampis-smelio-ir-vandens-zaidimu-stalas-su-3-skyriais-ir-reguliuojamu-auksciu\/#primaryimage"},"thumbnailUrl":"https:\/\/kidsplay.lt\/wp-content\/uploads\/2026\/03\/MASTERKIDZ-Sesiakampis-smelio-ir-vandens-zaidimu-stalas-su-3-skyriais-ir-reguliuojamu-auksciu-1.png","datePublished":"2026-03-24T15:31:30+00:00","dateModified":"2026-04-13T10:51:52+00:00","description":"MASTERKIDZ \u0160e\u0161iakampis sm\u0117lio ir vandens \u017eaidim\u0173 stalas su 3 skyriais ir reguliuojamu auk\u0161\u010diu - KidsPlay. Did\u017eiausias vaik\u0173 \u017eaisl\u0173 pasirinkimas.","breadcrumb":{"@id":"https:\/\/kidsplay.lt\/produktas\/masterkidz-sesiakampis-smelio-ir-vandens-zaidimu-stalas-su-3-skyriais-ir-reguliuojamu-auksciu\/#breadcrumb"},"inLanguage":"lv-LV","potentialAction":[{"@type":"ReadAction","target":["https:\/\/kidsplay.lt\/produktas\/masterkidz-sesiakampis-smelio-ir-vandens-zaidimu-stalas-su-3-skyriais-ir-reguliuojamu-auksciu\/"]}]},{"@type":"ImageObject","inLanguage":"lv-LV","@id":"https:\/\/kidsplay.lt\/produktas\/masterkidz-sesiakampis-smelio-ir-vandens-zaidimu-stalas-su-3-skyriais-ir-reguliuojamu-auksciu\/#primaryimage","url":"https:\/\/kidsplay.lt\/wp-content\/uploads\/2026\/03\/MASTERKIDZ-Sesiakampis-smelio-ir-vandens-zaidimu-stalas-su-3-skyriais-ir-reguliuojamu-auksciu-1.png","contentUrl":"https:\/\/kidsplay.lt\/wp-content\/uploads\/2026\/03\/MASTERKIDZ-Sesiakampis-smelio-ir-vandens-zaidimu-stalas-su-3-skyriais-ir-reguliuojamu-auksciu-1.png","width":1100,"height":1422},{"@type":"BreadcrumbList","@id":"https:\/\/kidsplay.lt\/produktas\/masterkidz-sesiakampis-smelio-ir-vandens-zaidimu-stalas-su-3-skyriais-ir-reguliuojamu-auksciu\/#breadcrumb","itemListElement":[{"@type":"ListItem","position":1,"name":"Pagrindinis","item":"https:\/\/kidsplay.lt\/"},{"@type":"ListItem","position":2,"name":"Parduotuv\u0117","item":"https:\/\/kidsplay.lt\/parduotuve\/"},{"@type":"ListItem","position":3,"name":"MASTERKIDZ \u0160e\u0161iakampis sm\u0117lio ir vandens \u017eaidim\u0173 stalas su 3 skyriais ir reguliuojamu auk\u0161\u010diu"}]},{"@type":"WebSite","@id":"https:\/\/kidsplay.lt\/#website","url":"https:\/\/kidsplay.lt\/","name":"B\u0113rnu sp\u0113les.lv","description":"\u012evairios prek\u0117s vaikams","publisher":{"@id":"https:\/\/kidsplay.lt\/#organization"},"alternateName":"Kidsplay","potentialAction":[{"@type":"SearchAction","target":{"@type":"EntryPoint","urlTemplate":"https:\/\/kidsplay.lt\/?s={search_term_string}"},"query-input":{"@type":"PropertyValueSpecification","valueRequired":true,"valueName":"search_term_string"}}],"inLanguage":"lv-LV"},{"@type":"Organization","@id":"https:\/\/kidsplay.lt\/#organization","name":"B\u0113rnu sp\u0113le","url":"https:\/\/kidsplay.lt\/","logo":{"@type":"ImageObject","inLanguage":"lv-LV","@id":"https:\/\/kidsplay.lt\/#\/schema\/logo\/image\/","url":"https:\/\/kidsplay.lt\/wp-content\/uploads\/2023\/07\/kidsplay-logo.png","contentUrl":"https:\/\/kidsplay.lt\/wp-content\/uploads\/2023\/07\/kidsplay-logo.png","width":451,"height":98,"caption":"KidsPlay"},"image":{"@id":"https:\/\/kidsplay.lt\/#\/schema\/logo\/image\/"},"sameAs":["https:\/\/www.facebook.com\/www.kidsplay.lt"]}]}},"_links":{"self":[{"href":"https:\/\/kidsplay.lt\/lv\/wp-json\/wp\/v2\/product\/96299","targetHints":{"allow":["GET"]}}],"collection":[{"href":"https:\/\/kidsplay.lt\/lv\/wp-json\/wp\/v2\/product"}],"about":[{"href":"https:\/\/kidsplay.lt\/lv\/wp-json\/wp\/v2\/types\/product"}],"version-history":[{"count":2,"href":"https:\/\/kidsplay.lt\/lv\/wp-json\/wp\/v2\/product\/96299\/revisions"}],"predecessor-version":[{"id":96305,"href":"https:\/\/kidsplay.lt\/lv\/wp-json\/wp\/v2\/product\/96299\/revisions\/96305"}],"wp:featuredmedia":[{"embeddable":true,"href":"https:\/\/kidsplay.lt\/lv\/wp-json\/wp\/v2\/media\/96301"}],"wp:attachment":[{"href":"https:\/\/kidsplay.lt\/lv\/wp-json\/wp\/v2\/media?parent=96299"}],"wp:term":[{"taxonomy":"product_brand","embeddable":true,"href":"https:\/\/kidsplay.lt\/lv\/wp-json\/wp\/v2\/product_brand?post=96299"},{"taxonomy":"product_cat","embeddable":true,"href":"https:\/\/kidsplay.lt\/lv\/wp-json\/wp\/v2\/product_cat?post=96299"},{"taxonomy":"product_tag","embeddable":true,"href":"https:\/\/kidsplay.lt\/lv\/wp-json\/wp\/v2\/product_tag?post=96299"}],"curies":[{"name":"wp","href":"https:\/\/api.w.org\/{rel}","templated":true}]}}