{"id":96321,"date":"2026-03-25T17:30:01","date_gmt":"2026-03-25T15:30:01","guid":{"rendered":"https:\/\/kidsplay.lt\/produktas\/classic-world-edu-kuro-kolonele-automobiliu-degaline-ikrovimo-stotele\/"},"modified":"2026-04-13T13:51:56","modified_gmt":"2026-04-13T10:51:56","slug":"classic-world-edu-kuro-kolonele-automobiliu-degaline-ikrovimo-stotele","status":"publish","type":"product","link":"https:\/\/kidsplay.lt\/lv\/products\/classic-world-edu-kuro-kolonele-automobiliu-degaline-ikrovimo-stotele\/","title":{"rendered":"CLASSIC WORLD EDU Degvielas s\u016bknis \u2013 automa\u0161\u012bnas degvielas uzpildes stacija \/ uzl\u0101des stacija"},"content":{"rendered":"<p>CLASSIC WORLD 2 in 1 \u012fkrovimo stotel\u0117 yra universalus \u012frenginys, kur\u012f galima naudoti tiek kuro pildymui, tiek elektrini\u0173 transporto priemoni\u0173 \u012fkrovimui. Vaikai gali paimti \u012fkrovimo laid\u0105, prijungti j\u012f prie savo triratuk\u0173 ar kit\u0173 \u017eaislini\u0173 transporto priemoni\u0173 ir \u201e\u012fkrauti\u201c prie\u0161 leid\u017eiantis \u012f kelion\u0119. Tokios funkcijos kaip kuro pildymas, prie\u017ei\u016bra ir atsiskaitymas gali b\u016bti imituojamos sukant funkcij\u0173 mygtuk\u0105.<br \/>\nRaksturojums:<\/p>\n<p>paredz\u0113ts b\u0113rniem no 3 gadu vecuma<\/p>\n<p>funkcij\u0173 mygtuko pagalba galima imituoti kuro pildym\u0105, prie\u017ei\u016br\u0105 ir atsiskaitym\u0105<\/p>\n<p>K\u0105 lavina \u017eaislas?<\/p>\n<p>K\u016brybi\u0161kum\u0105 ir vaizduot\u0119 \u2013 \u017eaid\u017eiant su kuro pylimu ir transporto priemoni\u0173 \u012fkrovimu<\/p>\n<p>Motorin\u0119 koordinacij\u0105 \u2013 manipuliuojant laidais ir mygtukais<\/p>\n<p>Technologij\u0173 supratim\u0105 \u2013 \u012fkrovimo ir degalini\u0173 veikimo pagrindus<\/p>\n<p>Socialinius \u012fg\u016bd\u017eius \u2013 \u017eaid\u017eiant kartu ir vaidmen\u0173 \u017eaidimuose<\/p>\n<p>D\u0117mesio koncentracij\u0105 \u2013 susitelkim\u0105 atliekant u\u017eduotis<\/p>\n<p>Rank\u0173 miklum\u0105 \u2013 dirbant su smulkiomis detal\u0117mis ir mygtukais<\/p>\n<p>Aplinkos suvokim\u0105 \u2013 supratim\u0105 apie elektrini\u0173 transporto priemoni\u0173 \u012fkrovimo svarb\u0105<\/p>","protected":false},"excerpt":{"rendered":"<p>CLASSIC WORLD 2 in 1 \u012fkrovimo stotel\u0117 yra universalus \u012frenginys, kur\u012f galima naudoti tiek kuro pildymui, tiek elektrini\u0173 transporto priemoni\u0173<\/p>","protected":false},"featured_media":96323,"template":"","meta":{"_acf_changed":false,"_glsr_average":0,"_glsr_ranking":0,"_glsr_reviews":0},"product_brand":[],"product_cat":[673],"product_tag":[],"class_list":{"0":"post-96321","1":"product","2":"type-product","3":"status-publish","4":"has-post-thumbnail","6":"product_cat-ugdomosios-priemones","7":"\"style=\"background-color: #2ecc711c;\"","9":"first","10":"instock","11":"purchasable","12":"product-type-simple"},"acf":[],"yoast_head":"<!-- This site is optimized with the Yoast SEO plugin v27.3 - https:\/\/yoast.com\/product\/yoast-seo-wordpress\/ -->\n<title>CLASSIC WORLD EDU Kuro kolon\u0117l\u0117 \u2013 automobili\u0173 degalin\u0117 \/ \u012fkrovimo stotel\u0117<\/title>\n<meta name=\"description\" content=\"CLASSIC WORLD EDU Kuro kolon\u0117l\u0117 \u2013 automobili\u0173 degalin\u0117 \/ \u012fkrovimo stotel\u0117 - KidsPlay. Did\u017eiausias vaik\u0173 \u017eaisl\u0173 pasirinkimas.\" \/>\n<meta name=\"robots\" content=\"index, follow, max-snippet:-1, max-image-preview:large, max-video-preview:-1\" \/>\n<link rel=\"canonical\" href=\"https:\/\/kidsplay.lt\/lv\/products\/classic-world-edu-kuro-kolonele-automobiliu-degaline-ikrovimo-stotele\/\" \/>\n<meta property=\"og:locale\" content=\"lv_LV\" \/>\n<meta property=\"og:type\" content=\"article\" \/>\n<meta property=\"og:title\" content=\"CLASSIC WORLD EDU Kuro kolon\u0117l\u0117 \u2013 automobili\u0173 degalin\u0117 \/ \u012fkrovimo stotel\u0117\" \/>\n<meta property=\"og:description\" content=\"CLASSIC WORLD EDU Kuro kolon\u0117l\u0117 \u2013 automobili\u0173 degalin\u0117 \/ \u012fkrovimo stotel\u0117 - KidsPlay. Did\u017eiausias vaik\u0173 \u017eaisl\u0173 pasirinkimas.\" \/>\n<meta property=\"og:url\" content=\"https:\/\/kidsplay.lt\/lv\/products\/classic-world-edu-kuro-kolonele-automobiliu-degaline-ikrovimo-stotele\/\" \/>\n<meta property=\"og:site_name\" content=\"KidsPlay\" \/>\n<meta property=\"article:publisher\" content=\"https:\/\/www.facebook.com\/www.kidsplay.lt\" \/>\n<meta property=\"article:modified_time\" content=\"2026-04-13T10:51:56+00:00\" \/>\n<meta property=\"og:image\" content=\"https:\/\/kidsplay.lt\/wp-content\/uploads\/2026\/03\/CLASSIC-WORLD-EDU-Kuro-kolonele-\u2013-automobiliu-degaline-ikrovimo-stotele.jpg\" \/>\n\t<meta property=\"og:image:width\" content=\"2560\" \/>\n\t<meta property=\"og:image:height\" content=\"2560\" \/>\n\t<meta property=\"og:image:type\" content=\"image\/jpeg\" \/>\n<meta name=\"twitter:card\" content=\"summary_large_image\" \/>\n<meta name=\"twitter:label1\" content=\"Est. reading time\" \/>\n\t<meta name=\"twitter:data1\" content=\"1 min\u016bte\" \/>\n<script type=\"application\/ld+json\" class=\"yoast-schema-graph\">{\"@context\":\"https:\\\/\\\/schema.org\",\"@graph\":[{\"@type\":\"WebPage\",\"@id\":\"https:\\\/\\\/kidsplay.lt\\\/produktas\\\/classic-world-edu-kuro-kolonele-automobiliu-degaline-ikrovimo-stotele\\\/\",\"url\":\"https:\\\/\\\/kidsplay.lt\\\/produktas\\\/classic-world-edu-kuro-kolonele-automobiliu-degaline-ikrovimo-stotele\\\/\",\"name\":\"CLASSIC WORLD EDU Kuro kolon\u0117l\u0117 \u2013 automobili\u0173 degalin\u0117 \\\/ \u012fkrovimo stotel\u0117\",\"isPartOf\":{\"@id\":\"https:\\\/\\\/kidsplay.lt\\\/#website\"},\"primaryImageOfPage\":{\"@id\":\"https:\\\/\\\/kidsplay.lt\\\/produktas\\\/classic-world-edu-kuro-kolonele-automobiliu-degaline-ikrovimo-stotele\\\/#primaryimage\"},\"image\":{\"@id\":\"https:\\\/\\\/kidsplay.lt\\\/produktas\\\/classic-world-edu-kuro-kolonele-automobiliu-degaline-ikrovimo-stotele\\\/#primaryimage\"},\"thumbnailUrl\":\"https:\\\/\\\/kidsplay.lt\\\/wp-content\\\/uploads\\\/2026\\\/03\\\/CLASSIC-WORLD-EDU-Kuro-kolonele-\u2013-automobiliu-degaline-ikrovimo-stotele.jpg\",\"datePublished\":\"2026-03-25T15:30:01+00:00\",\"dateModified\":\"2026-04-13T10:51:56+00:00\",\"description\":\"CLASSIC WORLD EDU Kuro kolon\u0117l\u0117 \u2013 automobili\u0173 degalin\u0117 \\\/ \u012fkrovimo stotel\u0117 - KidsPlay. Did\u017eiausias vaik\u0173 \u017eaisl\u0173 pasirinkimas.\",\"breadcrumb\":{\"@id\":\"https:\\\/\\\/kidsplay.lt\\\/produktas\\\/classic-world-edu-kuro-kolonele-automobiliu-degaline-ikrovimo-stotele\\\/#breadcrumb\"},\"inLanguage\":\"lv-LV\",\"potentialAction\":[{\"@type\":\"ReadAction\",\"target\":[\"https:\\\/\\\/kidsplay.lt\\\/produktas\\\/classic-world-edu-kuro-kolonele-automobiliu-degaline-ikrovimo-stotele\\\/\"]}]},{\"@type\":\"ImageObject\",\"inLanguage\":\"lv-LV\",\"@id\":\"https:\\\/\\\/kidsplay.lt\\\/produktas\\\/classic-world-edu-kuro-kolonele-automobiliu-degaline-ikrovimo-stotele\\\/#primaryimage\",\"url\":\"https:\\\/\\\/kidsplay.lt\\\/wp-content\\\/uploads\\\/2026\\\/03\\\/CLASSIC-WORLD-EDU-Kuro-kolonele-\u2013-automobiliu-degaline-ikrovimo-stotele.jpg\",\"contentUrl\":\"https:\\\/\\\/kidsplay.lt\\\/wp-content\\\/uploads\\\/2026\\\/03\\\/CLASSIC-WORLD-EDU-Kuro-kolonele-\u2013-automobiliu-degaline-ikrovimo-stotele.jpg\",\"width\":2560,\"height\":2560,\"caption\":\"CLASSIC WORLD EDU Kuro kolon\u0117l\u0117 \u2013 automobili\u0173 degalin\u0117 \\\/ \u012fkrovimo stotel\u0117\"},{\"@type\":\"BreadcrumbList\",\"@id\":\"https:\\\/\\\/kidsplay.lt\\\/produktas\\\/classic-world-edu-kuro-kolonele-automobiliu-degaline-ikrovimo-stotele\\\/#breadcrumb\",\"itemListElement\":[{\"@type\":\"ListItem\",\"position\":1,\"name\":\"Pagrindinis\",\"item\":\"https:\\\/\\\/kidsplay.lt\\\/\"},{\"@type\":\"ListItem\",\"position\":2,\"name\":\"Parduotuv\u0117\",\"item\":\"https:\\\/\\\/kidsplay.lt\\\/parduotuve\\\/\"},{\"@type\":\"ListItem\",\"position\":3,\"name\":\"CLASSIC WORLD EDU Kuro kolon\u0117l\u0117 \u2013 automobili\u0173 degalin\u0117 \\\/ \u012fkrovimo stotel\u0117\"}]},{\"@type\":\"WebSite\",\"@id\":\"https:\\\/\\\/kidsplay.lt\\\/#website\",\"url\":\"https:\\\/\\\/kidsplay.lt\\\/\",\"name\":\"Kidsplay.lt\",\"description\":\"\u012evairios prek\u0117s vaikams\",\"publisher\":{\"@id\":\"https:\\\/\\\/kidsplay.lt\\\/#organization\"},\"alternateName\":\"Kidsplay\",\"potentialAction\":[{\"@type\":\"SearchAction\",\"target\":{\"@type\":\"EntryPoint\",\"urlTemplate\":\"https:\\\/\\\/kidsplay.lt\\\/?s={search_term_string}\"},\"query-input\":{\"@type\":\"PropertyValueSpecification\",\"valueRequired\":true,\"valueName\":\"search_term_string\"}}],\"inLanguage\":\"lv-LV\"},{\"@type\":\"Organization\",\"@id\":\"https:\\\/\\\/kidsplay.lt\\\/#organization\",\"name\":\"KidsPlay\",\"url\":\"https:\\\/\\\/kidsplay.lt\\\/\",\"logo\":{\"@type\":\"ImageObject\",\"inLanguage\":\"lv-LV\",\"@id\":\"https:\\\/\\\/kidsplay.lt\\\/#\\\/schema\\\/logo\\\/image\\\/\",\"url\":\"https:\\\/\\\/kidsplay.lt\\\/wp-content\\\/uploads\\\/2023\\\/07\\\/kidsplay-logo.png\",\"contentUrl\":\"https:\\\/\\\/kidsplay.lt\\\/wp-content\\\/uploads\\\/2023\\\/07\\\/kidsplay-logo.png\",\"width\":451,\"height\":98,\"caption\":\"KidsPlay\"},\"image\":{\"@id\":\"https:\\\/\\\/kidsplay.lt\\\/#\\\/schema\\\/logo\\\/image\\\/\"},\"sameAs\":[\"https:\\\/\\\/www.facebook.com\\\/www.kidsplay.lt\"]}]}<\/script>\n<!-- \/ Yoast SEO plugin. -->","yoast_head_json":{"title":"CLASSIC WORLD EDU Degvielas s\u016bknis \u2013 automa\u0161\u012bnas degvielas uzpildes stacija \/ uzl\u0101des stacija","description":"CLASSIC WORLD EDU Kuro kolon\u0117l\u0117 \u2013 automobili\u0173 degalin\u0117 \/ \u012fkrovimo stotel\u0117 - KidsPlay. Did\u017eiausias vaik\u0173 \u017eaisl\u0173 pasirinkimas.","robots":{"index":"index","follow":"follow","max-snippet":"max-snippet:-1","max-image-preview":"max-image-preview:large","max-video-preview":"max-video-preview:-1"},"canonical":"https:\/\/kidsplay.lt\/lv\/products\/classic-world-edu-kuro-kolonele-automobiliu-degaline-ikrovimo-stotele\/","og_locale":"lv_LV","og_type":"article","og_title":"CLASSIC WORLD EDU Kuro kolon\u0117l\u0117 \u2013 automobili\u0173 degalin\u0117 \/ \u012fkrovimo stotel\u0117","og_description":"CLASSIC WORLD EDU Kuro kolon\u0117l\u0117 \u2013 automobili\u0173 degalin\u0117 \/ \u012fkrovimo stotel\u0117 - KidsPlay. Did\u017eiausias vaik\u0173 \u017eaisl\u0173 pasirinkimas.","og_url":"https:\/\/kidsplay.lt\/lv\/products\/classic-world-edu-kuro-kolonele-automobiliu-degaline-ikrovimo-stotele\/","og_site_name":"KidsPlay","article_publisher":"https:\/\/www.facebook.com\/www.kidsplay.lt","article_modified_time":"2026-04-13T10:51:56+00:00","og_image":[{"width":2560,"height":2560,"url":"https:\/\/kidsplay.lt\/wp-content\/uploads\/2026\/03\/CLASSIC-WORLD-EDU-Kuro-kolonele-\u2013-automobiliu-degaline-ikrovimo-stotele.jpg","type":"image\/jpeg"}],"twitter_card":"summary_large_image","twitter_misc":{"Est. reading time":"1 min\u016bte"},"schema":{"@context":"https:\/\/schema.org","@graph":[{"@type":"WebPage","@id":"https:\/\/kidsplay.lt\/produktas\/classic-world-edu-kuro-kolonele-automobiliu-degaline-ikrovimo-stotele\/","url":"https:\/\/kidsplay.lt\/produktas\/classic-world-edu-kuro-kolonele-automobiliu-degaline-ikrovimo-stotele\/","name":"CLASSIC WORLD EDU Degvielas s\u016bknis \u2013 automa\u0161\u012bnas degvielas uzpildes stacija \/ uzl\u0101des stacija","isPartOf":{"@id":"https:\/\/kidsplay.lt\/#website"},"primaryImageOfPage":{"@id":"https:\/\/kidsplay.lt\/produktas\/classic-world-edu-kuro-kolonele-automobiliu-degaline-ikrovimo-stotele\/#primaryimage"},"image":{"@id":"https:\/\/kidsplay.lt\/produktas\/classic-world-edu-kuro-kolonele-automobiliu-degaline-ikrovimo-stotele\/#primaryimage"},"thumbnailUrl":"https:\/\/kidsplay.lt\/wp-content\/uploads\/2026\/03\/CLASSIC-WORLD-EDU-Kuro-kolonele-\u2013-automobiliu-degaline-ikrovimo-stotele.jpg","datePublished":"2026-03-25T15:30:01+00:00","dateModified":"2026-04-13T10:51:56+00:00","description":"CLASSIC WORLD EDU Kuro kolon\u0117l\u0117 \u2013 automobili\u0173 degalin\u0117 \/ \u012fkrovimo stotel\u0117 - KidsPlay. Did\u017eiausias vaik\u0173 \u017eaisl\u0173 pasirinkimas.","breadcrumb":{"@id":"https:\/\/kidsplay.lt\/produktas\/classic-world-edu-kuro-kolonele-automobiliu-degaline-ikrovimo-stotele\/#breadcrumb"},"inLanguage":"lv-LV","potentialAction":[{"@type":"ReadAction","target":["https:\/\/kidsplay.lt\/produktas\/classic-world-edu-kuro-kolonele-automobiliu-degaline-ikrovimo-stotele\/"]}]},{"@type":"ImageObject","inLanguage":"lv-LV","@id":"https:\/\/kidsplay.lt\/produktas\/classic-world-edu-kuro-kolonele-automobiliu-degaline-ikrovimo-stotele\/#primaryimage","url":"https:\/\/kidsplay.lt\/wp-content\/uploads\/2026\/03\/CLASSIC-WORLD-EDU-Kuro-kolonele-\u2013-automobiliu-degaline-ikrovimo-stotele.jpg","contentUrl":"https:\/\/kidsplay.lt\/wp-content\/uploads\/2026\/03\/CLASSIC-WORLD-EDU-Kuro-kolonele-\u2013-automobiliu-degaline-ikrovimo-stotele.jpg","width":2560,"height":2560,"caption":"CLASSIC WORLD EDU Kuro kolon\u0117l\u0117 \u2013 automobili\u0173 degalin\u0117 \/ \u012fkrovimo stotel\u0117"},{"@type":"BreadcrumbList","@id":"https:\/\/kidsplay.lt\/produktas\/classic-world-edu-kuro-kolonele-automobiliu-degaline-ikrovimo-stotele\/#breadcrumb","itemListElement":[{"@type":"ListItem","position":1,"name":"Pagrindinis","item":"https:\/\/kidsplay.lt\/"},{"@type":"ListItem","position":2,"name":"Parduotuv\u0117","item":"https:\/\/kidsplay.lt\/parduotuve\/"},{"@type":"ListItem","position":3,"name":"CLASSIC WORLD EDU Kuro kolon\u0117l\u0117 \u2013 automobili\u0173 degalin\u0117 \/ \u012fkrovimo stotel\u0117"}]},{"@type":"WebSite","@id":"https:\/\/kidsplay.lt\/#website","url":"https:\/\/kidsplay.lt\/","name":"B\u0113rnu sp\u0113les.lv","description":"\u012evairios prek\u0117s vaikams","publisher":{"@id":"https:\/\/kidsplay.lt\/#organization"},"alternateName":"Kidsplay","potentialAction":[{"@type":"SearchAction","target":{"@type":"EntryPoint","urlTemplate":"https:\/\/kidsplay.lt\/?s={search_term_string}"},"query-input":{"@type":"PropertyValueSpecification","valueRequired":true,"valueName":"search_term_string"}}],"inLanguage":"lv-LV"},{"@type":"Organization","@id":"https:\/\/kidsplay.lt\/#organization","name":"B\u0113rnu sp\u0113le","url":"https:\/\/kidsplay.lt\/","logo":{"@type":"ImageObject","inLanguage":"lv-LV","@id":"https:\/\/kidsplay.lt\/#\/schema\/logo\/image\/","url":"https:\/\/kidsplay.lt\/wp-content\/uploads\/2023\/07\/kidsplay-logo.png","contentUrl":"https:\/\/kidsplay.lt\/wp-content\/uploads\/2023\/07\/kidsplay-logo.png","width":451,"height":98,"caption":"KidsPlay"},"image":{"@id":"https:\/\/kidsplay.lt\/#\/schema\/logo\/image\/"},"sameAs":["https:\/\/www.facebook.com\/www.kidsplay.lt"]}]}},"_links":{"self":[{"href":"https:\/\/kidsplay.lt\/lv\/wp-json\/wp\/v2\/product\/96321","targetHints":{"allow":["GET"]}}],"collection":[{"href":"https:\/\/kidsplay.lt\/lv\/wp-json\/wp\/v2\/product"}],"about":[{"href":"https:\/\/kidsplay.lt\/lv\/wp-json\/wp\/v2\/types\/product"}],"version-history":[{"count":1,"href":"https:\/\/kidsplay.lt\/lv\/wp-json\/wp\/v2\/product\/96321\/revisions"}],"predecessor-version":[{"id":96322,"href":"https:\/\/kidsplay.lt\/lv\/wp-json\/wp\/v2\/product\/96321\/revisions\/96322"}],"wp:featuredmedia":[{"embeddable":true,"href":"https:\/\/kidsplay.lt\/lv\/wp-json\/wp\/v2\/media\/96323"}],"wp:attachment":[{"href":"https:\/\/kidsplay.lt\/lv\/wp-json\/wp\/v2\/media?parent=96321"}],"wp:term":[{"taxonomy":"product_brand","embeddable":true,"href":"https:\/\/kidsplay.lt\/lv\/wp-json\/wp\/v2\/product_brand?post=96321"},{"taxonomy":"product_cat","embeddable":true,"href":"https:\/\/kidsplay.lt\/lv\/wp-json\/wp\/v2\/product_cat?post=96321"},{"taxonomy":"product_tag","embeddable":true,"href":"https:\/\/kidsplay.lt\/lv\/wp-json\/wp\/v2\/product_tag?post=96321"}],"curies":[{"name":"wp","href":"https:\/\/api.w.org\/{rel}","templated":true}]}}