{"id":96333,"date":"2026-03-26T11:26:45","date_gmt":"2026-03-26T09:26:45","guid":{"rendered":"https:\/\/kidsplay.lt\/produktas\/woopie-nuotoliniu-budu-valdomas-keturratis-2-4ghz\/"},"modified":"2026-04-13T13:50:13","modified_gmt":"2026-04-13T10:50:13","slug":"woopie-nuotoliniu-budu-valdomas-keturratis-2-4ghz","status":"publish","type":"product","link":"https:\/\/kidsplay.lt\/lv\/products\/woopie-nuotoliniu-budu-valdomas-keturratis-2-4ghz\/","title":{"rendered":"WOOPIE nuotoliniu b\u016bdu valdomas keturratis 2.4GHz"},"content":{"rendered":"<p>Atrask \u012fsp\u016bding\u0105 bekel\u0117s nuotyki\u0173 pasaul\u012f su \u0161iuo nuotoliniu b\u016bdu valdomu WOOPIE keturra\u010diu! Tai pa\u017eangus modelis, kuris d\u017eiugina tiek i\u0161vaizda, tiek funkcijomis. Realisti\u0161ka motociklininko fig\u016br\u0117l\u0117 su profesionalia lenktyni\u0173 apranga suteikia \u017eaidimui dar daugiau tikrovi\u0161kumo, o tvirta konstrukcija ir i\u0161rai\u0161kingos detal\u0117s traukia ak\u012f nuo pirmo \u017evilgsnio.<\/p>\n<p>D\u0117l modernios 2.4 GHz valdymo sistemos keturrat\u012f galima valdyti itin tiksliai ir skland\u017eiai, net sud\u0117tingesn\u0117mis bekel\u0117s s\u0105lygomis. Tai \u017eaislas, kuris suteiks vaikams valand\u0173 valandas aktyvaus, dinami\u0161ko ir k\u016brybi\u0161ko \u017eaidimo.<br \/>\nFunkcijas:<\/p>\n<p> \tpiem\u0113rots b\u0113rniem no 3 gadu vecuma<br \/>\n \tpagamintas i\u0161 auk\u0161tos kokyb\u0117s, patvari\u0173 med\u017eiag\u0173<br \/>\n \t2.4 GHz radijo valdymas tiksliam ir skland\u017eiam vairavimui<br \/>\n \trealisti\u0161ka motociklininko fig\u016br\u0117l\u0117 su pilna lenktyni\u0173 apranga<br \/>\n \tbekel\u0117s padangos sud\u0117tingoms trasoms<br \/>\n \tgalini\u0173 rat\u0173 pavara<br \/>\n \tmaitinimas: pultui \u2013 2 x AA 1.5V, keturra\u010diui \u2013 4 x AA 1.5V<\/p>\n<p>Komplekt\u0101 ietilpst:<\/p>\n<p> \tnuotoliniu b\u016bdu valdomas keturratis<br \/>\n \tvaldymo pultas<br \/>\n \tmotociklininko fig\u016br\u0117l\u0117 (pritvirtinta prie keturra\u010dio)<\/p>\n<p>Rota\u013clietu lav\u012bna:<\/p>\n<p> \tmotorinius \u012fg\u016bd\u017eius<br \/>\n \tvaizduot\u0119<br \/>\n \tk\u016brybi\u0161kum\u0105<\/p>","protected":false},"excerpt":{"rendered":"<p>Atrask \u012fsp\u016bding\u0105 bekel\u0117s nuotyki\u0173 pasaul\u012f su \u0161iuo nuotoliniu b\u016bdu valdomu WOOPIE keturra\u010diu! Tai pa\u017eangus modelis, kuris d\u017eiugina tiek i\u0161vaizda, tiek<\/p>","protected":false},"featured_media":96335,"template":"","meta":{"_acf_changed":false,"_glsr_average":0,"_glsr_ranking":0,"_glsr_reviews":0},"product_brand":[],"product_cat":[447,229],"product_tag":[],"class_list":{"0":"post-96333","1":"product","2":"type-product","3":"status-publish","4":"has-post-thumbnail","6":"product_cat-rc-zaislai","7":"product_cat-zaislai-vaikams","8":"\"style=\"background-color: #2ecc711c;\"","10":"first","11":"instock","12":"purchasable","13":"product-type-simple"},"acf":[],"yoast_head":"<!-- This site is optimized with the Yoast SEO plugin v27.4 - https:\/\/yoast.com\/product\/yoast-seo-wordpress\/ -->\n<title>WOOPIE nuotoliniu b\u016bdu valdomas keturratis 2.4GHz<\/title>\n<meta name=\"description\" content=\"WOOPIE nuotoliniu b\u016bdu valdomas keturratis 2.4GHz - KidsPlay. Did\u017eiausias vaik\u0173 \u017eaisl\u0173 pasirinkimas.\" \/>\n<meta name=\"robots\" content=\"index, follow, max-snippet:-1, max-image-preview:large, max-video-preview:-1\" \/>\n<link rel=\"canonical\" href=\"https:\/\/kidsplay.lt\/lv\/products\/woopie-nuotoliniu-budu-valdomas-keturratis-2-4ghz\/\" \/>\n<meta property=\"og:locale\" content=\"lv_LV\" \/>\n<meta property=\"og:type\" content=\"article\" \/>\n<meta property=\"og:title\" content=\"WOOPIE nuotoliniu b\u016bdu valdomas keturratis 2.4GHz\" \/>\n<meta property=\"og:description\" content=\"WOOPIE nuotoliniu b\u016bdu valdomas keturratis 2.4GHz - KidsPlay. Did\u017eiausias vaik\u0173 \u017eaisl\u0173 pasirinkimas.\" \/>\n<meta property=\"og:url\" content=\"https:\/\/kidsplay.lt\/lv\/products\/woopie-nuotoliniu-budu-valdomas-keturratis-2-4ghz\/\" \/>\n<meta property=\"og:site_name\" content=\"KidsPlay\" \/>\n<meta property=\"article:publisher\" content=\"https:\/\/www.facebook.com\/www.kidsplay.lt\" \/>\n<meta property=\"article:modified_time\" content=\"2026-04-13T10:50:13+00:00\" \/>\n<meta property=\"og:image\" content=\"https:\/\/kidsplay.lt\/wp-content\/uploads\/2026\/03\/WOOPIE-nuotoliniu-budu-valdomas-keturratis-2.4GHz.jpg\" \/>\n\t<meta property=\"og:image:width\" content=\"1000\" \/>\n\t<meta property=\"og:image:height\" content=\"1000\" \/>\n\t<meta property=\"og:image:type\" content=\"image\/jpeg\" \/>\n<meta name=\"twitter:card\" content=\"summary_large_image\" \/>\n<meta name=\"twitter:label1\" content=\"Est. reading time\" \/>\n\t<meta name=\"twitter:data1\" content=\"1 min\u016bte\" \/>\n<script type=\"application\/ld+json\" class=\"yoast-schema-graph\">{\"@context\":\"https:\\\/\\\/schema.org\",\"@graph\":[{\"@type\":\"WebPage\",\"@id\":\"https:\\\/\\\/kidsplay.lt\\\/produktas\\\/woopie-nuotoliniu-budu-valdomas-keturratis-2-4ghz\\\/\",\"url\":\"https:\\\/\\\/kidsplay.lt\\\/produktas\\\/woopie-nuotoliniu-budu-valdomas-keturratis-2-4ghz\\\/\",\"name\":\"WOOPIE nuotoliniu b\u016bdu valdomas keturratis 2.4GHz\",\"isPartOf\":{\"@id\":\"https:\\\/\\\/kidsplay.lt\\\/#website\"},\"primaryImageOfPage\":{\"@id\":\"https:\\\/\\\/kidsplay.lt\\\/produktas\\\/woopie-nuotoliniu-budu-valdomas-keturratis-2-4ghz\\\/#primaryimage\"},\"image\":{\"@id\":\"https:\\\/\\\/kidsplay.lt\\\/produktas\\\/woopie-nuotoliniu-budu-valdomas-keturratis-2-4ghz\\\/#primaryimage\"},\"thumbnailUrl\":\"https:\\\/\\\/kidsplay.lt\\\/wp-content\\\/uploads\\\/2026\\\/03\\\/WOOPIE-nuotoliniu-budu-valdomas-keturratis-2.4GHz.jpg\",\"datePublished\":\"2026-03-26T09:26:45+00:00\",\"dateModified\":\"2026-04-13T10:50:13+00:00\",\"description\":\"WOOPIE nuotoliniu b\u016bdu valdomas keturratis 2.4GHz - KidsPlay. Did\u017eiausias vaik\u0173 \u017eaisl\u0173 pasirinkimas.\",\"breadcrumb\":{\"@id\":\"https:\\\/\\\/kidsplay.lt\\\/produktas\\\/woopie-nuotoliniu-budu-valdomas-keturratis-2-4ghz\\\/#breadcrumb\"},\"inLanguage\":\"lv-LV\",\"potentialAction\":[{\"@type\":\"ReadAction\",\"target\":[\"https:\\\/\\\/kidsplay.lt\\\/produktas\\\/woopie-nuotoliniu-budu-valdomas-keturratis-2-4ghz\\\/\"]}]},{\"@type\":\"ImageObject\",\"inLanguage\":\"lv-LV\",\"@id\":\"https:\\\/\\\/kidsplay.lt\\\/produktas\\\/woopie-nuotoliniu-budu-valdomas-keturratis-2-4ghz\\\/#primaryimage\",\"url\":\"https:\\\/\\\/kidsplay.lt\\\/wp-content\\\/uploads\\\/2026\\\/03\\\/WOOPIE-nuotoliniu-budu-valdomas-keturratis-2.4GHz.jpg\",\"contentUrl\":\"https:\\\/\\\/kidsplay.lt\\\/wp-content\\\/uploads\\\/2026\\\/03\\\/WOOPIE-nuotoliniu-budu-valdomas-keturratis-2.4GHz.jpg\",\"width\":1000,\"height\":1000,\"caption\":\"WOOPIE nuotoliniu b\u016bdu valdomas keturratis 2.4GHz\"},{\"@type\":\"BreadcrumbList\",\"@id\":\"https:\\\/\\\/kidsplay.lt\\\/produktas\\\/woopie-nuotoliniu-budu-valdomas-keturratis-2-4ghz\\\/#breadcrumb\",\"itemListElement\":[{\"@type\":\"ListItem\",\"position\":1,\"name\":\"Pagrindinis\",\"item\":\"https:\\\/\\\/kidsplay.lt\\\/\"},{\"@type\":\"ListItem\",\"position\":2,\"name\":\"Parduotuv\u0117\",\"item\":\"https:\\\/\\\/kidsplay.lt\\\/parduotuve\\\/\"},{\"@type\":\"ListItem\",\"position\":3,\"name\":\"WOOPIE nuotoliniu b\u016bdu valdomas keturratis 2.4GHz\"}]},{\"@type\":\"WebSite\",\"@id\":\"https:\\\/\\\/kidsplay.lt\\\/#website\",\"url\":\"https:\\\/\\\/kidsplay.lt\\\/\",\"name\":\"Kidsplay.lt\",\"description\":\"\u012evairios prek\u0117s vaikams\",\"publisher\":{\"@id\":\"https:\\\/\\\/kidsplay.lt\\\/#organization\"},\"alternateName\":\"Kidsplay\",\"potentialAction\":[{\"@type\":\"SearchAction\",\"target\":{\"@type\":\"EntryPoint\",\"urlTemplate\":\"https:\\\/\\\/kidsplay.lt\\\/?s={search_term_string}\"},\"query-input\":{\"@type\":\"PropertyValueSpecification\",\"valueRequired\":true,\"valueName\":\"search_term_string\"}}],\"inLanguage\":\"lv-LV\"},{\"@type\":\"Organization\",\"@id\":\"https:\\\/\\\/kidsplay.lt\\\/#organization\",\"name\":\"KidsPlay\",\"url\":\"https:\\\/\\\/kidsplay.lt\\\/\",\"logo\":{\"@type\":\"ImageObject\",\"inLanguage\":\"lv-LV\",\"@id\":\"https:\\\/\\\/kidsplay.lt\\\/#\\\/schema\\\/logo\\\/image\\\/\",\"url\":\"https:\\\/\\\/kidsplay.lt\\\/wp-content\\\/uploads\\\/2023\\\/07\\\/kidsplay-logo.png\",\"contentUrl\":\"https:\\\/\\\/kidsplay.lt\\\/wp-content\\\/uploads\\\/2023\\\/07\\\/kidsplay-logo.png\",\"width\":451,\"height\":98,\"caption\":\"KidsPlay\"},\"image\":{\"@id\":\"https:\\\/\\\/kidsplay.lt\\\/#\\\/schema\\\/logo\\\/image\\\/\"},\"sameAs\":[\"https:\\\/\\\/www.facebook.com\\\/www.kidsplay.lt\"]}]}<\/script>\n<!-- \/ Yoast SEO plugin. -->","yoast_head_json":{"title":"WOOPIE nuotoliniu b\u016bdu valdomas keturratis 2.4GHz","description":"WOOPIE nuotoliniu b\u016bdu valdomas keturratis 2.4GHz - KidsPlay. Did\u017eiausias vaik\u0173 \u017eaisl\u0173 pasirinkimas.","robots":{"index":"index","follow":"follow","max-snippet":"max-snippet:-1","max-image-preview":"max-image-preview:large","max-video-preview":"max-video-preview:-1"},"canonical":"https:\/\/kidsplay.lt\/lv\/products\/woopie-nuotoliniu-budu-valdomas-keturratis-2-4ghz\/","og_locale":"lv_LV","og_type":"article","og_title":"WOOPIE nuotoliniu b\u016bdu valdomas keturratis 2.4GHz","og_description":"WOOPIE nuotoliniu b\u016bdu valdomas keturratis 2.4GHz - KidsPlay. Did\u017eiausias vaik\u0173 \u017eaisl\u0173 pasirinkimas.","og_url":"https:\/\/kidsplay.lt\/lv\/products\/woopie-nuotoliniu-budu-valdomas-keturratis-2-4ghz\/","og_site_name":"KidsPlay","article_publisher":"https:\/\/www.facebook.com\/www.kidsplay.lt","article_modified_time":"2026-04-13T10:50:13+00:00","og_image":[{"width":1000,"height":1000,"url":"https:\/\/kidsplay.lt\/wp-content\/uploads\/2026\/03\/WOOPIE-nuotoliniu-budu-valdomas-keturratis-2.4GHz.jpg","type":"image\/jpeg"}],"twitter_card":"summary_large_image","twitter_misc":{"Est. reading time":"1 min\u016bte"},"schema":{"@context":"https:\/\/schema.org","@graph":[{"@type":"WebPage","@id":"https:\/\/kidsplay.lt\/produktas\/woopie-nuotoliniu-budu-valdomas-keturratis-2-4ghz\/","url":"https:\/\/kidsplay.lt\/produktas\/woopie-nuotoliniu-budu-valdomas-keturratis-2-4ghz\/","name":"WOOPIE nuotoliniu b\u016bdu valdomas keturratis 2.4GHz","isPartOf":{"@id":"https:\/\/kidsplay.lt\/#website"},"primaryImageOfPage":{"@id":"https:\/\/kidsplay.lt\/produktas\/woopie-nuotoliniu-budu-valdomas-keturratis-2-4ghz\/#primaryimage"},"image":{"@id":"https:\/\/kidsplay.lt\/produktas\/woopie-nuotoliniu-budu-valdomas-keturratis-2-4ghz\/#primaryimage"},"thumbnailUrl":"https:\/\/kidsplay.lt\/wp-content\/uploads\/2026\/03\/WOOPIE-nuotoliniu-budu-valdomas-keturratis-2.4GHz.jpg","datePublished":"2026-03-26T09:26:45+00:00","dateModified":"2026-04-13T10:50:13+00:00","description":"WOOPIE nuotoliniu b\u016bdu valdomas keturratis 2.4GHz - KidsPlay. Did\u017eiausias vaik\u0173 \u017eaisl\u0173 pasirinkimas.","breadcrumb":{"@id":"https:\/\/kidsplay.lt\/produktas\/woopie-nuotoliniu-budu-valdomas-keturratis-2-4ghz\/#breadcrumb"},"inLanguage":"lv-LV","potentialAction":[{"@type":"ReadAction","target":["https:\/\/kidsplay.lt\/produktas\/woopie-nuotoliniu-budu-valdomas-keturratis-2-4ghz\/"]}]},{"@type":"ImageObject","inLanguage":"lv-LV","@id":"https:\/\/kidsplay.lt\/produktas\/woopie-nuotoliniu-budu-valdomas-keturratis-2-4ghz\/#primaryimage","url":"https:\/\/kidsplay.lt\/wp-content\/uploads\/2026\/03\/WOOPIE-nuotoliniu-budu-valdomas-keturratis-2.4GHz.jpg","contentUrl":"https:\/\/kidsplay.lt\/wp-content\/uploads\/2026\/03\/WOOPIE-nuotoliniu-budu-valdomas-keturratis-2.4GHz.jpg","width":1000,"height":1000,"caption":"WOOPIE nuotoliniu b\u016bdu valdomas keturratis 2.4GHz"},{"@type":"BreadcrumbList","@id":"https:\/\/kidsplay.lt\/produktas\/woopie-nuotoliniu-budu-valdomas-keturratis-2-4ghz\/#breadcrumb","itemListElement":[{"@type":"ListItem","position":1,"name":"Pagrindinis","item":"https:\/\/kidsplay.lt\/"},{"@type":"ListItem","position":2,"name":"Parduotuv\u0117","item":"https:\/\/kidsplay.lt\/parduotuve\/"},{"@type":"ListItem","position":3,"name":"WOOPIE nuotoliniu b\u016bdu valdomas keturratis 2.4GHz"}]},{"@type":"WebSite","@id":"https:\/\/kidsplay.lt\/#website","url":"https:\/\/kidsplay.lt\/","name":"B\u0113rnu sp\u0113les.lv","description":"\u012evairios prek\u0117s vaikams","publisher":{"@id":"https:\/\/kidsplay.lt\/#organization"},"alternateName":"Kidsplay","potentialAction":[{"@type":"SearchAction","target":{"@type":"EntryPoint","urlTemplate":"https:\/\/kidsplay.lt\/?s={search_term_string}"},"query-input":{"@type":"PropertyValueSpecification","valueRequired":true,"valueName":"search_term_string"}}],"inLanguage":"lv-LV"},{"@type":"Organization","@id":"https:\/\/kidsplay.lt\/#organization","name":"B\u0113rnu sp\u0113le","url":"https:\/\/kidsplay.lt\/","logo":{"@type":"ImageObject","inLanguage":"lv-LV","@id":"https:\/\/kidsplay.lt\/#\/schema\/logo\/image\/","url":"https:\/\/kidsplay.lt\/wp-content\/uploads\/2023\/07\/kidsplay-logo.png","contentUrl":"https:\/\/kidsplay.lt\/wp-content\/uploads\/2023\/07\/kidsplay-logo.png","width":451,"height":98,"caption":"KidsPlay"},"image":{"@id":"https:\/\/kidsplay.lt\/#\/schema\/logo\/image\/"},"sameAs":["https:\/\/www.facebook.com\/www.kidsplay.lt"]}]}},"_links":{"self":[{"href":"https:\/\/kidsplay.lt\/lv\/wp-json\/wp\/v2\/product\/96333","targetHints":{"allow":["GET"]}}],"collection":[{"href":"https:\/\/kidsplay.lt\/lv\/wp-json\/wp\/v2\/product"}],"about":[{"href":"https:\/\/kidsplay.lt\/lv\/wp-json\/wp\/v2\/types\/product"}],"version-history":[{"count":1,"href":"https:\/\/kidsplay.lt\/lv\/wp-json\/wp\/v2\/product\/96333\/revisions"}],"predecessor-version":[{"id":96334,"href":"https:\/\/kidsplay.lt\/lv\/wp-json\/wp\/v2\/product\/96333\/revisions\/96334"}],"wp:featuredmedia":[{"embeddable":true,"href":"https:\/\/kidsplay.lt\/lv\/wp-json\/wp\/v2\/media\/96335"}],"wp:attachment":[{"href":"https:\/\/kidsplay.lt\/lv\/wp-json\/wp\/v2\/media?parent=96333"}],"wp:term":[{"taxonomy":"product_brand","embeddable":true,"href":"https:\/\/kidsplay.lt\/lv\/wp-json\/wp\/v2\/product_brand?post=96333"},{"taxonomy":"product_cat","embeddable":true,"href":"https:\/\/kidsplay.lt\/lv\/wp-json\/wp\/v2\/product_cat?post=96333"},{"taxonomy":"product_tag","embeddable":true,"href":"https:\/\/kidsplay.lt\/lv\/wp-json\/wp\/v2\/product_tag?post=96333"}],"curies":[{"name":"wp","href":"https:\/\/api.w.org\/{rel}","templated":true}]}}