{"id":96350,"date":"2026-03-26T11:27:34","date_gmt":"2026-03-26T09:27:34","guid":{"rendered":"https:\/\/kidsplay.lt\/produktas\/woopie-6in1-statybinis-sunkvezimis-su-kranu\/"},"modified":"2026-04-20T07:21:42","modified_gmt":"2026-04-20T04:21:42","slug":"woopie-6in1-statybinis-sunkvezimis-su-kranu","status":"publish","type":"product","link":"https:\/\/kidsplay.lt\/lv\/products\/woopie-6in1-statybinis-sunkvezimis-su-kranu\/","title":{"rendered":"WOOPIE 6in1 celtniec\u012bbas kravas automa\u0161\u012bna ar celtni"},"content":{"rendered":"<p>WOOPIE 6\u2011in\u20111 statybinio sunkve\u017eimio, krano ir pried\u0173 rinkinys \u2013 \u012fsp\u016bdingas, didelis \u017eaislas, kuris akimirksniu virsta tikra statyb\u0173 aik\u0161tele. Auk\u0161tas, stabilus kranas su metaliniu svoriu leid\u017eia perkelti med\u017eiagas \u012f reikiam\u0105 viet\u0105, o kelio \u017eenklai u\u017etikrina \u017eaidimo saugum\u0105 ir realizm\u0105. \u0160is rinkinys garantuoja valandas \u012ftraukian\u010dio \u017eaidimo, kuris tikrai sudomins vaik\u0105.<br \/>\nFunkcijas:<\/p>\n<p> \t\u017eaislas tinkamas vaikams nuo 3 met\u0173<br \/>\n \trinkinyje 1 didelis sunkve\u017eimis ir 6 ma\u017eos statybin\u0117s ma\u0161in\u0117l\u0117s<br \/>\n \tautomobiliai pagaminti i\u0161 metalo ir plastiko, ry\u0161ki\u0173 spalv\u0173<br \/>\n \tskatina vaizduot\u0119 ir k\u016brybi\u0161kum\u0105<br \/>\n \tlavina aki\u0173\u2013rank\u0173 koordinacij\u0105<br \/>\n \tkomplekte yra ma\u0161in\u0117li\u0173 paleidimo mechanizmas<br \/>\n \tmaitinimas: 3 x AA baterijos (nepridedamos)<\/p>\n<p>Komplekt\u0101 ietilpst:<\/p>\n<p> \tdidelis sunkve\u017eimis su atlenkiama platforma<br \/>\n \tkranas<br \/>\n \tbetono mai\u0161ykl\u0117<br \/>\n \tkelio volas<br \/>\n \tkrautuvas<br \/>\n \tvik\u0161rinis ekskavatorius<br \/>\n \tkrautuvas (charger)<br \/>\n \tve\u017eim\u0117lis<br \/>\n \t8 k\u016bgiai<br \/>\n \t4 statybiniai statiniai (barrel)<br \/>\n \t8 \u012fsp\u0117jamieji \u017eenklai<br \/>\n \t6 \u012fsp\u0117jamosios u\u017etvaros<br \/>\n \ttvorel\u0117<br \/>\n \t8 raudonos ir baltos juostos<br \/>\n \tkarutis<br \/>\n \tkastuvas<br \/>\n \t2 statybinink\u0173 fig\u016br\u0117l\u0117s<\/p>","protected":false},"excerpt":{"rendered":"<p>WOOPIE 6\u2011in\u20111 statybinio sunkve\u017eimio, krano ir pried\u0173 rinkinys \u2013 \u012fsp\u016bdingas, didelis \u017eaislas, kuris akimirksniu virsta tikra statyb\u0173 aik\u0161tele. Auk\u0161tas, stabilus<\/p>","protected":false},"featured_media":96352,"template":"","meta":{"_acf_changed":false,"_glsr_average":0,"_glsr_ranking":0,"_glsr_reviews":0},"product_brand":[],"product_cat":[448,229],"product_tag":[],"class_list":{"0":"post-96350","1":"product","2":"type-product","3":"status-publish","4":"has-post-thumbnail","6":"product_cat-automobiliai-ir-transportas","7":"product_cat-zaislai-vaikams","8":"\"style=\"background-color: #2ecc711c;\"","10":"first","11":"instock","12":"purchasable","13":"product-type-simple"},"acf":[],"yoast_head":"<!-- This site is optimized with the Yoast SEO plugin v27.4 - https:\/\/yoast.com\/product\/yoast-seo-wordpress\/ -->\n<title>WOOPIE 6in1 statybinis sunkve\u017eimis su kranu<\/title>\n<meta name=\"description\" content=\"WOOPIE 6in1 statybinis sunkve\u017eimis su kranu - KidsPlay. Did\u017eiausias vaik\u0173 \u017eaisl\u0173 pasirinkimas.\" \/>\n<meta name=\"robots\" content=\"index, follow, max-snippet:-1, max-image-preview:large, max-video-preview:-1\" \/>\n<link rel=\"canonical\" href=\"https:\/\/kidsplay.lt\/lv\/products\/woopie-6in1-statybinis-sunkvezimis-su-kranu\/\" \/>\n<meta property=\"og:locale\" content=\"lv_LV\" \/>\n<meta property=\"og:type\" content=\"article\" \/>\n<meta property=\"og:title\" content=\"WOOPIE 6in1 statybinis sunkve\u017eimis su kranu\" \/>\n<meta property=\"og:description\" content=\"WOOPIE 6in1 statybinis sunkve\u017eimis su kranu - KidsPlay. Did\u017eiausias vaik\u0173 \u017eaisl\u0173 pasirinkimas.\" \/>\n<meta property=\"og:url\" content=\"https:\/\/kidsplay.lt\/lv\/products\/woopie-6in1-statybinis-sunkvezimis-su-kranu\/\" \/>\n<meta property=\"og:site_name\" content=\"KidsPlay\" \/>\n<meta property=\"article:publisher\" content=\"https:\/\/www.facebook.com\/www.kidsplay.lt\" \/>\n<meta property=\"article:modified_time\" content=\"2026-04-20T04:21:42+00:00\" \/>\n<meta property=\"og:image\" content=\"https:\/\/kidsplay.lt\/wp-content\/uploads\/2026\/03\/WOOPIE-6in1-statybinis-sunkvezimis-su-kranu.jpg\" \/>\n\t<meta property=\"og:image:width\" content=\"800\" \/>\n\t<meta property=\"og:image:height\" content=\"800\" \/>\n\t<meta property=\"og:image:type\" content=\"image\/jpeg\" \/>\n<meta name=\"twitter:card\" content=\"summary_large_image\" \/>\n<meta name=\"twitter:label1\" content=\"Est. reading time\" \/>\n\t<meta name=\"twitter:data1\" content=\"1 min\u016bte\" \/>\n<script type=\"application\/ld+json\" class=\"yoast-schema-graph\">{\"@context\":\"https:\\\/\\\/schema.org\",\"@graph\":[{\"@type\":\"WebPage\",\"@id\":\"https:\\\/\\\/kidsplay.lt\\\/produktas\\\/woopie-6in1-statybinis-sunkvezimis-su-kranu\\\/\",\"url\":\"https:\\\/\\\/kidsplay.lt\\\/produktas\\\/woopie-6in1-statybinis-sunkvezimis-su-kranu\\\/\",\"name\":\"WOOPIE 6in1 statybinis sunkve\u017eimis su kranu\",\"isPartOf\":{\"@id\":\"https:\\\/\\\/kidsplay.lt\\\/#website\"},\"primaryImageOfPage\":{\"@id\":\"https:\\\/\\\/kidsplay.lt\\\/produktas\\\/woopie-6in1-statybinis-sunkvezimis-su-kranu\\\/#primaryimage\"},\"image\":{\"@id\":\"https:\\\/\\\/kidsplay.lt\\\/produktas\\\/woopie-6in1-statybinis-sunkvezimis-su-kranu\\\/#primaryimage\"},\"thumbnailUrl\":\"https:\\\/\\\/kidsplay.lt\\\/wp-content\\\/uploads\\\/2026\\\/03\\\/WOOPIE-6in1-statybinis-sunkvezimis-su-kranu.jpg\",\"datePublished\":\"2026-03-26T09:27:34+00:00\",\"dateModified\":\"2026-04-20T04:21:42+00:00\",\"description\":\"WOOPIE 6in1 statybinis sunkve\u017eimis su kranu - KidsPlay. Did\u017eiausias vaik\u0173 \u017eaisl\u0173 pasirinkimas.\",\"breadcrumb\":{\"@id\":\"https:\\\/\\\/kidsplay.lt\\\/produktas\\\/woopie-6in1-statybinis-sunkvezimis-su-kranu\\\/#breadcrumb\"},\"inLanguage\":\"lv-LV\",\"potentialAction\":[{\"@type\":\"ReadAction\",\"target\":[\"https:\\\/\\\/kidsplay.lt\\\/produktas\\\/woopie-6in1-statybinis-sunkvezimis-su-kranu\\\/\"]}]},{\"@type\":\"ImageObject\",\"inLanguage\":\"lv-LV\",\"@id\":\"https:\\\/\\\/kidsplay.lt\\\/produktas\\\/woopie-6in1-statybinis-sunkvezimis-su-kranu\\\/#primaryimage\",\"url\":\"https:\\\/\\\/kidsplay.lt\\\/wp-content\\\/uploads\\\/2026\\\/03\\\/WOOPIE-6in1-statybinis-sunkvezimis-su-kranu.jpg\",\"contentUrl\":\"https:\\\/\\\/kidsplay.lt\\\/wp-content\\\/uploads\\\/2026\\\/03\\\/WOOPIE-6in1-statybinis-sunkvezimis-su-kranu.jpg\",\"width\":800,\"height\":800,\"caption\":\"WOOPIE 6in1 statybinis sunkve\u017eimis su kranu\"},{\"@type\":\"BreadcrumbList\",\"@id\":\"https:\\\/\\\/kidsplay.lt\\\/produktas\\\/woopie-6in1-statybinis-sunkvezimis-su-kranu\\\/#breadcrumb\",\"itemListElement\":[{\"@type\":\"ListItem\",\"position\":1,\"name\":\"Pagrindinis\",\"item\":\"https:\\\/\\\/kidsplay.lt\\\/\"},{\"@type\":\"ListItem\",\"position\":2,\"name\":\"Parduotuv\u0117\",\"item\":\"https:\\\/\\\/kidsplay.lt\\\/parduotuve\\\/\"},{\"@type\":\"ListItem\",\"position\":3,\"name\":\"WOOPIE 6in1 statybinis sunkve\u017eimis su kranu\"}]},{\"@type\":\"WebSite\",\"@id\":\"https:\\\/\\\/kidsplay.lt\\\/#website\",\"url\":\"https:\\\/\\\/kidsplay.lt\\\/\",\"name\":\"Kidsplay.lt\",\"description\":\"\u012evairios prek\u0117s vaikams\",\"publisher\":{\"@id\":\"https:\\\/\\\/kidsplay.lt\\\/#organization\"},\"alternateName\":\"Kidsplay\",\"potentialAction\":[{\"@type\":\"SearchAction\",\"target\":{\"@type\":\"EntryPoint\",\"urlTemplate\":\"https:\\\/\\\/kidsplay.lt\\\/?s={search_term_string}\"},\"query-input\":{\"@type\":\"PropertyValueSpecification\",\"valueRequired\":true,\"valueName\":\"search_term_string\"}}],\"inLanguage\":\"lv-LV\"},{\"@type\":\"Organization\",\"@id\":\"https:\\\/\\\/kidsplay.lt\\\/#organization\",\"name\":\"KidsPlay\",\"url\":\"https:\\\/\\\/kidsplay.lt\\\/\",\"logo\":{\"@type\":\"ImageObject\",\"inLanguage\":\"lv-LV\",\"@id\":\"https:\\\/\\\/kidsplay.lt\\\/#\\\/schema\\\/logo\\\/image\\\/\",\"url\":\"https:\\\/\\\/kidsplay.lt\\\/wp-content\\\/uploads\\\/2023\\\/07\\\/kidsplay-logo.png\",\"contentUrl\":\"https:\\\/\\\/kidsplay.lt\\\/wp-content\\\/uploads\\\/2023\\\/07\\\/kidsplay-logo.png\",\"width\":451,\"height\":98,\"caption\":\"KidsPlay\"},\"image\":{\"@id\":\"https:\\\/\\\/kidsplay.lt\\\/#\\\/schema\\\/logo\\\/image\\\/\"},\"sameAs\":[\"https:\\\/\\\/www.facebook.com\\\/www.kidsplay.lt\"]}]}<\/script>\n<!-- \/ Yoast SEO plugin. -->","yoast_head_json":{"title":"WOOPIE 6in1 celtniec\u012bbas kravas automa\u0161\u012bna ar celtni","description":"WOOPIE 6in1 statybinis sunkve\u017eimis su kranu - KidsPlay. Did\u017eiausias vaik\u0173 \u017eaisl\u0173 pasirinkimas.","robots":{"index":"index","follow":"follow","max-snippet":"max-snippet:-1","max-image-preview":"max-image-preview:large","max-video-preview":"max-video-preview:-1"},"canonical":"https:\/\/kidsplay.lt\/lv\/products\/woopie-6in1-statybinis-sunkvezimis-su-kranu\/","og_locale":"lv_LV","og_type":"article","og_title":"WOOPIE 6in1 statybinis sunkve\u017eimis su kranu","og_description":"WOOPIE 6in1 statybinis sunkve\u017eimis su kranu - KidsPlay. Did\u017eiausias vaik\u0173 \u017eaisl\u0173 pasirinkimas.","og_url":"https:\/\/kidsplay.lt\/lv\/products\/woopie-6in1-statybinis-sunkvezimis-su-kranu\/","og_site_name":"KidsPlay","article_publisher":"https:\/\/www.facebook.com\/www.kidsplay.lt","article_modified_time":"2026-04-20T04:21:42+00:00","og_image":[{"width":800,"height":800,"url":"https:\/\/kidsplay.lt\/wp-content\/uploads\/2026\/03\/WOOPIE-6in1-statybinis-sunkvezimis-su-kranu.jpg","type":"image\/jpeg"}],"twitter_card":"summary_large_image","twitter_misc":{"Est. reading time":"1 min\u016bte"},"schema":{"@context":"https:\/\/schema.org","@graph":[{"@type":"WebPage","@id":"https:\/\/kidsplay.lt\/produktas\/woopie-6in1-statybinis-sunkvezimis-su-kranu\/","url":"https:\/\/kidsplay.lt\/produktas\/woopie-6in1-statybinis-sunkvezimis-su-kranu\/","name":"WOOPIE 6in1 celtniec\u012bbas kravas automa\u0161\u012bna ar celtni","isPartOf":{"@id":"https:\/\/kidsplay.lt\/#website"},"primaryImageOfPage":{"@id":"https:\/\/kidsplay.lt\/produktas\/woopie-6in1-statybinis-sunkvezimis-su-kranu\/#primaryimage"},"image":{"@id":"https:\/\/kidsplay.lt\/produktas\/woopie-6in1-statybinis-sunkvezimis-su-kranu\/#primaryimage"},"thumbnailUrl":"https:\/\/kidsplay.lt\/wp-content\/uploads\/2026\/03\/WOOPIE-6in1-statybinis-sunkvezimis-su-kranu.jpg","datePublished":"2026-03-26T09:27:34+00:00","dateModified":"2026-04-20T04:21:42+00:00","description":"WOOPIE 6in1 statybinis sunkve\u017eimis su kranu - KidsPlay. Did\u017eiausias vaik\u0173 \u017eaisl\u0173 pasirinkimas.","breadcrumb":{"@id":"https:\/\/kidsplay.lt\/produktas\/woopie-6in1-statybinis-sunkvezimis-su-kranu\/#breadcrumb"},"inLanguage":"lv-LV","potentialAction":[{"@type":"ReadAction","target":["https:\/\/kidsplay.lt\/produktas\/woopie-6in1-statybinis-sunkvezimis-su-kranu\/"]}]},{"@type":"ImageObject","inLanguage":"lv-LV","@id":"https:\/\/kidsplay.lt\/produktas\/woopie-6in1-statybinis-sunkvezimis-su-kranu\/#primaryimage","url":"https:\/\/kidsplay.lt\/wp-content\/uploads\/2026\/03\/WOOPIE-6in1-statybinis-sunkvezimis-su-kranu.jpg","contentUrl":"https:\/\/kidsplay.lt\/wp-content\/uploads\/2026\/03\/WOOPIE-6in1-statybinis-sunkvezimis-su-kranu.jpg","width":800,"height":800,"caption":"WOOPIE 6in1 statybinis sunkve\u017eimis su kranu"},{"@type":"BreadcrumbList","@id":"https:\/\/kidsplay.lt\/produktas\/woopie-6in1-statybinis-sunkvezimis-su-kranu\/#breadcrumb","itemListElement":[{"@type":"ListItem","position":1,"name":"Pagrindinis","item":"https:\/\/kidsplay.lt\/"},{"@type":"ListItem","position":2,"name":"Parduotuv\u0117","item":"https:\/\/kidsplay.lt\/parduotuve\/"},{"@type":"ListItem","position":3,"name":"WOOPIE 6in1 statybinis sunkve\u017eimis su kranu"}]},{"@type":"WebSite","@id":"https:\/\/kidsplay.lt\/#website","url":"https:\/\/kidsplay.lt\/","name":"B\u0113rnu sp\u0113les.lv","description":"\u012evairios prek\u0117s vaikams","publisher":{"@id":"https:\/\/kidsplay.lt\/#organization"},"alternateName":"Kidsplay","potentialAction":[{"@type":"SearchAction","target":{"@type":"EntryPoint","urlTemplate":"https:\/\/kidsplay.lt\/?s={search_term_string}"},"query-input":{"@type":"PropertyValueSpecification","valueRequired":true,"valueName":"search_term_string"}}],"inLanguage":"lv-LV"},{"@type":"Organization","@id":"https:\/\/kidsplay.lt\/#organization","name":"B\u0113rnu sp\u0113le","url":"https:\/\/kidsplay.lt\/","logo":{"@type":"ImageObject","inLanguage":"lv-LV","@id":"https:\/\/kidsplay.lt\/#\/schema\/logo\/image\/","url":"https:\/\/kidsplay.lt\/wp-content\/uploads\/2023\/07\/kidsplay-logo.png","contentUrl":"https:\/\/kidsplay.lt\/wp-content\/uploads\/2023\/07\/kidsplay-logo.png","width":451,"height":98,"caption":"KidsPlay"},"image":{"@id":"https:\/\/kidsplay.lt\/#\/schema\/logo\/image\/"},"sameAs":["https:\/\/www.facebook.com\/www.kidsplay.lt"]}]}},"_links":{"self":[{"href":"https:\/\/kidsplay.lt\/lv\/wp-json\/wp\/v2\/product\/96350","targetHints":{"allow":["GET"]}}],"collection":[{"href":"https:\/\/kidsplay.lt\/lv\/wp-json\/wp\/v2\/product"}],"about":[{"href":"https:\/\/kidsplay.lt\/lv\/wp-json\/wp\/v2\/types\/product"}],"version-history":[{"count":1,"href":"https:\/\/kidsplay.lt\/lv\/wp-json\/wp\/v2\/product\/96350\/revisions"}],"predecessor-version":[{"id":96351,"href":"https:\/\/kidsplay.lt\/lv\/wp-json\/wp\/v2\/product\/96350\/revisions\/96351"}],"wp:featuredmedia":[{"embeddable":true,"href":"https:\/\/kidsplay.lt\/lv\/wp-json\/wp\/v2\/media\/96352"}],"wp:attachment":[{"href":"https:\/\/kidsplay.lt\/lv\/wp-json\/wp\/v2\/media?parent=96350"}],"wp:term":[{"taxonomy":"product_brand","embeddable":true,"href":"https:\/\/kidsplay.lt\/lv\/wp-json\/wp\/v2\/product_brand?post=96350"},{"taxonomy":"product_cat","embeddable":true,"href":"https:\/\/kidsplay.lt\/lv\/wp-json\/wp\/v2\/product_cat?post=96350"},{"taxonomy":"product_tag","embeddable":true,"href":"https:\/\/kidsplay.lt\/lv\/wp-json\/wp\/v2\/product_tag?post=96350"}],"curies":[{"name":"wp","href":"https:\/\/api.w.org\/{rel}","templated":true}]}}