{"id":96357,"date":"2026-03-26T11:27:55","date_gmt":"2026-03-26T09:27:55","guid":{"rendered":"https:\/\/kidsplay.lt\/produktas\/woopie-3in1-gaisrines-sunkvezimis-su-paleidimo-funkcija-5-automobiliais-ir-sraigtasparniu\/"},"modified":"2026-04-13T13:50:29","modified_gmt":"2026-04-13T10:50:29","slug":"woopie-3in1-gaisrines-sunkvezimis-su-paleidimo-funkcija-5-automobiliais-ir-sraigtasparniu","status":"publish","type":"product","link":"https:\/\/kidsplay.lt\/lv\/products\/woopie-3in1-gaisrines-sunkvezimis-su-paleidimo-funkcija-5-automobiliais-ir-sraigtasparniu\/","title":{"rendered":"WOOPIE 3in1 gaisrin\u0117s sunkve\u017eimis su paleidimo funkcija, 5 automobiliais ir sraigtasparniu"},"content":{"rendered":"<p>WOOPIE 3\u2011in\u20111 gaisrin\u0117s sunkve\u017eimis \u2013 tai idealus \u017eaislas kiekvienam ma\u017eajam gaisrin\u0117s technikos, transporto ir veiksmo gerb\u0117jui. Rinkinyje yra didelis sunkve\u017eimio priekabos vilkikas, talpinantis net keturis gaisrin\u0117s automobilius, sraigtasparn\u012f ir papildomus \u012fsp\u0117jamuosius kelio \u017eenklus, kurie suteikia \u017eaidimui dar daugiau realisti\u0161kumo.<\/p>\n<p>D\u0117l specialaus paleidimo mechanizmo, \u012fmontuoto priekaboje, vaikai gali i\u0161\u0161auti automobilius skirtingais atstumais. 40 cm ilgio priekaba yra pakankamai didel\u0117, kad tilpt\u0173 visi automobiliai ir priedai. Rinkinys puikiai lavina vaik\u0173 vaizduot\u0119, skatina kurti savo gelb\u0117jimo scenarijus, o \u012fsp\u0117jamieji \u017eenklai padeda susipa\u017einti su keli\u0173 eismo saugumo pagrindais. Tai \u017eaidimas, kuris vienu metu ir \u012fdomus, ir edukacinis.<br \/>\nFunkcijas:<\/p>\n<p> \t\u017eaislas tinkamas vaikams nuo 3 met\u0173<br \/>\n \tvilkikas turi automobilio paleidimo mechanizm\u0105 \u2013 \u012fd\u0117kite automobil\u012f \u012f ang\u0105 ant stogo ir jis i\u0161\u0161aus pro kapot\u0105<br \/>\n \tu\u017erakinama priekaba puikiai tinka automobiliams laikyti po \u017eaidimo<br \/>\n \t\u012fsp\u0117jamieji \u017eenklai supa\u017eindina su keli\u0173 eismo taisykl\u0117mis<br \/>\n \tauk\u0161tos kokyb\u0117s med\u017eiagos u\u017etikrina ilgaam\u017ei\u0161kum\u0105 ir saug\u0173 \u017eaidim\u0105<br \/>\n \tlavina vaizduot\u0119, motorik\u0105 ir rank\u0173 miklum\u0105<br \/>\n \try\u0161kios detal\u0117s traukia d\u0117mes\u012f ir skatina ilgalaik\u012f \u017eaidim\u0105<\/p>\n<p>Komplekt\u0101 ietilpst:<\/p>\n<p> \t3\u2011in\u20111 sunkve\u017eimis: vilkikas, paleidimo mechanizmas, priekaba (iki 40 cm)<br \/>\n \t5 automobiliai, \u012fskaitant gaisrin\u0117s transport\u0105<br \/>\n \tsraigtasparnis<br \/>\n \tkelio k\u016bgis<br \/>\n \tkelio u\u017etvara<br \/>\n \tSTOP \u017eenklas<br \/>\n \t\u012fsp\u0117jamasis \u017eenklas<\/p>","protected":false},"excerpt":{"rendered":"<p>WOOPIE 3\u2011in\u20111 gaisrin\u0117s sunkve\u017eimis \u2013 tai idealus \u017eaislas kiekvienam ma\u017eajam gaisrin\u0117s technikos, transporto ir veiksmo gerb\u0117jui. Rinkinyje yra didelis sunkve\u017eimio<\/p>","protected":false},"featured_media":96359,"template":"","meta":{"_acf_changed":false,"_glsr_average":0,"_glsr_ranking":0,"_glsr_reviews":0},"product_brand":[],"product_cat":[448,229],"product_tag":[],"class_list":{"0":"post-96357","1":"product","2":"type-product","3":"status-publish","4":"has-post-thumbnail","6":"product_cat-automobiliai-ir-transportas","7":"product_cat-zaislai-vaikams","8":"\"style=\"background-color: #2ecc711c;\"","10":"first","11":"instock","12":"purchasable","13":"product-type-simple"},"acf":[],"yoast_head":"<!-- This site is optimized with the Yoast SEO plugin v27.4 - https:\/\/yoast.com\/product\/yoast-seo-wordpress\/ -->\n<title>WOOPIE 3in1 gaisrin\u0117s sunkve\u017eimis su paleidimo funkcija, 5 automobiliais ir sraigtasparniu<\/title>\n<meta name=\"description\" content=\"WOOPIE 3in1 gaisrin\u0117s sunkve\u017eimis su paleidimo funkcija, 5 automobiliais ir sraigtasparniu - KidsPlay. Did\u017eiausias vaik\u0173 \u017eaisl\u0173 pasirinkimas.\" \/>\n<meta name=\"robots\" content=\"index, follow, max-snippet:-1, max-image-preview:large, max-video-preview:-1\" \/>\n<link rel=\"canonical\" href=\"https:\/\/kidsplay.lt\/lv\/products\/woopie-3in1-gaisrines-sunkvezimis-su-paleidimo-funkcija-5-automobiliais-ir-sraigtasparniu\/\" \/>\n<meta property=\"og:locale\" content=\"lv_LV\" \/>\n<meta property=\"og:type\" content=\"article\" \/>\n<meta property=\"og:title\" content=\"WOOPIE 3in1 gaisrin\u0117s sunkve\u017eimis su paleidimo funkcija, 5 automobiliais ir sraigtasparniu\" \/>\n<meta property=\"og:description\" content=\"WOOPIE 3in1 gaisrin\u0117s sunkve\u017eimis su paleidimo funkcija, 5 automobiliais ir sraigtasparniu - KidsPlay. Did\u017eiausias vaik\u0173 \u017eaisl\u0173 pasirinkimas.\" \/>\n<meta property=\"og:url\" content=\"https:\/\/kidsplay.lt\/lv\/products\/woopie-3in1-gaisrines-sunkvezimis-su-paleidimo-funkcija-5-automobiliais-ir-sraigtasparniu\/\" \/>\n<meta property=\"og:site_name\" content=\"KidsPlay\" \/>\n<meta property=\"article:publisher\" content=\"https:\/\/www.facebook.com\/www.kidsplay.lt\" \/>\n<meta property=\"article:modified_time\" content=\"2026-04-13T10:50:29+00:00\" \/>\n<meta property=\"og:image\" content=\"https:\/\/kidsplay.lt\/wp-content\/uploads\/2026\/03\/WOOPIE-3in1-gaisrines-sunkvezimis-su-paleidimo-funkcija-5-automobiliais-ir-sraigtasparniu.jpg\" \/>\n\t<meta property=\"og:image:width\" content=\"1000\" \/>\n\t<meta property=\"og:image:height\" content=\"1000\" \/>\n\t<meta property=\"og:image:type\" content=\"image\/jpeg\" \/>\n<meta name=\"twitter:card\" content=\"summary_large_image\" \/>\n<meta name=\"twitter:label1\" content=\"Est. reading time\" \/>\n\t<meta name=\"twitter:data1\" content=\"1 min\u016bte\" \/>\n<script type=\"application\/ld+json\" class=\"yoast-schema-graph\">{\"@context\":\"https:\\\/\\\/schema.org\",\"@graph\":[{\"@type\":\"WebPage\",\"@id\":\"https:\\\/\\\/kidsplay.lt\\\/produktas\\\/woopie-3in1-gaisrines-sunkvezimis-su-paleidimo-funkcija-5-automobiliais-ir-sraigtasparniu\\\/\",\"url\":\"https:\\\/\\\/kidsplay.lt\\\/produktas\\\/woopie-3in1-gaisrines-sunkvezimis-su-paleidimo-funkcija-5-automobiliais-ir-sraigtasparniu\\\/\",\"name\":\"WOOPIE 3in1 gaisrin\u0117s sunkve\u017eimis su paleidimo funkcija, 5 automobiliais ir sraigtasparniu\",\"isPartOf\":{\"@id\":\"https:\\\/\\\/kidsplay.lt\\\/#website\"},\"primaryImageOfPage\":{\"@id\":\"https:\\\/\\\/kidsplay.lt\\\/produktas\\\/woopie-3in1-gaisrines-sunkvezimis-su-paleidimo-funkcija-5-automobiliais-ir-sraigtasparniu\\\/#primaryimage\"},\"image\":{\"@id\":\"https:\\\/\\\/kidsplay.lt\\\/produktas\\\/woopie-3in1-gaisrines-sunkvezimis-su-paleidimo-funkcija-5-automobiliais-ir-sraigtasparniu\\\/#primaryimage\"},\"thumbnailUrl\":\"https:\\\/\\\/kidsplay.lt\\\/wp-content\\\/uploads\\\/2026\\\/03\\\/WOOPIE-3in1-gaisrines-sunkvezimis-su-paleidimo-funkcija-5-automobiliais-ir-sraigtasparniu.jpg\",\"datePublished\":\"2026-03-26T09:27:55+00:00\",\"dateModified\":\"2026-04-13T10:50:29+00:00\",\"description\":\"WOOPIE 3in1 gaisrin\u0117s sunkve\u017eimis su paleidimo funkcija, 5 automobiliais ir sraigtasparniu - KidsPlay. Did\u017eiausias vaik\u0173 \u017eaisl\u0173 pasirinkimas.\",\"breadcrumb\":{\"@id\":\"https:\\\/\\\/kidsplay.lt\\\/produktas\\\/woopie-3in1-gaisrines-sunkvezimis-su-paleidimo-funkcija-5-automobiliais-ir-sraigtasparniu\\\/#breadcrumb\"},\"inLanguage\":\"lv-LV\",\"potentialAction\":[{\"@type\":\"ReadAction\",\"target\":[\"https:\\\/\\\/kidsplay.lt\\\/produktas\\\/woopie-3in1-gaisrines-sunkvezimis-su-paleidimo-funkcija-5-automobiliais-ir-sraigtasparniu\\\/\"]}]},{\"@type\":\"ImageObject\",\"inLanguage\":\"lv-LV\",\"@id\":\"https:\\\/\\\/kidsplay.lt\\\/produktas\\\/woopie-3in1-gaisrines-sunkvezimis-su-paleidimo-funkcija-5-automobiliais-ir-sraigtasparniu\\\/#primaryimage\",\"url\":\"https:\\\/\\\/kidsplay.lt\\\/wp-content\\\/uploads\\\/2026\\\/03\\\/WOOPIE-3in1-gaisrines-sunkvezimis-su-paleidimo-funkcija-5-automobiliais-ir-sraigtasparniu.jpg\",\"contentUrl\":\"https:\\\/\\\/kidsplay.lt\\\/wp-content\\\/uploads\\\/2026\\\/03\\\/WOOPIE-3in1-gaisrines-sunkvezimis-su-paleidimo-funkcija-5-automobiliais-ir-sraigtasparniu.jpg\",\"width\":1000,\"height\":1000,\"caption\":\"WOOPIE 3in1 gaisrin\u0117s sunkve\u017eimis su paleidimo funkcija\"},{\"@type\":\"BreadcrumbList\",\"@id\":\"https:\\\/\\\/kidsplay.lt\\\/produktas\\\/woopie-3in1-gaisrines-sunkvezimis-su-paleidimo-funkcija-5-automobiliais-ir-sraigtasparniu\\\/#breadcrumb\",\"itemListElement\":[{\"@type\":\"ListItem\",\"position\":1,\"name\":\"Pagrindinis\",\"item\":\"https:\\\/\\\/kidsplay.lt\\\/\"},{\"@type\":\"ListItem\",\"position\":2,\"name\":\"Parduotuv\u0117\",\"item\":\"https:\\\/\\\/kidsplay.lt\\\/parduotuve\\\/\"},{\"@type\":\"ListItem\",\"position\":3,\"name\":\"WOOPIE 3in1 gaisrin\u0117s sunkve\u017eimis su paleidimo funkcija, 5 automobiliais ir sraigtasparniu\"}]},{\"@type\":\"WebSite\",\"@id\":\"https:\\\/\\\/kidsplay.lt\\\/#website\",\"url\":\"https:\\\/\\\/kidsplay.lt\\\/\",\"name\":\"Kidsplay.lt\",\"description\":\"\u012evairios prek\u0117s vaikams\",\"publisher\":{\"@id\":\"https:\\\/\\\/kidsplay.lt\\\/#organization\"},\"alternateName\":\"Kidsplay\",\"potentialAction\":[{\"@type\":\"SearchAction\",\"target\":{\"@type\":\"EntryPoint\",\"urlTemplate\":\"https:\\\/\\\/kidsplay.lt\\\/?s={search_term_string}\"},\"query-input\":{\"@type\":\"PropertyValueSpecification\",\"valueRequired\":true,\"valueName\":\"search_term_string\"}}],\"inLanguage\":\"lv-LV\"},{\"@type\":\"Organization\",\"@id\":\"https:\\\/\\\/kidsplay.lt\\\/#organization\",\"name\":\"KidsPlay\",\"url\":\"https:\\\/\\\/kidsplay.lt\\\/\",\"logo\":{\"@type\":\"ImageObject\",\"inLanguage\":\"lv-LV\",\"@id\":\"https:\\\/\\\/kidsplay.lt\\\/#\\\/schema\\\/logo\\\/image\\\/\",\"url\":\"https:\\\/\\\/kidsplay.lt\\\/wp-content\\\/uploads\\\/2023\\\/07\\\/kidsplay-logo.png\",\"contentUrl\":\"https:\\\/\\\/kidsplay.lt\\\/wp-content\\\/uploads\\\/2023\\\/07\\\/kidsplay-logo.png\",\"width\":451,\"height\":98,\"caption\":\"KidsPlay\"},\"image\":{\"@id\":\"https:\\\/\\\/kidsplay.lt\\\/#\\\/schema\\\/logo\\\/image\\\/\"},\"sameAs\":[\"https:\\\/\\\/www.facebook.com\\\/www.kidsplay.lt\"]}]}<\/script>\n<!-- \/ Yoast SEO plugin. -->","yoast_head_json":{"title":"WOOPIE 3in1 gaisrin\u0117s sunkve\u017eimis su paleidimo funkcija, 5 automobiliais ir sraigtasparniu","description":"WOOPIE 3in1 gaisrin\u0117s sunkve\u017eimis su paleidimo funkcija, 5 automobiliais ir sraigtasparniu - KidsPlay. Did\u017eiausias vaik\u0173 \u017eaisl\u0173 pasirinkimas.","robots":{"index":"index","follow":"follow","max-snippet":"max-snippet:-1","max-image-preview":"max-image-preview:large","max-video-preview":"max-video-preview:-1"},"canonical":"https:\/\/kidsplay.lt\/lv\/products\/woopie-3in1-gaisrines-sunkvezimis-su-paleidimo-funkcija-5-automobiliais-ir-sraigtasparniu\/","og_locale":"lv_LV","og_type":"article","og_title":"WOOPIE 3in1 gaisrin\u0117s sunkve\u017eimis su paleidimo funkcija, 5 automobiliais ir sraigtasparniu","og_description":"WOOPIE 3in1 gaisrin\u0117s sunkve\u017eimis su paleidimo funkcija, 5 automobiliais ir sraigtasparniu - KidsPlay. Did\u017eiausias vaik\u0173 \u017eaisl\u0173 pasirinkimas.","og_url":"https:\/\/kidsplay.lt\/lv\/products\/woopie-3in1-gaisrines-sunkvezimis-su-paleidimo-funkcija-5-automobiliais-ir-sraigtasparniu\/","og_site_name":"KidsPlay","article_publisher":"https:\/\/www.facebook.com\/www.kidsplay.lt","article_modified_time":"2026-04-13T10:50:29+00:00","og_image":[{"width":1000,"height":1000,"url":"https:\/\/kidsplay.lt\/wp-content\/uploads\/2026\/03\/WOOPIE-3in1-gaisrines-sunkvezimis-su-paleidimo-funkcija-5-automobiliais-ir-sraigtasparniu.jpg","type":"image\/jpeg"}],"twitter_card":"summary_large_image","twitter_misc":{"Est. reading time":"1 min\u016bte"},"schema":{"@context":"https:\/\/schema.org","@graph":[{"@type":"WebPage","@id":"https:\/\/kidsplay.lt\/produktas\/woopie-3in1-gaisrines-sunkvezimis-su-paleidimo-funkcija-5-automobiliais-ir-sraigtasparniu\/","url":"https:\/\/kidsplay.lt\/produktas\/woopie-3in1-gaisrines-sunkvezimis-su-paleidimo-funkcija-5-automobiliais-ir-sraigtasparniu\/","name":"WOOPIE 3in1 gaisrin\u0117s sunkve\u017eimis su paleidimo funkcija, 5 automobiliais ir sraigtasparniu","isPartOf":{"@id":"https:\/\/kidsplay.lt\/#website"},"primaryImageOfPage":{"@id":"https:\/\/kidsplay.lt\/produktas\/woopie-3in1-gaisrines-sunkvezimis-su-paleidimo-funkcija-5-automobiliais-ir-sraigtasparniu\/#primaryimage"},"image":{"@id":"https:\/\/kidsplay.lt\/produktas\/woopie-3in1-gaisrines-sunkvezimis-su-paleidimo-funkcija-5-automobiliais-ir-sraigtasparniu\/#primaryimage"},"thumbnailUrl":"https:\/\/kidsplay.lt\/wp-content\/uploads\/2026\/03\/WOOPIE-3in1-gaisrines-sunkvezimis-su-paleidimo-funkcija-5-automobiliais-ir-sraigtasparniu.jpg","datePublished":"2026-03-26T09:27:55+00:00","dateModified":"2026-04-13T10:50:29+00:00","description":"WOOPIE 3in1 gaisrin\u0117s sunkve\u017eimis su paleidimo funkcija, 5 automobiliais ir sraigtasparniu - KidsPlay. Did\u017eiausias vaik\u0173 \u017eaisl\u0173 pasirinkimas.","breadcrumb":{"@id":"https:\/\/kidsplay.lt\/produktas\/woopie-3in1-gaisrines-sunkvezimis-su-paleidimo-funkcija-5-automobiliais-ir-sraigtasparniu\/#breadcrumb"},"inLanguage":"lv-LV","potentialAction":[{"@type":"ReadAction","target":["https:\/\/kidsplay.lt\/produktas\/woopie-3in1-gaisrines-sunkvezimis-su-paleidimo-funkcija-5-automobiliais-ir-sraigtasparniu\/"]}]},{"@type":"ImageObject","inLanguage":"lv-LV","@id":"https:\/\/kidsplay.lt\/produktas\/woopie-3in1-gaisrines-sunkvezimis-su-paleidimo-funkcija-5-automobiliais-ir-sraigtasparniu\/#primaryimage","url":"https:\/\/kidsplay.lt\/wp-content\/uploads\/2026\/03\/WOOPIE-3in1-gaisrines-sunkvezimis-su-paleidimo-funkcija-5-automobiliais-ir-sraigtasparniu.jpg","contentUrl":"https:\/\/kidsplay.lt\/wp-content\/uploads\/2026\/03\/WOOPIE-3in1-gaisrines-sunkvezimis-su-paleidimo-funkcija-5-automobiliais-ir-sraigtasparniu.jpg","width":1000,"height":1000,"caption":"WOOPIE 3in1 gaisrin\u0117s sunkve\u017eimis su paleidimo funkcija"},{"@type":"BreadcrumbList","@id":"https:\/\/kidsplay.lt\/produktas\/woopie-3in1-gaisrines-sunkvezimis-su-paleidimo-funkcija-5-automobiliais-ir-sraigtasparniu\/#breadcrumb","itemListElement":[{"@type":"ListItem","position":1,"name":"Pagrindinis","item":"https:\/\/kidsplay.lt\/"},{"@type":"ListItem","position":2,"name":"Parduotuv\u0117","item":"https:\/\/kidsplay.lt\/parduotuve\/"},{"@type":"ListItem","position":3,"name":"WOOPIE 3in1 gaisrin\u0117s sunkve\u017eimis su paleidimo funkcija, 5 automobiliais ir sraigtasparniu"}]},{"@type":"WebSite","@id":"https:\/\/kidsplay.lt\/#website","url":"https:\/\/kidsplay.lt\/","name":"B\u0113rnu sp\u0113les.lv","description":"\u012evairios prek\u0117s vaikams","publisher":{"@id":"https:\/\/kidsplay.lt\/#organization"},"alternateName":"Kidsplay","potentialAction":[{"@type":"SearchAction","target":{"@type":"EntryPoint","urlTemplate":"https:\/\/kidsplay.lt\/?s={search_term_string}"},"query-input":{"@type":"PropertyValueSpecification","valueRequired":true,"valueName":"search_term_string"}}],"inLanguage":"lv-LV"},{"@type":"Organization","@id":"https:\/\/kidsplay.lt\/#organization","name":"B\u0113rnu sp\u0113le","url":"https:\/\/kidsplay.lt\/","logo":{"@type":"ImageObject","inLanguage":"lv-LV","@id":"https:\/\/kidsplay.lt\/#\/schema\/logo\/image\/","url":"https:\/\/kidsplay.lt\/wp-content\/uploads\/2023\/07\/kidsplay-logo.png","contentUrl":"https:\/\/kidsplay.lt\/wp-content\/uploads\/2023\/07\/kidsplay-logo.png","width":451,"height":98,"caption":"KidsPlay"},"image":{"@id":"https:\/\/kidsplay.lt\/#\/schema\/logo\/image\/"},"sameAs":["https:\/\/www.facebook.com\/www.kidsplay.lt"]}]}},"_links":{"self":[{"href":"https:\/\/kidsplay.lt\/lv\/wp-json\/wp\/v2\/product\/96357","targetHints":{"allow":["GET"]}}],"collection":[{"href":"https:\/\/kidsplay.lt\/lv\/wp-json\/wp\/v2\/product"}],"about":[{"href":"https:\/\/kidsplay.lt\/lv\/wp-json\/wp\/v2\/types\/product"}],"version-history":[{"count":1,"href":"https:\/\/kidsplay.lt\/lv\/wp-json\/wp\/v2\/product\/96357\/revisions"}],"predecessor-version":[{"id":96358,"href":"https:\/\/kidsplay.lt\/lv\/wp-json\/wp\/v2\/product\/96357\/revisions\/96358"}],"wp:featuredmedia":[{"embeddable":true,"href":"https:\/\/kidsplay.lt\/lv\/wp-json\/wp\/v2\/media\/96359"}],"wp:attachment":[{"href":"https:\/\/kidsplay.lt\/lv\/wp-json\/wp\/v2\/media?parent=96357"}],"wp:term":[{"taxonomy":"product_brand","embeddable":true,"href":"https:\/\/kidsplay.lt\/lv\/wp-json\/wp\/v2\/product_brand?post=96357"},{"taxonomy":"product_cat","embeddable":true,"href":"https:\/\/kidsplay.lt\/lv\/wp-json\/wp\/v2\/product_cat?post=96357"},{"taxonomy":"product_tag","embeddable":true,"href":"https:\/\/kidsplay.lt\/lv\/wp-json\/wp\/v2\/product_tag?post=96357"}],"curies":[{"name":"wp","href":"https:\/\/api.w.org\/{rel}","templated":true}]}}