{"id":96371,"date":"2026-03-26T11:28:37","date_gmt":"2026-03-26T09:28:37","guid":{"rendered":"https:\/\/kidsplay.lt\/produktas\/raudonas-woopie-bekeles-dzipas-116-su-sviesomis-garsais\/"},"modified":"2026-04-13T13:50:36","modified_gmt":"2026-04-13T10:50:36","slug":"raudonas-woopie-bekeles-dzipas-116-su-sviesomis-garsais","status":"publish","type":"product","link":"https:\/\/kidsplay.lt\/lv\/products\/raudonas-woopie-bekeles-dzipas-116-su-sviesomis-garsais\/","title":{"rendered":"Sarkans WOOPIE apvidus d\u017eips 1:16 ar gaism\u0101m un ska\u0146\u0101m"},"content":{"rendered":"<p>Raudonas bekel\u0117s d\u017eipas i\u0161 garsaus WOOPIE prek\u0117s \u017eenklo \u2013 puikus pasirinkimas kiekvienam ma\u017eajam automobili\u0173 entuziastui. Transporto priemon\u0117 pagaminta 1:16 masteliu, tod\u0117l pasi\u017eymi detaliu ir realisti\u0161ku dizainu. D\u017eipas turi trinties pavar\u0105 \u2013 tiesiog pastumkite \u017eaisl\u0105 \u012f priek\u012f, ir jis va\u017eiuoja pats. Guminiai rat\u0173 protektoriai u\u017etikrina geresn\u012f sukibim\u0105 ir tylesn\u012f ried\u0117jim\u0105 \u012fvairiais pavir\u0161iais. Papildom\u0105 \u017eaidimo d\u017eiaugsm\u0105 suteikia atsidaran\u010dios durys bei realisti\u0161ki \u0161viesos ir garso efektai, aktyvuojami keturiais spalvotais mygtukais ant stogo.<br \/>\nFunkcijas:<\/p>\n<p> \t\u017eaislas skirtas vaikams nuo 3 met\u0173<br \/>\n \tmodelis pagamintas 1:16 masteliu<br \/>\n \ttrinties pavara (\u201epush &amp; go\u201c)<br \/>\n \trealisti\u0161ki garso efektai: u\u017evedimas, variklio garsas, signalas ir va\u017eiavimo atbulomis garsas<br \/>\n \t\u0161viesos efektai: mirksin\u010dios priekin\u0117s lempos grojant garsams<br \/>\n \tatsidaran\u010dios priekin\u0117s durys patogesniam \u017eaidimui<br \/>\n \tguminiai rat\u0173 protektoriai<br \/>\n \tauk\u0161tos kokyb\u0117s plastikas<br \/>\n \treikalingos baterijos: 3 x AG13\/LR44<\/p>\n<p>Rota\u013clietu lav\u012bna:<\/p>\n<p> \taki\u0173\u2013rank\u0173 koordinacij\u0105<br \/>\n \tsmulki\u0105j\u0105 motorik\u0105 valdant judan\u010dias detales<br \/>\n \tvaizduot\u0119 ir k\u016brybi\u0161kum\u0105 vaidmen\u0173 \u017eaidimuose<br \/>\n \tsmalsum\u0105 ir supratim\u0105 apie mechanizm\u0173 veikim\u0105<\/p>","protected":false},"excerpt":{"rendered":"<p>Raudonas bekel\u0117s d\u017eipas i\u0161 garsaus WOOPIE prek\u0117s \u017eenklo \u2013 puikus pasirinkimas kiekvienam ma\u017eajam automobili\u0173 entuziastui. Transporto priemon\u0117 pagaminta 1:16 masteliu,<\/p>","protected":false},"featured_media":96373,"template":"","meta":{"_acf_changed":false,"_glsr_average":0,"_glsr_ranking":0,"_glsr_reviews":0},"product_brand":[],"product_cat":[448,229],"product_tag":[],"class_list":{"0":"post-96371","1":"product","2":"type-product","3":"status-publish","4":"has-post-thumbnail","6":"product_cat-automobiliai-ir-transportas","7":"product_cat-zaislai-vaikams","8":"\"style=\"background-color: #2ecc711c;\"","10":"first","11":"instock","12":"purchasable","13":"product-type-simple"},"acf":[],"yoast_head":"<!-- This site is optimized with the Yoast SEO plugin v27.4 - https:\/\/yoast.com\/product\/yoast-seo-wordpress\/ -->\n<title>Raudonas WOOPIE bekel\u0117s d\u017eipas 1:16 su \u0161viesomis, garsais<\/title>\n<meta name=\"description\" content=\"Raudonas WOOPIE bekel\u0117s d\u017eipas 1:16 su \u0161viesomis, garsais - KidsPlay. Did\u017eiausias vaik\u0173 \u017eaisl\u0173 pasirinkimas.\" \/>\n<meta name=\"robots\" content=\"index, follow, max-snippet:-1, max-image-preview:large, max-video-preview:-1\" \/>\n<link rel=\"canonical\" href=\"https:\/\/kidsplay.lt\/lv\/products\/raudonas-woopie-bekeles-dzipas-116-su-sviesomis-garsais\/\" \/>\n<meta property=\"og:locale\" content=\"lv_LV\" \/>\n<meta property=\"og:type\" content=\"article\" \/>\n<meta property=\"og:title\" content=\"Raudonas WOOPIE bekel\u0117s d\u017eipas 1:16 su \u0161viesomis, garsais\" \/>\n<meta property=\"og:description\" content=\"Raudonas WOOPIE bekel\u0117s d\u017eipas 1:16 su \u0161viesomis, garsais - KidsPlay. Did\u017eiausias vaik\u0173 \u017eaisl\u0173 pasirinkimas.\" \/>\n<meta property=\"og:url\" content=\"https:\/\/kidsplay.lt\/lv\/products\/raudonas-woopie-bekeles-dzipas-116-su-sviesomis-garsais\/\" \/>\n<meta property=\"og:site_name\" content=\"KidsPlay\" \/>\n<meta property=\"article:publisher\" content=\"https:\/\/www.facebook.com\/www.kidsplay.lt\" \/>\n<meta property=\"article:modified_time\" content=\"2026-04-13T10:50:36+00:00\" \/>\n<meta property=\"og:image\" content=\"https:\/\/kidsplay.lt\/wp-content\/uploads\/2026\/03\/Raudonas-WOOPIE-bekeles-dzipas-116-su-sviesomis-garsais.jpg\" \/>\n\t<meta property=\"og:image:width\" content=\"2560\" \/>\n\t<meta property=\"og:image:height\" content=\"2560\" \/>\n\t<meta property=\"og:image:type\" content=\"image\/jpeg\" \/>\n<meta name=\"twitter:card\" content=\"summary_large_image\" \/>\n<meta name=\"twitter:label1\" content=\"Est. reading time\" \/>\n\t<meta name=\"twitter:data1\" content=\"1 min\u016bte\" \/>\n<script type=\"application\/ld+json\" class=\"yoast-schema-graph\">{\"@context\":\"https:\\\/\\\/schema.org\",\"@graph\":[{\"@type\":\"WebPage\",\"@id\":\"https:\\\/\\\/kidsplay.lt\\\/produktas\\\/raudonas-woopie-bekeles-dzipas-116-su-sviesomis-garsais\\\/\",\"url\":\"https:\\\/\\\/kidsplay.lt\\\/produktas\\\/raudonas-woopie-bekeles-dzipas-116-su-sviesomis-garsais\\\/\",\"name\":\"Raudonas WOOPIE bekel\u0117s d\u017eipas 1:16 su \u0161viesomis, garsais\",\"isPartOf\":{\"@id\":\"https:\\\/\\\/kidsplay.lt\\\/#website\"},\"primaryImageOfPage\":{\"@id\":\"https:\\\/\\\/kidsplay.lt\\\/produktas\\\/raudonas-woopie-bekeles-dzipas-116-su-sviesomis-garsais\\\/#primaryimage\"},\"image\":{\"@id\":\"https:\\\/\\\/kidsplay.lt\\\/produktas\\\/raudonas-woopie-bekeles-dzipas-116-su-sviesomis-garsais\\\/#primaryimage\"},\"thumbnailUrl\":\"https:\\\/\\\/kidsplay.lt\\\/wp-content\\\/uploads\\\/2026\\\/03\\\/Raudonas-WOOPIE-bekeles-dzipas-116-su-sviesomis-garsais.jpg\",\"datePublished\":\"2026-03-26T09:28:37+00:00\",\"dateModified\":\"2026-04-13T10:50:36+00:00\",\"description\":\"Raudonas WOOPIE bekel\u0117s d\u017eipas 1:16 su \u0161viesomis, garsais - KidsPlay. Did\u017eiausias vaik\u0173 \u017eaisl\u0173 pasirinkimas.\",\"breadcrumb\":{\"@id\":\"https:\\\/\\\/kidsplay.lt\\\/produktas\\\/raudonas-woopie-bekeles-dzipas-116-su-sviesomis-garsais\\\/#breadcrumb\"},\"inLanguage\":\"lv-LV\",\"potentialAction\":[{\"@type\":\"ReadAction\",\"target\":[\"https:\\\/\\\/kidsplay.lt\\\/produktas\\\/raudonas-woopie-bekeles-dzipas-116-su-sviesomis-garsais\\\/\"]}]},{\"@type\":\"ImageObject\",\"inLanguage\":\"lv-LV\",\"@id\":\"https:\\\/\\\/kidsplay.lt\\\/produktas\\\/raudonas-woopie-bekeles-dzipas-116-su-sviesomis-garsais\\\/#primaryimage\",\"url\":\"https:\\\/\\\/kidsplay.lt\\\/wp-content\\\/uploads\\\/2026\\\/03\\\/Raudonas-WOOPIE-bekeles-dzipas-116-su-sviesomis-garsais.jpg\",\"contentUrl\":\"https:\\\/\\\/kidsplay.lt\\\/wp-content\\\/uploads\\\/2026\\\/03\\\/Raudonas-WOOPIE-bekeles-dzipas-116-su-sviesomis-garsais.jpg\",\"width\":2560,\"height\":2560,\"caption\":\"Raudonas WOOPIE bekel\u0117s d\u017eipas 1:16 su \u0161viesomis\"},{\"@type\":\"BreadcrumbList\",\"@id\":\"https:\\\/\\\/kidsplay.lt\\\/produktas\\\/raudonas-woopie-bekeles-dzipas-116-su-sviesomis-garsais\\\/#breadcrumb\",\"itemListElement\":[{\"@type\":\"ListItem\",\"position\":1,\"name\":\"Pagrindinis\",\"item\":\"https:\\\/\\\/kidsplay.lt\\\/\"},{\"@type\":\"ListItem\",\"position\":2,\"name\":\"Parduotuv\u0117\",\"item\":\"https:\\\/\\\/kidsplay.lt\\\/parduotuve\\\/\"},{\"@type\":\"ListItem\",\"position\":3,\"name\":\"Raudonas WOOPIE bekel\u0117s d\u017eipas 1:16 su \u0161viesomis, garsais\"}]},{\"@type\":\"WebSite\",\"@id\":\"https:\\\/\\\/kidsplay.lt\\\/#website\",\"url\":\"https:\\\/\\\/kidsplay.lt\\\/\",\"name\":\"Kidsplay.lt\",\"description\":\"\u012evairios prek\u0117s vaikams\",\"publisher\":{\"@id\":\"https:\\\/\\\/kidsplay.lt\\\/#organization\"},\"alternateName\":\"Kidsplay\",\"potentialAction\":[{\"@type\":\"SearchAction\",\"target\":{\"@type\":\"EntryPoint\",\"urlTemplate\":\"https:\\\/\\\/kidsplay.lt\\\/?s={search_term_string}\"},\"query-input\":{\"@type\":\"PropertyValueSpecification\",\"valueRequired\":true,\"valueName\":\"search_term_string\"}}],\"inLanguage\":\"lv-LV\"},{\"@type\":\"Organization\",\"@id\":\"https:\\\/\\\/kidsplay.lt\\\/#organization\",\"name\":\"KidsPlay\",\"url\":\"https:\\\/\\\/kidsplay.lt\\\/\",\"logo\":{\"@type\":\"ImageObject\",\"inLanguage\":\"lv-LV\",\"@id\":\"https:\\\/\\\/kidsplay.lt\\\/#\\\/schema\\\/logo\\\/image\\\/\",\"url\":\"https:\\\/\\\/kidsplay.lt\\\/wp-content\\\/uploads\\\/2023\\\/07\\\/kidsplay-logo.png\",\"contentUrl\":\"https:\\\/\\\/kidsplay.lt\\\/wp-content\\\/uploads\\\/2023\\\/07\\\/kidsplay-logo.png\",\"width\":451,\"height\":98,\"caption\":\"KidsPlay\"},\"image\":{\"@id\":\"https:\\\/\\\/kidsplay.lt\\\/#\\\/schema\\\/logo\\\/image\\\/\"},\"sameAs\":[\"https:\\\/\\\/www.facebook.com\\\/www.kidsplay.lt\"]}]}<\/script>\n<!-- \/ Yoast SEO plugin. -->","yoast_head_json":{"title":"Sarkans WOOPIE apvidus d\u017eips 1:16 ar gaism\u0101m un ska\u0146\u0101m","description":"Raudonas WOOPIE bekel\u0117s d\u017eipas 1:16 su \u0161viesomis, garsais - KidsPlay. Did\u017eiausias vaik\u0173 \u017eaisl\u0173 pasirinkimas.","robots":{"index":"index","follow":"follow","max-snippet":"max-snippet:-1","max-image-preview":"max-image-preview:large","max-video-preview":"max-video-preview:-1"},"canonical":"https:\/\/kidsplay.lt\/lv\/products\/raudonas-woopie-bekeles-dzipas-116-su-sviesomis-garsais\/","og_locale":"lv_LV","og_type":"article","og_title":"Raudonas WOOPIE bekel\u0117s d\u017eipas 1:16 su \u0161viesomis, garsais","og_description":"Raudonas WOOPIE bekel\u0117s d\u017eipas 1:16 su \u0161viesomis, garsais - KidsPlay. Did\u017eiausias vaik\u0173 \u017eaisl\u0173 pasirinkimas.","og_url":"https:\/\/kidsplay.lt\/lv\/products\/raudonas-woopie-bekeles-dzipas-116-su-sviesomis-garsais\/","og_site_name":"KidsPlay","article_publisher":"https:\/\/www.facebook.com\/www.kidsplay.lt","article_modified_time":"2026-04-13T10:50:36+00:00","og_image":[{"width":2560,"height":2560,"url":"https:\/\/kidsplay.lt\/wp-content\/uploads\/2026\/03\/Raudonas-WOOPIE-bekeles-dzipas-116-su-sviesomis-garsais.jpg","type":"image\/jpeg"}],"twitter_card":"summary_large_image","twitter_misc":{"Est. reading time":"1 min\u016bte"},"schema":{"@context":"https:\/\/schema.org","@graph":[{"@type":"WebPage","@id":"https:\/\/kidsplay.lt\/produktas\/raudonas-woopie-bekeles-dzipas-116-su-sviesomis-garsais\/","url":"https:\/\/kidsplay.lt\/produktas\/raudonas-woopie-bekeles-dzipas-116-su-sviesomis-garsais\/","name":"Sarkans WOOPIE apvidus d\u017eips 1:16 ar gaism\u0101m un ska\u0146\u0101m","isPartOf":{"@id":"https:\/\/kidsplay.lt\/#website"},"primaryImageOfPage":{"@id":"https:\/\/kidsplay.lt\/produktas\/raudonas-woopie-bekeles-dzipas-116-su-sviesomis-garsais\/#primaryimage"},"image":{"@id":"https:\/\/kidsplay.lt\/produktas\/raudonas-woopie-bekeles-dzipas-116-su-sviesomis-garsais\/#primaryimage"},"thumbnailUrl":"https:\/\/kidsplay.lt\/wp-content\/uploads\/2026\/03\/Raudonas-WOOPIE-bekeles-dzipas-116-su-sviesomis-garsais.jpg","datePublished":"2026-03-26T09:28:37+00:00","dateModified":"2026-04-13T10:50:36+00:00","description":"Raudonas WOOPIE bekel\u0117s d\u017eipas 1:16 su \u0161viesomis, garsais - KidsPlay. Did\u017eiausias vaik\u0173 \u017eaisl\u0173 pasirinkimas.","breadcrumb":{"@id":"https:\/\/kidsplay.lt\/produktas\/raudonas-woopie-bekeles-dzipas-116-su-sviesomis-garsais\/#breadcrumb"},"inLanguage":"lv-LV","potentialAction":[{"@type":"ReadAction","target":["https:\/\/kidsplay.lt\/produktas\/raudonas-woopie-bekeles-dzipas-116-su-sviesomis-garsais\/"]}]},{"@type":"ImageObject","inLanguage":"lv-LV","@id":"https:\/\/kidsplay.lt\/produktas\/raudonas-woopie-bekeles-dzipas-116-su-sviesomis-garsais\/#primaryimage","url":"https:\/\/kidsplay.lt\/wp-content\/uploads\/2026\/03\/Raudonas-WOOPIE-bekeles-dzipas-116-su-sviesomis-garsais.jpg","contentUrl":"https:\/\/kidsplay.lt\/wp-content\/uploads\/2026\/03\/Raudonas-WOOPIE-bekeles-dzipas-116-su-sviesomis-garsais.jpg","width":2560,"height":2560,"caption":"Raudonas WOOPIE bekel\u0117s d\u017eipas 1:16 su \u0161viesomis"},{"@type":"BreadcrumbList","@id":"https:\/\/kidsplay.lt\/produktas\/raudonas-woopie-bekeles-dzipas-116-su-sviesomis-garsais\/#breadcrumb","itemListElement":[{"@type":"ListItem","position":1,"name":"Pagrindinis","item":"https:\/\/kidsplay.lt\/"},{"@type":"ListItem","position":2,"name":"Parduotuv\u0117","item":"https:\/\/kidsplay.lt\/parduotuve\/"},{"@type":"ListItem","position":3,"name":"Raudonas WOOPIE bekel\u0117s d\u017eipas 1:16 su \u0161viesomis, garsais"}]},{"@type":"WebSite","@id":"https:\/\/kidsplay.lt\/#website","url":"https:\/\/kidsplay.lt\/","name":"B\u0113rnu sp\u0113les.lv","description":"\u012evairios prek\u0117s vaikams","publisher":{"@id":"https:\/\/kidsplay.lt\/#organization"},"alternateName":"Kidsplay","potentialAction":[{"@type":"SearchAction","target":{"@type":"EntryPoint","urlTemplate":"https:\/\/kidsplay.lt\/?s={search_term_string}"},"query-input":{"@type":"PropertyValueSpecification","valueRequired":true,"valueName":"search_term_string"}}],"inLanguage":"lv-LV"},{"@type":"Organization","@id":"https:\/\/kidsplay.lt\/#organization","name":"B\u0113rnu sp\u0113le","url":"https:\/\/kidsplay.lt\/","logo":{"@type":"ImageObject","inLanguage":"lv-LV","@id":"https:\/\/kidsplay.lt\/#\/schema\/logo\/image\/","url":"https:\/\/kidsplay.lt\/wp-content\/uploads\/2023\/07\/kidsplay-logo.png","contentUrl":"https:\/\/kidsplay.lt\/wp-content\/uploads\/2023\/07\/kidsplay-logo.png","width":451,"height":98,"caption":"KidsPlay"},"image":{"@id":"https:\/\/kidsplay.lt\/#\/schema\/logo\/image\/"},"sameAs":["https:\/\/www.facebook.com\/www.kidsplay.lt"]}]}},"_links":{"self":[{"href":"https:\/\/kidsplay.lt\/lv\/wp-json\/wp\/v2\/product\/96371","targetHints":{"allow":["GET"]}}],"collection":[{"href":"https:\/\/kidsplay.lt\/lv\/wp-json\/wp\/v2\/product"}],"about":[{"href":"https:\/\/kidsplay.lt\/lv\/wp-json\/wp\/v2\/types\/product"}],"version-history":[{"count":1,"href":"https:\/\/kidsplay.lt\/lv\/wp-json\/wp\/v2\/product\/96371\/revisions"}],"predecessor-version":[{"id":96372,"href":"https:\/\/kidsplay.lt\/lv\/wp-json\/wp\/v2\/product\/96371\/revisions\/96372"}],"wp:featuredmedia":[{"embeddable":true,"href":"https:\/\/kidsplay.lt\/lv\/wp-json\/wp\/v2\/media\/96373"}],"wp:attachment":[{"href":"https:\/\/kidsplay.lt\/lv\/wp-json\/wp\/v2\/media?parent=96371"}],"wp:term":[{"taxonomy":"product_brand","embeddable":true,"href":"https:\/\/kidsplay.lt\/lv\/wp-json\/wp\/v2\/product_brand?post=96371"},{"taxonomy":"product_cat","embeddable":true,"href":"https:\/\/kidsplay.lt\/lv\/wp-json\/wp\/v2\/product_cat?post=96371"},{"taxonomy":"product_tag","embeddable":true,"href":"https:\/\/kidsplay.lt\/lv\/wp-json\/wp\/v2\/product_tag?post=96371"}],"curies":[{"name":"wp","href":"https:\/\/api.w.org\/{rel}","templated":true}]}}