{"id":96378,"date":"2026-03-26T11:29:00","date_gmt":"2026-03-26T09:29:00","guid":{"rendered":"https:\/\/kidsplay.lt\/produktas\/big-interaktyvus-vairo-zaislas-su-8-garsais\/"},"modified":"2026-04-13T13:50:39","modified_gmt":"2026-04-13T10:50:39","slug":"big-interaktyvus-vairo-zaislas-su-8-garsais","status":"publish","type":"product","link":"https:\/\/kidsplay.lt\/lv\/products\/big-interaktyvus-vairo-zaislas-su-8-garsais\/","title":{"rendered":"LIELA interakt\u012bva st\u016bres rota\u013clieta ar 8 ska\u0146\u0101m"},"content":{"rendered":"<p>BIG Bobby Car Racing \u2013 pa\u017eangus interaktyvus vairo \u017eaislas su \u0161viesos ir garso efektais, kuris \u012fprast\u0105 \u017eaidim\u0105 paver\u010dia \u012ftraukiamu lenktyni\u0173 nuotykiu. \u012erengtas su LED avarin\u0117mis \u0161viesomis, pos\u016bkio signalais ir \u017eibintais, suteikia realisti\u0161k\u0105 vairavimo patirt\u012f. Elektrinis signalas, radijas su BIG Bobby Car dainos melodija ir integruotas telefonas leid\u017eia vaikams jaustis tikrais vairuotojais. Centrinis u\u017eraktas ir starto mygtukas su autenti\u0161ku variklio garsu dar labiau sustiprina \u012ftraukian\u010di\u0105 patirt\u012f. Tai puikus priedas prie BIG Bobby Car ma\u0161in\u0117l\u0117s, keliantis vaik\u0173 vairavimo \u017eaidim\u0105 \u012f nauj\u0105 lyg\u012f.<br \/>\nRaksturojums:<\/p>\n<p>De\u0161in\u0117s ir kair\u0117s LED avarin\u0117s \u0161viesos su \u0161viesos efektais vairo \u0161onuose<\/p>\n<p>LED pos\u016bkio signalai (de\u0161in\u0117 + kair\u0117)<\/p>\n<p>Realisti\u0161ki priekini\u0173 \u017eibint\u0173 efektyv\u016bs \u0161viesos elementai<\/p>\n<p>Elektrinis signalas<\/p>\n<p>Integruotas radijas su BIG Bobby Car daina<\/p>\n<p>Integruotas \u017eaidimo telefonas<\/p>\n<p>Centrinis u\u017eraktas<\/p>\n<p>Start\/stop mygtukas su autenti\u0161ku variklio garsu<\/p>\n<p>Tvirta konstrukcija \u2013 BIG kokyb\u0117<\/p>\n<p>Komplekte:<\/p>\n<p>BIG Bobby Car Racing vairas su multimedijos pultu<\/p>\n<p>LED modulis (avarin\u0117s \u0161viesos, pos\u016bkio signalai, \u017eibintai)<\/p>\n<p>Garso modulis (signalas, radijas, variklio garsas)<\/p>\n<p>Montavimo elementai BIG Bobby Car ma\u0161in\u0117lei<\/p>","protected":false},"excerpt":{"rendered":"<p>BIG Bobby Car Racing \u2013 pa\u017eangus interaktyvus vairo \u017eaislas su \u0161viesos ir garso efektais, kuris \u012fprast\u0105 \u017eaidim\u0105 paver\u010dia \u012ftraukiamu lenktyni\u0173<\/p>","protected":false},"featured_media":96380,"template":"","meta":{"_acf_changed":false,"_glsr_average":0,"_glsr_ranking":0,"_glsr_reviews":0},"product_brand":[],"product_cat":[388,229],"product_tag":[],"class_list":{"0":"post-96378","1":"product","2":"type-product","3":"status-publish","4":"has-post-thumbnail","6":"product_cat-edukaciniai-lavinamieji-zaislai","7":"product_cat-zaislai-vaikams","8":"\"style=\"background-color: #2ecc711c;\"","10":"first","11":"instock","12":"purchasable","13":"product-type-simple"},"acf":[],"yoast_head":"<!-- This site is optimized with the Yoast SEO plugin v27.4 - https:\/\/yoast.com\/product\/yoast-seo-wordpress\/ -->\n<title>BIG Interaktyvus vairo \u017eaislas su 8 garsais<\/title>\n<meta name=\"description\" content=\"BIG Interaktyvus vairo \u017eaislas su 8 garsais - KidsPlay. Did\u017eiausias vaik\u0173 \u017eaisl\u0173 pasirinkimas.\" \/>\n<meta name=\"robots\" content=\"index, follow, max-snippet:-1, max-image-preview:large, max-video-preview:-1\" \/>\n<link rel=\"canonical\" href=\"https:\/\/kidsplay.lt\/lv\/products\/big-interaktyvus-vairo-zaislas-su-8-garsais\/\" \/>\n<meta property=\"og:locale\" content=\"lv_LV\" \/>\n<meta property=\"og:type\" content=\"article\" \/>\n<meta property=\"og:title\" content=\"BIG Interaktyvus vairo \u017eaislas su 8 garsais\" \/>\n<meta property=\"og:description\" content=\"BIG Interaktyvus vairo \u017eaislas su 8 garsais - KidsPlay. Did\u017eiausias vaik\u0173 \u017eaisl\u0173 pasirinkimas.\" \/>\n<meta property=\"og:url\" content=\"https:\/\/kidsplay.lt\/lv\/products\/big-interaktyvus-vairo-zaislas-su-8-garsais\/\" \/>\n<meta property=\"og:site_name\" content=\"KidsPlay\" \/>\n<meta property=\"article:publisher\" content=\"https:\/\/www.facebook.com\/www.kidsplay.lt\" \/>\n<meta property=\"article:modified_time\" content=\"2026-04-13T10:50:39+00:00\" \/>\n<meta property=\"og:image\" content=\"https:\/\/kidsplay.lt\/wp-content\/uploads\/2026\/03\/BIG-Interaktyvus-vairo-zaislas-su-8-garsais.jpg\" \/>\n\t<meta property=\"og:image:width\" content=\"1000\" \/>\n\t<meta property=\"og:image:height\" content=\"1000\" \/>\n\t<meta property=\"og:image:type\" content=\"image\/jpeg\" \/>\n<meta name=\"twitter:card\" content=\"summary_large_image\" \/>\n<meta name=\"twitter:label1\" content=\"Est. reading time\" \/>\n\t<meta name=\"twitter:data1\" content=\"1 min\u016bte\" \/>\n<script type=\"application\/ld+json\" class=\"yoast-schema-graph\">{\"@context\":\"https:\\\/\\\/schema.org\",\"@graph\":[{\"@type\":\"WebPage\",\"@id\":\"https:\\\/\\\/kidsplay.lt\\\/produktas\\\/big-interaktyvus-vairo-zaislas-su-8-garsais\\\/\",\"url\":\"https:\\\/\\\/kidsplay.lt\\\/produktas\\\/big-interaktyvus-vairo-zaislas-su-8-garsais\\\/\",\"name\":\"BIG Interaktyvus vairo \u017eaislas su 8 garsais\",\"isPartOf\":{\"@id\":\"https:\\\/\\\/kidsplay.lt\\\/#website\"},\"primaryImageOfPage\":{\"@id\":\"https:\\\/\\\/kidsplay.lt\\\/produktas\\\/big-interaktyvus-vairo-zaislas-su-8-garsais\\\/#primaryimage\"},\"image\":{\"@id\":\"https:\\\/\\\/kidsplay.lt\\\/produktas\\\/big-interaktyvus-vairo-zaislas-su-8-garsais\\\/#primaryimage\"},\"thumbnailUrl\":\"https:\\\/\\\/kidsplay.lt\\\/wp-content\\\/uploads\\\/2026\\\/03\\\/BIG-Interaktyvus-vairo-zaislas-su-8-garsais.jpg\",\"datePublished\":\"2026-03-26T09:29:00+00:00\",\"dateModified\":\"2026-04-13T10:50:39+00:00\",\"description\":\"BIG Interaktyvus vairo \u017eaislas su 8 garsais - KidsPlay. Did\u017eiausias vaik\u0173 \u017eaisl\u0173 pasirinkimas.\",\"breadcrumb\":{\"@id\":\"https:\\\/\\\/kidsplay.lt\\\/produktas\\\/big-interaktyvus-vairo-zaislas-su-8-garsais\\\/#breadcrumb\"},\"inLanguage\":\"lv-LV\",\"potentialAction\":[{\"@type\":\"ReadAction\",\"target\":[\"https:\\\/\\\/kidsplay.lt\\\/produktas\\\/big-interaktyvus-vairo-zaislas-su-8-garsais\\\/\"]}]},{\"@type\":\"ImageObject\",\"inLanguage\":\"lv-LV\",\"@id\":\"https:\\\/\\\/kidsplay.lt\\\/produktas\\\/big-interaktyvus-vairo-zaislas-su-8-garsais\\\/#primaryimage\",\"url\":\"https:\\\/\\\/kidsplay.lt\\\/wp-content\\\/uploads\\\/2026\\\/03\\\/BIG-Interaktyvus-vairo-zaislas-su-8-garsais.jpg\",\"contentUrl\":\"https:\\\/\\\/kidsplay.lt\\\/wp-content\\\/uploads\\\/2026\\\/03\\\/BIG-Interaktyvus-vairo-zaislas-su-8-garsais.jpg\",\"width\":1000,\"height\":1000,\"caption\":\"BIG Interaktyvus vairo \u017eaislas su 8 garsais\"},{\"@type\":\"BreadcrumbList\",\"@id\":\"https:\\\/\\\/kidsplay.lt\\\/produktas\\\/big-interaktyvus-vairo-zaislas-su-8-garsais\\\/#breadcrumb\",\"itemListElement\":[{\"@type\":\"ListItem\",\"position\":1,\"name\":\"Pagrindinis\",\"item\":\"https:\\\/\\\/kidsplay.lt\\\/\"},{\"@type\":\"ListItem\",\"position\":2,\"name\":\"Parduotuv\u0117\",\"item\":\"https:\\\/\\\/kidsplay.lt\\\/parduotuve\\\/\"},{\"@type\":\"ListItem\",\"position\":3,\"name\":\"BIG Interaktyvus vairo \u017eaislas su 8 garsais\"}]},{\"@type\":\"WebSite\",\"@id\":\"https:\\\/\\\/kidsplay.lt\\\/#website\",\"url\":\"https:\\\/\\\/kidsplay.lt\\\/\",\"name\":\"Kidsplay.lt\",\"description\":\"\u012evairios prek\u0117s vaikams\",\"publisher\":{\"@id\":\"https:\\\/\\\/kidsplay.lt\\\/#organization\"},\"alternateName\":\"Kidsplay\",\"potentialAction\":[{\"@type\":\"SearchAction\",\"target\":{\"@type\":\"EntryPoint\",\"urlTemplate\":\"https:\\\/\\\/kidsplay.lt\\\/?s={search_term_string}\"},\"query-input\":{\"@type\":\"PropertyValueSpecification\",\"valueRequired\":true,\"valueName\":\"search_term_string\"}}],\"inLanguage\":\"lv-LV\"},{\"@type\":\"Organization\",\"@id\":\"https:\\\/\\\/kidsplay.lt\\\/#organization\",\"name\":\"KidsPlay\",\"url\":\"https:\\\/\\\/kidsplay.lt\\\/\",\"logo\":{\"@type\":\"ImageObject\",\"inLanguage\":\"lv-LV\",\"@id\":\"https:\\\/\\\/kidsplay.lt\\\/#\\\/schema\\\/logo\\\/image\\\/\",\"url\":\"https:\\\/\\\/kidsplay.lt\\\/wp-content\\\/uploads\\\/2023\\\/07\\\/kidsplay-logo.png\",\"contentUrl\":\"https:\\\/\\\/kidsplay.lt\\\/wp-content\\\/uploads\\\/2023\\\/07\\\/kidsplay-logo.png\",\"width\":451,\"height\":98,\"caption\":\"KidsPlay\"},\"image\":{\"@id\":\"https:\\\/\\\/kidsplay.lt\\\/#\\\/schema\\\/logo\\\/image\\\/\"},\"sameAs\":[\"https:\\\/\\\/www.facebook.com\\\/www.kidsplay.lt\"]}]}<\/script>\n<!-- \/ Yoast SEO plugin. -->","yoast_head_json":{"title":"LIELA interakt\u012bva st\u016bres rota\u013clieta ar 8 ska\u0146\u0101m","description":"BIG Interaktyvus vairo \u017eaislas su 8 garsais - KidsPlay. Did\u017eiausias vaik\u0173 \u017eaisl\u0173 pasirinkimas.","robots":{"index":"index","follow":"follow","max-snippet":"max-snippet:-1","max-image-preview":"max-image-preview:large","max-video-preview":"max-video-preview:-1"},"canonical":"https:\/\/kidsplay.lt\/lv\/products\/big-interaktyvus-vairo-zaislas-su-8-garsais\/","og_locale":"lv_LV","og_type":"article","og_title":"BIG Interaktyvus vairo \u017eaislas su 8 garsais","og_description":"BIG Interaktyvus vairo \u017eaislas su 8 garsais - KidsPlay. Did\u017eiausias vaik\u0173 \u017eaisl\u0173 pasirinkimas.","og_url":"https:\/\/kidsplay.lt\/lv\/products\/big-interaktyvus-vairo-zaislas-su-8-garsais\/","og_site_name":"KidsPlay","article_publisher":"https:\/\/www.facebook.com\/www.kidsplay.lt","article_modified_time":"2026-04-13T10:50:39+00:00","og_image":[{"width":1000,"height":1000,"url":"https:\/\/kidsplay.lt\/wp-content\/uploads\/2026\/03\/BIG-Interaktyvus-vairo-zaislas-su-8-garsais.jpg","type":"image\/jpeg"}],"twitter_card":"summary_large_image","twitter_misc":{"Est. reading time":"1 min\u016bte"},"schema":{"@context":"https:\/\/schema.org","@graph":[{"@type":"WebPage","@id":"https:\/\/kidsplay.lt\/produktas\/big-interaktyvus-vairo-zaislas-su-8-garsais\/","url":"https:\/\/kidsplay.lt\/produktas\/big-interaktyvus-vairo-zaislas-su-8-garsais\/","name":"LIELA interakt\u012bva st\u016bres rota\u013clieta ar 8 ska\u0146\u0101m","isPartOf":{"@id":"https:\/\/kidsplay.lt\/#website"},"primaryImageOfPage":{"@id":"https:\/\/kidsplay.lt\/produktas\/big-interaktyvus-vairo-zaislas-su-8-garsais\/#primaryimage"},"image":{"@id":"https:\/\/kidsplay.lt\/produktas\/big-interaktyvus-vairo-zaislas-su-8-garsais\/#primaryimage"},"thumbnailUrl":"https:\/\/kidsplay.lt\/wp-content\/uploads\/2026\/03\/BIG-Interaktyvus-vairo-zaislas-su-8-garsais.jpg","datePublished":"2026-03-26T09:29:00+00:00","dateModified":"2026-04-13T10:50:39+00:00","description":"BIG Interaktyvus vairo \u017eaislas su 8 garsais - KidsPlay. Did\u017eiausias vaik\u0173 \u017eaisl\u0173 pasirinkimas.","breadcrumb":{"@id":"https:\/\/kidsplay.lt\/produktas\/big-interaktyvus-vairo-zaislas-su-8-garsais\/#breadcrumb"},"inLanguage":"lv-LV","potentialAction":[{"@type":"ReadAction","target":["https:\/\/kidsplay.lt\/produktas\/big-interaktyvus-vairo-zaislas-su-8-garsais\/"]}]},{"@type":"ImageObject","inLanguage":"lv-LV","@id":"https:\/\/kidsplay.lt\/produktas\/big-interaktyvus-vairo-zaislas-su-8-garsais\/#primaryimage","url":"https:\/\/kidsplay.lt\/wp-content\/uploads\/2026\/03\/BIG-Interaktyvus-vairo-zaislas-su-8-garsais.jpg","contentUrl":"https:\/\/kidsplay.lt\/wp-content\/uploads\/2026\/03\/BIG-Interaktyvus-vairo-zaislas-su-8-garsais.jpg","width":1000,"height":1000,"caption":"BIG Interaktyvus vairo \u017eaislas su 8 garsais"},{"@type":"BreadcrumbList","@id":"https:\/\/kidsplay.lt\/produktas\/big-interaktyvus-vairo-zaislas-su-8-garsais\/#breadcrumb","itemListElement":[{"@type":"ListItem","position":1,"name":"Pagrindinis","item":"https:\/\/kidsplay.lt\/"},{"@type":"ListItem","position":2,"name":"Parduotuv\u0117","item":"https:\/\/kidsplay.lt\/parduotuve\/"},{"@type":"ListItem","position":3,"name":"BIG Interaktyvus vairo \u017eaislas su 8 garsais"}]},{"@type":"WebSite","@id":"https:\/\/kidsplay.lt\/#website","url":"https:\/\/kidsplay.lt\/","name":"B\u0113rnu sp\u0113les.lv","description":"\u012evairios prek\u0117s vaikams","publisher":{"@id":"https:\/\/kidsplay.lt\/#organization"},"alternateName":"Kidsplay","potentialAction":[{"@type":"SearchAction","target":{"@type":"EntryPoint","urlTemplate":"https:\/\/kidsplay.lt\/?s={search_term_string}"},"query-input":{"@type":"PropertyValueSpecification","valueRequired":true,"valueName":"search_term_string"}}],"inLanguage":"lv-LV"},{"@type":"Organization","@id":"https:\/\/kidsplay.lt\/#organization","name":"B\u0113rnu sp\u0113le","url":"https:\/\/kidsplay.lt\/","logo":{"@type":"ImageObject","inLanguage":"lv-LV","@id":"https:\/\/kidsplay.lt\/#\/schema\/logo\/image\/","url":"https:\/\/kidsplay.lt\/wp-content\/uploads\/2023\/07\/kidsplay-logo.png","contentUrl":"https:\/\/kidsplay.lt\/wp-content\/uploads\/2023\/07\/kidsplay-logo.png","width":451,"height":98,"caption":"KidsPlay"},"image":{"@id":"https:\/\/kidsplay.lt\/#\/schema\/logo\/image\/"},"sameAs":["https:\/\/www.facebook.com\/www.kidsplay.lt"]}]}},"_links":{"self":[{"href":"https:\/\/kidsplay.lt\/lv\/wp-json\/wp\/v2\/product\/96378","targetHints":{"allow":["GET"]}}],"collection":[{"href":"https:\/\/kidsplay.lt\/lv\/wp-json\/wp\/v2\/product"}],"about":[{"href":"https:\/\/kidsplay.lt\/lv\/wp-json\/wp\/v2\/types\/product"}],"version-history":[{"count":1,"href":"https:\/\/kidsplay.lt\/lv\/wp-json\/wp\/v2\/product\/96378\/revisions"}],"predecessor-version":[{"id":96379,"href":"https:\/\/kidsplay.lt\/lv\/wp-json\/wp\/v2\/product\/96378\/revisions\/96379"}],"wp:featuredmedia":[{"embeddable":true,"href":"https:\/\/kidsplay.lt\/lv\/wp-json\/wp\/v2\/media\/96380"}],"wp:attachment":[{"href":"https:\/\/kidsplay.lt\/lv\/wp-json\/wp\/v2\/media?parent=96378"}],"wp:term":[{"taxonomy":"product_brand","embeddable":true,"href":"https:\/\/kidsplay.lt\/lv\/wp-json\/wp\/v2\/product_brand?post=96378"},{"taxonomy":"product_cat","embeddable":true,"href":"https:\/\/kidsplay.lt\/lv\/wp-json\/wp\/v2\/product_cat?post=96378"},{"taxonomy":"product_tag","embeddable":true,"href":"https:\/\/kidsplay.lt\/lv\/wp-json\/wp\/v2\/product_tag?post=96378"}],"curies":[{"name":"wp","href":"https:\/\/api.w.org\/{rel}","templated":true}]}}