{"id":96385,"date":"2026-03-26T11:29:20","date_gmt":"2026-03-26T09:29:20","guid":{"rendered":"https:\/\/kidsplay.lt\/produktas\/woopie-magnetiniu-kaladeliu-parkavimas-rinkinys-112-vnt-75-cm\/"},"modified":"2026-04-07T09:31:26","modified_gmt":"2026-04-07T06:31:26","slug":"woopie-magnetiniu-kaladeliu-parkavimas-rinkinys-112-vnt-75-cm","status":"publish","type":"product","link":"https:\/\/kidsplay.lt\/lv\/products\/woopie-magnetiniu-kaladeliu-parkavimas-rinkinys-112-vnt-75-cm\/","title":{"rendered":"WOOPIE magn\u0113tisko kluc\u012b\u0161u komplekts &quot;Autost\u0101vvieta&quot;, 112 gab., 7,5 cm"},"content":{"rendered":"<p>Woopie magnetini\u0173 kalad\u0117li\u0173 rinkinys \u2013 unikalus \u017eaislas. D\u0117l stipri\u0173 neodimini\u0173 magnet\u0173, spalving\u0173 plyteli\u0173 ir 20 mini automobili\u0173 vaikai gali eksperimentuoti kuriant \u012fsp\u016bdingus daugiaauk\u0161\u010dius automobili\u0173 stov\u0117jimo aik\u0161teli\u0173, gara\u017e\u0173 ir nusileidimo ramp\u0173 modelius, tuo pa\u010diu lavindami rank\u0173 miklum\u0105 ir erdvin\u0119 vaizduot\u0119. Paprastas dizainas ir gausios galimyb\u0117s daro \u017eaidim\u0105 patog\u0173 ir \u012ftraukian\u010di\u0105.<br \/>\nRaksturojums:<\/p>\n<p>skirtas vaikams nuo 3 met\u0173<\/p>\n<p>pagaminta i\u0161 auk\u0161tos kokyb\u0117s med\u017eiag\u0173<\/p>\n<p>magnetin\u0117s jungtys u\u017etikrina stabil\u0173 ir lengv\u0105 konstravim\u0105<\/p>\n<p>suderinama su kitais magnetiniais rinkiniais, leid\u017eia pl\u0117sti kolekcij\u0105<\/p>\n<p>Komplekte:<\/p>\n<p>92 spalvotos magnetin\u0117s kalad\u0117l\u0117s<\/p>\n<p>20 metalini\u0173 automobili\u0173<\/p>\n<p>d\u0117\u017e\u0117 \u017eaidimo elementams laikyti<\/p>","protected":false},"excerpt":{"rendered":"<p>Woopie magnetini\u0173 kalad\u0117li\u0173 rinkinys \u2013 unikalus \u017eaislas. D\u0117l stipri\u0173 neodimini\u0173 magnet\u0173, spalving\u0173 plyteli\u0173 ir 20 mini automobili\u0173 vaikai gali eksperimentuoti<\/p>","protected":false},"featured_media":96387,"template":"","meta":{"_acf_changed":false,"_glsr_average":0,"_glsr_ranking":0,"_glsr_reviews":0},"product_brand":[],"product_cat":[446,229],"product_tag":[],"class_list":{"0":"post-96385","1":"product","2":"type-product","3":"status-publish","4":"has-post-thumbnail","6":"product_cat-konstruktoriai","7":"product_cat-zaislai-vaikams","8":"\"style=\"background-color: #2ecc711c;\"","10":"first","11":"instock","12":"purchasable","13":"product-type-simple"},"acf":[],"yoast_head":"<!-- This site is optimized with the Yoast SEO plugin v27.3 - https:\/\/yoast.com\/product\/yoast-seo-wordpress\/ -->\n<title>WOOPIE Magnetini\u0173 kalad\u0117li\u0173 \u201eParkavimas\u201c rinkinys, 112 vnt., 7,5 cm<\/title>\n<meta name=\"description\" content=\"WOOPIE Magnetini\u0173 kalad\u0117li\u0173 \u201eParkavimas\u201c rinkinys, 112 vnt., 7,5 cm - KidsPlay. Did\u017eiausias vaik\u0173 \u017eaisl\u0173 pasirinkimas.\" \/>\n<meta name=\"robots\" content=\"index, follow, max-snippet:-1, max-image-preview:large, max-video-preview:-1\" \/>\n<link rel=\"canonical\" href=\"https:\/\/kidsplay.lt\/lv\/products\/woopie-magnetiniu-kaladeliu-parkavimas-rinkinys-112-vnt-75-cm\/\" \/>\n<meta property=\"og:locale\" content=\"lv_LV\" \/>\n<meta property=\"og:type\" content=\"article\" \/>\n<meta property=\"og:title\" content=\"WOOPIE Magnetini\u0173 kalad\u0117li\u0173 \u201eParkavimas\u201c rinkinys, 112 vnt., 7,5 cm\" \/>\n<meta property=\"og:description\" content=\"WOOPIE Magnetini\u0173 kalad\u0117li\u0173 \u201eParkavimas\u201c rinkinys, 112 vnt., 7,5 cm - KidsPlay. Did\u017eiausias vaik\u0173 \u017eaisl\u0173 pasirinkimas.\" \/>\n<meta property=\"og:url\" content=\"https:\/\/kidsplay.lt\/lv\/products\/woopie-magnetiniu-kaladeliu-parkavimas-rinkinys-112-vnt-75-cm\/\" \/>\n<meta property=\"og:site_name\" content=\"KidsPlay\" \/>\n<meta property=\"article:publisher\" content=\"https:\/\/www.facebook.com\/www.kidsplay.lt\" \/>\n<meta property=\"article:modified_time\" content=\"2026-04-07T06:31:26+00:00\" \/>\n<meta property=\"og:image\" content=\"https:\/\/kidsplay.lt\/wp-content\/uploads\/2026\/03\/WOOPIE-Magnetiniu-kaladeliu-\u201eParkavimas-rinkinys-112-vnt.-75-cm.jpg\" \/>\n\t<meta property=\"og:image:width\" content=\"1000\" \/>\n\t<meta property=\"og:image:height\" content=\"1000\" \/>\n\t<meta property=\"og:image:type\" content=\"image\/jpeg\" \/>\n<meta name=\"twitter:card\" content=\"summary_large_image\" \/>\n<meta name=\"twitter:label1\" content=\"Est. reading time\" \/>\n\t<meta name=\"twitter:data1\" content=\"1 min\u016bte\" \/>\n<script type=\"application\/ld+json\" class=\"yoast-schema-graph\">{\"@context\":\"https:\\\/\\\/schema.org\",\"@graph\":[{\"@type\":\"WebPage\",\"@id\":\"https:\\\/\\\/kidsplay.lt\\\/produktas\\\/woopie-magnetiniu-kaladeliu-parkavimas-rinkinys-112-vnt-75-cm\\\/\",\"url\":\"https:\\\/\\\/kidsplay.lt\\\/produktas\\\/woopie-magnetiniu-kaladeliu-parkavimas-rinkinys-112-vnt-75-cm\\\/\",\"name\":\"WOOPIE Magnetini\u0173 kalad\u0117li\u0173 \u201eParkavimas\u201c rinkinys, 112 vnt., 7,5 cm\",\"isPartOf\":{\"@id\":\"https:\\\/\\\/kidsplay.lt\\\/#website\"},\"primaryImageOfPage\":{\"@id\":\"https:\\\/\\\/kidsplay.lt\\\/produktas\\\/woopie-magnetiniu-kaladeliu-parkavimas-rinkinys-112-vnt-75-cm\\\/#primaryimage\"},\"image\":{\"@id\":\"https:\\\/\\\/kidsplay.lt\\\/produktas\\\/woopie-magnetiniu-kaladeliu-parkavimas-rinkinys-112-vnt-75-cm\\\/#primaryimage\"},\"thumbnailUrl\":\"https:\\\/\\\/kidsplay.lt\\\/wp-content\\\/uploads\\\/2026\\\/03\\\/WOOPIE-Magnetiniu-kaladeliu-\u201eParkavimas-rinkinys-112-vnt.-75-cm.jpg\",\"datePublished\":\"2026-03-26T09:29:20+00:00\",\"dateModified\":\"2026-04-07T06:31:26+00:00\",\"description\":\"WOOPIE Magnetini\u0173 kalad\u0117li\u0173 \u201eParkavimas\u201c rinkinys, 112 vnt., 7,5 cm - KidsPlay. Did\u017eiausias vaik\u0173 \u017eaisl\u0173 pasirinkimas.\",\"breadcrumb\":{\"@id\":\"https:\\\/\\\/kidsplay.lt\\\/produktas\\\/woopie-magnetiniu-kaladeliu-parkavimas-rinkinys-112-vnt-75-cm\\\/#breadcrumb\"},\"inLanguage\":\"lv-LV\",\"potentialAction\":[{\"@type\":\"ReadAction\",\"target\":[\"https:\\\/\\\/kidsplay.lt\\\/produktas\\\/woopie-magnetiniu-kaladeliu-parkavimas-rinkinys-112-vnt-75-cm\\\/\"]}]},{\"@type\":\"ImageObject\",\"inLanguage\":\"lv-LV\",\"@id\":\"https:\\\/\\\/kidsplay.lt\\\/produktas\\\/woopie-magnetiniu-kaladeliu-parkavimas-rinkinys-112-vnt-75-cm\\\/#primaryimage\",\"url\":\"https:\\\/\\\/kidsplay.lt\\\/wp-content\\\/uploads\\\/2026\\\/03\\\/WOOPIE-Magnetiniu-kaladeliu-\u201eParkavimas-rinkinys-112-vnt.-75-cm.jpg\",\"contentUrl\":\"https:\\\/\\\/kidsplay.lt\\\/wp-content\\\/uploads\\\/2026\\\/03\\\/WOOPIE-Magnetiniu-kaladeliu-\u201eParkavimas-rinkinys-112-vnt.-75-cm.jpg\",\"width\":1000,\"height\":1000,\"caption\":\"WOOPIE Magnetini\u0173 kalad\u0117li\u0173 \u201eParkavimas\u201c rinkinys\"},{\"@type\":\"BreadcrumbList\",\"@id\":\"https:\\\/\\\/kidsplay.lt\\\/produktas\\\/woopie-magnetiniu-kaladeliu-parkavimas-rinkinys-112-vnt-75-cm\\\/#breadcrumb\",\"itemListElement\":[{\"@type\":\"ListItem\",\"position\":1,\"name\":\"Pagrindinis\",\"item\":\"https:\\\/\\\/kidsplay.lt\\\/\"},{\"@type\":\"ListItem\",\"position\":2,\"name\":\"Parduotuv\u0117\",\"item\":\"https:\\\/\\\/kidsplay.lt\\\/parduotuve\\\/\"},{\"@type\":\"ListItem\",\"position\":3,\"name\":\"WOOPIE Magnetini\u0173 kalad\u0117li\u0173 \u201eParkavimas\u201c rinkinys, 112 vnt., 7,5 cm\"}]},{\"@type\":\"WebSite\",\"@id\":\"https:\\\/\\\/kidsplay.lt\\\/#website\",\"url\":\"https:\\\/\\\/kidsplay.lt\\\/\",\"name\":\"Kidsplay.lt\",\"description\":\"\u012evairios prek\u0117s vaikams\",\"publisher\":{\"@id\":\"https:\\\/\\\/kidsplay.lt\\\/#organization\"},\"alternateName\":\"Kidsplay\",\"potentialAction\":[{\"@type\":\"SearchAction\",\"target\":{\"@type\":\"EntryPoint\",\"urlTemplate\":\"https:\\\/\\\/kidsplay.lt\\\/?s={search_term_string}\"},\"query-input\":{\"@type\":\"PropertyValueSpecification\",\"valueRequired\":true,\"valueName\":\"search_term_string\"}}],\"inLanguage\":\"lv-LV\"},{\"@type\":\"Organization\",\"@id\":\"https:\\\/\\\/kidsplay.lt\\\/#organization\",\"name\":\"KidsPlay\",\"url\":\"https:\\\/\\\/kidsplay.lt\\\/\",\"logo\":{\"@type\":\"ImageObject\",\"inLanguage\":\"lv-LV\",\"@id\":\"https:\\\/\\\/kidsplay.lt\\\/#\\\/schema\\\/logo\\\/image\\\/\",\"url\":\"https:\\\/\\\/kidsplay.lt\\\/wp-content\\\/uploads\\\/2023\\\/07\\\/kidsplay-logo.png\",\"contentUrl\":\"https:\\\/\\\/kidsplay.lt\\\/wp-content\\\/uploads\\\/2023\\\/07\\\/kidsplay-logo.png\",\"width\":451,\"height\":98,\"caption\":\"KidsPlay\"},\"image\":{\"@id\":\"https:\\\/\\\/kidsplay.lt\\\/#\\\/schema\\\/logo\\\/image\\\/\"},\"sameAs\":[\"https:\\\/\\\/www.facebook.com\\\/www.kidsplay.lt\"]}]}<\/script>\n<!-- \/ Yoast SEO plugin. -->","yoast_head_json":{"title":"WOOPIE magn\u0113tisko kluc\u012b\u0161u komplekts &quot;Autost\u0101vvieta&quot;, 112 gab., 7,5 cm","description":"WOOPIE Magnetini\u0173 kalad\u0117li\u0173 \u201eParkavimas\u201c rinkinys, 112 vnt., 7,5 cm - KidsPlay. Did\u017eiausias vaik\u0173 \u017eaisl\u0173 pasirinkimas.","robots":{"index":"index","follow":"follow","max-snippet":"max-snippet:-1","max-image-preview":"max-image-preview:large","max-video-preview":"max-video-preview:-1"},"canonical":"https:\/\/kidsplay.lt\/lv\/products\/woopie-magnetiniu-kaladeliu-parkavimas-rinkinys-112-vnt-75-cm\/","og_locale":"lv_LV","og_type":"article","og_title":"WOOPIE Magnetini\u0173 kalad\u0117li\u0173 \u201eParkavimas\u201c rinkinys, 112 vnt., 7,5 cm","og_description":"WOOPIE Magnetini\u0173 kalad\u0117li\u0173 \u201eParkavimas\u201c rinkinys, 112 vnt., 7,5 cm - KidsPlay. Did\u017eiausias vaik\u0173 \u017eaisl\u0173 pasirinkimas.","og_url":"https:\/\/kidsplay.lt\/lv\/products\/woopie-magnetiniu-kaladeliu-parkavimas-rinkinys-112-vnt-75-cm\/","og_site_name":"KidsPlay","article_publisher":"https:\/\/www.facebook.com\/www.kidsplay.lt","article_modified_time":"2026-04-07T06:31:26+00:00","og_image":[{"width":1000,"height":1000,"url":"https:\/\/kidsplay.lt\/wp-content\/uploads\/2026\/03\/WOOPIE-Magnetiniu-kaladeliu-\u201eParkavimas-rinkinys-112-vnt.-75-cm.jpg","type":"image\/jpeg"}],"twitter_card":"summary_large_image","twitter_misc":{"Est. reading time":"1 min\u016bte"},"schema":{"@context":"https:\/\/schema.org","@graph":[{"@type":"WebPage","@id":"https:\/\/kidsplay.lt\/produktas\/woopie-magnetiniu-kaladeliu-parkavimas-rinkinys-112-vnt-75-cm\/","url":"https:\/\/kidsplay.lt\/produktas\/woopie-magnetiniu-kaladeliu-parkavimas-rinkinys-112-vnt-75-cm\/","name":"WOOPIE magn\u0113tisko kluc\u012b\u0161u komplekts &quot;Autost\u0101vvieta&quot;, 112 gab., 7,5 cm","isPartOf":{"@id":"https:\/\/kidsplay.lt\/#website"},"primaryImageOfPage":{"@id":"https:\/\/kidsplay.lt\/produktas\/woopie-magnetiniu-kaladeliu-parkavimas-rinkinys-112-vnt-75-cm\/#primaryimage"},"image":{"@id":"https:\/\/kidsplay.lt\/produktas\/woopie-magnetiniu-kaladeliu-parkavimas-rinkinys-112-vnt-75-cm\/#primaryimage"},"thumbnailUrl":"https:\/\/kidsplay.lt\/wp-content\/uploads\/2026\/03\/WOOPIE-Magnetiniu-kaladeliu-\u201eParkavimas-rinkinys-112-vnt.-75-cm.jpg","datePublished":"2026-03-26T09:29:20+00:00","dateModified":"2026-04-07T06:31:26+00:00","description":"WOOPIE Magnetini\u0173 kalad\u0117li\u0173 \u201eParkavimas\u201c rinkinys, 112 vnt., 7,5 cm - KidsPlay. Did\u017eiausias vaik\u0173 \u017eaisl\u0173 pasirinkimas.","breadcrumb":{"@id":"https:\/\/kidsplay.lt\/produktas\/woopie-magnetiniu-kaladeliu-parkavimas-rinkinys-112-vnt-75-cm\/#breadcrumb"},"inLanguage":"lv-LV","potentialAction":[{"@type":"ReadAction","target":["https:\/\/kidsplay.lt\/produktas\/woopie-magnetiniu-kaladeliu-parkavimas-rinkinys-112-vnt-75-cm\/"]}]},{"@type":"ImageObject","inLanguage":"lv-LV","@id":"https:\/\/kidsplay.lt\/produktas\/woopie-magnetiniu-kaladeliu-parkavimas-rinkinys-112-vnt-75-cm\/#primaryimage","url":"https:\/\/kidsplay.lt\/wp-content\/uploads\/2026\/03\/WOOPIE-Magnetiniu-kaladeliu-\u201eParkavimas-rinkinys-112-vnt.-75-cm.jpg","contentUrl":"https:\/\/kidsplay.lt\/wp-content\/uploads\/2026\/03\/WOOPIE-Magnetiniu-kaladeliu-\u201eParkavimas-rinkinys-112-vnt.-75-cm.jpg","width":1000,"height":1000,"caption":"WOOPIE Magnetini\u0173 kalad\u0117li\u0173 \u201eParkavimas\u201c rinkinys"},{"@type":"BreadcrumbList","@id":"https:\/\/kidsplay.lt\/produktas\/woopie-magnetiniu-kaladeliu-parkavimas-rinkinys-112-vnt-75-cm\/#breadcrumb","itemListElement":[{"@type":"ListItem","position":1,"name":"Pagrindinis","item":"https:\/\/kidsplay.lt\/"},{"@type":"ListItem","position":2,"name":"Parduotuv\u0117","item":"https:\/\/kidsplay.lt\/parduotuve\/"},{"@type":"ListItem","position":3,"name":"WOOPIE Magnetini\u0173 kalad\u0117li\u0173 \u201eParkavimas\u201c rinkinys, 112 vnt., 7,5 cm"}]},{"@type":"WebSite","@id":"https:\/\/kidsplay.lt\/#website","url":"https:\/\/kidsplay.lt\/","name":"B\u0113rnu sp\u0113les.lv","description":"\u012evairios prek\u0117s vaikams","publisher":{"@id":"https:\/\/kidsplay.lt\/#organization"},"alternateName":"Kidsplay","potentialAction":[{"@type":"SearchAction","target":{"@type":"EntryPoint","urlTemplate":"https:\/\/kidsplay.lt\/?s={search_term_string}"},"query-input":{"@type":"PropertyValueSpecification","valueRequired":true,"valueName":"search_term_string"}}],"inLanguage":"lv-LV"},{"@type":"Organization","@id":"https:\/\/kidsplay.lt\/#organization","name":"B\u0113rnu sp\u0113le","url":"https:\/\/kidsplay.lt\/","logo":{"@type":"ImageObject","inLanguage":"lv-LV","@id":"https:\/\/kidsplay.lt\/#\/schema\/logo\/image\/","url":"https:\/\/kidsplay.lt\/wp-content\/uploads\/2023\/07\/kidsplay-logo.png","contentUrl":"https:\/\/kidsplay.lt\/wp-content\/uploads\/2023\/07\/kidsplay-logo.png","width":451,"height":98,"caption":"KidsPlay"},"image":{"@id":"https:\/\/kidsplay.lt\/#\/schema\/logo\/image\/"},"sameAs":["https:\/\/www.facebook.com\/www.kidsplay.lt"]}]}},"_links":{"self":[{"href":"https:\/\/kidsplay.lt\/lv\/wp-json\/wp\/v2\/product\/96385","targetHints":{"allow":["GET"]}}],"collection":[{"href":"https:\/\/kidsplay.lt\/lv\/wp-json\/wp\/v2\/product"}],"about":[{"href":"https:\/\/kidsplay.lt\/lv\/wp-json\/wp\/v2\/types\/product"}],"version-history":[{"count":1,"href":"https:\/\/kidsplay.lt\/lv\/wp-json\/wp\/v2\/product\/96385\/revisions"}],"predecessor-version":[{"id":96386,"href":"https:\/\/kidsplay.lt\/lv\/wp-json\/wp\/v2\/product\/96385\/revisions\/96386"}],"wp:featuredmedia":[{"embeddable":true,"href":"https:\/\/kidsplay.lt\/lv\/wp-json\/wp\/v2\/media\/96387"}],"wp:attachment":[{"href":"https:\/\/kidsplay.lt\/lv\/wp-json\/wp\/v2\/media?parent=96385"}],"wp:term":[{"taxonomy":"product_brand","embeddable":true,"href":"https:\/\/kidsplay.lt\/lv\/wp-json\/wp\/v2\/product_brand?post=96385"},{"taxonomy":"product_cat","embeddable":true,"href":"https:\/\/kidsplay.lt\/lv\/wp-json\/wp\/v2\/product_cat?post=96385"},{"taxonomy":"product_tag","embeddable":true,"href":"https:\/\/kidsplay.lt\/lv\/wp-json\/wp\/v2\/product_tag?post=96385"}],"curies":[{"name":"wp","href":"https:\/\/api.w.org\/{rel}","templated":true}]}}